{"id":117,"date":"2024-05-03T12:02:42","date_gmt":"2024-05-03T15:02:42","guid":{"rendered":"https:\/\/rosstylepro.com\/?page_id=117"},"modified":"2025-01-17T16:25:35","modified_gmt":"2025-01-17T16:25:35","slug":"condiciones-de-uso","status":"publish","type":"page","link":"https:\/\/rosstylepro.com\/ar\/condiciones-de-uso\/","title":{"rendered":"\u0634\u0631\u0648\u0637 \u0627\u0644\u0627\u0633\u062a\u062e\u062f\u0627\u0645"},"content":{"rendered":"<h2 class=\"wp-block-heading\">1. \u0627\u0644\u0634\u0631\u0648\u0637 \u0627\u0644\u0639\u0627\u0645\u0629<\/h2>\n\n\n\n<p>\u0645\u0646 \u062e\u0644\u0627\u0644 \u0627\u0644\u062f\u062e\u0648\u0644 \u0625\u0644\u0649 \u0645\u0648\u0642\u0639 \u0627\u0644\u0648\u064a\u0628 \u0627\u0644\u062e\u0627\u0635 \u0628\u0640 <a href=\"https:\/\/rosstylepro.com\/ar\/\">\u0631\u0648\u0633 \u0633\u062a\u0627\u064a\u0644 \u0628\u0631\u0648<\/a> \u0623\u0646\u062a \u062a\u0648\u0627\u0641\u0642 \u0639\u0644\u0649 \u0627\u0644\u0627\u0644\u062a\u0632\u0627\u0645 \u0628\u0634\u0631\u0648\u0637 \u0627\u0644\u062e\u062f\u0645\u0629 \u0647\u0630\u0647 \u0648\u062c\u0645\u064a\u0639 \u0627\u0644\u0642\u0648\u0627\u0646\u064a\u0646 \u0648\u0627\u0644\u0644\u0648\u0627\u0626\u062d \u0627\u0644\u0645\u0639\u0645\u0648\u0644 \u0628\u0647\u0627\u060c \u0648\u062a\u0648\u0627\u0641\u0642 \u0639\u0644\u0649 \u0623\u0646\u0643 \u0645\u0633\u0624\u0648\u0644 \u0639\u0646 \u0627\u0644\u0627\u0645\u062a\u062b\u0627\u0644 \u0644\u0623\u064a \u0642\u0648\u0627\u0646\u064a\u0646 \u0645\u062d\u0644\u064a\u0629 \u0633\u0627\u0631\u064a\u0629. \u0625\u0630\u0627 \u0643\u0646\u062a \u0644\u0627 \u062a\u0648\u0627\u0641\u0642 \u0639\u0644\u0649 \u0623\u064a \u0645\u0646 \u0647\u0630\u0647 \u0627\u0644\u0634\u0631\u0648\u0637\u060c \u064a\u064f\u062d\u0638\u0631 \u0639\u0644\u064a\u0643 \u0627\u0633\u062a\u062e\u062f\u0627\u0645 \u0647\u0630\u0627 \u0627\u0644\u0645\u0648\u0642\u0639 \u0623\u0648 \u0627\u0644\u0648\u0635\u0648\u0644 \u0625\u0644\u064a\u0647. \u0627\u0644\u0645\u0648\u0627\u062f \u0627\u0644\u0645\u0648\u062c\u0648\u062f\u0629 \u0641\u064a \u0647\u0630\u0627 \u0627\u0644\u0645\u0648\u0642\u0639 \u0645\u062d\u0645\u064a\u0629 \u0628\u0645\u0648\u062c\u0628 \u0642\u0648\u0627\u0646\u064a\u0646 \u062d\u0642\u0648\u0642 \u0627\u0644\u0646\u0634\u0631 \u0648\u0627\u0644\u0639\u0644\u0627\u0645\u0627\u062a \u0627\u0644\u062a\u062c\u0627\u0631\u064a\u0629 \u0627\u0644\u0645\u0639\u0645\u0648\u0644 \u0628\u0647\u0627.<\/p>\n\n\n\n<h2 class=\"wp-block-heading\">2. \u062a\u0631\u062e\u064a\u0635 \u0627\u0644\u0627\u0633\u062a\u062e\u062f\u0627\u0645<\/h2>\n\n\n\n<p>\u064a\u064f\u0633\u0645\u062d \u0628\u062a\u0646\u0632\u064a\u0644 \u0646\u0633\u062e\u0629 \u0648\u0627\u062d\u062f\u0629 \u0645\u0646 \u0627\u0644\u0645\u0648\u0627\u062f (\u0627\u0644\u0645\u0639\u0644\u0648\u0645\u0627\u062a \u0623\u0648 \u0627\u0644\u0628\u0631\u0627\u0645\u062c) \u0627\u0644\u0645\u0648\u062c\u0648\u062f\u0629 \u0639\u0644\u0649 \u0645\u0648\u0642\u0639 \u0627\u0644\u0648\u064a\u0628 \u0645\u0624\u0642\u062a\u064b\u0627\u00a0<a href=\"https:\/\/curioiogo.com\/\"><\/a><a href=\"https:\/\/rosstylepro.com\/ar\/\">\u0631\u0648\u0633 \u0633\u062a\u0627\u064a\u0644 \u0628\u0631\u0648<\/a> \u0644\u0644\u0627\u0633\u062a\u062e\u062f\u0627\u0645 \u0627\u0644\u0634\u062e\u0635\u064a \u063a\u064a\u0631 \u0627\u0644\u062a\u062c\u0627\u0631\u064a \u0648\u0627\u0644\u0645\u0624\u0642\u062a \u0641\u0642\u0637. \u0647\u0630\u0627 \u0647\u0648 \u0645\u0646\u062d \u0627\u0644\u062a\u0631\u062e\u064a\u0635\u060c \u0648\u0644\u064a\u0633 \u0646\u0642\u0644 \u0627\u0644\u0645\u0644\u0643\u064a\u0629\u060c \u0648\u0628\u0645\u0648\u062c\u0628 \u0647\u0630\u0627 \u0627\u0644\u062a\u0631\u062e\u064a\u0635 \u0644\u0627 \u064a\u062c\u0648\u0632 \u0644\u0643<\/p>\n\n\n\n<ol class=\"wp-block-list\">\n<li>\u062a\u0639\u062f\u064a\u0644 \u0627\u0644\u0645\u0648\u0627\u062f \u0623\u0648 \u0646\u0633\u062e\u0647\u0627\u061b<\/li>\n\n\n\n<li>\u0627\u0633\u062a\u062e\u062f\u0627\u0645 \u0627\u0644\u0645\u0648\u0627\u062f \u0644\u0623\u063a\u0631\u0627\u0636 \u062a\u062c\u0627\u0631\u064a\u0629 \u0623\u0648 \u0644\u0644\u0639\u0631\u0636 \u0627\u0644\u0639\u0627\u0645 (\u062a\u062c\u0627\u0631\u064a \u0623\u0648 \u063a\u064a\u0631 \u062a\u062c\u0627\u0631\u064a)\u061b<\/li>\n\n\n\n<li>\u0645\u062d\u0627\u0648\u0644\u0629 \u0641\u0643 \u0623\u0648 \u0639\u0643\u0633 \u0647\u0646\u062f\u0633\u0629 \u0623\u064a \u0628\u0631\u0646\u0627\u0645\u062c \u0645\u0648\u062c\u0648\u062f \u0639\u0644\u0649 \u0627\u0644\u0645\u0648\u0642\u0639\u00a0<a href=\"https:\/\/rosstylepro.com\/ar\/\">\u0631\u0648\u0633 \u0633\u062a\u0627\u064a\u0644 \u0628\u0631\u0648<\/a>;<\/li>\n\n\n\n<li>\u0625\u0632\u0627\u0644\u0629 \u0623\u064a \u062d\u0642\u0648\u0642 \u0646\u0634\u0631 \u0623\u0648 \u0623\u064a \u0625\u0634\u0639\u0627\u0631\u0627\u062a \u0645\u0644\u0643\u064a\u0629 \u0623\u062e\u0631\u0649 \u0645\u0646 \u0627\u0644\u0645\u0648\u0627\u062f\u061b \u0623\u064a\u0636\u0627\u064b<\/li>\n\n\n\n<li>\u0646\u0642\u0644 \u0627\u0644\u0645\u0648\u0627\u062f \u0625\u0644\u0649 \u0634\u062e\u0635 \u0622\u062e\u0631 \u0623\u0648 &quot;\u0646\u0633\u062e\u0647\u0627&quot; \u0639\u0644\u0649 \u0623\u064a \u062e\u0627\u062f\u0645 \u0622\u062e\u0631.<\/li>\n<\/ol>\n\n\n\n<p>\u0633\u064a\u062a\u0645 \u0625\u0646\u0647\u0627\u0621 \u0647\u0630\u0627 \u0627\u0644\u062a\u0631\u062e\u064a\u0635 \u062a\u0644\u0642\u0627\u0626\u064a\u064b\u0627 \u0625\u0630\u0627 \u0627\u0646\u062a\u0647\u0643\u062a \u0623\u064a\u064b\u0627 \u0645\u0646 \u0647\u0630\u0647 \u0627\u0644\u0642\u064a\u0648\u062f\u060c \u0648\u0642\u062f \u064a\u062a\u0645 \u0625\u0646\u0647\u0627\u0624\u0647 \u0628\u0648\u0627\u0633\u0637\u0629\u00a0<a href=\"https:\/\/curioiogo.com\/\"><\/a><a href=\"https:\/\/rosstylepro.com\/ar\/\">\u0631\u0648\u0633 \u0633\u062a\u0627\u064a\u0644 \u0628\u0631\u0648<\/a> \u062d\u064a\u0646\u0645\u0627. \u0639\u0646\u062f \u062a\u0648\u0642\u0641\u0643 \u0639\u0646 \u0639\u0631\u0636 \u0647\u0630\u0647 \u0627\u0644\u0645\u0648\u0627\u062f \u0623\u0648 \u0639\u0646\u062f \u0627\u0646\u062a\u0647\u0627\u0621 \u0647\u0630\u0627 \u0627\u0644\u062a\u0631\u062e\u064a\u0635\u060c \u064a\u062c\u0628 \u0639\u0644\u064a\u0643 \u062d\u0630\u0641 \u062c\u0645\u064a\u0639 \u0627\u0644\u0645\u0648\u0627\u062f \u0627\u0644\u062a\u064a \u0642\u0645\u062a \u0628\u062a\u0646\u0632\u064a\u0644\u0647\u0627 \u0628\u062d\u0648\u0632\u062a\u0643\u060c \u0633\u0648\u0627\u0621 \u0628\u062a\u0646\u0633\u064a\u0642 \u0625\u0644\u0643\u062a\u0631\u0648\u0646\u064a \u0623\u0648 \u0645\u0637\u0628\u0648\u0639.<\/p>\n\n\n\n<h2 class=\"wp-block-heading\">3. \u0625\u062e\u0644\u0627\u0621 \u0627\u0644\u0645\u0633\u0624\u0648\u0644\u064a\u0629<\/h2>\n\n\n\n<p>\u0627\u0644\u0645\u0648\u0627\u062f \u0627\u0644\u0645\u0648\u062c\u0648\u062f\u0629 \u0639\u0644\u0649 \u0645\u0648\u0642\u0639 \u0627\u0644\u0648\u064a\u0628\u00a0<a href=\"https:\/\/curioiogo.com\/\"><\/a><a href=\"https:\/\/rosstylepro.com\/ar\/\">\u0631\u0648\u0633 \u0633\u062a\u0627\u064a\u0644 \u0628\u0631\u0648<\/a> \u064a\u062a\u0645 \u062a\u0648\u0641\u064a\u0631\u0647\u0627 &quot;\u0643\u0645\u0627 \u0647\u064a&quot;.\u00a0<a href=\"https:\/\/curioiogo.com\/\"><\/a>\u0644\u0627 \u062a\u0642\u062f\u0645 Rosstylepro \u0623\u064a \u0636\u0645\u0627\u0646\u0627\u062a\u060c \u0635\u0631\u064a\u062d\u0629 \u0623\u0648 \u0636\u0645\u0646\u064a\u0629\u060c \u0648\u0628\u0627\u0644\u062a\u0627\u0644\u064a \u062a\u062a\u0628\u0631\u0623 \u0648\u062a\u0646\u0641\u064a \u062c\u0645\u064a\u0639 \u0627\u0644\u0636\u0645\u0627\u0646\u0627\u062a \u0627\u0644\u0623\u062e\u0631\u0649\u060c \u0628\u0645\u0627 \u0641\u064a \u0630\u0644\u0643 \u0639\u0644\u0649 \u0633\u0628\u064a\u0644 \u0627\u0644\u0645\u062b\u0627\u0644 \u0644\u0627 \u0627\u0644\u062d\u0635\u0631\u060c \u0627\u0644\u0636\u0645\u0627\u0646\u0627\u062a \u0627\u0644\u0636\u0645\u0646\u064a\u0629 \u0623\u0648 \u0634\u0631\u0648\u0637 \u0642\u0627\u0628\u0644\u064a\u0629 \u0627\u0644\u062a\u0633\u0648\u064a\u0642\u060c \u0648\u0627\u0644\u0645\u0644\u0627\u0621\u0645\u0629 \u0644\u063a\u0631\u0636 \u0645\u0639\u064a\u0646\u060c \u0623\u0648 \u0639\u062f\u0645 \u0627\u0646\u062a\u0647\u0627\u0643 \u0627\u0644\u0645\u0644\u0643\u064a\u0629 \u0627\u0644\u0641\u0643\u0631\u064a\u0629 \u0623\u0648 \u0623\u064a \u0627\u0646\u062a\u0647\u0627\u0643 \u0622\u062e\u0631 \u0644\u0644\u062d\u0642\u0648\u0642.<\/p>\n\n\n\n<p>\u0628\u062c\u0627\u0646\u0628\u060c\u00a0<a href=\"https:\/\/rosstylepro.com\/ar\/\">\u0631\u0648\u0633 \u0633\u062a\u0627\u064a\u0644 \u0628\u0631\u0648<\/a> \u0644\u0627 \u062a\u0642\u062f\u0645 \u0634\u0631\u0643\u0629 \u064a\u0648\u0646\u064a\u0641\u0631\u0633\u0627\u0644 \u0643\u0648\u0631\u0628\u0648\u0631\u064a\u0634\u0646 \u0623\u064a \u0636\u0645\u0627\u0646\u0627\u062a \u0623\u0648 \u062a\u0639\u0647\u062f\u0627\u062a \u0641\u064a\u0645\u0627 \u064a\u062a\u0639\u0644\u0642 \u0628\u062f\u0642\u0629 \u0627\u0644\u0646\u062a\u0627\u0626\u062c \u0627\u0644\u0645\u062d\u062a\u0645\u0644\u0629 \u0623\u0648 \u0645\u0648\u062b\u0648\u0642\u064a\u0629 \u0627\u0633\u062a\u062e\u062f\u0627\u0645 \u0627\u0644\u0645\u0648\u0627\u062f \u0627\u0644\u0645\u0648\u062c\u0648\u062f\u0629 \u0639\u0644\u0649 \u0645\u0648\u0642\u0639\u0647\u0627 \u0639\u0644\u0649 \u0627\u0644\u0625\u0646\u062a\u0631\u0646\u062a \u0623\u0648 \u0627\u0644\u0645\u062a\u0639\u0644\u0642\u0629 \u0628\u0647\u0630\u0647 \u0627\u0644\u0645\u0648\u0627\u062f \u0623\u0648 \u0639\u0644\u0649 \u0623\u064a \u0645\u0648\u0627\u0642\u0639 \u0645\u0631\u062a\u0628\u0637\u0629 \u0628\u0647\u0630\u0627 \u0627\u0644\u0645\u0648\u0642\u0639.<\/p>\n\n\n\n<h2 class=\"wp-block-heading\">4. \u0627\u0644\u0642\u064a\u0648\u062f<\/h2>\n\n\n\n<p>\u0641\u064a \u0623\u064a \u062d\u0627\u0644 \u0645\u0646 \u0627\u0644\u0623\u062d\u0648\u0627\u0644\u00a0<a href=\"https:\/\/curioiogo.com\/\"><\/a><a href=\"https:\/\/rosstylepro.com\/ar\/\">\u0631\u0648\u0633 \u0633\u062a\u0627\u064a\u0644 \u0628\u0631\u0648<\/a> \u0623\u0648 \u064a\u0643\u0648\u0646 \u0645\u0648\u0631\u062f\u0648\u0647\u0627 \u0645\u0633\u0624\u0648\u0644\u064a\u0646 \u0639\u0646 \u0623\u064a \u0623\u0636\u0631\u0627\u0631 (\u0628\u0645\u0627 \u0641\u064a \u0630\u0644\u0643\u060c \u0639\u0644\u0649 \u0633\u0628\u064a\u0644 \u0627\u0644\u0645\u062b\u0627\u0644 \u0644\u0627 \u0627\u0644\u062d\u0635\u0631\u060c \u0627\u0644\u0623\u0636\u0631\u0627\u0631 \u0627\u0644\u0646\u0627\u062c\u0645\u0629 \u0639\u0646 \u0641\u0642\u062f\u0627\u0646 \u0627\u0644\u0628\u064a\u0627\u0646\u0627\u062a \u0623\u0648 \u0627\u0644\u0631\u0628\u062d\u060c \u0623\u0648 \u0628\u0633\u0628\u0628 \u0627\u0646\u0642\u0637\u0627\u0639 \u0627\u0644\u0623\u0639\u0645\u0627\u0644) \u0627\u0644\u0646\u0627\u0634\u0626\u0629 \u0639\u0646 \u0627\u0633\u062a\u062e\u062f\u0627\u0645 \u0627\u0644\u0645\u0648\u0627\u062f \u0627\u0644\u0645\u0648\u062c\u0648\u062f\u0629 \u0639\u0644\u0649\u00a0<a href=\"http:\/\/tekamaster.com\/\"><\/a><a href=\"https:\/\/curioiogo.com\/\"><\/a><a href=\"https:\/\/rosstylepre.com\/\"><\/a><a href=\"https:\/\/rosstylepro.com\/ar\/\"><\/a><a href=\"https:\/\/rosstylepro.com\/ar\/\">\u0631\u0648\u0633 \u0633\u062a\u0627\u064a\u0644 \u0628\u0631\u0648<\/a>\u062d\u062a\u0649 \u0644\u0648\u00a0<a href=\"https:\/\/rosstylepro.com\/ar\/\">\u0631\u0648\u0633 \u0633\u062a\u0627\u064a\u0644 \u0628\u0631\u0648<\/a> \u0623\u0648 \u0645\u0645\u062b\u0644 \u0645\u0641\u0648\u0636 \u0645\u0646\u00a0<a href=\"https:\/\/rosstylepro.com\/ar\/\">\u0631\u0648\u0633 \u0633\u062a\u0627\u064a\u0644 \u0628\u0631\u0648<\/a> \u062a\u0645 \u0625\u062e\u0637\u0627\u0631\u0647 \u0634\u0641\u0648\u064a\u0627 \u0623\u0648 \u0643\u062a\u0627\u0628\u064a\u0627 \u0628\u0625\u0645\u0643\u0627\u0646\u064a\u0629 \u062d\u062f\u0648\u062b \u0645\u062b\u0644 \u0647\u0630\u0647 \u0627\u0644\u0623\u0636\u0631\u0627\u0631. \u0646\u0638\u0631\u064b\u0627 \u0644\u0623\u0646 \u0628\u0639\u0636 \u0627\u0644\u0648\u0644\u0627\u064a\u0627\u062a \u0627\u0644\u0642\u0636\u0627\u0626\u064a\u0629 \u0644\u0627 \u062a\u0633\u0645\u062d \u0628\u0627\u0644\u0642\u064a\u0648\u062f \u0639\u0644\u0649 \u0627\u0644\u0636\u0645\u0627\u0646\u0627\u062a \u0627\u0644\u0636\u0645\u0646\u064a\u0629\u060c \u0623\u0648 \u0642\u064a\u0648\u062f \u0627\u0644\u0645\u0633\u0624\u0648\u0644\u064a\u0629 \u0639\u0646 \u0627\u0644\u0623\u0636\u0631\u0627\u0631 \u0627\u0644\u062a\u0628\u0639\u064a\u0629 \u0623\u0648 \u0627\u0644\u0639\u0631\u0636\u064a\u0629\u060c \u0641\u0642\u062f \u0644\u0627 \u062a\u0646\u0637\u0628\u0642 \u0647\u0630\u0647 \u0627\u0644\u0642\u064a\u0648\u062f \u0639\u0644\u064a\u0643.<\/p>\n\n\n\n<h2 class=\"wp-block-heading\">5. \u062f\u0642\u0629 \u0627\u0644\u0645\u0648\u0627\u062f<\/h2>\n\n\n\n<p>\u0627\u0644\u0645\u0648\u0627\u062f \u0627\u0644\u062a\u064a \u062a\u0638\u0647\u0631 \u0639\u0644\u0649 \u0645\u0648\u0642\u0639 \u0627\u0644\u0648\u064a\u0628 \u0627\u0644\u062e\u0627\u0635 \u0628\u0640\u00a0<a href=\"https:\/\/rosstylepro.com\/ar\/\">\u0631\u0648\u0633 \u0633\u062a\u0627\u064a\u0644 \u0628\u0631\u0648<\/a> \u0642\u062f \u062a\u062a\u0636\u0645\u0646 \u0623\u062e\u0637\u0627\u0621 \u062a\u0642\u0646\u064a\u0629 \u0623\u0648 \u0645\u0637\u0628\u0639\u064a\u0629 \u0623\u0648 \u062a\u0635\u0648\u064a\u0631\u064a\u0629.\u00a0<a href=\"https:\/\/rosstylepro.com\/ar\/\">\u0631\u0648\u0633 \u0633\u062a\u0627\u064a\u0644 \u0628\u0631\u0648<\/a> \u0644\u0627 \u064a\u0636\u0645\u0646 \u0623\u0646 \u062a\u0643\u0648\u0646 \u0623\u064a \u0645\u0646 \u0627\u0644\u0645\u0648\u0627\u062f \u0627\u0644\u0645\u0648\u062c\u0648\u062f\u0629 \u0639\u0644\u0649 \u0645\u0648\u0642\u0639\u0647 \u0627\u0644\u0625\u0644\u0643\u062a\u0631\u0648\u0646\u064a \u062f\u0642\u064a\u0642\u0629 \u0623\u0648 \u0643\u0627\u0645\u0644\u0629 \u0623\u0648 \u0645\u062d\u062f\u062b\u0629.\u00a0<a href=\"https:\/\/rosstylepro.com\/ar\/\">\u0631\u0648\u0633 \u0633\u062a\u0627\u064a\u0644 \u0628\u0631\u0648<\/a> \u064a\u062c\u0648\u0632 \u0644\u0644\u0634\u0631\u0643\u0629 \u0625\u062c\u0631\u0627\u0621 \u062a\u063a\u064a\u064a\u0631\u0627\u062a \u0639\u0644\u0649 \u0627\u0644\u0645\u0648\u0627\u062f \u0627\u0644\u0645\u0648\u062c\u0648\u062f\u0629 \u0639\u0644\u0649 \u0645\u0648\u0642\u0639\u0647\u0627 \u0627\u0644\u0625\u0644\u0643\u062a\u0631\u0648\u0646\u064a \u0641\u064a \u0623\u064a \u0648\u0642\u062a \u062f\u0648\u0646 \u0625\u0634\u0639\u0627\u0631. \u0644\u0643\u0646\u00a0<a href=\"https:\/\/rosstylepro.com\/ar\/\">\u0631\u0648\u0633 \u0633\u062a\u0627\u064a\u0644 \u0628\u0631\u0648<\/a> \u0644\u0627 \u064a\u0642\u062f\u0645 \u0623\u064a \u0627\u0644\u062a\u0632\u0627\u0645 \u0628\u062a\u062d\u062f\u064a\u062b \u0627\u0644\u0645\u0648\u0627\u062f.<\/p>\n\n\n\n<h2 class=\"wp-block-heading\">6. \u0627\u0644\u0631\u0648\u0627\u0628\u0637<\/h2>\n\n\n\n<p><a href=\"https:\/\/rosstylepro.com\/ar\/\">\u0631\u0648\u0633 \u0633\u062a\u0627\u064a\u0644 \u0628\u0631\u0648<\/a> \u0644\u0645 \u062a\u0642\u0645 \u0628\u0645\u0631\u0627\u062c\u0639\u0629 \u0643\u0627\u0641\u0629 \u0627\u0644\u0645\u0648\u0627\u0642\u0639 \u0627\u0644\u0645\u0631\u062a\u0628\u0637\u0629 \u0628\u0645\u0648\u0642\u0639\u0647\u0627 \u0627\u0644\u0625\u0644\u0643\u062a\u0631\u0648\u0646\u064a \u0648\u0644\u064a\u0633\u062a \u0645\u0633\u0624\u0648\u0644\u0629 \u0639\u0646 \u0645\u062d\u062a\u0648\u064a\u0627\u062a \u0623\u064a \u0645\u0646 \u0647\u0630\u0647 \u0627\u0644\u0645\u0648\u0627\u0642\u0639 \u0627\u0644\u0645\u0631\u062a\u0628\u0637\u0629. \u0625\u0646 \u0625\u062f\u0631\u0627\u062c \u0623\u064a \u0631\u0627\u0628\u0637 \u0644\u0627 \u064a\u0639\u0646\u064a \u0645\u0648\u0627\u0641\u0642\u0629 \u0627\u0644\u0645\u0648\u0642\u0639 \u0639\u0644\u064a\u0647\u00a0<a href=\"http:\/\/tekamaster.com\/\"><\/a><a href=\"https:\/\/curioiogo.com\/\"><\/a><a href=\"https:\/\/rosstylepre.com\/\"><\/a><a href=\"https:\/\/rosstylepro.com\/ar\/\"><\/a><a href=\"https:\/\/rosstylepro.com\/ar\/\">\u0631\u0648\u0633 \u0633\u062a\u0627\u064a\u0644 \u0628\u0631\u0648<\/a>. \u064a\u0639\u062a\u0628\u0631 \u0627\u0633\u062a\u062e\u062f\u0627\u0645 \u0623\u064a \u0645\u0648\u0642\u0639 \u0645\u0631\u062a\u0628\u0637 \u0639\u0644\u0649 \u0645\u0633\u0624\u0648\u0644\u064a\u0629 \u0627\u0644\u0645\u0633\u062a\u062e\u062f\u0645 \u0627\u0644\u062e\u0627\u0635\u0629.<\/p>\n\n\n\n<h3 class=\"wp-block-heading\">\u0627\u0644\u062a\u0639\u062f\u064a\u0644\u0627\u062a<\/h3>\n\n\n\n<p><a href=\"https:\/\/rosstylepro.com\/ar\/\">\u0631\u0648\u0633 \u0633\u062a\u0627\u064a\u0644 \u0628\u0631\u0648<\/a> \u064a\u062c\u0648\u0632 \u0644\u0634\u0631\u0643\u0629 WeChat \u0645\u0631\u0627\u062c\u0639\u0629 \u0634\u0631\u0648\u0637 \u0627\u0644\u062e\u062f\u0645\u0629 \u0627\u0644\u062e\u0627\u0635\u0629 \u0628\u0645\u0648\u0642\u0639\u0647\u0627 \u0627\u0644\u0625\u0644\u0643\u062a\u0631\u0648\u0646\u064a \u0641\u064a \u0623\u064a \u0648\u0642\u062a \u062f\u0648\u0646 \u0625\u0634\u0639\u0627\u0631 \u0645\u0633\u0628\u0642. \u0639\u0646\u062f \u0627\u0633\u062a\u062e\u062f\u0627\u0645 \u0647\u0630\u0627 \u0627\u0644\u0645\u0648\u0642\u0639\u060c \u0641\u0625\u0646\u0643 \u062a\u0648\u0627\u0641\u0642 \u0639\u0644\u0649 \u0627\u0644\u0627\u0644\u062a\u0632\u0627\u0645 \u0628\u0627\u0644\u0646\u0633\u062e\u0629 \u0627\u0644\u062d\u0627\u0644\u064a\u0629 \u0645\u0646 \u0634\u0631\u0648\u0637 \u0627\u0644\u062e\u062f\u0645\u0629 \u0647\u0630\u0647.<\/p>\n\n\n\n<h3 class=\"wp-block-heading\">\u0627\u0644\u062a\u0634\u0631\u064a\u0639\u0627\u062a \u0627\u0644\u0645\u0639\u0645\u0648\u0644 \u0628\u0647\u0627<\/h3>\n\n\n\n<p>\u062a\u062e\u0636\u0639 \u0647\u0630\u0647 \u0627\u0644\u0634\u0631\u0648\u0637 \u0648\u0627\u0644\u0623\u062d\u0643\u0627\u0645 \u0644\u0642\u0648\u0627\u0646\u064a\u0646 \u0627\u0644\u0645\u0645\u0644\u0643\u0629 \u0627\u0644\u0645\u062a\u062d\u062f\u0629 \u0648\u064a\u062a\u0645 \u062a\u0641\u0633\u064a\u0631\u0647\u0627 \u0648\u0641\u0642\u064b\u0627 \u0644\u0647\u0627.\u00a0<a href=\"https:\/\/rosstylepro.com\/ar\/\">\u0631\u0648\u0633 \u0633\u062a\u0627\u064a\u0644 \u0628\u0631\u0648<\/a> \u0648\u062a\u062e\u0636\u0639 \u0628\u0634\u0643\u0644 \u0644\u0627 \u0631\u062c\u0639\u0629 \u0641\u064a\u0647 \u0644\u0644\u0627\u062e\u062a\u0635\u0627\u0635 \u0627\u0644\u062d\u0635\u0631\u064a \u0644\u0645\u062d\u0627\u0643\u0645 \u062a\u0644\u0643 \u0627\u0644\u0648\u0644\u0627\u064a\u0629 \u0623\u0648 \u0627\u0644\u0645\u0646\u0637\u0642\u0629.<\/p>","protected":false},"excerpt":{"rendered":"<p>1. \u0627\u0644\u0634\u0631\u0648\u0637 \u0627\u0644\u0639\u0627\u0645\u0629 \u0645\u0646 \u062e\u0644\u0627\u0644 \u0627\u0644\u0648\u0635\u0648\u0644 \u0625\u0644\u0649 \u0645\u0648\u0642\u0639 Rosstylepro\u060c \u0641\u0625\u0646\u0643 \u062a\u0648\u0627\u0641\u0642 \u0639\u0644\u0649 \u0627\u0644\u0627\u0644\u062a\u0632\u0627\u0645 \u0628\u0634\u0631\u0648\u0637 \u0627\u0644\u062e\u062f\u0645\u0629 \u0647\u0630\u0647 \u0648\u062c\u0645\u064a\u0639 \u0627\u0644\u0642\u0648\u0627\u0646\u064a\u0646 \u0648\u0627\u0644\u0644\u0648\u0627\u0626\u062d \u0627\u0644\u0645\u0639\u0645\u0648\u0644 \u0628\u0647\u0627\u060c \u0648\u062a\u0648\u0627\u0641\u0642 \u0639\u0644\u0649 \u0623\u0646\u0643 \u0645\u0633\u0624\u0648\u0644 \u0639\u0646 \u0627\u0644\u0627\u0645\u062a\u062b\u0627\u0644 \u0644\u0623\u064a \u0642\u0648\u0627\u0646\u064a\u0646 \u0645\u062d\u0644\u064a\u0629 \u0633\u0627\u0631\u064a\u0629. \u0625\u0630\u0627 \u0643\u0646\u062a \u0644\u0627 \u062a\u0648\u0627\u0641\u0642 \u0639\u0644\u0649 \u0623\u064a \u0645\u0646 \u0647\u0630\u0647 \u0627\u0644\u0634\u0631\u0648\u0637\u060c \u064a\u064f\u062d\u0638\u0631 \u0639\u0644\u064a\u0643 \u0627\u0633\u062a\u062e\u062f\u0627\u0645 \u0623\u0648 \u0627\u0644\u0648\u0635\u0648\u0644 \u0625\u0644\u0649 [\u2026]<\/p>","protected":false},"author":38,"featured_media":0,"parent":0,"menu_order":0,"comment_status":"closed","ping_status":"closed","template":"page-nosidebar.php","meta":{"footnotes":""},"yoast_head":"<!-- This site is optimized with the Yoast SEO plugin v23.3 - https:\/\/yoast.com\/wordpress\/plugins\/seo\/ -->\n<title>Condiciones de uso - RosstylePRO<\/title>\n<meta name=\"robots\" content=\"index, follow, max-snippet:-1, max-image-preview:large, max-video-preview:-1\" \/>\n<link rel=\"canonical\" href=\"https:\/\/rosstylepro.com\/ar\/condiciones-de-uso\/\" \/>\n<meta property=\"og:locale\" content=\"ar_AR\" \/>\n<meta property=\"og:type\" content=\"article\" \/>\n<meta property=\"og:title\" content=\"Condiciones de uso - RosstylePRO\" \/>\n<meta property=\"og:description\" content=\"1.Condiciones generales Al acceder al sitio web de Rosstylepro usted acepta quedar vinculado por estas condiciones de servicio, todas las leyes y reglamentos aplicables, y acepta que es responsable del cumplimiento de cualquier ley local aplicable. Si usted no est\u00e1 de acuerdo con cualquiera de estos t\u00e9rminos, se le proh\u00edbe el uso o acceso a [&hellip;]\" \/>\n<meta property=\"og:url\" content=\"https:\/\/rosstylepro.com\/ar\/condiciones-de-uso\/\" \/>\n<meta property=\"og:site_name\" content=\"RosstylePRO\" \/>\n<meta property=\"article:modified_time\" content=\"2025-01-17T16:25:35+00:00\" \/>\n<meta name=\"twitter:card\" content=\"summary_large_image\" \/>\n<meta name=\"twitter:label1\" content=\"Est. reading time\" \/>\n\t<meta name=\"twitter:data1\" content=\"4 \u062f\u0642\u0627\u0626\u0642\" \/>\n<script type=\"application\/ld+json\" class=\"yoast-schema-graph\">{\"@context\":\"https:\/\/schema.org\",\"@graph\":[{\"@type\":\"WebPage\",\"@id\":\"https:\/\/rosstylepro.com\/condiciones-de-uso\/\",\"url\":\"https:\/\/rosstylepro.com\/condiciones-de-uso\/\",\"name\":\"Condiciones de uso - RosstylePRO\",\"isPartOf\":{\"@id\":\"https:\/\/rosstylepro.com\/en\/#website\"},\"datePublished\":\"2024-05-03T15:02:42+00:00\",\"dateModified\":\"2025-01-17T16:25:35+00:00\",\"breadcrumb\":{\"@id\":\"https:\/\/rosstylepro.com\/condiciones-de-uso\/#breadcrumb\"},\"inLanguage\":\"ar\",\"potentialAction\":[{\"@type\":\"ReadAction\",\"target\":[\"https:\/\/rosstylepro.com\/condiciones-de-uso\/\"]}]},{\"@type\":\"BreadcrumbList\",\"@id\":\"https:\/\/rosstylepro.com\/condiciones-de-uso\/#breadcrumb\",\"itemListElement\":[{\"@type\":\"ListItem\",\"position\":1,\"name\":\"Home\",\"item\":\"https:\/\/rosstylepro.com\/\"},{\"@type\":\"ListItem\",\"position\":2,\"name\":\"Condiciones de uso\"}]},{\"@type\":\"WebSite\",\"@id\":\"https:\/\/rosstylepro.com\/en\/#website\",\"url\":\"https:\/\/rosstylepro.com\/en\/\",\"name\":\"RosstylePRO\",\"description\":\"\",\"potentialAction\":[{\"@type\":\"SearchAction\",\"target\":{\"@type\":\"EntryPoint\",\"urlTemplate\":\"https:\/\/rosstylepro.com\/en\/?s={search_term_string}\"},\"query-input\":\"required name=search_term_string\"}],\"inLanguage\":\"ar\"}]}<\/script>\n<!-- \/ Yoast SEO plugin. -->","yoast_head_json":{"title":"Condiciones de uso - RosstylePRO","robots":{"index":"index","follow":"follow","max-snippet":"max-snippet:-1","max-image-preview":"max-image-preview:large","max-video-preview":"max-video-preview:-1"},"canonical":"https:\/\/rosstylepro.com\/ar\/condiciones-de-uso\/","og_locale":"ar_AR","og_type":"article","og_title":"Condiciones de uso - RosstylePRO","og_description":"1.Condiciones generales Al acceder al sitio web de Rosstylepro usted acepta quedar vinculado por estas condiciones de servicio, todas las leyes y reglamentos aplicables, y acepta que es responsable del cumplimiento de cualquier ley local aplicable. Si usted no est\u00e1 de acuerdo con cualquiera de estos t\u00e9rminos, se le proh\u00edbe el uso o acceso a [&hellip;]","og_url":"https:\/\/rosstylepro.com\/ar\/condiciones-de-uso\/","og_site_name":"RosstylePRO","article_modified_time":"2025-01-17T16:25:35+00:00","twitter_card":"summary_large_image","twitter_misc":{"Est. reading time":"4 \u062f\u0642\u0627\u0626\u0642"},"schema":{"@context":"https:\/\/schema.org","@graph":[{"@type":"WebPage","@id":"https:\/\/rosstylepro.com\/condiciones-de-uso\/","url":"https:\/\/rosstylepro.com\/condiciones-de-uso\/","name":"Condiciones de uso - RosstylePRO","isPartOf":{"@id":"https:\/\/rosstylepro.com\/en\/#website"},"datePublished":"2024-05-03T15:02:42+00:00","dateModified":"2025-01-17T16:25:35+00:00","breadcrumb":{"@id":"https:\/\/rosstylepro.com\/condiciones-de-uso\/#breadcrumb"},"inLanguage":"ar","potentialAction":[{"@type":"ReadAction","target":["https:\/\/rosstylepro.com\/condiciones-de-uso\/"]}]},{"@type":"BreadcrumbList","@id":"https:\/\/rosstylepro.com\/condiciones-de-uso\/#breadcrumb","itemListElement":[{"@type":"ListItem","position":1,"name":"Home","item":"https:\/\/rosstylepro.com\/"},{"@type":"ListItem","position":2,"name":"Condiciones de uso"}]},{"@type":"WebSite","@id":"https:\/\/rosstylepro.com\/en\/#website","url":"https:\/\/rosstylepro.com\/en\/","name":"RosstylePRO","description":"","potentialAction":[{"@type":"SearchAction","target":{"@type":"EntryPoint","urlTemplate":"https:\/\/rosstylepro.com\/en\/?s={search_term_string}"},"query-input":"required name=search_term_string"}],"inLanguage":"ar"}]}},"_links":{"self":[{"href":"https:\/\/rosstylepro.com\/ar\/wp-json\/wp\/v2\/pages\/117"}],"collection":[{"href":"https:\/\/rosstylepro.com\/ar\/wp-json\/wp\/v2\/pages"}],"about":[{"href":"https:\/\/rosstylepro.com\/ar\/wp-json\/wp\/v2\/types\/page"}],"author":[{"embeddable":true,"href":"https:\/\/rosstylepro.com\/ar\/wp-json\/wp\/v2\/users\/38"}],"replies":[{"embeddable":true,"href":"https:\/\/rosstylepro.com\/ar\/wp-json\/wp\/v2\/comments?post=117"}],"version-history":[{"count":1,"href":"https:\/\/rosstylepro.com\/ar\/wp-json\/wp\/v2\/pages\/117\/revisions"}],"predecessor-version":[{"id":1560,"href":"https:\/\/rosstylepro.com\/ar\/wp-json\/wp\/v2\/pages\/117\/revisions\/1560"}],"wp:attachment":[{"href":"https:\/\/rosstylepro.com\/ar\/wp-json\/wp\/v2\/media?parent=117"}],"curies":[{"name":"wp","href":"https:\/\/api.w.org\/{rel}","templated":true}]}}