{"id":69,"date":"2024-05-02T12:20:15","date_gmt":"2024-05-02T15:20:15","guid":{"rendered":"https:\/\/rosstylepro.com\/?page_id=69"},"modified":"2025-01-17T16:25:36","modified_gmt":"2025-01-17T16:25:36","slug":"politica-de-cookies","status":"publish","type":"page","link":"https:\/\/rosstylepro.com\/ar\/politica-de-cookies\/","title":{"rendered":"\u0633\u064a\u0627\u0633\u0629 \u0645\u0644\u0641\u0627\u062a \u062a\u0639\u0631\u064a\u0641 \u0627\u0644\u0627\u0631\u062a\u0628\u0627\u0637"},"content":{"rendered":"<p>\u062a\u0633\u062a\u062e\u062f\u0645 Rosstylepro \u0645\u0644\u0641\u0627\u062a \u062a\u0639\u0631\u064a\u0641 \u0627\u0644\u0627\u0631\u062a\u0628\u0627\u0637 \u0639\u0644\u0649 \u0645\u0648\u0642\u0639\u0647\u0627 \u0627\u0644\u0625\u0644\u0643\u062a\u0631\u0648\u0646\u064a rosstylepro.com. \u0645\u0646 \u062e\u0644\u0627\u0644 \u0642\u0628\u0648\u0644 \u0633\u064a\u0627\u0633\u0629 \u0645\u0644\u0641\u0627\u062a \u062a\u0639\u0631\u064a\u0641 \u0627\u0644\u0627\u0631\u062a\u0628\u0627\u0637 \u0627\u0644\u062e\u0627\u0635\u0629 \u0628\u0646\u0627\u060c \u0641\u0625\u0646\u0643 \u062a\u0648\u0627\u0641\u0642 \u0639\u0644\u0649 \u0627\u0633\u062a\u062e\u062f\u0627\u0645 \u0645\u0644\u0641\u0627\u062a \u062a\u0639\u0631\u064a\u0641 \u0627\u0644\u0627\u0631\u062a\u0628\u0627\u0637 \u0648\u0641\u0642\u064b\u0627 \u0644\u0647\u0630\u0647 \u0627\u0644\u0633\u064a\u0627\u0633\u0629. \u0625\u0630\u0627 \u0643\u0646\u062a \u0644\u0627 \u062a\u0648\u0627\u0641\u0642 \u0639\u0644\u0649 \u0627\u0633\u062a\u062e\u062f\u0627\u0645 \u0645\u0644\u0641\u0627\u062a \u062a\u0639\u0631\u064a\u0641 \u0627\u0644\u0627\u0631\u062a\u0628\u0627\u0637\u060c \u0641\u0646\u0648\u0635\u064a\u0643 \u0628\u062a\u0639\u062f\u064a\u0644 \u0625\u0639\u062f\u0627\u062f\u0627\u062a \u0627\u0644\u0645\u062a\u0635\u0641\u062d \u0627\u0644\u062e\u0627\u0635 \u0628\u0643 \u0623\u0648 \u0627\u0644\u062a\u0648\u0642\u0641 \u0639\u0646 \u0627\u0633\u062a\u062e\u062f\u0627\u0645 \u0645\u0648\u0642\u0639\u0646\u0627 \u0627\u0644\u0625\u0644\u0643\u062a\u0631\u0648\u0646\u064a.<\/p>\n\n\n\n<h2 class=\"wp-block-heading\">\u0645\u0627 \u0647\u064a \u0645\u0644\u0641\u0627\u062a \u062a\u0639\u0631\u064a\u0641 \u0627\u0644\u0627\u0631\u062a\u0628\u0627\u0637\u061f<\/h2>\n\n\n\n<p>\u0645\u0644\u0641\u0627\u062a \u062a\u0639\u0631\u064a\u0641 \u0627\u0644\u0627\u0631\u062a\u0628\u0627\u0637 \u0647\u064a \u0645\u0644\u0641\u0627\u062a \u0646\u0635\u064a\u0629 \u0635\u063a\u064a\u0631\u0629 \u064a\u062d\u0641\u0638\u0647\u0627 \u0645\u0648\u0642\u0639 \u0627\u0644\u0648\u064a\u0628 \u0639\u0644\u0649 \u062c\u0647\u0627\u0632\u0643 \u0639\u0646\u062f \u0632\u064a\u0627\u0631\u062a\u0647. \u062a\u062d\u062a\u0648\u064a \u0647\u0630\u0647 \u0627\u0644\u0645\u0644\u0641\u0627\u062a \u0639\u0644\u0649 \u0645\u0639\u0644\u0648\u0645\u0627\u062a \u064a\u0645\u0643\u0646 \u0644\u0645\u0648\u0642\u0639 \u0627\u0644\u0648\u064a\u0628 \u0627\u0633\u062a\u0631\u062f\u0627\u062f\u0647\u0627 \u0644\u0623\u063a\u0631\u0627\u0636 \u0645\u062e\u062a\u0644\u0641\u0629\u060c \u0645\u062b\u0644 \u062a\u0630\u0643\u0631 \u062a\u0641\u0636\u064a\u0644\u0627\u062a \u0627\u0644\u0644\u063a\u0629 \u0627\u0644\u062e\u0627\u0635\u0629 \u0628\u0643\u060c \u0648\u062a\u062d\u0633\u064a\u0646 \u062a\u062c\u0631\u0628\u0629 \u0627\u0644\u062a\u0635\u0641\u062d \u0627\u0644\u062e\u0627\u0635\u0629 \u0628\u0643\u060c \u0648\u062c\u0645\u0639 \u0627\u0644\u0645\u0639\u0644\u0648\u0645\u0627\u062a \u062d\u0648\u0644 \u0627\u0633\u062a\u062e\u062f\u0627\u0645 \u0627\u0644\u0645\u0648\u0642\u0639.<\/p>\n\n\n\n<h2 class=\"wp-block-heading\">\u0623\u0646\u0648\u0627\u0639 \u0645\u0644\u0641\u0627\u062a \u062a\u0639\u0631\u064a\u0641 \u0627\u0644\u0627\u0631\u062a\u0628\u0627\u0637 \u0627\u0644\u0645\u0633\u062a\u062e\u062f\u0645\u0629<\/h2>\n\n\n\n<h3 class=\"wp-block-heading\">\u0645\u0644\u0641\u0627\u062a \u062a\u0639\u0631\u064a\u0641 \u0627\u0644\u0627\u0631\u062a\u0628\u0627\u0637 \u0627\u0644\u0636\u0631\u0648\u0631\u064a\u0629<\/h3>\n\n\n\n<p>\u062a\u0639\u062f \u0645\u0644\u0641\u0627\u062a \u062a\u0639\u0631\u064a\u0641 \u0627\u0644\u0627\u0631\u062a\u0628\u0627\u0637 \u0647\u0630\u0647 \u0636\u0631\u0648\u0631\u064a\u0629 \u0644\u0639\u0645\u0644 \u0645\u0648\u0642\u0639 \u0627\u0644\u0648\u064a\u0628 \u0648\u0644\u0627 \u064a\u0645\u0643\u0646 \u062a\u0639\u0637\u064a\u0644\u0647\u0627 \u0641\u064a \u0623\u0646\u0638\u0645\u062a\u0646\u0627. \u064a\u062a\u0645 \u062a\u0639\u064a\u064a\u0646\u0647\u0627 \u0639\u0627\u062f\u0629\u064b \u0641\u0642\u0637 \u0627\u0633\u062a\u062c\u0627\u0628\u0629\u064b \u0644\u0644\u0625\u062c\u0631\u0627\u0621\u0627\u062a \u0627\u0644\u062a\u064a \u062a\u062a\u062e\u0630\u0647\u0627 \u0648\u0627\u0644\u062a\u064a \u062a\u0635\u0644 \u0625\u0644\u0649 \u062d\u062f \u0637\u0644\u0628 \u0627\u0644\u062e\u062f\u0645\u0627\u062a\u060c \u0645\u062b\u0644 \u062a\u0639\u064a\u064a\u0646 \u062a\u0641\u0636\u064a\u0644\u0627\u062a \u0627\u0644\u062e\u0635\u0648\u0635\u064a\u0629 \u0627\u0644\u062e\u0627\u0635\u0629 \u0628\u0643\u060c \u0623\u0648 \u062a\u0633\u062c\u064a\u0644 \u0627\u0644\u062f\u062e\u0648\u0644\u060c \u0623\u0648 \u0645\u0644\u0621 \u0627\u0644\u0646\u0645\u0627\u0630\u062c.<\/p>\n\n\n\n<h3 class=\"wp-block-heading\">\u0645\u0644\u0641\u0627\u062a \u062a\u0639\u0631\u064a\u0641 \u0627\u0644\u0627\u0631\u062a\u0628\u0627\u0637 \u0627\u0644\u062e\u0627\u0635\u0629 \u0628\u0627\u0644\u0623\u062f\u0627\u0621<\/h3>\n\n\n\n<p>\u062a\u0633\u0627\u0639\u062f\u0646\u0627 \u0645\u0644\u0641\u0627\u062a \u062a\u0639\u0631\u064a\u0641 \u0627\u0644\u0627\u0631\u062a\u0628\u0627\u0637 \u0647\u0630\u0647 \u0639\u0644\u0649 \u0641\u0647\u0645 \u0643\u064a\u0641\u064a\u0629 \u062a\u0641\u0627\u0639\u0644 \u0627\u0644\u0632\u0648\u0627\u0631 \u0645\u0639 \u0645\u0648\u0642\u0639\u0646\u0627 \u0627\u0644\u0625\u0644\u0643\u062a\u0631\u0648\u0646\u064a \u0645\u0646 \u062e\u0644\u0627\u0644 \u062a\u0642\u062f\u064a\u0645 \u0645\u0639\u0644\u0648\u0645\u0627\u062a \u062d\u0648\u0644 \u0627\u0644\u0645\u0646\u0627\u0637\u0642 \u0627\u0644\u062a\u064a \u062a\u0645\u062a \u0632\u064a\u0627\u0631\u062a\u0647\u0627\u060c \u0648\u0627\u0644\u0648\u0642\u062a \u0627\u0644\u0630\u064a \u0642\u0636\u0648\u0647 \u0641\u064a \u0627\u0644\u0645\u0648\u0642\u0639\u060c \u0648\u0623\u064a \u0645\u0634\u0643\u0644\u0627\u062a \u0648\u0627\u062c\u0647\u062a\u0647\u0645\u060c \u0645\u062b\u0644 \u0631\u0633\u0627\u0626\u0644 \u0627\u0644\u062e\u0637\u0623. \u064a\u0633\u0627\u0639\u062f\u0646\u0627 \u0647\u0630\u0627 \u0639\u0644\u0649 \u062a\u062d\u0633\u064a\u0646 \u0623\u062f\u0627\u0621 \u0627\u0644\u0645\u0648\u0642\u0639 \u0648\u062a\u0639\u0632\u064a\u0632 \u062a\u062c\u0631\u0628\u0629 \u0627\u0644\u0645\u0633\u062a\u062e\u062f\u0645 \u0627\u0644\u062e\u0627\u0635\u0629 \u0628\u0643.<\/p>\n\n\n\n<h3 class=\"wp-block-heading\">\u0645\u0644\u0641\u0627\u062a \u062a\u0639\u0631\u064a\u0641 \u0627\u0644\u0627\u0631\u062a\u0628\u0627\u0637 \u0627\u0644\u0648\u0638\u064a\u0641\u064a\u0629<\/h3>\n\n\n\n<p>\u062a\u0633\u0645\u062d \u0645\u0644\u0641\u0627\u062a \u062a\u0639\u0631\u064a\u0641 \u0627\u0644\u0627\u0631\u062a\u0628\u0627\u0637 \u0647\u0630\u0647 \u0644\u0645\u0648\u0642\u0639 \u0627\u0644\u0648\u064a\u0628 \u0628\u062a\u0630\u0643\u0631 \u0627\u0644\u0627\u062e\u062a\u064a\u0627\u0631\u0627\u062a \u0627\u0644\u062a\u064a \u062a\u0642\u0648\u0645 \u0628\u0647\u0627\u060c \u0645\u062b\u0644 \u0627\u0633\u0645 \u0627\u0644\u0645\u0633\u062a\u062e\u062f\u0645 \u0623\u0648 \u0627\u0644\u0644\u063a\u0629 \u0623\u0648 \u0627\u0644\u0645\u0646\u0637\u0642\u0629\u060c \u0648\u062a\u0648\u0641\u0631 \u0645\u064a\u0632\u0627\u062a \u0645\u062d\u0633\u0646\u0629 \u0648\u0623\u0643\u062b\u0631 \u062a\u062e\u0635\u064a\u0635\u064b\u0627. \u064a\u0645\u0643\u0646 \u0623\u064a\u0636\u064b\u0627 \u0627\u0633\u062a\u062e\u062f\u0627\u0645\u0647\u0627 \u0644\u062a\u0642\u062f\u064a\u0645 \u0627\u0644\u062e\u062f\u0645\u0627\u062a \u0627\u0644\u0645\u0637\u0644\u0648\u0628\u0629\u060c \u0645\u062b\u0644 \u0645\u0634\u0627\u0647\u062f\u0629 \u0645\u0642\u0637\u0639 \u0641\u064a\u062f\u064a\u0648 \u0623\u0648 \u0627\u0644\u062a\u0639\u0644\u064a\u0642 \u0639\u0644\u0649 \u0645\u062f\u0648\u0646\u0629.<\/p>\n\n\n\n<h3 class=\"wp-block-heading\">\u0645\u0644\u0641\u0627\u062a \u062a\u0639\u0631\u064a\u0641 \u0627\u0644\u0627\u0631\u062a\u0628\u0627\u0637 \u0627\u0644\u0625\u0639\u0644\u0627\u0646\u064a\u0629<\/h3>\n\n\n\n<p>\u064a\u062a\u0645 \u0627\u0633\u062a\u062e\u062f\u0627\u0645 \u0645\u0644\u0641\u0627\u062a \u062a\u0639\u0631\u064a\u0641 \u0627\u0644\u0627\u0631\u062a\u0628\u0627\u0637 \u0647\u0630\u0647 \u0644\u062a\u0642\u062f\u064a\u0645 \u0625\u0639\u0644\u0627\u0646\u0627\u062a \u0623\u0643\u062b\u0631 \u0645\u0644\u0627\u0621\u0645\u0629 \u0644\u0643 \u0648\u0644\u0627\u0647\u062a\u0645\u0627\u0645\u0627\u062a\u0643. \u0643\u0645\u0627 \u064a\u062a\u0645 \u0627\u0633\u062a\u062e\u062f\u0627\u0645\u0647\u0627 \u0623\u064a\u0636\u064b\u0627 \u0644\u062a\u062d\u062f\u064a\u062f \u0639\u062f\u062f \u0627\u0644\u0645\u0631\u0627\u062a \u0627\u0644\u062a\u064a \u062a\u0634\u0627\u0647\u062f \u0641\u064a\u0647\u0627 \u0625\u0639\u0644\u0627\u0646\u064b\u0627 \u0648\u062a\u0633\u0627\u0639\u062f \u0641\u064a \u0642\u064a\u0627\u0633 \u0641\u0639\u0627\u0644\u064a\u0629 \u0627\u0644\u062d\u0645\u0644\u0627\u062a \u0627\u0644\u0625\u0639\u0644\u0627\u0646\u064a\u0629.<\/p>\n\n\n\n<h2 class=\"wp-block-heading\">\u0625\u062f\u0627\u0631\u0629 \u0645\u0644\u0641\u0627\u062a \u062a\u0639\u0631\u064a\u0641 \u0627\u0644\u0627\u0631\u062a\u0628\u0627\u0637<\/h2>\n\n\n\n<p>\u0639\u0646\u062f \u062f\u062e\u0648\u0644\u0643 \u0625\u0644\u0649 \u0645\u0648\u0642\u0639\u0646\u0627 \u0627\u0644\u0625\u0644\u0643\u062a\u0631\u0648\u0646\u064a \u0644\u0623\u0648\u0644 \u0645\u0631\u0629\u060c \u0633\u064a\u062a\u0645 \u0625\u0639\u0644\u0627\u0645\u0643 \u0628\u0627\u0633\u062a\u062e\u062f\u0627\u0645 \u0645\u0644\u0641\u0627\u062a \u062a\u0639\u0631\u064a\u0641 \u0627\u0644\u0627\u0631\u062a\u0628\u0627\u0637 \u0648\u0633\u064a\u0643\u0648\u0646 \u0644\u062f\u064a\u0643 \u062e\u064a\u0627\u0631 \u0627\u0644\u0645\u0648\u0627\u0641\u0642\u0629 \u0639\u0644\u0649 \u0627\u0633\u062a\u062e\u062f\u0627\u0645\u0647\u0627. \u064a\u0645\u0643\u0646\u0643 \u0623\u064a\u0636\u064b\u0627 \u0627\u0644\u062a\u062d\u0643\u0645 \u0641\u064a \u0645\u0644\u0641\u0627\u062a \u062a\u0639\u0631\u064a\u0641 \u0627\u0644\u0627\u0631\u062a\u0628\u0627\u0637 \u0648\u0625\u062f\u0627\u0631\u062a\u0647\u0627 \u0641\u064a \u0625\u0639\u062f\u0627\u062f\u0627\u062a \u0627\u0644\u0645\u062a\u0635\u0641\u062d \u0627\u0644\u062e\u0627\u0635 \u0628\u0643. \u064a\u0631\u062c\u0649 \u0645\u0644\u0627\u062d\u0638\u0629 \u0623\u0646 \u062a\u0639\u0637\u064a\u0644 \u0623\u0646\u0648\u0627\u0639 \u0645\u0639\u064a\u0646\u0629 \u0645\u0646 \u0645\u0644\u0641\u0627\u062a \u062a\u0639\u0631\u064a\u0641 \u0627\u0644\u0627\u0631\u062a\u0628\u0627\u0637 \u0642\u062f \u064a\u0624\u062b\u0631 \u0639\u0644\u0649 \u0648\u0638\u0627\u0626\u0641 \u0627\u0644\u0645\u0648\u0642\u0639 \u0648\u062a\u062c\u0631\u0628\u0629 \u0627\u0644\u0645\u0633\u062a\u062e\u062f\u0645 \u0627\u0644\u062e\u0627\u0635\u0629 \u0628\u0643.<\/p>\n\n\n\n<h2 class=\"wp-block-heading\">\u0627\u0644\u062a\u063a\u064a\u064a\u0631\u0627\u062a \u0639\u0644\u0649 \u0647\u0630\u0647 \u0627\u0644\u0633\u064a\u0627\u0633\u0629<\/h2>\n\n\n\n<p>\u0642\u062f \u0646\u0642\u0648\u0645 \u0628\u062a\u062d\u062f\u064a\u062b \u0633\u064a\u0627\u0633\u0629 \u0645\u0644\u0641\u0627\u062a \u062a\u0639\u0631\u064a\u0641 \u0627\u0644\u0627\u0631\u062a\u0628\u0627\u0637 \u0647\u0630\u0647 \u0628\u0634\u0643\u0644 \u062f\u0648\u0631\u064a \u0644\u062a\u0639\u0643\u0633 \u0627\u0644\u062a\u063a\u064a\u064a\u0631\u0627\u062a \u0641\u064a \u0645\u0645\u0627\u0631\u0633\u0627\u062a \u0627\u0633\u062a\u062e\u062f\u0627\u0645 \u0645\u0644\u0641\u0627\u062a \u062a\u0639\u0631\u064a\u0641 \u0627\u0644\u0627\u0631\u062a\u0628\u0627\u0637 \u0627\u0644\u062e\u0627\u0635\u0629 \u0628\u0646\u0627. \u0646\u0646\u0635\u062d\u0643 \u0628\u0645\u0631\u0627\u062c\u0639\u0629 \u0647\u0630\u0647 \u0627\u0644\u0633\u064a\u0627\u0633\u0629 \u0628\u0634\u0643\u0644 \u0645\u0646\u062a\u0638\u0645 \u0644\u0644\u0628\u0642\u0627\u0621 \u0639\u0644\u0649 \u0627\u0637\u0644\u0627\u0639 \u0628\u0623\u064a \u062a\u063a\u064a\u064a\u0631\u0627\u062a.<\/p>\n\n\n\n<p>\u0645\u0646 \u062e\u0644\u0627\u0644 \u0627\u0644\u0627\u0633\u062a\u0645\u0631\u0627\u0631 \u0641\u064a \u0627\u0633\u062a\u062e\u062f\u0627\u0645 \u0645\u0648\u0642\u0639\u0646\u0627 \u0627\u0644\u0625\u0644\u0643\u062a\u0631\u0648\u0646\u064a \u0628\u0639\u062f \u0647\u0630\u0647 \u0627\u0644\u062a\u063a\u064a\u064a\u0631\u0627\u062a\u060c \u0641\u0625\u0646\u0643 \u062a\u0648\u0627\u0641\u0642 \u0639\u0644\u0649 \u0627\u0633\u062a\u062e\u062f\u0627\u0645 \u0645\u0644\u0641\u0627\u062a \u062a\u0639\u0631\u064a\u0641 \u0627\u0644\u0627\u0631\u062a\u0628\u0627\u0637 \u0648\u0641\u0642\u064b\u0627 \u0644\u0644\u0633\u064a\u0627\u0633\u0629 \u0627\u0644\u0645\u0639\u062f\u0644\u0629.<\/p>\n\n\n\n<h2 class=\"wp-block-heading\">\u0627\u062a\u0635\u0627\u0644<\/h2>\n\n\n\n<p>\u0625\u0630\u0627 \u0643\u0627\u0646\u062a \u0644\u062f\u064a\u0643 \u0623\u064a \u0623\u0633\u0626\u0644\u0629 \u062d\u0648\u0644 \u0633\u064a\u0627\u0633\u0629 \u0645\u0644\u0641\u0627\u062a \u062a\u0639\u0631\u064a\u0641 \u0627\u0644\u0627\u0631\u062a\u0628\u0627\u0637 \u0627\u0644\u062e\u0627\u0635\u0629 \u0628\u0646\u0627 \u0623\u0648 \u0627\u0633\u062a\u062e\u062f\u0627\u0645 \u0645\u0644\u0641\u0627\u062a \u062a\u0639\u0631\u064a\u0641 \u0627\u0644\u0627\u0631\u062a\u0628\u0627\u0637 \u0639\u0644\u0649 \u0645\u0648\u0642\u0639\u0646\u0627 \u0627\u0644\u0625\u0644\u0643\u062a\u0631\u0648\u0646\u064a\u060c \u0641\u064a\u0631\u062c\u0649 \u0627\u0644\u0627\u062a\u0635\u0627\u0644 \u0628\u0646\u0627 \u0639\u0628\u0631 \u0627\u0644\u0628\u0631\u064a\u062f \u0627\u0644\u0625\u0644\u0643\u062a\u0631\u0648\u0646\u064a:\u00a0<a>contacto@rosstylepro.com<\/a>.<\/p>","protected":false},"excerpt":{"rendered":"<p>\u064a\u0633\u062a\u062e\u062f\u0645 \u0645\u0648\u0642\u0639 Rosstylepro \u0645\u0644\u0641\u0627\u062a \u062a\u0639\u0631\u064a\u0641 \u0627\u0644\u0627\u0631\u062a\u0628\u0627\u0637 \u0639\u0644\u0649 \u0645\u0648\u0642\u0639\u0647 \u0627\u0644\u0625\u0644\u0643\u062a\u0631\u0648\u0646\u064a rosstylepro.com. \u0628\u0642\u0628\u0648\u0644\u0643 \u0633\u064a\u0627\u0633\u0629 \u0645\u0644\u0641\u0627\u062a \u062a\u0639\u0631\u064a\u0641 \u0627\u0644\u0627\u0631\u062a\u0628\u0627\u0637\u060c \u0641\u0625\u0646\u0643 \u062a\u0648\u0627\u0641\u0642 \u0639\u0644\u0649 \u0627\u0633\u062a\u062e\u062f\u0627\u0645\u0647\u0627 \u0648\u0641\u0642\u064b\u0627 \u0644\u0647\u0630\u0647 \u0627\u0644\u0633\u064a\u0627\u0633\u0629. \u0625\u0630\u0627 \u0643\u0646\u062a \u0644\u0627 \u062a\u0648\u0627\u0641\u0642 \u0639\u0644\u0649 \u0627\u0633\u062a\u062e\u062f\u0627\u0645 \u0645\u0644\u0641\u0627\u062a \u062a\u0639\u0631\u064a\u0641 \u0627\u0644\u0627\u0631\u062a\u0628\u0627\u0637\u060c \u0641\u0646\u0646\u0635\u062d\u0643 \u0628\u062a\u0639\u062f\u064a\u0644 \u0625\u0639\u062f\u0627\u062f\u0627\u062a \u0645\u062a\u0635\u0641\u062d\u0643 \u0623\u0648 \u0627\u0644\u062a\u0648\u0642\u0641 \u0639\u0646 \u0627\u0633\u062a\u062e\u062f\u0627\u0645 \u0645\u0648\u0642\u0639\u0646\u0627. \u0645\u0627 \u0647\u064a [...]<\/p>","protected":false},"author":38,"featured_media":0,"parent":0,"menu_order":0,"comment_status":"closed","ping_status":"closed","template":"page-nosidebar.php","meta":{"footnotes":""},"yoast_head":"<!-- This site is optimized with the Yoast SEO plugin v23.3 - https:\/\/yoast.com\/wordpress\/plugins\/seo\/ -->\n<title>Pol\u00edtica de Cookies<\/title>\n<meta name=\"description\" content=\"Pol\u00edtica de Cookies, Rosstylepro utiliza cookies en su sitio web rosstylepro.com. Al aceptar nuestra Pol\u00edtica de Cookies, usted acepta el ...\" \/>\n<meta name=\"robots\" content=\"index, follow, max-snippet:-1, max-image-preview:large, max-video-preview:-1\" \/>\n<link rel=\"canonical\" href=\"https:\/\/rosstylepro.com\/ar\/politica-de-cookies\/\" \/>\n<meta property=\"og:locale\" content=\"ar_AR\" \/>\n<meta property=\"og:type\" content=\"article\" \/>\n<meta property=\"og:title\" content=\"Pol\u00edtica de Cookies\" \/>\n<meta property=\"og:description\" content=\"Pol\u00edtica de Cookies, Rosstylepro utiliza cookies en su sitio web rosstylepro.com. Al aceptar nuestra Pol\u00edtica de Cookies, usted acepta el ...\" \/>\n<meta property=\"og:url\" content=\"https:\/\/rosstylepro.com\/ar\/politica-de-cookies\/\" \/>\n<meta property=\"og:site_name\" content=\"RosstylePRO\" \/>\n<meta property=\"article:modified_time\" content=\"2025-01-17T16:25:36+00:00\" \/>\n<meta name=\"twitter:card\" content=\"summary_large_image\" \/>\n<meta name=\"twitter:label1\" content=\"Est. reading time\" \/>\n\t<meta name=\"twitter:data1\" content=\"3 \u062f\u0642\u0627\u0626\u0642\" \/>\n<script type=\"application\/ld+json\" class=\"yoast-schema-graph\">{\"@context\":\"https:\/\/schema.org\",\"@graph\":[{\"@type\":\"WebPage\",\"@id\":\"https:\/\/rosstylepro.com\/politica-de-cookies\/\",\"url\":\"https:\/\/rosstylepro.com\/politica-de-cookies\/\",\"name\":\"Pol\u00edtica de Cookies\",\"isPartOf\":{\"@id\":\"https:\/\/rosstylepro.com\/en\/#website\"},\"datePublished\":\"2024-05-02T15:20:15+00:00\",\"dateModified\":\"2025-01-17T16:25:36+00:00\",\"description\":\"Pol\u00edtica de Cookies, Rosstylepro utiliza cookies en su sitio web rosstylepro.com. Al aceptar nuestra Pol\u00edtica de Cookies, usted acepta el ...\",\"breadcrumb\":{\"@id\":\"https:\/\/rosstylepro.com\/politica-de-cookies\/#breadcrumb\"},\"inLanguage\":\"ar\",\"potentialAction\":[{\"@type\":\"ReadAction\",\"target\":[\"https:\/\/rosstylepro.com\/politica-de-cookies\/\"]}]},{\"@type\":\"BreadcrumbList\",\"@id\":\"https:\/\/rosstylepro.com\/politica-de-cookies\/#breadcrumb\",\"itemListElement\":[{\"@type\":\"ListItem\",\"position\":1,\"name\":\"Home\",\"item\":\"https:\/\/rosstylepro.com\/\"},{\"@type\":\"ListItem\",\"position\":2,\"name\":\"Pol\u00edtica de Cookies\"}]},{\"@type\":\"WebSite\",\"@id\":\"https:\/\/rosstylepro.com\/en\/#website\",\"url\":\"https:\/\/rosstylepro.com\/en\/\",\"name\":\"RosstylePRO\",\"description\":\"\",\"potentialAction\":[{\"@type\":\"SearchAction\",\"target\":{\"@type\":\"EntryPoint\",\"urlTemplate\":\"https:\/\/rosstylepro.com\/en\/?s={search_term_string}\"},\"query-input\":\"required name=search_term_string\"}],\"inLanguage\":\"ar\"}]}<\/script>\n<!-- \/ Yoast SEO plugin. -->","yoast_head_json":{"title":"Pol\u00edtica de Cookies","description":"Pol\u00edtica de Cookies, Rosstylepro utiliza cookies en su sitio web rosstylepro.com. Al aceptar nuestra Pol\u00edtica de Cookies, usted acepta el ...","robots":{"index":"index","follow":"follow","max-snippet":"max-snippet:-1","max-image-preview":"max-image-preview:large","max-video-preview":"max-video-preview:-1"},"canonical":"https:\/\/rosstylepro.com\/ar\/politica-de-cookies\/","og_locale":"ar_AR","og_type":"article","og_title":"Pol\u00edtica de Cookies","og_description":"Pol\u00edtica de Cookies, Rosstylepro utiliza cookies en su sitio web rosstylepro.com. Al aceptar nuestra Pol\u00edtica de Cookies, usted acepta el ...","og_url":"https:\/\/rosstylepro.com\/ar\/politica-de-cookies\/","og_site_name":"RosstylePRO","article_modified_time":"2025-01-17T16:25:36+00:00","twitter_card":"summary_large_image","twitter_misc":{"Est. reading time":"3 \u062f\u0642\u0627\u0626\u0642"},"schema":{"@context":"https:\/\/schema.org","@graph":[{"@type":"WebPage","@id":"https:\/\/rosstylepro.com\/politica-de-cookies\/","url":"https:\/\/rosstylepro.com\/politica-de-cookies\/","name":"Pol\u00edtica de Cookies","isPartOf":{"@id":"https:\/\/rosstylepro.com\/en\/#website"},"datePublished":"2024-05-02T15:20:15+00:00","dateModified":"2025-01-17T16:25:36+00:00","description":"Pol\u00edtica de Cookies, Rosstylepro utiliza cookies en su sitio web rosstylepro.com. Al aceptar nuestra Pol\u00edtica de Cookies, usted acepta el ...","breadcrumb":{"@id":"https:\/\/rosstylepro.com\/politica-de-cookies\/#breadcrumb"},"inLanguage":"ar","potentialAction":[{"@type":"ReadAction","target":["https:\/\/rosstylepro.com\/politica-de-cookies\/"]}]},{"@type":"BreadcrumbList","@id":"https:\/\/rosstylepro.com\/politica-de-cookies\/#breadcrumb","itemListElement":[{"@type":"ListItem","position":1,"name":"Home","item":"https:\/\/rosstylepro.com\/"},{"@type":"ListItem","position":2,"name":"Pol\u00edtica de Cookies"}]},{"@type":"WebSite","@id":"https:\/\/rosstylepro.com\/en\/#website","url":"https:\/\/rosstylepro.com\/en\/","name":"RosstylePRO","description":"","potentialAction":[{"@type":"SearchAction","target":{"@type":"EntryPoint","urlTemplate":"https:\/\/rosstylepro.com\/en\/?s={search_term_string}"},"query-input":"required name=search_term_string"}],"inLanguage":"ar"}]}},"_links":{"self":[{"href":"https:\/\/rosstylepro.com\/ar\/wp-json\/wp\/v2\/pages\/69"}],"collection":[{"href":"https:\/\/rosstylepro.com\/ar\/wp-json\/wp\/v2\/pages"}],"about":[{"href":"https:\/\/rosstylepro.com\/ar\/wp-json\/wp\/v2\/types\/page"}],"author":[{"embeddable":true,"href":"https:\/\/rosstylepro.com\/ar\/wp-json\/wp\/v2\/users\/38"}],"replies":[{"embeddable":true,"href":"https:\/\/rosstylepro.com\/ar\/wp-json\/wp\/v2\/comments?post=69"}],"version-history":[{"count":1,"href":"https:\/\/rosstylepro.com\/ar\/wp-json\/wp\/v2\/pages\/69\/revisions"}],"predecessor-version":[{"id":1562,"href":"https:\/\/rosstylepro.com\/ar\/wp-json\/wp\/v2\/pages\/69\/revisions\/1562"}],"wp:attachment":[{"href":"https:\/\/rosstylepro.com\/ar\/wp-json\/wp\/v2\/media?parent=69"}],"curies":[{"name":"wp","href":"https:\/\/api.w.org\/{rel}","templated":true}]}}