{"id":71,"date":"2024-05-02T12:36:23","date_gmt":"2024-05-02T15:36:23","guid":{"rendered":"https:\/\/rosstylepro.com\/?page_id=71"},"modified":"2025-01-17T16:25:36","modified_gmt":"2025-01-17T16:25:36","slug":"sobre-nosotros","status":"publish","type":"page","link":"https:\/\/rosstylepro.com\/ar\/sobre-nosotros\/","title":{"rendered":"\u0645\u0639\u0644\u0648\u0645\u0627\u062a \u0639\u0646\u0627"},"content":{"rendered":"<p><br>\u0623\u0647\u0644\u0627\u064b \u0628\u0643\u0645 \u0641\u064a Rosstylepro\u060c \u0645\u0633\u0627\u062d\u0629 \u0631\u0642\u0645\u064a\u0629 \u0645\u0635\u0645\u0645\u0629 \u0644\u0644\u0627\u062d\u062a\u0641\u0627\u0644 \u0628\u0627\u0644\u0641\u0636\u0648\u0644\u060c \u0648\u0627\u0633\u062a\u0643\u0634\u0627\u0641 \u0627\u0644\u0627\u0628\u062a\u0643\u0627\u0631\u060c \u0648\u0645\u0634\u0627\u0631\u0643\u0629 \u062a\u062c\u0627\u0631\u0628 \u0641\u0631\u064a\u062f\u0629 \u0641\u064a \u0639\u0627\u0644\u0645 \u0627\u0644\u062a\u0643\u0646\u0648\u0644\u0648\u062c\u064a\u0627 \u0648\u0627\u0644\u062a\u0631\u0641\u064a\u0647 \u0627\u0644\u0648\u0627\u0633\u0639. \u0623\u0633\u0633\u0647\u0627 \u0643\u064a\u0631\u064a\u062a\u0648 \u0648\u0646\u064a\u0648\u060c \u0625\u0644\u0649 \u062c\u0627\u0646\u0628 \u0641\u0631\u064a\u0642 \u0645\u0646 \u0623\u0643\u062b\u0631 \u0645\u0646 \u0639\u0634\u0631\u0629 \u0645\u062a\u0639\u0627\u0648\u0646\u064a\u0646 \u0645\u062a\u0641\u0627\u0646\u064a\u0646\u060c \u0627\u0646\u0628\u062b\u0642\u062a Rosstylepro \u0645\u0646 \u062d\u0627\u062c\u0629 \u0644\u0644\u062a\u0639\u0628\u064a\u0631 \u0648\u0634\u063a\u0641 \u0628\u0627\u0633\u062a\u0643\u0634\u0627\u0641 \u0622\u0641\u0627\u0642 \u062c\u062f\u064a\u062f\u0629 \u062a\u062c\u0645\u0639 \u0628\u064a\u0646 \u0627\u0644\u062a\u0643\u0646\u0648\u0644\u0648\u062c\u064a\u0627 \u0648\u0631\u0648\u0627\u064a\u0629 \u0627\u0644\u0642\u0635\u0635 \u0627\u0644\u063a\u0627\u0645\u0631\u0629.<\/p>\n\n\n\n<h3 class=\"wp-block-heading\">\u062a\u0627\u0631\u064a\u062e\u0646\u0627 \u0648\u0647\u062f\u0641\u0646\u0627<\/h3>\n\n\n\n<p>\u0628\u062f\u0623 \u0643\u0644 \u0634\u064a\u0621 \u0628\u0641\u0643\u0631\u0629 \u0628\u0633\u064a\u0637\u0629\u060c \u0648\u0647\u064a \u062a\u0648\u0641\u064a\u0631 \u0645\u0646\u0635\u0629 \u062a\u064f\u0646\u0645\u0651\u064a \u0627\u0644\u0641\u0636\u0648\u0644. \u0648\u0645\u0639 \u0645\u0631\u0648\u0631 \u0627\u0644\u0648\u0642\u062a\u060c \u0623\u062f\u0631\u0643\u0646\u0627 \u0623\u0646 \u0627\u0644\u0623\u0645\u0631 \u0644\u0627 \u064a\u0642\u062a\u0635\u0631 \u0639\u0644\u0649 \u0639\u0631\u0636 \u0627\u0644\u062a\u0637\u0628\u064a\u0642\u0627\u062a \u0623\u0648 \u0627\u0644\u062a\u0642\u0646\u064a\u0627\u062a \u0641\u062d\u0633\u0628\u060c \u0628\u0644 \u064a\u062a\u0639\u062f\u0627\u0647 \u0625\u0644\u0649 \u0633\u0631\u062f \u0642\u0635\u0635 \u063a\u0627\u0645\u0631\u0629 \u062a\u064f\u0644\u0647\u0645 \u0642\u0631\u0651\u0627\u0621\u0646\u0627. \u0648\u0647\u0643\u0630\u0627\u060c \u062a\u0628\u0644\u0648\u0631\u062a \u0645\u0647\u0645\u062a\u0646\u0627: \u0633\u0631\u062f \u0627\u0644\u0642\u0635\u0635\u060c \u0648\u0639\u0631\u0636 \u0627\u0644\u0627\u0628\u062a\u0643\u0627\u0631\u0627\u062a\u060c \u0648\u0645\u0634\u0627\u0631\u0643\u0629 \u0627\u0644\u062a\u062c\u0627\u0631\u0628 \u0627\u0644\u0642\u064a\u0651\u0645\u0629 \u0645\u0639 \u0645\u062c\u062a\u0645\u0639 \u0646\u0627\u0628\u0636 \u0628\u0627\u0644\u062d\u064a\u0627\u0629 \u0648\u0645\u062a\u0641\u0627\u0639\u0644.<\/p>\n\n\n\n<h3 class=\"wp-block-heading\">\u0631\u0648\u062d Rosstylepro: \u0645\u062c\u062a\u0645\u0639\u0646\u0627<\/h3>\n\n\n\n<p>\u0646\u064f\u062f\u0631\u0643 \u0623\u0646 \u0631\u0648\u0633\u062a\u0627\u064a\u0644 \u0628\u0631\u0648 \u0644\u0645 \u064a\u0643\u0646 \u0644\u064a\u064f\u0635\u0628\u062d \u0645\u0627 \u0647\u0648 \u0639\u0644\u064a\u0647 \u0644\u0648\u0644\u0627 \u0645\u062c\u062a\u0645\u0639\u0646\u0627. \u0646\u064f\u0642\u062f\u0651\u0631 \u0643\u0644 \u0639\u0636\u0648 \u0648\u0646\u0633\u0639\u0649 \u062c\u0627\u0647\u062f\u064a\u0646 \u0644\u062e\u0644\u0642 \u0628\u064a\u0626\u0629 \u0634\u0627\u0645\u0644\u0629 \u0648\u062a\u0639\u0627\u0648\u0646\u064a\u0629 \u062d\u064a\u062b \u064a\u064f\u0645\u0643\u0646 \u0644\u0644\u062c\u0645\u064a\u0639 \u0645\u0634\u0627\u0631\u0643\u0629 \u0623\u0641\u0643\u0627\u0631\u0647\u0645 \u0648\u0622\u0631\u0627\u0626\u0647\u0645 \u0648\u0627\u0643\u062a\u0634\u0627\u0641\u0627\u062a\u0647\u0645. \u064a\u064f\u0633\u0627\u0639\u062f\u0646\u0627 \u0627\u0644\u062a\u0641\u0627\u0639\u0644 \u0627\u0644\u0645\u064f\u0633\u062a\u0645\u0631 \u0645\u0639 \u0645\u062c\u062a\u0645\u0639\u0646\u0627 \u0639\u0644\u0649 \u0627\u0644\u062d\u0641\u0627\u0638 \u0639\u0644\u0649 \u062c\u0648\u062f\u0629 \u0627\u0644\u0645\u062d\u062a\u0648\u0649 \u0627\u0644\u0630\u064a \u0646\u064f\u0642\u062f\u0645\u0647 \u0648\u0623\u0647\u0645\u064a\u0629 \u0645\u062d\u062a\u0648\u0627\u0647.<\/p>\n\n\n\n<h3 class=\"wp-block-heading\">\u0627\u0643\u062a\u0634\u0627\u0641 \u0622\u0641\u0627\u0642 \u062c\u062f\u064a\u062f\u0629: \u0627\u0644\u062a\u0643\u0646\u0648\u0644\u0648\u062c\u064a\u0627 \u0648\u0627\u0644\u062a\u0631\u0641\u064a\u0647<\/h3>\n\n\n\n<p>\u0645\u0639 \u0646\u0645\u0648 Rosstylepro\u060c \u0646\u0633\u0639\u0649 \u0623\u064a\u0636\u064b\u0627 \u0625\u0644\u0649 \u0627\u0644\u062a\u0623\u062b\u064a\u0631 \u0625\u064a\u062c\u0627\u0628\u064b\u0627 \u0639\u0644\u0649 \u0642\u0637\u0627\u0639 \u0627\u0644\u062a\u0643\u0646\u0648\u0644\u0648\u062c\u064a\u0627 \u0648\u0627\u0644\u062a\u0631\u0641\u064a\u0647. \u0646\u0628\u062d\u062b \u0628\u0627\u0633\u062a\u0645\u0631\u0627\u0631 \u0639\u0646 \u0637\u0631\u0642 \u062c\u062f\u064a\u062f\u0629 \u0644\u062a\u0642\u062f\u064a\u0645 \u0645\u062d\u062a\u0648\u0649 \u0645\u0628\u062a\u0643\u0631 \u0648\u0645\u0644\u0647\u0645\u060c \u0628\u0627\u0644\u0625\u0636\u0627\u0641\u0629 \u0625\u0644\u0649 \u062f\u0639\u0645 \u062a\u0637\u0648\u064a\u0631 \u0627\u0644\u062a\u0637\u0628\u064a\u0642\u0627\u062a \u0648\u0627\u0644\u062a\u0642\u0646\u064a\u0627\u062a \u0627\u0644\u062a\u064a \u062a\u064f\u062d\u0633\u0651\u0646 \u062d\u064a\u0627\u0629 \u0627\u0644\u0646\u0627\u0633.<\/p>\n\n\n\n<h3 class=\"wp-block-heading\">\u0627\u0644\u062a\u0632\u0627\u0645\u0646\u0627 \u0628\u0627\u0644\u062c\u0648\u062f\u0629<\/h3>\n\n\n\n<p>\u0627\u0644\u062c\u0648\u062f\u0629 \u0647\u064a \u0627\u0644\u0623\u0647\u0645 \u0641\u064a Rosstylepro. \u0644\u0636\u0645\u0627\u0646 \u062a\u0645\u064a\u0632 \u0645\u062d\u062a\u0648\u0627\u0646\u0627\u060c \u0644\u062f\u064a\u0646\u0627 \u0641\u0631\u064a\u0642 \u0645\u0646 \u0627\u0644\u0645\u0633\u0627\u0647\u0645\u064a\u0646 \u0627\u0644\u0645\u062a\u0641\u0627\u0646\u064a\u0646 \u0648\u0630\u0648\u064a \u0627\u0644\u062e\u0628\u0631\u0629. \u0646\u062c\u0631\u064a \u0623\u0628\u062d\u0627\u062b\u064b\u0627 \u062f\u0642\u064a\u0642\u0629 \u0648\u0646\u0639\u0631\u0636 \u0641\u0642\u0637 \u0627\u0644\u0645\u062d\u062a\u0648\u0649 \u0627\u0644\u0630\u064a \u0646\u0633\u062a\u062e\u062f\u0645\u0647 \u0628\u0627\u0644\u0641\u0639\u0644 \u0648\u0646\u0639\u062a\u0642\u062f \u0623\u0646\u0647 \u0630\u0648 \u0635\u0644\u0629 \u0648\u0645\u0641\u064a\u062f \u0644\u0645\u062c\u062a\u0645\u0639\u0646\u0627.<\/p>\n\n\n\n<h3 class=\"wp-block-heading\">\u0645\u0627 \u062a\u062c\u062f\u0647 \u0641\u064a Rosstylepro<\/h3>\n\n\n\n<p>\u0646\u0642\u062f\u0645 \u0639\u0644\u0649 \u0645\u0648\u0642\u0639\u0646\u0627 \u0645\u062d\u062a\u0648\u0649 \u0645\u062a\u0646\u0648\u0639\u064b\u0627 \u064a\u0646\u0627\u0633\u0628 \u062c\u0645\u064a\u0639 \u0627\u0644\u0627\u0647\u062a\u0645\u0627\u0645\u0627\u062a. \u0645\u0646 \u0645\u0631\u0627\u062c\u0639\u0627\u062a \u0627\u0644\u062a\u0637\u0628\u064a\u0642\u0627\u062a \u0627\u0644\u0645\u062a\u0639\u0645\u0642\u0629 \u0625\u0644\u0649 \u0627\u0644\u0645\u0639\u0644\u0648\u0645\u0627\u062a \u0627\u0644\u062a\u0642\u0646\u064a\u0629\u060c \u0647\u062f\u0641\u0646\u0627 \u0647\u0648 \u062a\u0648\u0641\u064a\u0631 \u062a\u062c\u0631\u0628\u0629 \u0634\u0627\u0645\u0644\u0629 \u062a\u062a\u062c\u0627\u0648\u0632 \u0627\u0644\u0645\u0639\u0644\u0648\u0645\u0627\u062a \u0627\u0644\u062a\u0642\u0646\u064a\u0629 \u0627\u0644\u0628\u0633\u064a\u0637\u0629. \u0643\u0644 \u0645\u0642\u0627\u0644 \u0623\u0648 \u0645\u0631\u0627\u062c\u0639\u0629 \u0645\u0635\u062d\u0648\u0628\u0629 \u0628\u0633\u0631\u062f \u0634\u064a\u0642 \u0644\u062c\u0639\u0644 \u062a\u062c\u0631\u0628\u0629 \u0627\u0644\u0642\u0631\u0627\u0621\u0629 \u0623\u0643\u062b\u0631 \u062a\u0634\u0648\u064a\u0642\u064b\u0627.<\/p>\n\n\n\n<h3 class=\"wp-block-heading\">\u0627\u0644\u062a\u0631\u0641\u064a\u0647 \u0648\u0627\u0644\u0645\u0639\u0631\u0641\u0629 \u0641\u064a \u0645\u0643\u0627\u0646 \u0648\u0627\u062d\u062f<\/h3>\n\n\n\n<p>\u0641\u064a Rosstylepro\u060c \u0646\u0624\u0645\u0646 \u0628\u0623\u0646 \u0627\u0644\u062a\u0631\u0641\u064a\u0647 \u0648\u0627\u0644\u0645\u0639\u0631\u0641\u0629 \u0645\u062a\u0644\u0627\u0632\u0645\u0627\u0646. \u0648\u0644\u0630\u0644\u0643\u060c \u0628\u0627\u0644\u0625\u0636\u0627\u0641\u0629 \u0625\u0644\u0649 \u0627\u0644\u062a\u062d\u0644\u064a\u0644\u0627\u062a \u0648\u0627\u0644\u0645\u0639\u0644\u0648\u0645\u0627\u062a \u0627\u0644\u0641\u0646\u064a\u0629\u060c \u0646\u0642\u062f\u0645 \u0623\u064a\u0636\u064b\u0627 \u0645\u062d\u062a\u0648\u0649 \u064a\u0631\u0643\u0632 \u0639\u0644\u0649 \u0627\u0644\u062a\u0631\u0641\u064a\u0647 \u0648\u0627\u0644\u062c\u0627\u0646\u0628 \u0627\u0644\u0625\u0646\u0633\u0627\u0646\u064a \u0644\u0644\u062a\u0643\u0646\u0648\u0644\u0648\u062c\u064a\u0627. \u0646\u0647\u062f\u0641 \u0625\u0644\u0649 \u0625\u0644\u0647\u0627\u0645 \u0642\u0631\u0627\u0626\u0646\u0627 \u0648\u062a\u0632\u0648\u064a\u062f\u0647\u0645 \u0628\u0627\u0644\u0645\u0639\u0644\u0648\u0645\u0627\u062a \u0648\u0627\u0644\u062a\u0631\u0641\u064a\u0647 \u0639\u0646\u0647\u0645 \u0628\u0643\u0644 \u0627\u0644\u0637\u0631\u0642 \u0627\u0644\u0645\u0645\u0643\u0646\u0629.<\/p>\n\n\n\n<h3 class=\"wp-block-heading\">\u0645\u0633\u062a\u0642\u0628\u0644 Rosstylepro<\/h3>\n\n\n\n<p>\u0645\u0633\u062a\u0642\u0628\u0644 Rosstylepro \u0648\u0627\u0639\u062f\u064c \u0648\u0645\u0644\u064a\u0621\u064c \u0628\u0627\u0644\u0625\u0645\u0643\u0627\u0646\u064a\u0627\u062a. \u0646\u0628\u062d\u062b \u062f\u0627\u0626\u0645\u064b\u0627 \u0639\u0646 \u0637\u0631\u0642\u064d \u062c\u062f\u064a\u062f\u0629\u064d \u0644\u0644\u0627\u0628\u062a\u0643\u0627\u0631 \u0648\u062a\u0642\u062f\u064a\u0645 \u062a\u062c\u0631\u0628\u0629\u064d \u0623\u0641\u0636\u0644 \u0644\u0645\u062c\u062a\u0645\u0639\u0646\u0627. \u0646\u062e\u0637\u0637 \u0644\u062a\u0648\u0633\u064a\u0639 \u0646\u0637\u0627\u0642 \u0645\u062d\u062a\u0648\u0627\u0646\u0627\u060c \u0648\u0627\u0633\u062a\u0643\u0634\u0627\u0641 \u0645\u0648\u0627\u0636\u064a\u0639 \u062c\u062f\u064a\u062f\u0629\u060c \u0644\u0646\u0628\u0642\u0649 \u0645\u0635\u062f\u0631\u064b\u0627 \u0645\u0648\u062b\u0648\u0642\u064b\u0627 \u0644\u0644\u0645\u0639\u0644\u0648\u0645\u0627\u062a \u0648\u0627\u0644\u062a\u0631\u0641\u064a\u0647 \u0644\u062c\u0645\u064a\u0639 \u0645\u064f\u062d\u0628\u064a \u0627\u0644\u062a\u0643\u0646\u0648\u0644\u0648\u062c\u064a\u0627.<\/p>\n\n\n\n<h3 class=\"wp-block-heading\">\u0627\u062a\u0635\u0644 \u0628\u0646\u0627 \u0648\u0627\u0646\u0636\u0645 \u0625\u0644\u0649 \u0627\u0644\u0645\u063a\u0627\u0645\u0631\u0629<\/h3>\n\n\n\n<p>\u0646\u0642\u062f\u0651\u0631 \u0628\u0634\u062f\u0629 \u0622\u0631\u0627\u0621 \u0645\u062c\u062a\u0645\u0639\u0646\u0627 \u0648\u0627\u0642\u062a\u0631\u0627\u062d\u0627\u062a\u0647 \u0648\u0623\u0641\u0643\u0627\u0631\u0647. \u0625\u0630\u0627 \u0643\u0627\u0646\u062a \u0644\u062f\u064a\u0643\u0645 \u0623\u064a \u0623\u0633\u0626\u0644\u0629 \u0623\u0648 \u062a\u0639\u0644\u064a\u0642\u0627\u062a \u0623\u0648 \u062a\u0631\u063a\u0628\u0648\u0646 \u0628\u0645\u0634\u0627\u0631\u0643\u0629 \u062a\u062c\u0631\u0628\u062a\u0643\u0645 \u0645\u0639\u0646\u0627\u060c \u0641\u0644\u0627 \u062a\u062a\u0631\u062f\u062f\u0648\u0627 \u0641\u064a \u0627\u0644\u062a\u0648\u0627\u0635\u0644 \u0645\u0639\u0646\u0627. \u0631\u0623\u064a\u0643\u0645 \u064a\u0647\u0645\u0646\u0627!<\/p>\n\n\n\n<p>\u0646\u0642\u062f\u0651\u0631 \u0645\u0634\u0627\u0631\u0643\u062a\u0643\u0645 \u0641\u064a \u0645\u063a\u0627\u0645\u0631\u0629 Rosstylepro. \u0645\u0639\u064b\u0627\u060c \u0646\u0633\u062a\u0643\u0634\u0641 \u0622\u0641\u0627\u0642\u064b\u0627 \u062c\u062f\u064a\u062f\u0629\u060c \u0648\u0646\u062d\u062a\u0641\u064a \u0628\u0627\u0644\u0641\u0636\u0648\u0644 \u0648\u0627\u0644\u0627\u0628\u062a\u0643\u0627\u0631\u060c \u0648\u0646\u0648\u0627\u0635\u0644 \u0625\u0644\u0647\u0627\u0645 \u0628\u0639\u0636\u0646\u0627 \u0627\u0644\u0628\u0639\u0636 \u0641\u064a \u0647\u0630\u0647 \u0627\u0644\u0631\u062d\u0644\u0629 \u0627\u0644\u062a\u0643\u0646\u0648\u0644\u0648\u062c\u064a\u0629 \u0648\u0627\u0644\u0625\u0646\u0633\u0627\u0646\u064a\u0629 \u0627\u0644\u0645\u062b\u064a\u0631\u0629.<\/p>","protected":false},"excerpt":{"rendered":"<p>\u0623\u0647\u0644\u0627\u064b \u0628\u0643\u0645 \u0641\u064a Rosstylepro\u060c \u0645\u0633\u0627\u062d\u0629 \u0631\u0642\u0645\u064a\u0629 \u0645\u0635\u0645\u0645\u0629 \u0644\u0644\u0627\u062d\u062a\u0641\u0627\u0644 \u0628\u0627\u0644\u0641\u0636\u0648\u0644\u060c \u0648\u0627\u0633\u062a\u0643\u0634\u0627\u0641 \u0627\u0644\u0627\u0628\u062a\u0643\u0627\u0631\u060c \u0648\u0645\u0634\u0627\u0631\u0643\u0629 \u062a\u062c\u0627\u0631\u0628 \u0641\u0631\u064a\u062f\u0629 \u0641\u064a \u0639\u0627\u0644\u0645 \u0627\u0644\u062a\u0643\u0646\u0648\u0644\u0648\u062c\u064a\u0627 \u0648\u0627\u0644\u062a\u0631\u0641\u064a\u0647 \u0627\u0644\u0648\u0627\u0633\u0639. \u0623\u0633\u0633\u0647\u0627 \u0643\u064a\u0631\u064a\u062a\u0648 \u0648\u0646\u064a\u0648\u060c \u0625\u0644\u0649 \u062c\u0627\u0646\u0628 \u0641\u0631\u064a\u0642 \u0645\u0646 \u0623\u0643\u062b\u0631 \u0645\u0646 10 \u0645\u062a\u0639\u0627\u0648\u0646\u064a\u0646 \u0645\u062a\u0641\u0627\u0646\u064a\u0646\u060c \u0648\u0646\u0634\u0623\u062a Rosstylepro \u0645\u0646 \u062d\u0627\u062c\u0629 \u0644\u0644\u062a\u0639\u0628\u064a\u0631 \u0648\u0634\u063a\u0641 [...]<\/p>","protected":false},"author":38,"featured_media":0,"parent":0,"menu_order":0,"comment_status":"closed","ping_status":"closed","template":"page-nosidebar.php","meta":{"footnotes":""},"yoast_head":"<!-- This site is optimized with the Yoast SEO plugin v23.3 - https:\/\/yoast.com\/wordpress\/plugins\/seo\/ -->\n<title>Sobre Nosotros - RosstylePRO<\/title>\n<meta name=\"robots\" content=\"index, follow, max-snippet:-1, max-image-preview:large, max-video-preview:-1\" \/>\n<link rel=\"canonical\" href=\"https:\/\/rosstylepro.com\/ar\/sobre-nosotros\/\" \/>\n<meta property=\"og:locale\" content=\"ar_AR\" \/>\n<meta property=\"og:type\" content=\"article\" \/>\n<meta property=\"og:title\" content=\"Sobre Nosotros - RosstylePRO\" \/>\n<meta property=\"og:description\" content=\"Bienvenidos a Rosstylepro, un espacio digital dise\u00f1ado para celebrar la curiosidad, explorar la innovaci\u00f3n y compartir experiencias \u00fanicas en el vasto mundo de la tecnolog\u00eda y el entretenimiento. Fundado por Kirito y New, junto con un equipo de m\u00e1s de 10 colaboradores dedicados, Rosstylepro surgi\u00f3 de la necesidad de expresi\u00f3n y de la pasi\u00f3n por [&hellip;]\" \/>\n<meta property=\"og:url\" content=\"https:\/\/rosstylepro.com\/ar\/sobre-nosotros\/\" \/>\n<meta property=\"og:site_name\" content=\"RosstylePRO\" \/>\n<meta property=\"article:modified_time\" content=\"2025-01-17T16:25:36+00:00\" \/>\n<meta name=\"twitter:card\" content=\"summary_large_image\" \/>\n<meta name=\"twitter:label1\" content=\"Est. reading time\" \/>\n\t<meta name=\"twitter:data1\" content=\"3 \u062f\u0642\u0627\u0626\u0642\" \/>\n<script type=\"application\/ld+json\" class=\"yoast-schema-graph\">{\"@context\":\"https:\/\/schema.org\",\"@graph\":[{\"@type\":\"WebPage\",\"@id\":\"https:\/\/rosstylepro.com\/sobre-nosotros\/\",\"url\":\"https:\/\/rosstylepro.com\/sobre-nosotros\/\",\"name\":\"Sobre Nosotros - RosstylePRO\",\"isPartOf\":{\"@id\":\"https:\/\/rosstylepro.com\/en\/#website\"},\"datePublished\":\"2024-05-02T15:36:23+00:00\",\"dateModified\":\"2025-01-17T16:25:36+00:00\",\"breadcrumb\":{\"@id\":\"https:\/\/rosstylepro.com\/sobre-nosotros\/#breadcrumb\"},\"inLanguage\":\"ar\",\"potentialAction\":[{\"@type\":\"ReadAction\",\"target\":[\"https:\/\/rosstylepro.com\/sobre-nosotros\/\"]}]},{\"@type\":\"BreadcrumbList\",\"@id\":\"https:\/\/rosstylepro.com\/sobre-nosotros\/#breadcrumb\",\"itemListElement\":[{\"@type\":\"ListItem\",\"position\":1,\"name\":\"Home\",\"item\":\"https:\/\/rosstylepro.com\/\"},{\"@type\":\"ListItem\",\"position\":2,\"name\":\"Sobre Nosotros\"}]},{\"@type\":\"WebSite\",\"@id\":\"https:\/\/rosstylepro.com\/en\/#website\",\"url\":\"https:\/\/rosstylepro.com\/en\/\",\"name\":\"RosstylePRO\",\"description\":\"\",\"potentialAction\":[{\"@type\":\"SearchAction\",\"target\":{\"@type\":\"EntryPoint\",\"urlTemplate\":\"https:\/\/rosstylepro.com\/en\/?s={search_term_string}\"},\"query-input\":\"required name=search_term_string\"}],\"inLanguage\":\"ar\"}]}<\/script>\n<!-- \/ Yoast SEO plugin. -->","yoast_head_json":{"title":"Sobre Nosotros - RosstylePRO","robots":{"index":"index","follow":"follow","max-snippet":"max-snippet:-1","max-image-preview":"max-image-preview:large","max-video-preview":"max-video-preview:-1"},"canonical":"https:\/\/rosstylepro.com\/ar\/sobre-nosotros\/","og_locale":"ar_AR","og_type":"article","og_title":"Sobre Nosotros - RosstylePRO","og_description":"Bienvenidos a Rosstylepro, un espacio digital dise\u00f1ado para celebrar la curiosidad, explorar la innovaci\u00f3n y compartir experiencias \u00fanicas en el vasto mundo de la tecnolog\u00eda y el entretenimiento. Fundado por Kirito y New, junto con un equipo de m\u00e1s de 10 colaboradores dedicados, Rosstylepro surgi\u00f3 de la necesidad de expresi\u00f3n y de la pasi\u00f3n por [&hellip;]","og_url":"https:\/\/rosstylepro.com\/ar\/sobre-nosotros\/","og_site_name":"RosstylePRO","article_modified_time":"2025-01-17T16:25:36+00:00","twitter_card":"summary_large_image","twitter_misc":{"Est. reading time":"3 \u062f\u0642\u0627\u0626\u0642"},"schema":{"@context":"https:\/\/schema.org","@graph":[{"@type":"WebPage","@id":"https:\/\/rosstylepro.com\/sobre-nosotros\/","url":"https:\/\/rosstylepro.com\/sobre-nosotros\/","name":"Sobre Nosotros - RosstylePRO","isPartOf":{"@id":"https:\/\/rosstylepro.com\/en\/#website"},"datePublished":"2024-05-02T15:36:23+00:00","dateModified":"2025-01-17T16:25:36+00:00","breadcrumb":{"@id":"https:\/\/rosstylepro.com\/sobre-nosotros\/#breadcrumb"},"inLanguage":"ar","potentialAction":[{"@type":"ReadAction","target":["https:\/\/rosstylepro.com\/sobre-nosotros\/"]}]},{"@type":"BreadcrumbList","@id":"https:\/\/rosstylepro.com\/sobre-nosotros\/#breadcrumb","itemListElement":[{"@type":"ListItem","position":1,"name":"Home","item":"https:\/\/rosstylepro.com\/"},{"@type":"ListItem","position":2,"name":"Sobre Nosotros"}]},{"@type":"WebSite","@id":"https:\/\/rosstylepro.com\/en\/#website","url":"https:\/\/rosstylepro.com\/en\/","name":"RosstylePRO","description":"","potentialAction":[{"@type":"SearchAction","target":{"@type":"EntryPoint","urlTemplate":"https:\/\/rosstylepro.com\/en\/?s={search_term_string}"},"query-input":"required name=search_term_string"}],"inLanguage":"ar"}]}},"_links":{"self":[{"href":"https:\/\/rosstylepro.com\/ar\/wp-json\/wp\/v2\/pages\/71"}],"collection":[{"href":"https:\/\/rosstylepro.com\/ar\/wp-json\/wp\/v2\/pages"}],"about":[{"href":"https:\/\/rosstylepro.com\/ar\/wp-json\/wp\/v2\/types\/page"}],"author":[{"embeddable":true,"href":"https:\/\/rosstylepro.com\/ar\/wp-json\/wp\/v2\/users\/38"}],"replies":[{"embeddable":true,"href":"https:\/\/rosstylepro.com\/ar\/wp-json\/wp\/v2\/comments?post=71"}],"version-history":[{"count":1,"href":"https:\/\/rosstylepro.com\/ar\/wp-json\/wp\/v2\/pages\/71\/revisions"}],"predecessor-version":[{"id":1564,"href":"https:\/\/rosstylepro.com\/ar\/wp-json\/wp\/v2\/pages\/71\/revisions\/1564"}],"wp:attachment":[{"href":"https:\/\/rosstylepro.com\/ar\/wp-json\/wp\/v2\/media?parent=71"}],"curies":[{"name":"wp","href":"https:\/\/api.w.org\/{rel}","templated":true}]}}