{"id":69,"date":"2024-05-02T12:20:15","date_gmt":"2024-05-02T15:20:15","guid":{"rendered":"https:\/\/rosstylepro.com\/?page_id=69"},"modified":"2025-01-17T16:25:36","modified_gmt":"2025-01-17T16:25:36","slug":"politica-de-cookies","status":"publish","type":"page","link":"https:\/\/rosstylepro.com\/bg\/politica-de-cookies\/","title":{"rendered":"\u041f\u043e\u043b\u0438\u0442\u0438\u043a\u0430 \u0437\u0430 \u0431\u0438\u0441\u043a\u0432\u0438\u0442\u043a\u0438"},"content":{"rendered":"<p>Rosstylepro \u0438\u0437\u043f\u043e\u043b\u0437\u0432\u0430 \u201e\u0431\u0438\u0441\u043a\u0432\u0438\u0442\u043a\u0438\u201c \u043d\u0430 \u0443\u0435\u0431\u0441\u0430\u0439\u0442\u0430 \u0441\u0438 rosstylepro.com. \u0421 \u043f\u0440\u0438\u0435\u043c\u0430\u043d\u0435\u0442\u043e \u043d\u0430 \u043d\u0430\u0448\u0430\u0442\u0430 \u041f\u043e\u043b\u0438\u0442\u0438\u043a\u0430 \u0437\u0430 \u0431\u0438\u0441\u043a\u0432\u0438\u0442\u043a\u0438\u0442\u0435, \u0432\u0438\u0435 \u0441\u0435 \u0441\u044a\u0433\u043b\u0430\u0441\u044f\u0432\u0430\u0442\u0435 \u0441 \u0438\u0437\u043f\u043e\u043b\u0437\u0432\u0430\u043d\u0435\u0442\u043e \u043d\u0430 \u0431\u0438\u0441\u043a\u0432\u0438\u0442\u043a\u0438 \u0432 \u0441\u044a\u043e\u0442\u0432\u0435\u0442\u0441\u0442\u0432\u0438\u0435 \u0441 \u0442\u0430\u0437\u0438 \u043f\u043e\u043b\u0438\u0442\u0438\u043a\u0430. \u0410\u043a\u043e \u043d\u0435 \u0441\u0442\u0435 \u0441\u044a\u0433\u043b\u0430\u0441\u043d\u0438 \u0441 \u0438\u0437\u043f\u043e\u043b\u0437\u0432\u0430\u043d\u0435\u0442\u043e \u043d\u0430 \u201e\u0431\u0438\u0441\u043a\u0432\u0438\u0442\u043a\u0438\u201c, \u043f\u0440\u0435\u043f\u043e\u0440\u044a\u0447\u0432\u0430\u043c\u0435 \u0432\u0438 \u0434\u0430 \u043f\u0440\u043e\u043c\u0435\u043d\u0438\u0442\u0435 \u043d\u0430\u0441\u0442\u0440\u043e\u0439\u043a\u0438\u0442\u0435 \u043d\u0430 \u0431\u0440\u0430\u0443\u0437\u044a\u0440\u0430 \u0441\u0438 \u0438\u043b\u0438 \u0434\u0430 \u0441\u043f\u0440\u0435\u0442\u0435 \u0434\u0430 \u0438\u0437\u043f\u043e\u043b\u0437\u0432\u0430\u0442\u0435 \u043d\u0430\u0448\u0438\u044f \u0443\u0435\u0431\u0441\u0430\u0439\u0442.<\/p>\n\n\n\n<h2 class=\"wp-block-heading\">\u041a\u0430\u043a\u0432\u043e \u043f\u0440\u0435\u0434\u0441\u0442\u0430\u0432\u043b\u044f\u0432\u0430\u0442 \u201e\u0431\u0438\u0441\u043a\u0432\u0438\u0442\u043a\u0438\u0442\u0435\u201c?<\/h2>\n\n\n\n<p>\u201e\u0411\u0438\u0441\u043a\u0432\u0438\u0442\u043a\u0438\u0442\u0435\u201c \u0441\u0430 \u043c\u0430\u043b\u043a\u0438 \u0442\u0435\u043a\u0441\u0442\u043e\u0432\u0438 \u0444\u0430\u0439\u043b\u043e\u0432\u0435, \u043a\u043e\u0438\u0442\u043e \u0434\u0430\u0434\u0435\u043d \u0443\u0435\u0431\u0441\u0430\u0439\u0442 \u0437\u0430\u043f\u0430\u0437\u0432\u0430 \u043d\u0430 \u0432\u0430\u0448\u0435\u0442\u043e \u0443\u0441\u0442\u0440\u043e\u0439\u0441\u0442\u0432\u043e, \u043a\u043e\u0433\u0430\u0442\u043e \u0433\u043e \u043f\u043e\u0441\u0435\u0449\u0430\u0432\u0430\u0442\u0435. \u0422\u0435\u0437\u0438 \u0444\u0430\u0439\u043b\u043e\u0432\u0435 \u0441\u044a\u0434\u044a\u0440\u0436\u0430\u0442 \u0438\u043d\u0444\u043e\u0440\u043c\u0430\u0446\u0438\u044f, \u043a\u043e\u044f\u0442\u043e \u043c\u043e\u0436\u0435 \u0434\u0430 \u0431\u044a\u0434\u0435 \u0438\u0437\u0432\u043b\u0435\u0447\u0435\u043d\u0430 \u043e\u0442 \u0443\u0435\u0431\u0441\u0430\u0439\u0442\u0430 \u0437\u0430 \u0440\u0430\u0437\u043b\u0438\u0447\u043d\u0438 \u0446\u0435\u043b\u0438, \u043a\u0430\u0442\u043e \u043d\u0430\u043f\u0440\u0438\u043c\u0435\u0440 \u0437\u0430\u043f\u043e\u043c\u043d\u044f\u043d\u0435 \u043d\u0430 \u0432\u0430\u0448\u0438\u0442\u0435 \u0435\u0437\u0438\u043a\u043e\u0432\u0438 \u043f\u0440\u0435\u0434\u043f\u043e\u0447\u0438\u0442\u0430\u043d\u0438\u044f, \u043e\u043f\u0442\u0438\u043c\u0438\u0437\u0438\u0440\u0430\u043d\u0435 \u043d\u0430 \u0432\u0430\u0448\u0435\u0442\u043e \u0441\u044a\u0440\u0444\u0438\u0440\u0430\u043d\u0435 \u0438 \u0441\u044a\u0431\u0438\u0440\u0430\u043d\u0435 \u043d\u0430 \u0438\u043d\u0444\u043e\u0440\u043c\u0430\u0446\u0438\u044f \u0437\u0430 \u0438\u0437\u043f\u043e\u043b\u0437\u0432\u0430\u043d\u0435\u0442\u043e \u043d\u0430 \u0441\u0430\u0439\u0442\u0430.<\/p>\n\n\n\n<h2 class=\"wp-block-heading\">\u0412\u0438\u0434\u043e\u0432\u0435 \u0438\u0437\u043f\u043e\u043b\u0437\u0432\u0430\u043d\u0438 \u0431\u0438\u0441\u043a\u0432\u0438\u0442\u043a\u0438<\/h2>\n\n\n\n<h3 class=\"wp-block-heading\">\u041d\u0435\u043e\u0431\u0445\u043e\u0434\u0438\u043c\u0438 \u0431\u0438\u0441\u043a\u0432\u0438\u0442\u043a\u0438<\/h3>\n\n\n\n<p>\u0422\u0435\u0437\u0438 \u201e\u0431\u0438\u0441\u043a\u0432\u0438\u0442\u043a\u0438\u201c \u0441\u0430 \u043e\u0442 \u0441\u044a\u0449\u0435\u0441\u0442\u0432\u0435\u043d\u043e \u0437\u043d\u0430\u0447\u0435\u043d\u0438\u0435 \u0437\u0430 \u0444\u0443\u043d\u043a\u0446\u0438\u043e\u043d\u0438\u0440\u0430\u043d\u0435\u0442\u043e \u043d\u0430 \u0443\u0435\u0431\u0441\u0430\u0439\u0442\u0430 \u0438 \u043d\u0435 \u043c\u043e\u0433\u0430\u0442 \u0434\u0430 \u0431\u044a\u0434\u0430\u0442 \u0434\u0435\u0430\u043a\u0442\u0438\u0432\u0438\u0440\u0430\u043d\u0438 \u0432 \u043d\u0430\u0448\u0438\u0442\u0435 \u0441\u0438\u0441\u0442\u0435\u043c\u0438. \u0422\u0435 \u043e\u0431\u0438\u043a\u043d\u043e\u0432\u0435\u043d\u043e \u0441\u0435 \u0437\u0430\u0434\u0430\u0432\u0430\u0442 \u0441\u0430\u043c\u043e \u0432 \u043e\u0442\u0433\u043e\u0432\u043e\u0440 \u043d\u0430 \u0434\u0435\u0439\u0441\u0442\u0432\u0438\u044f, \u0438\u0437\u0432\u044a\u0440\u0448\u0435\u043d\u0438 \u043e\u0442 \u0432\u0430\u0441, \u043a\u043e\u0438\u0442\u043e \u043f\u0440\u0435\u0434\u0441\u0442\u0430\u0432\u043b\u044f\u0432\u0430\u0442 \u0437\u0430\u044f\u0432\u043a\u0430 \u0437\u0430 \u0443\u0441\u043b\u0443\u0433\u0438, \u043a\u0430\u0442\u043e \u043d\u0430\u043f\u0440\u0438\u043c\u0435\u0440 \u0437\u0430\u0434\u0430\u0432\u0430\u043d\u0435 \u043d\u0430 \u043f\u0440\u0435\u0434\u043f\u043e\u0447\u0438\u0442\u0430\u043d\u0438\u044f \u0437\u0430 \u043f\u043e\u0432\u0435\u0440\u0438\u0442\u0435\u043b\u043d\u043e\u0441\u0442, \u0432\u043b\u0438\u0437\u0430\u043d\u0435 \u0432 \u0441\u0438\u0441\u0442\u0435\u043c\u0430\u0442\u0430 \u0438\u043b\u0438 \u043f\u043e\u043f\u044a\u043b\u0432\u0430\u043d\u0435 \u043d\u0430 \u0444\u043e\u0440\u043c\u0443\u043b\u044f\u0440\u0438.<\/p>\n\n\n\n<h3 class=\"wp-block-heading\">\u201e\u0411\u0438\u0441\u043a\u0432\u0438\u0442\u043a\u0438\u201c \u0437\u0430 \u0435\u0444\u0435\u043a\u0442\u0438\u0432\u043d\u043e\u0441\u0442<\/h3>\n\n\n\n<p>\u0422\u0435\u0437\u0438 \u201e\u0431\u0438\u0441\u043a\u0432\u0438\u0442\u043a\u0438\u201c \u043d\u0438 \u043f\u043e\u043c\u0430\u0433\u0430\u0442 \u0434\u0430 \u0440\u0430\u0437\u0431\u0435\u0440\u0435\u043c \u043a\u0430\u043a \u043f\u043e\u0441\u0435\u0442\u0438\u0442\u0435\u043b\u0438\u0442\u0435 \u0432\u0437\u0430\u0438\u043c\u043e\u0434\u0435\u0439\u0441\u0442\u0432\u0430\u0442 \u0441 \u043d\u0430\u0448\u0438\u044f \u0443\u0435\u0431\u0441\u0430\u0439\u0442, \u043a\u0430\u0442\u043e \u043f\u0440\u0435\u0434\u043e\u0441\u0442\u0430\u0432\u044f\u0442 \u0438\u043d\u0444\u043e\u0440\u043c\u0430\u0446\u0438\u044f \u0437\u0430 \u043f\u043e\u0441\u0435\u0442\u0435\u043d\u0438\u0442\u0435 \u043e\u0431\u043b\u0430\u0441\u0442\u0438, \u0432\u0440\u0435\u043c\u0435\u0442\u043e, \u043f\u0440\u0435\u043a\u0430\u0440\u0430\u043d\u043e \u043d\u0430 \u0441\u0430\u0439\u0442\u0430, \u0438 \u0432\u0441\u0438\u0447\u043a\u0438 \u0432\u044a\u0437\u043d\u0438\u043a\u043d\u0430\u043b\u0438 \u043f\u0440\u043e\u0431\u043b\u0435\u043c\u0438, \u043a\u0430\u0442\u043e \u043d\u0430\u043f\u0440\u0438\u043c\u0435\u0440 \u0441\u044a\u043e\u0431\u0449\u0435\u043d\u0438\u044f \u0437\u0430 \u0433\u0440\u0435\u0448\u043a\u0438. \u0422\u043e\u0432\u0430 \u043d\u0438 \u043f\u043e\u043c\u0430\u0433\u0430 \u0434\u0430 \u043f\u043e\u0434\u043e\u0431\u0440\u0438\u043c \u043f\u0440\u043e\u0438\u0437\u0432\u043e\u0434\u0438\u0442\u0435\u043b\u043d\u043e\u0441\u0442\u0442\u0430 \u043d\u0430 \u0441\u0430\u0439\u0442\u0430 \u0438 \u0434\u0430 \u043f\u043e\u0434\u043e\u0431\u0440\u0438\u043c \u043f\u043e\u0442\u0440\u0435\u0431\u0438\u0442\u0435\u043b\u0441\u043a\u043e\u0442\u043e \u0432\u0438 \u0438\u0437\u0436\u0438\u0432\u044f\u0432\u0430\u043d\u0435.<\/p>\n\n\n\n<h3 class=\"wp-block-heading\">\u0424\u0443\u043d\u043a\u0446\u0438\u043e\u043d\u0430\u043b\u043d\u0438 \u0431\u0438\u0441\u043a\u0432\u0438\u0442\u043a\u0438<\/h3>\n\n\n\n<p>\u0422\u0435\u0437\u0438 \u201e\u0431\u0438\u0441\u043a\u0432\u0438\u0442\u043a\u0438\u201c \u043f\u043e\u0437\u0432\u043e\u043b\u044f\u0432\u0430\u0442 \u043d\u0430 \u0443\u0435\u0431\u0441\u0430\u0439\u0442\u0430 \u0434\u0430 \u0437\u0430\u043f\u043e\u043c\u043d\u0438 \u043d\u0430\u043f\u0440\u0430\u0432\u0435\u043d\u0438\u0442\u0435 \u043e\u0442 \u0432\u0430\u0441 \u0438\u0437\u0431\u043e\u0440\u0438, \u043a\u0430\u0442\u043e \u043d\u0430\u043f\u0440\u0438\u043c\u0435\u0440 \u043f\u043e\u0442\u0440\u0435\u0431\u0438\u0442\u0435\u043b\u0441\u043a\u043e \u0438\u043c\u0435, \u0435\u0437\u0438\u043a \u0438\u043b\u0438 \u0440\u0435\u0433\u0438\u043e\u043d, \u0438 \u0434\u0430 \u0432\u0438 \u043f\u0440\u0435\u0434\u043e\u0441\u0442\u0430\u0432\u0438 \u043f\u043e\u0434\u043e\u0431\u0440\u0435\u043d\u0438, \u043f\u043e-\u043f\u0435\u0440\u0441\u043e\u043d\u0430\u043b\u0438\u0437\u0438\u0440\u0430\u043d\u0438 \u0444\u0443\u043d\u043a\u0446\u0438\u0438. \u0422\u0435 \u043c\u043e\u0433\u0430\u0442 \u0434\u0430 \u0441\u0435 \u0438\u0437\u043f\u043e\u043b\u0437\u0432\u0430\u0442 \u0438 \u0437\u0430 \u043f\u0440\u0435\u0434\u043e\u0441\u0442\u0430\u0432\u044f\u043d\u0435 \u043d\u0430 \u0437\u0430\u044f\u0432\u0435\u043d\u0438 \u0443\u0441\u043b\u0443\u0433\u0438, \u043a\u0430\u0442\u043e \u043d\u0430\u043f\u0440\u0438\u043c\u0435\u0440 \u0433\u043b\u0435\u0434\u0430\u043d\u0435 \u043d\u0430 \u0432\u0438\u0434\u0435\u043e \u0438\u043b\u0438 \u043a\u043e\u043c\u0435\u043d\u0442\u0438\u0440\u0430\u043d\u0435 \u0432 \u0431\u043b\u043e\u0433.<\/p>\n\n\n\n<h3 class=\"wp-block-heading\">\u0420\u0435\u043a\u043b\u0430\u043c\u043d\u0438 \u0431\u0438\u0441\u043a\u0432\u0438\u0442\u043a\u0438<\/h3>\n\n\n\n<p>\u0422\u0435\u0437\u0438 \u201e\u0431\u0438\u0441\u043a\u0432\u0438\u0442\u043a\u0438\u201c \u0441\u0435 \u0438\u0437\u043f\u043e\u043b\u0437\u0432\u0430\u0442, \u0437\u0430 \u0434\u0430 \u0432\u0438 \u043f\u0440\u0435\u0434\u043e\u0441\u0442\u0430\u0432\u044f\u0442 \u0440\u0435\u043a\u043b\u0430\u043c\u0438, \u043a\u043e\u0438\u0442\u043e \u0441\u0430 \u043f\u043e-\u043f\u043e\u0434\u0445\u043e\u0434\u044f\u0449\u0438 \u0437\u0430 \u0432\u0430\u0441 \u0438 \u0432\u0430\u0448\u0438\u0442\u0435 \u0438\u043d\u0442\u0435\u0440\u0435\u0441\u0438. \u0422\u0435 \u0441\u0435 \u0438\u0437\u043f\u043e\u043b\u0437\u0432\u0430\u0442 \u0438 \u0437\u0430 \u043e\u0433\u0440\u0430\u043d\u0438\u0447\u0430\u0432\u0430\u043d\u0435 \u043d\u0430 \u0431\u0440\u043e\u044f \u043f\u044a\u0442\u0438, \u0432 \u043a\u043e\u0438\u0442\u043e \u0432\u0438\u0436\u0434\u0430\u0442\u0435 \u0434\u0430\u0434\u0435\u043d\u0430 \u0440\u0435\u043a\u043b\u0430\u043c\u0430, \u0438 \u0437\u0430 \u0438\u0437\u043c\u0435\u0440\u0432\u0430\u043d\u0435 \u043d\u0430 \u0435\u0444\u0435\u043a\u0442\u0438\u0432\u043d\u043e\u0441\u0442\u0442\u0430 \u043d\u0430 \u0440\u0435\u043a\u043b\u0430\u043c\u043d\u0438\u0442\u0435 \u043a\u0430\u043c\u043f\u0430\u043d\u0438\u0438.<\/p>\n\n\n\n<h2 class=\"wp-block-heading\">\u0423\u043f\u0440\u0430\u0432\u043b\u0435\u043d\u0438\u0435 \u043d\u0430 \u0431\u0438\u0441\u043a\u0432\u0438\u0442\u043a\u0438<\/h2>\n\n\n\n<p>\u041a\u043e\u0433\u0430\u0442\u043e \u043f\u043e\u0441\u0435\u0442\u0438\u0442\u0435 \u043d\u0430\u0448\u0438\u044f \u0443\u0435\u0431\u0441\u0430\u0439\u0442 \u0437\u0430 \u043f\u044a\u0440\u0432\u0438 \u043f\u044a\u0442, \u0449\u0435 \u0431\u044a\u0434\u0435\u0442\u0435 \u0438\u043d\u0444\u043e\u0440\u043c\u0438\u0440\u0430\u043d\u0438 \u0437\u0430 \u0438\u0437\u043f\u043e\u043b\u0437\u0432\u0430\u043d\u0435\u0442\u043e \u043d\u0430 \u201e\u0431\u0438\u0441\u043a\u0432\u0438\u0442\u043a\u0438\u201c \u0438 \u0449\u0435 \u0438\u043c\u0430\u0442\u0435 \u0432\u044a\u0437\u043c\u043e\u0436\u043d\u043e\u0441\u0442 \u0434\u0430 \u0434\u0430\u0434\u0435\u0442\u0435 \u0441\u044a\u0433\u043b\u0430\u0441\u0438\u0435\u0442\u043e \u0441\u0438 \u0437\u0430 \u0442\u044f\u0445\u043d\u043e\u0442\u043e \u0438\u0437\u043f\u043e\u043b\u0437\u0432\u0430\u043d\u0435. \u041c\u043e\u0436\u0435\u0442\u0435 \u0441\u044a\u0449\u043e \u0434\u0430 \u043a\u043e\u043d\u0442\u0440\u043e\u043b\u0438\u0440\u0430\u0442\u0435 \u0438 \u0443\u043f\u0440\u0430\u0432\u043b\u044f\u0432\u0430\u0442\u0435 \u201e\u0431\u0438\u0441\u043a\u0432\u0438\u0442\u043a\u0438\u0442\u0435\u201c \u0432 \u043d\u0430\u0441\u0442\u0440\u043e\u0439\u043a\u0438\u0442\u0435 \u043d\u0430 \u0431\u0440\u0430\u0443\u0437\u044a\u0440\u0430 \u0441\u0438. \u041c\u043e\u043b\u044f, \u043e\u0431\u044a\u0440\u043d\u0435\u0442\u0435 \u0432\u043d\u0438\u043c\u0430\u043d\u0438\u0435, \u0447\u0435 \u0434\u0435\u0430\u043a\u0442\u0438\u0432\u0438\u0440\u0430\u043d\u0435\u0442\u043e \u043d\u0430 \u043e\u043f\u0440\u0435\u0434\u0435\u043b\u0435\u043d\u0438 \u0432\u0438\u0434\u043e\u0432\u0435 \u201e\u0431\u0438\u0441\u043a\u0432\u0438\u0442\u043a\u0438\u201c \u043c\u043e\u0436\u0435 \u0434\u0430 \u043f\u043e\u0432\u043b\u0438\u044f\u0435 \u043d\u0430 \u0444\u0443\u043d\u043a\u0446\u0438\u043e\u043d\u0430\u043b\u043d\u043e\u0441\u0442\u0442\u0430 \u043d\u0430 \u0443\u0435\u0431\u0441\u0430\u0439\u0442\u0430 \u0438 \u043f\u043e\u0442\u0440\u0435\u0431\u0438\u0442\u0435\u043b\u0441\u043a\u043e\u0442\u043e \u0432\u0438 \u0438\u0437\u0436\u0438\u0432\u044f\u0432\u0430\u043d\u0435.<\/p>\n\n\n\n<h2 class=\"wp-block-heading\">\u041f\u0440\u043e\u043c\u0435\u043d\u0438 \u0432 \u0442\u0430\u0437\u0438 \u041f\u043e\u043b\u0438\u0442\u0438\u043a\u0430<\/h2>\n\n\n\n<p>\u041c\u043e\u0436\u0435\u043c \u043f\u0435\u0440\u0438\u043e\u0434\u0438\u0447\u043d\u043e \u0434\u0430 \u0430\u043a\u0442\u0443\u0430\u043b\u0438\u0437\u0438\u0440\u0430\u043c\u0435 \u0442\u0430\u0437\u0438 \u043f\u043e\u043b\u0438\u0442\u0438\u043a\u0430 \u0437\u0430 \u201e\u0431\u0438\u0441\u043a\u0432\u0438\u0442\u043a\u0438\u0442\u0435\u201c, \u0437\u0430 \u0434\u0430 \u043e\u0442\u0440\u0430\u0437\u044f\u0432\u0430\u043c\u0435 \u043f\u0440\u043e\u043c\u0435\u043d\u0438\u0442\u0435 \u0432 \u043f\u0440\u0430\u043a\u0442\u0438\u043a\u0438\u0442\u0435 \u043d\u0438 \u0437\u0430 \u0438\u0437\u043f\u043e\u043b\u0437\u0432\u0430\u043d\u0435 \u043d\u0430 \u201e\u0431\u0438\u0441\u043a\u0432\u0438\u0442\u043a\u0438\u201c. \u041f\u0440\u0435\u043f\u043e\u0440\u044a\u0447\u0432\u0430\u043c\u0435 \u0432\u0438 \u0434\u0430 \u043f\u0440\u0435\u0433\u043b\u0435\u0436\u0434\u0430\u0442\u0435 \u0440\u0435\u0434\u043e\u0432\u043d\u043e \u0442\u0430\u0437\u0438 \u043f\u043e\u043b\u0438\u0442\u0438\u043a\u0430, \u0437\u0430 \u0434\u0430 \u0441\u0442\u0435 \u0438\u043d\u0444\u043e\u0440\u043c\u0438\u0440\u0430\u043d\u0438 \u0437\u0430 \u0435\u0432\u0435\u043d\u0442\u0443\u0430\u043b\u043d\u0438 \u043f\u0440\u043e\u043c\u0435\u043d\u0438.<\/p>\n\n\n\n<p>\u041a\u0430\u0442\u043e \u043f\u0440\u043e\u0434\u044a\u043b\u0436\u0438\u0442\u0435 \u0434\u0430 \u0438\u0437\u043f\u043e\u043b\u0437\u0432\u0430\u0442\u0435 \u043d\u0430\u0448\u0438\u044f \u0443\u0435\u0431\u0441\u0430\u0439\u0442 \u0441\u043b\u0435\u0434 \u0442\u0435\u0437\u0438 \u043f\u0440\u043e\u043c\u0435\u043d\u0438, \u0432\u0438\u0435 \u0441\u0435 \u0441\u044a\u0433\u043b\u0430\u0441\u044f\u0432\u0430\u0442\u0435 \u0441 \u0438\u0437\u043f\u043e\u043b\u0437\u0432\u0430\u043d\u0435\u0442\u043e \u043d\u0430 \u201e\u0431\u0438\u0441\u043a\u0432\u0438\u0442\u043a\u0438\u201c \u0432 \u0441\u044a\u043e\u0442\u0432\u0435\u0442\u0441\u0442\u0432\u0438\u0435 \u0441 \u0440\u0435\u0432\u0438\u0437\u0438\u0440\u0430\u043d\u0430\u0442\u0430 \u043f\u043e\u043b\u0438\u0442\u0438\u043a\u0430.<\/p>\n\n\n\n<h2 class=\"wp-block-heading\">\u041a\u043e\u043d\u0442\u0430\u043a\u0442<\/h2>\n\n\n\n<p>\u0410\u043a\u043e \u0438\u043c\u0430\u0442\u0435 \u0432\u044a\u043f\u0440\u043e\u0441\u0438 \u043e\u0442\u043d\u043e\u0441\u043d\u043e \u043d\u0430\u0448\u0430\u0442\u0430 \u043f\u043e\u043b\u0438\u0442\u0438\u043a\u0430 \u0437\u0430 \u0431\u0438\u0441\u043a\u0432\u0438\u0442\u043a\u0438\u0442\u0435 \u0438\u043b\u0438 \u0438\u0437\u043f\u043e\u043b\u0437\u0432\u0430\u043d\u0435\u0442\u043e \u043d\u0430 \u0431\u0438\u0441\u043a\u0432\u0438\u0442\u043a\u0438 \u043d\u0430 \u043d\u0430\u0448\u0438\u044f \u0443\u0435\u0431\u0441\u0430\u0439\u0442, \u043c\u043e\u043b\u044f, \u0441\u0432\u044a\u0440\u0436\u0435\u0442\u0435 \u0441\u0435 \u0441 \u043d\u0430\u0441 \u043f\u043e \u0438\u043c\u0435\u0439\u043b:\u00a0<a>contacto@rosstylepro.com<\/a>.<\/p>","protected":false},"excerpt":{"rendered":"<p>Rosstylepro \u0438\u0437\u043f\u043e\u043b\u0437\u0432\u0430 \u201e\u0431\u0438\u0441\u043a\u0432\u0438\u0442\u043a\u0438\u201c \u043d\u0430 \u0443\u0435\u0431\u0441\u0430\u0439\u0442\u0430 \u0441\u0438 rosstylepro.com. \u0421 \u043f\u0440\u0438\u0435\u043c\u0430\u043d\u0435\u0442\u043e \u043d\u0430 \u043d\u0430\u0448\u0430\u0442\u0430 \u041f\u043e\u043b\u0438\u0442\u0438\u043a\u0430 \u0437\u0430 \u0431\u0438\u0441\u043a\u0432\u0438\u0442\u043a\u0438\u0442\u0435, \u0432\u0438\u0435 \u0441\u0435 \u0441\u044a\u0433\u043b\u0430\u0441\u044f\u0432\u0430\u0442\u0435 \u0441 \u0438\u0437\u043f\u043e\u043b\u0437\u0432\u0430\u043d\u0435\u0442\u043e \u043d\u0430 \u0431\u0438\u0441\u043a\u0432\u0438\u0442\u043a\u0438 \u0432 \u0441\u044a\u043e\u0442\u0432\u0435\u0442\u0441\u0442\u0432\u0438\u0435 \u0441 \u0442\u0430\u0437\u0438 \u043f\u043e\u043b\u0438\u0442\u0438\u043a\u0430. \u0410\u043a\u043e \u043d\u0435 \u0441\u0442\u0435 \u0441\u044a\u0433\u043b\u0430\u0441\u043d\u0438 \u0441 \u0438\u0437\u043f\u043e\u043b\u0437\u0432\u0430\u043d\u0435\u0442\u043e \u043d\u0430 \u201e\u0431\u0438\u0441\u043a\u0432\u0438\u0442\u043a\u0438\u201c, \u043f\u0440\u0435\u043f\u043e\u0440\u044a\u0447\u0432\u0430\u043c\u0435 \u0432\u0438 \u0434\u0430 \u043f\u0440\u043e\u043c\u0435\u043d\u0438\u0442\u0435 \u043d\u0430\u0441\u0442\u0440\u043e\u0439\u043a\u0438\u0442\u0435 \u043d\u0430 \u0431\u0440\u0430\u0443\u0437\u044a\u0440\u0430 \u0441\u0438 \u0438\u043b\u0438 \u0434\u0430 \u0441\u043f\u0440\u0435\u0442\u0435 \u0434\u0430 \u0438\u0437\u043f\u043e\u043b\u0437\u0432\u0430\u0442\u0435 \u043d\u0430\u0448\u0438\u044f \u0443\u0435\u0431\u0441\u0430\u0439\u0442. \u041a\u0430\u043a\u0432\u0438 \u0441\u0430 [\u2026]<\/p>","protected":false},"author":38,"featured_media":0,"parent":0,"menu_order":0,"comment_status":"closed","ping_status":"closed","template":"page-nosidebar.php","meta":{"footnotes":""},"yoast_head":"<!-- This site is optimized with the Yoast SEO plugin v23.3 - https:\/\/yoast.com\/wordpress\/plugins\/seo\/ -->\n<title>Pol\u00edtica de Cookies<\/title>\n<meta name=\"description\" content=\"Pol\u00edtica de Cookies, Rosstylepro utiliza cookies en su sitio web rosstylepro.com. Al aceptar nuestra Pol\u00edtica de Cookies, usted acepta el ...\" \/>\n<meta name=\"robots\" content=\"index, follow, max-snippet:-1, max-image-preview:large, max-video-preview:-1\" \/>\n<link rel=\"canonical\" href=\"https:\/\/rosstylepro.com\/bg\/politica-de-cookies\/\" \/>\n<meta property=\"og:locale\" content=\"bg_BG\" \/>\n<meta property=\"og:type\" content=\"article\" \/>\n<meta property=\"og:title\" content=\"Pol\u00edtica de Cookies\" \/>\n<meta property=\"og:description\" content=\"Pol\u00edtica de Cookies, Rosstylepro utiliza cookies en su sitio web rosstylepro.com. Al aceptar nuestra Pol\u00edtica de Cookies, usted acepta el ...\" \/>\n<meta property=\"og:url\" content=\"https:\/\/rosstylepro.com\/bg\/politica-de-cookies\/\" \/>\n<meta property=\"og:site_name\" content=\"RosstylePRO\" \/>\n<meta property=\"article:modified_time\" content=\"2025-01-17T16:25:36+00:00\" \/>\n<meta name=\"twitter:card\" content=\"summary_large_image\" \/>\n<meta name=\"twitter:label1\" content=\"Est. reading time\" \/>\n\t<meta name=\"twitter:data1\" content=\"3 \u043c\u0438\u043d\u0443\u0442\u0438\" \/>\n<script type=\"application\/ld+json\" class=\"yoast-schema-graph\">{\"@context\":\"https:\/\/schema.org\",\"@graph\":[{\"@type\":\"WebPage\",\"@id\":\"https:\/\/rosstylepro.com\/politica-de-cookies\/\",\"url\":\"https:\/\/rosstylepro.com\/politica-de-cookies\/\",\"name\":\"Pol\u00edtica de Cookies\",\"isPartOf\":{\"@id\":\"https:\/\/rosstylepro.com\/en\/#website\"},\"datePublished\":\"2024-05-02T15:20:15+00:00\",\"dateModified\":\"2025-01-17T16:25:36+00:00\",\"description\":\"Pol\u00edtica de Cookies, Rosstylepro utiliza cookies en su sitio web rosstylepro.com. Al aceptar nuestra Pol\u00edtica de Cookies, usted acepta el ...\",\"breadcrumb\":{\"@id\":\"https:\/\/rosstylepro.com\/politica-de-cookies\/#breadcrumb\"},\"inLanguage\":\"bg-BG\",\"potentialAction\":[{\"@type\":\"ReadAction\",\"target\":[\"https:\/\/rosstylepro.com\/politica-de-cookies\/\"]}]},{\"@type\":\"BreadcrumbList\",\"@id\":\"https:\/\/rosstylepro.com\/politica-de-cookies\/#breadcrumb\",\"itemListElement\":[{\"@type\":\"ListItem\",\"position\":1,\"name\":\"Home\",\"item\":\"https:\/\/rosstylepro.com\/\"},{\"@type\":\"ListItem\",\"position\":2,\"name\":\"Pol\u00edtica de Cookies\"}]},{\"@type\":\"WebSite\",\"@id\":\"https:\/\/rosstylepro.com\/en\/#website\",\"url\":\"https:\/\/rosstylepro.com\/en\/\",\"name\":\"RosstylePRO\",\"description\":\"\",\"potentialAction\":[{\"@type\":\"SearchAction\",\"target\":{\"@type\":\"EntryPoint\",\"urlTemplate\":\"https:\/\/rosstylepro.com\/en\/?s={search_term_string}\"},\"query-input\":\"required name=search_term_string\"}],\"inLanguage\":\"bg-BG\"}]}<\/script>\n<!-- \/ Yoast SEO plugin. -->","yoast_head_json":{"title":"Pol\u00edtica de Cookies","description":"Pol\u00edtica de Cookies, Rosstylepro utiliza cookies en su sitio web rosstylepro.com. Al aceptar nuestra Pol\u00edtica de Cookies, usted acepta el ...","robots":{"index":"index","follow":"follow","max-snippet":"max-snippet:-1","max-image-preview":"max-image-preview:large","max-video-preview":"max-video-preview:-1"},"canonical":"https:\/\/rosstylepro.com\/bg\/politica-de-cookies\/","og_locale":"bg_BG","og_type":"article","og_title":"Pol\u00edtica de Cookies","og_description":"Pol\u00edtica de Cookies, Rosstylepro utiliza cookies en su sitio web rosstylepro.com. Al aceptar nuestra Pol\u00edtica de Cookies, usted acepta el ...","og_url":"https:\/\/rosstylepro.com\/bg\/politica-de-cookies\/","og_site_name":"RosstylePRO","article_modified_time":"2025-01-17T16:25:36+00:00","twitter_card":"summary_large_image","twitter_misc":{"Est. reading time":"3 \u043c\u0438\u043d\u0443\u0442\u0438"},"schema":{"@context":"https:\/\/schema.org","@graph":[{"@type":"WebPage","@id":"https:\/\/rosstylepro.com\/politica-de-cookies\/","url":"https:\/\/rosstylepro.com\/politica-de-cookies\/","name":"Pol\u00edtica de Cookies","isPartOf":{"@id":"https:\/\/rosstylepro.com\/en\/#website"},"datePublished":"2024-05-02T15:20:15+00:00","dateModified":"2025-01-17T16:25:36+00:00","description":"Pol\u00edtica de Cookies, Rosstylepro utiliza cookies en su sitio web rosstylepro.com. Al aceptar nuestra Pol\u00edtica de Cookies, usted acepta el ...","breadcrumb":{"@id":"https:\/\/rosstylepro.com\/politica-de-cookies\/#breadcrumb"},"inLanguage":"bg-BG","potentialAction":[{"@type":"ReadAction","target":["https:\/\/rosstylepro.com\/politica-de-cookies\/"]}]},{"@type":"BreadcrumbList","@id":"https:\/\/rosstylepro.com\/politica-de-cookies\/#breadcrumb","itemListElement":[{"@type":"ListItem","position":1,"name":"Home","item":"https:\/\/rosstylepro.com\/"},{"@type":"ListItem","position":2,"name":"Pol\u00edtica de Cookies"}]},{"@type":"WebSite","@id":"https:\/\/rosstylepro.com\/en\/#website","url":"https:\/\/rosstylepro.com\/en\/","name":"RosstylePRO","description":"","potentialAction":[{"@type":"SearchAction","target":{"@type":"EntryPoint","urlTemplate":"https:\/\/rosstylepro.com\/en\/?s={search_term_string}"},"query-input":"required name=search_term_string"}],"inLanguage":"bg-BG"}]}},"_links":{"self":[{"href":"https:\/\/rosstylepro.com\/bg\/wp-json\/wp\/v2\/pages\/69"}],"collection":[{"href":"https:\/\/rosstylepro.com\/bg\/wp-json\/wp\/v2\/pages"}],"about":[{"href":"https:\/\/rosstylepro.com\/bg\/wp-json\/wp\/v2\/types\/page"}],"author":[{"embeddable":true,"href":"https:\/\/rosstylepro.com\/bg\/wp-json\/wp\/v2\/users\/38"}],"replies":[{"embeddable":true,"href":"https:\/\/rosstylepro.com\/bg\/wp-json\/wp\/v2\/comments?post=69"}],"version-history":[{"count":1,"href":"https:\/\/rosstylepro.com\/bg\/wp-json\/wp\/v2\/pages\/69\/revisions"}],"predecessor-version":[{"id":1562,"href":"https:\/\/rosstylepro.com\/bg\/wp-json\/wp\/v2\/pages\/69\/revisions\/1562"}],"wp:attachment":[{"href":"https:\/\/rosstylepro.com\/bg\/wp-json\/wp\/v2\/media?parent=69"}],"curies":[{"name":"wp","href":"https:\/\/api.w.org\/{rel}","templated":true}]}}