{"id":117,"date":"2024-05-03T12:02:42","date_gmt":"2024-05-03T15:02:42","guid":{"rendered":"https:\/\/rosstylepro.com\/?page_id=117"},"modified":"2025-01-17T16:25:35","modified_gmt":"2025-01-17T16:25:35","slug":"condiciones-de-uso","status":"publish","type":"page","link":"https:\/\/rosstylepro.com\/cs\/condiciones-de-uso\/","title":{"rendered":"Podm\u00ednky pou\u017eit\u00ed"},"content":{"rendered":"<h2 class=\"wp-block-heading\">1. V\u0161eobecn\u00e9 podm\u00ednky<\/h2>\n\n\n\n<p>P\u0159\u00edstupem na webov\u00e9 str\u00e1nky <a href=\"https:\/\/rosstylepro.com\/cs\/\">Rosstylepro<\/a> Souhlas\u00edte s t\u00edm, \u017ee budete v\u00e1z\u00e1ni t\u011bmito Podm\u00ednkami slu\u017eby, v\u0161emi platn\u00fdmi z\u00e1kony a p\u0159edpisy a souhlas\u00edte s t\u00edm, \u017ee jste zodpov\u011bdn\u00ed za dodr\u017eov\u00e1n\u00ed v\u0161ech platn\u00fdch m\u00edstn\u00edch z\u00e1kon\u016f. Pokud s n\u011bkterou z t\u011bchto podm\u00ednek nesouhlas\u00edte, je v\u00e1m zak\u00e1z\u00e1no tyto str\u00e1nky pou\u017e\u00edvat nebo k nim p\u0159istupovat. Materi\u00e1ly obsa\u017een\u00e9 na t\u011bchto str\u00e1nk\u00e1ch jsou chr\u00e1n\u011bny platn\u00fdmi autorsk\u00fdmi pr\u00e1vy a z\u00e1kony o ochrann\u00fdch zn\u00e1mk\u00e1ch.<\/p>\n\n\n\n<h2 class=\"wp-block-heading\">2. Licence k u\u017e\u00edv\u00e1n\u00ed<\/h2>\n\n\n\n<p>Je ud\u011bleno povolen\u00ed k do\u010dasn\u00e9mu sta\u017een\u00ed jedn\u00e9 kopie materi\u00e1l\u016f (informac\u00ed nebo softwaru) na webov\u00fdch str\u00e1nk\u00e1ch\u00a0<a href=\"https:\/\/curioiogo.com\/\"><\/a><a href=\"https:\/\/rosstylepro.com\/cs\/\">Rosstylepro<\/a> pouze pro osobn\u00ed, nekomer\u010dn\u00ed a p\u0159echodn\u00e9 pou\u017eit\u00ed. Jedn\u00e1 se o ud\u011blen\u00ed licence, nikoli o p\u0159evod vlastnictv\u00ed, a na z\u00e1klad\u011b t\u00e9to licence nesm\u00edte<\/p>\n\n\n\n<ol class=\"wp-block-list\">\n<li>upravovat nebo kop\u00edrovat materi\u00e1ly;<\/li>\n\n\n\n<li>pou\u017e\u00edvat materi\u00e1ly pro komer\u010dn\u00ed \u00fa\u010dely nebo pro ve\u0159ejn\u00e9 vystaven\u00ed (komer\u010dn\u00ed \u010di nekomer\u010dn\u00ed);<\/li>\n\n\n\n<li>pokou\u0161et se dekompilovat nebo zp\u011btn\u011b analyzovat jak\u00fdkoli software obsa\u017een\u00fd na Str\u00e1nk\u00e1ch\u00a0<a href=\"https:\/\/rosstylepro.com\/cs\/\">Rosstylepro<\/a>;<\/li>\n\n\n\n<li>odstranit z materi\u00e1l\u016f jak\u00e9koli pozn\u00e1mky o autorsk\u00fdch pr\u00e1vech nebo jin\u00e9 ochrann\u00e9 zn\u00e1mky; bu\u010f<\/li>\n\n\n\n<li>p\u0159ev\u00e1d\u011bt materi\u00e1ly jin\u00e9 osob\u011b ani je \u201ezrcadlit\u201c na jak\u00e9mkoli jin\u00e9m serveru.<\/li>\n<\/ol>\n\n\n\n<p>Tato licence automaticky zanikne, pokud poru\u0161\u00edte kter\u00e9koli z t\u011bchto omezen\u00ed, a m\u016f\u017ee b\u00fdt ukon\u010dena\u00a0<a href=\"https:\/\/curioiogo.com\/\"><\/a><a href=\"https:\/\/rosstylepro.com\/cs\/\">Rosstylepro<\/a> kdykoli. Jakmile p\u0159estanete tyto materi\u00e1ly prohl\u00ed\u017eet nebo jakmile tato licence skon\u010d\u00ed, mus\u00edte smazat v\u0161echny sta\u017een\u00e9 materi\u00e1ly, kter\u00e9 m\u00e1te ve sv\u00e9m dr\u017een\u00ed, a\u0165 u\u017e v elektronick\u00e9 nebo ti\u0161t\u011bn\u00e9 podob\u011b.<\/p>\n\n\n\n<h2 class=\"wp-block-heading\">3. Prohl\u00e1\u0161en\u00ed o vylou\u010den\u00ed odpov\u011bdnosti<\/h2>\n\n\n\n<p>Materi\u00e1ly na webov\u00fdch str\u00e1nk\u00e1ch\u00a0<a href=\"https:\/\/curioiogo.com\/\"><\/a><a href=\"https:\/\/rosstylepro.com\/cs\/\">Rosstylepro<\/a> jsou poskytov\u00e1ny \u201etak, jak jsou\u201c.\u00a0<a href=\"https:\/\/curioiogo.com\/\"><\/a>Spole\u010dnost Rosstylepro neposkytuje \u017e\u00e1dn\u00e9 z\u00e1ruky, v\u00fdslovn\u00e9 ani implicitn\u00ed, a t\u00edmto se z\u0159\u00edk\u00e1 a pop\u00edr\u00e1 ve\u0161ker\u00e9 ostatn\u00ed z\u00e1ruky, v\u010detn\u011b, mimo jin\u00e9, implicitn\u00edch z\u00e1ruk nebo podm\u00ednek prodejnosti, vhodnosti pro konkr\u00e9tn\u00ed \u00fa\u010del nebo neporu\u0161en\u00ed du\u0161evn\u00edho vlastnictv\u00ed \u010di jin\u00e9ho poru\u0161en\u00ed pr\u00e1v.<\/p>\n\n\n\n<p>Krom\u011b,\u00a0<a href=\"https:\/\/rosstylepro.com\/cs\/\">Rosstylepro<\/a> nezaru\u010duje ani neposkytuje \u017e\u00e1dn\u00e1 prohl\u00e1\u0161en\u00ed t\u00fdkaj\u00edc\u00ed se p\u0159esnosti, pravd\u011bpodobn\u00fdch v\u00fdsledk\u016f nebo spolehlivosti pou\u017eit\u00ed materi\u00e1l\u016f na sv\u00fdch internetov\u00fdch str\u00e1nk\u00e1ch nebo jinak souvisej\u00edc\u00edch s t\u011bmito materi\u00e1ly nebo na jak\u00fdchkoli str\u00e1nk\u00e1ch odkazovan\u00fdch na tyto str\u00e1nky.<\/p>\n\n\n\n<h2 class=\"wp-block-heading\">4. Omezen\u00ed<\/h2>\n\n\n\n<p>V \u017e\u00e1dn\u00e9m p\u0159\u00edpad\u011b\u00a0<a href=\"https:\/\/curioiogo.com\/\"><\/a><a href=\"https:\/\/rosstylepro.com\/cs\/\">Rosstylepro<\/a> nebo jej\u00ed dodavatel\u00e9 nenesou odpov\u011bdnost za jak\u00e9koli \u0161kody (v\u010detn\u011b, mimo jin\u00e9, \u0161kod zp\u016fsoben\u00fdch ztr\u00e1tou dat nebo zisku nebo \u0161kod zp\u016fsoben\u00fdch p\u0159eru\u0161en\u00edm podnik\u00e1n\u00ed) vznikl\u00e9 v d\u016fsledku pou\u017eit\u00ed nebo nemo\u017enosti pou\u017eit\u00ed materi\u00e1l\u016f na\u00a0<a href=\"http:\/\/tekamaster.com\/\"><\/a><a href=\"https:\/\/curioiogo.com\/\"><\/a><a href=\"https:\/\/rosstylepre.com\/\"><\/a><a href=\"https:\/\/rosstylepro.com\/cs\/\"><\/a><a href=\"https:\/\/rosstylepro.com\/cs\/\">Rosstylepro<\/a>, i kdy\u017e\u00a0<a href=\"https:\/\/rosstylepro.com\/cs\/\">Rosstylepro<\/a> nebo opr\u00e1vn\u011bn\u00fd z\u00e1stupce\u00a0<a href=\"https:\/\/rosstylepro.com\/cs\/\">Rosstylepro<\/a> byl \u00fastn\u011b nebo p\u00edsemn\u011b upozorn\u011bn na mo\u017enost vzniku takov\u00fdch \u0161kod. Proto\u017ee n\u011bkter\u00e9 jurisdikce neumo\u017e\u0148uj\u00ed omezen\u00ed implicitn\u00edch z\u00e1ruk ani omezen\u00ed odpov\u011bdnosti za n\u00e1sledn\u00e9 nebo n\u00e1hodn\u00e9 \u0161kody, nemus\u00ed se na v\u00e1s tato omezen\u00ed vztahovat.<\/p>\n\n\n\n<h2 class=\"wp-block-heading\">5. P\u0159esnost materi\u00e1l\u016f<\/h2>\n\n\n\n<p>Materi\u00e1ly, kter\u00e9 se objevuj\u00ed na webov\u00fdch str\u00e1nk\u00e1ch\u00a0<a href=\"https:\/\/rosstylepro.com\/cs\/\">Rosstylepro<\/a> m\u016f\u017ee obsahovat technick\u00e9, typografick\u00e9 nebo fotografick\u00e9 chyby.\u00a0<a href=\"https:\/\/rosstylepro.com\/cs\/\">Rosstylepro<\/a> nezaru\u010duje, \u017ee jak\u00e9koli materi\u00e1ly na jej\u00edch webov\u00fdch str\u00e1nk\u00e1ch jsou p\u0159esn\u00e9, \u00fapln\u00e9 nebo aktu\u00e1ln\u00ed.\u00a0<a href=\"https:\/\/rosstylepro.com\/cs\/\">Rosstylepro<\/a> m\u016f\u017ee kdykoli bez p\u0159edchoz\u00edho upozorn\u011bn\u00ed prov\u00e1d\u011bt zm\u011bny v materi\u00e1lech obsa\u017een\u00fdch na sv\u00fdch webov\u00fdch str\u00e1nk\u00e1ch. V\u0161ak\u00a0<a href=\"https:\/\/rosstylepro.com\/cs\/\">Rosstylepro<\/a> se nezavazuje k aktualizaci materi\u00e1l\u016f.<\/p>\n\n\n\n<h2 class=\"wp-block-heading\">6. Odkazy<\/h2>\n\n\n\n<p><a href=\"https:\/\/rosstylepro.com\/cs\/\">Rosstylepro<\/a> neprov\u011b\u0159ila v\u0161echny str\u00e1nky odkazovan\u00e9 na jej\u00ed webov\u00e9 str\u00e1nky a nenese odpov\u011bdnost za obsah \u017e\u00e1dn\u00fdch takov\u00fdch odkazovan\u00fdch str\u00e1nek. Zahrnut\u00ed jak\u00e9hokoli odkazu neznamen\u00e1 schv\u00e1len\u00ed webu ze strany\u00a0<a href=\"http:\/\/tekamaster.com\/\"><\/a><a href=\"https:\/\/curioiogo.com\/\"><\/a><a href=\"https:\/\/rosstylepre.com\/\"><\/a><a href=\"https:\/\/rosstylepro.com\/cs\/\"><\/a><a href=\"https:\/\/rosstylepro.com\/cs\/\">Rosstylepro<\/a>. Pou\u017e\u00edv\u00e1n\u00ed jak\u00e9koli propojen\u00e9 str\u00e1nky je na vlastn\u00ed nebezpe\u010d\u00ed u\u017eivatele.<\/p>\n\n\n\n<h3 class=\"wp-block-heading\">Modifikace<\/h3>\n\n\n\n<p><a href=\"https:\/\/rosstylepro.com\/cs\/\">Rosstylepro<\/a> m\u016f\u017ee kdykoli bez p\u0159edchoz\u00edho upozorn\u011bn\u00ed upravit tyto podm\u00ednky slu\u017eby pro sv\u00e9 webov\u00e9 str\u00e1nky. Pou\u017e\u00edv\u00e1n\u00edm t\u011bchto str\u00e1nek souhlas\u00edte s t\u00edm, \u017ee budete v\u00e1z\u00e1ni aktu\u00e1ln\u00ed verz\u00ed t\u011bchto Podm\u00ednek slu\u017eby.<\/p>\n\n\n\n<h3 class=\"wp-block-heading\">Pou\u017eiteln\u00e9 pr\u00e1vn\u00ed p\u0159edpisy<\/h3>\n\n\n\n<p>Tyto obchodn\u00ed podm\u00ednky se \u0159\u00edd\u00ed a vykl\u00e1daj\u00ed v souladu se z\u00e1kony\u00a0<a href=\"https:\/\/rosstylepro.com\/cs\/\">Rosstylepro<\/a> a neodvolateln\u011b se pod\u0159izujete v\u00fdlu\u010dn\u00e9 jurisdikci soud\u016f dan\u00e9ho st\u00e1tu nebo lokality.<\/p>","protected":false},"excerpt":{"rendered":"<p>1. V\u0161eobecn\u00e9 obchodn\u00ed podm\u00ednky P\u0159\u00edstupem na webov\u00e9 str\u00e1nky Rosstylepro souhlas\u00edte s t\u00edm, \u017ee budete v\u00e1z\u00e1ni t\u011bmito Podm\u00ednkami slu\u017eby, v\u0161emi platn\u00fdmi z\u00e1kony a p\u0159edpisy a souhlas\u00edte s t\u00edm, \u017ee jste zodpov\u011bdn\u00ed za dodr\u017eov\u00e1n\u00ed v\u0161ech platn\u00fdch m\u00edstn\u00edch z\u00e1kon\u016f. Pokud s n\u011bkterou z t\u011bchto podm\u00ednek nesouhlas\u00edte, je v\u00e1m zak\u00e1z\u00e1no webov\u00e9 str\u00e1nky pou\u017e\u00edvat nebo k nim p\u0159istupovat.<\/p>","protected":false},"author":38,"featured_media":0,"parent":0,"menu_order":0,"comment_status":"closed","ping_status":"closed","template":"page-nosidebar.php","meta":{"footnotes":""},"yoast_head":"<!-- This site is optimized with the Yoast SEO plugin v23.3 - https:\/\/yoast.com\/wordpress\/plugins\/seo\/ -->\n<title>Condiciones de uso - RosstylePRO<\/title>\n<meta name=\"robots\" content=\"index, follow, max-snippet:-1, max-image-preview:large, max-video-preview:-1\" \/>\n<link rel=\"canonical\" href=\"https:\/\/rosstylepro.com\/cs\/condiciones-de-uso\/\" \/>\n<meta property=\"og:locale\" content=\"cs_CZ\" \/>\n<meta property=\"og:type\" content=\"article\" \/>\n<meta property=\"og:title\" content=\"Condiciones de uso - RosstylePRO\" \/>\n<meta property=\"og:description\" content=\"1.Condiciones generales Al acceder al sitio web de Rosstylepro usted acepta quedar vinculado por estas condiciones de servicio, todas las leyes y reglamentos aplicables, y acepta que es responsable del cumplimiento de cualquier ley local aplicable. Si usted no est\u00e1 de acuerdo con cualquiera de estos t\u00e9rminos, se le proh\u00edbe el uso o acceso a [&hellip;]\" \/>\n<meta property=\"og:url\" content=\"https:\/\/rosstylepro.com\/cs\/condiciones-de-uso\/\" \/>\n<meta property=\"og:site_name\" content=\"RosstylePRO\" \/>\n<meta property=\"article:modified_time\" content=\"2025-01-17T16:25:35+00:00\" \/>\n<meta name=\"twitter:card\" content=\"summary_large_image\" \/>\n<meta name=\"twitter:label1\" content=\"Est. reading time\" \/>\n\t<meta name=\"twitter:data1\" content=\"4 minuty\" \/>\n<script type=\"application\/ld+json\" class=\"yoast-schema-graph\">{\"@context\":\"https:\/\/schema.org\",\"@graph\":[{\"@type\":\"WebPage\",\"@id\":\"https:\/\/rosstylepro.com\/condiciones-de-uso\/\",\"url\":\"https:\/\/rosstylepro.com\/condiciones-de-uso\/\",\"name\":\"Condiciones de uso - RosstylePRO\",\"isPartOf\":{\"@id\":\"https:\/\/rosstylepro.com\/en\/#website\"},\"datePublished\":\"2024-05-03T15:02:42+00:00\",\"dateModified\":\"2025-01-17T16:25:35+00:00\",\"breadcrumb\":{\"@id\":\"https:\/\/rosstylepro.com\/condiciones-de-uso\/#breadcrumb\"},\"inLanguage\":\"cs\",\"potentialAction\":[{\"@type\":\"ReadAction\",\"target\":[\"https:\/\/rosstylepro.com\/condiciones-de-uso\/\"]}]},{\"@type\":\"BreadcrumbList\",\"@id\":\"https:\/\/rosstylepro.com\/condiciones-de-uso\/#breadcrumb\",\"itemListElement\":[{\"@type\":\"ListItem\",\"position\":1,\"name\":\"Home\",\"item\":\"https:\/\/rosstylepro.com\/\"},{\"@type\":\"ListItem\",\"position\":2,\"name\":\"Condiciones de uso\"}]},{\"@type\":\"WebSite\",\"@id\":\"https:\/\/rosstylepro.com\/en\/#website\",\"url\":\"https:\/\/rosstylepro.com\/en\/\",\"name\":\"RosstylePRO\",\"description\":\"\",\"potentialAction\":[{\"@type\":\"SearchAction\",\"target\":{\"@type\":\"EntryPoint\",\"urlTemplate\":\"https:\/\/rosstylepro.com\/en\/?s={search_term_string}\"},\"query-input\":\"required name=search_term_string\"}],\"inLanguage\":\"cs\"}]}<\/script>\n<!-- \/ Yoast SEO plugin. -->","yoast_head_json":{"title":"Condiciones de uso - RosstylePRO","robots":{"index":"index","follow":"follow","max-snippet":"max-snippet:-1","max-image-preview":"max-image-preview:large","max-video-preview":"max-video-preview:-1"},"canonical":"https:\/\/rosstylepro.com\/cs\/condiciones-de-uso\/","og_locale":"cs_CZ","og_type":"article","og_title":"Condiciones de uso - RosstylePRO","og_description":"1.Condiciones generales Al acceder al sitio web de Rosstylepro usted acepta quedar vinculado por estas condiciones de servicio, todas las leyes y reglamentos aplicables, y acepta que es responsable del cumplimiento de cualquier ley local aplicable. Si usted no est\u00e1 de acuerdo con cualquiera de estos t\u00e9rminos, se le proh\u00edbe el uso o acceso a [&hellip;]","og_url":"https:\/\/rosstylepro.com\/cs\/condiciones-de-uso\/","og_site_name":"RosstylePRO","article_modified_time":"2025-01-17T16:25:35+00:00","twitter_card":"summary_large_image","twitter_misc":{"Est. reading time":"4 minuty"},"schema":{"@context":"https:\/\/schema.org","@graph":[{"@type":"WebPage","@id":"https:\/\/rosstylepro.com\/condiciones-de-uso\/","url":"https:\/\/rosstylepro.com\/condiciones-de-uso\/","name":"Condiciones de uso - RosstylePRO","isPartOf":{"@id":"https:\/\/rosstylepro.com\/en\/#website"},"datePublished":"2024-05-03T15:02:42+00:00","dateModified":"2025-01-17T16:25:35+00:00","breadcrumb":{"@id":"https:\/\/rosstylepro.com\/condiciones-de-uso\/#breadcrumb"},"inLanguage":"cs","potentialAction":[{"@type":"ReadAction","target":["https:\/\/rosstylepro.com\/condiciones-de-uso\/"]}]},{"@type":"BreadcrumbList","@id":"https:\/\/rosstylepro.com\/condiciones-de-uso\/#breadcrumb","itemListElement":[{"@type":"ListItem","position":1,"name":"Home","item":"https:\/\/rosstylepro.com\/"},{"@type":"ListItem","position":2,"name":"Condiciones de uso"}]},{"@type":"WebSite","@id":"https:\/\/rosstylepro.com\/en\/#website","url":"https:\/\/rosstylepro.com\/en\/","name":"RosstylePRO","description":"","potentialAction":[{"@type":"SearchAction","target":{"@type":"EntryPoint","urlTemplate":"https:\/\/rosstylepro.com\/en\/?s={search_term_string}"},"query-input":"required name=search_term_string"}],"inLanguage":"cs"}]}},"_links":{"self":[{"href":"https:\/\/rosstylepro.com\/cs\/wp-json\/wp\/v2\/pages\/117"}],"collection":[{"href":"https:\/\/rosstylepro.com\/cs\/wp-json\/wp\/v2\/pages"}],"about":[{"href":"https:\/\/rosstylepro.com\/cs\/wp-json\/wp\/v2\/types\/page"}],"author":[{"embeddable":true,"href":"https:\/\/rosstylepro.com\/cs\/wp-json\/wp\/v2\/users\/38"}],"replies":[{"embeddable":true,"href":"https:\/\/rosstylepro.com\/cs\/wp-json\/wp\/v2\/comments?post=117"}],"version-history":[{"count":1,"href":"https:\/\/rosstylepro.com\/cs\/wp-json\/wp\/v2\/pages\/117\/revisions"}],"predecessor-version":[{"id":1560,"href":"https:\/\/rosstylepro.com\/cs\/wp-json\/wp\/v2\/pages\/117\/revisions\/1560"}],"wp:attachment":[{"href":"https:\/\/rosstylepro.com\/cs\/wp-json\/wp\/v2\/media?parent=117"}],"curies":[{"name":"wp","href":"https:\/\/api.w.org\/{rel}","templated":true}]}}