{"id":66,"date":"2024-05-02T12:17:37","date_gmt":"2024-05-02T15:17:37","guid":{"rendered":"https:\/\/rosstylepro.com\/?page_id=66"},"modified":"2025-01-17T16:25:36","modified_gmt":"2025-01-17T16:25:36","slug":"politica-de-privacidad","status":"publish","type":"page","link":"https:\/\/rosstylepro.com\/cs\/politica-de-privacidad\/","title":{"rendered":"Z\u00e1sady ochrany osobn\u00edch \u00fadaj\u016f"},"content":{"rendered":"<p>Va\u0161e soukrom\u00ed je pro n\u00e1s d\u016fle\u017eit\u00e9. V Rosstylepro m\u00e1me politiku respektov\u00e1n\u00ed va\u0161eho soukrom\u00ed ohledn\u011b jak\u00fdchkoli informac\u00ed, kter\u00e9 m\u016f\u017eeme shrom\u00e1\u017edit na str\u00e1nk\u00e1ch Rosstylepro a na dal\u0161\u00edch str\u00e1nk\u00e1ch, kter\u00e9 vlastn\u00edme a provozujeme.<\/p>\n\n\n\n<p>Osobn\u00ed \u00fadaje po\u017eadujeme pouze tehdy, kdy\u017e je skute\u010dn\u011b pot\u0159ebujeme k tomu, abychom v\u00e1m mohli poskytnout slu\u017ebu. \u010cin\u00edme tak spravedliv\u011b a leg\u00e1ln\u011b, s va\u0161\u00edm v\u011bdom\u00edm a souhlasem. Tak\u00e9 v\u00e1s informujeme, pro\u010d tyto informace shroma\u017e\u010fujeme a jak je pou\u017eijeme.<\/p>\n\n\n\n<p>Shrom\u00e1\u017ed\u011bn\u00e9 informace uchov\u00e1v\u00e1me pouze po dobu nezbytn\u011b nutnou k poskytnut\u00ed po\u017eadovan\u00e9 slu\u017eby. Kdy\u017e data uchov\u00e1v\u00e1me, chr\u00e1n\u00edme je komer\u010dn\u011b p\u0159ijateln\u00fdmi prost\u0159edky, abychom zabr\u00e1nili ztr\u00e1t\u011b, kr\u00e1de\u017ei, neopr\u00e1vn\u011bn\u00e9mu p\u0159\u00edstupu, zve\u0159ejn\u011bn\u00ed, kop\u00edrov\u00e1n\u00ed, pou\u017eit\u00ed nebo \u00faprav\u011b.<\/p>\n\n\n\n<p>Osobn\u00ed \u00fadaje nesd\u00edl\u00edme ve\u0159ejn\u011b ani se t\u0159et\u00edmi stranami, pokud to nevy\u017eaduje z\u00e1kon.<\/p>\n\n\n\n<p>Na\u0161e str\u00e1nky mohou obsahovat odkazy na extern\u00ed str\u00e1nky, kter\u00e9 neprovozujeme. Uv\u011bdomte si pros\u00edm, \u017ee nem\u00e1me \u017e\u00e1dnou kontrolu nad obsahem a praktikami t\u011bchto str\u00e1nek a nem\u016f\u017eeme n\u00e9st odpov\u011bdnost za jejich z\u00e1sady ochrany osobn\u00edch \u00fadaj\u016f.<\/p>\n\n\n\n<p>Na\u0161i \u017e\u00e1dost o osobn\u00ed \u00fadaje m\u016f\u017eete odm\u00edtnout, i kdy\u017e si uv\u011bdomte, \u017ee v\u00e1m nemus\u00edme b\u00fdt schopni poskytnout n\u011bkter\u00e9 po\u017eadovan\u00e9 slu\u017eby.<\/p>\n\n\n\n<p>Va\u0161e dal\u0161\u00ed pou\u017e\u00edv\u00e1n\u00ed na\u0161ich str\u00e1nek bude pova\u017eov\u00e1no za p\u0159ijet\u00ed na\u0161ich postup\u016f t\u00fdkaj\u00edc\u00edch se soukrom\u00ed a osobn\u00edch \u00fadaj\u016f. M\u00e1te-li jak\u00e9koli dotazy ohledn\u011b toho, jak nakl\u00e1d\u00e1me s u\u017eivatelsk\u00fdmi \u00fadaji a osobn\u00edmi \u00fadaji, kontaktujte n\u00e1s.<\/p>\n\n\n\n<h2 class=\"wp-block-heading\">Zabezpe\u010den\u00ed webu Rosstylepro<\/h2>\n\n\n\n<p>Str\u00e1nka je pro u\u017eivatele spolehliv\u00e1 a bezpe\u010dn\u00e1, jak uv\u00e1d\u00ed Site Check. Str\u00e1nka kontroluje informace o webu a identifikuje potenci\u00e1ln\u00ed bezpe\u010dnostn\u00ed probl\u00e9my.<\/p>\n\n\n\n<h2 class=\"wp-block-heading\">Z\u00e1sady soubor\u016f cookie spole\u010dnosti Rosstylepro<\/h2>\n\n\n\n<p><strong>Co jsou cookies?<\/strong><\/p>\n\n\n\n<p>Jak je b\u011b\u017en\u00e9 u t\u00e9m\u011b\u0159 v\u0161ech profesion\u00e1ln\u00edch webov\u00fdch str\u00e1nek, tato str\u00e1nka pou\u017e\u00edv\u00e1 soubory cookie, co\u017e jsou mal\u00e9 soubory sta\u017een\u00e9 do va\u0161eho po\u010d\u00edta\u010de, aby se zlep\u0161ila va\u0161e zku\u0161enost. Tato str\u00e1nka popisuje, jak\u00e9 informace shroma\u017e\u010fuj\u00ed, jak je pou\u017e\u00edv\u00e1me a pro\u010d n\u011bkdy pot\u0159ebujeme tyto soubory cookie ukl\u00e1dat. Uk\u00e1\u017eeme v\u00e1m tak\u00e9, jak m\u016f\u017eete zabr\u00e1nit ukl\u00e1d\u00e1n\u00ed t\u011bchto soubor\u016f cookie, i kdy\u017e to m\u016f\u017ee ovlivnit funk\u010dnost str\u00e1nek.<\/p>\n\n\n\n<p><strong>Jak pou\u017e\u00edv\u00e1me soubory cookie?<\/strong><\/p>\n\n\n\n<p>Soubory cookie pou\u017e\u00edv\u00e1me z n\u011bkolika d\u016fvod\u016f, kter\u00e9 jsou podrobn\u011b pops\u00e1ny n\u00ed\u017ee. Bohu\u017eel ve v\u011bt\u0161in\u011b p\u0159\u00edpad\u016f neexistuj\u00ed \u017e\u00e1dn\u00e9 standardn\u00ed mo\u017enosti pro zak\u00e1z\u00e1n\u00ed soubor\u016f cookie bez \u00fapln\u00e9ho zak\u00e1z\u00e1n\u00ed funkc\u00ed a funkc\u00ed, kter\u00e9 p\u0159id\u00e1vaj\u00ed na tento web. Doporu\u010dujeme ponechat v\u0161echny soubory cookie povolen\u00e9, pokud si nejste jisti, zda je pot\u0159ebujete nebo ne, v p\u0159\u00edpad\u011b, \u017ee se pou\u017e\u00edvaj\u00ed k poskytov\u00e1n\u00ed slu\u017eby, kterou pou\u017e\u00edv\u00e1te.<\/p>\n\n\n\n<p><strong>Deaktivace cookies<\/strong><\/p>\n\n\n\n<p>Nastavov\u00e1n\u00ed cookies m\u016f\u017eete zabr\u00e1nit \u00fapravou nastaven\u00ed va\u0161eho prohl\u00ed\u017ee\u010de (viz n\u00e1pov\u011bda va\u0161eho prohl\u00ed\u017ee\u010de, jak to ud\u011blat). Upozor\u0148ujeme, \u017ee zak\u00e1z\u00e1n\u00ed soubor\u016f cookie ovlivn\u00ed funk\u010dnost t\u00e9to a mnoha dal\u0161\u00edch str\u00e1nek, kter\u00e9 nav\u0161t\u00edv\u00edte. Zak\u00e1z\u00e1n\u00ed soubor\u016f cookie obecn\u011b povede k deaktivaci ur\u010dit\u00fdch funkc\u00ed a vlastnost\u00ed tohoto webu. Proto se doporu\u010duje nezakazovat soubory cookie.<\/p>\n\n\n\n<p><strong>Soubory cookie, kter\u00e9 jsme nastavili<\/strong><\/p>\n\n\n\n<ul>\n<li>Cookies souvisej\u00edc\u00ed s \u00fa\u010dtem<br><br>Pokud si u n\u00e1s vytvo\u0159\u00edte \u00fa\u010det, budeme pou\u017e\u00edvat soubory cookie ke spr\u00e1v\u011b registra\u010dn\u00edho procesu a obecn\u00e9 administrace. Tyto soubory cookie budou obvykle odstran\u011bny, kdy\u017e se odhl\u00e1s\u00edte, ale v n\u011bkter\u00fdch p\u0159\u00edpadech mohou z\u016fstat, aby si pamatovaly va\u0161e p\u0159edvolby webu, kdy\u017e se odhl\u00e1s\u00edte.<\/li>\n\n\n\n<li>Cookies souvisej\u00edc\u00ed s p\u0159ihl\u00e1\u0161en\u00edm<br><br>Soubory cookie pou\u017e\u00edv\u00e1me, kdy\u017e se p\u0159ihl\u00e1s\u00edte, abychom si tuto akci zapamatovali. D\u00edky tomu se nebudete muset p\u0159ihla\u0161ovat poka\u017ed\u00e9, kdy\u017e nav\u0161t\u00edv\u00edte novou str\u00e1nku. Tyto soubory cookie se obvykle vyma\u017eou, kdy\u017e se odhl\u00e1s\u00edte, aby bylo zaji\u0161t\u011bno, \u017ee po p\u0159ihl\u00e1\u0161en\u00ed budete m\u00edt p\u0159\u00edstup pouze k omezen\u00fdm funkc\u00edm a oblastem.<\/li>\n\n\n\n<li>Soubory cookie souvisej\u00edc\u00ed s e-mailov\u00fdmi zpravodaji<br><br>Tato str\u00e1nka nab\u00edz\u00ed slu\u017eby odb\u011bru novinek nebo e-mail\u016f a soubory cookie mohou b\u00fdt pou\u017eity k zapamatov\u00e1n\u00ed, zda jste ji\u017e zaregistrov\u00e1ni a zda se maj\u00ed zobrazovat ur\u010dit\u00e1 upozorn\u011bn\u00ed pouze registrovan\u00fdm\/neregistrovan\u00fdm u\u017eivatel\u016fm.<\/li>\n\n\n\n<li>Soubory cookie souvisej\u00edc\u00ed se zpracov\u00e1n\u00edm objedn\u00e1vky<br><br>Tato str\u00e1nka nab\u00edz\u00ed mo\u017enosti elektronick\u00e9ho obchodov\u00e1n\u00ed nebo platby a n\u011bkter\u00e9 soubory cookie jsou nezbytn\u00e9 k tomu, aby si str\u00e1nky zapamatovaly va\u0161i objedn\u00e1vku, abychom ji mohli spr\u00e1vn\u011b zpracovat.<\/li>\n\n\n\n<li>Cookies souvisej\u00edc\u00ed s pr\u016fzkumem<br><br>Pravideln\u011b nab\u00edz\u00edme pr\u016fzkumy a dotazn\u00edky, abychom v\u00e1m poskytli zaj\u00edmav\u00e9 informace, u\u017eite\u010dn\u00e9 n\u00e1stroje nebo l\u00e9pe porozum\u011bli na\u0161\u00ed u\u017eivatelsk\u00e9 z\u00e1kladn\u011b. Tyto pr\u016fzkumy mohou pou\u017e\u00edvat soubory cookie k zapamatov\u00e1n\u00ed si toho, kdo se pr\u016fzkumu z\u00fa\u010dastnil, nebo k poskytov\u00e1n\u00ed p\u0159esn\u00fdch v\u00fdsledk\u016f po zm\u011bn\u011b str\u00e1nek.<\/li>\n\n\n\n<li>Soubory cookie souvisej\u00edc\u00ed s formul\u00e1\u0159i<br><br>Kdy\u017e ode\u0161lete data prost\u0159ednictv\u00edm formul\u00e1\u0159e, jako jsou ty, kter\u00e9 najdete na kontaktn\u00edch str\u00e1nk\u00e1ch nebo formul\u00e1\u0159\u00edch pro koment\u00e1\u0159e, mohou b\u00fdt nastaveny soubory cookie, aby si zapamatovaly va\u0161e u\u017eivatelsk\u00e9 \u00fadaje pro budouc\u00ed korespondenci.<\/li>\n\n\n\n<li>Soubory cookie p\u0159edvoleb webu<br><br>Abychom zajistili optim\u00e1ln\u00ed z\u00e1\u017eitek z tohoto webu, poskytujeme funkci pro nastaven\u00ed va\u0161ich preferenc\u00ed, jak tento web b\u011b\u017e\u00ed, kdy\u017e je pou\u017e\u00edv\u00e1te. Abychom si zapamatovali va\u0161e preference, mus\u00edme nastavit soubory cookie tak, aby bylo mo\u017en\u00e9 tyto informace volat p\u0159i ka\u017ed\u00e9 interakci se str\u00e1nkou, kter\u00e1 je ovlivn\u011bna va\u0161imi preferencemi.<\/li>\n<\/ul>\n\n\n\n<h2 class=\"wp-block-heading\">Soubory cookie t\u0159et\u00edch stran<\/h2>\n\n\n\n<p>V n\u011bkter\u00fdch zvl\u00e1\u0161tn\u00edch p\u0159\u00edpadech pou\u017e\u00edv\u00e1me tak\u00e9 soubory cookie poskytovan\u00e9 d\u016fv\u011bryhodn\u00fdmi t\u0159et\u00edmi stranami. N\u00e1sleduj\u00edc\u00ed \u010d\u00e1st podrobn\u011b popisuje, s jak\u00fdmi soubory cookie t\u0159et\u00edch stran se m\u016f\u017eete na t\u00e9to str\u00e1nce setkat.<\/p>\n\n\n\n<ul>\n<li>Tento web pou\u017e\u00edv\u00e1\u00a0<a href=\"https:\/\/analytics.google.com\/analytics\/web\/#\/p419479084\/reports\/intelligenthome\"><em>Google Analytics<\/em><\/a>, co\u017e je jedno z nejroz\u0161\u00ed\u0159en\u011bj\u0161\u00edch a nejd\u016fv\u011bryhodn\u011bj\u0161\u00edch \u0159e\u0161en\u00ed webov\u00e9 anal\u00fdzy, kter\u00e9 n\u00e1m pom\u016f\u017ee porozum\u011bt tomu, jak str\u00e1nky pou\u017e\u00edv\u00e1te a jak m\u016f\u017eeme zlep\u0161it va\u0161i zku\u0161enost. Tyto soubory cookie mohou sledovat v\u011bci, jako je doba, kterou str\u00e1v\u00edte na webu a str\u00e1nky, kter\u00e9 nav\u0161t\u00edv\u00edte, abychom mohli pokra\u010dovat ve vytv\u00e1\u0159en\u00ed poutav\u00e9ho obsahu.<\/li>\n<\/ul>\n\n\n\n<p>Dal\u0161\u00ed informace o souborech cookie Google Analytics naleznete na ofici\u00e1ln\u00ed str\u00e1nce Google Analytics.<\/p>\n\n\n\n<ul>\n<li>Anal\u00fdzy t\u0159et\u00edch stran se pou\u017e\u00edvaj\u00ed ke sledov\u00e1n\u00ed a m\u011b\u0159en\u00ed pou\u017e\u00edv\u00e1n\u00ed tohoto webu, abychom mohli pokra\u010dovat ve vytv\u00e1\u0159en\u00ed poutav\u00e9ho obsahu. Tyto soubory cookie mohou sledovat v\u011bci, jako je doba, kterou na webu str\u00e1v\u00edte nebo jak\u00e9 str\u00e1nky nav\u0161t\u00edv\u00edte, co\u017e n\u00e1m pom\u00e1h\u00e1 pochopit, jak pro v\u00e1s m\u016f\u017eeme web vylep\u0161it.<\/li>\n\n\n\n<li>Pravideln\u011b testujeme nov\u00e9 funkce a prov\u00e1d\u00edme drobn\u00e9 zm\u011bny ve zp\u016fsobu prezentace webu. Kdy\u017e st\u00e1le testujeme nov\u00e9 funkce, mohou b\u00fdt tyto soubory cookie pou\u017e\u00edv\u00e1ny k zaji\u0161t\u011bn\u00ed konzistentn\u00edho z\u00e1\u017eitku na webu, p\u0159i\u010dem\u017e rozum\u00edme, kter\u00e9 optimalizace se na\u0161im u\u017eivatel\u016fm l\u00edb\u00ed nejv\u00edce.<\/li>\n\n\n\n<li>P\u0159i prodeji produkt\u016f je pro n\u00e1s d\u016fle\u017eit\u00e9 porozum\u011bt statistik\u00e1m o tom, kolik n\u00e1v\u0161t\u011bvn\u00edk\u016f na\u0161ich str\u00e1nek skute\u010dn\u011b nakupuje, tak\u017ee tyto soubory cookie sleduj\u00ed tento typ dat. To je pro v\u00e1s d\u016fle\u017eit\u00e9, proto\u017ee to znamen\u00e1, \u017ee m\u016f\u017eeme p\u0159esn\u011b vytv\u00e1\u0159et obchodn\u00ed p\u0159edpov\u011bdi, kter\u00e9 n\u00e1m umo\u017e\u0148uj\u00ed analyzovat na\u0161e reklamn\u00ed a produktov\u00e9 n\u00e1klady, abychom zajistili nejlep\u0161\u00ed mo\u017enou cenu.<\/li>\n<\/ul>\n\n\n\n<h2 class=\"wp-block-heading\">Zapojen\u00ed u\u017eivatel\u016f<\/h2>\n\n\n\n<p>U\u017eivatel souhlas\u00ed s t\u00edm, \u017ee n\u00e1le\u017eit\u011b pou\u017eije obsah a informace, kter\u00e9 Rosstyleproof poskytuje na str\u00e1nce, v\u010detn\u011b, ale nejen:<\/p>\n\n\n\n<ul>\n<li>A) ne\u00fa\u010dastnit se nez\u00e1konn\u00fdch \u010dinnost\u00ed nebo \u010dinnost\u00ed, kter\u00e9 jsou v rozporu s dobrou v\u00edrou a ve\u0159ejn\u00fdm po\u0159\u00e1dkem;<\/li>\n\n\n\n<li>B) ne\u0161\u00ed\u0159it propagandu nebo obsah rasistick\u00e9, xenofobn\u00ed, hazardn\u00ed nebo s\u00e1zka\u0159sk\u00e9 povahy, nez\u00e1konnou pornografii, omluvu za terorismus nebo proti lidsk\u00fdm pr\u00e1v\u016fm;<\/li>\n\n\n\n<li>C) Nezp\u016fsobovat po\u0161kozen\u00ed fyzick\u00fdch (hardwarov\u00fdch) a logick\u00fdch (softwarov\u00fdch) syst\u00e9m\u016f spole\u010dnosti Rosstylepro, jej\u00edch dodavatel\u016f nebo t\u0159et\u00edch stran, ani zav\u00e1d\u011bt nebo \u0161\u00ed\u0159it po\u010d\u00edta\u010dov\u00e9 viry nebo jin\u00e9 hardwarov\u00e9 nebo softwarov\u00e9 syst\u00e9my, kter\u00e9 mohou zp\u016fsobit v\u00fd\u0161e uveden\u00e9 \u0161kody.<\/li>\n<\/ul>\n\n\n\n<h2 class=\"wp-block-heading\">Blokov\u00e1n\u00ed cookies:<\/h2>\n\n\n\n<p>U\u017eivatel m\u016f\u017ee kdykoli zablokovat a\/nebo zak\u00e1zat soubory cookie z jak\u00e9koli str\u00e1nky, v\u010detn\u011b t\u00e9 na\u0161\u00ed. Chcete-li prov\u00e9st tento postup, p\u0159ejd\u011bte do nastaven\u00ed prohl\u00ed\u017ee\u010de. N\u00ed\u017ee naleznete n\u00e1pov\u011bdu pro hlavn\u00ed prohl\u00ed\u017ee\u010de:<\/p>\n\n\n\n<ul>\n<li><a href=\"https:\/\/support.google.com\/accounts\/answer\/61416?hl=en\"><em>Google Chrome<\/em><\/a><\/li>\n\n\n\n<li><a href=\"https:\/\/support.mozilla.org\/en-US\/kb\/enhanced-tracking-protection-firefox-desktop?redirectlocale=en-US&amp;redirectslug=enable-and-disable-cookies-website-preferences\"><em>Firefox<\/em><\/a><\/li>\n\n\n\n<li><a href=\"https:\/\/support.microsoft.com\/pt-br\/windows\/excluir-e-gerenciar-cookies-168dab11-0753-043d-7c16-ede5947fc64d\"><em>Microsoft Edge<\/em><\/a><\/li>\n\n\n\n<li><a href=\"https:\/\/blogs.opera.com\/news\/2015\/08\/how-to-manage-cookies-in-opera\/\"><em>Opera<\/em><\/a><\/li>\n\n\n\n<li><a href=\"https:\/\/support.apple.com\/pt-br\/guide\/safari\/sfri11471\/mac\"><em>Safari<\/em><\/a><\/li>\n<\/ul>\n\n\n\n<h2 class=\"wp-block-heading\">V\u00edce informac\u00ed<\/h2>\n\n\n\n<p>Doufejme, \u017ee to rozpt\u00fdl\u00ed va\u0161e pochybnosti, a jak ji\u017e bylo zm\u00edn\u011bno, pokud si nejste n\u011b\u010d\u00edm jisti, zda to pot\u0159ebujete nebo ne, je obvykle bezpe\u010dn\u011bj\u0161\u00ed ponechat soubory cookie povolen\u00e9 pro p\u0159\u00edpad, \u017ee budete interagovat s n\u011bkterou z funkc\u00ed, kter\u00e9 na na\u0161em webu pou\u017e\u00edv\u00e1te.<\/p>\n\n\n\n<p>Tyto z\u00e1sady jsou \u00fa\u010dinn\u00e9 od dubna 2024.<\/p>","protected":false},"excerpt":{"rendered":"<p>Va\u0161e soukrom\u00ed je pro n\u00e1s d\u016fle\u017eit\u00e9. V Rosstylepro m\u00e1me z\u00e1sady respektov\u00e1n\u00ed va\u0161eho soukrom\u00ed, pokud jde o ve\u0161ker\u00e9 informace, kter\u00e9 m\u016f\u017eeme shroma\u017e\u010fovat na str\u00e1nk\u00e1ch Rosstylepro a dal\u0161\u00edch str\u00e1nk\u00e1ch, kter\u00e9 vlastn\u00edme a provozujeme. Osobn\u00ed \u00fadaje po\u017eadujeme pouze tehdy, kdy\u017e je skute\u010dn\u011b pot\u0159ebujeme k poskytnut\u00ed slu\u017eby. \u010cin\u00edme tak spravedliv\u011b a leg\u00e1ln\u011b, s ohledem na va\u0161e [\u2026]<\/p>","protected":false},"author":38,"featured_media":0,"parent":0,"menu_order":0,"comment_status":"closed","ping_status":"closed","template":"page-nosidebar.php","meta":{"footnotes":""},"yoast_head":"<!-- This site is optimized with the Yoast SEO plugin v23.3 - https:\/\/yoast.com\/wordpress\/plugins\/seo\/ -->\n<title>Pol\u00edtica de privacidad<\/title>\n<meta name=\"description\" content=\"Pol\u00edtica de privacidad, Tu privacidad es importante para nosotros. En Rosstylepro tenemos la pol\u00edtica de respetar tu privacidad en re...\" \/>\n<meta name=\"robots\" content=\"index, follow, max-snippet:-1, max-image-preview:large, max-video-preview:-1\" \/>\n<link rel=\"canonical\" href=\"https:\/\/rosstylepro.com\/cs\/politica-de-privacidad\/\" \/>\n<meta property=\"og:locale\" content=\"cs_CZ\" \/>\n<meta property=\"og:type\" content=\"article\" \/>\n<meta property=\"og:title\" content=\"Pol\u00edtica de privacidad\" \/>\n<meta property=\"og:description\" content=\"Pol\u00edtica de privacidad, Tu privacidad es importante para nosotros. En Rosstylepro tenemos la pol\u00edtica de respetar tu privacidad en re...\" \/>\n<meta property=\"og:url\" content=\"https:\/\/rosstylepro.com\/cs\/politica-de-privacidad\/\" \/>\n<meta property=\"og:site_name\" content=\"RosstylePRO\" \/>\n<meta property=\"article:modified_time\" content=\"2025-01-17T16:25:36+00:00\" \/>\n<meta name=\"twitter:card\" content=\"summary_large_image\" \/>\n<meta name=\"twitter:label1\" content=\"Est. reading time\" \/>\n\t<meta name=\"twitter:data1\" content=\"8 minut\" \/>\n<script type=\"application\/ld+json\" class=\"yoast-schema-graph\">{\"@context\":\"https:\/\/schema.org\",\"@graph\":[{\"@type\":\"WebPage\",\"@id\":\"https:\/\/rosstylepro.com\/politica-de-privacidad\/\",\"url\":\"https:\/\/rosstylepro.com\/politica-de-privacidad\/\",\"name\":\"Pol\u00edtica de privacidad\",\"isPartOf\":{\"@id\":\"https:\/\/rosstylepro.com\/en\/#website\"},\"datePublished\":\"2024-05-02T15:17:37+00:00\",\"dateModified\":\"2025-01-17T16:25:36+00:00\",\"description\":\"Pol\u00edtica de privacidad, Tu privacidad es importante para nosotros. En Rosstylepro tenemos la pol\u00edtica de respetar tu privacidad en re...\",\"breadcrumb\":{\"@id\":\"https:\/\/rosstylepro.com\/politica-de-privacidad\/#breadcrumb\"},\"inLanguage\":\"cs\",\"potentialAction\":[{\"@type\":\"ReadAction\",\"target\":[\"https:\/\/rosstylepro.com\/politica-de-privacidad\/\"]}]},{\"@type\":\"BreadcrumbList\",\"@id\":\"https:\/\/rosstylepro.com\/politica-de-privacidad\/#breadcrumb\",\"itemListElement\":[{\"@type\":\"ListItem\",\"position\":1,\"name\":\"Home\",\"item\":\"https:\/\/rosstylepro.com\/\"},{\"@type\":\"ListItem\",\"position\":2,\"name\":\"Pol\u00edtica de privacidad\"}]},{\"@type\":\"WebSite\",\"@id\":\"https:\/\/rosstylepro.com\/en\/#website\",\"url\":\"https:\/\/rosstylepro.com\/en\/\",\"name\":\"RosstylePRO\",\"description\":\"\",\"potentialAction\":[{\"@type\":\"SearchAction\",\"target\":{\"@type\":\"EntryPoint\",\"urlTemplate\":\"https:\/\/rosstylepro.com\/en\/?s={search_term_string}\"},\"query-input\":\"required name=search_term_string\"}],\"inLanguage\":\"cs\"}]}<\/script>\n<!-- \/ Yoast SEO plugin. -->","yoast_head_json":{"title":"Pol\u00edtica de privacidad","description":"Pol\u00edtica de privacidad, Tu privacidad es importante para nosotros. En Rosstylepro tenemos la pol\u00edtica de respetar tu privacidad en re...","robots":{"index":"index","follow":"follow","max-snippet":"max-snippet:-1","max-image-preview":"max-image-preview:large","max-video-preview":"max-video-preview:-1"},"canonical":"https:\/\/rosstylepro.com\/cs\/politica-de-privacidad\/","og_locale":"cs_CZ","og_type":"article","og_title":"Pol\u00edtica de privacidad","og_description":"Pol\u00edtica de privacidad, Tu privacidad es importante para nosotros. En Rosstylepro tenemos la pol\u00edtica de respetar tu privacidad en re...","og_url":"https:\/\/rosstylepro.com\/cs\/politica-de-privacidad\/","og_site_name":"RosstylePRO","article_modified_time":"2025-01-17T16:25:36+00:00","twitter_card":"summary_large_image","twitter_misc":{"Est. reading time":"8 minut"},"schema":{"@context":"https:\/\/schema.org","@graph":[{"@type":"WebPage","@id":"https:\/\/rosstylepro.com\/politica-de-privacidad\/","url":"https:\/\/rosstylepro.com\/politica-de-privacidad\/","name":"Pol\u00edtica de privacidad","isPartOf":{"@id":"https:\/\/rosstylepro.com\/en\/#website"},"datePublished":"2024-05-02T15:17:37+00:00","dateModified":"2025-01-17T16:25:36+00:00","description":"Pol\u00edtica de privacidad, Tu privacidad es importante para nosotros. En Rosstylepro tenemos la pol\u00edtica de respetar tu privacidad en re...","breadcrumb":{"@id":"https:\/\/rosstylepro.com\/politica-de-privacidad\/#breadcrumb"},"inLanguage":"cs","potentialAction":[{"@type":"ReadAction","target":["https:\/\/rosstylepro.com\/politica-de-privacidad\/"]}]},{"@type":"BreadcrumbList","@id":"https:\/\/rosstylepro.com\/politica-de-privacidad\/#breadcrumb","itemListElement":[{"@type":"ListItem","position":1,"name":"Home","item":"https:\/\/rosstylepro.com\/"},{"@type":"ListItem","position":2,"name":"Pol\u00edtica de privacidad"}]},{"@type":"WebSite","@id":"https:\/\/rosstylepro.com\/en\/#website","url":"https:\/\/rosstylepro.com\/en\/","name":"RosstylePRO","description":"","potentialAction":[{"@type":"SearchAction","target":{"@type":"EntryPoint","urlTemplate":"https:\/\/rosstylepro.com\/en\/?s={search_term_string}"},"query-input":"required name=search_term_string"}],"inLanguage":"cs"}]}},"_links":{"self":[{"href":"https:\/\/rosstylepro.com\/cs\/wp-json\/wp\/v2\/pages\/66"}],"collection":[{"href":"https:\/\/rosstylepro.com\/cs\/wp-json\/wp\/v2\/pages"}],"about":[{"href":"https:\/\/rosstylepro.com\/cs\/wp-json\/wp\/v2\/types\/page"}],"author":[{"embeddable":true,"href":"https:\/\/rosstylepro.com\/cs\/wp-json\/wp\/v2\/users\/38"}],"replies":[{"embeddable":true,"href":"https:\/\/rosstylepro.com\/cs\/wp-json\/wp\/v2\/comments?post=66"}],"version-history":[{"count":1,"href":"https:\/\/rosstylepro.com\/cs\/wp-json\/wp\/v2\/pages\/66\/revisions"}],"predecessor-version":[{"id":1563,"href":"https:\/\/rosstylepro.com\/cs\/wp-json\/wp\/v2\/pages\/66\/revisions\/1563"}],"wp:attachment":[{"href":"https:\/\/rosstylepro.com\/cs\/wp-json\/wp\/v2\/media?parent=66"}],"curies":[{"name":"wp","href":"https:\/\/api.w.org\/{rel}","templated":true}]}}