{"id":69,"date":"2024-05-02T12:20:15","date_gmt":"2024-05-02T15:20:15","guid":{"rendered":"https:\/\/rosstylepro.com\/?page_id=69"},"modified":"2025-01-17T16:25:36","modified_gmt":"2025-01-17T16:25:36","slug":"politica-de-cookies","status":"publish","type":"page","link":"https:\/\/rosstylepro.com\/cs\/politica-de-cookies\/","title":{"rendered":"Z\u00e1sady pou\u017e\u00edv\u00e1n\u00ed soubor\u016f cookie"},"content":{"rendered":"<p>Rosstylepro pou\u017e\u00edv\u00e1 na sv\u00fdch webov\u00fdch str\u00e1nk\u00e1ch rosstylepro.com soubory cookie. P\u0159ijet\u00edm na\u0161ich Z\u00e1sad pou\u017e\u00edv\u00e1n\u00ed soubor\u016f cookie souhlas\u00edte s pou\u017e\u00edv\u00e1n\u00edm soubor\u016f cookie v souladu s t\u011bmito z\u00e1sadami. Pokud nesouhlas\u00edte s pou\u017e\u00edv\u00e1n\u00edm soubor\u016f cookie, doporu\u010dujeme upravit nastaven\u00ed prohl\u00ed\u017ee\u010de nebo p\u0159estat pou\u017e\u00edvat na\u0161e webov\u00e9 str\u00e1nky.<\/p>\n\n\n\n<h2 class=\"wp-block-heading\">Co jsou soubory cookie?<\/h2>\n\n\n\n<p>Cookies jsou mal\u00e9 textov\u00e9 soubory, kter\u00e9 webov\u00e1 str\u00e1nka ukl\u00e1d\u00e1 do va\u0161eho za\u0159\u00edzen\u00ed, kdy\u017e ji nav\u0161t\u00edv\u00edte. Tyto soubory obsahuj\u00ed informace, kter\u00e9 mohou b\u00fdt na\u010dteny webem pro r\u016fzn\u00e9 \u00fa\u010dely, jako je zapamatov\u00e1n\u00ed va\u0161ich jazykov\u00fdch preferenc\u00ed, optimalizace va\u0161eho proch\u00e1zen\u00ed a shroma\u017e\u010fov\u00e1n\u00ed informac\u00ed o pou\u017e\u00edv\u00e1n\u00ed webu.<\/p>\n\n\n\n<h2 class=\"wp-block-heading\">Typy pou\u017e\u00edvan\u00fdch soubor\u016f cookie<\/h2>\n\n\n\n<h3 class=\"wp-block-heading\">Nezbytn\u00e9 soubory cookie<\/h3>\n\n\n\n<p>Tyto soubory cookie jsou nezbytn\u00e9 pro provoz webov\u00fdch str\u00e1nek a nelze je v na\u0161ich syst\u00e9mech zak\u00e1zat. Obvykle se nastavuj\u00ed pouze v reakci na v\u00e1mi proveden\u00e9 akce, kter\u00e9 p\u0159edstavuj\u00ed po\u017eadavek na slu\u017eby, jako je nastaven\u00ed va\u0161ich preferenc\u00ed ochrany osobn\u00edch \u00fadaj\u016f, p\u0159ihl\u00e1\u0161en\u00ed nebo vypln\u011bn\u00ed formul\u00e1\u0159\u016f.<\/p>\n\n\n\n<h3 class=\"wp-block-heading\">V\u00fdkonov\u00e9 soubory cookie<\/h3>\n\n\n\n<p>Tyto soubory cookie n\u00e1m pom\u00e1haj\u00ed porozum\u011bt tomu, jak n\u00e1v\u0161t\u011bvn\u00edci interaguj\u00ed s na\u0161imi webov\u00fdmi str\u00e1nkami, t\u00edm, \u017ee poskytuj\u00ed informace o nav\u0161t\u00edven\u00fdch oblastech, dob\u011b str\u00e1ven\u00e9 na webu a p\u0159\u00edpadn\u00fdch probl\u00e9mech, jako jsou chybov\u00e9 zpr\u00e1vy. To n\u00e1m pom\u00e1h\u00e1 zlep\u0161it v\u00fdkon webu a zlep\u0161it va\u0161i u\u017eivatelskou zku\u0161enost.<\/p>\n\n\n\n<h3 class=\"wp-block-heading\">Funk\u010dn\u00ed soubory cookie<\/h3>\n\n\n\n<p>Tyto soubory cookie umo\u017e\u0148uj\u00ed webu zapamatovat si va\u0161e volby, jako je va\u0161e u\u017eivatelsk\u00e9 jm\u00e9no, jazyk nebo region, ve kter\u00e9m se nach\u00e1z\u00edte, a poskytovat vylep\u0161en\u00e9, osobn\u011bj\u0161\u00ed funkce. Mohou b\u00fdt tak\u00e9 pou\u017eity k poskytov\u00e1n\u00ed po\u017eadovan\u00fdch slu\u017eeb, jako je sledov\u00e1n\u00ed videa nebo komentov\u00e1n\u00ed na blogu.<\/p>\n\n\n\n<h3 class=\"wp-block-heading\">Reklamn\u00ed soubory cookie<\/h3>\n\n\n\n<p>Tyto soubory cookie se pou\u017e\u00edvaj\u00ed k poskytov\u00e1n\u00ed reklam relevantn\u011bj\u0161\u00edch pro v\u00e1s a va\u0161e z\u00e1jmy. Pou\u017e\u00edvaj\u00ed se tak\u00e9 k omezen\u00ed po\u010dtu zobrazen\u00ed reklamy a pom\u00e1haj\u00ed m\u011b\u0159it efektivitu reklamn\u00edch kampan\u00ed.<\/p>\n\n\n\n<h2 class=\"wp-block-heading\">Spr\u00e1va soubor\u016f cookie<\/h2>\n\n\n\n<p>P\u0159i prvn\u00edm p\u0159\u00edstupu na na\u0161e webov\u00e9 str\u00e1nky budete informov\u00e1ni o pou\u017e\u00edv\u00e1n\u00ed soubor\u016f cookie a budete m\u00edt mo\u017enost souhlasit s jejich pou\u017e\u00edv\u00e1n\u00edm. Soubory cookie m\u016f\u017eete tak\u00e9 ovl\u00e1dat a spravovat v nastaven\u00ed sv\u00e9ho prohl\u00ed\u017ee\u010de. Upozor\u0148ujeme, \u017ee zak\u00e1z\u00e1n\u00ed ur\u010dit\u00fdch typ\u016f soubor\u016f cookie m\u016f\u017ee ovlivnit funk\u010dnost webov\u00fdch str\u00e1nek a va\u0161i u\u017eivatelskou zku\u0161enost.<\/p>\n\n\n\n<h2 class=\"wp-block-heading\">Zm\u011bny t\u011bchto z\u00e1sad<\/h2>\n\n\n\n<p>Tyto z\u00e1sady pou\u017e\u00edv\u00e1n\u00ed soubor\u016f cookie m\u016f\u017eeme \u010das od \u010dasu aktualizovat, aby odr\u00e1\u017eely zm\u011bny v na\u0161ich postupech pou\u017e\u00edv\u00e1n\u00ed soubor\u016f cookie. Doporu\u010dujeme v\u00e1m pravideln\u011b kontrolovat tyto z\u00e1sady, abyste byli informov\u00e1ni o v\u0161ech zm\u011bn\u00e1ch.<\/p>\n\n\n\n<p>Pokra\u010dov\u00e1n\u00edm v pou\u017e\u00edv\u00e1n\u00ed na\u0161ich webov\u00fdch str\u00e1nek po t\u011bchto zm\u011bn\u00e1ch souhlas\u00edte s pou\u017e\u00edv\u00e1n\u00edm soubor\u016f cookie v souladu s revidovan\u00fdmi z\u00e1sadami.<\/p>\n\n\n\n<h2 class=\"wp-block-heading\">Kontakt<\/h2>\n\n\n\n<p>M\u00e1te-li jak\u00e9koli dotazy t\u00fdkaj\u00edc\u00ed se na\u0161ich z\u00e1sad pou\u017e\u00edv\u00e1n\u00ed soubor\u016f cookie nebo pou\u017e\u00edv\u00e1n\u00ed soubor\u016f cookie na na\u0161em webu, kontaktujte n\u00e1s e-mailem:\u00a0<a>contact@rosstylepro.com<\/a>.<\/p>","protected":false},"excerpt":{"rendered":"<p>Spole\u010dnost Rosstylepro pou\u017e\u00edv\u00e1 na sv\u00fdch webov\u00fdch str\u00e1nk\u00e1ch rosstylepro.com soubory cookie. P\u0159ijet\u00edm na\u0161ich Z\u00e1sad pou\u017e\u00edv\u00e1n\u00ed soubor\u016f cookie souhlas\u00edte s pou\u017e\u00edv\u00e1n\u00edm soubor\u016f cookie v souladu s t\u011bmito z\u00e1sadami. Pokud s pou\u017e\u00edv\u00e1n\u00edm soubor\u016f cookie nesouhlas\u00edte, doporu\u010dujeme v\u00e1m upravit nastaven\u00ed prohl\u00ed\u017ee\u010de nebo p\u0159estat pou\u017e\u00edvat na\u0161e webov\u00e9 str\u00e1nky. Co jsou [\u2026]<\/p>","protected":false},"author":38,"featured_media":0,"parent":0,"menu_order":0,"comment_status":"closed","ping_status":"closed","template":"page-nosidebar.php","meta":{"footnotes":""},"yoast_head":"<!-- This site is optimized with the Yoast SEO plugin v23.3 - https:\/\/yoast.com\/wordpress\/plugins\/seo\/ -->\n<title>Pol\u00edtica de Cookies<\/title>\n<meta name=\"description\" content=\"Pol\u00edtica de Cookies, Rosstylepro utiliza cookies en su sitio web rosstylepro.com. Al aceptar nuestra Pol\u00edtica de Cookies, usted acepta el ...\" \/>\n<meta name=\"robots\" content=\"index, follow, max-snippet:-1, max-image-preview:large, max-video-preview:-1\" \/>\n<link rel=\"canonical\" href=\"https:\/\/rosstylepro.com\/cs\/politica-de-cookies\/\" \/>\n<meta property=\"og:locale\" content=\"cs_CZ\" \/>\n<meta property=\"og:type\" content=\"article\" \/>\n<meta property=\"og:title\" content=\"Pol\u00edtica de Cookies\" \/>\n<meta property=\"og:description\" content=\"Pol\u00edtica de Cookies, Rosstylepro utiliza cookies en su sitio web rosstylepro.com. Al aceptar nuestra Pol\u00edtica de Cookies, usted acepta el ...\" \/>\n<meta property=\"og:url\" content=\"https:\/\/rosstylepro.com\/cs\/politica-de-cookies\/\" \/>\n<meta property=\"og:site_name\" content=\"RosstylePRO\" \/>\n<meta property=\"article:modified_time\" content=\"2025-01-17T16:25:36+00:00\" \/>\n<meta name=\"twitter:card\" content=\"summary_large_image\" \/>\n<meta name=\"twitter:label1\" content=\"Est. reading time\" \/>\n\t<meta name=\"twitter:data1\" content=\"3 minuty\" \/>\n<script type=\"application\/ld+json\" class=\"yoast-schema-graph\">{\"@context\":\"https:\/\/schema.org\",\"@graph\":[{\"@type\":\"WebPage\",\"@id\":\"https:\/\/rosstylepro.com\/politica-de-cookies\/\",\"url\":\"https:\/\/rosstylepro.com\/politica-de-cookies\/\",\"name\":\"Pol\u00edtica de Cookies\",\"isPartOf\":{\"@id\":\"https:\/\/rosstylepro.com\/en\/#website\"},\"datePublished\":\"2024-05-02T15:20:15+00:00\",\"dateModified\":\"2025-01-17T16:25:36+00:00\",\"description\":\"Pol\u00edtica de Cookies, Rosstylepro utiliza cookies en su sitio web rosstylepro.com. Al aceptar nuestra Pol\u00edtica de Cookies, usted acepta el ...\",\"breadcrumb\":{\"@id\":\"https:\/\/rosstylepro.com\/politica-de-cookies\/#breadcrumb\"},\"inLanguage\":\"cs\",\"potentialAction\":[{\"@type\":\"ReadAction\",\"target\":[\"https:\/\/rosstylepro.com\/politica-de-cookies\/\"]}]},{\"@type\":\"BreadcrumbList\",\"@id\":\"https:\/\/rosstylepro.com\/politica-de-cookies\/#breadcrumb\",\"itemListElement\":[{\"@type\":\"ListItem\",\"position\":1,\"name\":\"Home\",\"item\":\"https:\/\/rosstylepro.com\/\"},{\"@type\":\"ListItem\",\"position\":2,\"name\":\"Pol\u00edtica de Cookies\"}]},{\"@type\":\"WebSite\",\"@id\":\"https:\/\/rosstylepro.com\/en\/#website\",\"url\":\"https:\/\/rosstylepro.com\/en\/\",\"name\":\"RosstylePRO\",\"description\":\"\",\"potentialAction\":[{\"@type\":\"SearchAction\",\"target\":{\"@type\":\"EntryPoint\",\"urlTemplate\":\"https:\/\/rosstylepro.com\/en\/?s={search_term_string}\"},\"query-input\":\"required name=search_term_string\"}],\"inLanguage\":\"cs\"}]}<\/script>\n<!-- \/ Yoast SEO plugin. -->","yoast_head_json":{"title":"Pol\u00edtica de Cookies","description":"Pol\u00edtica de Cookies, Rosstylepro utiliza cookies en su sitio web rosstylepro.com. Al aceptar nuestra Pol\u00edtica de Cookies, usted acepta el ...","robots":{"index":"index","follow":"follow","max-snippet":"max-snippet:-1","max-image-preview":"max-image-preview:large","max-video-preview":"max-video-preview:-1"},"canonical":"https:\/\/rosstylepro.com\/cs\/politica-de-cookies\/","og_locale":"cs_CZ","og_type":"article","og_title":"Pol\u00edtica de Cookies","og_description":"Pol\u00edtica de Cookies, Rosstylepro utiliza cookies en su sitio web rosstylepro.com. Al aceptar nuestra Pol\u00edtica de Cookies, usted acepta el ...","og_url":"https:\/\/rosstylepro.com\/cs\/politica-de-cookies\/","og_site_name":"RosstylePRO","article_modified_time":"2025-01-17T16:25:36+00:00","twitter_card":"summary_large_image","twitter_misc":{"Est. reading time":"3 minuty"},"schema":{"@context":"https:\/\/schema.org","@graph":[{"@type":"WebPage","@id":"https:\/\/rosstylepro.com\/politica-de-cookies\/","url":"https:\/\/rosstylepro.com\/politica-de-cookies\/","name":"Pol\u00edtica de Cookies","isPartOf":{"@id":"https:\/\/rosstylepro.com\/en\/#website"},"datePublished":"2024-05-02T15:20:15+00:00","dateModified":"2025-01-17T16:25:36+00:00","description":"Pol\u00edtica de Cookies, Rosstylepro utiliza cookies en su sitio web rosstylepro.com. Al aceptar nuestra Pol\u00edtica de Cookies, usted acepta el ...","breadcrumb":{"@id":"https:\/\/rosstylepro.com\/politica-de-cookies\/#breadcrumb"},"inLanguage":"cs","potentialAction":[{"@type":"ReadAction","target":["https:\/\/rosstylepro.com\/politica-de-cookies\/"]}]},{"@type":"BreadcrumbList","@id":"https:\/\/rosstylepro.com\/politica-de-cookies\/#breadcrumb","itemListElement":[{"@type":"ListItem","position":1,"name":"Home","item":"https:\/\/rosstylepro.com\/"},{"@type":"ListItem","position":2,"name":"Pol\u00edtica de Cookies"}]},{"@type":"WebSite","@id":"https:\/\/rosstylepro.com\/en\/#website","url":"https:\/\/rosstylepro.com\/en\/","name":"RosstylePRO","description":"","potentialAction":[{"@type":"SearchAction","target":{"@type":"EntryPoint","urlTemplate":"https:\/\/rosstylepro.com\/en\/?s={search_term_string}"},"query-input":"required name=search_term_string"}],"inLanguage":"cs"}]}},"_links":{"self":[{"href":"https:\/\/rosstylepro.com\/cs\/wp-json\/wp\/v2\/pages\/69"}],"collection":[{"href":"https:\/\/rosstylepro.com\/cs\/wp-json\/wp\/v2\/pages"}],"about":[{"href":"https:\/\/rosstylepro.com\/cs\/wp-json\/wp\/v2\/types\/page"}],"author":[{"embeddable":true,"href":"https:\/\/rosstylepro.com\/cs\/wp-json\/wp\/v2\/users\/38"}],"replies":[{"embeddable":true,"href":"https:\/\/rosstylepro.com\/cs\/wp-json\/wp\/v2\/comments?post=69"}],"version-history":[{"count":1,"href":"https:\/\/rosstylepro.com\/cs\/wp-json\/wp\/v2\/pages\/69\/revisions"}],"predecessor-version":[{"id":1562,"href":"https:\/\/rosstylepro.com\/cs\/wp-json\/wp\/v2\/pages\/69\/revisions\/1562"}],"wp:attachment":[{"href":"https:\/\/rosstylepro.com\/cs\/wp-json\/wp\/v2\/media?parent=69"}],"curies":[{"name":"wp","href":"https:\/\/api.w.org\/{rel}","templated":true}]}}