{"id":71,"date":"2024-05-02T12:36:23","date_gmt":"2024-05-02T15:36:23","guid":{"rendered":"https:\/\/rosstylepro.com\/?page_id=71"},"modified":"2025-01-17T16:25:36","modified_gmt":"2025-01-17T16:25:36","slug":"sobre-nosotros","status":"publish","type":"page","link":"https:\/\/rosstylepro.com\/cs\/sobre-nosotros\/","title":{"rendered":"O n\u00e1s"},"content":{"rendered":"<p><br>V\u00edtejte v Rosstylepro, digit\u00e1ln\u00edm prostoru navr\u017een\u00e9m k oslav\u011b zv\u011bdavosti, objevov\u00e1n\u00ed inovac\u00ed a sd\u00edlen\u00ed jedine\u010dn\u00fdch z\u00e1\u017eitk\u016f v obrovsk\u00e9m sv\u011bt\u011b technologi\u00ed a z\u00e1bavy. Spole\u010dnost Rosstylepro, kterou zalo\u017eili Kirito a New, spolu s t\u00fdmem v\u00edce ne\u017e 10 oddan\u00fdch p\u0159isp\u011bvatel\u016f, se zrodila z pot\u0159eby vyj\u00e1d\u0159en\u00ed a v\u00e1\u0161n\u011b pro objevov\u00e1n\u00ed nov\u00fdch obzor\u016f na k\u0159i\u017eovatce technologie a pohlcuj\u00edc\u00edho vypr\u00e1v\u011bn\u00ed.<\/p>\n\n\n\n<h3 class=\"wp-block-heading\">Na\u0161e historie a c\u00edl<\/h3>\n\n\n\n<p>V\u0161echno to za\u010dalo jednoduchou my\u0161lenkou poskytnout platformu, kde by mohla vzkv\u00e9tat zv\u011bdavost. Postupem \u010dasu jsme si uv\u011bdomili, \u017ee nejde jen o p\u0159edstavov\u00e1n\u00ed aplikac\u00ed nebo technologi\u00ed, ale o vypr\u00e1v\u011bn\u00ed pohlcuj\u00edc\u00edch p\u0159\u00edb\u011bh\u016f, kter\u00e9 by na\u0161e \u010dten\u00e1\u0159e inspirovaly. Tak vznikla na\u0161e mise: vypr\u00e1v\u011bt p\u0159\u00edb\u011bhy, zav\u00e1d\u011bt inovace a sd\u00edlet smyslupln\u00e9 zku\u0161enosti s \u017eivou a anga\u017eovanou komunitou.<\/p>\n\n\n\n<h3 class=\"wp-block-heading\">Du\u0161e Rosstylepro: Na\u0161e komunita<\/h3>\n\n\n\n<p>Uv\u011bdomujeme si, \u017ee Rosstylepro by bez na\u0161\u00ed komunity nebylo t\u00edm, \u010d\u00edm je. V\u00e1\u017e\u00edme si ka\u017ed\u00e9ho \u010dlena a sna\u017e\u00edme se vytvo\u0159it inkluzivn\u00ed a spolupracuj\u00edc\u00ed prost\u0159ed\u00ed, kde ka\u017ed\u00fd m\u016f\u017ee sd\u00edlet n\u00e1pady, n\u00e1zory a objevy. Neust\u00e1l\u00e1 interakce s na\u0161\u00ed komunitou n\u00e1m pom\u00e1h\u00e1 udr\u017eovat relevanci a kvalitu obsahu, kter\u00fd nab\u00edz\u00edme.<\/p>\n\n\n\n<h3 class=\"wp-block-heading\">Objevov\u00e1n\u00ed nov\u00fdch obzor\u016f: Technologie a z\u00e1bava<\/h3>\n\n\n\n<p>Jak Rosstylepro roste, sna\u017e\u00edme se tak\u00e9 pozitivn\u011b ovliv\u0148ovat technologick\u00fd a z\u00e1bavn\u00ed pr\u016fmysl. Neust\u00e1le hled\u00e1me nov\u00e9 zp\u016fsoby, jak prezentovat inovativn\u00ed a inspirativn\u00ed obsah, a tak\u00e9 podporovat v\u00fdvoj aplikac\u00ed a technologi\u00ed, kter\u00e9 zlep\u0161uj\u00ed \u017eivoty lid\u00ed.<\/p>\n\n\n\n<h3 class=\"wp-block-heading\">N\u00e1\u0161 z\u00e1vazek ke kvalit\u011b<\/h3>\n\n\n\n<p>Kvalita je u Rosstylepro kl\u00ed\u010dov\u00e1. Abychom zajistili dokonalost na\u0161eho obsahu, spol\u00e9h\u00e1me na t\u00fdm oddan\u00fdch a zku\u0161en\u00fdch spolupracovn\u00edk\u016f. Prov\u00e1d\u00edme d\u016fkladn\u00fd pr\u016fzkum a prezentujeme pouze to, co skute\u010dn\u011b pou\u017e\u00edv\u00e1me a co pova\u017eujeme za relevantn\u00ed a u\u017eite\u010dn\u00e9 pro na\u0161i komunitu.<\/p>\n\n\n\n<h3 class=\"wp-block-heading\">Co najdete v Rosstylepro<\/h3>\n\n\n\n<p>Na na\u0161ich str\u00e1nk\u00e1ch nab\u00edz\u00edme \u0161irokou \u0161k\u00e1lu obsahu, kter\u00fd vyhovuje v\u0161em z\u00e1jm\u016fm. Na\u0161\u00edm c\u00edlem je poskytnout komplexn\u00ed z\u00e1\u017eitek, kter\u00fd p\u0159esahuje pouh\u00e9 technick\u00e9 informace, od hloubkov\u00fdch recenz\u00ed aplikac\u00ed a\u017e po technick\u00e9 kousky. Ka\u017ed\u00fd \u010dl\u00e1nek nebo anal\u00fdzu doprov\u00e1z\u00ed poutav\u00e9 vypr\u00e1v\u011bn\u00ed, aby byl z\u00e1\u017eitek ze \u010dten\u00ed je\u0161t\u011b podmaniv\u011bj\u0161\u00ed.<\/p>\n\n\n\n<h3 class=\"wp-block-heading\">Z\u00e1bava a znalosti na jednom m\u00edst\u011b<\/h3>\n\n\n\n<p>V\u011b\u0159\u00edme, \u017ee z\u00e1bava a znalosti mohou j\u00edt v Rosstylepro ruku v ruce. Proto krom\u011b rozbor\u016f a technick\u00fdch informac\u00ed nab\u00edz\u00edme i obsah zam\u011b\u0159en\u00fd na z\u00e1bavu a lidskou str\u00e1nku techniky. Chceme na\u0161e \u010dten\u00e1\u0159e v\u0161emo\u017en\u011b inspirovat, informovat a bavit.<\/p>\n\n\n\n<h3 class=\"wp-block-heading\">Budoucnost Rosstylepro<\/h3>\n\n\n\n<p>Budoucnost Rosstylepro je vzru\u0161uj\u00edc\u00ed a pln\u00e1 mo\u017enost\u00ed. St\u00e1le hled\u00e1me nov\u00e9 zp\u016fsoby, jak inovovat a poskytovat na\u0161\u00ed komunit\u011b je\u0161t\u011b lep\u0161\u00ed z\u00e1\u017eitek. Pl\u00e1nujeme roz\u0161i\u0159ovat n\u00e1\u0161 obsah, prozkoum\u00e1vat nov\u00e1 t\u00e9mata a z\u016fstat d\u016fv\u011bryhodn\u00fdm zdrojem informac\u00ed a z\u00e1bavy pro ka\u017ed\u00e9ho, kdo miluje technologie.<\/p>\n\n\n\n<h3 class=\"wp-block-heading\">Kontaktujte n\u00e1s a p\u0159ipojte se k dobrodru\u017estv\u00ed<\/h3>\n\n\n\n<p>Velmi si v\u00e1\u017e\u00edme zp\u011btn\u00e9 vazby, n\u00e1vrh\u016f a n\u00e1pad\u016f z na\u0161\u00ed komunity. Pokud m\u00e1te n\u011bjak\u00e9 dotazy, p\u0159ipom\u00ednky nebo se s n\u00e1mi chcete pod\u011blit o sv\u00e9 zku\u0161enosti, nev\u00e1hejte n\u00e1s kontaktovat. V\u00e1\u0161 n\u00e1zor je pro n\u00e1s z\u00e1sadn\u00ed!<\/p>\n\n\n\n<p>V\u00e1\u017e\u00edme si toho, \u017ee jste sou\u010d\u00e1st\u00ed dobrodru\u017estv\u00ed Rosstylepro. Spole\u010dn\u011b objevujeme nov\u00e9 obzory, oslavujeme zv\u011bdavost a inovace a nad\u00e1le se vz\u00e1jemn\u011b inspirujeme na t\u00e9to vzru\u0161uj\u00edc\u00ed technologick\u00e9 a lidsk\u00e9 cest\u011b.<\/p>","protected":false},"excerpt":{"rendered":"<p>V\u00edtejte v Rosstylepro, digit\u00e1ln\u00edm prostoru ur\u010den\u00e9m k oslav\u011b zv\u011bdavosti, objevov\u00e1n\u00ed inovac\u00ed a sd\u00edlen\u00ed jedine\u010dn\u00fdch z\u00e1\u017eitk\u016f v rozs\u00e1hl\u00e9m sv\u011bt\u011b technologi\u00ed a z\u00e1bavy. Rosstylepro, zalo\u017een\u00e9 Kiritem a Newem spolu s t\u00fdmem v\u00edce ne\u017e 10 oddan\u00fdch spolupracovn\u00edk\u016f, vzniklo z pot\u0159eby vyj\u00e1d\u0159en\u00ed a v\u00e1\u0161n\u011b pro [\u2026]<\/p>","protected":false},"author":38,"featured_media":0,"parent":0,"menu_order":0,"comment_status":"closed","ping_status":"closed","template":"page-nosidebar.php","meta":{"footnotes":""},"yoast_head":"<!-- This site is optimized with the Yoast SEO plugin v23.3 - https:\/\/yoast.com\/wordpress\/plugins\/seo\/ -->\n<title>Sobre Nosotros - RosstylePRO<\/title>\n<meta name=\"robots\" content=\"index, follow, max-snippet:-1, max-image-preview:large, max-video-preview:-1\" \/>\n<link rel=\"canonical\" href=\"https:\/\/rosstylepro.com\/cs\/sobre-nosotros\/\" \/>\n<meta property=\"og:locale\" content=\"cs_CZ\" \/>\n<meta property=\"og:type\" content=\"article\" \/>\n<meta property=\"og:title\" content=\"Sobre Nosotros - RosstylePRO\" \/>\n<meta property=\"og:description\" content=\"Bienvenidos a Rosstylepro, un espacio digital dise\u00f1ado para celebrar la curiosidad, explorar la innovaci\u00f3n y compartir experiencias \u00fanicas en el vasto mundo de la tecnolog\u00eda y el entretenimiento. Fundado por Kirito y New, junto con un equipo de m\u00e1s de 10 colaboradores dedicados, Rosstylepro surgi\u00f3 de la necesidad de expresi\u00f3n y de la pasi\u00f3n por [&hellip;]\" \/>\n<meta property=\"og:url\" content=\"https:\/\/rosstylepro.com\/cs\/sobre-nosotros\/\" \/>\n<meta property=\"og:site_name\" content=\"RosstylePRO\" \/>\n<meta property=\"article:modified_time\" content=\"2025-01-17T16:25:36+00:00\" \/>\n<meta name=\"twitter:card\" content=\"summary_large_image\" \/>\n<meta name=\"twitter:label1\" content=\"Est. reading time\" \/>\n\t<meta name=\"twitter:data1\" content=\"3 minuty\" \/>\n<script type=\"application\/ld+json\" class=\"yoast-schema-graph\">{\"@context\":\"https:\/\/schema.org\",\"@graph\":[{\"@type\":\"WebPage\",\"@id\":\"https:\/\/rosstylepro.com\/sobre-nosotros\/\",\"url\":\"https:\/\/rosstylepro.com\/sobre-nosotros\/\",\"name\":\"Sobre Nosotros - RosstylePRO\",\"isPartOf\":{\"@id\":\"https:\/\/rosstylepro.com\/en\/#website\"},\"datePublished\":\"2024-05-02T15:36:23+00:00\",\"dateModified\":\"2025-01-17T16:25:36+00:00\",\"breadcrumb\":{\"@id\":\"https:\/\/rosstylepro.com\/sobre-nosotros\/#breadcrumb\"},\"inLanguage\":\"cs\",\"potentialAction\":[{\"@type\":\"ReadAction\",\"target\":[\"https:\/\/rosstylepro.com\/sobre-nosotros\/\"]}]},{\"@type\":\"BreadcrumbList\",\"@id\":\"https:\/\/rosstylepro.com\/sobre-nosotros\/#breadcrumb\",\"itemListElement\":[{\"@type\":\"ListItem\",\"position\":1,\"name\":\"Home\",\"item\":\"https:\/\/rosstylepro.com\/\"},{\"@type\":\"ListItem\",\"position\":2,\"name\":\"Sobre Nosotros\"}]},{\"@type\":\"WebSite\",\"@id\":\"https:\/\/rosstylepro.com\/en\/#website\",\"url\":\"https:\/\/rosstylepro.com\/en\/\",\"name\":\"RosstylePRO\",\"description\":\"\",\"potentialAction\":[{\"@type\":\"SearchAction\",\"target\":{\"@type\":\"EntryPoint\",\"urlTemplate\":\"https:\/\/rosstylepro.com\/en\/?s={search_term_string}\"},\"query-input\":\"required name=search_term_string\"}],\"inLanguage\":\"cs\"}]}<\/script>\n<!-- \/ Yoast SEO plugin. -->","yoast_head_json":{"title":"Sobre Nosotros - RosstylePRO","robots":{"index":"index","follow":"follow","max-snippet":"max-snippet:-1","max-image-preview":"max-image-preview:large","max-video-preview":"max-video-preview:-1"},"canonical":"https:\/\/rosstylepro.com\/cs\/sobre-nosotros\/","og_locale":"cs_CZ","og_type":"article","og_title":"Sobre Nosotros - RosstylePRO","og_description":"Bienvenidos a Rosstylepro, un espacio digital dise\u00f1ado para celebrar la curiosidad, explorar la innovaci\u00f3n y compartir experiencias \u00fanicas en el vasto mundo de la tecnolog\u00eda y el entretenimiento. Fundado por Kirito y New, junto con un equipo de m\u00e1s de 10 colaboradores dedicados, Rosstylepro surgi\u00f3 de la necesidad de expresi\u00f3n y de la pasi\u00f3n por [&hellip;]","og_url":"https:\/\/rosstylepro.com\/cs\/sobre-nosotros\/","og_site_name":"RosstylePRO","article_modified_time":"2025-01-17T16:25:36+00:00","twitter_card":"summary_large_image","twitter_misc":{"Est. reading time":"3 minuty"},"schema":{"@context":"https:\/\/schema.org","@graph":[{"@type":"WebPage","@id":"https:\/\/rosstylepro.com\/sobre-nosotros\/","url":"https:\/\/rosstylepro.com\/sobre-nosotros\/","name":"Sobre Nosotros - RosstylePRO","isPartOf":{"@id":"https:\/\/rosstylepro.com\/en\/#website"},"datePublished":"2024-05-02T15:36:23+00:00","dateModified":"2025-01-17T16:25:36+00:00","breadcrumb":{"@id":"https:\/\/rosstylepro.com\/sobre-nosotros\/#breadcrumb"},"inLanguage":"cs","potentialAction":[{"@type":"ReadAction","target":["https:\/\/rosstylepro.com\/sobre-nosotros\/"]}]},{"@type":"BreadcrumbList","@id":"https:\/\/rosstylepro.com\/sobre-nosotros\/#breadcrumb","itemListElement":[{"@type":"ListItem","position":1,"name":"Home","item":"https:\/\/rosstylepro.com\/"},{"@type":"ListItem","position":2,"name":"Sobre Nosotros"}]},{"@type":"WebSite","@id":"https:\/\/rosstylepro.com\/en\/#website","url":"https:\/\/rosstylepro.com\/en\/","name":"RosstylePRO","description":"","potentialAction":[{"@type":"SearchAction","target":{"@type":"EntryPoint","urlTemplate":"https:\/\/rosstylepro.com\/en\/?s={search_term_string}"},"query-input":"required name=search_term_string"}],"inLanguage":"cs"}]}},"_links":{"self":[{"href":"https:\/\/rosstylepro.com\/cs\/wp-json\/wp\/v2\/pages\/71"}],"collection":[{"href":"https:\/\/rosstylepro.com\/cs\/wp-json\/wp\/v2\/pages"}],"about":[{"href":"https:\/\/rosstylepro.com\/cs\/wp-json\/wp\/v2\/types\/page"}],"author":[{"embeddable":true,"href":"https:\/\/rosstylepro.com\/cs\/wp-json\/wp\/v2\/users\/38"}],"replies":[{"embeddable":true,"href":"https:\/\/rosstylepro.com\/cs\/wp-json\/wp\/v2\/comments?post=71"}],"version-history":[{"count":1,"href":"https:\/\/rosstylepro.com\/cs\/wp-json\/wp\/v2\/pages\/71\/revisions"}],"predecessor-version":[{"id":1564,"href":"https:\/\/rosstylepro.com\/cs\/wp-json\/wp\/v2\/pages\/71\/revisions\/1564"}],"wp:attachment":[{"href":"https:\/\/rosstylepro.com\/cs\/wp-json\/wp\/v2\/media?parent=71"}],"curies":[{"name":"wp","href":"https:\/\/api.w.org\/{rel}","templated":true}]}}