{"id":117,"date":"2024-05-03T12:02:42","date_gmt":"2024-05-03T15:02:42","guid":{"rendered":"https:\/\/rosstylepro.com\/?page_id=117"},"modified":"2025-01-17T16:25:35","modified_gmt":"2025-01-17T16:25:35","slug":"condiciones-de-uso","status":"publish","type":"page","link":"https:\/\/rosstylepro.com\/da\/condiciones-de-uso\/","title":{"rendered":"Vilk\u00e5r for brug"},"content":{"rendered":"<h2 class=\"wp-block-heading\">1. Generelle betingelser<\/h2>\n\n\n\n<p>Ved at tilg\u00e5 hjemmesiden for <a href=\"https:\/\/rosstylepro.com\/da\/\">Rosstylepro<\/a> Du accepterer at v\u00e6re bundet af disse Servicevilk\u00e5r, alle g\u00e6ldende love og bestemmelser, og accepterer, at du er ansvarlig for overholdelse af g\u00e6ldende lokale love. Hvis du ikke accepterer nogen af disse vilk\u00e5r, er det forbudt at bruge eller tilg\u00e5 dette websted. Materialerne p\u00e5 dette websted er beskyttet af g\u00e6ldende ophavsrets- og varem\u00e6rkelovgivning.<\/p>\n\n\n\n<h2 class=\"wp-block-heading\">2. Brugstilladelse<\/h2>\n\n\n\n<p>Der gives tilladelse til midlertidigt at downloade \u00e9n kopi af materialerne (information eller software) p\u00e5 hjemmesiden for\u00a0<a href=\"https:\/\/curioiogo.com\/\"><\/a><a href=\"https:\/\/rosstylepro.com\/da\/\">Rosstylepro<\/a> kun til personlig, ikke-kommerciel, midlertidig brug. Dette er tildeling af en licens, ikke en overdragelse af ejendomsret, og under denne licens m\u00e5 du ikke<\/p>\n\n\n\n<ol class=\"wp-block-list\">\n<li>\u00e6ndre eller kopiere materialerne;<\/li>\n\n\n\n<li>bruge materialerne til kommercielle form\u00e5l eller til offentlig visning (kommerciel eller ikke-kommerciel);<\/li>\n\n\n\n<li>fors\u00f8ge at dekompilere eller reverse engineere software p\u00e5 webstedet\u00a0<a href=\"https:\/\/rosstylepro.com\/da\/\">Rosstylepro<\/a>;<\/li>\n\n\n\n<li>fjerne enhver ophavsret eller andre ejendomsretlige anm\u00e6rkninger fra materialerne; enten<\/li>\n\n\n\n<li>overf\u00f8re materialerne til en anden person eller &quot;spejle&quot; materialerne p\u00e5 en anden server.<\/li>\n<\/ol>\n\n\n\n<p>Denne licens oph\u00f8rer automatisk, hvis du overtr\u00e6der nogen af disse begr\u00e6nsninger, og kan opsiges af\u00a0<a href=\"https:\/\/curioiogo.com\/\"><\/a><a href=\"https:\/\/rosstylepro.com\/da\/\">Rosstylepro<\/a> hver gang. N\u00e5r du stopper med at se disse materialer, eller n\u00e5r denne licens oph\u00f8rer, skal du slette alt downloadet materiale i din besiddelse, uanset om det er i elektronisk eller trykt format.<\/p>\n\n\n\n<h2 class=\"wp-block-heading\">3. Ansvarsfraskrivelse<\/h2>\n\n\n\n<p>Materialerne p\u00e5 hjemmesiden for\u00a0<a href=\"https:\/\/curioiogo.com\/\"><\/a><a href=\"https:\/\/rosstylepro.com\/da\/\">Rosstylepro<\/a> leveres &quot;som de er&quot;.\u00a0<a href=\"https:\/\/curioiogo.com\/\"><\/a>Rosstylepro giver ingen garantier, hverken udtrykkelige eller underforst\u00e5ede, og fraskriver sig hermed alle andre garantier, herunder, men ikke begr\u00e6nset til, underforst\u00e5ede garantier eller betingelser for salgbarhed, egnethed til et bestemt form\u00e5l eller ikke-kr\u00e6nkelse af intellektuel ejendomsret eller anden kr\u00e6nkelse af rettigheder.<\/p>\n\n\n\n<p>Udover,\u00a0<a href=\"https:\/\/rosstylepro.com\/da\/\">Rosstylepro<\/a> garanterer ikke for eller afgiver nogen erkl\u00e6ringer vedr\u00f8rende n\u00f8jagtigheden, sandsynlige resultater eller p\u00e5lideligheden af brugen af materialerne p\u00e5 sin hjemmeside eller p\u00e5 anden m\u00e5de i forbindelse med s\u00e5danne materialer eller p\u00e5 websteder, der er linket til denne hjemmeside.<\/p>\n\n\n\n<h2 class=\"wp-block-heading\">4. Begr\u00e6nsninger<\/h2>\n\n\n\n<p>Under ingen omst\u00e6ndigheder\u00a0<a href=\"https:\/\/curioiogo.com\/\"><\/a><a href=\"https:\/\/rosstylepro.com\/da\/\">Rosstylepro<\/a> eller dets leverand\u00f8rer er ansvarlige for enhver skade (herunder, men ikke begr\u00e6nset til, skader for tab af data eller fortjeneste eller p\u00e5 grund af driftsafbrydelse) som f\u00f8lge af brugen eller manglende evne til at bruge materialerne p\u00e5\u00a0<a href=\"http:\/\/tekamaster.com\/\"><\/a><a href=\"https:\/\/curioiogo.com\/\"><\/a><a href=\"https:\/\/rosstylepre.com\/\"><\/a><a href=\"https:\/\/rosstylepro.com\/da\/\"><\/a><a href=\"https:\/\/rosstylepro.com\/da\/\">Rosstylepro<\/a>, selvom\u00a0<a href=\"https:\/\/rosstylepro.com\/da\/\">Rosstylepro<\/a> eller en bemyndiget repr\u00e6sentant for\u00a0<a href=\"https:\/\/rosstylepro.com\/da\/\">Rosstylepro<\/a> er blevet mundtligt eller skriftligt underrettet om muligheden for s\u00e5danne skader. Da nogle jurisdiktioner ikke tillader begr\u00e6nsninger af underforst\u00e5ede garantier eller begr\u00e6nsninger af ansvar for f\u00f8lgeskader eller h\u00e6ndelige skader, g\u00e6lder disse begr\u00e6nsninger muligvis ikke for dig.<\/p>\n\n\n\n<h2 class=\"wp-block-heading\">5. Materialernes n\u00f8jagtighed<\/h2>\n\n\n\n<p>Materialerne, der vises p\u00e5 hjemmesiden for\u00a0<a href=\"https:\/\/rosstylepro.com\/da\/\">Rosstylepro<\/a> kan indeholde tekniske, typografiske eller fotografiske fejl.\u00a0<a href=\"https:\/\/rosstylepro.com\/da\/\">Rosstylepro<\/a> garanterer ikke, at materialerne p\u00e5 hjemmesiden er n\u00f8jagtige, fuldst\u00e6ndige eller aktuelle.\u00a0<a href=\"https:\/\/rosstylepro.com\/da\/\">Rosstylepro<\/a> kan til enhver tid uden varsel foretage \u00e6ndringer i materialerne p\u00e5 sin hjemmeside. Imidlertid\u00a0<a href=\"https:\/\/rosstylepro.com\/da\/\">Rosstylepro<\/a> forpligter sig ikke til at opdatere materialerne.<\/p>\n\n\n\n<h2 class=\"wp-block-heading\">6. Links<\/h2>\n\n\n\n<p><a href=\"https:\/\/rosstylepro.com\/da\/\">Rosstylepro<\/a> har ikke gennemg\u00e5et alle de websteder, der linkes til dens hjemmeside, og er ikke ansvarlig for indholdet af s\u00e5danne linkede websteder. Medtagelsen af et link indeb\u00e6rer ikke godkendelse af webstedet\u00a0<a href=\"http:\/\/tekamaster.com\/\"><\/a><a href=\"https:\/\/curioiogo.com\/\"><\/a><a href=\"https:\/\/rosstylepre.com\/\"><\/a><a href=\"https:\/\/rosstylepro.com\/da\/\"><\/a><a href=\"https:\/\/rosstylepro.com\/da\/\">Rosstylepro<\/a>. Brug af enhver linket hjemmeside sker p\u00e5 brugerens egen risiko.<\/p>\n\n\n\n<h3 class=\"wp-block-heading\">\u00c6ndringer<\/h3>\n\n\n\n<p><a href=\"https:\/\/rosstylepro.com\/da\/\">Rosstylepro<\/a> kan til enhver tid \u00e6ndre disse servicevilk\u00e5r for sit websted uden forudg\u00e5ende varsel. Ved at bruge dette websted accepterer du at v\u00e6re bundet af den aktuelle version af disse servicevilk\u00e5r.<\/p>\n\n\n\n<h3 class=\"wp-block-heading\">G\u00e6ldende lovgivning<\/h3>\n\n\n\n<p>Disse vilk\u00e5r og betingelser er underlagt og fortolkes i overensstemmelse med lovgivningen i\u00a0<a href=\"https:\/\/rosstylepro.com\/da\/\">Rosstylepro<\/a> og du underkaster dig uigenkaldeligt domstolenes eksklusive jurisdiktion i den p\u00e5g\u00e6ldende stat eller lokalitet.<\/p>","protected":false},"excerpt":{"rendered":"<p>1. Generelle vilk\u00e5r og betingelser Ved at tilg\u00e5 Rosstylepros hjemmeside accepterer du at v\u00e6re bundet af disse servicevilk\u00e5r, alle g\u00e6ldende love og regler, og accepterer, at du er ansvarlig for at overholde g\u00e6ldende lokale love. Hvis du ikke accepterer nogen af disse vilk\u00e5r og betingelser, er det forbudt for dig at bruge eller tilg\u00e5 hjemmesiden.<\/p>","protected":false},"author":38,"featured_media":0,"parent":0,"menu_order":0,"comment_status":"closed","ping_status":"closed","template":"page-nosidebar.php","meta":{"footnotes":""},"yoast_head":"<!-- This site is optimized with the Yoast SEO plugin v23.3 - https:\/\/yoast.com\/wordpress\/plugins\/seo\/ -->\n<title>Condiciones de uso - RosstylePRO<\/title>\n<meta name=\"robots\" content=\"index, follow, max-snippet:-1, max-image-preview:large, max-video-preview:-1\" \/>\n<link rel=\"canonical\" href=\"https:\/\/rosstylepro.com\/da\/condiciones-de-uso\/\" \/>\n<meta property=\"og:locale\" content=\"da_DK\" \/>\n<meta property=\"og:type\" content=\"article\" \/>\n<meta property=\"og:title\" content=\"Condiciones de uso - RosstylePRO\" \/>\n<meta property=\"og:description\" content=\"1.Condiciones generales Al acceder al sitio web de Rosstylepro usted acepta quedar vinculado por estas condiciones de servicio, todas las leyes y reglamentos aplicables, y acepta que es responsable del cumplimiento de cualquier ley local aplicable. Si usted no est\u00e1 de acuerdo con cualquiera de estos t\u00e9rminos, se le proh\u00edbe el uso o acceso a [&hellip;]\" \/>\n<meta property=\"og:url\" content=\"https:\/\/rosstylepro.com\/da\/condiciones-de-uso\/\" \/>\n<meta property=\"og:site_name\" content=\"RosstylePRO\" \/>\n<meta property=\"article:modified_time\" content=\"2025-01-17T16:25:35+00:00\" \/>\n<meta name=\"twitter:card\" content=\"summary_large_image\" \/>\n<meta name=\"twitter:label1\" content=\"Est. reading time\" \/>\n\t<meta name=\"twitter:data1\" content=\"4 minutter\" \/>\n<script type=\"application\/ld+json\" class=\"yoast-schema-graph\">{\"@context\":\"https:\/\/schema.org\",\"@graph\":[{\"@type\":\"WebPage\",\"@id\":\"https:\/\/rosstylepro.com\/condiciones-de-uso\/\",\"url\":\"https:\/\/rosstylepro.com\/condiciones-de-uso\/\",\"name\":\"Condiciones de uso - RosstylePRO\",\"isPartOf\":{\"@id\":\"https:\/\/rosstylepro.com\/en\/#website\"},\"datePublished\":\"2024-05-03T15:02:42+00:00\",\"dateModified\":\"2025-01-17T16:25:35+00:00\",\"breadcrumb\":{\"@id\":\"https:\/\/rosstylepro.com\/condiciones-de-uso\/#breadcrumb\"},\"inLanguage\":\"da-DK\",\"potentialAction\":[{\"@type\":\"ReadAction\",\"target\":[\"https:\/\/rosstylepro.com\/condiciones-de-uso\/\"]}]},{\"@type\":\"BreadcrumbList\",\"@id\":\"https:\/\/rosstylepro.com\/condiciones-de-uso\/#breadcrumb\",\"itemListElement\":[{\"@type\":\"ListItem\",\"position\":1,\"name\":\"Home\",\"item\":\"https:\/\/rosstylepro.com\/\"},{\"@type\":\"ListItem\",\"position\":2,\"name\":\"Condiciones de uso\"}]},{\"@type\":\"WebSite\",\"@id\":\"https:\/\/rosstylepro.com\/en\/#website\",\"url\":\"https:\/\/rosstylepro.com\/en\/\",\"name\":\"RosstylePRO\",\"description\":\"\",\"potentialAction\":[{\"@type\":\"SearchAction\",\"target\":{\"@type\":\"EntryPoint\",\"urlTemplate\":\"https:\/\/rosstylepro.com\/en\/?s={search_term_string}\"},\"query-input\":\"required name=search_term_string\"}],\"inLanguage\":\"da-DK\"}]}<\/script>\n<!-- \/ Yoast SEO plugin. -->","yoast_head_json":{"title":"Condiciones de uso - RosstylePRO","robots":{"index":"index","follow":"follow","max-snippet":"max-snippet:-1","max-image-preview":"max-image-preview:large","max-video-preview":"max-video-preview:-1"},"canonical":"https:\/\/rosstylepro.com\/da\/condiciones-de-uso\/","og_locale":"da_DK","og_type":"article","og_title":"Condiciones de uso - RosstylePRO","og_description":"1.Condiciones generales Al acceder al sitio web de Rosstylepro usted acepta quedar vinculado por estas condiciones de servicio, todas las leyes y reglamentos aplicables, y acepta que es responsable del cumplimiento de cualquier ley local aplicable. Si usted no est\u00e1 de acuerdo con cualquiera de estos t\u00e9rminos, se le proh\u00edbe el uso o acceso a [&hellip;]","og_url":"https:\/\/rosstylepro.com\/da\/condiciones-de-uso\/","og_site_name":"RosstylePRO","article_modified_time":"2025-01-17T16:25:35+00:00","twitter_card":"summary_large_image","twitter_misc":{"Est. reading time":"4 minutter"},"schema":{"@context":"https:\/\/schema.org","@graph":[{"@type":"WebPage","@id":"https:\/\/rosstylepro.com\/condiciones-de-uso\/","url":"https:\/\/rosstylepro.com\/condiciones-de-uso\/","name":"Condiciones de uso - RosstylePRO","isPartOf":{"@id":"https:\/\/rosstylepro.com\/en\/#website"},"datePublished":"2024-05-03T15:02:42+00:00","dateModified":"2025-01-17T16:25:35+00:00","breadcrumb":{"@id":"https:\/\/rosstylepro.com\/condiciones-de-uso\/#breadcrumb"},"inLanguage":"da-DK","potentialAction":[{"@type":"ReadAction","target":["https:\/\/rosstylepro.com\/condiciones-de-uso\/"]}]},{"@type":"BreadcrumbList","@id":"https:\/\/rosstylepro.com\/condiciones-de-uso\/#breadcrumb","itemListElement":[{"@type":"ListItem","position":1,"name":"Home","item":"https:\/\/rosstylepro.com\/"},{"@type":"ListItem","position":2,"name":"Condiciones de uso"}]},{"@type":"WebSite","@id":"https:\/\/rosstylepro.com\/en\/#website","url":"https:\/\/rosstylepro.com\/en\/","name":"RosstylePRO","description":"","potentialAction":[{"@type":"SearchAction","target":{"@type":"EntryPoint","urlTemplate":"https:\/\/rosstylepro.com\/en\/?s={search_term_string}"},"query-input":"required name=search_term_string"}],"inLanguage":"da-DK"}]}},"_links":{"self":[{"href":"https:\/\/rosstylepro.com\/da\/wp-json\/wp\/v2\/pages\/117"}],"collection":[{"href":"https:\/\/rosstylepro.com\/da\/wp-json\/wp\/v2\/pages"}],"about":[{"href":"https:\/\/rosstylepro.com\/da\/wp-json\/wp\/v2\/types\/page"}],"author":[{"embeddable":true,"href":"https:\/\/rosstylepro.com\/da\/wp-json\/wp\/v2\/users\/38"}],"replies":[{"embeddable":true,"href":"https:\/\/rosstylepro.com\/da\/wp-json\/wp\/v2\/comments?post=117"}],"version-history":[{"count":1,"href":"https:\/\/rosstylepro.com\/da\/wp-json\/wp\/v2\/pages\/117\/revisions"}],"predecessor-version":[{"id":1560,"href":"https:\/\/rosstylepro.com\/da\/wp-json\/wp\/v2\/pages\/117\/revisions\/1560"}],"wp:attachment":[{"href":"https:\/\/rosstylepro.com\/da\/wp-json\/wp\/v2\/media?parent=117"}],"curies":[{"name":"wp","href":"https:\/\/api.w.org\/{rel}","templated":true}]}}