{"id":66,"date":"2024-05-02T12:17:37","date_gmt":"2024-05-02T15:17:37","guid":{"rendered":"https:\/\/rosstylepro.com\/?page_id=66"},"modified":"2025-01-17T16:25:36","modified_gmt":"2025-01-17T16:25:36","slug":"politica-de-privacidad","status":"publish","type":"page","link":"https:\/\/rosstylepro.com\/da\/politica-de-privacidad\/","title":{"rendered":"Privatlivspolitik"},"content":{"rendered":"<p>Dit privatliv er vigtigt for os. Hos Rosstylepro har vi en politik om at respektere dit privatliv vedr\u00f8rende alle oplysninger, vi m\u00e5tte indsamle p\u00e5 Rosstylepro-webstedet og andre websteder, vi ejer og driver.<\/p>\n\n\n\n<p>Vi beder kun om personlige oplysninger, n\u00e5r vi virkelig har brug for dem for at levere en service til dig. Vi g\u00f8r det retf\u00e6rdigt og lovligt, med din viden og dit samtykke. Vi informerer dig ogs\u00e5 om, hvorfor vi indsamler disse oplysninger, og hvordan vi vil bruge dem.<\/p>\n\n\n\n<p>Vi opbevarer kun indsamlede oplysninger, s\u00e5 l\u00e6nge det er n\u00f8dvendigt for at levere den \u00f8nskede service. N\u00e5r vi opbevarer data, beskytter vi dem inden for kommercielt acceptable midler for at forhindre tab, tyveri, uautoriseret adgang, videregivelse, kopiering, brug eller \u00e6ndring.<\/p>\n\n\n\n<p>Vi deler ikke personligt identificerbare oplysninger offentligt eller med tredjeparter, undtagen n\u00e5r det er p\u00e5kr\u00e6vet ved lov.<\/p>\n\n\n\n<p>Vores hjemmeside kan indeholde links til eksterne hjemmesider, der ikke drives af os. V\u00e6r opm\u00e6rksom p\u00e5, at vi ikke har nogen kontrol over indholdet og praksisserne p\u00e5 disse websteder, og at vi ikke kan holdes ansvarlige for deres privatlivspolitikker.<\/p>\n\n\n\n<p>Du er velkommen til at afvise vores anmodning om personlige oplysninger, men v\u00e6r opm\u00e6rksom p\u00e5, at vi muligvis ikke kan levere visse \u00f8nskede tjenester til dig.<\/p>\n\n\n\n<p>Din fortsatte brug af vores hjemmeside vil blive betragtet som accept af vores praksis vedr\u00f8rende privatliv og personlige oplysninger. Hvis du har sp\u00f8rgsm\u00e5l om, hvordan vi h\u00e5ndterer brugerdata og personlige oplysninger, bedes du kontakte os.<\/p>\n\n\n\n<h2 class=\"wp-block-heading\">Rosstylepro Webstedssikkerhed<\/h2>\n\n\n\n<p>Siden er p\u00e5lidelig og sikker for brugeren, if\u00f8lge Site Check. Siden kontrollerer webstedets oplysninger for at identificere potentielle sikkerhedsproblemer.<\/p>\n\n\n\n<h2 class=\"wp-block-heading\">Cookiepolitik<\/h2>\n\n\n\n<p><strong>Hvad er cookies?<\/strong><\/p>\n\n\n\n<p>Som det er almindeligt med n\u00e6sten alle professionelle websteder, bruger dette websted cookies, som er sm\u00e5 filer, der downloades til din computer, for at forbedre din oplevelse. Denne side beskriver, hvilke oplysninger de indsamler, hvordan vi bruger dem, og hvorfor vi nogle gange har brug for at gemme disse cookies. Vi vil ogs\u00e5 vise dig, hvordan du kan forhindre, at disse cookies gemmes, selvom dette kan p\u00e5virke webstedets funktionalitet.<\/p>\n\n\n\n<p><strong>Hvordan bruger vi cookies?<\/strong><\/p>\n\n\n\n<p>Vi bruger cookies af flere \u00e5rsager, som er beskrevet nedenfor. Desv\u00e6rre er der i de fleste tilf\u00e6lde ingen branchestandardmuligheder for at deaktivere cookies uden fuldst\u00e6ndigt at deaktivere den funktionalitet og de funktioner, de tilf\u00f8jer til dette websted. Det anbefales, at du lader alle cookies v\u00e6re aktiveret, hvis du ikke er sikker p\u00e5, om du har brug for dem eller ej, i tilf\u00e6lde af at de bruges til at levere en tjeneste, du bruger.<\/p>\n\n\n\n<p><strong>Deaktivering af cookies<\/strong><\/p>\n\n\n\n<p>Du kan forhindre, at der gemmes cookies ved at justere dine browserindstillinger (se din browsers hj\u00e6lp for at f\u00e5 oplysninger om, hvordan du g\u00f8r dette). Bem\u00e6rk venligst, at deaktivering af cookies vil p\u00e5virke funktionaliteten af dette og mange andre websteder, du bes\u00f8ger. Deaktivering af cookies vil generelt resultere i deaktivering af visse funktioner og funktioner p\u00e5 dette websted. Derfor anbefales det ikke at deaktivere cookies.<\/p>\n\n\n\n<p><strong>Cookies vi s\u00e6tter<\/strong><\/p>\n\n\n\n<ul>\n<li>Kontorelaterede cookies<br><br>Hvis du opretter en konto hos os, bruger vi cookies til at administrere registreringsprocessen og generel administration. Disse cookies slettes normalt, n\u00e5r du logger ud, men i nogle tilf\u00e6lde kan de blive v\u00e6rende p\u00e5 siden for at huske dine webstedspr\u00e6ferencer, n\u00e5r du logger ud.<\/li>\n\n\n\n<li>Login-relaterede cookies<br><br>Vi bruger cookies, n\u00e5r du logger ind, for at huske den handling. Dette forhindrer dig i at skulle logge ind hver gang du bes\u00f8ger en ny side. Disse cookies slettes typisk, n\u00e5r du logger ud, for at sikre, at du kun kan f\u00e5 adgang til begr\u00e6nsede funktioner og omr\u00e5der, n\u00e5r du er logget ind.<\/li>\n\n\n\n<li>Cookies relateret til e-mailnyhedsbreve<br><br>Dette websted tilbyder nyhedsbrevs- eller e-mailabonnementstjenester, og cookies kan bruges til at huske, om du allerede er registreret, og om visse meddelelser skal vises, der kun er gyldige for registrerede\/uregistrerede brugere.<\/li>\n\n\n\n<li>Cookies relateret til ordrebehandling<br><br>Dette websted tilbyder e-handel eller betalingsmuligheder, og nogle cookies er n\u00f8dvendige for at sikre, at din ordre huskes mellem sider, s\u00e5 vi kan behandle den korrekt.<\/li>\n\n\n\n<li>Unders\u00f8gelsesrelaterede cookies<br><br>Vi tilbyder med j\u00e6vne mellemrum unders\u00f8gelser og sp\u00f8rgeskemaer for at give interessante oplysninger, nyttige v\u00e6rkt\u00f8jer eller for bedre at forst\u00e5 vores brugerbase. Disse unders\u00f8gelser kan bruge cookies til at huske, hvem der har deltaget i en unders\u00f8gelse, eller til at give pr\u00e6cise resultater efter sideskift.<\/li>\n\n\n\n<li>Formularrelaterede cookies<br><br>N\u00e5r du indsender data via en formular som dem, der findes p\u00e5 kontaktsider eller kommentarformularer, kan cookies blive indstillet til at huske dine brugeroplysninger til fremtidig korrespondance.<\/li>\n\n\n\n<li>Cookies til webstedspr\u00e6ferencer<br><br>For at give dig en optimal oplevelse p\u00e5 dette websted, tilbyder vi funktionaliteten til at indstille dine pr\u00e6ferencer for, hvordan webstedet k\u00f8rer, n\u00e5r du bruger det. For at kunne huske dine pr\u00e6ferencer skal vi indstille cookies, s\u00e5 disse oplysninger kan hentes, hver gang du interagerer med en side, der er p\u00e5virket af dine pr\u00e6ferencer.<\/li>\n<\/ul>\n\n\n\n<h2 class=\"wp-block-heading\">Tredjepartscookies<\/h2>\n\n\n\n<p>I nogle s\u00e6rlige tilf\u00e6lde bruger vi ogs\u00e5 cookies leveret af betroede tredjeparter. F\u00f8lgende afsnit beskriver, hvilke tredjepartscookies du kan st\u00f8de p\u00e5 via dette websted.<\/p>\n\n\n\n<ul>\n<li>Dette websted bruger\u00a0<a href=\"https:\/\/analytics.google.com\/analytics\/web\/#\/p419479084\/reports\/intelligenthome\"><em>Google Analytics<\/em><\/a>, som er en af de mest udbredte og p\u00e5lidelige webanalysel\u00f8sninger, der hj\u00e6lper os med at forst\u00e5, hvordan du bruger webstedet, og hvordan vi kan forbedre din oplevelse. Disse cookies kan spore ting som hvor l\u00e6nge du bruger p\u00e5 webstedet, og hvilke sider du bes\u00f8ger, s\u00e5 vi kan forts\u00e6tte med at producere engagerende indhold.<\/li>\n<\/ul>\n\n\n\n<p>For mere information om Google Analytics-cookies, bes\u00f8g venligst den officielle Google Analytics-side.<\/p>\n\n\n\n<ul>\n<li>Tredjepartsanalyser bruges til at spore og m\u00e5le brugen af dette websted, s\u00e5 vi kan forts\u00e6tte med at producere engagerende indhold. Disse cookies kan spore ting som hvor l\u00e6nge du bruger p\u00e5 webstedet eller de sider, du bes\u00f8ger, hvilket hj\u00e6lper os med at forst\u00e5, hvordan vi kan forbedre webstedet for dig.<\/li>\n\n\n\n<li>Vi tester med j\u00e6vne mellemrum nye funktioner og foretager sm\u00e5 \u00e6ndringer i den m\u00e5de, webstedet pr\u00e6senteres p\u00e5. N\u00e5r vi stadig tester nye funktioner, kan disse cookies bruges til at sikre, at du f\u00e5r en ensartet oplevelse, mens du er p\u00e5 webstedet, samtidig med at vi forst\u00e5r, hvilke optimeringer vores brugere bedst kan lide.<\/li>\n\n\n\n<li>N\u00e5r vi s\u00e6lger produkter, er det vigtigt for os at forst\u00e5 statistikker om, hvor mange af vores hjemmesides bes\u00f8gende rent faktisk k\u00f8ber, s\u00e5 det er den type data, disse cookies sporer. Dette er vigtigt for dig, fordi det betyder, at vi pr\u00e6cist kan lave forretningsm\u00e6ssige forudsigelser, der giver os mulighed for at analysere vores annoncerings- og produktomkostninger for at sikre den bedst mulige pris.<\/li>\n<\/ul>\n\n\n\n<h2 class=\"wp-block-heading\">Brugerengagement<\/h2>\n\n\n\n<p>Brugeren accepterer at g\u00f8re passende brug af det indhold og de oplysninger, som Rosstyleproof stiller til r\u00e5dighed p\u00e5 webstedet, herunder, men ikke begr\u00e6nset til:<\/p>\n\n\n\n<ul>\n<li>A) Ikke at deltage i ulovlige aktiviteter eller aktiviteter, der strider mod god tro og offentlig orden;<\/li>\n\n\n\n<li>B) Spred ikke propaganda eller indhold af racistisk, fremmedfjendsk, hasard- eller v\u00e6ddem\u00e5lsm\u00e6ssig karakter, ulovlig pornografi, undskyldning for terrorisme eller indhold, der strider mod menneskerettighederne;<\/li>\n\n\n\n<li>C) Ikke at for\u00e5rsage skade p\u00e5 Rosstylepros, dets leverand\u00f8rers eller tredjeparters fysiske (hardware) og logiske (software) systemer, ej heller at introducere eller sprede computervirusser eller andre hardware- eller softwaresystemer, der kan for\u00e5rsage den f\u00f8rn\u00e6vnte skade.<\/li>\n<\/ul>\n\n\n\n<h2 class=\"wp-block-heading\">Blokering af cookies:<\/h2>\n\n\n\n<p>Brugeren kan til enhver tid blokere og\/eller deaktivere cookies fra ethvert websted, inklusive vores. For at udf\u00f8re denne procedure skal du g\u00e5 ind i dine browserindstillinger. Se nedenfor for hj\u00e6lpevejledninger til de st\u00f8rste browsere:<\/p>\n\n\n\n<ul>\n<li><a href=\"https:\/\/support.google.com\/accounts\/answer\/61416?hl=en\"><em>Google Chrome<\/em><\/a><\/li>\n\n\n\n<li><a href=\"https:\/\/support.mozilla.org\/en-US\/kb\/enhanced-tracking-protection-firefox-desktop?redirectlocale=en-US&amp;redirectslug=enable-and-disable-cookies-website-preferences\"><em>Firefox<\/em><\/a><\/li>\n\n\n\n<li><a href=\"https:\/\/support.microsoft.com\/pt-br\/windows\/excluir-e-gerenciar-cookies-168dab11-0753-043d-7c16-ede5947fc64d\"><em>Microsoft Edge<\/em><\/a><\/li>\n\n\n\n<li><a href=\"https:\/\/blogs.opera.com\/news\/2015\/08\/how-to-manage-cookies-in-opera\/\"><em>Opera<\/em><\/a><\/li>\n\n\n\n<li><a href=\"https:\/\/support.apple.com\/pt-br\/guide\/safari\/sfri11471\/mac\"><em>Safari<\/em><\/a><\/li>\n<\/ul>\n\n\n\n<h2 class=\"wp-block-heading\">Mere information<\/h2>\n\n\n\n<p>Forh\u00e5bentlig afklarer dette dine tvivl, og som tidligere n\u00e6vnt, hvis der er noget, du ikke er sikker p\u00e5, om du har brug for eller ej, er det normalt sikrere at lade cookies v\u00e6re aktiveret, hvis du interagerer med nogen af de funktioner, du bruger p\u00e5 vores hjemmeside.<\/p>\n\n\n\n<p>Denne politik tr\u00e6der i kraft fra april 2024.<\/p>","protected":false},"excerpt":{"rendered":"<p>Dit privatliv er vigtigt for os. Hos Rosstylepro har vi en politik om at respektere dit privatliv vedr\u00f8rende alle oplysninger, vi m\u00e5tte indsamle p\u00e5 Rosstylepro-webstedet og andre websteder, vi ejer og driver. Vi anmoder kun om personlige oplysninger, n\u00e5r vi virkelig har brug for dem for at levere en service til dig. Vi g\u00f8r det retf\u00e6rdigt og lovligt, med din [\u2026]<\/p>","protected":false},"author":38,"featured_media":0,"parent":0,"menu_order":0,"comment_status":"closed","ping_status":"closed","template":"page-nosidebar.php","meta":{"footnotes":""},"yoast_head":"<!-- This site is optimized with the Yoast SEO plugin v23.3 - https:\/\/yoast.com\/wordpress\/plugins\/seo\/ -->\n<title>Pol\u00edtica de privacidad<\/title>\n<meta name=\"description\" content=\"Pol\u00edtica de privacidad, Tu privacidad es importante para nosotros. En Rosstylepro tenemos la pol\u00edtica de respetar tu privacidad en re...\" \/>\n<meta name=\"robots\" content=\"index, follow, max-snippet:-1, max-image-preview:large, max-video-preview:-1\" \/>\n<link rel=\"canonical\" href=\"https:\/\/rosstylepro.com\/da\/politica-de-privacidad\/\" \/>\n<meta property=\"og:locale\" content=\"da_DK\" \/>\n<meta property=\"og:type\" content=\"article\" \/>\n<meta property=\"og:title\" content=\"Pol\u00edtica de privacidad\" \/>\n<meta property=\"og:description\" content=\"Pol\u00edtica de privacidad, Tu privacidad es importante para nosotros. En Rosstylepro tenemos la pol\u00edtica de respetar tu privacidad en re...\" \/>\n<meta property=\"og:url\" content=\"https:\/\/rosstylepro.com\/da\/politica-de-privacidad\/\" \/>\n<meta property=\"og:site_name\" content=\"RosstylePRO\" \/>\n<meta property=\"article:modified_time\" content=\"2025-01-17T16:25:36+00:00\" \/>\n<meta name=\"twitter:card\" content=\"summary_large_image\" \/>\n<meta name=\"twitter:label1\" content=\"Est. reading time\" \/>\n\t<meta name=\"twitter:data1\" content=\"8 minutter\" \/>\n<script type=\"application\/ld+json\" class=\"yoast-schema-graph\">{\"@context\":\"https:\/\/schema.org\",\"@graph\":[{\"@type\":\"WebPage\",\"@id\":\"https:\/\/rosstylepro.com\/politica-de-privacidad\/\",\"url\":\"https:\/\/rosstylepro.com\/politica-de-privacidad\/\",\"name\":\"Pol\u00edtica de privacidad\",\"isPartOf\":{\"@id\":\"https:\/\/rosstylepro.com\/en\/#website\"},\"datePublished\":\"2024-05-02T15:17:37+00:00\",\"dateModified\":\"2025-01-17T16:25:36+00:00\",\"description\":\"Pol\u00edtica de privacidad, Tu privacidad es importante para nosotros. En Rosstylepro tenemos la pol\u00edtica de respetar tu privacidad en re...\",\"breadcrumb\":{\"@id\":\"https:\/\/rosstylepro.com\/politica-de-privacidad\/#breadcrumb\"},\"inLanguage\":\"da-DK\",\"potentialAction\":[{\"@type\":\"ReadAction\",\"target\":[\"https:\/\/rosstylepro.com\/politica-de-privacidad\/\"]}]},{\"@type\":\"BreadcrumbList\",\"@id\":\"https:\/\/rosstylepro.com\/politica-de-privacidad\/#breadcrumb\",\"itemListElement\":[{\"@type\":\"ListItem\",\"position\":1,\"name\":\"Home\",\"item\":\"https:\/\/rosstylepro.com\/\"},{\"@type\":\"ListItem\",\"position\":2,\"name\":\"Pol\u00edtica de privacidad\"}]},{\"@type\":\"WebSite\",\"@id\":\"https:\/\/rosstylepro.com\/en\/#website\",\"url\":\"https:\/\/rosstylepro.com\/en\/\",\"name\":\"RosstylePRO\",\"description\":\"\",\"potentialAction\":[{\"@type\":\"SearchAction\",\"target\":{\"@type\":\"EntryPoint\",\"urlTemplate\":\"https:\/\/rosstylepro.com\/en\/?s={search_term_string}\"},\"query-input\":\"required name=search_term_string\"}],\"inLanguage\":\"da-DK\"}]}<\/script>\n<!-- \/ Yoast SEO plugin. -->","yoast_head_json":{"title":"Pol\u00edtica de privacidad","description":"Pol\u00edtica de privacidad, Tu privacidad es importante para nosotros. En Rosstylepro tenemos la pol\u00edtica de respetar tu privacidad en re...","robots":{"index":"index","follow":"follow","max-snippet":"max-snippet:-1","max-image-preview":"max-image-preview:large","max-video-preview":"max-video-preview:-1"},"canonical":"https:\/\/rosstylepro.com\/da\/politica-de-privacidad\/","og_locale":"da_DK","og_type":"article","og_title":"Pol\u00edtica de privacidad","og_description":"Pol\u00edtica de privacidad, Tu privacidad es importante para nosotros. En Rosstylepro tenemos la pol\u00edtica de respetar tu privacidad en re...","og_url":"https:\/\/rosstylepro.com\/da\/politica-de-privacidad\/","og_site_name":"RosstylePRO","article_modified_time":"2025-01-17T16:25:36+00:00","twitter_card":"summary_large_image","twitter_misc":{"Est. reading time":"8 minutter"},"schema":{"@context":"https:\/\/schema.org","@graph":[{"@type":"WebPage","@id":"https:\/\/rosstylepro.com\/politica-de-privacidad\/","url":"https:\/\/rosstylepro.com\/politica-de-privacidad\/","name":"Pol\u00edtica de privacidad","isPartOf":{"@id":"https:\/\/rosstylepro.com\/en\/#website"},"datePublished":"2024-05-02T15:17:37+00:00","dateModified":"2025-01-17T16:25:36+00:00","description":"Pol\u00edtica de privacidad, Tu privacidad es importante para nosotros. En Rosstylepro tenemos la pol\u00edtica de respetar tu privacidad en re...","breadcrumb":{"@id":"https:\/\/rosstylepro.com\/politica-de-privacidad\/#breadcrumb"},"inLanguage":"da-DK","potentialAction":[{"@type":"ReadAction","target":["https:\/\/rosstylepro.com\/politica-de-privacidad\/"]}]},{"@type":"BreadcrumbList","@id":"https:\/\/rosstylepro.com\/politica-de-privacidad\/#breadcrumb","itemListElement":[{"@type":"ListItem","position":1,"name":"Home","item":"https:\/\/rosstylepro.com\/"},{"@type":"ListItem","position":2,"name":"Pol\u00edtica de privacidad"}]},{"@type":"WebSite","@id":"https:\/\/rosstylepro.com\/en\/#website","url":"https:\/\/rosstylepro.com\/en\/","name":"RosstylePRO","description":"","potentialAction":[{"@type":"SearchAction","target":{"@type":"EntryPoint","urlTemplate":"https:\/\/rosstylepro.com\/en\/?s={search_term_string}"},"query-input":"required name=search_term_string"}],"inLanguage":"da-DK"}]}},"_links":{"self":[{"href":"https:\/\/rosstylepro.com\/da\/wp-json\/wp\/v2\/pages\/66"}],"collection":[{"href":"https:\/\/rosstylepro.com\/da\/wp-json\/wp\/v2\/pages"}],"about":[{"href":"https:\/\/rosstylepro.com\/da\/wp-json\/wp\/v2\/types\/page"}],"author":[{"embeddable":true,"href":"https:\/\/rosstylepro.com\/da\/wp-json\/wp\/v2\/users\/38"}],"replies":[{"embeddable":true,"href":"https:\/\/rosstylepro.com\/da\/wp-json\/wp\/v2\/comments?post=66"}],"version-history":[{"count":1,"href":"https:\/\/rosstylepro.com\/da\/wp-json\/wp\/v2\/pages\/66\/revisions"}],"predecessor-version":[{"id":1563,"href":"https:\/\/rosstylepro.com\/da\/wp-json\/wp\/v2\/pages\/66\/revisions\/1563"}],"wp:attachment":[{"href":"https:\/\/rosstylepro.com\/da\/wp-json\/wp\/v2\/media?parent=66"}],"curies":[{"name":"wp","href":"https:\/\/api.w.org\/{rel}","templated":true}]}}