{"id":69,"date":"2024-05-02T12:20:15","date_gmt":"2024-05-02T15:20:15","guid":{"rendered":"https:\/\/rosstylepro.com\/?page_id=69"},"modified":"2025-01-17T16:25:36","modified_gmt":"2025-01-17T16:25:36","slug":"politica-de-cookies","status":"publish","type":"page","link":"https:\/\/rosstylepro.com\/da\/politica-de-cookies\/","title":{"rendered":"Cookies politik"},"content":{"rendered":"<p>Rosstylepro bruger cookies p\u00e5 sin hjemmeside rosstylepro.com. Ved at acceptere vores cookiepolitik accepterer du brugen af cookies i overensstemmelse med denne politik. Hvis du ikke er enig i brugen af cookies, anbefaler vi, at du justerer dine browserindstillinger eller holder op med at bruge vores hjemmeside.<\/p>\n\n\n\n<h2 class=\"wp-block-heading\">Hvad er cookies?<\/h2>\n\n\n\n<p>Cookies er sm\u00e5 tekstfiler, som et websted gemmer p\u00e5 din enhed, n\u00e5r du bes\u00f8ger det. Disse filer indeholder information, der kan hentes af webstedet til forskellige form\u00e5l, s\u00e5som at huske dine sprogpr\u00e6ferencer, optimere din browsingoplevelse og indsamle oplysninger om webstedsbrug.<\/p>\n\n\n\n<h2 class=\"wp-block-heading\">Typer af anvendte cookies<\/h2>\n\n\n\n<h3 class=\"wp-block-heading\">N\u00f8dvendige cookies<\/h3>\n\n\n\n<p>Disse cookies er afg\u00f8rende for, at hjemmesiden kan fungere og kan ikke deaktiveres i vores systemer. De er normalt kun indstillet som svar p\u00e5 handlinger foretaget af dig, som svarer til en anmodning om tjenester, s\u00e5som indstilling af dine privatlivspr\u00e6ferencer, log ind eller udfyldelse af formularer.<\/p>\n\n\n\n<h3 class=\"wp-block-heading\">Ydelsescookies<\/h3>\n\n\n\n<p>Disse cookies hj\u00e6lper os med at forst\u00e5, hvordan bes\u00f8gende interagerer med vores websted ved at give oplysninger om de bes\u00f8gte omr\u00e5der, tid brugt p\u00e5 webstedet og eventuelle problemer, s\u00e5som fejlmeddelelser. Dette hj\u00e6lper os med at forbedre webstedets ydeevne og forbedre din brugeroplevelse.<\/p>\n\n\n\n<h3 class=\"wp-block-heading\">Funktionelle cookies<\/h3>\n\n\n\n<p>Disse cookies giver webstedet mulighed for at huske valg, du foretager, s\u00e5som dit brugernavn, sprog eller omr\u00e5de, og giver forbedrede, mere personlige funktioner. De kan ogs\u00e5 bruges til at levere efterspurgte tjenester, s\u00e5som at se en video eller kommentere en blog.<\/p>\n\n\n\n<h3 class=\"wp-block-heading\">Annonce-cookies<\/h3>\n\n\n\n<p>Disse cookies bruges til at give annoncer mere relevante for dig og dine interesser. De bruges ogs\u00e5 til at begr\u00e6nse antallet af gange, du ser en annonce, og hj\u00e6lpe med at m\u00e5le effektiviteten af annoncekampagner.<\/p>\n\n\n\n<h2 class=\"wp-block-heading\">Cookieh\u00e5ndtering<\/h2>\n\n\n\n<p>N\u00e5r du tilg\u00e5r vores hjemmeside for f\u00f8rste gang, vil du blive informeret om brugen af cookies og har mulighed for at give samtykke til brugen af dem. Du kan ogs\u00e5 kontrollere og administrere cookies i dine browserindstillinger. Bem\u00e6rk venligst, at deaktivering af visse typer cookies kan p\u00e5virke hjemmesidens funktionalitet og din brugeroplevelse.<\/p>\n\n\n\n<h2 class=\"wp-block-heading\">\u00c6ndringer af denne politik<\/h2>\n\n\n\n<p>Vi kan opdatere denne cookiepolitik med j\u00e6vne mellemrum for at afspejle \u00e6ndringer i vores praksis for brug af cookies. Vi anbefaler, at du gennemg\u00e5r denne politik regelm\u00e6ssigt for at holde dig orienteret om eventuelle \u00e6ndringer.<\/p>\n\n\n\n<p>Ved at forts\u00e6tte med at bruge vores hjemmeside efter disse \u00e6ndringer, giver du samtykke til brugen af cookies i overensstemmelse med den reviderede politik.<\/p>\n\n\n\n<h2 class=\"wp-block-heading\">Kontakte<\/h2>\n\n\n\n<p>Hvis du har sp\u00f8rgsm\u00e5l om vores cookiepolitik eller brugen af cookies p\u00e5 vores hjemmeside, bedes du kontakte os via e-mail:\u00a0<a>contacto@rosstylepro.com<\/a>.<\/p>","protected":false},"excerpt":{"rendered":"<p>Rosstylepro bruger cookies p\u00e5 sin hjemmeside rossstylepro.com. Ved at acceptere vores Cookiepolitik accepterer du brugen af cookies i overensstemmelse med denne politik. Hvis du ikke accepterer brugen af cookies, anbefaler vi, at du justerer dine browserindstillinger eller stopper med at bruge vores hjemmeside. Hvad er [\u2026]<\/p>","protected":false},"author":38,"featured_media":0,"parent":0,"menu_order":0,"comment_status":"closed","ping_status":"closed","template":"page-nosidebar.php","meta":{"footnotes":""},"yoast_head":"<!-- This site is optimized with the Yoast SEO plugin v23.3 - https:\/\/yoast.com\/wordpress\/plugins\/seo\/ -->\n<title>Pol\u00edtica de Cookies<\/title>\n<meta name=\"description\" content=\"Pol\u00edtica de Cookies, Rosstylepro utiliza cookies en su sitio web rosstylepro.com. Al aceptar nuestra Pol\u00edtica de Cookies, usted acepta el ...\" \/>\n<meta name=\"robots\" content=\"index, follow, max-snippet:-1, max-image-preview:large, max-video-preview:-1\" \/>\n<link rel=\"canonical\" href=\"https:\/\/rosstylepro.com\/da\/politica-de-cookies\/\" \/>\n<meta property=\"og:locale\" content=\"da_DK\" \/>\n<meta property=\"og:type\" content=\"article\" \/>\n<meta property=\"og:title\" content=\"Pol\u00edtica de Cookies\" \/>\n<meta property=\"og:description\" content=\"Pol\u00edtica de Cookies, Rosstylepro utiliza cookies en su sitio web rosstylepro.com. Al aceptar nuestra Pol\u00edtica de Cookies, usted acepta el ...\" \/>\n<meta property=\"og:url\" content=\"https:\/\/rosstylepro.com\/da\/politica-de-cookies\/\" \/>\n<meta property=\"og:site_name\" content=\"RosstylePRO\" \/>\n<meta property=\"article:modified_time\" content=\"2025-01-17T16:25:36+00:00\" \/>\n<meta name=\"twitter:card\" content=\"summary_large_image\" \/>\n<meta name=\"twitter:label1\" content=\"Est. reading time\" \/>\n\t<meta name=\"twitter:data1\" content=\"3 minutter\" \/>\n<script type=\"application\/ld+json\" class=\"yoast-schema-graph\">{\"@context\":\"https:\/\/schema.org\",\"@graph\":[{\"@type\":\"WebPage\",\"@id\":\"https:\/\/rosstylepro.com\/politica-de-cookies\/\",\"url\":\"https:\/\/rosstylepro.com\/politica-de-cookies\/\",\"name\":\"Pol\u00edtica de Cookies\",\"isPartOf\":{\"@id\":\"https:\/\/rosstylepro.com\/en\/#website\"},\"datePublished\":\"2024-05-02T15:20:15+00:00\",\"dateModified\":\"2025-01-17T16:25:36+00:00\",\"description\":\"Pol\u00edtica de Cookies, Rosstylepro utiliza cookies en su sitio web rosstylepro.com. Al aceptar nuestra Pol\u00edtica de Cookies, usted acepta el ...\",\"breadcrumb\":{\"@id\":\"https:\/\/rosstylepro.com\/politica-de-cookies\/#breadcrumb\"},\"inLanguage\":\"da-DK\",\"potentialAction\":[{\"@type\":\"ReadAction\",\"target\":[\"https:\/\/rosstylepro.com\/politica-de-cookies\/\"]}]},{\"@type\":\"BreadcrumbList\",\"@id\":\"https:\/\/rosstylepro.com\/politica-de-cookies\/#breadcrumb\",\"itemListElement\":[{\"@type\":\"ListItem\",\"position\":1,\"name\":\"Home\",\"item\":\"https:\/\/rosstylepro.com\/\"},{\"@type\":\"ListItem\",\"position\":2,\"name\":\"Pol\u00edtica de Cookies\"}]},{\"@type\":\"WebSite\",\"@id\":\"https:\/\/rosstylepro.com\/en\/#website\",\"url\":\"https:\/\/rosstylepro.com\/en\/\",\"name\":\"RosstylePRO\",\"description\":\"\",\"potentialAction\":[{\"@type\":\"SearchAction\",\"target\":{\"@type\":\"EntryPoint\",\"urlTemplate\":\"https:\/\/rosstylepro.com\/en\/?s={search_term_string}\"},\"query-input\":\"required name=search_term_string\"}],\"inLanguage\":\"da-DK\"}]}<\/script>\n<!-- \/ Yoast SEO plugin. -->","yoast_head_json":{"title":"Pol\u00edtica de Cookies","description":"Pol\u00edtica de Cookies, Rosstylepro utiliza cookies en su sitio web rosstylepro.com. Al aceptar nuestra Pol\u00edtica de Cookies, usted acepta el ...","robots":{"index":"index","follow":"follow","max-snippet":"max-snippet:-1","max-image-preview":"max-image-preview:large","max-video-preview":"max-video-preview:-1"},"canonical":"https:\/\/rosstylepro.com\/da\/politica-de-cookies\/","og_locale":"da_DK","og_type":"article","og_title":"Pol\u00edtica de Cookies","og_description":"Pol\u00edtica de Cookies, Rosstylepro utiliza cookies en su sitio web rosstylepro.com. Al aceptar nuestra Pol\u00edtica de Cookies, usted acepta el ...","og_url":"https:\/\/rosstylepro.com\/da\/politica-de-cookies\/","og_site_name":"RosstylePRO","article_modified_time":"2025-01-17T16:25:36+00:00","twitter_card":"summary_large_image","twitter_misc":{"Est. reading time":"3 minutter"},"schema":{"@context":"https:\/\/schema.org","@graph":[{"@type":"WebPage","@id":"https:\/\/rosstylepro.com\/politica-de-cookies\/","url":"https:\/\/rosstylepro.com\/politica-de-cookies\/","name":"Pol\u00edtica de Cookies","isPartOf":{"@id":"https:\/\/rosstylepro.com\/en\/#website"},"datePublished":"2024-05-02T15:20:15+00:00","dateModified":"2025-01-17T16:25:36+00:00","description":"Pol\u00edtica de Cookies, Rosstylepro utiliza cookies en su sitio web rosstylepro.com. Al aceptar nuestra Pol\u00edtica de Cookies, usted acepta el ...","breadcrumb":{"@id":"https:\/\/rosstylepro.com\/politica-de-cookies\/#breadcrumb"},"inLanguage":"da-DK","potentialAction":[{"@type":"ReadAction","target":["https:\/\/rosstylepro.com\/politica-de-cookies\/"]}]},{"@type":"BreadcrumbList","@id":"https:\/\/rosstylepro.com\/politica-de-cookies\/#breadcrumb","itemListElement":[{"@type":"ListItem","position":1,"name":"Home","item":"https:\/\/rosstylepro.com\/"},{"@type":"ListItem","position":2,"name":"Pol\u00edtica de Cookies"}]},{"@type":"WebSite","@id":"https:\/\/rosstylepro.com\/en\/#website","url":"https:\/\/rosstylepro.com\/en\/","name":"RosstylePRO","description":"","potentialAction":[{"@type":"SearchAction","target":{"@type":"EntryPoint","urlTemplate":"https:\/\/rosstylepro.com\/en\/?s={search_term_string}"},"query-input":"required name=search_term_string"}],"inLanguage":"da-DK"}]}},"_links":{"self":[{"href":"https:\/\/rosstylepro.com\/da\/wp-json\/wp\/v2\/pages\/69"}],"collection":[{"href":"https:\/\/rosstylepro.com\/da\/wp-json\/wp\/v2\/pages"}],"about":[{"href":"https:\/\/rosstylepro.com\/da\/wp-json\/wp\/v2\/types\/page"}],"author":[{"embeddable":true,"href":"https:\/\/rosstylepro.com\/da\/wp-json\/wp\/v2\/users\/38"}],"replies":[{"embeddable":true,"href":"https:\/\/rosstylepro.com\/da\/wp-json\/wp\/v2\/comments?post=69"}],"version-history":[{"count":1,"href":"https:\/\/rosstylepro.com\/da\/wp-json\/wp\/v2\/pages\/69\/revisions"}],"predecessor-version":[{"id":1562,"href":"https:\/\/rosstylepro.com\/da\/wp-json\/wp\/v2\/pages\/69\/revisions\/1562"}],"wp:attachment":[{"href":"https:\/\/rosstylepro.com\/da\/wp-json\/wp\/v2\/media?parent=69"}],"curies":[{"name":"wp","href":"https:\/\/api.w.org\/{rel}","templated":true}]}}