{"id":71,"date":"2024-05-02T12:36:23","date_gmt":"2024-05-02T15:36:23","guid":{"rendered":"https:\/\/rosstylepro.com\/?page_id=71"},"modified":"2025-01-17T16:25:36","modified_gmt":"2025-01-17T16:25:36","slug":"sobre-nosotros","status":"publish","type":"page","link":"https:\/\/rosstylepro.com\/da\/sobre-nosotros\/","title":{"rendered":"Om os"},"content":{"rendered":"<p><br>Velkommen til Rosstylepro, et digitalt rum designet til at fejre nysgerrighed, udforske innovation og dele unikke oplevelser i den enorme verden af teknologi og underholdning. Grundlagt af Kirito og New, sammen med et team p\u00e5 over 10 dedikerede samarbejdspartnere, blev Rosstylepro f\u00f8dt ud af et behov for udtryk og en passion for at opdage nye horisonter i sk\u00e6ringspunktet mellem teknologi og fordybende historiefort\u00e6lling.<\/p>\n\n\n\n<h3 class=\"wp-block-heading\">Vores historie og m\u00e5l<\/h3>\n\n\n\n<p>Det hele startede med den enkle id\u00e9 om at give en platform, hvor nysgerrigheden kunne blomstre. Med tiden inds\u00e5 vi, at det ikke kun handlede om at fremvise apps eller teknologier, men om at fort\u00e6lle fordybende historier, der ville inspirere vores l\u00e6sere. S\u00e5ledes blev vores mission dannet: at fort\u00e6lle historier, fremvise innovationer og dele meningsfulde oplevelser med et levende og engageret samfund.<\/p>\n\n\n\n<h3 class=\"wp-block-heading\">The Soul of Rosstylepro: Vores f\u00e6llesskab<\/h3>\n\n\n\n<p>Vi erkender, at Rosstylepro ikke ville v\u00e6re, hvad det er uden vores f\u00e6llesskab. Vi v\u00e6rds\u00e6tter hvert medlem og str\u00e6ber efter at skabe et inkluderende og samarbejdsmilj\u00f8, hvor alle kan dele ideer, meninger og opdagelser. Konstant interaktion med vores f\u00e6llesskab hj\u00e6lper os med at bevare relevansen og kvaliteten af det indhold, vi tilbyder.<\/p>\n\n\n\n<h3 class=\"wp-block-heading\">Opdagelse af nye horisonter: teknologi og underholdning<\/h3>\n\n\n\n<p>Efterh\u00e5nden som Rosstylepro vokser, s\u00f8ger vi ogs\u00e5 at p\u00e5virke teknologi- og underholdningsindustrien positivt. Vi leder konstant efter nye m\u00e5der at pr\u00e6sentere innovativt og inspirerende indhold p\u00e5, samt fremme udviklingen af applikationer og teknologier, der forbedrer folks liv.<\/p>\n\n\n\n<h3 class=\"wp-block-heading\">Vores forpligtelse til kvalitet<\/h3>\n\n\n\n<p>Kvalitet er i h\u00f8js\u00e6det hos Rosstylepro. For at sikre fremragende indhold i vores indhold har vi et team af dedikerede og erfarne bidragydere. Vi laver omfattende research og viser kun det, vi rent faktisk bruger og mener er relevant og nyttigt for vores samfund.<\/p>\n\n\n\n<h3 class=\"wp-block-heading\">Hvad du finder hos Rosstylepro<\/h3>\n\n\n\n<p>P\u00e5 vores side tilbyder vi en bred vifte af indhold til alle interesser. Fra dybdeg\u00e5ende app-anmeldelser til teknisk trivia, vores m\u00e5l er at give en omfattende oplevelse, der r\u00e6kker ud over simpel teknisk information. Hver artikel eller analyse er ledsaget af en fordybende fort\u00e6lling for at g\u00f8re l\u00e6seoplevelsen endnu mere f\u00e6ngslende.<\/p>\n\n\n\n<h3 class=\"wp-block-heading\">Underholdning og viden p\u00e5 \u00e9t sted<\/h3>\n\n\n\n<p>Vi tror p\u00e5, at underholdning og viden kan g\u00e5 h\u00e5nd i h\u00e5nd hos Rosstylepro. Derfor tilbyder vi udover teknisk analyse og information ogs\u00e5 indhold med fokus p\u00e5 underholdning og den menneskelige side af teknologien. Vi \u00f8nsker at inspirere, informere og underholde vores l\u00e6sere p\u00e5 alle mulige m\u00e5der.<\/p>\n\n\n\n<h3 class=\"wp-block-heading\">Fremtiden for Rosstylepro<\/h3>\n\n\n\n<p>Fremtiden for Rosstylepro er sp\u00e6ndende og fuld af muligheder. Vi leder altid efter nye m\u00e5der at innovere og levere en endnu bedre oplevelse for vores samfund. Vi planl\u00e6gger at udvide vores indhold, udforske nye emner og forblive en p\u00e5lidelig kilde til information og underholdning for alle teknologientusiaster.<\/p>\n\n\n\n<h3 class=\"wp-block-heading\">Kontakt os og v\u00e6r med p\u00e5 eventyret<\/h3>\n\n\n\n<p>Vi v\u00e6rds\u00e6tter i h\u00f8j grad kommentarer, forslag og ideer fra vores f\u00e6llesskab. Hvis du har sp\u00f8rgsm\u00e5l, kommentarer eller gerne vil dele din oplevelse med os, s\u00e5 t\u00f8v ikke med at kontakte os. Din mening er afg\u00f8rende for os!<\/p>\n\n\n\n<p>Vi s\u00e6tter pris p\u00e5, at du er en del af Rosstylepro-eventyret. Sammen udforsker vi nye horisonter, hylder nysgerrighed og innovation og forts\u00e6tter med at inspirere hinanden p\u00e5 denne sp\u00e6ndende teknologiske og menneskelige rejse.<\/p>","protected":false},"excerpt":{"rendered":"<p>Velkommen til Rosstylepro, et digitalt rum designet til at fejre nysgerrighed, udforske innovation og dele unikke oplevelser i den enorme verden af teknologi og underholdning. Rosstylepro blev grundlagt af Kirito og New sammen med et team p\u00e5 mere end 10 dedikerede samarbejdspartnere og opstod ud fra et behov for udtryk og en passion for [\u2026]<\/p>","protected":false},"author":38,"featured_media":0,"parent":0,"menu_order":0,"comment_status":"closed","ping_status":"closed","template":"page-nosidebar.php","meta":{"footnotes":""},"yoast_head":"<!-- This site is optimized with the Yoast SEO plugin v23.3 - https:\/\/yoast.com\/wordpress\/plugins\/seo\/ -->\n<title>Sobre Nosotros - RosstylePRO<\/title>\n<meta name=\"robots\" content=\"index, follow, max-snippet:-1, max-image-preview:large, max-video-preview:-1\" \/>\n<link rel=\"canonical\" href=\"https:\/\/rosstylepro.com\/da\/sobre-nosotros\/\" \/>\n<meta property=\"og:locale\" content=\"da_DK\" \/>\n<meta property=\"og:type\" content=\"article\" \/>\n<meta property=\"og:title\" content=\"Sobre Nosotros - RosstylePRO\" \/>\n<meta property=\"og:description\" content=\"Bienvenidos a Rosstylepro, un espacio digital dise\u00f1ado para celebrar la curiosidad, explorar la innovaci\u00f3n y compartir experiencias \u00fanicas en el vasto mundo de la tecnolog\u00eda y el entretenimiento. Fundado por Kirito y New, junto con un equipo de m\u00e1s de 10 colaboradores dedicados, Rosstylepro surgi\u00f3 de la necesidad de expresi\u00f3n y de la pasi\u00f3n por [&hellip;]\" \/>\n<meta property=\"og:url\" content=\"https:\/\/rosstylepro.com\/da\/sobre-nosotros\/\" \/>\n<meta property=\"og:site_name\" content=\"RosstylePRO\" \/>\n<meta property=\"article:modified_time\" content=\"2025-01-17T16:25:36+00:00\" \/>\n<meta name=\"twitter:card\" content=\"summary_large_image\" \/>\n<meta name=\"twitter:label1\" content=\"Est. reading time\" \/>\n\t<meta name=\"twitter:data1\" content=\"3 minutter\" \/>\n<script type=\"application\/ld+json\" class=\"yoast-schema-graph\">{\"@context\":\"https:\/\/schema.org\",\"@graph\":[{\"@type\":\"WebPage\",\"@id\":\"https:\/\/rosstylepro.com\/sobre-nosotros\/\",\"url\":\"https:\/\/rosstylepro.com\/sobre-nosotros\/\",\"name\":\"Sobre Nosotros - RosstylePRO\",\"isPartOf\":{\"@id\":\"https:\/\/rosstylepro.com\/en\/#website\"},\"datePublished\":\"2024-05-02T15:36:23+00:00\",\"dateModified\":\"2025-01-17T16:25:36+00:00\",\"breadcrumb\":{\"@id\":\"https:\/\/rosstylepro.com\/sobre-nosotros\/#breadcrumb\"},\"inLanguage\":\"da-DK\",\"potentialAction\":[{\"@type\":\"ReadAction\",\"target\":[\"https:\/\/rosstylepro.com\/sobre-nosotros\/\"]}]},{\"@type\":\"BreadcrumbList\",\"@id\":\"https:\/\/rosstylepro.com\/sobre-nosotros\/#breadcrumb\",\"itemListElement\":[{\"@type\":\"ListItem\",\"position\":1,\"name\":\"Home\",\"item\":\"https:\/\/rosstylepro.com\/\"},{\"@type\":\"ListItem\",\"position\":2,\"name\":\"Sobre Nosotros\"}]},{\"@type\":\"WebSite\",\"@id\":\"https:\/\/rosstylepro.com\/en\/#website\",\"url\":\"https:\/\/rosstylepro.com\/en\/\",\"name\":\"RosstylePRO\",\"description\":\"\",\"potentialAction\":[{\"@type\":\"SearchAction\",\"target\":{\"@type\":\"EntryPoint\",\"urlTemplate\":\"https:\/\/rosstylepro.com\/en\/?s={search_term_string}\"},\"query-input\":\"required name=search_term_string\"}],\"inLanguage\":\"da-DK\"}]}<\/script>\n<!-- \/ Yoast SEO plugin. -->","yoast_head_json":{"title":"Sobre Nosotros - RosstylePRO","robots":{"index":"index","follow":"follow","max-snippet":"max-snippet:-1","max-image-preview":"max-image-preview:large","max-video-preview":"max-video-preview:-1"},"canonical":"https:\/\/rosstylepro.com\/da\/sobre-nosotros\/","og_locale":"da_DK","og_type":"article","og_title":"Sobre Nosotros - RosstylePRO","og_description":"Bienvenidos a Rosstylepro, un espacio digital dise\u00f1ado para celebrar la curiosidad, explorar la innovaci\u00f3n y compartir experiencias \u00fanicas en el vasto mundo de la tecnolog\u00eda y el entretenimiento. Fundado por Kirito y New, junto con un equipo de m\u00e1s de 10 colaboradores dedicados, Rosstylepro surgi\u00f3 de la necesidad de expresi\u00f3n y de la pasi\u00f3n por [&hellip;]","og_url":"https:\/\/rosstylepro.com\/da\/sobre-nosotros\/","og_site_name":"RosstylePRO","article_modified_time":"2025-01-17T16:25:36+00:00","twitter_card":"summary_large_image","twitter_misc":{"Est. reading time":"3 minutter"},"schema":{"@context":"https:\/\/schema.org","@graph":[{"@type":"WebPage","@id":"https:\/\/rosstylepro.com\/sobre-nosotros\/","url":"https:\/\/rosstylepro.com\/sobre-nosotros\/","name":"Sobre Nosotros - RosstylePRO","isPartOf":{"@id":"https:\/\/rosstylepro.com\/en\/#website"},"datePublished":"2024-05-02T15:36:23+00:00","dateModified":"2025-01-17T16:25:36+00:00","breadcrumb":{"@id":"https:\/\/rosstylepro.com\/sobre-nosotros\/#breadcrumb"},"inLanguage":"da-DK","potentialAction":[{"@type":"ReadAction","target":["https:\/\/rosstylepro.com\/sobre-nosotros\/"]}]},{"@type":"BreadcrumbList","@id":"https:\/\/rosstylepro.com\/sobre-nosotros\/#breadcrumb","itemListElement":[{"@type":"ListItem","position":1,"name":"Home","item":"https:\/\/rosstylepro.com\/"},{"@type":"ListItem","position":2,"name":"Sobre Nosotros"}]},{"@type":"WebSite","@id":"https:\/\/rosstylepro.com\/en\/#website","url":"https:\/\/rosstylepro.com\/en\/","name":"RosstylePRO","description":"","potentialAction":[{"@type":"SearchAction","target":{"@type":"EntryPoint","urlTemplate":"https:\/\/rosstylepro.com\/en\/?s={search_term_string}"},"query-input":"required name=search_term_string"}],"inLanguage":"da-DK"}]}},"_links":{"self":[{"href":"https:\/\/rosstylepro.com\/da\/wp-json\/wp\/v2\/pages\/71"}],"collection":[{"href":"https:\/\/rosstylepro.com\/da\/wp-json\/wp\/v2\/pages"}],"about":[{"href":"https:\/\/rosstylepro.com\/da\/wp-json\/wp\/v2\/types\/page"}],"author":[{"embeddable":true,"href":"https:\/\/rosstylepro.com\/da\/wp-json\/wp\/v2\/users\/38"}],"replies":[{"embeddable":true,"href":"https:\/\/rosstylepro.com\/da\/wp-json\/wp\/v2\/comments?post=71"}],"version-history":[{"count":1,"href":"https:\/\/rosstylepro.com\/da\/wp-json\/wp\/v2\/pages\/71\/revisions"}],"predecessor-version":[{"id":1564,"href":"https:\/\/rosstylepro.com\/da\/wp-json\/wp\/v2\/pages\/71\/revisions\/1564"}],"wp:attachment":[{"href":"https:\/\/rosstylepro.com\/da\/wp-json\/wp\/v2\/media?parent=71"}],"curies":[{"name":"wp","href":"https:\/\/api.w.org\/{rel}","templated":true}]}}