{"id":66,"date":"2024-05-02T12:17:37","date_gmt":"2024-05-02T15:17:37","guid":{"rendered":"https:\/\/rosstylepro.com\/?page_id=66"},"modified":"2025-01-17T16:25:36","modified_gmt":"2025-01-17T16:25:36","slug":"politica-de-privacidad","status":"publish","type":"page","link":"https:\/\/rosstylepro.com\/de\/politica-de-privacidad\/","title":{"rendered":"Datenschutzrichtlinie"},"content":{"rendered":"<p>Ihre Privatsph\u00e4re ist uns wichtig. Bei Rosstylepro respektieren wir Ihre Privatsph\u00e4re in Bezug auf alle Informationen, die wir auf der Rosstylepro-Site und anderen Sites sammeln, die wir besitzen und betreiben.<\/p>\n\n\n\n<p>Wir fragen nur dann nach pers\u00f6nlichen Informationen, wenn wir diese wirklich ben\u00f6tigen, um Ihnen einen Service zu bieten. Wir tun dies fair und legal, mit Ihrem Wissen und Ihrer Zustimmung. Wir informieren Sie auch dar\u00fcber, warum wir diese Informationen erfassen und wie wir sie verwenden.<\/p>\n\n\n\n<p>Wir bewahren die erhobenen Daten nur so lange auf, wie es f\u00fcr die Bereitstellung der gew\u00fcnschten Dienstleistung erforderlich ist. Wenn wir Daten speichern, sch\u00fctzen wir sie mit kommerziell akzeptablen Mitteln, um Verlust, Diebstahl, unbefugten Zugriff, Offenlegung, Kopieren, Verwendung oder \u00c4nderung zu verhindern.<\/p>\n\n\n\n<p>Wir geben personenbezogene Daten weder \u00f6ffentlich noch an Dritte weiter, es sei denn, wir sind gesetzlich dazu verpflichtet.<\/p>\n\n\n\n<p>Unsere Site kann Links zu externen Sites enthalten, die nicht von uns betrieben werden. Bitte beachten Sie, dass wir keine Kontrolle \u00fcber den Inhalt und die Praktiken dieser Websites haben und nicht f\u00fcr deren Datenschutzrichtlinien verantwortlich gemacht werden k\u00f6nnen.<\/p>\n\n\n\n<p>Es steht Ihnen frei, unsere Anfrage nach personenbezogenen Daten abzulehnen. Beachten Sie jedoch bitte, dass wir Ihnen dann m\u00f6glicherweise einige gew\u00fcnschte Dienste nicht zur Verf\u00fcgung stellen k\u00f6nnen.<\/p>\n\n\n\n<p>Ihre fortgesetzte Nutzung unserer Site gilt als Zustimmung zu unseren Praktiken in Bezug auf Datenschutz und personenbezogene Daten. Wenn Sie Fragen zu unserem Umgang mit Benutzerdaten und personenbezogenen Daten haben, kontaktieren Sie uns bitte.<\/p>\n\n\n\n<h2 class=\"wp-block-heading\">Rosstylepro-Site-Sicherheit<\/h2>\n\n\n\n<p>Laut Site Check ist die Site f\u00fcr den Benutzer zuverl\u00e4ssig und sicher. Die Seite \u00fcberpr\u00fcft Site-Informationen, um potenzielle Sicherheitsprobleme zu identifizieren.<\/p>\n\n\n\n<h2 class=\"wp-block-heading\">Rosstylepro Cookie-Richtlinie<\/h2>\n\n\n\n<p><strong>Was sind Cookies?<\/strong><\/p>\n\n\n\n<p>Wie bei fast allen professionellen Websites \u00fcblich, verwendet diese Site Cookies, kleine Dateien, die auf Ihren Computer heruntergeladen werden, um Ihr Erlebnis zu verbessern. Auf dieser Seite wird beschrieben, welche Informationen sie sammeln, wie wir sie verwenden und warum wir diese Cookies manchmal speichern m\u00fcssen. Wir zeigen Ihnen auch, wie Sie die Speicherung dieser Cookies verhindern k\u00f6nnen, was allerdings die Funktionalit\u00e4t der Seite beeintr\u00e4chtigen kann.<\/p>\n\n\n\n<p><strong>Wie verwenden wir Cookies?<\/strong><\/p>\n\n\n\n<p>Wir verwenden Cookies aus mehreren Gr\u00fcnden, die im Folgenden n\u00e4her erl\u00e4utert werden. Leider gibt es in den meisten F\u00e4llen keine branchen\u00fcblichen Optionen zum Deaktivieren von Cookies, ohne die Funktionen und Features, die sie dieser Site hinzuf\u00fcgen, vollst\u00e4ndig zu deaktivieren. Es wird empfohlen, alle Cookies aktiviert zu lassen, wenn Sie nicht sicher sind, ob Sie sie ben\u00f6tigen oder nicht, falls sie zur Bereitstellung eines von Ihnen genutzten Dienstes verwendet werden.<\/p>\n\n\n\n<p><strong>Cookies deaktivieren<\/strong><\/p>\n\n\n\n<p>Sie k\u00f6nnen das Setzen von Cookies verhindern, indem Sie Ihre Browsereinstellungen anpassen (Informationen hierzu finden Sie in der Hilfefunktion Ihres Browsers). Bitte beachten Sie, dass das Deaktivieren von Cookies die Funktionalit\u00e4t dieser und vieler anderer von Ihnen besuchter Websites beeintr\u00e4chtigt. Das Deaktivieren von Cookies f\u00fchrt im Allgemeinen dazu, dass bestimmte Funktionen und Merkmale dieser Site deaktiviert werden. Es wird daher empfohlen, Cookies nicht zu deaktivieren.<\/p>\n\n\n\n<p><strong>Von uns gesetzte Cookies<\/strong><\/p>\n\n\n\n<ul>\n<li>Kontobezogene Cookies<br><br>Wenn Sie bei uns ein Konto erstellen, verwenden wir Cookies, um den Registrierungsprozess und die allgemeine Verwaltung abzuwickeln. Diese Cookies werden normalerweise gel\u00f6scht, wenn Sie sich abmelden. In einigen F\u00e4llen bleiben sie jedoch m\u00f6glicherweise bestehen, um Ihre Site-Einstellungen nach der Abmeldung zu speichern.<\/li>\n\n\n\n<li>Login-bezogene Cookies<br><br>Wir verwenden Cookies, wenn Sie sich anmelden, um diese Aktion zu speichern. Dadurch wird vermieden, dass Sie sich bei jedem Besuch einer neuen Seite erneut anmelden m\u00fcssen. Diese Cookies werden normalerweise gel\u00f6scht, wenn Sie sich abmelden, um sicherzustellen, dass Sie nur auf eingeschr\u00e4nkte Funktionen und Bereiche zugreifen k\u00f6nnen, wenn Sie angemeldet sind.<\/li>\n\n\n\n<li>Cookies im Zusammenhang mit E-Mail-Newslettern<br><br>Diese Site bietet Newsletter- oder E-Mail-Abonnementdienste an und Cookies k\u00f6nnen verwendet werden, um sich zu merken, ob Sie bereits registriert sind und ob bestimmte Benachrichtigungen nur registrierten\/nicht registrierten Benutzern angezeigt werden sollen.<\/li>\n\n\n\n<li>Cookies im Zusammenhang mit der Bestellabwicklung<br><br>Diese Site bietet E-Commerce- oder Zahlungsm\u00f6glichkeiten und einige Cookies sind wichtig, um sicherzustellen, dass Ihre Bestellung zwischen den Seiten gespeichert wird, damit wir sie richtig verarbeiten k\u00f6nnen.<\/li>\n\n\n\n<li>Umfragebezogene Cookies<br><br>Wir bieten regelm\u00e4\u00dfig Umfragen und Frageb\u00f6gen an, um interessante Informationen und n\u00fctzliche Tools bereitzustellen oder unsere Benutzerbasis besser zu verstehen. Diese Umfragen k\u00f6nnen Cookies verwenden, um sich zu merken, wer an einer Umfrage teilgenommen hat, oder um nach dem Seitenwechsel genaue Ergebnisse bereitzustellen.<\/li>\n\n\n\n<li>Formularbezogene Cookies<br><br>Wenn Sie Daten \u00fcber ein Formular \u00fcbermitteln, wie es beispielsweise auf Kontaktseiten oder Kommentarformularen zu finden ist, k\u00f6nnen Cookies gesetzt werden, um Ihre Benutzerdaten f\u00fcr zuk\u00fcnftige Korrespondenz zu speichern.<\/li>\n\n\n\n<li>Cookies f\u00fcr Website-Einstellungen<br><br>Um Ihnen ein optimales Erlebnis auf dieser Site zu bieten, stellen wir die Funktion bereit, mit der Sie Ihre Pr\u00e4ferenzen f\u00fcr die Ausf\u00fchrung dieser Site bei der Verwendung festlegen k\u00f6nnen. Um Ihre Pr\u00e4ferenzen zu speichern, m\u00fcssen wir Cookies setzen, damit diese Informationen abgerufen werden k\u00f6nnen, wenn Sie mit einer Seite interagieren, die von Ihren Pr\u00e4ferenzen betroffen ist.<\/li>\n<\/ul>\n\n\n\n<h2 class=\"wp-block-heading\">Cookies von Drittanbietern<\/h2>\n\n\n\n<p>In einigen Sonderf\u00e4llen verwenden wir auch Cookies von vertrauensw\u00fcrdigen Drittanbietern. Im folgenden Abschnitt erfahren Sie, auf welche Cookies von Drittanbietern Sie auf dieser Site sto\u00dfen k\u00f6nnen.<\/p>\n\n\n\n<ul>\n<li>Diese Website verwendet\u00a0<a href=\"https:\/\/analytics.google.com\/analytics\/web\/#\/p419479084\/reports\/intelligenthome\"><em>Google Analytics<\/em><\/a>, eine der am weitesten verbreiteten und vertrauensw\u00fcrdigsten Webanalysel\u00f6sungen, die uns hilft zu verstehen, wie Sie die Site nutzen und wie wir Ihr Erlebnis verbessern k\u00f6nnen. Diese Cookies k\u00f6nnen beispielsweise Ihre Verweildauer auf der Site und die von Ihnen besuchten Seiten verfolgen, damit wir weiterhin ansprechende Inhalte bereitstellen k\u00f6nnen.<\/li>\n<\/ul>\n\n\n\n<p>Weitere Informationen zu Google Analytics-Cookies finden Sie auf der offiziellen Google Analytics-Seite.<\/p>\n\n\n\n<ul>\n<li>Mithilfe von Analysetools von Drittanbietern wird die Nutzung dieser Site verfolgt und gemessen, damit wir weiterhin ansprechende Inhalte erstellen k\u00f6nnen. Diese Cookies k\u00f6nnen beispielsweise Ihre Verweildauer auf der Site oder die von Ihnen besuchten Seiten verfolgen. Dies hilft uns zu verstehen, wie wir die Site f\u00fcr Sie verbessern k\u00f6nnen.<\/li>\n\n\n\n<li>Wir testen regelm\u00e4\u00dfig neue Funktionen und nehmen geringf\u00fcgige \u00c4nderungen an der Darstellung der Site vor. Wenn wir noch neue Funktionen testen, k\u00f6nnen diese Cookies verwendet werden, um sicherzustellen, dass Sie auf der Site ein konsistentes Erlebnis erhalten, w\u00e4hrend wir herausfinden, welche Optimierungen unseren Benutzern am besten gefallen.<\/li>\n\n\n\n<li>Beim Verkauf von Produkten ist es f\u00fcr uns wichtig, Statistiken dar\u00fcber zu erhalten, wie viele Besucher unserer Site tats\u00e4chlich etwas kaufen. Daher erfassen diese Cookies diese Art von Daten. Dies ist f\u00fcr Sie wichtig, da wir dadurch pr\u00e4zise Gesch\u00e4ftsprognosen erstellen k\u00f6nnen, die es uns erm\u00f6glichen, unsere Werbe- und Produktkosten zu analysieren, um den bestm\u00f6glichen Preis sicherzustellen.<\/li>\n<\/ul>\n\n\n\n<h2 class=\"wp-block-heading\">Benutzerinteraktion<\/h2>\n\n\n\n<p>Der Benutzer verpflichtet sich, die Inhalte und Informationen, die Rosstyleproof auf der Website bereitstellt, angemessen zu nutzen, einschlie\u00dflich, aber nicht beschr\u00e4nkt auf:<\/p>\n\n\n\n<ul>\n<li>A) sich nicht an illegalen Aktivit\u00e4ten oder solchen zu beteiligen, die gegen Treu und Glauben und die \u00f6ffentliche Ordnung versto\u00dfen;<\/li>\n\n\n\n<li>B) Verbreiten Sie keine Propaganda oder Inhalte rassistischer, fremdenfeindlicher, gl\u00fccksspiel- oder wettbezogener Natur, illegaler Pornografie, Verherrlichung des Terrorismus oder gegen die Menschenrechte.<\/li>\n\n\n\n<li>C) Keine Sch\u00e4den an den physischen (Hardware) und logischen (Software) Systemen von Rosstylepro, seinen Lieferanten oder Dritten zu verursachen und keine Computerviren oder andere Hardware- oder Softwaresysteme einzuf\u00fchren oder zu verbreiten, die die oben genannten Sch\u00e4den verursachen k\u00f6nnen.<\/li>\n<\/ul>\n\n\n\n<h2 class=\"wp-block-heading\">Blockieren von Cookies:<\/h2>\n\n\n\n<p>Der Benutzer kann Cookies von jeder Site, einschlie\u00dflich unserer, jederzeit blockieren und\/oder deaktivieren. Um diesen Vorgang durchzuf\u00fchren, greifen Sie auf Ihre Browsereinstellungen zu. Nachfolgend finden Sie Hilfeanleitungen f\u00fcr die wichtigsten Browser:<\/p>\n\n\n\n<ul>\n<li><a href=\"https:\/\/support.google.com\/accounts\/answer\/61416?hl=en\"><em>Google Chrome<\/em><\/a><\/li>\n\n\n\n<li><a href=\"https:\/\/support.mozilla.org\/en-US\/kb\/enhanced-tracking-protection-firefox-desktop?redirectlocale=en-US&amp;redirectslug=enable-and-disable-cookies-website-preferences\"><em>Feuerfuchs<\/em><\/a><\/li>\n\n\n\n<li><a href=\"https:\/\/support.microsoft.com\/pt-br\/windows\/excluir-e-gerenciar-cookies-168dab11-0753-043d-7c16-ede5947fc64d\"><em>Microsoft Edge<\/em><\/a><\/li>\n\n\n\n<li><a href=\"https:\/\/blogs.opera.com\/news\/2015\/08\/how-to-manage-cookies-in-opera\/\"><em>Oper<\/em><\/a><\/li>\n\n\n\n<li><a href=\"https:\/\/support.apple.com\/pt-br\/guide\/safari\/sfri11471\/mac\"><em>Safari<\/em><\/a><\/li>\n<\/ul>\n\n\n\n<h2 class=\"wp-block-heading\">Weitere Informationen<\/h2>\n\n\n\n<p>Hoffentlich kl\u00e4rt dies Ihre Zweifel, und wie bereits erw\u00e4hnt: Wenn Sie sich nicht sicher sind, ob Sie etwas ben\u00f6tigen oder nicht, ist es normalerweise sicherer, Cookies aktiviert zu lassen, falls Sie mit den Funktionen interagieren, die Sie auf unserer Site verwenden.<\/p>\n\n\n\n<p>Diese Richtlinie gilt ab April 2024.<\/p>","protected":false},"excerpt":{"rendered":"<p>Ihre Privatsph\u00e4re ist uns wichtig. Bei Rosstylepro respektieren wir Ihre Privatsph\u00e4re in Bezug auf alle Informationen, die wir auf der Rosstylepro-Website und anderen von uns betriebenen Websites sammeln. Wir fragen nur dann nach personenbezogenen Daten, wenn wir diese wirklich ben\u00f6tigen, um Ihnen einen Service zu bieten. Dies geschieht fair und legal mit Ihrer Zustimmung.<\/p>","protected":false},"author":38,"featured_media":0,"parent":0,"menu_order":0,"comment_status":"closed","ping_status":"closed","template":"page-nosidebar.php","meta":{"footnotes":""},"yoast_head":"<!-- This site is optimized with the Yoast SEO plugin v23.3 - https:\/\/yoast.com\/wordpress\/plugins\/seo\/ -->\n<title>Pol\u00edtica de privacidad<\/title>\n<meta name=\"description\" content=\"Pol\u00edtica de privacidad, Tu privacidad es importante para nosotros. En Rosstylepro tenemos la pol\u00edtica de respetar tu privacidad en re...\" \/>\n<meta name=\"robots\" content=\"index, follow, max-snippet:-1, max-image-preview:large, max-video-preview:-1\" \/>\n<link rel=\"canonical\" href=\"https:\/\/rosstylepro.com\/de\/politica-de-privacidad\/\" \/>\n<meta property=\"og:locale\" content=\"de_DE\" \/>\n<meta property=\"og:type\" content=\"article\" \/>\n<meta property=\"og:title\" content=\"Pol\u00edtica de privacidad\" \/>\n<meta property=\"og:description\" content=\"Pol\u00edtica de privacidad, Tu privacidad es importante para nosotros. En Rosstylepro tenemos la pol\u00edtica de respetar tu privacidad en re...\" \/>\n<meta property=\"og:url\" content=\"https:\/\/rosstylepro.com\/de\/politica-de-privacidad\/\" \/>\n<meta property=\"og:site_name\" content=\"RosstylePRO\" \/>\n<meta property=\"article:modified_time\" content=\"2025-01-17T16:25:36+00:00\" \/>\n<meta name=\"twitter:card\" content=\"summary_large_image\" \/>\n<meta name=\"twitter:label1\" content=\"Est. reading time\" \/>\n\t<meta name=\"twitter:data1\" content=\"8 Minuten\" \/>\n<script type=\"application\/ld+json\" class=\"yoast-schema-graph\">{\"@context\":\"https:\/\/schema.org\",\"@graph\":[{\"@type\":\"WebPage\",\"@id\":\"https:\/\/rosstylepro.com\/politica-de-privacidad\/\",\"url\":\"https:\/\/rosstylepro.com\/politica-de-privacidad\/\",\"name\":\"Pol\u00edtica de privacidad\",\"isPartOf\":{\"@id\":\"https:\/\/rosstylepro.com\/en\/#website\"},\"datePublished\":\"2024-05-02T15:17:37+00:00\",\"dateModified\":\"2025-01-17T16:25:36+00:00\",\"description\":\"Pol\u00edtica de privacidad, Tu privacidad es importante para nosotros. En Rosstylepro tenemos la pol\u00edtica de respetar tu privacidad en re...\",\"breadcrumb\":{\"@id\":\"https:\/\/rosstylepro.com\/politica-de-privacidad\/#breadcrumb\"},\"inLanguage\":\"de-DE\",\"potentialAction\":[{\"@type\":\"ReadAction\",\"target\":[\"https:\/\/rosstylepro.com\/politica-de-privacidad\/\"]}]},{\"@type\":\"BreadcrumbList\",\"@id\":\"https:\/\/rosstylepro.com\/politica-de-privacidad\/#breadcrumb\",\"itemListElement\":[{\"@type\":\"ListItem\",\"position\":1,\"name\":\"Home\",\"item\":\"https:\/\/rosstylepro.com\/\"},{\"@type\":\"ListItem\",\"position\":2,\"name\":\"Pol\u00edtica de privacidad\"}]},{\"@type\":\"WebSite\",\"@id\":\"https:\/\/rosstylepro.com\/en\/#website\",\"url\":\"https:\/\/rosstylepro.com\/en\/\",\"name\":\"RosstylePRO\",\"description\":\"\",\"potentialAction\":[{\"@type\":\"SearchAction\",\"target\":{\"@type\":\"EntryPoint\",\"urlTemplate\":\"https:\/\/rosstylepro.com\/en\/?s={search_term_string}\"},\"query-input\":\"required name=search_term_string\"}],\"inLanguage\":\"de-DE\"}]}<\/script>\n<!-- \/ Yoast SEO plugin. -->","yoast_head_json":{"title":"Pol\u00edtica de privacidad","description":"Pol\u00edtica de privacidad, Tu privacidad es importante para nosotros. En Rosstylepro tenemos la pol\u00edtica de respetar tu privacidad en re...","robots":{"index":"index","follow":"follow","max-snippet":"max-snippet:-1","max-image-preview":"max-image-preview:large","max-video-preview":"max-video-preview:-1"},"canonical":"https:\/\/rosstylepro.com\/de\/politica-de-privacidad\/","og_locale":"de_DE","og_type":"article","og_title":"Pol\u00edtica de privacidad","og_description":"Pol\u00edtica de privacidad, Tu privacidad es importante para nosotros. En Rosstylepro tenemos la pol\u00edtica de respetar tu privacidad en re...","og_url":"https:\/\/rosstylepro.com\/de\/politica-de-privacidad\/","og_site_name":"RosstylePRO","article_modified_time":"2025-01-17T16:25:36+00:00","twitter_card":"summary_large_image","twitter_misc":{"Est. reading time":"8 Minuten"},"schema":{"@context":"https:\/\/schema.org","@graph":[{"@type":"WebPage","@id":"https:\/\/rosstylepro.com\/politica-de-privacidad\/","url":"https:\/\/rosstylepro.com\/politica-de-privacidad\/","name":"Pol\u00edtica de privacidad","isPartOf":{"@id":"https:\/\/rosstylepro.com\/en\/#website"},"datePublished":"2024-05-02T15:17:37+00:00","dateModified":"2025-01-17T16:25:36+00:00","description":"Pol\u00edtica de privacidad, Tu privacidad es importante para nosotros. En Rosstylepro tenemos la pol\u00edtica de respetar tu privacidad en re...","breadcrumb":{"@id":"https:\/\/rosstylepro.com\/politica-de-privacidad\/#breadcrumb"},"inLanguage":"de-DE","potentialAction":[{"@type":"ReadAction","target":["https:\/\/rosstylepro.com\/politica-de-privacidad\/"]}]},{"@type":"BreadcrumbList","@id":"https:\/\/rosstylepro.com\/politica-de-privacidad\/#breadcrumb","itemListElement":[{"@type":"ListItem","position":1,"name":"Home","item":"https:\/\/rosstylepro.com\/"},{"@type":"ListItem","position":2,"name":"Pol\u00edtica de privacidad"}]},{"@type":"WebSite","@id":"https:\/\/rosstylepro.com\/en\/#website","url":"https:\/\/rosstylepro.com\/en\/","name":"RosstylePRO","description":"","potentialAction":[{"@type":"SearchAction","target":{"@type":"EntryPoint","urlTemplate":"https:\/\/rosstylepro.com\/en\/?s={search_term_string}"},"query-input":"required name=search_term_string"}],"inLanguage":"de-DE"}]}},"_links":{"self":[{"href":"https:\/\/rosstylepro.com\/de\/wp-json\/wp\/v2\/pages\/66"}],"collection":[{"href":"https:\/\/rosstylepro.com\/de\/wp-json\/wp\/v2\/pages"}],"about":[{"href":"https:\/\/rosstylepro.com\/de\/wp-json\/wp\/v2\/types\/page"}],"author":[{"embeddable":true,"href":"https:\/\/rosstylepro.com\/de\/wp-json\/wp\/v2\/users\/38"}],"replies":[{"embeddable":true,"href":"https:\/\/rosstylepro.com\/de\/wp-json\/wp\/v2\/comments?post=66"}],"version-history":[{"count":1,"href":"https:\/\/rosstylepro.com\/de\/wp-json\/wp\/v2\/pages\/66\/revisions"}],"predecessor-version":[{"id":1563,"href":"https:\/\/rosstylepro.com\/de\/wp-json\/wp\/v2\/pages\/66\/revisions\/1563"}],"wp:attachment":[{"href":"https:\/\/rosstylepro.com\/de\/wp-json\/wp\/v2\/media?parent=66"}],"curies":[{"name":"wp","href":"https:\/\/api.w.org\/{rel}","templated":true}]}}