{"id":69,"date":"2024-05-02T12:20:15","date_gmt":"2024-05-02T15:20:15","guid":{"rendered":"https:\/\/rosstylepro.com\/?page_id=69"},"modified":"2025-01-17T16:25:36","modified_gmt":"2025-01-17T16:25:36","slug":"politica-de-cookies","status":"publish","type":"page","link":"https:\/\/rosstylepro.com\/de\/politica-de-cookies\/","title":{"rendered":"Cookie-Richtlinie"},"content":{"rendered":"<p>Rosstylepro verwendet auf seiner Website rosstylepro.com Cookies. Indem Sie unsere Cookie-Richtlinie akzeptieren, stimmen Sie der Verwendung von Cookies gem\u00e4\u00df dieser Richtlinie zu. Wenn Sie mit der Verwendung von Cookies nicht einverstanden sind, empfehlen wir Ihnen, Ihre Browsereinstellungen anzupassen oder die Nutzung unserer Website einzustellen.<\/p>\n\n\n\n<h2 class=\"wp-block-heading\">Was sind Cookies?<\/h2>\n\n\n\n<p>Cookies sind kleine Textdateien, die eine Website auf Ihrem Ger\u00e4t speichert, wenn Sie sie besuchen. Diese Dateien enthalten Informationen, die von der Website zu verschiedenen Zwecken abgerufen werden k\u00f6nnen, beispielsweise zum Speichern Ihrer Spracheinstellungen, zur Optimierung Ihres Browser-Erlebnisses und zum Sammeln von Informationen zur Website-Nutzung.<\/p>\n\n\n\n<h2 class=\"wp-block-heading\">Arten der verwendeten Cookies<\/h2>\n\n\n\n<h3 class=\"wp-block-heading\">Notwendige Cookies<\/h3>\n\n\n\n<p>Diese Cookies sind f\u00fcr den Betrieb der Website unbedingt erforderlich und k\u00f6nnen in unseren Systemen nicht deaktiviert werden. Sie werden normalerweise nur als Reaktion auf von Ihnen durchgef\u00fchrte Aktionen gesetzt, die einer Anforderung von Diensten gleichkommen, beispielsweise das Festlegen Ihrer Datenschutzeinstellungen, das Anmelden oder das Ausf\u00fcllen von Formularen.<\/p>\n\n\n\n<h3 class=\"wp-block-heading\">Leistungs-Cookies<\/h3>\n\n\n\n<p>Diese Cookies helfen uns zu verstehen, wie Besucher mit unserer Website interagieren, indem sie Informationen zu den besuchten Bereichen, der auf der Website verbrachten Zeit und etwaigen aufgetretenen Problemen, wie etwa Fehlermeldungen, liefern. Dies hilft uns, die Site-Leistung zu verbessern und Ihr Benutzererlebnis zu verbessern.<\/p>\n\n\n\n<h3 class=\"wp-block-heading\">Funktionelle Cookies<\/h3>\n\n\n\n<p>Mithilfe dieser Cookies kann sich die Website Ihre Angaben, beispielsweise Ihren Benutzernamen, Ihre Sprache oder die Region, in der Sie sich befinden, merken und Ihnen so erweiterte, pers\u00f6nlichere Funktionen bieten. Sie k\u00f6nnen auch verwendet werden, um angeforderte Dienste bereitzustellen, beispielsweise das Ansehen eines Videos oder das Kommentieren eines Blogs.<\/p>\n\n\n\n<h3 class=\"wp-block-heading\">Werbe-Cookies<\/h3>\n\n\n\n<p>Diese Cookies werden verwendet, um Ihnen Werbung bereitzustellen, die f\u00fcr Sie und Ihre Interessen relevanter ist. Sie werden auch verwendet, um die H\u00e4ufigkeit zu begrenzen, mit der Sie eine Anzeige sehen, und um die Wirksamkeit von Werbekampagnen zu messen.<\/p>\n\n\n\n<h2 class=\"wp-block-heading\">Cookie-Verwaltung<\/h2>\n\n\n\n<p>Beim erstmaligen Aufrufen unserer Website werden Sie \u00fcber die Verwendung von Cookies informiert und haben die M\u00f6glichkeit, der Verwendung von Cookies zuzustimmen. Sie k\u00f6nnen Cookies auch in Ihren Browsereinstellungen steuern und verwalten. Bitte beachten Sie, dass das Deaktivieren bestimmter Arten von Cookies die Funktionalit\u00e4t der Website und Ihr Benutzererlebnis beeintr\u00e4chtigen kann.<\/p>\n\n\n\n<h2 class=\"wp-block-heading\">\u00c4nderungen dieser Richtlinie<\/h2>\n\n\n\n<p>Wir k\u00f6nnen diese Cookie-Richtlinie von Zeit zu Zeit aktualisieren, um \u00c4nderungen unserer Cookie-Praktiken widerzuspiegeln. Wir empfehlen Ihnen, diese Richtlinie regelm\u00e4\u00dfig zu \u00fcberpr\u00fcfen, um \u00fcber alle \u00c4nderungen informiert zu bleiben.<\/p>\n\n\n\n<p>Indem Sie unsere Website nach diesen \u00c4nderungen weiterhin nutzen, stimmen Sie der Verwendung von Cookies gem\u00e4\u00df der \u00fcberarbeiteten Richtlinie zu.<\/p>\n\n\n\n<h2 class=\"wp-block-heading\">Kontakt<\/h2>\n\n\n\n<p>Wenn Sie Fragen zu unserer Cookie-Richtlinie oder zur Verwendung von Cookies auf unserer Website haben, kontaktieren Sie uns bitte per E-Mail:\u00a0<a>contact@rosstylepro.com<\/a>.<\/p>","protected":false},"excerpt":{"rendered":"<p>Rosstylepro verwendet Cookies auf seiner Website rosstylepro.com. Indem Sie unsere Cookie-Richtlinie akzeptieren, stimmen Sie der Verwendung von Cookies gem\u00e4\u00df dieser Richtlinie zu. Wenn Sie der Verwendung von Cookies nicht zustimmen, empfehlen wir Ihnen, Ihre Browsereinstellungen anzupassen oder die Nutzung unserer Website einzustellen. Was sind [\u2026]<\/p>","protected":false},"author":38,"featured_media":0,"parent":0,"menu_order":0,"comment_status":"closed","ping_status":"closed","template":"page-nosidebar.php","meta":{"footnotes":""},"yoast_head":"<!-- This site is optimized with the Yoast SEO plugin v23.3 - https:\/\/yoast.com\/wordpress\/plugins\/seo\/ -->\n<title>Pol\u00edtica de Cookies<\/title>\n<meta name=\"description\" content=\"Pol\u00edtica de Cookies, Rosstylepro utiliza cookies en su sitio web rosstylepro.com. Al aceptar nuestra Pol\u00edtica de Cookies, usted acepta el ...\" \/>\n<meta name=\"robots\" content=\"index, follow, max-snippet:-1, max-image-preview:large, max-video-preview:-1\" \/>\n<link rel=\"canonical\" href=\"https:\/\/rosstylepro.com\/de\/politica-de-cookies\/\" \/>\n<meta property=\"og:locale\" content=\"de_DE\" \/>\n<meta property=\"og:type\" content=\"article\" \/>\n<meta property=\"og:title\" content=\"Pol\u00edtica de Cookies\" \/>\n<meta property=\"og:description\" content=\"Pol\u00edtica de Cookies, Rosstylepro utiliza cookies en su sitio web rosstylepro.com. Al aceptar nuestra Pol\u00edtica de Cookies, usted acepta el ...\" \/>\n<meta property=\"og:url\" content=\"https:\/\/rosstylepro.com\/de\/politica-de-cookies\/\" \/>\n<meta property=\"og:site_name\" content=\"RosstylePRO\" \/>\n<meta property=\"article:modified_time\" content=\"2025-01-17T16:25:36+00:00\" \/>\n<meta name=\"twitter:card\" content=\"summary_large_image\" \/>\n<meta name=\"twitter:label1\" content=\"Est. reading time\" \/>\n\t<meta name=\"twitter:data1\" content=\"3 Minuten\" \/>\n<script type=\"application\/ld+json\" class=\"yoast-schema-graph\">{\"@context\":\"https:\/\/schema.org\",\"@graph\":[{\"@type\":\"WebPage\",\"@id\":\"https:\/\/rosstylepro.com\/politica-de-cookies\/\",\"url\":\"https:\/\/rosstylepro.com\/politica-de-cookies\/\",\"name\":\"Pol\u00edtica de Cookies\",\"isPartOf\":{\"@id\":\"https:\/\/rosstylepro.com\/en\/#website\"},\"datePublished\":\"2024-05-02T15:20:15+00:00\",\"dateModified\":\"2025-01-17T16:25:36+00:00\",\"description\":\"Pol\u00edtica de Cookies, Rosstylepro utiliza cookies en su sitio web rosstylepro.com. Al aceptar nuestra Pol\u00edtica de Cookies, usted acepta el ...\",\"breadcrumb\":{\"@id\":\"https:\/\/rosstylepro.com\/politica-de-cookies\/#breadcrumb\"},\"inLanguage\":\"de-DE\",\"potentialAction\":[{\"@type\":\"ReadAction\",\"target\":[\"https:\/\/rosstylepro.com\/politica-de-cookies\/\"]}]},{\"@type\":\"BreadcrumbList\",\"@id\":\"https:\/\/rosstylepro.com\/politica-de-cookies\/#breadcrumb\",\"itemListElement\":[{\"@type\":\"ListItem\",\"position\":1,\"name\":\"Home\",\"item\":\"https:\/\/rosstylepro.com\/\"},{\"@type\":\"ListItem\",\"position\":2,\"name\":\"Pol\u00edtica de Cookies\"}]},{\"@type\":\"WebSite\",\"@id\":\"https:\/\/rosstylepro.com\/en\/#website\",\"url\":\"https:\/\/rosstylepro.com\/en\/\",\"name\":\"RosstylePRO\",\"description\":\"\",\"potentialAction\":[{\"@type\":\"SearchAction\",\"target\":{\"@type\":\"EntryPoint\",\"urlTemplate\":\"https:\/\/rosstylepro.com\/en\/?s={search_term_string}\"},\"query-input\":\"required name=search_term_string\"}],\"inLanguage\":\"de-DE\"}]}<\/script>\n<!-- \/ Yoast SEO plugin. -->","yoast_head_json":{"title":"Pol\u00edtica de Cookies","description":"Pol\u00edtica de Cookies, Rosstylepro utiliza cookies en su sitio web rosstylepro.com. Al aceptar nuestra Pol\u00edtica de Cookies, usted acepta el ...","robots":{"index":"index","follow":"follow","max-snippet":"max-snippet:-1","max-image-preview":"max-image-preview:large","max-video-preview":"max-video-preview:-1"},"canonical":"https:\/\/rosstylepro.com\/de\/politica-de-cookies\/","og_locale":"de_DE","og_type":"article","og_title":"Pol\u00edtica de Cookies","og_description":"Pol\u00edtica de Cookies, Rosstylepro utiliza cookies en su sitio web rosstylepro.com. Al aceptar nuestra Pol\u00edtica de Cookies, usted acepta el ...","og_url":"https:\/\/rosstylepro.com\/de\/politica-de-cookies\/","og_site_name":"RosstylePRO","article_modified_time":"2025-01-17T16:25:36+00:00","twitter_card":"summary_large_image","twitter_misc":{"Est. reading time":"3 Minuten"},"schema":{"@context":"https:\/\/schema.org","@graph":[{"@type":"WebPage","@id":"https:\/\/rosstylepro.com\/politica-de-cookies\/","url":"https:\/\/rosstylepro.com\/politica-de-cookies\/","name":"Pol\u00edtica de Cookies","isPartOf":{"@id":"https:\/\/rosstylepro.com\/en\/#website"},"datePublished":"2024-05-02T15:20:15+00:00","dateModified":"2025-01-17T16:25:36+00:00","description":"Pol\u00edtica de Cookies, Rosstylepro utiliza cookies en su sitio web rosstylepro.com. Al aceptar nuestra Pol\u00edtica de Cookies, usted acepta el ...","breadcrumb":{"@id":"https:\/\/rosstylepro.com\/politica-de-cookies\/#breadcrumb"},"inLanguage":"de-DE","potentialAction":[{"@type":"ReadAction","target":["https:\/\/rosstylepro.com\/politica-de-cookies\/"]}]},{"@type":"BreadcrumbList","@id":"https:\/\/rosstylepro.com\/politica-de-cookies\/#breadcrumb","itemListElement":[{"@type":"ListItem","position":1,"name":"Home","item":"https:\/\/rosstylepro.com\/"},{"@type":"ListItem","position":2,"name":"Pol\u00edtica de Cookies"}]},{"@type":"WebSite","@id":"https:\/\/rosstylepro.com\/en\/#website","url":"https:\/\/rosstylepro.com\/en\/","name":"RosstylePRO","description":"","potentialAction":[{"@type":"SearchAction","target":{"@type":"EntryPoint","urlTemplate":"https:\/\/rosstylepro.com\/en\/?s={search_term_string}"},"query-input":"required name=search_term_string"}],"inLanguage":"de-DE"}]}},"_links":{"self":[{"href":"https:\/\/rosstylepro.com\/de\/wp-json\/wp\/v2\/pages\/69"}],"collection":[{"href":"https:\/\/rosstylepro.com\/de\/wp-json\/wp\/v2\/pages"}],"about":[{"href":"https:\/\/rosstylepro.com\/de\/wp-json\/wp\/v2\/types\/page"}],"author":[{"embeddable":true,"href":"https:\/\/rosstylepro.com\/de\/wp-json\/wp\/v2\/users\/38"}],"replies":[{"embeddable":true,"href":"https:\/\/rosstylepro.com\/de\/wp-json\/wp\/v2\/comments?post=69"}],"version-history":[{"count":1,"href":"https:\/\/rosstylepro.com\/de\/wp-json\/wp\/v2\/pages\/69\/revisions"}],"predecessor-version":[{"id":1562,"href":"https:\/\/rosstylepro.com\/de\/wp-json\/wp\/v2\/pages\/69\/revisions\/1562"}],"wp:attachment":[{"href":"https:\/\/rosstylepro.com\/de\/wp-json\/wp\/v2\/media?parent=69"}],"curies":[{"name":"wp","href":"https:\/\/api.w.org\/{rel}","templated":true}]}}