{"id":71,"date":"2024-05-02T12:36:23","date_gmt":"2024-05-02T15:36:23","guid":{"rendered":"https:\/\/rosstylepro.com\/?page_id=71"},"modified":"2025-01-17T16:25:36","modified_gmt":"2025-01-17T16:25:36","slug":"sobre-nosotros","status":"publish","type":"page","link":"https:\/\/rosstylepro.com\/de\/sobre-nosotros\/","title":{"rendered":"\u00dcber uns"},"content":{"rendered":"<p><br>Willkommen bei Rosstylepro, einem digitalen Raum, der dazu dient, Neugier zu f\u00f6rdern, Innovationen zu erforschen und einzigartige Erfahrungen in der riesigen Welt der Technologie und Unterhaltung zu teilen. Rosstylepro wurde von Kirito und New zusammen mit einem Team aus \u00fcber 10 engagierten Mitarbeitern gegr\u00fcndet und entstand aus dem Bed\u00fcrfnis nach Ausdruck und der Leidenschaft, neue Horizonte an der Schnittstelle von Technologie und immersivem Storytelling zu entdecken.<\/p>\n\n\n\n<h3 class=\"wp-block-heading\">Unsere Geschichte und unser Ziel<\/h3>\n\n\n\n<p>Alles begann mit der einfachen Idee, eine Plattform bereitzustellen, auf der Neugier gedeihen kann. Mit der Zeit wurde uns klar, dass es nicht nur darum ging, Apps oder Technologien vorzustellen, sondern fesselnde Geschichten zu erz\u00e4hlen, die unsere Leser inspirieren w\u00fcrden. So entstand unsere Mission: Geschichten zu erz\u00e4hlen, Innovationen zu pr\u00e4sentieren und bedeutsame Erfahrungen mit einer lebendigen und engagierten Community zu teilen.<\/p>\n\n\n\n<h3 class=\"wp-block-heading\">Die Seele von Rosstylepro: Unsere Community<\/h3>\n\n\n\n<p>Wir sind uns bewusst, dass Rosstylepro ohne unsere Community nicht das w\u00e4re, was es ist. Wir sch\u00e4tzen jedes Mitglied und bem\u00fchen uns, eine integrative und kollaborative Umgebung zu schaffen, in der jeder Ideen, Meinungen und Entdeckungen austauschen kann. Die st\u00e4ndige Interaktion mit unserer Community hilft uns, die Relevanz und Qualit\u00e4t der von uns angebotenen Inhalte aufrechtzuerhalten.<\/p>\n\n\n\n<h3 class=\"wp-block-heading\">Neue Horizonte entdecken: Technologie und Unterhaltung<\/h3>\n\n\n\n<p>Mit dem Wachstum von Rosstylepro m\u00f6chten wir auch einen positiven Einfluss auf die Technologie- und Unterhaltungsbranche aus\u00fcben. Wir suchen st\u00e4ndig nach neuen Wegen, um innovative und inspirierende Inhalte zu pr\u00e4sentieren und die Entwicklung von Anwendungen und Technologien zu f\u00f6rdern, die das Leben der Menschen verbessern.<\/p>\n\n\n\n<h3 class=\"wp-block-heading\">Unser Qualit\u00e4tsversprechen<\/h3>\n\n\n\n<p>Qualit\u00e4t steht bei Rosstylepro an erster Stelle. Um die Qualit\u00e4t unserer Inhalte zu gew\u00e4hrleisten, verf\u00fcgen wir \u00fcber ein Team engagierter und erfahrener Mitarbeiter. Wir f\u00fchren umfangreiche Recherchen durch und pr\u00e4sentieren nur das, was wir tats\u00e4chlich verwenden und von dem wir glauben, dass es f\u00fcr unsere Community relevant und n\u00fctzlich ist.<\/p>\n\n\n\n<h3 class=\"wp-block-heading\">Was Sie bei Rosstylepro finden<\/h3>\n\n\n\n<p>Auf unserer Seite bieten wir vielf\u00e4ltige Inhalte f\u00fcr alle Interessen. Von ausf\u00fchrlichen App-Bewertungen bis hin zu technischen Trivia ist es unser Ziel, ein umfassendes Erlebnis zu bieten, das \u00fcber einfache technische Informationen hinausgeht. Jeder Artikel oder jede Analyse wird von einer fesselnden Erz\u00e4hlung begleitet, um das Leseerlebnis noch spannender zu machen.<\/p>\n\n\n\n<h3 class=\"wp-block-heading\">Unterhaltung und Wissen an einem Ort<\/h3>\n\n\n\n<p>Wir glauben, dass Unterhaltung und Wissen bei Rosstylepro Hand in Hand gehen k\u00f6nnen. Deshalb bieten wir neben technischen Analysen und Informationen auch Inhalte mit Schwerpunkt auf Unterhaltung und der menschlichen Seite der Technologie. Wir m\u00f6chten unsere Leser auf jede erdenkliche Weise inspirieren, informieren und unterhalten.<\/p>\n\n\n\n<h3 class=\"wp-block-heading\">Die Zukunft von Rosstylepro<\/h3>\n\n\n\n<p>Die Zukunft von Rosstylepro ist aufregend und voller M\u00f6glichkeiten. Wir sind immer auf der Suche nach neuen M\u00f6glichkeiten zur Innovation und um unserer Community ein noch besseres Erlebnis zu bieten. Wir planen, unsere Inhalte zu erweitern, neue Themen zu erkunden und eine vertrauensw\u00fcrdige Informations- und Unterhaltungsquelle f\u00fcr alle Technikbegeisterten zu bleiben.<\/p>\n\n\n\n<h3 class=\"wp-block-heading\">Kontaktieren Sie uns und nehmen Sie am Abenteuer teil<\/h3>\n\n\n\n<p>Wir sch\u00e4tzen Kommentare, Vorschl\u00e4ge und Ideen unserer Community sehr. Wenn Sie Fragen oder Anmerkungen haben oder Ihre Erfahrungen mit uns teilen m\u00f6chten, z\u00f6gern Sie bitte nicht, Kontakt mit uns aufzunehmen. Ihre Meinung ist uns wichtig!<\/p>\n\n\n\n<p>Wir freuen uns, dass Sie Teil des Rosstylepro-Abenteuers sind. Gemeinsam erkunden wir neue Horizonte, feiern Neugier und Innovation und inspirieren uns gegenseitig auf dieser spannenden technologischen und menschlichen Reise.<\/p>","protected":false},"excerpt":{"rendered":"<p>Willkommen bei Rosstylepro, einem digitalen Raum, der Neugierde f\u00f6rdert, Innovationen erforscht und einzigartige Erlebnisse in der riesigen Welt der Technologie und Unterhaltung teilt. Gegr\u00fcndet von Kirito und New zusammen mit einem Team von \u00fcber 10 engagierten Mitarbeitern, entstand Rosstylepro aus dem Bed\u00fcrfnis nach Ausdruck und der Leidenschaft f\u00fcr [\u2026]<\/p>","protected":false},"author":38,"featured_media":0,"parent":0,"menu_order":0,"comment_status":"closed","ping_status":"closed","template":"page-nosidebar.php","meta":{"footnotes":""},"yoast_head":"<!-- This site is optimized with the Yoast SEO plugin v23.3 - https:\/\/yoast.com\/wordpress\/plugins\/seo\/ -->\n<title>Sobre Nosotros - RosstylePRO<\/title>\n<meta name=\"robots\" content=\"index, follow, max-snippet:-1, max-image-preview:large, max-video-preview:-1\" \/>\n<link rel=\"canonical\" href=\"https:\/\/rosstylepro.com\/de\/sobre-nosotros\/\" \/>\n<meta property=\"og:locale\" content=\"de_DE\" \/>\n<meta property=\"og:type\" content=\"article\" \/>\n<meta property=\"og:title\" content=\"Sobre Nosotros - RosstylePRO\" \/>\n<meta property=\"og:description\" content=\"Bienvenidos a Rosstylepro, un espacio digital dise\u00f1ado para celebrar la curiosidad, explorar la innovaci\u00f3n y compartir experiencias \u00fanicas en el vasto mundo de la tecnolog\u00eda y el entretenimiento. Fundado por Kirito y New, junto con un equipo de m\u00e1s de 10 colaboradores dedicados, Rosstylepro surgi\u00f3 de la necesidad de expresi\u00f3n y de la pasi\u00f3n por [&hellip;]\" \/>\n<meta property=\"og:url\" content=\"https:\/\/rosstylepro.com\/de\/sobre-nosotros\/\" \/>\n<meta property=\"og:site_name\" content=\"RosstylePRO\" \/>\n<meta property=\"article:modified_time\" content=\"2025-01-17T16:25:36+00:00\" \/>\n<meta name=\"twitter:card\" content=\"summary_large_image\" \/>\n<meta name=\"twitter:label1\" content=\"Est. reading time\" \/>\n\t<meta name=\"twitter:data1\" content=\"3 Minuten\" \/>\n<script type=\"application\/ld+json\" class=\"yoast-schema-graph\">{\"@context\":\"https:\/\/schema.org\",\"@graph\":[{\"@type\":\"WebPage\",\"@id\":\"https:\/\/rosstylepro.com\/sobre-nosotros\/\",\"url\":\"https:\/\/rosstylepro.com\/sobre-nosotros\/\",\"name\":\"Sobre Nosotros - RosstylePRO\",\"isPartOf\":{\"@id\":\"https:\/\/rosstylepro.com\/en\/#website\"},\"datePublished\":\"2024-05-02T15:36:23+00:00\",\"dateModified\":\"2025-01-17T16:25:36+00:00\",\"breadcrumb\":{\"@id\":\"https:\/\/rosstylepro.com\/sobre-nosotros\/#breadcrumb\"},\"inLanguage\":\"de-DE\",\"potentialAction\":[{\"@type\":\"ReadAction\",\"target\":[\"https:\/\/rosstylepro.com\/sobre-nosotros\/\"]}]},{\"@type\":\"BreadcrumbList\",\"@id\":\"https:\/\/rosstylepro.com\/sobre-nosotros\/#breadcrumb\",\"itemListElement\":[{\"@type\":\"ListItem\",\"position\":1,\"name\":\"Home\",\"item\":\"https:\/\/rosstylepro.com\/\"},{\"@type\":\"ListItem\",\"position\":2,\"name\":\"Sobre Nosotros\"}]},{\"@type\":\"WebSite\",\"@id\":\"https:\/\/rosstylepro.com\/en\/#website\",\"url\":\"https:\/\/rosstylepro.com\/en\/\",\"name\":\"RosstylePRO\",\"description\":\"\",\"potentialAction\":[{\"@type\":\"SearchAction\",\"target\":{\"@type\":\"EntryPoint\",\"urlTemplate\":\"https:\/\/rosstylepro.com\/en\/?s={search_term_string}\"},\"query-input\":\"required name=search_term_string\"}],\"inLanguage\":\"de-DE\"}]}<\/script>\n<!-- \/ Yoast SEO plugin. -->","yoast_head_json":{"title":"Sobre Nosotros - RosstylePRO","robots":{"index":"index","follow":"follow","max-snippet":"max-snippet:-1","max-image-preview":"max-image-preview:large","max-video-preview":"max-video-preview:-1"},"canonical":"https:\/\/rosstylepro.com\/de\/sobre-nosotros\/","og_locale":"de_DE","og_type":"article","og_title":"Sobre Nosotros - RosstylePRO","og_description":"Bienvenidos a Rosstylepro, un espacio digital dise\u00f1ado para celebrar la curiosidad, explorar la innovaci\u00f3n y compartir experiencias \u00fanicas en el vasto mundo de la tecnolog\u00eda y el entretenimiento. Fundado por Kirito y New, junto con un equipo de m\u00e1s de 10 colaboradores dedicados, Rosstylepro surgi\u00f3 de la necesidad de expresi\u00f3n y de la pasi\u00f3n por [&hellip;]","og_url":"https:\/\/rosstylepro.com\/de\/sobre-nosotros\/","og_site_name":"RosstylePRO","article_modified_time":"2025-01-17T16:25:36+00:00","twitter_card":"summary_large_image","twitter_misc":{"Est. reading time":"3 Minuten"},"schema":{"@context":"https:\/\/schema.org","@graph":[{"@type":"WebPage","@id":"https:\/\/rosstylepro.com\/sobre-nosotros\/","url":"https:\/\/rosstylepro.com\/sobre-nosotros\/","name":"Sobre Nosotros - RosstylePRO","isPartOf":{"@id":"https:\/\/rosstylepro.com\/en\/#website"},"datePublished":"2024-05-02T15:36:23+00:00","dateModified":"2025-01-17T16:25:36+00:00","breadcrumb":{"@id":"https:\/\/rosstylepro.com\/sobre-nosotros\/#breadcrumb"},"inLanguage":"de-DE","potentialAction":[{"@type":"ReadAction","target":["https:\/\/rosstylepro.com\/sobre-nosotros\/"]}]},{"@type":"BreadcrumbList","@id":"https:\/\/rosstylepro.com\/sobre-nosotros\/#breadcrumb","itemListElement":[{"@type":"ListItem","position":1,"name":"Home","item":"https:\/\/rosstylepro.com\/"},{"@type":"ListItem","position":2,"name":"Sobre Nosotros"}]},{"@type":"WebSite","@id":"https:\/\/rosstylepro.com\/en\/#website","url":"https:\/\/rosstylepro.com\/en\/","name":"RosstylePRO","description":"","potentialAction":[{"@type":"SearchAction","target":{"@type":"EntryPoint","urlTemplate":"https:\/\/rosstylepro.com\/en\/?s={search_term_string}"},"query-input":"required name=search_term_string"}],"inLanguage":"de-DE"}]}},"_links":{"self":[{"href":"https:\/\/rosstylepro.com\/de\/wp-json\/wp\/v2\/pages\/71"}],"collection":[{"href":"https:\/\/rosstylepro.com\/de\/wp-json\/wp\/v2\/pages"}],"about":[{"href":"https:\/\/rosstylepro.com\/de\/wp-json\/wp\/v2\/types\/page"}],"author":[{"embeddable":true,"href":"https:\/\/rosstylepro.com\/de\/wp-json\/wp\/v2\/users\/38"}],"replies":[{"embeddable":true,"href":"https:\/\/rosstylepro.com\/de\/wp-json\/wp\/v2\/comments?post=71"}],"version-history":[{"count":1,"href":"https:\/\/rosstylepro.com\/de\/wp-json\/wp\/v2\/pages\/71\/revisions"}],"predecessor-version":[{"id":1564,"href":"https:\/\/rosstylepro.com\/de\/wp-json\/wp\/v2\/pages\/71\/revisions\/1564"}],"wp:attachment":[{"href":"https:\/\/rosstylepro.com\/de\/wp-json\/wp\/v2\/media?parent=71"}],"curies":[{"name":"wp","href":"https:\/\/api.w.org\/{rel}","templated":true}]}}