{"id":69,"date":"2024-05-02T12:20:15","date_gmt":"2024-05-02T15:20:15","guid":{"rendered":"https:\/\/rosstylepro.com\/?page_id=69"},"modified":"2025-01-17T16:25:36","modified_gmt":"2025-01-17T16:25:36","slug":"politica-de-cookies","status":"publish","type":"page","link":"https:\/\/rosstylepro.com\/el\/politica-de-cookies\/","title":{"rendered":"\u03a0\u03bf\u03bb\u03b9\u03c4\u03b9\u03ba\u03ae cookies"},"content":{"rendered":"<p>\u0397 Rosstylepro \u03c7\u03c1\u03b7\u03c3\u03b9\u03bc\u03bf\u03c0\u03bf\u03b9\u03b5\u03af cookies \u03c3\u03c4\u03bf\u03bd \u03b9\u03c3\u03c4\u03cc\u03c4\u03bf\u03c0\u03cc \u03c4\u03b7\u03c2 rosstylepro.com. \u039c\u03b5 \u03c4\u03b7\u03bd \u03b1\u03c0\u03bf\u03b4\u03bf\u03c7\u03ae \u03c4\u03b7\u03c2 \u03a0\u03bf\u03bb\u03b9\u03c4\u03b9\u03ba\u03ae\u03c2 \u03bc\u03b1\u03c2 \u03b3\u03b9\u03b1 \u03c4\u03b1 Cookies, \u03c3\u03c5\u03bc\u03c6\u03c9\u03bd\u03b5\u03af\u03c4\u03b5 \u03bc\u03b5 \u03c4\u03b7 \u03c7\u03c1\u03ae\u03c3\u03b7 \u03c4\u03c9\u03bd cookies \u03c3\u03cd\u03bc\u03c6\u03c9\u03bd\u03b1 \u03bc\u03b5 \u03c4\u03b7\u03bd \u03c0\u03b1\u03c1\u03bf\u03cd\u03c3\u03b1 \u03c0\u03bf\u03bb\u03b9\u03c4\u03b9\u03ba\u03ae. \u0395\u03ac\u03bd \u03b4\u03b5\u03bd \u03c3\u03c5\u03bc\u03c6\u03c9\u03bd\u03b5\u03af\u03c4\u03b5 \u03bc\u03b5 \u03c4\u03b7 \u03c7\u03c1\u03ae\u03c3\u03b7 \u03c4\u03c9\u03bd cookies, \u03c3\u03b1\u03c2 \u03c3\u03c5\u03bd\u03b9\u03c3\u03c4\u03bf\u03cd\u03bc\u03b5 \u03bd\u03b1 \u03c0\u03c1\u03bf\u03c3\u03b1\u03c1\u03bc\u03cc\u03c3\u03b5\u03c4\u03b5 \u03c4\u03b9\u03c2 \u03c1\u03c5\u03b8\u03bc\u03af\u03c3\u03b5\u03b9\u03c2 \u03c4\u03bf\u03c5 \u03c0\u03c1\u03bf\u03b3\u03c1\u03ac\u03bc\u03bc\u03b1\u03c4\u03bf\u03c2 \u03c0\u03b5\u03c1\u03b9\u03ae\u03b3\u03b7\u03c3\u03ae\u03c2 \u03c3\u03b1\u03c2 \u03ae \u03bd\u03b1 \u03c3\u03c4\u03b1\u03bc\u03b1\u03c4\u03ae\u03c3\u03b5\u03c4\u03b5 \u03bd\u03b1 \u03c7\u03c1\u03b7\u03c3\u03b9\u03bc\u03bf\u03c0\u03bf\u03b9\u03b5\u03af\u03c4\u03b5 \u03c4\u03bf\u03bd \u03b9\u03c3\u03c4\u03cc\u03c4\u03bf\u03c0\u03cc \u03bc\u03b1\u03c2.<\/p>\n\n\n\n<h2 class=\"wp-block-heading\">\u03a4\u03b9 \u03b5\u03af\u03bd\u03b1\u03b9 \u03c4\u03b1 cookies;<\/h2>\n\n\n\n<p>\u03a4\u03b1 cookies \u03b5\u03af\u03bd\u03b1\u03b9 \u03bc\u03b9\u03ba\u03c1\u03ac \u03b1\u03c1\u03c7\u03b5\u03af\u03b1 \u03ba\u03b5\u03b9\u03bc\u03ad\u03bd\u03bf\u03c5 \u03c0\u03bf\u03c5 \u03b1\u03c0\u03bf\u03b8\u03b7\u03ba\u03b5\u03cd\u03b5\u03b9 \u03ad\u03bd\u03b1\u03c2 \u03b9\u03c3\u03c4\u03cc\u03c4\u03bf\u03c0\u03bf\u03c2 \u03c3\u03c4\u03b7 \u03c3\u03c5\u03c3\u03ba\u03b5\u03c5\u03ae \u03c3\u03b1\u03c2 \u03cc\u03c4\u03b1\u03bd \u03c4\u03bf\u03bd \u03b5\u03c0\u03b9\u03c3\u03ba\u03ad\u03c0\u03c4\u03b5\u03c3\u03c4\u03b5. \u0391\u03c5\u03c4\u03ac \u03c4\u03b1 \u03b1\u03c1\u03c7\u03b5\u03af\u03b1 \u03c0\u03b5\u03c1\u03b9\u03ad\u03c7\u03bf\u03c5\u03bd \u03c0\u03bb\u03b7\u03c1\u03bf\u03c6\u03bf\u03c1\u03af\u03b5\u03c2 \u03c0\u03bf\u03c5 \u03bc\u03c0\u03bf\u03c1\u03bf\u03cd\u03bd \u03bd\u03b1 \u03b1\u03bd\u03b1\u03ba\u03c4\u03b7\u03b8\u03bf\u03cd\u03bd \u03b1\u03c0\u03cc \u03c4\u03bf\u03bd \u03b9\u03c3\u03c4\u03cc\u03c4\u03bf\u03c0\u03bf \u03b3\u03b9\u03b1 \u03b4\u03b9\u03ac\u03c6\u03bf\u03c1\u03bf\u03c5\u03c2 \u03c3\u03ba\u03bf\u03c0\u03bf\u03cd\u03c2, \u03cc\u03c0\u03c9\u03c2 \u03b7 \u03b1\u03c0\u03bf\u03bc\u03bd\u03b7\u03bc\u03cc\u03bd\u03b5\u03c5\u03c3\u03b7 \u03c4\u03c9\u03bd \u03c0\u03c1\u03bf\u03c4\u03b9\u03bc\u03ae\u03c3\u03b5\u03c9\u03bd \u03b3\u03bb\u03ce\u03c3\u03c3\u03b1\u03c2, \u03b7 \u03b2\u03b5\u03bb\u03c4\u03b9\u03c3\u03c4\u03bf\u03c0\u03bf\u03af\u03b7\u03c3\u03b7 \u03c4\u03b7\u03c2 \u03b5\u03bc\u03c0\u03b5\u03b9\u03c1\u03af\u03b1\u03c2 \u03c0\u03b5\u03c1\u03b9\u03ae\u03b3\u03b7\u03c3\u03ae\u03c2 \u03c3\u03b1\u03c2 \u03ba\u03b1\u03b9 \u03b7 \u03c3\u03c5\u03bb\u03bb\u03bf\u03b3\u03ae \u03c0\u03bb\u03b7\u03c1\u03bf\u03c6\u03bf\u03c1\u03b9\u03ce\u03bd \u03c3\u03c7\u03b5\u03c4\u03b9\u03ba\u03ac \u03bc\u03b5 \u03c4\u03b7 \u03c7\u03c1\u03ae\u03c3\u03b7 \u03c4\u03bf\u03c5 \u03b9\u03c3\u03c4\u03cc\u03c4\u03bf\u03c0\u03bf\u03c5.<\/p>\n\n\n\n<h2 class=\"wp-block-heading\">\u03a4\u03cd\u03c0\u03bf\u03b9 cookies \u03c0\u03bf\u03c5 \u03c7\u03c1\u03b7\u03c3\u03b9\u03bc\u03bf\u03c0\u03bf\u03b9\u03bf\u03cd\u03bd\u03c4\u03b1\u03b9<\/h2>\n\n\n\n<h3 class=\"wp-block-heading\">\u0391\u03c0\u03b1\u03c1\u03b1\u03af\u03c4\u03b7\u03c4\u03b1 Cookies<\/h3>\n\n\n\n<p>\u0391\u03c5\u03c4\u03ac \u03c4\u03b1 cookies \u03b5\u03af\u03bd\u03b1\u03b9 \u03b1\u03c0\u03b1\u03c1\u03b1\u03af\u03c4\u03b7\u03c4\u03b1 \u03b3\u03b9\u03b1 \u03c4\u03b7 \u03bb\u03b5\u03b9\u03c4\u03bf\u03c5\u03c1\u03b3\u03af\u03b1 \u03c4\u03bf\u03c5 \u03b9\u03c3\u03c4\u03cc\u03c4\u03bf\u03c0\u03bf\u03c5 \u03ba\u03b1\u03b9 \u03b4\u03b5\u03bd \u03bc\u03c0\u03bf\u03c1\u03bf\u03cd\u03bd \u03bd\u03b1 \u03b1\u03c0\u03b5\u03bd\u03b5\u03c1\u03b3\u03bf\u03c0\u03bf\u03b9\u03b7\u03b8\u03bf\u03cd\u03bd \u03c3\u03c4\u03b1 \u03c3\u03c5\u03c3\u03c4\u03ae\u03bc\u03b1\u03c4\u03ac \u03bc\u03b1\u03c2. \u03a3\u03c5\u03bd\u03ae\u03b8\u03c9\u03c2 \u03bf\u03c1\u03af\u03b6\u03bf\u03bd\u03c4\u03b1\u03b9 \u03bc\u03cc\u03bd\u03bf \u03c9\u03c2 \u03b1\u03c0\u03cc\u03ba\u03c1\u03b9\u03c3\u03b7 \u03c3\u03b5 \u03b5\u03bd\u03ad\u03c1\u03b3\u03b5\u03b9\u03b5\u03c2 \u03c0\u03bf\u03c5 \u03c0\u03c1\u03b1\u03b3\u03bc\u03b1\u03c4\u03bf\u03c0\u03bf\u03b9\u03b5\u03af\u03c4\u03b5 \u03b1\u03c0\u03cc \u03b5\u03c3\u03ac\u03c2 \u03c0\u03bf\u03c5 \u03b9\u03c3\u03bf\u03b4\u03c5\u03bd\u03b1\u03bc\u03bf\u03cd\u03bd \u03bc\u03b5 \u03b1\u03af\u03c4\u03b7\u03bc\u03b1 \u03b3\u03b9\u03b1 \u03c5\u03c0\u03b7\u03c1\u03b5\u03c3\u03af\u03b5\u03c2, \u03cc\u03c0\u03c9\u03c2 \u03bf \u03bf\u03c1\u03b9\u03c3\u03bc\u03cc\u03c2 \u03c4\u03c9\u03bd \u03c0\u03c1\u03bf\u03c4\u03b9\u03bc\u03ae\u03c3\u03b5\u03c9\u03bd \u03b1\u03c0\u03bf\u03c1\u03c1\u03ae\u03c4\u03bf\u03c5, \u03b7 \u03c3\u03cd\u03bd\u03b4\u03b5\u03c3\u03b7 \u03ae \u03b7 \u03c3\u03c5\u03bc\u03c0\u03bb\u03ae\u03c1\u03c9\u03c3\u03b7 \u03c6\u03bf\u03c1\u03bc\u03ce\u03bd.<\/p>\n\n\n\n<h3 class=\"wp-block-heading\">Cookies \u03b1\u03c0\u03cc\u03b4\u03bf\u03c3\u03b7\u03c2<\/h3>\n\n\n\n<p>\u0391\u03c5\u03c4\u03ac \u03c4\u03b1 cookies \u03bc\u03ac\u03c2 \u03b2\u03bf\u03b7\u03b8\u03bf\u03cd\u03bd \u03bd\u03b1 \u03ba\u03b1\u03c4\u03b1\u03bd\u03bf\u03ae\u03c3\u03bf\u03c5\u03bc\u03b5 \u03c0\u03ce\u03c2 \u03b1\u03bb\u03bb\u03b7\u03bb\u03b5\u03c0\u03b9\u03b4\u03c1\u03bf\u03cd\u03bd \u03bf\u03b9 \u03b5\u03c0\u03b9\u03c3\u03ba\u03ad\u03c0\u03c4\u03b5\u03c2 \u03bc\u03b5 \u03c4\u03bf\u03bd \u03b9\u03c3\u03c4\u03cc\u03c4\u03bf\u03c0\u03cc \u03bc\u03b1\u03c2, \u03c0\u03b1\u03c1\u03ad\u03c7\u03bf\u03bd\u03c4\u03b1\u03c2 \u03c0\u03bb\u03b7\u03c1\u03bf\u03c6\u03bf\u03c1\u03af\u03b5\u03c2 \u03c3\u03c7\u03b5\u03c4\u03b9\u03ba\u03ac \u03bc\u03b5 \u03c4\u03b9\u03c2 \u03c0\u03b5\u03c1\u03b9\u03bf\u03c7\u03ad\u03c2 \u03c0\u03bf\u03c5 \u03b5\u03c0\u03b9\u03c3\u03ba\u03ad\u03c6\u03b8\u03b7\u03ba\u03b1\u03bd, \u03c4\u03bf\u03bd \u03c7\u03c1\u03cc\u03bd\u03bf \u03c0\u03bf\u03c5 \u03b1\u03c6\u03b9\u03b5\u03c1\u03ce\u03b8\u03b7\u03ba\u03b5 \u03c3\u03c4\u03bf\u03bd \u03b9\u03c3\u03c4\u03cc\u03c4\u03bf\u03c0\u03bf \u03ba\u03b1\u03b9 \u03c4\u03c5\u03c7\u03cc\u03bd \u03c0\u03c1\u03bf\u03b2\u03bb\u03ae\u03bc\u03b1\u03c4\u03b1 \u03c0\u03bf\u03c5 \u03b1\u03bd\u03c4\u03b9\u03bc\u03b5\u03c4\u03c9\u03c0\u03af\u03b6\u03bf\u03c5\u03bc\u03b5, \u03cc\u03c0\u03c9\u03c2 \u03bc\u03b7\u03bd\u03cd\u03bc\u03b1\u03c4\u03b1 \u03c3\u03c6\u03ac\u03bb\u03bc\u03b1\u03c4\u03bf\u03c2. \u0391\u03c5\u03c4\u03cc \u03bc\u03b1\u03c2 \u03b2\u03bf\u03b7\u03b8\u03ac \u03bd\u03b1 \u03b2\u03b5\u03bb\u03c4\u03b9\u03ce\u03c3\u03bf\u03c5\u03bc\u03b5 \u03c4\u03b7\u03bd \u03b1\u03c0\u03cc\u03b4\u03bf\u03c3\u03b7 \u03c4\u03bf\u03c5 \u03b9\u03c3\u03c4\u03cc\u03c4\u03bf\u03c0\u03bf\u03c5 \u03ba\u03b1\u03b9 \u03bd\u03b1 \u03b2\u03b5\u03bb\u03c4\u03b9\u03ce\u03c3\u03bf\u03c5\u03bc\u03b5 \u03c4\u03b7\u03bd \u03b5\u03bc\u03c0\u03b5\u03b9\u03c1\u03af\u03b1 \u03c7\u03c1\u03ae\u03c3\u03c4\u03b7 \u03c3\u03b1\u03c2.<\/p>\n\n\n\n<h3 class=\"wp-block-heading\">Cookies \u03bb\u03b5\u03b9\u03c4\u03bf\u03c5\u03c1\u03b3\u03b9\u03ba\u03cc\u03c4\u03b7\u03c4\u03b1\u03c2<\/h3>\n\n\n\n<p>\u0391\u03c5\u03c4\u03ac \u03c4\u03b1 cookies \u03b5\u03c0\u03b9\u03c4\u03c1\u03ad\u03c0\u03bf\u03c5\u03bd \u03c3\u03c4\u03bf\u03bd \u03b9\u03c3\u03c4\u03cc\u03c4\u03bf\u03c0\u03bf \u03bd\u03b1 \u03b8\u03c5\u03bc\u03ac\u03c4\u03b1\u03b9 \u03c4\u03b9\u03c2 \u03b5\u03c0\u03b9\u03bb\u03bf\u03b3\u03ad\u03c2 \u03c0\u03bf\u03c5 \u03ba\u03ac\u03bd\u03b5\u03c4\u03b5, \u03cc\u03c0\u03c9\u03c2 \u03c4\u03bf \u03cc\u03bd\u03bf\u03bc\u03b1 \u03c7\u03c1\u03ae\u03c3\u03c4\u03b7, \u03c4\u03b7 \u03b3\u03bb\u03ce\u03c3\u03c3\u03b1 \u03ae \u03c4\u03b7\u03bd \u03c0\u03b5\u03c1\u03b9\u03bf\u03c7\u03ae \u03c3\u03b1\u03c2, \u03ba\u03b1\u03b9 \u03c0\u03b1\u03c1\u03ad\u03c7\u03bf\u03c5\u03bd \u03b2\u03b5\u03bb\u03c4\u03b9\u03c9\u03bc\u03ad\u03bd\u03b5\u03c2, \u03c0\u03b9\u03bf \u03b5\u03be\u03b1\u03c4\u03bf\u03bc\u03b9\u03ba\u03b5\u03c5\u03bc\u03ad\u03bd\u03b5\u03c2 \u03bb\u03b5\u03b9\u03c4\u03bf\u03c5\u03c1\u03b3\u03af\u03b5\u03c2. \u039c\u03c0\u03bf\u03c1\u03bf\u03cd\u03bd \u03b5\u03c0\u03af\u03c3\u03b7\u03c2 \u03bd\u03b1 \u03c7\u03c1\u03b7\u03c3\u03b9\u03bc\u03bf\u03c0\u03bf\u03b9\u03b7\u03b8\u03bf\u03cd\u03bd \u03b3\u03b9\u03b1 \u03c4\u03b7\u03bd \u03c0\u03b1\u03c1\u03bf\u03c7\u03ae \u03b1\u03c0\u03b1\u03b9\u03c4\u03bf\u03cd\u03bc\u03b5\u03bd\u03c9\u03bd \u03c5\u03c0\u03b7\u03c1\u03b5\u03c3\u03b9\u03ce\u03bd, \u03cc\u03c0\u03c9\u03c2 \u03b7 \u03c0\u03b1\u03c1\u03b1\u03ba\u03bf\u03bb\u03bf\u03cd\u03b8\u03b7\u03c3\u03b7 \u03b5\u03bd\u03cc\u03c2 \u03b2\u03af\u03bd\u03c4\u03b5\u03bf \u03ae \u03bf \u03c3\u03c7\u03bf\u03bb\u03b9\u03b1\u03c3\u03bc\u03cc\u03c2 \u03c3\u03b5 \u03ad\u03bd\u03b1 \u03b9\u03c3\u03c4\u03bf\u03bb\u03cc\u03b3\u03b9\u03bf.<\/p>\n\n\n\n<h3 class=\"wp-block-heading\">Cookies \u03b4\u03b9\u03b1\u03c6\u03ae\u03bc\u03b9\u03c3\u03b7\u03c2<\/h3>\n\n\n\n<p>\u0391\u03c5\u03c4\u03ac \u03c4\u03b1 cookies \u03c7\u03c1\u03b7\u03c3\u03b9\u03bc\u03bf\u03c0\u03bf\u03b9\u03bf\u03cd\u03bd\u03c4\u03b1\u03b9 \u03b3\u03b9\u03b1 \u03c4\u03b7\u03bd \u03c0\u03b1\u03c1\u03bf\u03c7\u03ae \u03b4\u03b9\u03b1\u03c6\u03b7\u03bc\u03af\u03c3\u03b5\u03c9\u03bd \u03c0\u03b9\u03bf \u03c3\u03c7\u03b5\u03c4\u03b9\u03ba\u03ce\u03bd \u03bc\u03b5 \u03b5\u03c3\u03ac\u03c2 \u03ba\u03b1\u03b9 \u03c4\u03b1 \u03b5\u03bd\u03b4\u03b9\u03b1\u03c6\u03ad\u03c1\u03bf\u03bd\u03c4\u03ac \u03c3\u03b1\u03c2. \u03a7\u03c1\u03b7\u03c3\u03b9\u03bc\u03bf\u03c0\u03bf\u03b9\u03bf\u03cd\u03bd\u03c4\u03b1\u03b9 \u03b5\u03c0\u03af\u03c3\u03b7\u03c2 \u03b3\u03b9\u03b1 \u03c4\u03bf\u03bd \u03c0\u03b5\u03c1\u03b9\u03bf\u03c1\u03b9\u03c3\u03bc\u03cc \u03c4\u03bf\u03c5 \u03b1\u03c1\u03b9\u03b8\u03bc\u03bf\u03cd \u03c4\u03c9\u03bd \u03c6\u03bf\u03c1\u03ce\u03bd \u03c0\u03bf\u03c5 \u03b2\u03bb\u03ad\u03c0\u03b5\u03c4\u03b5 \u03bc\u03b9\u03b1 \u03b4\u03b9\u03b1\u03c6\u03ae\u03bc\u03b9\u03c3\u03b7 \u03ba\u03b1\u03b9 \u03b2\u03bf\u03b7\u03b8\u03bf\u03cd\u03bd \u03c3\u03c4\u03b7 \u03bc\u03ad\u03c4\u03c1\u03b7\u03c3\u03b7 \u03c4\u03b7\u03c2 \u03b1\u03c0\u03bf\u03c4\u03b5\u03bb\u03b5\u03c3\u03bc\u03b1\u03c4\u03b9\u03ba\u03cc\u03c4\u03b7\u03c4\u03b1\u03c2 \u03c4\u03c9\u03bd \u03b4\u03b9\u03b1\u03c6\u03b7\u03bc\u03b9\u03c3\u03c4\u03b9\u03ba\u03ce\u03bd \u03ba\u03b1\u03bc\u03c0\u03b1\u03bd\u03b9\u03ce\u03bd.<\/p>\n\n\n\n<h2 class=\"wp-block-heading\">\u0394\u03b9\u03b1\u03c7\u03b5\u03af\u03c1\u03b9\u03c3\u03b7 cookie<\/h2>\n\n\n\n<p>\u038c\u03c4\u03b1\u03bd \u03b5\u03b9\u03c3\u03ad\u03c1\u03c7\u03b5\u03c3\u03c4\u03b5 \u03c3\u03c4\u03bf\u03bd \u03b9\u03c3\u03c4\u03cc\u03c4\u03bf\u03c0\u03cc \u03bc\u03b1\u03c2 \u03b3\u03b9\u03b1 \u03c0\u03c1\u03ce\u03c4\u03b7 \u03c6\u03bf\u03c1\u03ac, \u03b8\u03b1 \u03b5\u03bd\u03b7\u03bc\u03b5\u03c1\u03c9\u03b8\u03b5\u03af\u03c4\u03b5 \u03b3\u03b9\u03b1 \u03c4\u03b7 \u03c7\u03c1\u03ae\u03c3\u03b7 \u03c4\u03c9\u03bd cookies \u03b1\u03c0\u03cc \u03b5\u03bc\u03ac\u03c2 \u03ba\u03b1\u03b9 \u03b8\u03b1 \u03ad\u03c7\u03b5\u03c4\u03b5 \u03c4\u03b7\u03bd \u03b5\u03c0\u03b9\u03bb\u03bf\u03b3\u03ae \u03bd\u03b1 \u03c3\u03c5\u03bd\u03b1\u03b9\u03bd\u03ad\u03c3\u03b5\u03c4\u03b5 \u03c3\u03c4\u03b7 \u03c7\u03c1\u03ae\u03c3\u03b7 \u03c4\u03bf\u03c5\u03c2. \u039c\u03c0\u03bf\u03c1\u03b5\u03af\u03c4\u03b5 \u03b5\u03c0\u03af\u03c3\u03b7\u03c2 \u03bd\u03b1 \u03b5\u03bb\u03ad\u03b3\u03be\u03b5\u03c4\u03b5 \u03ba\u03b1\u03b9 \u03bd\u03b1 \u03b4\u03b9\u03b1\u03c7\u03b5\u03b9\u03c1\u03b9\u03c3\u03c4\u03b5\u03af\u03c4\u03b5 \u03c4\u03b1 cookies \u03c3\u03c4\u03b9\u03c2 \u03c1\u03c5\u03b8\u03bc\u03af\u03c3\u03b5\u03b9\u03c2 \u03c4\u03bf\u03c5 \u03c0\u03c1\u03bf\u03b3\u03c1\u03ac\u03bc\u03bc\u03b1\u03c4\u03bf\u03c2 \u03c0\u03b5\u03c1\u03b9\u03ae\u03b3\u03b7\u03c3\u03ae\u03c2 \u03c3\u03b1\u03c2. \u039b\u03ac\u03b2\u03b5\u03c4\u03b5 \u03c5\u03c0\u03cc\u03c8\u03b7 \u03cc\u03c4\u03b9 \u03b7 \u03b1\u03c0\u03b5\u03bd\u03b5\u03c1\u03b3\u03bf\u03c0\u03bf\u03af\u03b7\u03c3\u03b7 \u03bf\u03c1\u03b9\u03c3\u03bc\u03ad\u03bd\u03c9\u03bd \u03c4\u03cd\u03c0\u03c9\u03bd cookies \u03bc\u03c0\u03bf\u03c1\u03b5\u03af \u03bd\u03b1 \u03b5\u03c0\u03b7\u03c1\u03b5\u03ac\u03c3\u03b5\u03b9 \u03c4\u03b7 \u03bb\u03b5\u03b9\u03c4\u03bf\u03c5\u03c1\u03b3\u03b9\u03ba\u03cc\u03c4\u03b7\u03c4\u03b1 \u03c4\u03bf\u03c5 \u03b9\u03c3\u03c4\u03cc\u03c4\u03bf\u03c0\u03bf\u03c5 \u03ba\u03b1\u03b9 \u03c4\u03b7\u03bd \u03b5\u03bc\u03c0\u03b5\u03b9\u03c1\u03af\u03b1 \u03c7\u03c1\u03ae\u03c3\u03c4\u03b7 \u03c3\u03b1\u03c2.<\/p>\n\n\n\n<h2 class=\"wp-block-heading\">\u0391\u03bb\u03bb\u03b1\u03b3\u03ad\u03c2 \u03c3\u03b5 \u03b1\u03c5\u03c4\u03ae\u03bd \u03c4\u03b7\u03bd \u03a0\u03bf\u03bb\u03b9\u03c4\u03b9\u03ba\u03ae<\/h2>\n\n\n\n<p>\u0395\u03bd\u03b4\u03ad\u03c7\u03b5\u03c4\u03b1\u03b9 \u03bd\u03b1 \u03b5\u03bd\u03b7\u03bc\u03b5\u03c1\u03ce\u03bd\u03bf\u03c5\u03bc\u03b5 \u03ba\u03b1\u03c4\u03ac \u03ba\u03b1\u03b9\u03c1\u03bf\u03cd\u03c2 \u03b1\u03c5\u03c4\u03ae\u03bd \u03c4\u03b7\u03bd \u03c0\u03bf\u03bb\u03b9\u03c4\u03b9\u03ba\u03ae cookie \u03b3\u03b9\u03b1 \u03bd\u03b1 \u03b1\u03bd\u03c4\u03b9\u03ba\u03b1\u03c4\u03bf\u03c0\u03c4\u03c1\u03af\u03b6\u03bf\u03c5\u03bc\u03b5 \u03c4\u03b9\u03c2 \u03b1\u03bb\u03bb\u03b1\u03b3\u03ad\u03c2 \u03c3\u03c4\u03b9\u03c2 \u03c0\u03c1\u03b1\u03ba\u03c4\u03b9\u03ba\u03ad\u03c2 \u03bc\u03b1\u03c2 \u03c3\u03c7\u03b5\u03c4\u03b9\u03ba\u03ac \u03bc\u03b5 \u03c4\u03b1 cookies. \u03a3\u03b1\u03c2 \u03c3\u03c5\u03bd\u03b9\u03c3\u03c4\u03bf\u03cd\u03bc\u03b5 \u03bd\u03b1 \u03b5\u03bb\u03ad\u03b3\u03c7\u03b5\u03c4\u03b5 \u03c4\u03b1\u03ba\u03c4\u03b9\u03ba\u03ac \u03b1\u03c5\u03c4\u03ae\u03bd \u03c4\u03b7\u03bd \u03c0\u03bf\u03bb\u03b9\u03c4\u03b9\u03ba\u03ae \u03b3\u03b9\u03b1 \u03bd\u03b1 \u03b3\u03bd\u03c9\u03c1\u03af\u03b6\u03b5\u03c4\u03b5 \u03c4\u03c5\u03c7\u03cc\u03bd \u03b1\u03bb\u03bb\u03b1\u03b3\u03ad\u03c2.<\/p>\n\n\n\n<p>\u03a3\u03c5\u03bd\u03b5\u03c7\u03af\u03b6\u03bf\u03bd\u03c4\u03b1\u03c2 \u03bd\u03b1 \u03c7\u03c1\u03b7\u03c3\u03b9\u03bc\u03bf\u03c0\u03bf\u03b9\u03b5\u03af\u03c4\u03b5 \u03c4\u03bf\u03bd \u03b9\u03c3\u03c4\u03cc\u03c4\u03bf\u03c0\u03cc \u03bc\u03b1\u03c2 \u03bc\u03b5\u03c4\u03ac \u03b1\u03c0\u03cc \u03b1\u03c5\u03c4\u03ad\u03c2 \u03c4\u03b9\u03c2 \u03b1\u03bb\u03bb\u03b1\u03b3\u03ad\u03c2, \u03c3\u03c5\u03bc\u03c6\u03c9\u03bd\u03b5\u03af\u03c4\u03b5 \u03bc\u03b5 \u03c4\u03b7 \u03c7\u03c1\u03ae\u03c3\u03b7 \u03c4\u03c9\u03bd cookies \u03c3\u03cd\u03bc\u03c6\u03c9\u03bd\u03b1 \u03bc\u03b5 \u03c4\u03b7\u03bd \u03b1\u03bd\u03b1\u03b8\u03b5\u03c9\u03c1\u03b7\u03bc\u03ad\u03bd\u03b7 \u03c0\u03bf\u03bb\u03b9\u03c4\u03b9\u03ba\u03ae.<\/p>\n\n\n\n<h2 class=\"wp-block-heading\">\u0395\u03c0\u03b1\u03c6\u03ae<\/h2>\n\n\n\n<p>\u0395\u03ac\u03bd \u03ad\u03c7\u03b5\u03c4\u03b5 \u03b5\u03c1\u03c9\u03c4\u03ae\u03c3\u03b5\u03b9\u03c2 \u03c3\u03c7\u03b5\u03c4\u03b9\u03ba\u03ac \u03bc\u03b5 \u03c4\u03b7\u03bd \u03c0\u03bf\u03bb\u03b9\u03c4\u03b9\u03ba\u03ae \u03bc\u03b1\u03c2 \u03b3\u03b9\u03b1 \u03c4\u03b1 cookies \u03ae \u03c4\u03b7 \u03c7\u03c1\u03ae\u03c3\u03b7 \u03c4\u03c9\u03bd cookies \u03c3\u03c4\u03bf\u03bd \u03b9\u03c3\u03c4\u03cc\u03c4\u03bf\u03c0\u03cc \u03bc\u03b1\u03c2, \u03b5\u03c0\u03b9\u03ba\u03bf\u03b9\u03bd\u03c9\u03bd\u03ae\u03c3\u03c4\u03b5 \u03bc\u03b1\u03b6\u03af \u03bc\u03b1\u03c2 \u03bc\u03ad\u03c3\u03c9 email:\u00a0<a>contact@rosstylepro.com<\/a>.<\/p>","protected":false},"excerpt":{"rendered":"<p>\u0397 Rosstylepro \u03c7\u03c1\u03b7\u03c3\u03b9\u03bc\u03bf\u03c0\u03bf\u03b9\u03b5\u03af cookies \u03c3\u03c4\u03bf\u03bd \u03b9\u03c3\u03c4\u03cc\u03c4\u03bf\u03c0\u03cc \u03c4\u03b7\u03c2 rosstylepro.com. \u0391\u03c0\u03bf\u03b4\u03b5\u03c7\u03cc\u03bc\u03b5\u03bd\u03bf\u03b9 \u03c4\u03b7\u03bd \u03a0\u03bf\u03bb\u03b9\u03c4\u03b9\u03ba\u03ae \u03bc\u03b1\u03c2 \u03b3\u03b9\u03b1 \u03c4\u03b1 Cookies, \u03c3\u03c5\u03bc\u03c6\u03c9\u03bd\u03b5\u03af\u03c4\u03b5 \u03bc\u03b5 \u03c4\u03b7 \u03c7\u03c1\u03ae\u03c3\u03b7 \u03c4\u03c9\u03bd cookies \u03c3\u03cd\u03bc\u03c6\u03c9\u03bd\u03b1 \u03bc\u03b5 \u03b1\u03c5\u03c4\u03ae\u03bd \u03c4\u03b7\u03bd \u03c0\u03bf\u03bb\u03b9\u03c4\u03b9\u03ba\u03ae. \u0395\u03ac\u03bd \u03b4\u03b5\u03bd \u03c3\u03c5\u03bc\u03c6\u03c9\u03bd\u03b5\u03af\u03c4\u03b5 \u03bc\u03b5 \u03c4\u03b7 \u03c7\u03c1\u03ae\u03c3\u03b7 \u03c4\u03c9\u03bd cookies, \u03c3\u03b1\u03c2 \u03c3\u03c5\u03bd\u03b9\u03c3\u03c4\u03bf\u03cd\u03bc\u03b5 \u03bd\u03b1 \u03c0\u03c1\u03bf\u03c3\u03b1\u03c1\u03bc\u03cc\u03c3\u03b5\u03c4\u03b5 \u03c4\u03b9\u03c2 \u03c1\u03c5\u03b8\u03bc\u03af\u03c3\u03b5\u03b9\u03c2 \u03c4\u03bf\u03c5 \u03c0\u03c1\u03bf\u03b3\u03c1\u03ac\u03bc\u03bc\u03b1\u03c4\u03bf\u03c2 \u03c0\u03b5\u03c1\u03b9\u03ae\u03b3\u03b7\u03c3\u03ae\u03c2 \u03c3\u03b1\u03c2 \u03ae \u03bd\u03b1 \u03c3\u03c4\u03b1\u03bc\u03b1\u03c4\u03ae\u03c3\u03b5\u03c4\u03b5 \u03bd\u03b1 \u03c7\u03c1\u03b7\u03c3\u03b9\u03bc\u03bf\u03c0\u03bf\u03b9\u03b5\u03af\u03c4\u03b5 \u03c4\u03bf\u03bd \u03b9\u03c3\u03c4\u03cc\u03c4\u03bf\u03c0\u03cc \u03bc\u03b1\u03c2. \u03a0\u03bf\u03b9\u03b5\u03c2 \u03b5\u03af\u03bd\u03b1\u03b9 \u03bf\u03b9 [\u2026]<\/p>","protected":false},"author":38,"featured_media":0,"parent":0,"menu_order":0,"comment_status":"closed","ping_status":"closed","template":"page-nosidebar.php","meta":{"footnotes":""},"yoast_head":"<!-- This site is optimized with the Yoast SEO plugin v23.3 - https:\/\/yoast.com\/wordpress\/plugins\/seo\/ -->\n<title>Pol\u00edtica de Cookies<\/title>\n<meta name=\"description\" content=\"Pol\u00edtica de Cookies, Rosstylepro utiliza cookies en su sitio web rosstylepro.com. Al aceptar nuestra Pol\u00edtica de Cookies, usted acepta el ...\" \/>\n<meta name=\"robots\" content=\"index, follow, max-snippet:-1, max-image-preview:large, max-video-preview:-1\" \/>\n<link rel=\"canonical\" href=\"https:\/\/rosstylepro.com\/el\/politica-de-cookies\/\" \/>\n<meta property=\"og:locale\" content=\"el_GR\" \/>\n<meta property=\"og:type\" content=\"article\" \/>\n<meta property=\"og:title\" content=\"Pol\u00edtica de Cookies\" \/>\n<meta property=\"og:description\" content=\"Pol\u00edtica de Cookies, Rosstylepro utiliza cookies en su sitio web rosstylepro.com. Al aceptar nuestra Pol\u00edtica de Cookies, usted acepta el ...\" \/>\n<meta property=\"og:url\" content=\"https:\/\/rosstylepro.com\/el\/politica-de-cookies\/\" \/>\n<meta property=\"og:site_name\" content=\"RosstylePRO\" \/>\n<meta property=\"article:modified_time\" content=\"2025-01-17T16:25:36+00:00\" \/>\n<meta name=\"twitter:card\" content=\"summary_large_image\" \/>\n<meta name=\"twitter:label1\" content=\"Est. reading time\" \/>\n\t<meta name=\"twitter:data1\" content=\"3 \u03bb\u03b5\u03c0\u03c4\u03ac\" \/>\n<script type=\"application\/ld+json\" class=\"yoast-schema-graph\">{\"@context\":\"https:\/\/schema.org\",\"@graph\":[{\"@type\":\"WebPage\",\"@id\":\"https:\/\/rosstylepro.com\/politica-de-cookies\/\",\"url\":\"https:\/\/rosstylepro.com\/politica-de-cookies\/\",\"name\":\"Pol\u00edtica de Cookies\",\"isPartOf\":{\"@id\":\"https:\/\/rosstylepro.com\/en\/#website\"},\"datePublished\":\"2024-05-02T15:20:15+00:00\",\"dateModified\":\"2025-01-17T16:25:36+00:00\",\"description\":\"Pol\u00edtica de Cookies, Rosstylepro utiliza cookies en su sitio web rosstylepro.com. Al aceptar nuestra Pol\u00edtica de Cookies, usted acepta el ...\",\"breadcrumb\":{\"@id\":\"https:\/\/rosstylepro.com\/politica-de-cookies\/#breadcrumb\"},\"inLanguage\":\"el\",\"potentialAction\":[{\"@type\":\"ReadAction\",\"target\":[\"https:\/\/rosstylepro.com\/politica-de-cookies\/\"]}]},{\"@type\":\"BreadcrumbList\",\"@id\":\"https:\/\/rosstylepro.com\/politica-de-cookies\/#breadcrumb\",\"itemListElement\":[{\"@type\":\"ListItem\",\"position\":1,\"name\":\"Home\",\"item\":\"https:\/\/rosstylepro.com\/\"},{\"@type\":\"ListItem\",\"position\":2,\"name\":\"Pol\u00edtica de Cookies\"}]},{\"@type\":\"WebSite\",\"@id\":\"https:\/\/rosstylepro.com\/en\/#website\",\"url\":\"https:\/\/rosstylepro.com\/en\/\",\"name\":\"RosstylePRO\",\"description\":\"\",\"potentialAction\":[{\"@type\":\"SearchAction\",\"target\":{\"@type\":\"EntryPoint\",\"urlTemplate\":\"https:\/\/rosstylepro.com\/en\/?s={search_term_string}\"},\"query-input\":\"required name=search_term_string\"}],\"inLanguage\":\"el\"}]}<\/script>\n<!-- \/ Yoast SEO plugin. -->","yoast_head_json":{"title":"Pol\u00edtica de Cookies","description":"Pol\u00edtica de Cookies, Rosstylepro utiliza cookies en su sitio web rosstylepro.com. Al aceptar nuestra Pol\u00edtica de Cookies, usted acepta el ...","robots":{"index":"index","follow":"follow","max-snippet":"max-snippet:-1","max-image-preview":"max-image-preview:large","max-video-preview":"max-video-preview:-1"},"canonical":"https:\/\/rosstylepro.com\/el\/politica-de-cookies\/","og_locale":"el_GR","og_type":"article","og_title":"Pol\u00edtica de Cookies","og_description":"Pol\u00edtica de Cookies, Rosstylepro utiliza cookies en su sitio web rosstylepro.com. Al aceptar nuestra Pol\u00edtica de Cookies, usted acepta el ...","og_url":"https:\/\/rosstylepro.com\/el\/politica-de-cookies\/","og_site_name":"RosstylePRO","article_modified_time":"2025-01-17T16:25:36+00:00","twitter_card":"summary_large_image","twitter_misc":{"Est. reading time":"3 \u03bb\u03b5\u03c0\u03c4\u03ac"},"schema":{"@context":"https:\/\/schema.org","@graph":[{"@type":"WebPage","@id":"https:\/\/rosstylepro.com\/politica-de-cookies\/","url":"https:\/\/rosstylepro.com\/politica-de-cookies\/","name":"Pol\u00edtica de Cookies","isPartOf":{"@id":"https:\/\/rosstylepro.com\/en\/#website"},"datePublished":"2024-05-02T15:20:15+00:00","dateModified":"2025-01-17T16:25:36+00:00","description":"Pol\u00edtica de Cookies, Rosstylepro utiliza cookies en su sitio web rosstylepro.com. Al aceptar nuestra Pol\u00edtica de Cookies, usted acepta el ...","breadcrumb":{"@id":"https:\/\/rosstylepro.com\/politica-de-cookies\/#breadcrumb"},"inLanguage":"el","potentialAction":[{"@type":"ReadAction","target":["https:\/\/rosstylepro.com\/politica-de-cookies\/"]}]},{"@type":"BreadcrumbList","@id":"https:\/\/rosstylepro.com\/politica-de-cookies\/#breadcrumb","itemListElement":[{"@type":"ListItem","position":1,"name":"Home","item":"https:\/\/rosstylepro.com\/"},{"@type":"ListItem","position":2,"name":"Pol\u00edtica de Cookies"}]},{"@type":"WebSite","@id":"https:\/\/rosstylepro.com\/en\/#website","url":"https:\/\/rosstylepro.com\/en\/","name":"RosstylePRO","description":"","potentialAction":[{"@type":"SearchAction","target":{"@type":"EntryPoint","urlTemplate":"https:\/\/rosstylepro.com\/en\/?s={search_term_string}"},"query-input":"required name=search_term_string"}],"inLanguage":"el"}]}},"_links":{"self":[{"href":"https:\/\/rosstylepro.com\/el\/wp-json\/wp\/v2\/pages\/69"}],"collection":[{"href":"https:\/\/rosstylepro.com\/el\/wp-json\/wp\/v2\/pages"}],"about":[{"href":"https:\/\/rosstylepro.com\/el\/wp-json\/wp\/v2\/types\/page"}],"author":[{"embeddable":true,"href":"https:\/\/rosstylepro.com\/el\/wp-json\/wp\/v2\/users\/38"}],"replies":[{"embeddable":true,"href":"https:\/\/rosstylepro.com\/el\/wp-json\/wp\/v2\/comments?post=69"}],"version-history":[{"count":1,"href":"https:\/\/rosstylepro.com\/el\/wp-json\/wp\/v2\/pages\/69\/revisions"}],"predecessor-version":[{"id":1562,"href":"https:\/\/rosstylepro.com\/el\/wp-json\/wp\/v2\/pages\/69\/revisions\/1562"}],"wp:attachment":[{"href":"https:\/\/rosstylepro.com\/el\/wp-json\/wp\/v2\/media?parent=69"}],"curies":[{"name":"wp","href":"https:\/\/api.w.org\/{rel}","templated":true}]}}