{"id":117,"date":"2024-05-03T12:02:42","date_gmt":"2024-05-03T15:02:42","guid":{"rendered":"https:\/\/rosstylepro.com\/?page_id=117"},"modified":"2025-01-17T16:25:35","modified_gmt":"2025-01-17T16:25:35","slug":"condiciones-de-uso","status":"publish","type":"page","link":"https:\/\/rosstylepro.com\/en\/condiciones-de-uso\/","title":{"rendered":"Terms of use"},"content":{"rendered":"<h2 class=\"wp-block-heading\">1. General conditions<\/h2>\n\n\n\n<p>By accessing the website of <a href=\"https:\/\/rosstylepro.com\/en\/\">Rosstylepro<\/a> You agree to be bound by these Terms of Service, all applicable laws and regulations, and agree that you are responsible for compliance with any applicable local laws. If you do not agree with any of these terms, you are prohibited from using or accessing this site. The materials contained in this site are protected by applicable copyright and trademark laws.<\/p>\n\n\n\n<h2 class=\"wp-block-heading\">2.License of use<\/h2>\n\n\n\n<p>Permission is granted to temporarily download one copy of the materials (information or software) on the\u00a0<a href=\"https:\/\/curioiogo.com\/\"><\/a><a href=\"https:\/\/rosstylepro.com\/en\/\">Rosstylepro<\/a> for personal, non-commercial transitory use only. This is the grant of a license, not a transfer of title, and under this license you may not<\/p>\n\n\n\n<ol class=\"wp-block-list\">\n<li>modify or copy the materials;<\/li>\n\n\n\n<li>use the materials for commercial purposes, or for public display (commercial or non-commercial);<\/li>\n\n\n\n<li>attempt to decompile or reverse engineer any software contained on the site\u00a0<a href=\"https:\/\/rosstylepro.com\/en\/\">Rosstylepro<\/a>;<\/li>\n\n\n\n<li>remove any copyright or other proprietary notations from the materials; or<\/li>\n\n\n\n<li>transfer the materials to another person or \u201cmirror\u201d the materials on any other server.<\/li>\n<\/ol>\n\n\n\n<p>This license will automatically terminate if you violate any of these restrictions and may be terminated by\u00a0<a href=\"https:\/\/curioiogo.com\/\"><\/a><a href=\"https:\/\/rosstylepro.com\/en\/\">Rosstylepro<\/a> at any time. When you stop viewing these materials or when this license terminates, you must delete any downloaded materials in your possession whether in electronic or printed format.<\/p>\n\n\n\n<h2 class=\"wp-block-heading\">3. Disclaimer<\/h2>\n\n\n\n<p>The materials on the website of\u00a0<a href=\"https:\/\/curioiogo.com\/\"><\/a><a href=\"https:\/\/rosstylepro.com\/en\/\">Rosstylepro<\/a> are provided \u201cas is\u201d.\u00a0<a href=\"https:\/\/curioiogo.com\/\"><\/a>Rosstylepro makes no warranties, expressed or implied, and hereby disclaims and negates all other warranties including, without limitation, implied warranties or conditions of merchantability, fitness for a particular purpose, or non-infringement of intellectual property or other violation of rights.<\/p>\n\n\n\n<p>Besides,\u00a0<a href=\"https:\/\/rosstylepro.com\/en\/\">Rosstylepro<\/a> does not warrant or make any representations concerning the accuracy, likely results, or reliability of the use of the materials on its Internet web site or otherwise relating to such materials or on any sites linked to this site.<\/p>\n\n\n\n<h2 class=\"wp-block-heading\">4. Limitations<\/h2>\n\n\n\n<p>In no case\u00a0<a href=\"https:\/\/curioiogo.com\/\"><\/a><a href=\"https:\/\/rosstylepro.com\/en\/\">Rosstylepro<\/a> or its suppliers be liable for any damages (including, without limitation, damages for loss of data or profit, or due to business interruption) arising out of the use or inability to use the materials on\u00a0<a href=\"http:\/\/tekamaster.com\/\"><\/a><a href=\"https:\/\/curioiogo.com\/\"><\/a><a href=\"https:\/\/rosstylepre.com\/\"><\/a><a href=\"https:\/\/rosstylepro.com\/en\/\"><\/a><a href=\"https:\/\/rosstylepro.com\/en\/\">Rosstylepro<\/a>, even if\u00a0<a href=\"https:\/\/rosstylepro.com\/en\/\">Rosstylepro<\/a> or an authorized representative of\u00a0<a href=\"https:\/\/rosstylepro.com\/en\/\">Rosstylepro<\/a> has been notified orally or in writing of the possibility of such damages. Because some jurisdictions do not allow limitations on implied warranties, or limitations of liability for consequential or incidental damages, these limitations may not apply to you.<\/p>\n\n\n\n<h2 class=\"wp-block-heading\">5. Accuracy of materials<\/h2>\n\n\n\n<p>The materials appearing on the website of\u00a0<a href=\"https:\/\/rosstylepro.com\/en\/\">Rosstylepro<\/a> could include technical, typographical, or photographic errors.\u00a0<a href=\"https:\/\/rosstylepro.com\/en\/\">Rosstylepro<\/a> does not warrant that any of the materials on its website are accurate, complete or current.\u00a0<a href=\"https:\/\/rosstylepro.com\/en\/\">Rosstylepro<\/a> may make changes to the materials contained on its website at any time without notice. However,\u00a0<a href=\"https:\/\/rosstylepro.com\/en\/\">Rosstylepro<\/a> makes no commitment to update the materials.<\/p>\n\n\n\n<h2 class=\"wp-block-heading\">6. Links<\/h2>\n\n\n\n<p><a href=\"https:\/\/rosstylepro.com\/en\/\">Rosstylepro<\/a> has not reviewed all of the sites linked to its website and is not responsible for the contents of any such linked site. The inclusion of any link does not imply endorsement of the site by\u00a0<a href=\"http:\/\/tekamaster.com\/\"><\/a><a href=\"https:\/\/curioiogo.com\/\"><\/a><a href=\"https:\/\/rosstylepre.com\/\"><\/a><a href=\"https:\/\/rosstylepro.com\/en\/\"><\/a><a href=\"https:\/\/rosstylepro.com\/en\/\">Rosstylepro<\/a>. Use of any linked site is at the user&#039;s own risk.<\/p>\n\n\n\n<h3 class=\"wp-block-heading\">Modifications<\/h3>\n\n\n\n<p><a href=\"https:\/\/rosstylepro.com\/en\/\">Rosstylepro<\/a> may revise these Terms of Service for its website at any time without notice. By using this site, you agree to be bound by the current version of these Terms of Service.<\/p>\n\n\n\n<h3 class=\"wp-block-heading\">Applicable legislation<\/h3>\n\n\n\n<p>These terms and conditions are governed by and construed in accordance with the laws of\u00a0<a href=\"https:\/\/rosstylepro.com\/en\/\">Rosstylepro<\/a> and you irrevocably submit to the exclusive jurisdiction of the courts in that state or locality.<\/p>","protected":false},"excerpt":{"rendered":"<p>1. General Terms and Conditions By accessing the Rosstylepro website, you agree to be bound by these Terms of Service, all applicable laws and regulations, and agree that you are responsible for compliance with any applicable local laws. If you do not agree with any of these terms and conditions, you are prohibited from using or accessing the website.<\/p>","protected":false},"author":38,"featured_media":0,"parent":0,"menu_order":0,"comment_status":"closed","ping_status":"closed","template":"page-nosidebar.php","meta":{"footnotes":""},"yoast_head":"<!-- This site is optimized with the Yoast SEO plugin v23.3 - https:\/\/yoast.com\/wordpress\/plugins\/seo\/ -->\n<title>Condiciones de uso - RosstylePRO<\/title>\n<meta name=\"robots\" content=\"index, follow, max-snippet:-1, max-image-preview:large, max-video-preview:-1\" \/>\n<link rel=\"canonical\" href=\"https:\/\/rosstylepro.com\/en\/condiciones-de-uso\/\" \/>\n<meta property=\"og:locale\" content=\"en_US\" \/>\n<meta property=\"og:type\" content=\"article\" \/>\n<meta property=\"og:title\" content=\"Condiciones de uso - RosstylePRO\" \/>\n<meta property=\"og:description\" content=\"1.Condiciones generales Al acceder al sitio web de Rosstylepro usted acepta quedar vinculado por estas condiciones de servicio, todas las leyes y reglamentos aplicables, y acepta que es responsable del cumplimiento de cualquier ley local aplicable. Si usted no est\u00e1 de acuerdo con cualquiera de estos t\u00e9rminos, se le proh\u00edbe el uso o acceso a [&hellip;]\" \/>\n<meta property=\"og:url\" content=\"https:\/\/rosstylepro.com\/en\/condiciones-de-uso\/\" \/>\n<meta property=\"og:site_name\" content=\"RosstylePRO\" \/>\n<meta property=\"article:modified_time\" content=\"2025-01-17T16:25:35+00:00\" \/>\n<meta name=\"twitter:card\" content=\"summary_large_image\" \/>\n<meta name=\"twitter:label1\" content=\"Est. reading time\" \/>\n\t<meta name=\"twitter:data1\" content=\"4 minutes\" \/>\n<script type=\"application\/ld+json\" class=\"yoast-schema-graph\">{\"@context\":\"https:\/\/schema.org\",\"@graph\":[{\"@type\":\"WebPage\",\"@id\":\"https:\/\/rosstylepro.com\/condiciones-de-uso\/\",\"url\":\"https:\/\/rosstylepro.com\/condiciones-de-uso\/\",\"name\":\"Condiciones de uso - RosstylePRO\",\"isPartOf\":{\"@id\":\"https:\/\/rosstylepro.com\/en\/#website\"},\"datePublished\":\"2024-05-03T15:02:42+00:00\",\"dateModified\":\"2025-01-17T16:25:35+00:00\",\"breadcrumb\":{\"@id\":\"https:\/\/rosstylepro.com\/condiciones-de-uso\/#breadcrumb\"},\"inLanguage\":\"en-US\",\"potentialAction\":[{\"@type\":\"ReadAction\",\"target\":[\"https:\/\/rosstylepro.com\/condiciones-de-uso\/\"]}]},{\"@type\":\"BreadcrumbList\",\"@id\":\"https:\/\/rosstylepro.com\/condiciones-de-uso\/#breadcrumb\",\"itemListElement\":[{\"@type\":\"ListItem\",\"position\":1,\"name\":\"Home\",\"item\":\"https:\/\/rosstylepro.com\/\"},{\"@type\":\"ListItem\",\"position\":2,\"name\":\"Condiciones de uso\"}]},{\"@type\":\"WebSite\",\"@id\":\"https:\/\/rosstylepro.com\/en\/#website\",\"url\":\"https:\/\/rosstylepro.com\/en\/\",\"name\":\"RosstylePRO\",\"description\":\"\",\"potentialAction\":[{\"@type\":\"SearchAction\",\"target\":{\"@type\":\"EntryPoint\",\"urlTemplate\":\"https:\/\/rosstylepro.com\/en\/?s={search_term_string}\"},\"query-input\":\"required name=search_term_string\"}],\"inLanguage\":\"en-US\"}]}<\/script>\n<!-- \/ Yoast SEO plugin. -->","yoast_head_json":{"title":"Condiciones de uso - RosstylePRO","robots":{"index":"index","follow":"follow","max-snippet":"max-snippet:-1","max-image-preview":"max-image-preview:large","max-video-preview":"max-video-preview:-1"},"canonical":"https:\/\/rosstylepro.com\/en\/condiciones-de-uso\/","og_locale":"en_US","og_type":"article","og_title":"Condiciones de uso - RosstylePRO","og_description":"1.Condiciones generales Al acceder al sitio web de Rosstylepro usted acepta quedar vinculado por estas condiciones de servicio, todas las leyes y reglamentos aplicables, y acepta que es responsable del cumplimiento de cualquier ley local aplicable. Si usted no est\u00e1 de acuerdo con cualquiera de estos t\u00e9rminos, se le proh\u00edbe el uso o acceso a [&hellip;]","og_url":"https:\/\/rosstylepro.com\/en\/condiciones-de-uso\/","og_site_name":"RosstylePRO","article_modified_time":"2025-01-17T16:25:35+00:00","twitter_card":"summary_large_image","twitter_misc":{"Est. reading time":"4 minutes"},"schema":{"@context":"https:\/\/schema.org","@graph":[{"@type":"WebPage","@id":"https:\/\/rosstylepro.com\/condiciones-de-uso\/","url":"https:\/\/rosstylepro.com\/condiciones-de-uso\/","name":"Condiciones de uso - RosstylePRO","isPartOf":{"@id":"https:\/\/rosstylepro.com\/en\/#website"},"datePublished":"2024-05-03T15:02:42+00:00","dateModified":"2025-01-17T16:25:35+00:00","breadcrumb":{"@id":"https:\/\/rosstylepro.com\/condiciones-de-uso\/#breadcrumb"},"inLanguage":"en-US","potentialAction":[{"@type":"ReadAction","target":["https:\/\/rosstylepro.com\/condiciones-de-uso\/"]}]},{"@type":"BreadcrumbList","@id":"https:\/\/rosstylepro.com\/condiciones-de-uso\/#breadcrumb","itemListElement":[{"@type":"ListItem","position":1,"name":"Home","item":"https:\/\/rosstylepro.com\/"},{"@type":"ListItem","position":2,"name":"Condiciones de uso"}]},{"@type":"WebSite","@id":"https:\/\/rosstylepro.com\/en\/#website","url":"https:\/\/rosstylepro.com\/en\/","name":"RosstylePRO","description":"","potentialAction":[{"@type":"SearchAction","target":{"@type":"EntryPoint","urlTemplate":"https:\/\/rosstylepro.com\/en\/?s={search_term_string}"},"query-input":"required name=search_term_string"}],"inLanguage":"en-US"}]}},"_links":{"self":[{"href":"https:\/\/rosstylepro.com\/en\/wp-json\/wp\/v2\/pages\/117"}],"collection":[{"href":"https:\/\/rosstylepro.com\/en\/wp-json\/wp\/v2\/pages"}],"about":[{"href":"https:\/\/rosstylepro.com\/en\/wp-json\/wp\/v2\/types\/page"}],"author":[{"embeddable":true,"href":"https:\/\/rosstylepro.com\/en\/wp-json\/wp\/v2\/users\/38"}],"replies":[{"embeddable":true,"href":"https:\/\/rosstylepro.com\/en\/wp-json\/wp\/v2\/comments?post=117"}],"version-history":[{"count":1,"href":"https:\/\/rosstylepro.com\/en\/wp-json\/wp\/v2\/pages\/117\/revisions"}],"predecessor-version":[{"id":1560,"href":"https:\/\/rosstylepro.com\/en\/wp-json\/wp\/v2\/pages\/117\/revisions\/1560"}],"wp:attachment":[{"href":"https:\/\/rosstylepro.com\/en\/wp-json\/wp\/v2\/media?parent=117"}],"curies":[{"name":"wp","href":"https:\/\/api.w.org\/{rel}","templated":true}]}}