{"id":117,"date":"2024-05-03T12:02:42","date_gmt":"2024-05-03T15:02:42","guid":{"rendered":"https:\/\/rosstylepro.com\/?page_id=117"},"modified":"2025-01-17T16:25:35","modified_gmt":"2025-01-17T16:25:35","slug":"condiciones-de-uso","status":"publish","type":"page","link":"https:\/\/rosstylepro.com\/fr\/condiciones-de-uso\/","title":{"rendered":"Conditions d&#039;utilisation"},"content":{"rendered":"<h2 class=\"wp-block-heading\">1.Conditions g\u00e9n\u00e9rales<\/h2>\n\n\n\n<p>En acc\u00e9dant au site Web de <a href=\"https:\/\/rosstylepro.com\/fr\/\">Rosstylepro<\/a> Vous acceptez d&#039;\u00eatre li\u00e9 par les pr\u00e9sentes Conditions d&#039;utilisation, toutes les lois et r\u00e9glementations applicables, et acceptez que vous \u00eates responsable du respect de toutes les lois locales applicables. Si vous n\u2019\u00eates pas d\u2019accord avec l\u2019une de ces conditions, il vous est interdit d\u2019utiliser ou d\u2019acc\u00e9der \u00e0 ce site. Les \u00e9l\u00e9ments contenus sur ce site sont prot\u00e9g\u00e9s par les lois applicables en mati\u00e8re de droits d&#039;auteur et de marques.<\/p>\n\n\n\n<h2 class=\"wp-block-heading\">2. Licence d&#039;utilisation<\/h2>\n\n\n\n<p>L&#039;autorisation est accord\u00e9e de t\u00e9l\u00e9charger temporairement une copie du mat\u00e9riel (information ou logiciel) sur le site Web de\u00a0<a href=\"https:\/\/curioiogo.com\/\"><\/a><a href=\"https:\/\/rosstylepro.com\/fr\/\">Rosstylepro<\/a> pour un usage personnel, non commercial et transitoire uniquement. Il s&#039;agit de l&#039;octroi d&#039;une licence, et non d&#039;un transfert de titre, et en vertu de cette licence, vous ne pouvez pas<\/p>\n\n\n\n<ol class=\"wp-block-list\">\n<li>modifier ou copier les documents ;<\/li>\n\n\n\n<li>utiliser les mat\u00e9riaux \u00e0 des fins commerciales ou pour une exposition publique (commerciale ou non commerciale) ;<\/li>\n\n\n\n<li>tenter de d\u00e9compiler ou de proc\u00e9der \u00e0 une ing\u00e9nierie inverse de tout logiciel contenu sur le Site\u00a0<a href=\"https:\/\/rosstylepro.com\/fr\/\">Rosstylepro<\/a>;<\/li>\n\n\n\n<li>supprimer tout droit d\u2019auteur ou autre mention de propri\u00e9t\u00e9 des documents\u00a0; soit<\/li>\n\n\n\n<li>transf\u00e9rer les documents \u00e0 une autre personne ou \u00ab refl\u00e9ter \u00bb les documents sur un autre serveur.<\/li>\n<\/ol>\n\n\n\n<p>Cette licence sera automatiquement r\u00e9sili\u00e9e si vous violez l&#039;une de ces restrictions et peut \u00eatre r\u00e9sili\u00e9e par\u00a0<a href=\"https:\/\/curioiogo.com\/\"><\/a><a href=\"https:\/\/rosstylepro.com\/fr\/\">Rosstylepro<\/a> chaque fois que. Lorsque vous cessez de consulter ces documents ou lorsque cette licence prend fin, vous devez supprimer tous les documents t\u00e9l\u00e9charg\u00e9s en votre possession, qu&#039;ils soient sous forme \u00e9lectronique ou imprim\u00e9e.<\/p>\n\n\n\n<h2 class=\"wp-block-heading\">3. Clause de non-responsabilit\u00e9<\/h2>\n\n\n\n<p>Les documents sur le site Web de\u00a0<a href=\"https:\/\/curioiogo.com\/\"><\/a><a href=\"https:\/\/rosstylepro.com\/fr\/\">Rosstylepro<\/a> sont fournis \u00ab tels quels \u00bb.\u00a0<a href=\"https:\/\/curioiogo.com\/\"><\/a>Rosstylepro n&#039;offre aucune garantie, expresse ou implicite, et d\u00e9cline et nie par la pr\u00e9sente toutes les autres garanties, y compris, sans limitation, les garanties ou conditions implicites de qualit\u00e9 marchande, d&#039;ad\u00e9quation \u00e0 un usage particulier ou de non-violation de la propri\u00e9t\u00e9 intellectuelle ou autre violation des droits.<\/p>\n\n\n\n<p>En plus,\u00a0<a href=\"https:\/\/rosstylepro.com\/fr\/\">Rosstylepro<\/a> ne garantit ni ne fait aucune d\u00e9claration concernant l&#039;exactitude, les r\u00e9sultats probables ou la fiabilit\u00e9 de l&#039;utilisation des mat\u00e9riaux sur son site Internet ou autrement li\u00e9s \u00e0 ces mat\u00e9riaux ou sur tout site li\u00e9 \u00e0 ce site.<\/p>\n\n\n\n<h2 class=\"wp-block-heading\">4. Limitations<\/h2>\n\n\n\n<p>En aucun cas\u00a0<a href=\"https:\/\/curioiogo.com\/\"><\/a><a href=\"https:\/\/rosstylepro.com\/fr\/\">Rosstylepro<\/a> ou ses fournisseurs ne seront pas responsables de tout dommage (y compris, sans limitation, les dommages pour perte de donn\u00e9es ou de profit, ou en raison d&#039;une interruption d&#039;activit\u00e9) d\u00e9coulant de l&#039;utilisation ou de l&#039;impossibilit\u00e9 d&#039;utiliser les mat\u00e9riaux sur\u00a0<a href=\"http:\/\/tekamaster.com\/\"><\/a><a href=\"https:\/\/curioiogo.com\/\"><\/a><a href=\"https:\/\/rosstylepre.com\/\"><\/a><a href=\"https:\/\/rosstylepro.com\/fr\/\"><\/a><a href=\"https:\/\/rosstylepro.com\/fr\/\">Rosstylepro<\/a>, m\u00eame si\u00a0<a href=\"https:\/\/rosstylepro.com\/fr\/\">Rosstylepro<\/a> ou un repr\u00e9sentant autoris\u00e9 de\u00a0<a href=\"https:\/\/rosstylepro.com\/fr\/\">Rosstylepro<\/a> a \u00e9t\u00e9 inform\u00e9 oralement ou par \u00e9crit de la possibilit\u00e9 de tels dommages. \u00c9tant donn\u00e9 que certaines juridictions n\u2019autorisent pas les limitations des garanties implicites ou les limitations de responsabilit\u00e9 pour les dommages indirects ou accessoires, ces limitations peuvent ne pas s\u2019appliquer \u00e0 vous.<\/p>\n\n\n\n<h2 class=\"wp-block-heading\">5. Exactitude des mat\u00e9riaux<\/h2>\n\n\n\n<p>Les documents figurant sur le site Web de\u00a0<a href=\"https:\/\/rosstylepro.com\/fr\/\">Rosstylepro<\/a> peut contenir des erreurs techniques, typographiques ou photographiques.\u00a0<a href=\"https:\/\/rosstylepro.com\/fr\/\">Rosstylepro<\/a> ne garantit pas que les \u00e9l\u00e9ments de son site Web sont exacts, complets ou \u00e0 jour.\u00a0<a href=\"https:\/\/rosstylepro.com\/fr\/\">Rosstylepro<\/a> peut apporter des modifications aux \u00e9l\u00e9ments contenus sur son site Web \u00e0 tout moment et sans pr\u00e9avis. Cependant\u00a0<a href=\"https:\/\/rosstylepro.com\/fr\/\">Rosstylepro<\/a> ne s&#039;engage pas \u00e0 mettre \u00e0 jour les documents.<\/p>\n\n\n\n<h2 class=\"wp-block-heading\">6. Liens<\/h2>\n\n\n\n<p><a href=\"https:\/\/rosstylepro.com\/fr\/\">Rosstylepro<\/a> n&#039;a pas examin\u00e9 tous les sites li\u00e9s \u00e0 son site Web et n&#039;est pas responsable du contenu de ces sites li\u00e9s. L&#039;inclusion de tout lien n&#039;implique pas l&#039;approbation du site par\u00a0<a href=\"http:\/\/tekamaster.com\/\"><\/a><a href=\"https:\/\/curioiogo.com\/\"><\/a><a href=\"https:\/\/rosstylepre.com\/\"><\/a><a href=\"https:\/\/rosstylepro.com\/fr\/\"><\/a><a href=\"https:\/\/rosstylepro.com\/fr\/\">Rosstylepro<\/a>. L&#039;utilisation de tout site li\u00e9 se fait aux risques et p\u00e9rils de l&#039;utilisateur.<\/p>\n\n\n\n<h3 class=\"wp-block-heading\">Modifications<\/h3>\n\n\n\n<p><a href=\"https:\/\/rosstylepro.com\/fr\/\">Rosstylepro<\/a> peut r\u00e9viser ces conditions d&#039;utilisation de son site Web \u00e0 tout moment sans pr\u00e9avis. En utilisant ce site, vous acceptez d&#039;\u00eatre li\u00e9 par la version actuelle des pr\u00e9sentes conditions d&#039;utilisation.<\/p>\n\n\n\n<h3 class=\"wp-block-heading\">L\u00e9gislation applicable<\/h3>\n\n\n\n<p>Ces termes et conditions sont r\u00e9gis et interpr\u00e9t\u00e9s conform\u00e9ment aux lois de\u00a0<a href=\"https:\/\/rosstylepro.com\/fr\/\">Rosstylepro<\/a> et vous vous soumettez irr\u00e9vocablement \u00e0 la juridiction exclusive des tribunaux de cet \u00c9tat ou de cette localit\u00e9.<\/p>","protected":false},"excerpt":{"rendered":"<p>1. Conditions g\u00e9n\u00e9rales. En acc\u00e9dant au site web de Rosstylepro, vous acceptez les pr\u00e9sentes Conditions d&#039;utilisation, ainsi que toutes les lois et r\u00e9glementations applicables, et reconnaissez \u00eatre responsable du respect de la l\u00e9gislation locale applicable. En cas de d\u00e9saccord avec l&#039;une quelconque de ces conditions, vous ne pourrez pas utiliser ou acc\u00e9der au site web.<\/p>","protected":false},"author":38,"featured_media":0,"parent":0,"menu_order":0,"comment_status":"closed","ping_status":"closed","template":"page-nosidebar.php","meta":{"footnotes":""},"yoast_head":"<!-- This site is optimized with the Yoast SEO plugin v23.3 - https:\/\/yoast.com\/wordpress\/plugins\/seo\/ -->\n<title>Condiciones de uso - RosstylePRO<\/title>\n<meta name=\"robots\" content=\"index, follow, max-snippet:-1, max-image-preview:large, max-video-preview:-1\" \/>\n<link rel=\"canonical\" href=\"https:\/\/rosstylepro.com\/fr\/condiciones-de-uso\/\" \/>\n<meta property=\"og:locale\" content=\"fr_FR\" \/>\n<meta property=\"og:type\" content=\"article\" \/>\n<meta property=\"og:title\" content=\"Condiciones de uso - RosstylePRO\" \/>\n<meta property=\"og:description\" content=\"1.Condiciones generales Al acceder al sitio web de Rosstylepro usted acepta quedar vinculado por estas condiciones de servicio, todas las leyes y reglamentos aplicables, y acepta que es responsable del cumplimiento de cualquier ley local aplicable. Si usted no est\u00e1 de acuerdo con cualquiera de estos t\u00e9rminos, se le proh\u00edbe el uso o acceso a [&hellip;]\" \/>\n<meta property=\"og:url\" content=\"https:\/\/rosstylepro.com\/fr\/condiciones-de-uso\/\" \/>\n<meta property=\"og:site_name\" content=\"RosstylePRO\" \/>\n<meta property=\"article:modified_time\" content=\"2025-01-17T16:25:35+00:00\" \/>\n<meta name=\"twitter:card\" content=\"summary_large_image\" \/>\n<meta name=\"twitter:label1\" content=\"Est. reading time\" \/>\n\t<meta name=\"twitter:data1\" content=\"4 minutes\" \/>\n<script type=\"application\/ld+json\" class=\"yoast-schema-graph\">{\"@context\":\"https:\/\/schema.org\",\"@graph\":[{\"@type\":\"WebPage\",\"@id\":\"https:\/\/rosstylepro.com\/condiciones-de-uso\/\",\"url\":\"https:\/\/rosstylepro.com\/condiciones-de-uso\/\",\"name\":\"Condiciones de uso - RosstylePRO\",\"isPartOf\":{\"@id\":\"https:\/\/rosstylepro.com\/en\/#website\"},\"datePublished\":\"2024-05-03T15:02:42+00:00\",\"dateModified\":\"2025-01-17T16:25:35+00:00\",\"breadcrumb\":{\"@id\":\"https:\/\/rosstylepro.com\/condiciones-de-uso\/#breadcrumb\"},\"inLanguage\":\"fr-FR\",\"potentialAction\":[{\"@type\":\"ReadAction\",\"target\":[\"https:\/\/rosstylepro.com\/condiciones-de-uso\/\"]}]},{\"@type\":\"BreadcrumbList\",\"@id\":\"https:\/\/rosstylepro.com\/condiciones-de-uso\/#breadcrumb\",\"itemListElement\":[{\"@type\":\"ListItem\",\"position\":1,\"name\":\"Home\",\"item\":\"https:\/\/rosstylepro.com\/\"},{\"@type\":\"ListItem\",\"position\":2,\"name\":\"Condiciones de uso\"}]},{\"@type\":\"WebSite\",\"@id\":\"https:\/\/rosstylepro.com\/en\/#website\",\"url\":\"https:\/\/rosstylepro.com\/en\/\",\"name\":\"RosstylePRO\",\"description\":\"\",\"potentialAction\":[{\"@type\":\"SearchAction\",\"target\":{\"@type\":\"EntryPoint\",\"urlTemplate\":\"https:\/\/rosstylepro.com\/en\/?s={search_term_string}\"},\"query-input\":\"required name=search_term_string\"}],\"inLanguage\":\"fr-FR\"}]}<\/script>\n<!-- \/ Yoast SEO plugin. -->","yoast_head_json":{"title":"Condiciones de uso - RosstylePRO","robots":{"index":"index","follow":"follow","max-snippet":"max-snippet:-1","max-image-preview":"max-image-preview:large","max-video-preview":"max-video-preview:-1"},"canonical":"https:\/\/rosstylepro.com\/fr\/condiciones-de-uso\/","og_locale":"fr_FR","og_type":"article","og_title":"Condiciones de uso - RosstylePRO","og_description":"1.Condiciones generales Al acceder al sitio web de Rosstylepro usted acepta quedar vinculado por estas condiciones de servicio, todas las leyes y reglamentos aplicables, y acepta que es responsable del cumplimiento de cualquier ley local aplicable. Si usted no est\u00e1 de acuerdo con cualquiera de estos t\u00e9rminos, se le proh\u00edbe el uso o acceso a [&hellip;]","og_url":"https:\/\/rosstylepro.com\/fr\/condiciones-de-uso\/","og_site_name":"RosstylePRO","article_modified_time":"2025-01-17T16:25:35+00:00","twitter_card":"summary_large_image","twitter_misc":{"Est. reading time":"4 minutes"},"schema":{"@context":"https:\/\/schema.org","@graph":[{"@type":"WebPage","@id":"https:\/\/rosstylepro.com\/condiciones-de-uso\/","url":"https:\/\/rosstylepro.com\/condiciones-de-uso\/","name":"Condiciones de uso - RosstylePRO","isPartOf":{"@id":"https:\/\/rosstylepro.com\/en\/#website"},"datePublished":"2024-05-03T15:02:42+00:00","dateModified":"2025-01-17T16:25:35+00:00","breadcrumb":{"@id":"https:\/\/rosstylepro.com\/condiciones-de-uso\/#breadcrumb"},"inLanguage":"fr-FR","potentialAction":[{"@type":"ReadAction","target":["https:\/\/rosstylepro.com\/condiciones-de-uso\/"]}]},{"@type":"BreadcrumbList","@id":"https:\/\/rosstylepro.com\/condiciones-de-uso\/#breadcrumb","itemListElement":[{"@type":"ListItem","position":1,"name":"Home","item":"https:\/\/rosstylepro.com\/"},{"@type":"ListItem","position":2,"name":"Condiciones de uso"}]},{"@type":"WebSite","@id":"https:\/\/rosstylepro.com\/en\/#website","url":"https:\/\/rosstylepro.com\/en\/","name":"RosstylePRO","description":"","potentialAction":[{"@type":"SearchAction","target":{"@type":"EntryPoint","urlTemplate":"https:\/\/rosstylepro.com\/en\/?s={search_term_string}"},"query-input":"required name=search_term_string"}],"inLanguage":"fr-FR"}]}},"_links":{"self":[{"href":"https:\/\/rosstylepro.com\/fr\/wp-json\/wp\/v2\/pages\/117"}],"collection":[{"href":"https:\/\/rosstylepro.com\/fr\/wp-json\/wp\/v2\/pages"}],"about":[{"href":"https:\/\/rosstylepro.com\/fr\/wp-json\/wp\/v2\/types\/page"}],"author":[{"embeddable":true,"href":"https:\/\/rosstylepro.com\/fr\/wp-json\/wp\/v2\/users\/38"}],"replies":[{"embeddable":true,"href":"https:\/\/rosstylepro.com\/fr\/wp-json\/wp\/v2\/comments?post=117"}],"version-history":[{"count":1,"href":"https:\/\/rosstylepro.com\/fr\/wp-json\/wp\/v2\/pages\/117\/revisions"}],"predecessor-version":[{"id":1560,"href":"https:\/\/rosstylepro.com\/fr\/wp-json\/wp\/v2\/pages\/117\/revisions\/1560"}],"wp:attachment":[{"href":"https:\/\/rosstylepro.com\/fr\/wp-json\/wp\/v2\/media?parent=117"}],"curies":[{"name":"wp","href":"https:\/\/api.w.org\/{rel}","templated":true}]}}