{"id":71,"date":"2024-05-02T12:36:23","date_gmt":"2024-05-02T15:36:23","guid":{"rendered":"https:\/\/rosstylepro.com\/?page_id=71"},"modified":"2025-01-17T16:25:36","modified_gmt":"2025-01-17T16:25:36","slug":"sobre-nosotros","status":"publish","type":"page","link":"https:\/\/rosstylepro.com\/fr\/sobre-nosotros\/","title":{"rendered":"\u00c0 propos de nous"},"content":{"rendered":"<p><br>Bienvenue sur Rosstylepro, un espace num\u00e9rique con\u00e7u pour c\u00e9l\u00e9brer la curiosit\u00e9, explorer l&#039;innovation et partager des exp\u00e9riences uniques dans le vaste monde de la technologie et du divertissement. Fond\u00e9e par Kirito et New, avec une \u00e9quipe de plus de 10 collaborateurs d\u00e9vou\u00e9s, Rosstylepro est n\u00e9e d&#039;un besoin d&#039;expression et d&#039;une passion pour la d\u00e9couverte de nouveaux horizons \u00e0 l&#039;intersection de la technologie et de la narration immersive.<\/p>\n\n\n\n<h3 class=\"wp-block-heading\">Notre histoire et notre objectif<\/h3>\n\n\n\n<p>Tout a commenc\u00e9 avec la simple id\u00e9e de fournir une plateforme o\u00f9 la curiosit\u00e9 pourrait s&#039;\u00e9panouir. Au fil du temps, nous avons r\u00e9alis\u00e9 qu\u2019il ne s\u2019agissait pas seulement de pr\u00e9senter des applications ou des technologies, mais de raconter des histoires immersives qui inspireraient nos lecteurs. C\u2019est ainsi qu\u2019est n\u00e9e notre mission : raconter des histoires, pr\u00e9senter des innovations et partager des exp\u00e9riences significatives avec une communaut\u00e9 dynamique et engag\u00e9e.<\/p>\n\n\n\n<h3 class=\"wp-block-heading\">L&#039;\u00e2me de Rosstylepro\u00a0: notre communaut\u00e9<\/h3>\n\n\n\n<p>Nous reconnaissons que Rosstylepro ne serait pas ce qu\u2019il est sans notre communaut\u00e9. Nous valorisons chaque membre et nous effor\u00e7ons de cr\u00e9er un environnement inclusif et collaboratif o\u00f9 chacun peut partager des id\u00e9es, des opinions et des d\u00e9couvertes. L\u2019interaction constante avec notre communaut\u00e9 nous aide \u00e0 maintenir la pertinence et la qualit\u00e9 du contenu que nous proposons.<\/p>\n\n\n\n<h3 class=\"wp-block-heading\">\u00c0 la d\u00e9couverte de nouveaux horizons\u00a0: technologie et divertissement<\/h3>\n\n\n\n<p>\u00c0 mesure que Rosstylepro se d\u00e9veloppe, nous cherchons \u00e9galement \u00e0 influencer positivement l\u2019industrie de la technologie et du divertissement. Nous recherchons constamment de nouvelles fa\u00e7ons de pr\u00e9senter du contenu innovant et inspirant, ainsi que de favoriser le d\u00e9veloppement d&#039;applications et de technologies qui am\u00e9liorent la vie des gens.<\/p>\n\n\n\n<h3 class=\"wp-block-heading\">Notre engagement envers la qualit\u00e9<\/h3>\n\n\n\n<p>La qualit\u00e9 est primordiale chez Rosstylepro. Pour assurer l\u2019excellence de notre contenu, nous disposons d\u2019une \u00e9quipe de contributeurs d\u00e9vou\u00e9s et exp\u00e9riment\u00e9s. Nous effectuons des recherches approfondies et ne pr\u00e9sentons que ce que nous utilisons r\u00e9ellement et que nous pensons pertinent et utile pour notre communaut\u00e9.<\/p>\n\n\n\n<h3 class=\"wp-block-heading\">Ce que vous trouverez chez Rosstylepro<\/h3>\n\n\n\n<p>Sur notre site, nous proposons une large gamme de contenus pour tous les int\u00e9r\u00eats. Des critiques d&#039;applications approfondies aux anecdotes technologiques, notre objectif est de fournir une exp\u00e9rience compl\u00e8te qui va au-del\u00e0 des simples informations techniques. Chaque article ou analyse est accompagn\u00e9 d\u2019un r\u00e9cit immersif pour rendre l\u2019exp\u00e9rience de lecture encore plus captivante.<\/p>\n\n\n\n<h3 class=\"wp-block-heading\">Divertissement et connaissances en un seul endroit<\/h3>\n\n\n\n<p>Nous pensons que le divertissement et la connaissance peuvent aller de pair chez Rosstylepro. C&#039;est pourquoi, en plus de l&#039;analyse technique et de l&#039;information, nous proposons \u00e9galement du contenu ax\u00e9 sur le divertissement et le c\u00f4t\u00e9 humain de la technologie. Nous voulons inspirer, informer et divertir nos lecteurs de toutes les mani\u00e8res possibles.<\/p>\n\n\n\n<h3 class=\"wp-block-heading\">L&#039;avenir de Rosstylepro<\/h3>\n\n\n\n<p>L\u2019avenir de Rosstylepro est passionnant et plein de possibilit\u00e9s. Nous sommes toujours \u00e0 la recherche de nouvelles fa\u00e7ons d\u2019innover et d\u2019offrir une exp\u00e9rience encore meilleure \u00e0 notre communaut\u00e9. Nous pr\u00e9voyons d\u2019\u00e9largir notre contenu, d\u2019explorer de nouveaux sujets et de rester une source fiable d\u2019informations et de divertissement pour tous les passionn\u00e9s de technologie.<\/p>\n\n\n\n<h3 class=\"wp-block-heading\">Contactez-nous et rejoignez l&#039;aventure<\/h3>\n\n\n\n<p>Nous appr\u00e9cions grandement les commentaires, suggestions et id\u00e9es de notre communaut\u00e9. Si vous avez des questions, des commentaires ou si vous souhaitez partager votre exp\u00e9rience avec nous, n&#039;h\u00e9sitez pas \u00e0 nous contacter. Votre avis est crucial pour nous !<\/p>\n\n\n\n<p>Nous vous remercions de faire partie de l&#039;aventure Rosstylepro. Ensemble, nous explorons de nouveaux horizons, c\u00e9l\u00e9brons la curiosit\u00e9 et l\u2019innovation et continuons \u00e0 nous inspirer mutuellement dans ce passionnant voyage technologique et humain.<\/p>","protected":false},"excerpt":{"rendered":"<p>Bienvenue sur Rosstylepro, un espace num\u00e9rique con\u00e7u pour c\u00e9l\u00e9brer la curiosit\u00e9, explorer l&#039;innovation et partager des exp\u00e9riences uniques dans le vaste monde de la technologie et du divertissement. Fond\u00e9 par Kirito et New, avec une \u00e9quipe de plus de 10 collaborateurs d\u00e9vou\u00e9s, Rosstylepro est n\u00e9 d&#039;un besoin d&#039;expression et d&#039;une passion pour [\u2026]<\/p>","protected":false},"author":38,"featured_media":0,"parent":0,"menu_order":0,"comment_status":"closed","ping_status":"closed","template":"page-nosidebar.php","meta":{"footnotes":""},"yoast_head":"<!-- This site is optimized with the Yoast SEO plugin v23.3 - https:\/\/yoast.com\/wordpress\/plugins\/seo\/ -->\n<title>Sobre Nosotros - RosstylePRO<\/title>\n<meta name=\"robots\" content=\"index, follow, max-snippet:-1, max-image-preview:large, max-video-preview:-1\" \/>\n<link rel=\"canonical\" href=\"https:\/\/rosstylepro.com\/fr\/sobre-nosotros\/\" \/>\n<meta property=\"og:locale\" content=\"fr_FR\" \/>\n<meta property=\"og:type\" content=\"article\" \/>\n<meta property=\"og:title\" content=\"Sobre Nosotros - RosstylePRO\" \/>\n<meta property=\"og:description\" content=\"Bienvenidos a Rosstylepro, un espacio digital dise\u00f1ado para celebrar la curiosidad, explorar la innovaci\u00f3n y compartir experiencias \u00fanicas en el vasto mundo de la tecnolog\u00eda y el entretenimiento. Fundado por Kirito y New, junto con un equipo de m\u00e1s de 10 colaboradores dedicados, Rosstylepro surgi\u00f3 de la necesidad de expresi\u00f3n y de la pasi\u00f3n por [&hellip;]\" \/>\n<meta property=\"og:url\" content=\"https:\/\/rosstylepro.com\/fr\/sobre-nosotros\/\" \/>\n<meta property=\"og:site_name\" content=\"RosstylePRO\" \/>\n<meta property=\"article:modified_time\" content=\"2025-01-17T16:25:36+00:00\" \/>\n<meta name=\"twitter:card\" content=\"summary_large_image\" \/>\n<meta name=\"twitter:label1\" content=\"Est. reading time\" \/>\n\t<meta name=\"twitter:data1\" content=\"3 minutes\" \/>\n<script type=\"application\/ld+json\" class=\"yoast-schema-graph\">{\"@context\":\"https:\/\/schema.org\",\"@graph\":[{\"@type\":\"WebPage\",\"@id\":\"https:\/\/rosstylepro.com\/sobre-nosotros\/\",\"url\":\"https:\/\/rosstylepro.com\/sobre-nosotros\/\",\"name\":\"Sobre Nosotros - RosstylePRO\",\"isPartOf\":{\"@id\":\"https:\/\/rosstylepro.com\/en\/#website\"},\"datePublished\":\"2024-05-02T15:36:23+00:00\",\"dateModified\":\"2025-01-17T16:25:36+00:00\",\"breadcrumb\":{\"@id\":\"https:\/\/rosstylepro.com\/sobre-nosotros\/#breadcrumb\"},\"inLanguage\":\"fr-FR\",\"potentialAction\":[{\"@type\":\"ReadAction\",\"target\":[\"https:\/\/rosstylepro.com\/sobre-nosotros\/\"]}]},{\"@type\":\"BreadcrumbList\",\"@id\":\"https:\/\/rosstylepro.com\/sobre-nosotros\/#breadcrumb\",\"itemListElement\":[{\"@type\":\"ListItem\",\"position\":1,\"name\":\"Home\",\"item\":\"https:\/\/rosstylepro.com\/\"},{\"@type\":\"ListItem\",\"position\":2,\"name\":\"Sobre Nosotros\"}]},{\"@type\":\"WebSite\",\"@id\":\"https:\/\/rosstylepro.com\/en\/#website\",\"url\":\"https:\/\/rosstylepro.com\/en\/\",\"name\":\"RosstylePRO\",\"description\":\"\",\"potentialAction\":[{\"@type\":\"SearchAction\",\"target\":{\"@type\":\"EntryPoint\",\"urlTemplate\":\"https:\/\/rosstylepro.com\/en\/?s={search_term_string}\"},\"query-input\":\"required name=search_term_string\"}],\"inLanguage\":\"fr-FR\"}]}<\/script>\n<!-- \/ Yoast SEO plugin. -->","yoast_head_json":{"title":"Sobre Nosotros - RosstylePRO","robots":{"index":"index","follow":"follow","max-snippet":"max-snippet:-1","max-image-preview":"max-image-preview:large","max-video-preview":"max-video-preview:-1"},"canonical":"https:\/\/rosstylepro.com\/fr\/sobre-nosotros\/","og_locale":"fr_FR","og_type":"article","og_title":"Sobre Nosotros - RosstylePRO","og_description":"Bienvenidos a Rosstylepro, un espacio digital dise\u00f1ado para celebrar la curiosidad, explorar la innovaci\u00f3n y compartir experiencias \u00fanicas en el vasto mundo de la tecnolog\u00eda y el entretenimiento. Fundado por Kirito y New, junto con un equipo de m\u00e1s de 10 colaboradores dedicados, Rosstylepro surgi\u00f3 de la necesidad de expresi\u00f3n y de la pasi\u00f3n por [&hellip;]","og_url":"https:\/\/rosstylepro.com\/fr\/sobre-nosotros\/","og_site_name":"RosstylePRO","article_modified_time":"2025-01-17T16:25:36+00:00","twitter_card":"summary_large_image","twitter_misc":{"Est. reading time":"3 minutes"},"schema":{"@context":"https:\/\/schema.org","@graph":[{"@type":"WebPage","@id":"https:\/\/rosstylepro.com\/sobre-nosotros\/","url":"https:\/\/rosstylepro.com\/sobre-nosotros\/","name":"Sobre Nosotros - RosstylePRO","isPartOf":{"@id":"https:\/\/rosstylepro.com\/en\/#website"},"datePublished":"2024-05-02T15:36:23+00:00","dateModified":"2025-01-17T16:25:36+00:00","breadcrumb":{"@id":"https:\/\/rosstylepro.com\/sobre-nosotros\/#breadcrumb"},"inLanguage":"fr-FR","potentialAction":[{"@type":"ReadAction","target":["https:\/\/rosstylepro.com\/sobre-nosotros\/"]}]},{"@type":"BreadcrumbList","@id":"https:\/\/rosstylepro.com\/sobre-nosotros\/#breadcrumb","itemListElement":[{"@type":"ListItem","position":1,"name":"Home","item":"https:\/\/rosstylepro.com\/"},{"@type":"ListItem","position":2,"name":"Sobre Nosotros"}]},{"@type":"WebSite","@id":"https:\/\/rosstylepro.com\/en\/#website","url":"https:\/\/rosstylepro.com\/en\/","name":"RosstylePRO","description":"","potentialAction":[{"@type":"SearchAction","target":{"@type":"EntryPoint","urlTemplate":"https:\/\/rosstylepro.com\/en\/?s={search_term_string}"},"query-input":"required name=search_term_string"}],"inLanguage":"fr-FR"}]}},"_links":{"self":[{"href":"https:\/\/rosstylepro.com\/fr\/wp-json\/wp\/v2\/pages\/71"}],"collection":[{"href":"https:\/\/rosstylepro.com\/fr\/wp-json\/wp\/v2\/pages"}],"about":[{"href":"https:\/\/rosstylepro.com\/fr\/wp-json\/wp\/v2\/types\/page"}],"author":[{"embeddable":true,"href":"https:\/\/rosstylepro.com\/fr\/wp-json\/wp\/v2\/users\/38"}],"replies":[{"embeddable":true,"href":"https:\/\/rosstylepro.com\/fr\/wp-json\/wp\/v2\/comments?post=71"}],"version-history":[{"count":1,"href":"https:\/\/rosstylepro.com\/fr\/wp-json\/wp\/v2\/pages\/71\/revisions"}],"predecessor-version":[{"id":1564,"href":"https:\/\/rosstylepro.com\/fr\/wp-json\/wp\/v2\/pages\/71\/revisions\/1564"}],"wp:attachment":[{"href":"https:\/\/rosstylepro.com\/fr\/wp-json\/wp\/v2\/media?parent=71"}],"curies":[{"name":"wp","href":"https:\/\/api.w.org\/{rel}","templated":true}]}}