{"id":69,"date":"2024-05-02T12:20:15","date_gmt":"2024-05-02T15:20:15","guid":{"rendered":"https:\/\/rosstylepro.com\/?page_id=69"},"modified":"2025-01-17T16:25:36","modified_gmt":"2025-01-17T16:25:36","slug":"politica-de-cookies","status":"publish","type":"page","link":"https:\/\/rosstylepro.com\/hi\/politica-de-cookies\/","title":{"rendered":"\u0915\u0941\u0915\u0940\u091c\u093c \u0928\u0940\u0924\u093f"},"content":{"rendered":"<p>\u0930\u094b\u0938\u0938\u094d\u091f\u093e\u0907\u0932\u092a\u094d\u0930\u094b \u0905\u092a\u0928\u0940 \u0935\u0947\u092c\u0938\u093e\u0907\u091f rosstylepro.com \u092a\u0930 \u0915\u0941\u0915\u0940\u091c\u093c \u0915\u093e \u0909\u092a\u092f\u094b\u0917 \u0915\u0930\u0924\u093e \u0939\u0948\u0964 \u0939\u092e\u093e\u0930\u0940 \u0915\u0941\u0915\u0940 \u0928\u0940\u0924\u093f \u0915\u094b \u0938\u094d\u0935\u0940\u0915\u093e\u0930 \u0915\u0930\u0915\u0947, \u0906\u092a \u0907\u0938 \u0928\u0940\u0924\u093f \u0915\u0947 \u0905\u0928\u0941\u0938\u093e\u0930 \u0915\u0941\u0915\u0940\u091c\u093c \u0915\u0947 \u0909\u092a\u092f\u094b\u0917 \u0915\u0947 \u0932\u093f\u090f \u0938\u0939\u092e\u0924\u093f \u0926\u0947\u0924\u0947 \u0939\u0948\u0902\u0964 \u092f\u0926\u093f \u0906\u092a \u0915\u0941\u0915\u0940\u091c\u093c \u0915\u0947 \u0909\u092a\u092f\u094b\u0917 \u0938\u0947 \u0938\u0939\u092e\u0924 \u0928\u0939\u0940\u0902 \u0939\u0948\u0902, \u0924\u094b \u0939\u092e \u0905\u0928\u0941\u0936\u0902\u0938\u093e \u0915\u0930\u0924\u0947 \u0939\u0948\u0902 \u0915\u093f \u0906\u092a \u0905\u092a\u0928\u0940 \u092c\u094d\u0930\u093e\u0909\u091c\u093c\u0930 \u0938\u0947\u091f\u093f\u0902\u0917\u094d\u0938 \u0938\u092e\u093e\u092f\u094b\u091c\u093f\u0924 \u0915\u0930\u0947\u0902 \u092f\u093e \u0939\u092e\u093e\u0930\u0940 \u0935\u0947\u092c\u0938\u093e\u0907\u091f \u0915\u093e \u0909\u092a\u092f\u094b\u0917 \u092c\u0902\u0926 \u0915\u0930 \u0926\u0947\u0902\u0964<\/p>\n\n\n\n<h2 class=\"wp-block-heading\">\u0915\u0941\u0915\u0940\u091c\u093c \u0915\u094d\u092f\u093e \u0939\u0948\u0902?<\/h2>\n\n\n\n<p>\u0915\u0941\u0915\u0940\u091c\u093c \u091b\u094b\u091f\u0940 \u091f\u0947\u0915\u094d\u0938\u094d\u091f \u092b\u093c\u093e\u0907\u0932\u0947\u0902 \u0939\u094b\u0924\u0940 \u0939\u0948\u0902 \u091c\u094b \u0935\u0947\u092c\u0938\u093e\u0907\u091f \u0906\u092a\u0915\u0947 \u0926\u094d\u0935\u093e\u0930\u093e \u0935\u093f\u091c\u093c\u093f\u091f \u0915\u093f\u090f \u091c\u093e\u0928\u0947 \u092a\u0930 \u0906\u092a\u0915\u0947 \u0921\u093f\u0935\u093e\u0907\u0938 \u092a\u0930 \u0938\u0939\u0947\u091c \u0932\u0947\u0924\u0940 \u0939\u0948\u0902\u0964 \u0907\u0928 \u092b\u093c\u093e\u0907\u0932\u094b\u0902 \u092e\u0947\u0902 \u0910\u0938\u0940 \u091c\u093e\u0928\u0915\u093e\u0930\u0940 \u0939\u094b\u0924\u0940 \u0939\u0948 \u091c\u093f\u0938\u0947 \u0935\u0947\u092c\u0938\u093e\u0907\u091f \u0926\u094d\u0935\u093e\u0930\u093e \u0935\u093f\u092d\u093f\u0928\u094d\u0928 \u0909\u0926\u094d\u0926\u0947\u0936\u094d\u092f\u094b\u0902 \u0915\u0947 \u0932\u093f\u090f \u092a\u094d\u0930\u093e\u092a\u094d\u0924 \u0915\u093f\u092f\u093e \u091c\u093e \u0938\u0915\u0924\u093e \u0939\u0948, \u091c\u0948\u0938\u0947 \u0906\u092a\u0915\u0940 \u092d\u093e\u0937\u093e \u0935\u0930\u0940\u092f\u0924\u093e\u0913\u0902 \u0915\u094b \u092f\u093e\u0926 \u0930\u0916\u0928\u093e, \u0906\u092a\u0915\u0947 \u092c\u094d\u0930\u093e\u0909\u091c\u093c\u093f\u0902\u0917 \u0905\u0928\u0941\u092d\u0935 \u0915\u094b \u0905\u0928\u0941\u0915\u0942\u0932\u093f\u0924 \u0915\u0930\u0928\u093e \u0914\u0930 \u0938\u093e\u0907\u091f \u0909\u092a\u092f\u094b\u0917 \u0915\u0947 \u092c\u093e\u0930\u0947 \u092e\u0947\u0902 \u091c\u093e\u0928\u0915\u093e\u0930\u0940 \u090f\u0915\u0924\u094d\u0930 \u0915\u0930\u0928\u093e\u0964<\/p>\n\n\n\n<h2 class=\"wp-block-heading\">\u092a\u094d\u0930\u092f\u0941\u0915\u094d\u0924 \u0915\u0941\u0915\u0940\u091c\u093c \u0915\u0947 \u092a\u094d\u0930\u0915\u093e\u0930<\/h2>\n\n\n\n<h3 class=\"wp-block-heading\">\u0906\u0935\u0936\u094d\u092f\u0915 \u0915\u0941\u0915\u0940\u091c\u093c<\/h3>\n\n\n\n<p>\u092f\u0947 \u0915\u0941\u0915\u0940\u091c\u093c \u0935\u0947\u092c\u0938\u093e\u0907\u091f \u0915\u0947 \u0915\u093e\u0930\u094d\u092f \u0915\u0930\u0928\u0947 \u0915\u0947 \u0932\u093f\u090f \u0906\u0935\u0936\u094d\u092f\u0915 \u0939\u0948\u0902 \u0914\u0930 \u0907\u0928\u094d\u0939\u0947\u0902 \u0939\u092e\u093e\u0930\u0947 \u0938\u093f\u0938\u094d\u091f\u092e \u092e\u0947\u0902 \u0905\u0915\u094d\u0937\u092e \u0928\u0939\u0940\u0902 \u0915\u093f\u092f\u093e \u091c\u093e \u0938\u0915\u0924\u093e\u0964 \u0935\u0947 \u0906\u092e\u0924\u094c\u0930 \u092a\u0930 \u0915\u0947\u0935\u0932 \u0906\u092a\u0915\u0947 \u0926\u094d\u0935\u093e\u0930\u093e \u0915\u0940 \u0917\u0908 \u0909\u0928 \u0915\u093e\u0930\u094d\u0930\u0935\u093e\u0907\u092f\u094b\u0902 \u0915\u0947 \u091c\u0935\u093e\u092c \u092e\u0947\u0902 \u0938\u0947\u091f \u0915\u093f\u090f \u091c\u093e\u0924\u0947 \u0939\u0948\u0902 \u091c\u094b \u0938\u0947\u0935\u093e\u0913\u0902 \u0915\u0947 \u0932\u093f\u090f \u0905\u0928\u0941\u0930\u094b\u0927 \u0915\u0947 \u092c\u0930\u093e\u092c\u0930 \u0939\u094b\u0924\u0940 \u0939\u0948\u0902, \u091c\u0948\u0938\u0947 \u0906\u092a\u0915\u0940 \u0917\u094b\u092a\u0928\u0940\u092f\u0924\u093e \u092a\u094d\u0930\u093e\u0925\u092e\u093f\u0915\u0924\u093e\u090f\u0902 \u0938\u0947\u091f \u0915\u0930\u0928\u093e, \u0932\u0949\u0917 \u0907\u0928 \u0915\u0930\u0928\u093e \u092f\u093e \u092b\u0949\u0930\u094d\u092e \u092d\u0930\u0928\u093e\u0964<\/p>\n\n\n\n<h3 class=\"wp-block-heading\">\u092a\u094d\u0930\u0926\u0930\u094d\u0936\u0928 \u0915\u0941\u0915\u0940\u091c\u093c<\/h3>\n\n\n\n<p>\u092f\u0947 \u0915\u0941\u0915\u0940\u091c\u093c \u0939\u092e\u0947\u0902 \u092f\u0939 \u0938\u092e\u091d\u0928\u0947 \u092e\u0947\u0902 \u092e\u0926\u0926 \u0915\u0930\u0924\u0940 \u0939\u0948\u0902 \u0915\u093f \u0906\u0917\u0902\u0924\u0941\u0915 \u0939\u092e\u093e\u0930\u0940 \u0935\u0947\u092c\u0938\u093e\u0907\u091f \u0915\u0947 \u0938\u093e\u0925 \u0915\u093f\u0938 \u092a\u094d\u0930\u0915\u093e\u0930 \u0907\u0902\u091f\u0930\u0948\u0915\u094d\u091f \u0915\u0930\u0924\u0947 \u0939\u0948\u0902, \u0907\u0938\u0915\u0947 \u0932\u093f\u090f \u0935\u0947 \u0935\u093f\u091c\u093c\u093f\u091f \u0915\u093f\u090f \u0917\u090f \u0915\u094d\u0937\u0947\u0924\u094d\u0930\u094b\u0902, \u0938\u093e\u0907\u091f \u092a\u0930 \u092c\u093f\u0924\u093e\u090f \u0917\u090f \u0938\u092e\u092f \u0914\u0930 \u0938\u093e\u092e\u0928\u0947 \u0906\u0908 \u0938\u092e\u0938\u094d\u092f\u093e\u0913\u0902 (\u091c\u0948\u0938\u0947 \u0924\u094d\u0930\u0941\u091f\u093f \u0938\u0902\u0926\u0947\u0936) \u0915\u0947 \u092c\u093e\u0930\u0947 \u092e\u0947\u0902 \u091c\u093e\u0928\u0915\u093e\u0930\u0940 \u092a\u094d\u0930\u0926\u093e\u0928 \u0915\u0930\u0924\u0940 \u0939\u0948\u0902\u0964 \u0907\u0938\u0938\u0947 \u0939\u092e\u0947\u0902 \u0938\u093e\u0907\u091f \u0915\u093e \u092a\u094d\u0930\u0926\u0930\u094d\u0936\u0928 \u0938\u0941\u0927\u093e\u0930\u0928\u0947 \u0914\u0930 \u0906\u092a\u0915\u0947 \u0909\u092a\u092f\u094b\u0917\u0915\u0930\u094d\u0924\u093e \u0905\u0928\u0941\u092d\u0935 \u0915\u094b \u092c\u0947\u0939\u0924\u0930 \u092c\u0928\u093e\u0928\u0947 \u092e\u0947\u0902 \u092e\u0926\u0926 \u092e\u093f\u0932\u0924\u0940 \u0939\u0948\u0964<\/p>\n\n\n\n<h3 class=\"wp-block-heading\">\u0915\u093e\u0930\u094d\u092f\u093e\u0924\u094d\u092e\u0915 \u0915\u0941\u0915\u0940\u091c\u093c<\/h3>\n\n\n\n<p>\u092f\u0947 \u0915\u0941\u0915\u0940\u091c\u093c \u0935\u0947\u092c\u0938\u093e\u0907\u091f \u0915\u094b \u0906\u092a\u0915\u0947 \u0926\u094d\u0935\u093e\u0930\u093e \u091a\u0941\u0928\u0947 \u0917\u090f \u0935\u093f\u0915\u0932\u094d\u092a\u094b\u0902, \u091c\u0948\u0938\u0947 \u0915\u093f \u0906\u092a\u0915\u093e \u0909\u092a\u092f\u094b\u0917\u0915\u0930\u094d\u0924\u093e \u0928\u093e\u092e, \u092d\u093e\u0937\u093e \u092f\u093e \u0915\u094d\u0937\u0947\u0924\u094d\u0930, \u0915\u094b \u092f\u093e\u0926 \u0930\u0916\u0928\u0947 \u0914\u0930 \u0909\u0928\u094d\u0928\u0924, \u0905\u0927\u093f\u0915 \u0935\u0948\u092f\u0915\u094d\u0924\u093f\u0915\u0943\u0924 \u0938\u0941\u0935\u093f\u0927\u093e\u090f\u0902 \u092a\u094d\u0930\u0926\u093e\u0928 \u0915\u0930\u0928\u0947 \u0915\u0940 \u0905\u0928\u0941\u092e\u0924\u093f \u0926\u0947\u0924\u0940 \u0939\u0948\u0902\u0964 \u0907\u0928\u0915\u093e \u0909\u092a\u092f\u094b\u0917 \u0905\u0928\u0941\u0930\u094b\u0927\u093f\u0924 \u0938\u0947\u0935\u093e\u090f\u0902 \u092a\u094d\u0930\u0926\u093e\u0928 \u0915\u0930\u0928\u0947 \u0915\u0947 \u0932\u093f\u090f \u092d\u0940 \u0915\u093f\u092f\u093e \u091c\u093e \u0938\u0915\u0924\u093e \u0939\u0948, \u091c\u0948\u0938\u0947 \u0935\u0940\u0921\u093f\u092f\u094b \u0926\u0947\u0916\u0928\u093e \u092f\u093e \u092c\u094d\u0932\u0949\u0917 \u092a\u0930 \u091f\u093f\u092a\u094d\u092a\u0923\u0940 \u0915\u0930\u0928\u093e\u0964<\/p>\n\n\n\n<h3 class=\"wp-block-heading\">\u0935\u093f\u091c\u094d\u091e\u093e\u092a\u0928 \u0915\u0941\u0915\u0940\u091c\u093c<\/h3>\n\n\n\n<p>\u0907\u0928 \u0915\u0941\u0915\u0940\u091c\u093c \u0915\u093e \u0909\u092a\u092f\u094b\u0917 \u0906\u092a\u0915\u0947 \u0914\u0930 \u0906\u092a\u0915\u0940 \u0930\u0941\u091a\u093f\u092f\u094b\u0902 \u0915\u0947 \u0932\u093f\u090f \u0905\u0927\u093f\u0915 \u092a\u094d\u0930\u093e\u0938\u0902\u0917\u093f\u0915 \u0935\u093f\u091c\u094d\u091e\u093e\u092a\u0928 \u092a\u094d\u0930\u0926\u093e\u0928 \u0915\u0930\u0928\u0947 \u0915\u0947 \u0932\u093f\u090f \u0915\u093f\u092f\u093e \u091c\u093e\u0924\u093e \u0939\u0948\u0964 \u0907\u0928\u0915\u093e \u0909\u092a\u092f\u094b\u0917 \u0915\u093f\u0938\u0940 \u0935\u093f\u091c\u094d\u091e\u093e\u092a\u0928 \u0915\u094b \u0926\u0947\u0916\u0928\u0947 \u0915\u0940 \u0938\u0902\u0916\u094d\u092f\u093e \u0915\u094b \u0938\u0940\u092e\u093f\u0924 \u0915\u0930\u0928\u0947 \u0924\u0925\u093e \u0935\u093f\u091c\u094d\u091e\u093e\u092a\u0928 \u0905\u092d\u093f\u092f\u093e\u0928\u094b\u0902 \u0915\u0940 \u092a\u094d\u0930\u092d\u093e\u0935\u0936\u0940\u0932\u0924\u093e \u0915\u094b \u092e\u093e\u092a\u0928\u0947 \u092e\u0947\u0902 \u092d\u0940 \u0915\u093f\u092f\u093e \u091c\u093e\u0924\u093e \u0939\u0948\u0964<\/p>\n\n\n\n<h2 class=\"wp-block-heading\">\u0915\u0941\u0915\u0940 \u092a\u094d\u0930\u092c\u0902\u0927\u0928<\/h2>\n\n\n\n<p>\u091c\u092c \u0906\u092a \u092a\u0939\u0932\u0940 \u092c\u093e\u0930 \u0939\u092e\u093e\u0930\u0940 \u0935\u0947\u092c\u0938\u093e\u0907\u091f \u092a\u0930 \u092a\u0939\u0941\u0902\u091a\u0947\u0902\u0917\u0947, \u0924\u094b \u0906\u092a\u0915\u094b \u0915\u0941\u0915\u0940\u091c\u093c \u0915\u0947 \u0909\u092a\u092f\u094b\u0917 \u0915\u0947 \u092c\u093e\u0930\u0947 \u092e\u0947\u0902 \u0938\u0942\u091a\u093f\u0924 \u0915\u093f\u092f\u093e \u091c\u093e\u090f\u0917\u093e \u0914\u0930 \u0909\u0928\u0915\u0947 \u0909\u092a\u092f\u094b\u0917 \u0915\u0947 \u0932\u093f\u090f \u0938\u0939\u092e\u0924\u093f \u0926\u0947\u0928\u0947 \u0915\u093e \u0935\u093f\u0915\u0932\u094d\u092a \u0926\u093f\u092f\u093e \u091c\u093e\u090f\u0917\u093e\u0964 \u0906\u092a \u0905\u092a\u0928\u0940 \u092c\u094d\u0930\u093e\u0909\u091c\u093c\u0930 \u0938\u0947\u091f\u093f\u0902\u0917 \u092e\u0947\u0902 \u0915\u0941\u0915\u0940\u091c\u093c \u0915\u094b \u0928\u093f\u092f\u0902\u0924\u094d\u0930\u093f\u0924 \u0914\u0930 \u092a\u094d\u0930\u092c\u0902\u0927\u093f\u0924 \u092d\u0940 \u0915\u0930 \u0938\u0915\u0924\u0947 \u0939\u0948\u0902\u0964 \u0915\u0943\u092a\u092f\u093e \u0927\u094d\u092f\u093e\u0928 \u0926\u0947\u0902 \u0915\u093f \u0915\u0941\u091b \u092a\u094d\u0930\u0915\u093e\u0930 \u0915\u0940 \u0915\u0941\u0915\u0940\u091c\u093c \u0915\u094b \u0905\u0915\u094d\u0937\u092e \u0915\u0930\u0928\u0947 \u0938\u0947 \u0935\u0947\u092c\u0938\u093e\u0907\u091f \u0915\u0940 \u0915\u093e\u0930\u094d\u092f\u0915\u094d\u0937\u092e\u0924\u093e \u0914\u0930 \u0906\u092a\u0915\u0947 \u0909\u092a\u092f\u094b\u0917\u0915\u0930\u094d\u0924\u093e \u0905\u0928\u0941\u092d\u0935 \u092a\u0930 \u0905\u0938\u0930 \u092a\u0921\u093c \u0938\u0915\u0924\u093e \u0939\u0948\u0964<\/p>\n\n\n\n<h2 class=\"wp-block-heading\">\u0907\u0938 \u0928\u0940\u0924\u093f \u092e\u0947\u0902 \u092a\u0930\u093f\u0935\u0930\u094d\u0924\u0928<\/h2>\n\n\n\n<p>\u0939\u092e \u0905\u092a\u0928\u0940 \u0915\u0941\u0915\u0940 \u0909\u092a\u092f\u094b\u0917 \u092a\u094d\u0930\u0925\u093e\u0913\u0902 \u092e\u0947\u0902 \u092a\u0930\u093f\u0935\u0930\u094d\u0924\u0928\u094b\u0902 \u0915\u094b \u092a\u094d\u0930\u0924\u093f\u092c\u093f\u0902\u092c\u093f\u0924 \u0915\u0930\u0928\u0947 \u0915\u0947 \u0932\u093f\u090f \u0938\u092e\u092f-\u0938\u092e\u092f \u092a\u0930 \u0907\u0938 \u0915\u0941\u0915\u0940 \u0928\u0940\u0924\u093f \u0915\u094b \u0905\u092a\u0921\u0947\u091f \u0915\u0930 \u0938\u0915\u0924\u0947 \u0939\u0948\u0902\u0964 \u0939\u092e \u0905\u0928\u0941\u0936\u0902\u0938\u093e \u0915\u0930\u0924\u0947 \u0939\u0948\u0902 \u0915\u093f \u0906\u092a \u0915\u093f\u0938\u0940 \u092d\u0940 \u092a\u0930\u093f\u0935\u0930\u094d\u0924\u0928 \u0938\u0947 \u0905\u0935\u0917\u0924 \u0930\u0939\u0928\u0947 \u0915\u0947 \u0932\u093f\u090f \u0928\u093f\u092f\u092e\u093f\u0924 \u0930\u0942\u092a \u0938\u0947 \u0907\u0938 \u0928\u0940\u0924\u093f \u0915\u0940 \u0938\u092e\u0940\u0915\u094d\u0937\u093e \u0915\u0930\u0947\u0902\u0964<\/p>\n\n\n\n<p>\u0907\u0928 \u092a\u0930\u093f\u0935\u0930\u094d\u0924\u0928\u094b\u0902 \u0915\u0947 \u092c\u093e\u0926 \u0939\u092e\u093e\u0930\u0940 \u0935\u0947\u092c\u0938\u093e\u0907\u091f \u0915\u093e \u0909\u092a\u092f\u094b\u0917 \u091c\u093e\u0930\u0940 \u0930\u0916\u0924\u0947 \u0939\u0941\u090f, \u0906\u092a \u0938\u0902\u0936\u094b\u0927\u093f\u0924 \u0928\u0940\u0924\u093f \u0915\u0947 \u0905\u0928\u0941\u0938\u093e\u0930 \u0915\u0941\u0915\u0940\u091c\u093c \u0915\u0947 \u0909\u092a\u092f\u094b\u0917 \u0915\u0947 \u0932\u093f\u090f \u0938\u0939\u092e\u0924\u093f \u0926\u0947\u0924\u0947 \u0939\u0948\u0902\u0964<\/p>\n\n\n\n<h2 class=\"wp-block-heading\">\u0938\u0902\u092a\u0930\u094d\u0915<\/h2>\n\n\n\n<p>\u092f\u0926\u093f \u0906\u092a\u0915\u094b \u0939\u092e\u093e\u0930\u0940 \u0915\u0941\u0915\u0940 \u0928\u0940\u0924\u093f \u092f\u093e \u0939\u092e\u093e\u0930\u0940 \u0935\u0947\u092c\u0938\u093e\u0907\u091f \u092a\u0930 \u0915\u0941\u0915\u0940\u091c\u093c \u0915\u0947 \u0909\u092a\u092f\u094b\u0917 \u0915\u0947 \u092c\u093e\u0930\u0947 \u092e\u0947\u0902 \u0915\u094b\u0908 \u092a\u094d\u0930\u0936\u094d\u0928 \u0939\u094b\u0902, \u0924\u094b \u0915\u0943\u092a\u092f\u093e \u0939\u092e\u0947\u0902 \u0908\u092e\u0947\u0932 \u0915\u0947 \u092e\u093e\u0927\u094d\u092f\u092e \u0938\u0947 \u0938\u0902\u092a\u0930\u094d\u0915 \u0915\u0930\u0947\u0902:\u00a0<a>contacto@rosstylepro.com<\/a>.<\/p>","protected":false},"excerpt":{"rendered":"<p>\u0930\u094b\u0938\u0938\u094d\u091f\u093e\u0907\u0932\u092a\u094d\u0930\u094b \u0905\u092a\u0928\u0940 \u0935\u0947\u092c\u0938\u093e\u0907\u091f rosstylepro.com \u092a\u0930 \u0915\u0941\u0915\u0940\u091c\u093c \u0915\u093e \u0909\u092a\u092f\u094b\u0917 \u0915\u0930\u0924\u093e \u0939\u0948\u0964 \u0939\u092e\u093e\u0930\u0940 \u0915\u0941\u0915\u0940 \u0928\u0940\u0924\u093f \u0915\u094b \u0938\u094d\u0935\u0940\u0915\u093e\u0930 \u0915\u0930\u0915\u0947, \u0906\u092a \u0907\u0938 \u0928\u0940\u0924\u093f \u0915\u0947 \u0905\u0928\u0941\u0938\u093e\u0930 \u0915\u0941\u0915\u0940\u091c\u093c \u0915\u0947 \u0909\u092a\u092f\u094b\u0917 \u0915\u0947 \u0932\u093f\u090f \u0938\u0939\u092e\u0924\u093f \u0926\u0947\u0924\u0947 \u0939\u0948\u0902\u0964 \u092f\u0926\u093f \u0906\u092a \u0915\u0941\u0915\u0940\u091c\u093c \u0915\u0947 \u0909\u092a\u092f\u094b\u0917 \u0938\u0947 \u0938\u0939\u092e\u0924 \u0928\u0939\u0940\u0902 \u0939\u0948\u0902, \u0924\u094b \u0939\u092e \u0905\u0928\u0941\u0936\u0902\u0938\u093e \u0915\u0930\u0924\u0947 \u0939\u0948\u0902 \u0915\u093f \u0906\u092a \u0905\u092a\u0928\u0940 \u092c\u094d\u0930\u093e\u0909\u091c\u093c\u0930 \u0938\u0947\u091f\u093f\u0902\u0917 \u0938\u092e\u093e\u092f\u094b\u091c\u093f\u0924 \u0915\u0930\u0947\u0902 \u092f\u093e \u0939\u092e\u093e\u0930\u0940 \u0935\u0947\u092c\u0938\u093e\u0907\u091f \u0915\u093e \u0909\u092a\u092f\u094b\u0917 \u0915\u0930\u0928\u093e \u092c\u0902\u0926 \u0915\u0930 \u0926\u0947\u0902\u0964 \u0915\u094d\u092f\u093e \u0939\u0948\u0902 [\u2026]<\/p>","protected":false},"author":38,"featured_media":0,"parent":0,"menu_order":0,"comment_status":"closed","ping_status":"closed","template":"page-nosidebar.php","meta":{"footnotes":""},"yoast_head":"<!-- This site is optimized with the Yoast SEO plugin v23.3 - https:\/\/yoast.com\/wordpress\/plugins\/seo\/ -->\n<title>Pol\u00edtica de Cookies<\/title>\n<meta name=\"description\" content=\"Pol\u00edtica de Cookies, Rosstylepro utiliza cookies en su sitio web rosstylepro.com. Al aceptar nuestra Pol\u00edtica de Cookies, usted acepta el ...\" \/>\n<meta name=\"robots\" content=\"index, follow, max-snippet:-1, max-image-preview:large, max-video-preview:-1\" \/>\n<link rel=\"canonical\" href=\"https:\/\/rosstylepro.com\/hi\/politica-de-cookies\/\" \/>\n<meta property=\"og:locale\" content=\"hi_IN\" \/>\n<meta property=\"og:type\" content=\"article\" \/>\n<meta property=\"og:title\" content=\"Pol\u00edtica de Cookies\" \/>\n<meta property=\"og:description\" content=\"Pol\u00edtica de Cookies, Rosstylepro utiliza cookies en su sitio web rosstylepro.com. Al aceptar nuestra Pol\u00edtica de Cookies, usted acepta el ...\" \/>\n<meta property=\"og:url\" content=\"https:\/\/rosstylepro.com\/hi\/politica-de-cookies\/\" \/>\n<meta property=\"og:site_name\" content=\"RosstylePRO\" \/>\n<meta property=\"article:modified_time\" content=\"2025-01-17T16:25:36+00:00\" \/>\n<meta name=\"twitter:card\" content=\"summary_large_image\" \/>\n<meta name=\"twitter:label1\" content=\"Est. reading time\" \/>\n\t<meta name=\"twitter:data1\" content=\"3 \u092e\u093f\u0928\u091f\" \/>\n<script type=\"application\/ld+json\" class=\"yoast-schema-graph\">{\"@context\":\"https:\/\/schema.org\",\"@graph\":[{\"@type\":\"WebPage\",\"@id\":\"https:\/\/rosstylepro.com\/politica-de-cookies\/\",\"url\":\"https:\/\/rosstylepro.com\/politica-de-cookies\/\",\"name\":\"Pol\u00edtica de Cookies\",\"isPartOf\":{\"@id\":\"https:\/\/rosstylepro.com\/en\/#website\"},\"datePublished\":\"2024-05-02T15:20:15+00:00\",\"dateModified\":\"2025-01-17T16:25:36+00:00\",\"description\":\"Pol\u00edtica de Cookies, Rosstylepro utiliza cookies en su sitio web rosstylepro.com. Al aceptar nuestra Pol\u00edtica de Cookies, usted acepta el ...\",\"breadcrumb\":{\"@id\":\"https:\/\/rosstylepro.com\/politica-de-cookies\/#breadcrumb\"},\"inLanguage\":\"hi-IN\",\"potentialAction\":[{\"@type\":\"ReadAction\",\"target\":[\"https:\/\/rosstylepro.com\/politica-de-cookies\/\"]}]},{\"@type\":\"BreadcrumbList\",\"@id\":\"https:\/\/rosstylepro.com\/politica-de-cookies\/#breadcrumb\",\"itemListElement\":[{\"@type\":\"ListItem\",\"position\":1,\"name\":\"Home\",\"item\":\"https:\/\/rosstylepro.com\/\"},{\"@type\":\"ListItem\",\"position\":2,\"name\":\"Pol\u00edtica de Cookies\"}]},{\"@type\":\"WebSite\",\"@id\":\"https:\/\/rosstylepro.com\/en\/#website\",\"url\":\"https:\/\/rosstylepro.com\/en\/\",\"name\":\"RosstylePRO\",\"description\":\"\",\"potentialAction\":[{\"@type\":\"SearchAction\",\"target\":{\"@type\":\"EntryPoint\",\"urlTemplate\":\"https:\/\/rosstylepro.com\/en\/?s={search_term_string}\"},\"query-input\":\"required name=search_term_string\"}],\"inLanguage\":\"hi-IN\"}]}<\/script>\n<!-- \/ Yoast SEO plugin. -->","yoast_head_json":{"title":"Pol\u00edtica de Cookies","description":"Pol\u00edtica de Cookies, Rosstylepro utiliza cookies en su sitio web rosstylepro.com. Al aceptar nuestra Pol\u00edtica de Cookies, usted acepta el ...","robots":{"index":"index","follow":"follow","max-snippet":"max-snippet:-1","max-image-preview":"max-image-preview:large","max-video-preview":"max-video-preview:-1"},"canonical":"https:\/\/rosstylepro.com\/hi\/politica-de-cookies\/","og_locale":"hi_IN","og_type":"article","og_title":"Pol\u00edtica de Cookies","og_description":"Pol\u00edtica de Cookies, Rosstylepro utiliza cookies en su sitio web rosstylepro.com. Al aceptar nuestra Pol\u00edtica de Cookies, usted acepta el ...","og_url":"https:\/\/rosstylepro.com\/hi\/politica-de-cookies\/","og_site_name":"RosstylePRO","article_modified_time":"2025-01-17T16:25:36+00:00","twitter_card":"summary_large_image","twitter_misc":{"Est. reading time":"3 \u092e\u093f\u0928\u091f"},"schema":{"@context":"https:\/\/schema.org","@graph":[{"@type":"WebPage","@id":"https:\/\/rosstylepro.com\/politica-de-cookies\/","url":"https:\/\/rosstylepro.com\/politica-de-cookies\/","name":"Pol\u00edtica de Cookies","isPartOf":{"@id":"https:\/\/rosstylepro.com\/en\/#website"},"datePublished":"2024-05-02T15:20:15+00:00","dateModified":"2025-01-17T16:25:36+00:00","description":"Pol\u00edtica de Cookies, Rosstylepro utiliza cookies en su sitio web rosstylepro.com. Al aceptar nuestra Pol\u00edtica de Cookies, usted acepta el ...","breadcrumb":{"@id":"https:\/\/rosstylepro.com\/politica-de-cookies\/#breadcrumb"},"inLanguage":"hi-IN","potentialAction":[{"@type":"ReadAction","target":["https:\/\/rosstylepro.com\/politica-de-cookies\/"]}]},{"@type":"BreadcrumbList","@id":"https:\/\/rosstylepro.com\/politica-de-cookies\/#breadcrumb","itemListElement":[{"@type":"ListItem","position":1,"name":"Home","item":"https:\/\/rosstylepro.com\/"},{"@type":"ListItem","position":2,"name":"Pol\u00edtica de Cookies"}]},{"@type":"WebSite","@id":"https:\/\/rosstylepro.com\/en\/#website","url":"https:\/\/rosstylepro.com\/en\/","name":"RosstylePRO","description":"","potentialAction":[{"@type":"SearchAction","target":{"@type":"EntryPoint","urlTemplate":"https:\/\/rosstylepro.com\/en\/?s={search_term_string}"},"query-input":"required name=search_term_string"}],"inLanguage":"hi-IN"}]}},"_links":{"self":[{"href":"https:\/\/rosstylepro.com\/hi\/wp-json\/wp\/v2\/pages\/69"}],"collection":[{"href":"https:\/\/rosstylepro.com\/hi\/wp-json\/wp\/v2\/pages"}],"about":[{"href":"https:\/\/rosstylepro.com\/hi\/wp-json\/wp\/v2\/types\/page"}],"author":[{"embeddable":true,"href":"https:\/\/rosstylepro.com\/hi\/wp-json\/wp\/v2\/users\/38"}],"replies":[{"embeddable":true,"href":"https:\/\/rosstylepro.com\/hi\/wp-json\/wp\/v2\/comments?post=69"}],"version-history":[{"count":1,"href":"https:\/\/rosstylepro.com\/hi\/wp-json\/wp\/v2\/pages\/69\/revisions"}],"predecessor-version":[{"id":1562,"href":"https:\/\/rosstylepro.com\/hi\/wp-json\/wp\/v2\/pages\/69\/revisions\/1562"}],"wp:attachment":[{"href":"https:\/\/rosstylepro.com\/hi\/wp-json\/wp\/v2\/media?parent=69"}],"curies":[{"name":"wp","href":"https:\/\/api.w.org\/{rel}","templated":true}]}}