{"id":71,"date":"2024-05-02T12:36:23","date_gmt":"2024-05-02T15:36:23","guid":{"rendered":"https:\/\/rosstylepro.com\/?page_id=71"},"modified":"2025-01-17T16:25:36","modified_gmt":"2025-01-17T16:25:36","slug":"sobre-nosotros","status":"publish","type":"page","link":"https:\/\/rosstylepro.com\/hi\/sobre-nosotros\/","title":{"rendered":"\u0939\u092e\u093e\u0930\u0947 \u092c\u093e\u0930\u0947 \u092e\u0947\u0902"},"content":{"rendered":"<p><br>\u0930\u094b\u0938\u0938\u094d\u091f\u093e\u0907\u0932\u092a\u094d\u0930\u094b \u092e\u0947\u0902 \u0906\u092a\u0915\u093e \u0938\u094d\u0935\u093e\u0917\u0924 \u0939\u0948, \u092f\u0939 \u090f\u0915 \u0921\u093f\u091c\u093f\u091f\u0932 \u0938\u094d\u092a\u0947\u0938 \u0939\u0948 \u091c\u093f\u0938\u0947 \u091c\u093f\u091c\u094d\u091e\u093e\u0938\u093e \u0915\u093e \u091c\u0936\u094d\u0928 \u092e\u0928\u093e\u0928\u0947, \u0928\u0935\u093e\u091a\u093e\u0930 \u0915\u0940 \u0916\u094b\u091c \u0915\u0930\u0928\u0947 \u0914\u0930 \u092a\u094d\u0930\u094c\u0926\u094d\u092f\u094b\u0917\u093f\u0915\u0940 \u0914\u0930 \u092e\u0928\u094b\u0930\u0902\u091c\u0928 \u0915\u0940 \u0935\u093f\u0936\u093e\u0932 \u0926\u0941\u0928\u093f\u092f\u093e \u092e\u0947\u0902 \u0905\u0926\u094d\u0935\u093f\u0924\u0940\u092f \u0905\u0928\u0941\u092d\u0935\u094b\u0902 \u0915\u094b \u0938\u093e\u091d\u093e \u0915\u0930\u0928\u0947 \u0915\u0947 \u0932\u093f\u090f \u0921\u093f\u091c\u093c\u093e\u0907\u0928 \u0915\u093f\u092f\u093e \u0917\u092f\u093e \u0939\u0948\u0964 \u0915\u093f\u0930\u0940\u091f\u094b \u0914\u0930 \u0928\u094d\u092f\u0942 \u0926\u094d\u0935\u093e\u0930\u093e 10 \u0938\u0947 \u0905\u0927\u093f\u0915 \u0938\u092e\u0930\u094d\u092a\u093f\u0924 \u0938\u0939\u092f\u094b\u0917\u093f\u092f\u094b\u0902 \u0915\u0940 \u090f\u0915 \u091f\u0940\u092e \u0915\u0947 \u0938\u093e\u0925 \u0938\u094d\u0925\u093e\u092a\u093f\u0924, \u0930\u094b\u0938\u0938\u094d\u091f\u093e\u0907\u0932\u092a\u094d\u0930\u094b \u0905\u092d\u093f\u0935\u094d\u092f\u0915\u094d\u0924\u093f \u0915\u0940 \u0906\u0935\u0936\u094d\u092f\u0915\u0924\u093e \u0914\u0930 \u092a\u094d\u0930\u094c\u0926\u094d\u092f\u094b\u0917\u093f\u0915\u0940 \u0914\u0930 \u0907\u092e\u0930\u094d\u0938\u093f\u0935 \u0938\u094d\u091f\u094b\u0930\u0940\u091f\u0947\u0932\u093f\u0902\u0917 \u0915\u0947 \u091a\u094c\u0930\u093e\u0939\u0947 \u092a\u0930 \u0928\u090f \u0915\u094d\u0937\u093f\u0924\u093f\u091c \u0915\u0940 \u0916\u094b\u091c \u0915\u0947 \u091c\u0941\u0928\u0942\u0928 \u0938\u0947 \u0909\u092d\u0930\u093e \u0939\u0948\u0964<\/p>\n\n\n\n<h3 class=\"wp-block-heading\">\u0939\u092e\u093e\u0930\u093e \u0907\u0924\u093f\u0939\u093e\u0938 \u0914\u0930 \u0909\u0926\u094d\u0926\u0947\u0936\u094d\u092f<\/h3>\n\n\n\n<p>\u092f\u0939 \u0938\u092c \u090f\u0915 \u0910\u0938\u0947 \u092e\u0902\u091a \u0915\u094b \u092a\u094d\u0930\u0926\u093e\u0928 \u0915\u0930\u0928\u0947 \u0915\u0947 \u0938\u0930\u0932 \u0935\u093f\u091a\u093e\u0930 \u0938\u0947 \u0936\u0941\u0930\u0942 \u0939\u0941\u0906 \u091c\u0939\u093e\u0901 \u091c\u093f\u091c\u094d\u091e\u093e\u0938\u093e \u092a\u0928\u092a \u0938\u0915\u0947\u0964 \u0938\u092e\u092f \u0915\u0947 \u0938\u093e\u0925, \u0939\u092e\u0928\u0947 \u092e\u0939\u0938\u0942\u0938 \u0915\u093f\u092f\u093e \u0915\u093f \u092f\u0939 \u0915\u0947\u0935\u0932 \u0910\u092a \u092f\u093e \u0924\u0915\u0928\u0940\u0915 \u0926\u093f\u0916\u093e\u0928\u0947 \u0915\u0947 \u092c\u093e\u0930\u0947 \u092e\u0947\u0902 \u0928\u0939\u0940\u0902 \u0925\u093e, \u092c\u0932\u094d\u0915\u093f \u0910\u0938\u0940 \u0907\u092e\u0930\u094d\u0938\u093f\u0935 \u0915\u0939\u093e\u0928\u093f\u092f\u093e\u0901 \u092c\u0924\u093e\u0928\u0947 \u0915\u0947 \u092c\u093e\u0930\u0947 \u092e\u0947\u0902 \u0925\u093e \u091c\u094b \u0939\u092e\u093e\u0930\u0947 \u092a\u093e\u0920\u0915\u094b\u0902 \u0915\u094b \u092a\u094d\u0930\u0947\u0930\u093f\u0924 \u0915\u0930\u0947\u0902\u0917\u0940\u0964 \u0907\u0938 \u092a\u094d\u0930\u0915\u093e\u0930, \u0939\u092e\u093e\u0930\u093e \u092e\u093f\u0936\u0928 \u092c\u0928\u093e: \u0915\u0939\u093e\u0928\u093f\u092f\u093e\u0901 \u092c\u0924\u093e\u0928\u093e, \u0928\u0935\u093e\u091a\u093e\u0930\u094b\u0902 \u0915\u093e \u092a\u094d\u0930\u0926\u0930\u094d\u0936\u0928 \u0915\u0930\u0928\u093e \u0914\u0930 \u090f\u0915 \u091c\u0940\u0935\u0902\u0924 \u0914\u0930 \u0932\u0917\u0947 \u0939\u0941\u090f \u0938\u092e\u0941\u0926\u093e\u092f \u0915\u0947 \u0938\u093e\u0925 \u0938\u093e\u0930\u094d\u0925\u0915 \u0905\u0928\u0941\u092d\u0935 \u0938\u093e\u091d\u093e \u0915\u0930\u0928\u093e\u0964<\/p>\n\n\n\n<h3 class=\"wp-block-heading\">\u0930\u094b\u0938\u0938\u094d\u091f\u093e\u0907\u0932\u092a\u094d\u0930\u094b \u0915\u0940 \u0906\u0924\u094d\u092e\u093e: \u0939\u092e\u093e\u0930\u093e \u0938\u092e\u0941\u0926\u093e\u092f<\/h3>\n\n\n\n<p>\u0939\u092e \u092e\u093e\u0928\u0924\u0947 \u0939\u0948\u0902 \u0915\u093f \u0939\u092e\u093e\u0930\u0947 \u0938\u092e\u0941\u0926\u093e\u092f \u0915\u0947 \u092c\u093f\u0928\u093e \u0930\u094b\u0938\u0938\u094d\u091f\u093e\u0907\u0932\u092a\u094d\u0930\u094b \u0935\u0939 \u0928\u0939\u0940\u0902 \u0939\u094b\u0924\u093e \u091c\u094b \u0935\u0939 \u0939\u0948\u0964 \u0939\u092e \u092a\u094d\u0930\u0924\u094d\u092f\u0947\u0915 \u0938\u0926\u0938\u094d\u092f \u0915\u094b \u092e\u0939\u0924\u094d\u0935 \u0926\u0947\u0924\u0947 \u0939\u0948\u0902 \u0914\u0930 \u090f\u0915 \u0938\u092e\u093e\u0935\u0947\u0936\u0940 \u0914\u0930 \u0938\u0939\u092f\u094b\u0917\u0940 \u0935\u093e\u0924\u093e\u0935\u0930\u0923 \u092c\u0928\u093e\u0928\u0947 \u0915\u093e \u092a\u094d\u0930\u092f\u093e\u0938 \u0915\u0930\u0924\u0947 \u0939\u0948\u0902 \u091c\u0939\u093e\u0901 \u0939\u0930 \u0915\u094b\u0908 \u0935\u093f\u091a\u093e\u0930, \u0930\u093e\u092f \u0914\u0930 \u0916\u094b\u091c\u094b\u0902 \u0915\u094b \u0938\u093e\u091d\u093e \u0915\u0930 \u0938\u0915\u0947\u0964 \u0939\u092e\u093e\u0930\u0947 \u0938\u092e\u0941\u0926\u093e\u092f \u0915\u0947 \u0938\u093e\u0925 \u0928\u093f\u0930\u0902\u0924\u0930 \u092c\u093e\u0924\u091a\u0940\u0924 \u0939\u092e\u0947\u0902 \u0939\u092e\u093e\u0930\u0947 \u0926\u094d\u0935\u093e\u0930\u093e \u092a\u0947\u0936 \u0915\u0940 \u091c\u093e\u0928\u0947 \u0935\u093e\u0932\u0940 \u0938\u093e\u092e\u0917\u094d\u0930\u0940 \u0915\u0940 \u092a\u094d\u0930\u093e\u0938\u0902\u0917\u093f\u0915\u0924\u093e \u0914\u0930 \u0917\u0941\u0923\u0935\u0924\u094d\u0924\u093e \u092c\u0928\u093e\u090f \u0930\u0916\u0928\u0947 \u092e\u0947\u0902 \u092e\u0926\u0926 \u0915\u0930\u0924\u0940 \u0939\u0948\u0964<\/p>\n\n\n\n<h3 class=\"wp-block-heading\">\u0928\u090f \u0915\u094d\u0937\u093f\u0924\u093f\u091c \u0915\u0940 \u0916\u094b\u091c: \u092a\u094d\u0930\u094c\u0926\u094d\u092f\u094b\u0917\u093f\u0915\u0940 \u0914\u0930 \u092e\u0928\u094b\u0930\u0902\u091c\u0928<\/h3>\n\n\n\n<p>\u091c\u0948\u0938\u0947-\u091c\u0948\u0938\u0947 \u0930\u094b\u0938\u0938\u094d\u091f\u093e\u0907\u0932\u092a\u094d\u0930\u094b \u0906\u0917\u0947 \u092c\u0922\u093c\u0924\u093e \u0939\u0948, \u0939\u092e \u092a\u094d\u0930\u094c\u0926\u094d\u092f\u094b\u0917\u093f\u0915\u0940 \u0914\u0930 \u092e\u0928\u094b\u0930\u0902\u091c\u0928 \u0909\u0926\u094d\u092f\u094b\u0917 \u0915\u094b \u0938\u0915\u093e\u0930\u093e\u0924\u094d\u092e\u0915 \u0930\u0942\u092a \u0938\u0947 \u092a\u094d\u0930\u092d\u093e\u0935\u093f\u0924 \u0915\u0930\u0928\u093e \u091a\u093e\u0939\u0924\u0947 \u0939\u0948\u0902\u0964 \u0939\u092e \u0932\u0917\u093e\u0924\u093e\u0930 \u0905\u092d\u093f\u0928\u0935 \u0914\u0930 \u092a\u094d\u0930\u0947\u0930\u0915 \u0938\u093e\u092e\u0917\u094d\u0930\u0940 \u092a\u0947\u0936 \u0915\u0930\u0928\u0947 \u0915\u0947 \u0928\u090f \u0924\u0930\u0940\u0915\u094b\u0902 \u0915\u0940 \u0924\u0932\u093e\u0936 \u0915\u0930 \u0930\u0939\u0947 \u0939\u0948\u0902, \u0938\u093e\u0925 \u0939\u0940 \u0932\u094b\u0917\u094b\u0902 \u0915\u0947 \u091c\u0940\u0935\u0928 \u0915\u094b \u092c\u0947\u0939\u0924\u0930 \u092c\u0928\u093e\u0928\u0947 \u0935\u093e\u0932\u0947 \u0910\u092a\u094d\u0938 \u0914\u0930 \u092a\u094d\u0930\u094c\u0926\u094d\u092f\u094b\u0917\u093f\u0915\u093f\u092f\u094b\u0902 \u0915\u0947 \u0935\u093f\u0915\u093e\u0938 \u0915\u094b \u092c\u0922\u093c\u093e\u0935\u093e \u0926\u0947 \u0930\u0939\u0947 \u0939\u0948\u0902\u0964<\/p>\n\n\n\n<h3 class=\"wp-block-heading\">\u0917\u0941\u0923\u0935\u0924\u094d\u0924\u093e \u0915\u0947 \u092a\u094d\u0930\u0924\u093f \u0939\u092e\u093e\u0930\u0940 \u092a\u094d\u0930\u0924\u093f\u092c\u0926\u094d\u0927\u0924\u093e<\/h3>\n\n\n\n<p>\u0930\u094b\u0938\u0938\u094d\u091f\u093e\u0907\u0932\u092a\u094d\u0930\u094b \u092e\u0947\u0902 \u0917\u0941\u0923\u0935\u0924\u094d\u0924\u093e \u0938\u0930\u094d\u0935\u094b\u092a\u0930\u093f \u0939\u0948\u0964 \u0939\u092e\u093e\u0930\u0940 \u0938\u093e\u092e\u0917\u094d\u0930\u0940 \u092e\u0947\u0902 \u0909\u0924\u094d\u0915\u0943\u0937\u094d\u091f\u0924\u093e \u0938\u0941\u0928\u093f\u0936\u094d\u091a\u093f\u0924 \u0915\u0930\u0928\u0947 \u0915\u0947 \u0932\u093f\u090f, \u0939\u092e\u093e\u0930\u0947 \u092a\u093e\u0938 \u0938\u092e\u0930\u094d\u092a\u093f\u0924 \u0914\u0930 \u0905\u0928\u0941\u092d\u0935\u0940 \u092f\u094b\u0917\u0926\u093e\u0928\u0915\u0930\u094d\u0924\u093e\u0913\u0902 \u0915\u0940 \u090f\u0915 \u091f\u0940\u092e \u0939\u0948\u0964 \u0939\u092e \u0917\u0939\u0928 \u0936\u094b\u0927 \u0915\u0930\u0924\u0947 \u0939\u0948\u0902 \u0914\u0930 \u0915\u0947\u0935\u0932 \u0935\u0939\u0940 \u0938\u093e\u092e\u0917\u094d\u0930\u0940 \u0926\u093f\u0916\u093e\u0924\u0947 \u0939\u0948\u0902 \u091c\u093f\u0938\u0915\u093e \u0939\u092e \u0935\u093e\u0938\u094d\u0924\u0935 \u092e\u0947\u0902 \u0909\u092a\u092f\u094b\u0917 \u0915\u0930\u0924\u0947 \u0939\u0948\u0902 \u0914\u0930 \u092e\u093e\u0928\u0924\u0947 \u0939\u0948\u0902 \u0915\u093f \u0935\u0939 \u0939\u092e\u093e\u0930\u0947 \u0938\u092e\u0941\u0926\u093e\u092f \u0915\u0947 \u0932\u093f\u090f \u092a\u094d\u0930\u093e\u0938\u0902\u0917\u093f\u0915 \u0914\u0930 \u0909\u092a\u092f\u094b\u0917\u0940 \u0939\u0948\u0964<\/p>\n\n\n\n<h3 class=\"wp-block-heading\">\u0930\u094b\u0938\u094d\u091f\u093e\u0907\u0932\u092a\u094d\u0930\u094b \u092a\u0930 \u0906\u092a\u0915\u094b \u0915\u094d\u092f\u093e \u092e\u093f\u0932\u0947\u0917\u093e<\/h3>\n\n\n\n<p>\u0939\u092e\u093e\u0930\u0940 \u0938\u093e\u0907\u091f \u092a\u0930, \u0939\u092e \u0938\u092d\u0940 \u0930\u0941\u091a\u093f\u092f\u094b\u0902 \u0915\u0947 \u0932\u093f\u090f \u0938\u093e\u092e\u0917\u094d\u0930\u0940 \u0915\u0940 \u090f\u0915 \u0935\u093f\u0938\u094d\u0924\u0943\u0924 \u0936\u094d\u0930\u0943\u0902\u0916\u0932\u093e \u092a\u094d\u0930\u0926\u093e\u0928 \u0915\u0930\u0924\u0947 \u0939\u0948\u0902\u0964 \u0917\u0939\u0928 \u0910\u092a \u0938\u092e\u0940\u0915\u094d\u0937\u093e\u0913\u0902 \u0938\u0947 \u0932\u0947\u0915\u0930 \u0924\u0915\u0928\u0940\u0915\u0940 \u091f\u094d\u0930\u093f\u0935\u093f\u092f\u093e \u0924\u0915, \u0939\u092e\u093e\u0930\u093e \u0932\u0915\u094d\u0937\u094d\u092f \u090f\u0915 \u0935\u094d\u092f\u093e\u092a\u0915 \u0905\u0928\u0941\u092d\u0935 \u092a\u094d\u0930\u0926\u093e\u0928 \u0915\u0930\u0928\u093e \u0939\u0948 \u091c\u094b \u0938\u0930\u0932 \u0924\u0915\u0928\u0940\u0915\u0940 \u091c\u093e\u0928\u0915\u093e\u0930\u0940 \u0938\u0947 \u092a\u0930\u0947 \u0939\u0948\u0964 \u092a\u094d\u0930\u0924\u094d\u092f\u0947\u0915 \u0932\u0947\u0916 \u092f\u093e \u0938\u092e\u0940\u0915\u094d\u0937\u093e \u092a\u0922\u093c\u0928\u0947 \u0915\u0947 \u0905\u0928\u0941\u092d\u0935 \u0915\u094b \u0914\u0930 \u092d\u0940 \u0905\u0927\u093f\u0915 \u0906\u0915\u0930\u094d\u0937\u0915 \u092c\u0928\u093e\u0928\u0947 \u0915\u0947 \u0932\u093f\u090f \u0907\u092e\u0930\u094d\u0938\u093f\u0935 \u0915\u0925\u093e \u0915\u0947 \u0938\u093e\u0925 \u0939\u094b\u0924\u0940 \u0939\u0948\u0964<\/p>\n\n\n\n<h3 class=\"wp-block-heading\">\u092e\u0928\u094b\u0930\u0902\u091c\u0928 \u0914\u0930 \u091c\u094d\u091e\u093e\u0928 \u090f\u0915 \u0939\u0940 \u0938\u094d\u0925\u093e\u0928 \u092a\u0930<\/h3>\n\n\n\n<p>\u0939\u092e\u093e\u0930\u093e \u092e\u093e\u0928\u0928\u093e \u0939\u0948 \u0915\u093f \u0930\u094b\u0938\u0938\u094d\u091f\u093e\u0907\u0932\u092a\u094d\u0930\u094b \u092e\u0947\u0902 \u092e\u0928\u094b\u0930\u0902\u091c\u0928 \u0914\u0930 \u091c\u094d\u091e\u093e\u0928 \u090f\u0915 \u0938\u093e\u0925 \u091a\u0932 \u0938\u0915\u0924\u0947 \u0939\u0948\u0902\u0964 \u0907\u0938\u0932\u093f\u090f, \u0924\u0915\u0928\u0940\u0915\u0940 \u0935\u093f\u0936\u094d\u0932\u0947\u0937\u0923 \u0914\u0930 \u0938\u0942\u091a\u0928\u093e \u0915\u0947 \u0905\u0932\u093e\u0935\u093e, \u0939\u092e \u092e\u0928\u094b\u0930\u0902\u091c\u0928 \u0914\u0930 \u092a\u094d\u0930\u094c\u0926\u094d\u092f\u094b\u0917\u093f\u0915\u0940 \u0915\u0947 \u092e\u093e\u0928\u0935\u0940\u092f \u092a\u0915\u094d\u0937 \u092a\u0930 \u0915\u0947\u0902\u0926\u094d\u0930\u093f\u0924 \u0938\u093e\u092e\u0917\u094d\u0930\u0940 \u092d\u0940 \u092a\u094d\u0930\u0926\u093e\u0928 \u0915\u0930\u0924\u0947 \u0939\u0948\u0902\u0964 \u0939\u092e \u0905\u092a\u0928\u0947 \u092a\u093e\u0920\u0915\u094b\u0902 \u0915\u094b \u0939\u0930 \u0938\u0902\u092d\u0935 \u0924\u0930\u0940\u0915\u0947 \u0938\u0947 \u092a\u094d\u0930\u0947\u0930\u093f\u0924, \u0938\u0942\u091a\u093f\u0924 \u0914\u0930 \u092e\u0928\u094b\u0930\u0902\u091c\u0928 \u0915\u0930\u0928\u093e \u091a\u093e\u0939\u0924\u0947 \u0939\u0948\u0902\u0964<\/p>\n\n\n\n<h3 class=\"wp-block-heading\">\u0930\u094b\u0938\u0938\u094d\u091f\u093e\u0907\u0932\u092a\u094d\u0930\u094b \u0915\u093e \u092d\u0935\u093f\u0937\u094d\u092f<\/h3>\n\n\n\n<p>\u0930\u094b\u0938\u0938\u094d\u091f\u093e\u0907\u0932\u092a\u094d\u0930\u094b \u0915\u093e \u092d\u0935\u093f\u0937\u094d\u092f \u0930\u094b\u092e\u093e\u0902\u091a\u0915 \u0914\u0930 \u0938\u0902\u092d\u093e\u0935\u0928\u093e\u0913\u0902 \u0938\u0947 \u092d\u0930\u093e \u0939\u0948\u0964 \u0939\u092e \u0939\u092e\u0947\u0936\u093e \u0928\u090f \u0924\u0930\u0940\u0915\u0947 \u0916\u094b\u091c\u0924\u0947 \u0930\u0939\u0924\u0947 \u0939\u0948\u0902 \u0924\u093e\u0915\u093f \u0939\u092e \u0905\u092a\u0928\u0947 \u0938\u092e\u0941\u0926\u093e\u092f \u0915\u0947 \u0932\u093f\u090f \u0914\u0930 \u092d\u0940 \u092c\u0947\u0939\u0924\u0930 \u0905\u0928\u0941\u092d\u0935 \u092a\u094d\u0930\u0926\u093e\u0928 \u0915\u0930 \u0938\u0915\u0947\u0902\u0964 \u0939\u092e \u0905\u092a\u0928\u0940 \u0938\u093e\u092e\u0917\u094d\u0930\u0940 \u0915\u093e \u0935\u093f\u0938\u094d\u0924\u093e\u0930 \u0915\u0930\u0928\u0947, \u0928\u090f \u0935\u093f\u0937\u092f\u094b\u0902 \u0915\u093e \u092a\u0924\u093e \u0932\u0917\u093e\u0928\u0947 \u0914\u0930 \u0938\u092d\u0940 \u0924\u0915\u0928\u0940\u0915\u0940 \u0909\u0924\u094d\u0938\u093e\u0939\u0940 \u0932\u094b\u0917\u094b\u0902 \u0915\u0947 \u0932\u093f\u090f \u0938\u0942\u091a\u0928\u093e \u0914\u0930 \u092e\u0928\u094b\u0930\u0902\u091c\u0928 \u0915\u093e \u090f\u0915 \u0935\u093f\u0936\u094d\u0935\u0938\u0928\u0940\u092f \u0938\u094d\u0930\u094b\u0924 \u092c\u0928\u0947 \u0930\u0939\u0928\u0947 \u0915\u0940 \u092f\u094b\u091c\u0928\u093e \u092c\u0928\u093e\u0924\u0947 \u0939\u0948\u0902\u0964<\/p>\n\n\n\n<h3 class=\"wp-block-heading\">\u0939\u092e\u0938\u0947 \u0938\u0902\u092a\u0930\u094d\u0915 \u0915\u0930\u0947\u0902 \u0914\u0930 \u0938\u093e\u0939\u0938\u093f\u0915 \u0915\u093e\u0930\u094d\u092f \u092e\u0947\u0902 \u0936\u093e\u092e\u093f\u0932 \u0939\u094b\u0902<\/h3>\n\n\n\n<p>\u0939\u092e \u0905\u092a\u0928\u0947 \u0938\u092e\u0941\u0926\u093e\u092f \u0915\u0940 \u092a\u094d\u0930\u0924\u093f\u0915\u094d\u0930\u093f\u092f\u093e, \u0938\u0941\u091d\u093e\u0935 \u0914\u0930 \u0935\u093f\u091a\u093e\u0930\u094b\u0902 \u0915\u094b \u092c\u0939\u0941\u0924 \u092e\u0939\u0924\u094d\u0935 \u0926\u0947\u0924\u0947 \u0939\u0948\u0902\u0964 \u092f\u0926\u093f \u0906\u092a\u0915\u0947 \u092a\u093e\u0938 \u0915\u094b\u0908 \u092a\u094d\u0930\u0936\u094d\u0928, \u091f\u093f\u092a\u094d\u092a\u0923\u0940 \u0939\u0948 \u092f\u093e \u0906\u092a \u0939\u092e\u093e\u0930\u0947 \u0938\u093e\u0925 \u0905\u092a\u0928\u093e \u0905\u0928\u0941\u092d\u0935 \u0938\u093e\u091d\u093e \u0915\u0930\u0928\u093e \u091a\u093e\u0939\u0924\u0947 \u0939\u0948\u0902, \u0924\u094b \u0915\u0943\u092a\u092f\u093e \u0939\u092e\u0938\u0947 \u0938\u0902\u092a\u0930\u094d\u0915 \u0915\u0930\u0928\u0947 \u092e\u0947\u0902 \u0938\u0902\u0915\u094b\u091a \u0928 \u0915\u0930\u0947\u0902\u0964 \u0906\u092a\u0915\u0940 \u0930\u093e\u092f \u0939\u092e\u093e\u0930\u0947 \u0932\u093f\u090f \u092e\u0939\u0924\u094d\u0935\u092a\u0942\u0930\u094d\u0923 \u0939\u0948!<\/p>\n\n\n\n<p>\u0939\u092e \u0906\u092a\u0915\u094b \u0930\u094b\u0938\u094d\u091f\u093e\u0907\u0932\u092a\u094d\u0930\u094b \u090f\u0921\u0935\u0947\u0902\u091a\u0930 \u0915\u093e \u0939\u093f\u0938\u094d\u0938\u093e \u092c\u0928\u0928\u0947 \u0915\u0947 \u0932\u093f\u090f \u0927\u0928\u094d\u092f\u0935\u093e\u0926 \u0926\u0947\u0924\u0947 \u0939\u0948\u0902\u0964 \u0938\u093e\u0925 \u092e\u093f\u0932\u0915\u0930 \u0939\u092e \u0928\u090f \u0915\u094d\u0937\u093f\u0924\u093f\u091c \u0924\u0932\u093e\u0936\u0924\u0947 \u0939\u0948\u0902, \u091c\u093f\u091c\u094d\u091e\u093e\u0938\u093e \u0914\u0930 \u0928\u0935\u093e\u091a\u093e\u0930 \u0915\u093e \u091c\u0936\u094d\u0928 \u092e\u0928\u093e\u0924\u0947 \u0939\u0948\u0902, \u0914\u0930 \u0907\u0938 \u0930\u094b\u092e\u093e\u0902\u091a\u0915 \u0924\u0915\u0928\u0940\u0915\u0940 \u0914\u0930 \u092e\u093e\u0928\u0935\u0940\u092f \u092f\u093e\u0924\u094d\u0930\u093e \u092a\u0930 \u090f\u0915-\u0926\u0942\u0938\u0930\u0947 \u0915\u094b \u092a\u094d\u0930\u0947\u0930\u093f\u0924 \u0915\u0930\u0928\u093e \u091c\u093e\u0930\u0940 \u0930\u0916\u0924\u0947 \u0939\u0948\u0902\u0964<\/p>","protected":false},"excerpt":{"rendered":"<p>\u0930\u0949\u0938\u0938\u094d\u091f\u093e\u0907\u0932\u092a\u094d\u0930\u094b \u092e\u0947\u0902 \u0906\u092a\u0915\u093e \u0938\u094d\u0935\u093e\u0917\u0924 \u0939\u0948, \u092f\u0939 \u090f\u0915 \u0921\u093f\u091c\u093f\u091f\u0932 \u0938\u094d\u092a\u0947\u0938 \u0939\u0948 \u091c\u093f\u0938\u0947 \u091c\u093f\u091c\u094d\u091e\u093e\u0938\u093e \u0915\u093e \u091c\u0936\u094d\u0928 \u092e\u0928\u093e\u0928\u0947, \u0928\u0935\u093e\u091a\u093e\u0930 \u0915\u0940 \u0916\u094b\u091c \u0915\u0930\u0928\u0947 \u0914\u0930 \u092a\u094d\u0930\u094c\u0926\u094d\u092f\u094b\u0917\u093f\u0915\u0940 \u0914\u0930 \u092e\u0928\u094b\u0930\u0902\u091c\u0928 \u0915\u0940 \u0935\u093f\u0936\u093e\u0932 \u0926\u0941\u0928\u093f\u092f\u093e \u092e\u0947\u0902 \u0905\u0926\u094d\u0935\u093f\u0924\u0940\u092f \u0905\u0928\u0941\u092d\u0935\u094b\u0902 \u0915\u094b \u0938\u093e\u091d\u093e \u0915\u0930\u0928\u0947 \u0915\u0947 \u0932\u093f\u090f \u0921\u093f\u091c\u093c\u093e\u0907\u0928 \u0915\u093f\u092f\u093e \u0917\u092f\u093e \u0939\u0948\u0964 \u0915\u093f\u0930\u0940\u091f\u094b \u0914\u0930 \u0928\u094d\u092f\u0942 \u0926\u094d\u0935\u093e\u0930\u093e \u0938\u094d\u0925\u093e\u092a\u093f\u0924, 10 \u0938\u0947 \u0905\u0927\u093f\u0915 \u0938\u092e\u0930\u094d\u092a\u093f\u0924 \u0938\u0939\u092f\u094b\u0917\u093f\u092f\u094b\u0902 \u0915\u0940 \u090f\u0915 \u091f\u0940\u092e \u0915\u0947 \u0938\u093e\u0925, \u0930\u0949\u0938\u0938\u094d\u091f\u093e\u0907\u0932\u092a\u094d\u0930\u094b \u0915\u093e \u091c\u0928\u094d\u092e \u0905\u092d\u093f\u0935\u094d\u092f\u0915\u094d\u0924\u093f \u0915\u0940 \u0906\u0935\u0936\u094d\u092f\u0915\u0924\u093e \u0914\u0930 \u091c\u0941\u0928\u0942\u0928 \u0915\u0947 \u0932\u093f\u090f \u0939\u0941\u0906 \u0925\u093e [\u2026]<\/p>","protected":false},"author":38,"featured_media":0,"parent":0,"menu_order":0,"comment_status":"closed","ping_status":"closed","template":"page-nosidebar.php","meta":{"footnotes":""},"yoast_head":"<!-- This site is optimized with the Yoast SEO plugin v23.3 - https:\/\/yoast.com\/wordpress\/plugins\/seo\/ -->\n<title>Sobre Nosotros - RosstylePRO<\/title>\n<meta name=\"robots\" content=\"index, follow, max-snippet:-1, max-image-preview:large, max-video-preview:-1\" \/>\n<link rel=\"canonical\" href=\"https:\/\/rosstylepro.com\/hi\/sobre-nosotros\/\" \/>\n<meta property=\"og:locale\" content=\"hi_IN\" \/>\n<meta property=\"og:type\" content=\"article\" \/>\n<meta property=\"og:title\" content=\"Sobre Nosotros - RosstylePRO\" \/>\n<meta property=\"og:description\" content=\"Bienvenidos a Rosstylepro, un espacio digital dise\u00f1ado para celebrar la curiosidad, explorar la innovaci\u00f3n y compartir experiencias \u00fanicas en el vasto mundo de la tecnolog\u00eda y el entretenimiento. Fundado por Kirito y New, junto con un equipo de m\u00e1s de 10 colaboradores dedicados, Rosstylepro surgi\u00f3 de la necesidad de expresi\u00f3n y de la pasi\u00f3n por [&hellip;]\" \/>\n<meta property=\"og:url\" content=\"https:\/\/rosstylepro.com\/hi\/sobre-nosotros\/\" \/>\n<meta property=\"og:site_name\" content=\"RosstylePRO\" \/>\n<meta property=\"article:modified_time\" content=\"2025-01-17T16:25:36+00:00\" \/>\n<meta name=\"twitter:card\" content=\"summary_large_image\" \/>\n<meta name=\"twitter:label1\" content=\"Est. reading time\" \/>\n\t<meta name=\"twitter:data1\" content=\"3 \u092e\u093f\u0928\u091f\" \/>\n<script type=\"application\/ld+json\" class=\"yoast-schema-graph\">{\"@context\":\"https:\/\/schema.org\",\"@graph\":[{\"@type\":\"WebPage\",\"@id\":\"https:\/\/rosstylepro.com\/sobre-nosotros\/\",\"url\":\"https:\/\/rosstylepro.com\/sobre-nosotros\/\",\"name\":\"Sobre Nosotros - RosstylePRO\",\"isPartOf\":{\"@id\":\"https:\/\/rosstylepro.com\/en\/#website\"},\"datePublished\":\"2024-05-02T15:36:23+00:00\",\"dateModified\":\"2025-01-17T16:25:36+00:00\",\"breadcrumb\":{\"@id\":\"https:\/\/rosstylepro.com\/sobre-nosotros\/#breadcrumb\"},\"inLanguage\":\"hi-IN\",\"potentialAction\":[{\"@type\":\"ReadAction\",\"target\":[\"https:\/\/rosstylepro.com\/sobre-nosotros\/\"]}]},{\"@type\":\"BreadcrumbList\",\"@id\":\"https:\/\/rosstylepro.com\/sobre-nosotros\/#breadcrumb\",\"itemListElement\":[{\"@type\":\"ListItem\",\"position\":1,\"name\":\"Home\",\"item\":\"https:\/\/rosstylepro.com\/\"},{\"@type\":\"ListItem\",\"position\":2,\"name\":\"Sobre Nosotros\"}]},{\"@type\":\"WebSite\",\"@id\":\"https:\/\/rosstylepro.com\/en\/#website\",\"url\":\"https:\/\/rosstylepro.com\/en\/\",\"name\":\"RosstylePRO\",\"description\":\"\",\"potentialAction\":[{\"@type\":\"SearchAction\",\"target\":{\"@type\":\"EntryPoint\",\"urlTemplate\":\"https:\/\/rosstylepro.com\/en\/?s={search_term_string}\"},\"query-input\":\"required name=search_term_string\"}],\"inLanguage\":\"hi-IN\"}]}<\/script>\n<!-- \/ Yoast SEO plugin. -->","yoast_head_json":{"title":"Sobre Nosotros - RosstylePRO","robots":{"index":"index","follow":"follow","max-snippet":"max-snippet:-1","max-image-preview":"max-image-preview:large","max-video-preview":"max-video-preview:-1"},"canonical":"https:\/\/rosstylepro.com\/hi\/sobre-nosotros\/","og_locale":"hi_IN","og_type":"article","og_title":"Sobre Nosotros - RosstylePRO","og_description":"Bienvenidos a Rosstylepro, un espacio digital dise\u00f1ado para celebrar la curiosidad, explorar la innovaci\u00f3n y compartir experiencias \u00fanicas en el vasto mundo de la tecnolog\u00eda y el entretenimiento. Fundado por Kirito y New, junto con un equipo de m\u00e1s de 10 colaboradores dedicados, Rosstylepro surgi\u00f3 de la necesidad de expresi\u00f3n y de la pasi\u00f3n por [&hellip;]","og_url":"https:\/\/rosstylepro.com\/hi\/sobre-nosotros\/","og_site_name":"RosstylePRO","article_modified_time":"2025-01-17T16:25:36+00:00","twitter_card":"summary_large_image","twitter_misc":{"Est. reading time":"3 \u092e\u093f\u0928\u091f"},"schema":{"@context":"https:\/\/schema.org","@graph":[{"@type":"WebPage","@id":"https:\/\/rosstylepro.com\/sobre-nosotros\/","url":"https:\/\/rosstylepro.com\/sobre-nosotros\/","name":"Sobre Nosotros - RosstylePRO","isPartOf":{"@id":"https:\/\/rosstylepro.com\/en\/#website"},"datePublished":"2024-05-02T15:36:23+00:00","dateModified":"2025-01-17T16:25:36+00:00","breadcrumb":{"@id":"https:\/\/rosstylepro.com\/sobre-nosotros\/#breadcrumb"},"inLanguage":"hi-IN","potentialAction":[{"@type":"ReadAction","target":["https:\/\/rosstylepro.com\/sobre-nosotros\/"]}]},{"@type":"BreadcrumbList","@id":"https:\/\/rosstylepro.com\/sobre-nosotros\/#breadcrumb","itemListElement":[{"@type":"ListItem","position":1,"name":"Home","item":"https:\/\/rosstylepro.com\/"},{"@type":"ListItem","position":2,"name":"Sobre Nosotros"}]},{"@type":"WebSite","@id":"https:\/\/rosstylepro.com\/en\/#website","url":"https:\/\/rosstylepro.com\/en\/","name":"RosstylePRO","description":"","potentialAction":[{"@type":"SearchAction","target":{"@type":"EntryPoint","urlTemplate":"https:\/\/rosstylepro.com\/en\/?s={search_term_string}"},"query-input":"required name=search_term_string"}],"inLanguage":"hi-IN"}]}},"_links":{"self":[{"href":"https:\/\/rosstylepro.com\/hi\/wp-json\/wp\/v2\/pages\/71"}],"collection":[{"href":"https:\/\/rosstylepro.com\/hi\/wp-json\/wp\/v2\/pages"}],"about":[{"href":"https:\/\/rosstylepro.com\/hi\/wp-json\/wp\/v2\/types\/page"}],"author":[{"embeddable":true,"href":"https:\/\/rosstylepro.com\/hi\/wp-json\/wp\/v2\/users\/38"}],"replies":[{"embeddable":true,"href":"https:\/\/rosstylepro.com\/hi\/wp-json\/wp\/v2\/comments?post=71"}],"version-history":[{"count":1,"href":"https:\/\/rosstylepro.com\/hi\/wp-json\/wp\/v2\/pages\/71\/revisions"}],"predecessor-version":[{"id":1564,"href":"https:\/\/rosstylepro.com\/hi\/wp-json\/wp\/v2\/pages\/71\/revisions\/1564"}],"wp:attachment":[{"href":"https:\/\/rosstylepro.com\/hi\/wp-json\/wp\/v2\/media?parent=71"}],"curies":[{"name":"wp","href":"https:\/\/api.w.org\/{rel}","templated":true}]}}