{"id":66,"date":"2024-05-02T12:17:37","date_gmt":"2024-05-02T15:17:37","guid":{"rendered":"https:\/\/rosstylepro.com\/?page_id=66"},"modified":"2025-01-17T16:25:36","modified_gmt":"2025-01-17T16:25:36","slug":"politica-de-privacidad","status":"publish","type":"page","link":"https:\/\/rosstylepro.com\/hu\/politica-de-privacidad\/","title":{"rendered":"Adatv\u00e9delmi szab\u00e1lyzat"},"content":{"rendered":"<p>Az \u00d6n adatainak v\u00e9delme fontos sz\u00e1munkra. A Rosstylepro szab\u00e1lyzata szerint tiszteletben tartjuk az \u00d6n szem\u00e9lyes adatait a Rosstylepro webhelyen \u00e9s m\u00e1s, \u00e1ltalunk birtokolt \u00e9s \u00fczemeltetett webhelyeken gy\u0171jt\u00f6tt inform\u00e1ci\u00f3k tekintet\u00e9ben.<\/p>\n\n\n\n<p>Csak akkor k\u00e9r\u00fcnk szem\u00e9lyes adatokat, ha val\u00f3ban sz\u00fcks\u00e9g\u00fcnk van r\u00e1juk egy szolg\u00e1ltat\u00e1s ny\u00fajt\u00e1s\u00e1hoz. Ezt tisztess\u00e9gesen \u00e9s t\u00f6rv\u00e9nyesen, az \u00d6n tudt\u00e1val \u00e9s beleegyez\u00e9s\u00e9vel tessz\u00fck. T\u00e1j\u00e9koztatjuk tov\u00e1bb\u00e1, hogy mi\u00e9rt gy\u0171jtj\u00fck ezeket az inform\u00e1ci\u00f3kat, \u00e9s hogyan haszn\u00e1ljuk fel azokat.<\/p>\n\n\n\n<p>Az \u00f6sszegy\u0171jt\u00f6tt inform\u00e1ci\u00f3kat csak addig \u0151rizz\u00fck meg, ameddig a k\u00e9rt szolg\u00e1ltat\u00e1s ny\u00fajt\u00e1s\u00e1hoz sz\u00fcks\u00e9ges. Amikor adatokat t\u00e1rolunk, azokat a kereskedelmileg elfogadhat\u00f3 m\u00f3don v\u00e9dj\u00fck az elveszt\u00e9s, lop\u00e1s, jogosulatlan hozz\u00e1f\u00e9r\u00e9s, nyilv\u00e1noss\u00e1gra hozatal, m\u00e1sol\u00e1s, haszn\u00e1lat vagy m\u00f3dos\u00edt\u00e1s megel\u0151z\u00e9se \u00e9rdek\u00e9ben.<\/p>\n\n\n\n<p>Szem\u00e9lyazonos\u00edt\u00e1sra alkalmas adatokat nem osztunk meg nyilv\u00e1nosan vagy harmadik felekkel, kiv\u00e9ve, ha azt t\u00f6rv\u00e9ny \u00edrja el\u0151.<\/p>\n\n\n\n<p>Oldalunk tartalmazhat hivatkoz\u00e1sokat olyan k\u00fcls\u0151 oldalakra, amelyeket nem mi \u00fczemeltet\u00fcnk. K\u00e9rj\u00fck, vegye figyelembe, hogy nincs befoly\u00e1sunk ezen oldalak tartalm\u00e1ra \u00e9s gyakorlat\u00e1ra, \u00e9s nem tehet\u00fcnk felel\u0151ss\u00e9get az adatv\u00e9delmi szab\u00e1lyzataik\u00e9rt.<\/p>\n\n\n\n<p>\u00d6n szabadon visszautas\u00edthatja szem\u00e9lyes adatokra vonatkoz\u00f3 k\u00e9r\u00e9s\u00fcnket, b\u00e1r k\u00e9rj\u00fck, vegye figyelembe, hogy el\u0151fordulhat, hogy bizonyos k\u00edv\u00e1nt szolg\u00e1ltat\u00e1sokat nem tudunk biztos\u00edtani \u00d6nnek.<\/p>\n\n\n\n<p>Oldalunk tov\u00e1bbi haszn\u00e1lata az adatv\u00e9delemmel \u00e9s szem\u00e9lyes adatokkal kapcsolatos gyakorlatunk elfogad\u00e1s\u00e1nak min\u0151s\u00fcl. Ha b\u00e1rmilyen k\u00e9rd\u00e9se van a felhaszn\u00e1l\u00f3i adatok \u00e9s szem\u00e9lyes adatok kezel\u00e9s\u00e9vel kapcsolatban, k\u00e9rj\u00fck, l\u00e9pjen kapcsolatba vel\u00fcnk.<\/p>\n\n\n\n<h2 class=\"wp-block-heading\">Rosstylepro Site Security<\/h2>\n\n\n\n<p>Az oldal megb\u00edzhat\u00f3 \u00e9s biztons\u00e1gos a felhaszn\u00e1l\u00f3 sz\u00e1m\u00e1ra, amint azt a Site Check jelent\u00e9se szerint. Az oldal ellen\u0151rzi a webhely adatait a lehets\u00e9ges biztons\u00e1gi probl\u00e9m\u00e1k azonos\u00edt\u00e1sa \u00e9rdek\u00e9ben.<\/p>\n\n\n\n<h2 class=\"wp-block-heading\">Rosstylepro Cookie-szab\u00e1lyzat<\/h2>\n\n\n\n<p><strong>Mik azok a s\u00fctik?<\/strong><\/p>\n\n\n\n<p>Szinte minden professzion\u00e1lis webhelyhez hasonl\u00f3an ez az oldal is cookie-kat haszn\u00e1l, amelyek a sz\u00e1m\u00edt\u00f3g\u00e9p\u00e9re let\u00f6lt\u00f6tt apr\u00f3 f\u00e1jlok a felhaszn\u00e1l\u00f3i \u00e9lm\u00e9ny jav\u00edt\u00e1sa \u00e9rdek\u00e9ben. Ez az oldal le\u00edrja, hogy milyen inform\u00e1ci\u00f3kat gy\u0171jtenek, hogyan haszn\u00e1ljuk azokat, \u00e9s mi\u00e9rt kell n\u00e9ha t\u00e1rolnunk ezeket a s\u00fctiket. Azt is megmutatjuk, hogyan akad\u00e1lyozhatja meg ezeknek a s\u00fctiknek a t\u00e1rol\u00e1s\u00e1t, b\u00e1r ez hat\u00e1ssal lehet az oldal m\u0171k\u00f6d\u00e9s\u00e9re.<\/p>\n\n\n\n<p><strong>Hogyan haszn\u00e1ljuk a s\u00fctiket?<\/strong><\/p>\n\n\n\n<p>T\u00f6bb okb\u00f3l is haszn\u00e1lunk s\u00fctiket, amelyeket al\u00e1bb r\u00e9szletez\u00fcnk. Sajnos a legt\u00f6bb esetben nincs szabv\u00e1nyos lehet\u0151s\u00e9g a cookie-k letilt\u00e1s\u00e1ra a webhelyhez hozz\u00e1adott funkci\u00f3k \u00e9s szolg\u00e1ltat\u00e1sok teljes letilt\u00e1sa n\u00e9lk\u00fcl. Javasoljuk, hogy hagyjon enged\u00e9lyezve minden cookie-t, ha nem biztos abban, hogy sz\u00fcks\u00e9ge van-e r\u00e1juk vagy sem, abban az esetben, ha az \u00d6n \u00e1ltal haszn\u00e1lt szolg\u00e1ltat\u00e1s biztos\u00edt\u00e1s\u00e1ra haszn\u00e1lj\u00e1k \u0151ket.<\/p>\n\n\n\n<p><strong>A cookie-k kikapcsol\u00e1sa<\/strong><\/p>\n\n\n\n<p>Megakad\u00e1lyozhatja a cookie-k be\u00e1ll\u00edt\u00e1s\u00e1t a b\u00f6ng\u00e9sz\u0151 be\u00e1ll\u00edt\u00e1sainak m\u00f3dos\u00edt\u00e1s\u00e1val (err\u0151l l\u00e1sd a b\u00f6ng\u00e9sz\u0151 s\u00fag\u00f3j\u00e1t). K\u00e9rj\u00fck, vegye figyelembe, hogy a cookie-k letilt\u00e1sa hat\u00e1ssal lesz ennek \u00e9s sok m\u00e1s megl\u00e1togatott webhelynek a m\u0171k\u00f6d\u00e9s\u00e9re. A cookie-k letilt\u00e1sa \u00e1ltal\u00e1ban a webhely bizonyos funkci\u00f3inak \u00e9s funkci\u00f3inak letilt\u00e1s\u00e1t eredm\u00e9nyezi. Ez\u00e9rt nem javasolt a cookie-k letilt\u00e1sa.<\/p>\n\n\n\n<p><strong>Az \u00e1ltalunk be\u00e1ll\u00edtott s\u00fctik<\/strong><\/p>\n\n\n\n<ul>\n<li>Fi\u00f3khoz kapcsol\u00f3d\u00f3 cookie-k<br><br>Ha fi\u00f3kot hoz l\u00e9tre n\u00e1lunk, cookie-kat haszn\u00e1lunk a regisztr\u00e1ci\u00f3s folyamat \u00e9s az \u00e1ltal\u00e1nos adminisztr\u00e1ci\u00f3 kezel\u00e9s\u00e9re. Ezek a cookie-k \u00e1ltal\u00e1ban t\u00f6rl\u0151dnek, amikor kijelentkezik, de bizonyos esetekben megmaradhatnak, hogy eml\u00e9kezzenek a webhely be\u00e1ll\u00edt\u00e1saira, amikor kijelentkezik.<\/li>\n\n\n\n<li>Bejelentkez\u00e9shez kapcsol\u00f3d\u00f3 cookie-k<br><br>Amikor bejelentkezik, cookie-kat haszn\u00e1lunk, hogy megjegyezz\u00fck ezt a m\u0171veletet. Ez megakad\u00e1lyozza, hogy minden alkalommal be kelljen jelentkeznie, amikor \u00faj oldalt l\u00e1togat meg. Ezek a cookie-k \u00e1ltal\u00e1ban t\u00f6rl\u0151dnek, amikor kijelentkezik, hogy bejelentkez\u00e9skor csak korl\u00e1tozott funkci\u00f3khoz \u00e9s ter\u00fcletekhez f\u00e9rhessen hozz\u00e1.<\/li>\n\n\n\n<li>Az e-mailes h\u00edrlevelekhez kapcsol\u00f3d\u00f3 s\u00fctik<br><br>Ez az oldal h\u00edrlev\u00e9l- vagy e-mail feliratkoz\u00e1si szolg\u00e1ltat\u00e1sokat k\u00edn\u00e1l, \u00e9s cookie-kat haszn\u00e1lhatunk annak eml\u00e9kez\u00e9s\u00e9re, hogy \u00d6n m\u00e1r regisztr\u00e1lt, \u00e9s hogy bizonyos \u00e9rtes\u00edt\u00e9seket csak regisztr\u00e1lt\/nem regisztr\u00e1lt felhaszn\u00e1l\u00f3knak kell-e megjelen\u00edteni.<\/li>\n\n\n\n<li>A megrendel\u00e9s feldolgoz\u00e1s\u00e1val kapcsolatos cookie-k<br><br>Ez a webhely e-kereskedelmi vagy fizet\u00e9si lehet\u0151s\u00e9geket k\u00edn\u00e1l, \u00e9s bizonyos cookie-k elengedhetetlenek annak biztos\u00edt\u00e1s\u00e1hoz, hogy megrendel\u00e9s\u00e9t az oldalak k\u00f6z\u00f6tt megjegyezz\u00fck, \u00edgy megfelel\u0151en tudjuk feldolgozni.<\/li>\n\n\n\n<li>Felm\u00e9r\u00e9sekkel kapcsolatos cookie-k<br><br>Rendszeresen k\u00edn\u00e1lunk felm\u00e9r\u00e9seket \u00e9s k\u00e9rd\u0151\u00edveket, hogy \u00e9rdekes inform\u00e1ci\u00f3kkal, hasznos eszk\u00f6z\u00f6kkel szolg\u00e1ljunk, vagy hogy jobban meg\u00e9rts\u00fck felhaszn\u00e1l\u00f3i b\u00e1zisunkat. Ezek a felm\u00e9r\u00e9sek cookie-kat haszn\u00e1lhatnak, hogy megjegyezz\u00e9k, ki vett r\u00e9szt a felm\u00e9r\u00e9sben, vagy hogy pontos eredm\u00e9nyeket adjanak oldalv\u00e1lt\u00e1s ut\u00e1n.<\/li>\n\n\n\n<li>\u0170rlaphoz kapcsol\u00f3d\u00f3 cookie-k<br><br>Amikor olyan \u0171rlapon kereszt\u00fcl k\u00fcld adatokat, mint amilyenek a kapcsolatfelv\u00e9teli oldalakon vagy a megjegyz\u00e9s \u0171rlapokon tal\u00e1lhat\u00f3k, el\u0151fordulhat, hogy a cookie-k eml\u00e9keznek a felhaszn\u00e1l\u00f3i adatokra a j\u00f6v\u0151beni levelez\u00e9shez.<\/li>\n\n\n\n<li>Webhelypreferencia cookie-k<br><br>Az optim\u00e1lis \u00e9lm\u00e9ny biztos\u00edt\u00e1sa \u00e9rdek\u00e9ben ezen a webhelyen biztos\u00edtjuk azt a funkci\u00f3t, amellyel be\u00e1ll\u00edthatja az \u00d6n preferenci\u00e1it a webhely m\u0171k\u00f6d\u00e9s\u00e9re vonatkoz\u00f3an, amikor haszn\u00e1lja. Annak \u00e9rdek\u00e9ben, hogy eml\u00e9kezz\u00fcnk az \u00d6n preferenci\u00e1ira, be kell \u00e1ll\u00edtanunk a cookie-kat, hogy ezeket az inform\u00e1ci\u00f3kat b\u00e1rmikor le lehessen h\u00edvni, amikor olyan oldallal l\u00e9p kapcsolatba, amelyet az \u00d6n be\u00e1ll\u00edt\u00e1sai \u00e9rintenek.<\/li>\n<\/ul>\n\n\n\n<h2 class=\"wp-block-heading\">Harmadik f\u00e9lt\u0151l sz\u00e1rmaz\u00f3 cookie-k<\/h2>\n\n\n\n<p>Bizonyos speci\u00e1lis esetekben megb\u00edzhat\u00f3 harmadik felek \u00e1ltal biztos\u00edtott cookie-kat is haszn\u00e1lunk. A k\u00f6vetkez\u0151 r\u00e9sz r\u00e9szletezi, hogy milyen harmadik f\u00e9lt\u0151l sz\u00e1rmaz\u00f3 cookie-kkal tal\u00e1lkozhat ezen az oldalon.<\/p>\n\n\n\n<ul>\n<li>Ez az oldal haszn\u00e1l\u00a0<a href=\"https:\/\/analytics.google.com\/analytics\/web\/#\/p419479084\/reports\/intelligenthome\"><em>Google Analytics<\/em><\/a>, amely az egyik legelterjedtebb \u00e9s legmegb\u00edzhat\u00f3bb webelemz\u00e9si megold\u00e1s, amely seg\u00edt meg\u00e9rteni, hogyan haszn\u00e1lja az oldalt, \u00e9s hogyan jav\u00edthatjuk a felhaszn\u00e1l\u00f3i \u00e9lm\u00e9nyt. Ezek a cookie-k nyomon k\u00f6vethetik p\u00e9ld\u00e1ul azt, hogy mennyi id\u0151t t\u00f6lt a webhelyen \u00e9s milyen oldalakat l\u00e1togat meg, hogy tov\u00e1bbra is lebilincsel\u0151 tartalmat \u00e1ll\u00edthassunk el\u0151.<\/li>\n<\/ul>\n\n\n\n<p>A Google Analytics cookie-kkal kapcsolatos tov\u00e1bbi inform\u00e1ci\u00f3k\u00e9rt l\u00e1togasson el a hivatalos Google Analytics oldalra.<\/p>\n\n\n\n<ul>\n<li>Harmadik f\u00e9lt\u0151l sz\u00e1rmaz\u00f3 elemz\u00e9seket haszn\u00e1lunk a webhely haszn\u00e1lat\u00e1nak nyomon k\u00f6vet\u00e9s\u00e9re \u00e9s m\u00e9r\u00e9s\u00e9re, hogy tov\u00e1bbra is lebilincsel\u0151 tartalmat \u00e1ll\u00edthassunk el\u0151. Ezek a cookie-k olyan dolgokat k\u00f6vethetnek nyomon, mint p\u00e9ld\u00e1ul, hogy mennyi id\u0151t t\u00f6lt a webhelyen vagy az \u00d6n \u00e1ltal megl\u00e1togatott oldalakon, ami seg\u00edt nek\u00fcnk meg\u00e9rteni, hogyan jav\u00edthatjuk az \u00d6n sz\u00e1m\u00e1ra az oldalt.<\/li>\n\n\n\n<li>Id\u0151nk\u00e9nt tesztelj\u00fck az \u00faj funkci\u00f3kat, \u00e9s finoman m\u00f3dos\u00edtjuk a webhely megjelen\u00edt\u00e9s\u00e9t. Amikor m\u00e9g tesztelj\u00fck az \u00faj funkci\u00f3kat, ezeket a s\u00fctiket felhaszn\u00e1lhatjuk annak biztos\u00edt\u00e1s\u00e1ra, hogy \u00e1lland\u00f3 \u00e9lm\u00e9nyben legyen r\u00e9sze a webhelyen, mik\u00f6zben meg\u00e9rtj\u00fck, mely optimaliz\u00e1l\u00e1sokat \u00e9lvezik a legjobban a felhaszn\u00e1l\u00f3k.<\/li>\n\n\n\n<li>A term\u00e9kek \u00e9rt\u00e9kes\u00edt\u00e9se sor\u00e1n fontos, hogy meg\u00e9rts\u00fck a statisztik\u00e1kat arr\u00f3l, hogy webhely\u00fcnk l\u00e1togat\u00f3i k\u00f6z\u00fcl h\u00e1nyan v\u00e1s\u00e1rolnak t\u00e9nylegesen, ez\u00e9rt ezek a cookie-k ilyen t\u00edpus\u00fa adatokat k\u00f6vetnek nyomon. Ez fontos \u00d6nnek, mert ez azt jelenti, hogy pontosan tudunk olyan \u00fczleti el\u0151rejelz\u00e9seket k\u00e9sz\u00edteni, amelyek lehet\u0151v\u00e9 teszik hirdet\u00e9si \u00e9s term\u00e9kk\u00f6lts\u00e9geink elemz\u00e9s\u00e9t a lehet\u0151 legjobb \u00e1r biztos\u00edt\u00e1sa \u00e9rdek\u00e9ben.<\/li>\n<\/ul>\n\n\n\n<h2 class=\"wp-block-heading\">Felhaszn\u00e1l\u00f3i elk\u00f6telezetts\u00e9g<\/h2>\n\n\n\n<p>A felhaszn\u00e1l\u00f3 beleegyezik abba, hogy megfelel\u0151en haszn\u00e1lja a Rosstyleproof webhelyen biztos\u00edtott tartalmat \u00e9s inform\u00e1ci\u00f3kat, bele\u00e9rtve, de nem kiz\u00e1r\u00f3lagosan:<\/p>\n\n\n\n<ul>\n<li>A) Ne vegyen r\u00e9szt illeg\u00e1lis, illetve a j\u00f3hiszem\u0171s\u00e9ggel \u00e9s a k\u00f6zrenddel ellent\u00e9tes tev\u00e9kenys\u00e9gben;<\/li>\n\n\n\n<li>B) Ne terjesszen rasszista, idegengy\u0171l\u00f6l\u0151, szerencsej\u00e1t\u00e9k vagy fogad\u00e1s, illeg\u00e1lis pornogr\u00e1fi\u00e1t, terrorizmus bocs\u00e1natk\u00e9r\u00e9s\u00e9t vagy emberi jogok elleni propagand\u00e1t vagy tartalmat;<\/li>\n\n\n\n<li>C) Ne okozzon k\u00e1rt a Rosstylepro, besz\u00e1ll\u00edt\u00f3i vagy harmadik felek fizikai (hardver) \u00e9s logikai (szoftver) rendszereiben, \u00e9s ne hozzon l\u00e9tre vagy terjesszen be sz\u00e1m\u00edt\u00f3g\u00e9pes v\u00edrusokat vagy egy\u00e9b hardver- vagy szoftverrendszereket, amelyek a fent eml\u00edtett k\u00e1rokat okozhatj\u00e1k.<\/li>\n<\/ul>\n\n\n\n<h2 class=\"wp-block-heading\">A cookie-k blokkol\u00e1sa:<\/h2>\n\n\n\n<p>A felhaszn\u00e1l\u00f3 b\u00e1rmikor letilthatja \u00e9s\/vagy letilthatja a cookie-kat b\u00e1rmely webhelyr\u0151l, bele\u00e9rtve a mi\u00e9nket is. Az elj\u00e1r\u00e1s v\u00e9grehajt\u00e1s\u00e1hoz nyissa meg a b\u00f6ng\u00e9sz\u0151 be\u00e1ll\u00edt\u00e1sait. Az al\u00e1bbiakban a f\u0151bb b\u00f6ng\u00e9sz\u0151k s\u00fag\u00f3j\u00e1t tal\u00e1lja:<\/p>\n\n\n\n<ul>\n<li><a href=\"https:\/\/support.google.com\/accounts\/answer\/61416?hl=en\"><em>Google Chrome<\/em><\/a><\/li>\n\n\n\n<li><a href=\"https:\/\/support.mozilla.org\/en-US\/kb\/enhanced-tracking-protection-firefox-desktop?redirectlocale=en-US&amp;redirectslug=enable-and-disable-cookies-website-preferences\"><em>Firefox<\/em><\/a><\/li>\n\n\n\n<li><a href=\"https:\/\/support.microsoft.com\/pt-br\/windows\/excluir-e-gerenciar-cookies-168dab11-0753-043d-7c16-ede5947fc64d\"><em>Microsoft Edge<\/em><\/a><\/li>\n\n\n\n<li><a href=\"https:\/\/blogs.opera.com\/news\/2015\/08\/how-to-manage-cookies-in-opera\/\"><em>Opera<\/em><\/a><\/li>\n\n\n\n<li><a href=\"https:\/\/support.apple.com\/pt-br\/guide\/safari\/sfri11471\/mac\"><em>Szafari<\/em><\/a><\/li>\n<\/ul>\n\n\n\n<h2 class=\"wp-block-heading\">Tov\u00e1bbi inform\u00e1ci\u00f3<\/h2>\n\n\n\n<p>Rem\u00e9lhet\u0151leg ez eloszlatja k\u00e9ts\u00e9geit, \u00e9s amint azt kor\u00e1bban eml\u00edtett\u00fck, ha valamiben nem biztos, hogy sz\u00fcks\u00e9ge van-e r\u00e1, \u00e1ltal\u00e1ban biztons\u00e1gosabb enged\u00e9lyezni a cookie-kat arra az esetre, ha kapcsolatba l\u00e9pne az oldalunkon haszn\u00e1lt funkci\u00f3kkal.<\/p>\n\n\n\n<p>Ez a szab\u00e1lyzat 2024. \u00e1pr.-t\u00f3l hat\u00e1lyos.<\/p>","protected":false},"excerpt":{"rendered":"<p>Az \u00d6n adatainak v\u00e9delme fontos sz\u00e1munkra. A Rosstylepro-n\u00e1l tiszteletben tartjuk az \u00d6n adatainak v\u00e9delm\u00e9t minden olyan inform\u00e1ci\u00f3 tekintet\u00e9ben, amelyet a Rosstylepro weboldal\u00e1n \u00e9s m\u00e1s, \u00e1ltalunk birtokolt \u00e9s \u00fczemeltetett oldalakon gy\u0171jt\u00fcnk. Szem\u00e9lyes adatokat csak akkor k\u00e9r\u00fcnk, ha val\u00f3ban sz\u00fcks\u00e9g\u00fcnk van r\u00e1juk a szolg\u00e1ltat\u00e1s ny\u00fajt\u00e1s\u00e1hoz. Ezt tisztess\u00e9gesen \u00e9s jogszer\u0171en tessz\u00fck, az \u00d6n [\u2026]<\/p>","protected":false},"author":38,"featured_media":0,"parent":0,"menu_order":0,"comment_status":"closed","ping_status":"closed","template":"page-nosidebar.php","meta":{"footnotes":""},"yoast_head":"<!-- This site is optimized with the Yoast SEO plugin v23.3 - https:\/\/yoast.com\/wordpress\/plugins\/seo\/ -->\n<title>Pol\u00edtica de privacidad<\/title>\n<meta name=\"description\" content=\"Pol\u00edtica de privacidad, Tu privacidad es importante para nosotros. En Rosstylepro tenemos la pol\u00edtica de respetar tu privacidad en re...\" \/>\n<meta name=\"robots\" content=\"index, follow, max-snippet:-1, max-image-preview:large, max-video-preview:-1\" \/>\n<link rel=\"canonical\" href=\"https:\/\/rosstylepro.com\/hu\/politica-de-privacidad\/\" \/>\n<meta property=\"og:locale\" content=\"hu_HU\" \/>\n<meta property=\"og:type\" content=\"article\" \/>\n<meta property=\"og:title\" content=\"Pol\u00edtica de privacidad\" \/>\n<meta property=\"og:description\" content=\"Pol\u00edtica de privacidad, Tu privacidad es importante para nosotros. En Rosstylepro tenemos la pol\u00edtica de respetar tu privacidad en re...\" \/>\n<meta property=\"og:url\" content=\"https:\/\/rosstylepro.com\/hu\/politica-de-privacidad\/\" \/>\n<meta property=\"og:site_name\" content=\"RosstylePRO\" \/>\n<meta property=\"article:modified_time\" content=\"2025-01-17T16:25:36+00:00\" \/>\n<meta name=\"twitter:card\" content=\"summary_large_image\" \/>\n<meta name=\"twitter:label1\" content=\"Est. reading time\" \/>\n\t<meta name=\"twitter:data1\" content=\"8 perc\" \/>\n<script type=\"application\/ld+json\" class=\"yoast-schema-graph\">{\"@context\":\"https:\/\/schema.org\",\"@graph\":[{\"@type\":\"WebPage\",\"@id\":\"https:\/\/rosstylepro.com\/politica-de-privacidad\/\",\"url\":\"https:\/\/rosstylepro.com\/politica-de-privacidad\/\",\"name\":\"Pol\u00edtica de privacidad\",\"isPartOf\":{\"@id\":\"https:\/\/rosstylepro.com\/en\/#website\"},\"datePublished\":\"2024-05-02T15:17:37+00:00\",\"dateModified\":\"2025-01-17T16:25:36+00:00\",\"description\":\"Pol\u00edtica de privacidad, Tu privacidad es importante para nosotros. En Rosstylepro tenemos la pol\u00edtica de respetar tu privacidad en re...\",\"breadcrumb\":{\"@id\":\"https:\/\/rosstylepro.com\/politica-de-privacidad\/#breadcrumb\"},\"inLanguage\":\"hu\",\"potentialAction\":[{\"@type\":\"ReadAction\",\"target\":[\"https:\/\/rosstylepro.com\/politica-de-privacidad\/\"]}]},{\"@type\":\"BreadcrumbList\",\"@id\":\"https:\/\/rosstylepro.com\/politica-de-privacidad\/#breadcrumb\",\"itemListElement\":[{\"@type\":\"ListItem\",\"position\":1,\"name\":\"Home\",\"item\":\"https:\/\/rosstylepro.com\/\"},{\"@type\":\"ListItem\",\"position\":2,\"name\":\"Pol\u00edtica de privacidad\"}]},{\"@type\":\"WebSite\",\"@id\":\"https:\/\/rosstylepro.com\/en\/#website\",\"url\":\"https:\/\/rosstylepro.com\/en\/\",\"name\":\"RosstylePRO\",\"description\":\"\",\"potentialAction\":[{\"@type\":\"SearchAction\",\"target\":{\"@type\":\"EntryPoint\",\"urlTemplate\":\"https:\/\/rosstylepro.com\/en\/?s={search_term_string}\"},\"query-input\":\"required name=search_term_string\"}],\"inLanguage\":\"hu\"}]}<\/script>\n<!-- \/ Yoast SEO plugin. -->","yoast_head_json":{"title":"Pol\u00edtica de privacidad","description":"Pol\u00edtica de privacidad, Tu privacidad es importante para nosotros. En Rosstylepro tenemos la pol\u00edtica de respetar tu privacidad en re...","robots":{"index":"index","follow":"follow","max-snippet":"max-snippet:-1","max-image-preview":"max-image-preview:large","max-video-preview":"max-video-preview:-1"},"canonical":"https:\/\/rosstylepro.com\/hu\/politica-de-privacidad\/","og_locale":"hu_HU","og_type":"article","og_title":"Pol\u00edtica de privacidad","og_description":"Pol\u00edtica de privacidad, Tu privacidad es importante para nosotros. En Rosstylepro tenemos la pol\u00edtica de respetar tu privacidad en re...","og_url":"https:\/\/rosstylepro.com\/hu\/politica-de-privacidad\/","og_site_name":"RosstylePRO","article_modified_time":"2025-01-17T16:25:36+00:00","twitter_card":"summary_large_image","twitter_misc":{"Est. reading time":"8 perc"},"schema":{"@context":"https:\/\/schema.org","@graph":[{"@type":"WebPage","@id":"https:\/\/rosstylepro.com\/politica-de-privacidad\/","url":"https:\/\/rosstylepro.com\/politica-de-privacidad\/","name":"Pol\u00edtica de privacidad","isPartOf":{"@id":"https:\/\/rosstylepro.com\/en\/#website"},"datePublished":"2024-05-02T15:17:37+00:00","dateModified":"2025-01-17T16:25:36+00:00","description":"Pol\u00edtica de privacidad, Tu privacidad es importante para nosotros. En Rosstylepro tenemos la pol\u00edtica de respetar tu privacidad en re...","breadcrumb":{"@id":"https:\/\/rosstylepro.com\/politica-de-privacidad\/#breadcrumb"},"inLanguage":"hu","potentialAction":[{"@type":"ReadAction","target":["https:\/\/rosstylepro.com\/politica-de-privacidad\/"]}]},{"@type":"BreadcrumbList","@id":"https:\/\/rosstylepro.com\/politica-de-privacidad\/#breadcrumb","itemListElement":[{"@type":"ListItem","position":1,"name":"Home","item":"https:\/\/rosstylepro.com\/"},{"@type":"ListItem","position":2,"name":"Pol\u00edtica de privacidad"}]},{"@type":"WebSite","@id":"https:\/\/rosstylepro.com\/en\/#website","url":"https:\/\/rosstylepro.com\/en\/","name":"RosstylePRO","description":"","potentialAction":[{"@type":"SearchAction","target":{"@type":"EntryPoint","urlTemplate":"https:\/\/rosstylepro.com\/en\/?s={search_term_string}"},"query-input":"required name=search_term_string"}],"inLanguage":"hu"}]}},"_links":{"self":[{"href":"https:\/\/rosstylepro.com\/hu\/wp-json\/wp\/v2\/pages\/66"}],"collection":[{"href":"https:\/\/rosstylepro.com\/hu\/wp-json\/wp\/v2\/pages"}],"about":[{"href":"https:\/\/rosstylepro.com\/hu\/wp-json\/wp\/v2\/types\/page"}],"author":[{"embeddable":true,"href":"https:\/\/rosstylepro.com\/hu\/wp-json\/wp\/v2\/users\/38"}],"replies":[{"embeddable":true,"href":"https:\/\/rosstylepro.com\/hu\/wp-json\/wp\/v2\/comments?post=66"}],"version-history":[{"count":1,"href":"https:\/\/rosstylepro.com\/hu\/wp-json\/wp\/v2\/pages\/66\/revisions"}],"predecessor-version":[{"id":1563,"href":"https:\/\/rosstylepro.com\/hu\/wp-json\/wp\/v2\/pages\/66\/revisions\/1563"}],"wp:attachment":[{"href":"https:\/\/rosstylepro.com\/hu\/wp-json\/wp\/v2\/media?parent=66"}],"curies":[{"name":"wp","href":"https:\/\/api.w.org\/{rel}","templated":true}]}}