{"id":69,"date":"2024-05-02T12:20:15","date_gmt":"2024-05-02T15:20:15","guid":{"rendered":"https:\/\/rosstylepro.com\/?page_id=69"},"modified":"2025-01-17T16:25:36","modified_gmt":"2025-01-17T16:25:36","slug":"politica-de-cookies","status":"publish","type":"page","link":"https:\/\/rosstylepro.com\/hu\/politica-de-cookies\/","title":{"rendered":"Cookie-kra vonatkoz\u00f3 szab\u00e1lyzat"},"content":{"rendered":"<p>A Rosstylepro cookie-kat haszn\u00e1l a rosstylepro.com weboldal\u00e1n. Cookie-szab\u00e1lyzatunk elfogad\u00e1s\u00e1val \u00d6n beleegyezik a cookie-k ezen szab\u00e1lyzattal \u00f6sszhangban t\u00f6rt\u00e9n\u0151 haszn\u00e1lat\u00e1ba. Ha nem j\u00e1rul hozz\u00e1 a cookie-k haszn\u00e1lat\u00e1hoz, javasoljuk, hogy m\u00f3dos\u00edtsa b\u00f6ng\u00e9sz\u0151je be\u00e1ll\u00edt\u00e1sait, vagy hagyja abba weboldalunk haszn\u00e1lat\u00e1t.<\/p>\n\n\n\n<h2 class=\"wp-block-heading\">Mik azok a s\u00fctik?<\/h2>\n\n\n\n<p>A cookie-k kis sz\u00f6veges f\u00e1jlok, amelyeket egy webhely az \u00d6n eszk\u00f6z\u00e9re ment, amikor megl\u00e1togatja. Ezek a f\u00e1jlok olyan inform\u00e1ci\u00f3kat tartalmaznak, amelyeket a webhely k\u00fcl\u00f6nf\u00e9le c\u00e9lokra lek\u00e9rhet, p\u00e9ld\u00e1ul a nyelvi be\u00e1ll\u00edt\u00e1sok eml\u00e9kez\u00e9s\u00e9re, a b\u00f6ng\u00e9sz\u00e9si \u00e9lm\u00e9ny optimaliz\u00e1l\u00e1s\u00e1ra \u00e9s a webhelyhaszn\u00e1lattal kapcsolatos inform\u00e1ci\u00f3k gy\u0171jt\u00e9s\u00e9re.<\/p>\n\n\n\n<h2 class=\"wp-block-heading\">A haszn\u00e1lt cookie-k t\u00edpusai<\/h2>\n\n\n\n<h3 class=\"wp-block-heading\">Sz\u00fcks\u00e9ges s\u00fctik<\/h3>\n\n\n\n<p>Ezek a cookie-k elengedhetetlenek a weboldal m\u0171k\u00f6d\u00e9s\u00e9hez, \u00e9s rendszereinkben nem tilthat\u00f3k le. \u00c1ltal\u00e1ban csak az \u00d6n \u00e1ltal v\u00e9gzett m\u0171veletekre reag\u00e1lva \u00e1ll\u00edtj\u00e1k be, amelyek szolg\u00e1ltat\u00e1sk\u00e9r\u00e9snek min\u0151s\u00fclnek, mint p\u00e9ld\u00e1ul az adatv\u00e9delmi be\u00e1ll\u00edt\u00e1sok megad\u00e1sa, bejelentkez\u00e9s vagy \u0171rlapok kit\u00f6lt\u00e9se.<\/p>\n\n\n\n<h3 class=\"wp-block-heading\">Teljes\u00edtm\u00e9ny cookie-k<\/h3>\n\n\n\n<p>Ezek a cookie-k seg\u00edtenek meg\u00e9rteni, hogy a l\u00e1togat\u00f3k hogyan l\u00e9pnek kapcsolatba a weboldalunkkal az\u00e1ltal, hogy t\u00e1j\u00e9koztat\u00e1st adnak a megl\u00e1togatott ter\u00fcletekr\u0151l, az oldalon t\u00f6lt\u00f6tt id\u0151r\u0151l \u00e9s a felmer\u00fclt probl\u00e9m\u00e1kr\u00f3l, p\u00e9ld\u00e1ul hiba\u00fczenetekr\u0151l. Ez seg\u00edt nek\u00fcnk a webhely teljes\u00edtm\u00e9ny\u00e9nek jav\u00edt\u00e1s\u00e1ban \u00e9s a felhaszn\u00e1l\u00f3i \u00e9lm\u00e9ny jav\u00edt\u00e1s\u00e1ban.<\/p>\n\n\n\n<h3 class=\"wp-block-heading\">Funkcion\u00e1lis s\u00fctik<\/h3>\n\n\n\n<p>Ezek a cookie-k lehet\u0151v\u00e9 teszik a webhely sz\u00e1m\u00e1ra, hogy eml\u00e9kezzen az \u00d6n \u00e1ltal hozott d\u00f6nt\u00e9sekre, p\u00e9ld\u00e1ul a felhaszn\u00e1l\u00f3n\u00e9vre, a nyelvre vagy a r\u00e9gi\u00f3ra, ahol tart\u00f3zkodik, \u00e9s tov\u00e1bbfejlesztett, szem\u00e9lyesebb funkci\u00f3kat biztos\u00edtanak. Haszn\u00e1lhat\u00f3k a k\u00e9rt szolg\u00e1ltat\u00e1sok biztos\u00edt\u00e1s\u00e1ra is, p\u00e9ld\u00e1ul vide\u00f3 n\u00e9z\u00e9s\u00e9re vagy bloghoz val\u00f3 megjegyz\u00e9sre.<\/p>\n\n\n\n<h3 class=\"wp-block-heading\">Rekl\u00e1ms\u00fctik<\/h3>\n\n\n\n<p>Ezeket a s\u00fctiket arra haszn\u00e1ljuk, hogy az \u00d6n \u00e9s \u00e9rdekl\u0151d\u00e9si k\u00f6re szempontj\u00e1b\u00f3l relev\u00e1nsabb hirdet\u00e9seket jelen\u00edtsenek meg. Arra is haszn\u00e1lj\u00e1k \u0151ket, hogy korl\u00e1tozz\u00e1k a hirdet\u00e9sek megjelen\u00e9s\u00e9nek sz\u00e1m\u00e1t, \u00e9s seg\u00edts\u00e9k a hirdet\u00e9si kamp\u00e1nyok hat\u00e9konys\u00e1g\u00e1nak m\u00e9r\u00e9s\u00e9t.<\/p>\n\n\n\n<h2 class=\"wp-block-heading\">Cookie-kezel\u00e9s<\/h2>\n\n\n\n<p>Amikor els\u0151 alkalommal l\u00e9p fel weboldalunkra, t\u00e1j\u00e9koztat\u00e1st kap a cookie-k haszn\u00e1lat\u00e1r\u00f3l, \u00e9s lehet\u0151s\u00e9ge lesz hozz\u00e1j\u00e1rulni azok haszn\u00e1lat\u00e1hoz. A cookie-kat a b\u00f6ng\u00e9sz\u0151 be\u00e1ll\u00edt\u00e1saiban is szab\u00e1lyozhatja \u00e9s kezelheti. Felh\u00edvjuk figyelm\u00e9t, hogy bizonyos t\u00edpus\u00fa cookie-k letilt\u00e1sa hat\u00e1ssal lehet a webhely m\u0171k\u00f6d\u00e9s\u00e9re \u00e9s a felhaszn\u00e1l\u00f3i \u00e9lm\u00e9nyre.<\/p>\n\n\n\n<h2 class=\"wp-block-heading\">Jelen szab\u00e1lyzat v\u00e1ltoz\u00e1sai<\/h2>\n\n\n\n<p>Id\u0151r\u0151l id\u0151re friss\u00edthetj\u00fck ezt a cookie-szab\u00e1lyzatot, hogy t\u00fckr\u00f6zze a cookie-haszn\u00e1lati gyakorlatunkban bek\u00f6vetkezett v\u00e1ltoz\u00e1sokat. Javasoljuk, hogy rendszeresen tekintse \u00e1t ezt a szab\u00e1lyzatot, hogy t\u00e1j\u00e9koz\u00f3djon az esetleges v\u00e1ltoz\u00e1sokr\u00f3l.<\/p>\n\n\n\n<p>Azzal, hogy ezen v\u00e1ltoz\u00e1sok ut\u00e1n tov\u00e1bbra is haszn\u00e1lja weboldalunkat, beleegyezik a cookie-k haszn\u00e1lat\u00e1ba a fel\u00fclvizsg\u00e1lt szab\u00e1lyzatnak megfelel\u0151en.<\/p>\n\n\n\n<h2 class=\"wp-block-heading\">\u00c9rintkez\u00e9s<\/h2>\n\n\n\n<p>Ha k\u00e9rd\u00e9se van a cookie-kra vonatkoz\u00f3 szab\u00e1lyzatunkkal vagy a weboldalunkon a cookie-k haszn\u00e1lat\u00e1val kapcsolatban, k\u00e9rj\u00fck, vegye fel vel\u00fcnk a kapcsolatot e-mailben:\u00a0<a>contact@rosstylepro.com<\/a>.<\/p>","protected":false},"excerpt":{"rendered":"<p>A Rosstylepro s\u00fctiket haszn\u00e1l a rosstylepro.com weboldal\u00e1n. A S\u00fcti Szab\u00e1lyzat elfogad\u00e1s\u00e1val \u00d6n hozz\u00e1j\u00e1rul a s\u00fctik haszn\u00e1lat\u00e1hoz a jelen szab\u00e1lyzatnak megfelel\u0151en. Ha nem \u00e9rt egyet a s\u00fctik haszn\u00e1lat\u00e1val, javasoljuk, hogy m\u00f3dos\u00edtsa b\u00f6ng\u00e9sz\u0151je be\u00e1ll\u00edt\u00e1sait, vagy hagyja abba weboldalunk haszn\u00e1lat\u00e1t. Mik azok a [\u2026]<\/p>","protected":false},"author":38,"featured_media":0,"parent":0,"menu_order":0,"comment_status":"closed","ping_status":"closed","template":"page-nosidebar.php","meta":{"footnotes":""},"yoast_head":"<!-- This site is optimized with the Yoast SEO plugin v23.3 - https:\/\/yoast.com\/wordpress\/plugins\/seo\/ -->\n<title>Pol\u00edtica de Cookies<\/title>\n<meta name=\"description\" content=\"Pol\u00edtica de Cookies, Rosstylepro utiliza cookies en su sitio web rosstylepro.com. Al aceptar nuestra Pol\u00edtica de Cookies, usted acepta el ...\" \/>\n<meta name=\"robots\" content=\"index, follow, max-snippet:-1, max-image-preview:large, max-video-preview:-1\" \/>\n<link rel=\"canonical\" href=\"https:\/\/rosstylepro.com\/hu\/politica-de-cookies\/\" \/>\n<meta property=\"og:locale\" content=\"hu_HU\" \/>\n<meta property=\"og:type\" content=\"article\" \/>\n<meta property=\"og:title\" content=\"Pol\u00edtica de Cookies\" \/>\n<meta property=\"og:description\" content=\"Pol\u00edtica de Cookies, Rosstylepro utiliza cookies en su sitio web rosstylepro.com. Al aceptar nuestra Pol\u00edtica de Cookies, usted acepta el ...\" \/>\n<meta property=\"og:url\" content=\"https:\/\/rosstylepro.com\/hu\/politica-de-cookies\/\" \/>\n<meta property=\"og:site_name\" content=\"RosstylePRO\" \/>\n<meta property=\"article:modified_time\" content=\"2025-01-17T16:25:36+00:00\" \/>\n<meta name=\"twitter:card\" content=\"summary_large_image\" \/>\n<meta name=\"twitter:label1\" content=\"Est. reading time\" \/>\n\t<meta name=\"twitter:data1\" content=\"3 perc\" \/>\n<script type=\"application\/ld+json\" class=\"yoast-schema-graph\">{\"@context\":\"https:\/\/schema.org\",\"@graph\":[{\"@type\":\"WebPage\",\"@id\":\"https:\/\/rosstylepro.com\/politica-de-cookies\/\",\"url\":\"https:\/\/rosstylepro.com\/politica-de-cookies\/\",\"name\":\"Pol\u00edtica de Cookies\",\"isPartOf\":{\"@id\":\"https:\/\/rosstylepro.com\/en\/#website\"},\"datePublished\":\"2024-05-02T15:20:15+00:00\",\"dateModified\":\"2025-01-17T16:25:36+00:00\",\"description\":\"Pol\u00edtica de Cookies, Rosstylepro utiliza cookies en su sitio web rosstylepro.com. Al aceptar nuestra Pol\u00edtica de Cookies, usted acepta el ...\",\"breadcrumb\":{\"@id\":\"https:\/\/rosstylepro.com\/politica-de-cookies\/#breadcrumb\"},\"inLanguage\":\"hu\",\"potentialAction\":[{\"@type\":\"ReadAction\",\"target\":[\"https:\/\/rosstylepro.com\/politica-de-cookies\/\"]}]},{\"@type\":\"BreadcrumbList\",\"@id\":\"https:\/\/rosstylepro.com\/politica-de-cookies\/#breadcrumb\",\"itemListElement\":[{\"@type\":\"ListItem\",\"position\":1,\"name\":\"Home\",\"item\":\"https:\/\/rosstylepro.com\/\"},{\"@type\":\"ListItem\",\"position\":2,\"name\":\"Pol\u00edtica de Cookies\"}]},{\"@type\":\"WebSite\",\"@id\":\"https:\/\/rosstylepro.com\/en\/#website\",\"url\":\"https:\/\/rosstylepro.com\/en\/\",\"name\":\"RosstylePRO\",\"description\":\"\",\"potentialAction\":[{\"@type\":\"SearchAction\",\"target\":{\"@type\":\"EntryPoint\",\"urlTemplate\":\"https:\/\/rosstylepro.com\/en\/?s={search_term_string}\"},\"query-input\":\"required name=search_term_string\"}],\"inLanguage\":\"hu\"}]}<\/script>\n<!-- \/ Yoast SEO plugin. -->","yoast_head_json":{"title":"Pol\u00edtica de Cookies","description":"Pol\u00edtica de Cookies, Rosstylepro utiliza cookies en su sitio web rosstylepro.com. Al aceptar nuestra Pol\u00edtica de Cookies, usted acepta el ...","robots":{"index":"index","follow":"follow","max-snippet":"max-snippet:-1","max-image-preview":"max-image-preview:large","max-video-preview":"max-video-preview:-1"},"canonical":"https:\/\/rosstylepro.com\/hu\/politica-de-cookies\/","og_locale":"hu_HU","og_type":"article","og_title":"Pol\u00edtica de Cookies","og_description":"Pol\u00edtica de Cookies, Rosstylepro utiliza cookies en su sitio web rosstylepro.com. Al aceptar nuestra Pol\u00edtica de Cookies, usted acepta el ...","og_url":"https:\/\/rosstylepro.com\/hu\/politica-de-cookies\/","og_site_name":"RosstylePRO","article_modified_time":"2025-01-17T16:25:36+00:00","twitter_card":"summary_large_image","twitter_misc":{"Est. reading time":"3 perc"},"schema":{"@context":"https:\/\/schema.org","@graph":[{"@type":"WebPage","@id":"https:\/\/rosstylepro.com\/politica-de-cookies\/","url":"https:\/\/rosstylepro.com\/politica-de-cookies\/","name":"Pol\u00edtica de Cookies","isPartOf":{"@id":"https:\/\/rosstylepro.com\/en\/#website"},"datePublished":"2024-05-02T15:20:15+00:00","dateModified":"2025-01-17T16:25:36+00:00","description":"Pol\u00edtica de Cookies, Rosstylepro utiliza cookies en su sitio web rosstylepro.com. Al aceptar nuestra Pol\u00edtica de Cookies, usted acepta el ...","breadcrumb":{"@id":"https:\/\/rosstylepro.com\/politica-de-cookies\/#breadcrumb"},"inLanguage":"hu","potentialAction":[{"@type":"ReadAction","target":["https:\/\/rosstylepro.com\/politica-de-cookies\/"]}]},{"@type":"BreadcrumbList","@id":"https:\/\/rosstylepro.com\/politica-de-cookies\/#breadcrumb","itemListElement":[{"@type":"ListItem","position":1,"name":"Home","item":"https:\/\/rosstylepro.com\/"},{"@type":"ListItem","position":2,"name":"Pol\u00edtica de Cookies"}]},{"@type":"WebSite","@id":"https:\/\/rosstylepro.com\/en\/#website","url":"https:\/\/rosstylepro.com\/en\/","name":"RosstylePRO","description":"","potentialAction":[{"@type":"SearchAction","target":{"@type":"EntryPoint","urlTemplate":"https:\/\/rosstylepro.com\/en\/?s={search_term_string}"},"query-input":"required name=search_term_string"}],"inLanguage":"hu"}]}},"_links":{"self":[{"href":"https:\/\/rosstylepro.com\/hu\/wp-json\/wp\/v2\/pages\/69"}],"collection":[{"href":"https:\/\/rosstylepro.com\/hu\/wp-json\/wp\/v2\/pages"}],"about":[{"href":"https:\/\/rosstylepro.com\/hu\/wp-json\/wp\/v2\/types\/page"}],"author":[{"embeddable":true,"href":"https:\/\/rosstylepro.com\/hu\/wp-json\/wp\/v2\/users\/38"}],"replies":[{"embeddable":true,"href":"https:\/\/rosstylepro.com\/hu\/wp-json\/wp\/v2\/comments?post=69"}],"version-history":[{"count":1,"href":"https:\/\/rosstylepro.com\/hu\/wp-json\/wp\/v2\/pages\/69\/revisions"}],"predecessor-version":[{"id":1562,"href":"https:\/\/rosstylepro.com\/hu\/wp-json\/wp\/v2\/pages\/69\/revisions\/1562"}],"wp:attachment":[{"href":"https:\/\/rosstylepro.com\/hu\/wp-json\/wp\/v2\/media?parent=69"}],"curies":[{"name":"wp","href":"https:\/\/api.w.org\/{rel}","templated":true}]}}