{"id":71,"date":"2024-05-02T12:36:23","date_gmt":"2024-05-02T15:36:23","guid":{"rendered":"https:\/\/rosstylepro.com\/?page_id=71"},"modified":"2025-01-17T16:25:36","modified_gmt":"2025-01-17T16:25:36","slug":"sobre-nosotros","status":"publish","type":"page","link":"https:\/\/rosstylepro.com\/hu\/sobre-nosotros\/","title":{"rendered":"R\u00f3lunk"},"content":{"rendered":"<p><br>\u00dcdv\u00f6z\u00f6lj\u00fck a Rosstylepro digit\u00e1lis t\u00e9rben, amelyet a k\u00edv\u00e1ncsis\u00e1g meg\u00fcnnepl\u00e9s\u00e9re, az innov\u00e1ci\u00f3 felfedez\u00e9s\u00e9re \u00e9s az egyed\u00fcl\u00e1ll\u00f3 \u00e9lm\u00e9nyek megoszt\u00e1s\u00e1ra terveztek a technol\u00f3gia \u00e9s a sz\u00f3rakoz\u00e1s hatalmas vil\u00e1g\u00e1ban. A Kirito \u00e9s a New \u00e1ltal alap\u00edtott, t\u00f6bb mint 10 elk\u00f6telezett munkat\u00e1rsb\u00f3l \u00e1ll\u00f3 csapattal egy\u00fctt a Rosstylepro a kifejez\u00e9s ir\u00e1nti ig\u00e9nyb\u0151l \u00e9s az \u00faj t\u00e1vlatok felfedez\u00e9s\u00e9nek szenved\u00e9ly\u00e9b\u0151l sz\u00fcletett a technol\u00f3gia \u00e9s a mag\u00e1val ragad\u00f3 t\u00f6rt\u00e9netmes\u00e9l\u00e9s metsz\u00e9spontj\u00e1ban.<\/p>\n\n\n\n<h3 class=\"wp-block-heading\">T\u00f6rt\u00e9net\u00fcnk \u00e9s c\u00e9lunk<\/h3>\n\n\n\n<p>Az eg\u00e9sz azzal az egyszer\u0171 \u00f6tlettel kezd\u0151d\u00f6tt, hogy olyan platformot biztos\u00edtsunk, ahol a k\u00edv\u00e1ncsis\u00e1g vir\u00e1gozhat. Id\u0151vel r\u00e1j\u00f6tt\u00fcnk, hogy nem csak az alkalmaz\u00e1sok vagy technol\u00f3gi\u00e1k bemutat\u00e1s\u00e1r\u00f3l van sz\u00f3, hanem arr\u00f3l, hogy olyan mag\u00e1val ragad\u00f3 t\u00f6rt\u00e9neteket mes\u00e9lj\u00fcnk el, amelyek inspir\u00e1lj\u00e1k olvas\u00f3inkat. \u00cdgy alakult ki k\u00fcldet\u00e9s\u00fcnk: t\u00f6rt\u00e9neteket mes\u00e9lni, \u00fajdons\u00e1gokat bemutatni, \u00e9s tartalmas tapasztalatokat megosztani egy \u00e9l\u00e9nk \u00e9s elk\u00f6telezett k\u00f6z\u00f6ss\u00e9ggel.<\/p>\n\n\n\n<h3 class=\"wp-block-heading\">Rosstylepro lelke: K\u00f6z\u00f6ss\u00e9g\u00fcnk<\/h3>\n\n\n\n<p>Tudjuk, hogy a Rosstylepro nem lenne az, ami a k\u00f6z\u00f6ss\u00e9g\u00fcnk n\u00e9lk\u00fcl. Minden tagot nagyra \u00e9rt\u00e9kel\u00fcnk, \u00e9s arra t\u00f6reksz\u00fcnk, hogy olyan befogad\u00f3 \u00e9s egy\u00fcttm\u0171k\u00f6d\u00e9sen alapul\u00f3 k\u00f6rnyezetet hozzunk l\u00e9tre, ahol mindenki megoszthatja \u00f6tleteit, v\u00e9lem\u00e9ny\u00e9t \u00e9s felfedez\u00e9seit. A k\u00f6z\u00f6ss\u00e9g\u00fcnkkel val\u00f3 folyamatos interakci\u00f3 seg\u00edt meg\u0151rizni az \u00e1ltalunk k\u00edn\u00e1lt tartalom relevanci\u00e1j\u00e1t \u00e9s min\u0151s\u00e9g\u00e9t.<\/p>\n\n\n\n<h3 class=\"wp-block-heading\">\u00daj horizontok felfedez\u00e9se: technol\u00f3gia \u00e9s sz\u00f3rakoztat\u00e1s<\/h3>\n\n\n\n<p>A Rosstylepro n\u00f6veked\u00e9s\u00e9vel igyeksz\u00fcnk pozit\u00edvan befoly\u00e1solni a technol\u00f3giai \u00e9s sz\u00f3rakoztat\u00f3ipart is. Folyamatosan keress\u00fck az innovat\u00edv \u00e9s inspir\u00e1l\u00f3 tartalmak bemutat\u00e1s\u00e1nak \u00faj m\u00f3djait, valamint az emberek \u00e9let\u00e9t jav\u00edt\u00f3 alkalmaz\u00e1sok \u00e9s technol\u00f3gi\u00e1k fejleszt\u00e9s\u00e9t.<\/p>\n\n\n\n<h3 class=\"wp-block-heading\">Elk\u00f6telezetts\u00e9g\u00fcnk a min\u0151s\u00e9g ir\u00e1nt<\/h3>\n\n\n\n<p>A min\u0151s\u00e9g a legfontosabb a Rosstylepron\u00e1l. Tartalmunk kiv\u00e1l\u00f3s\u00e1g\u00e1nak biztos\u00edt\u00e1sa \u00e9rdek\u00e9ben elk\u00f6telezett \u00e9s tapasztalt k\u00f6zrem\u0171k\u00f6d\u0151kb\u0151l \u00e1ll\u00f3 csapatunk van. Kiterjedt kutat\u00e1st v\u00e9gz\u00fcnk, \u00e9s csak azt mutatjuk be, amit t\u00e9nylegesen haszn\u00e1lunk, \u00e9s \u00fagy v\u00e9lj\u00fck, hogy relev\u00e1ns \u00e9s hasznos k\u00f6z\u00f6ss\u00e9g\u00fcnk sz\u00e1m\u00e1ra.<\/p>\n\n\n\n<h3 class=\"wp-block-heading\">Amit a Rosstylepro-n\u00e1l tal\u00e1l<\/h3>\n\n\n\n<p>Oldalunkon tartalmak sz\u00e9les sk\u00e1l\u00e1j\u00e1t k\u00edn\u00e1ljuk minden \u00e9rdekl\u0151d\u00e9si k\u00f6rnek. Az alkalmaz\u00e1s alapos \u00e1ttekint\u00e9s\u00e9t\u0151l a technikai apr\u00f3s\u00e1gokig a c\u00e9lunk, hogy olyan \u00e1tfog\u00f3 \u00e9lm\u00e9nyt ny\u00fajtsunk, amely t\u00falmutat az egyszer\u0171 technikai inform\u00e1ci\u00f3kon. Minden cikket vagy elemz\u00e9st egy mag\u00e1val ragad\u00f3 narrat\u00edva k\u00eds\u00e9r, hogy m\u00e9g mag\u00e1val ragad\u00f3bb legyen az olvas\u00e1si \u00e9lm\u00e9ny.<\/p>\n\n\n\n<h3 class=\"wp-block-heading\">Sz\u00f3rakoz\u00e1s \u00e9s tud\u00e1s egy helyen<\/h3>\n\n\n\n<p>Hisz\u00fcnk abban, hogy a sz\u00f3rakoztat\u00e1s \u00e9s a tud\u00e1s k\u00e9z a k\u00e9zben j\u00e1rhat a Rosstylepron\u00e1l. \u00c9ppen ez\u00e9rt a technikai elemz\u00e9sek \u00e9s inform\u00e1ci\u00f3k mellett a sz\u00f3rakoztat\u00e1sra \u00e9s a technol\u00f3gia emberi oldal\u00e1ra koncentr\u00e1l\u00f3 tartalmakat is k\u00edn\u00e1lunk. Minden lehets\u00e9ges m\u00f3don szeretn\u00e9nk inspir\u00e1lni, t\u00e1j\u00e9koztatni \u00e9s sz\u00f3rakoztatni olvas\u00f3inkat.<\/p>\n\n\n\n<h3 class=\"wp-block-heading\">A Rosstylepro j\u00f6v\u0151je<\/h3>\n\n\n\n<p>A Rosstylepro j\u00f6v\u0151je izgalmas \u00e9s lehet\u0151s\u00e9gekkel teli. Folyamatosan \u00faj utakat keres\u00fcnk az innov\u00e1ci\u00f3ra \u00e9s a m\u00e9g jobb \u00e9lm\u00e9ny biztos\u00edt\u00e1s\u00e1ra k\u00f6z\u00f6ss\u00e9g\u00fcnk sz\u00e1m\u00e1ra. Azt tervezz\u00fck, hogy b\u0151v\u00edtj\u00fck tartalmainkat, \u00faj t\u00e9m\u00e1kat fedez\u00fcnk fel, \u00e9s tov\u00e1bbra is megb\u00edzhat\u00f3 inform\u00e1ci\u00f3- \u00e9s sz\u00f3rakoz\u00e1si forr\u00e1s maradunk minden technol\u00f3giai rajong\u00f3 sz\u00e1m\u00e1ra.<\/p>\n\n\n\n<h3 class=\"wp-block-heading\">Vegye fel vel\u00fcnk a kapcsolatot \u00e9s csatlakozzon a kalandhoz<\/h3>\n\n\n\n<p>Nagyra \u00e9rt\u00e9kelj\u00fck k\u00f6z\u00f6ss\u00e9g\u00fcnk \u00e9szrev\u00e9teleit, javaslatait \u00e9s \u00f6tleteit. Ha b\u00e1rmilyen k\u00e9rd\u00e9se, \u00e9szrev\u00e9tele van, vagy szeretn\u00e9 megosztani vel\u00fcnk tapasztalatait, ne habozzon kapcsolatba l\u00e9pni vel\u00fcnk. Az \u00d6n v\u00e9lem\u00e9nye d\u00f6nt\u0151 sz\u00e1munkra!<\/p>\n\n\n\n<p>Nagyra \u00e9rt\u00e9kelj\u00fck, hogy r\u00e9szese lehet a Rosstylepro kalandnak. Egy\u00fctt \u00faj t\u00e1vlatokat fedez\u00fcnk fel, \u00fcnnepelj\u00fck a k\u00edv\u00e1ncsis\u00e1got \u00e9s az innov\u00e1ci\u00f3t, \u00e9s tov\u00e1bbra is inspir\u00e1ljuk egym\u00e1st ezen az izgalmas technol\u00f3giai \u00e9s emberi utaz\u00e1son.<\/p>","protected":false},"excerpt":{"rendered":"<p>\u00dcdv\u00f6zl\u00fcnk a Rosstylepro-ban, egy digit\u00e1lis t\u00e9rben, amelyet a k\u00edv\u00e1ncsis\u00e1g \u00fcnnepl\u00e9s\u00e9re, az innov\u00e1ci\u00f3 felfedez\u00e9s\u00e9re \u00e9s az egyedi \u00e9lm\u00e9nyek megoszt\u00e1s\u00e1ra terveztek a technol\u00f3gia \u00e9s a sz\u00f3rakoztat\u00e1s hatalmas vil\u00e1g\u00e1ban. Kirito \u00e9s New, valamint t\u00f6bb mint 10 elk\u00f6telezett munkat\u00e1rsb\u00f3l \u00e1ll\u00f3 csapat alap\u00edtotta a Rosstylepro-t, amely a kifejez\u00e9s ir\u00e1nti ig\u00e9nyb\u0151l \u00e9s a [\u2026] ir\u00e1nti szenved\u00e9lyb\u0151l sz\u00fcletett.<\/p>","protected":false},"author":38,"featured_media":0,"parent":0,"menu_order":0,"comment_status":"closed","ping_status":"closed","template":"page-nosidebar.php","meta":{"footnotes":""},"yoast_head":"<!-- This site is optimized with the Yoast SEO plugin v23.3 - https:\/\/yoast.com\/wordpress\/plugins\/seo\/ -->\n<title>Sobre Nosotros - RosstylePRO<\/title>\n<meta name=\"robots\" content=\"index, follow, max-snippet:-1, max-image-preview:large, max-video-preview:-1\" \/>\n<link rel=\"canonical\" href=\"https:\/\/rosstylepro.com\/hu\/sobre-nosotros\/\" \/>\n<meta property=\"og:locale\" content=\"hu_HU\" \/>\n<meta property=\"og:type\" content=\"article\" \/>\n<meta property=\"og:title\" content=\"Sobre Nosotros - RosstylePRO\" \/>\n<meta property=\"og:description\" content=\"Bienvenidos a Rosstylepro, un espacio digital dise\u00f1ado para celebrar la curiosidad, explorar la innovaci\u00f3n y compartir experiencias \u00fanicas en el vasto mundo de la tecnolog\u00eda y el entretenimiento. Fundado por Kirito y New, junto con un equipo de m\u00e1s de 10 colaboradores dedicados, Rosstylepro surgi\u00f3 de la necesidad de expresi\u00f3n y de la pasi\u00f3n por [&hellip;]\" \/>\n<meta property=\"og:url\" content=\"https:\/\/rosstylepro.com\/hu\/sobre-nosotros\/\" \/>\n<meta property=\"og:site_name\" content=\"RosstylePRO\" \/>\n<meta property=\"article:modified_time\" content=\"2025-01-17T16:25:36+00:00\" \/>\n<meta name=\"twitter:card\" content=\"summary_large_image\" \/>\n<meta name=\"twitter:label1\" content=\"Est. reading time\" \/>\n\t<meta name=\"twitter:data1\" content=\"3 perc\" \/>\n<script type=\"application\/ld+json\" class=\"yoast-schema-graph\">{\"@context\":\"https:\/\/schema.org\",\"@graph\":[{\"@type\":\"WebPage\",\"@id\":\"https:\/\/rosstylepro.com\/sobre-nosotros\/\",\"url\":\"https:\/\/rosstylepro.com\/sobre-nosotros\/\",\"name\":\"Sobre Nosotros - RosstylePRO\",\"isPartOf\":{\"@id\":\"https:\/\/rosstylepro.com\/en\/#website\"},\"datePublished\":\"2024-05-02T15:36:23+00:00\",\"dateModified\":\"2025-01-17T16:25:36+00:00\",\"breadcrumb\":{\"@id\":\"https:\/\/rosstylepro.com\/sobre-nosotros\/#breadcrumb\"},\"inLanguage\":\"hu\",\"potentialAction\":[{\"@type\":\"ReadAction\",\"target\":[\"https:\/\/rosstylepro.com\/sobre-nosotros\/\"]}]},{\"@type\":\"BreadcrumbList\",\"@id\":\"https:\/\/rosstylepro.com\/sobre-nosotros\/#breadcrumb\",\"itemListElement\":[{\"@type\":\"ListItem\",\"position\":1,\"name\":\"Home\",\"item\":\"https:\/\/rosstylepro.com\/\"},{\"@type\":\"ListItem\",\"position\":2,\"name\":\"Sobre Nosotros\"}]},{\"@type\":\"WebSite\",\"@id\":\"https:\/\/rosstylepro.com\/en\/#website\",\"url\":\"https:\/\/rosstylepro.com\/en\/\",\"name\":\"RosstylePRO\",\"description\":\"\",\"potentialAction\":[{\"@type\":\"SearchAction\",\"target\":{\"@type\":\"EntryPoint\",\"urlTemplate\":\"https:\/\/rosstylepro.com\/en\/?s={search_term_string}\"},\"query-input\":\"required name=search_term_string\"}],\"inLanguage\":\"hu\"}]}<\/script>\n<!-- \/ Yoast SEO plugin. -->","yoast_head_json":{"title":"Sobre Nosotros - RosstylePRO","robots":{"index":"index","follow":"follow","max-snippet":"max-snippet:-1","max-image-preview":"max-image-preview:large","max-video-preview":"max-video-preview:-1"},"canonical":"https:\/\/rosstylepro.com\/hu\/sobre-nosotros\/","og_locale":"hu_HU","og_type":"article","og_title":"Sobre Nosotros - RosstylePRO","og_description":"Bienvenidos a Rosstylepro, un espacio digital dise\u00f1ado para celebrar la curiosidad, explorar la innovaci\u00f3n y compartir experiencias \u00fanicas en el vasto mundo de la tecnolog\u00eda y el entretenimiento. Fundado por Kirito y New, junto con un equipo de m\u00e1s de 10 colaboradores dedicados, Rosstylepro surgi\u00f3 de la necesidad de expresi\u00f3n y de la pasi\u00f3n por [&hellip;]","og_url":"https:\/\/rosstylepro.com\/hu\/sobre-nosotros\/","og_site_name":"RosstylePRO","article_modified_time":"2025-01-17T16:25:36+00:00","twitter_card":"summary_large_image","twitter_misc":{"Est. reading time":"3 perc"},"schema":{"@context":"https:\/\/schema.org","@graph":[{"@type":"WebPage","@id":"https:\/\/rosstylepro.com\/sobre-nosotros\/","url":"https:\/\/rosstylepro.com\/sobre-nosotros\/","name":"Sobre Nosotros - RosstylePRO","isPartOf":{"@id":"https:\/\/rosstylepro.com\/en\/#website"},"datePublished":"2024-05-02T15:36:23+00:00","dateModified":"2025-01-17T16:25:36+00:00","breadcrumb":{"@id":"https:\/\/rosstylepro.com\/sobre-nosotros\/#breadcrumb"},"inLanguage":"hu","potentialAction":[{"@type":"ReadAction","target":["https:\/\/rosstylepro.com\/sobre-nosotros\/"]}]},{"@type":"BreadcrumbList","@id":"https:\/\/rosstylepro.com\/sobre-nosotros\/#breadcrumb","itemListElement":[{"@type":"ListItem","position":1,"name":"Home","item":"https:\/\/rosstylepro.com\/"},{"@type":"ListItem","position":2,"name":"Sobre Nosotros"}]},{"@type":"WebSite","@id":"https:\/\/rosstylepro.com\/en\/#website","url":"https:\/\/rosstylepro.com\/en\/","name":"RosstylePRO","description":"","potentialAction":[{"@type":"SearchAction","target":{"@type":"EntryPoint","urlTemplate":"https:\/\/rosstylepro.com\/en\/?s={search_term_string}"},"query-input":"required name=search_term_string"}],"inLanguage":"hu"}]}},"_links":{"self":[{"href":"https:\/\/rosstylepro.com\/hu\/wp-json\/wp\/v2\/pages\/71"}],"collection":[{"href":"https:\/\/rosstylepro.com\/hu\/wp-json\/wp\/v2\/pages"}],"about":[{"href":"https:\/\/rosstylepro.com\/hu\/wp-json\/wp\/v2\/types\/page"}],"author":[{"embeddable":true,"href":"https:\/\/rosstylepro.com\/hu\/wp-json\/wp\/v2\/users\/38"}],"replies":[{"embeddable":true,"href":"https:\/\/rosstylepro.com\/hu\/wp-json\/wp\/v2\/comments?post=71"}],"version-history":[{"count":1,"href":"https:\/\/rosstylepro.com\/hu\/wp-json\/wp\/v2\/pages\/71\/revisions"}],"predecessor-version":[{"id":1564,"href":"https:\/\/rosstylepro.com\/hu\/wp-json\/wp\/v2\/pages\/71\/revisions\/1564"}],"wp:attachment":[{"href":"https:\/\/rosstylepro.com\/hu\/wp-json\/wp\/v2\/media?parent=71"}],"curies":[{"name":"wp","href":"https:\/\/api.w.org\/{rel}","templated":true}]}}