{"id":117,"date":"2024-05-03T12:02:42","date_gmt":"2024-05-03T15:02:42","guid":{"rendered":"https:\/\/rosstylepro.com\/?page_id=117"},"modified":"2025-01-17T16:25:35","modified_gmt":"2025-01-17T16:25:35","slug":"condiciones-de-uso","status":"publish","type":"page","link":"https:\/\/rosstylepro.com\/id\/condiciones-de-uso\/","title":{"rendered":"Ketentuan penggunaan"},"content":{"rendered":"<h2 class=\"wp-block-heading\">1.Syarat dan Ketentuan Umum<\/h2>\n\n\n\n<p>Dengan mengakses situs web <a href=\"https:\/\/rosstylepro.com\/id\/\">Rosstylepro<\/a> Anda setuju untuk terikat dengan Ketentuan Layanan ini, semua hukum dan peraturan yang berlaku, dan setuju bahwa Anda bertanggung jawab untuk mematuhi hukum setempat yang berlaku. Jika Anda tidak setuju dengan salah satu ketentuan ini, Anda dilarang menggunakan atau mengakses situs ini. Materi yang terdapat di situs ini dilindungi oleh hukum hak cipta dan merek dagang yang berlaku.<\/p>\n\n\n\n<h2 class=\"wp-block-heading\">2. Lisensi penggunaan<\/h2>\n\n\n\n<p>Diberikan izin untuk mengunduh sementara satu salinan materi (informasi atau perangkat lunak) di situs web\u00a0<a href=\"https:\/\/curioiogo.com\/\"><\/a><a href=\"https:\/\/rosstylepro.com\/id\/\">Rosstylepro<\/a> Hanya untuk penggunaan pribadi, non-komersial, dan sementara. Ini adalah pemberian lisensi, bukan pengalihan hak milik, dan berdasarkan lisensi ini Anda tidak boleh<\/p>\n\n\n\n<ol class=\"wp-block-list\">\n<li>mengubah atau menyalin materi;<\/li>\n\n\n\n<li>menggunakan materi untuk tujuan komersial atau untuk tampilan publik (komersial atau non-komersial);<\/li>\n\n\n\n<li>mencoba mendekompilasi atau merekayasa ulang perangkat lunak apa pun yang terdapat di Situs\u00a0<a href=\"https:\/\/rosstylepro.com\/id\/\">Rosstylepro<\/a>;<\/li>\n\n\n\n<li>menghapus hak cipta atau notasi hak milik lainnya dari materi tersebut; atau<\/li>\n\n\n\n<li>mentransfer materi ke orang lain atau \u201cmencerminkan\u201d materi di server lain mana pun.<\/li>\n<\/ol>\n\n\n\n<p>Lisensi ini akan berakhir secara otomatis jika Anda melanggar salah satu batasan ini dan dapat diakhiri oleh\u00a0<a href=\"https:\/\/curioiogo.com\/\"><\/a><a href=\"https:\/\/rosstylepro.com\/id\/\">Rosstylepro<\/a> kapan saja. Saat Anda berhenti melihat materi ini atau saat lisensi ini berakhir, Anda harus menghapus semua materi yang diunduh yang Anda miliki, baik dalam format elektronik maupun cetak.<\/p>\n\n\n\n<h2 class=\"wp-block-heading\">3. Penafian<\/h2>\n\n\n\n<p>Materi yang ada di situs web\u00a0<a href=\"https:\/\/curioiogo.com\/\"><\/a><a href=\"https:\/\/rosstylepro.com\/id\/\">Rosstylepro<\/a> disediakan \u201capa adanya\u201d.\u00a0<a href=\"https:\/\/curioiogo.com\/\"><\/a>Rosstylepro tidak memberikan jaminan, baik tersurat maupun tersirat, dan dengan ini menyangkal dan meniadakan semua jaminan lainnya, termasuk namun tidak terbatas pada, jaminan atau ketentuan tersirat tentang kelayakan untuk diperjualbelikan, kesesuaian untuk tujuan tertentu, atau tidak adanya pelanggaran hak kekayaan intelektual atau pelanggaran hak lainnya.<\/p>\n\n\n\n<p>Di samping itu,\u00a0<a href=\"https:\/\/rosstylepro.com\/id\/\">Rosstylepro<\/a> tidak memberikan jaminan atau membuat pernyataan apa pun mengenai keakuratan, kemungkinan hasil, atau keandalan penggunaan materi di situs web Internetnya atau yang berkaitan dengan materi tersebut atau di situs mana pun yang tertaut ke situs ini.<\/p>\n\n\n\n<h2 class=\"wp-block-heading\">4. Keterbatasan<\/h2>\n\n\n\n<p>Sama sekali tidak\u00a0<a href=\"https:\/\/curioiogo.com\/\"><\/a><a href=\"https:\/\/rosstylepro.com\/id\/\">Rosstylepro<\/a> atau pemasoknya akan bertanggung jawab atas segala kerusakan (termasuk, namun tidak terbatas pada, kerusakan karena kehilangan data atau keuntungan, atau karena gangguan bisnis) yang timbul dari penggunaan atau ketidakmampuan penggunaan materi di\u00a0<a href=\"http:\/\/tekamaster.com\/\"><\/a><a href=\"https:\/\/curioiogo.com\/\"><\/a><a href=\"https:\/\/rosstylepre.com\/\"><\/a><a href=\"https:\/\/rosstylepro.com\/id\/\"><\/a><a href=\"https:\/\/rosstylepro.com\/id\/\">Rosstylepro<\/a>, bahkan jika\u00a0<a href=\"https:\/\/rosstylepro.com\/id\/\">Rosstylepro<\/a> atau perwakilan resmi dari\u00a0<a href=\"https:\/\/rosstylepro.com\/id\/\">Rosstylepro<\/a> telah diberitahu secara lisan atau tertulis tentang kemungkinan kerusakan tersebut. Karena beberapa yurisdiksi tidak mengizinkan pembatasan pada jaminan tersirat, atau pembatasan tanggung jawab atas kerusakan konsekuensial atau insidental, pembatasan ini mungkin tidak berlaku bagi Anda.<\/p>\n\n\n\n<h2 class=\"wp-block-heading\">5. Akurasi bahan<\/h2>\n\n\n\n<p>Materi yang muncul di situs web\u00a0<a href=\"https:\/\/rosstylepro.com\/id\/\">Rosstylepro<\/a> dapat mencakup kesalahan teknis, tipografi, atau fotografi.\u00a0<a href=\"https:\/\/rosstylepro.com\/id\/\">Rosstylepro<\/a> tidak menjamin bahwa materi apa pun di situs webnya akurat, lengkap, atau terkini.\u00a0<a href=\"https:\/\/rosstylepro.com\/id\/\">Rosstylepro<\/a> dapat membuat perubahan pada materi yang terdapat di situs webnya kapan saja tanpa pemberitahuan. Namun,\u00a0<a href=\"https:\/\/rosstylepro.com\/id\/\">Rosstylepro<\/a> tidak membuat komitmen untuk memperbarui materi.<\/p>\n\n\n\n<h2 class=\"wp-block-heading\">6. Tautan<\/h2>\n\n\n\n<p><a href=\"https:\/\/rosstylepro.com\/id\/\">Rosstylepro<\/a> belum meninjau semua situs yang terhubung ke situs webnya dan tidak bertanggung jawab atas konten situs yang terhubung tersebut. Penyertaan tautan apa pun tidak menyiratkan dukungan terhadap situs tersebut oleh\u00a0<a href=\"http:\/\/tekamaster.com\/\"><\/a><a href=\"https:\/\/curioiogo.com\/\"><\/a><a href=\"https:\/\/rosstylepre.com\/\"><\/a><a href=\"https:\/\/rosstylepro.com\/id\/\"><\/a><a href=\"https:\/\/rosstylepro.com\/id\/\">Rosstylepro<\/a>Penggunaan situs apa pun yang tertaut merupakan risiko pengguna sendiri.<\/p>\n\n\n\n<h3 class=\"wp-block-heading\">Modifikasi<\/h3>\n\n\n\n<p><a href=\"https:\/\/rosstylepro.com\/id\/\">Rosstylepro<\/a> dapat merevisi ketentuan layanan ini untuk situs webnya kapan saja tanpa pemberitahuan sebelumnya. Dengan menggunakan situs ini, Anda setuju untuk terikat oleh versi terkini dari ketentuan layanan ini.<\/p>\n\n\n\n<h3 class=\"wp-block-heading\">Peraturan perundang-undangan yang berlaku<\/h3>\n\n\n\n<p>Syarat dan ketentuan ini diatur dan ditafsirkan sesuai dengan hukum\u00a0<a href=\"https:\/\/rosstylepro.com\/id\/\">Rosstylepro<\/a> dan Anda secara tidak dapat ditarik kembali tunduk pada yurisdiksi eksklusif pengadilan negara bagian atau wilayah tersebut.<\/p>","protected":false},"excerpt":{"rendered":"<p>1. Syarat dan Ketentuan Umum Dengan mengakses situs web Rosstylepro, Anda setuju untuk terikat oleh Ketentuan Layanan ini, semua hukum dan peraturan yang berlaku, dan setuju bahwa Anda bertanggung jawab untuk mematuhi hukum setempat yang berlaku. Jika Anda tidak setuju dengan salah satu syarat dan ketentuan ini, Anda dilarang menggunakan atau mengakses situs web.<\/p>","protected":false},"author":38,"featured_media":0,"parent":0,"menu_order":0,"comment_status":"closed","ping_status":"closed","template":"page-nosidebar.php","meta":{"footnotes":""},"yoast_head":"<!-- This site is optimized with the Yoast SEO plugin v23.3 - https:\/\/yoast.com\/wordpress\/plugins\/seo\/ -->\n<title>Condiciones de uso - RosstylePRO<\/title>\n<meta name=\"robots\" content=\"index, follow, max-snippet:-1, max-image-preview:large, max-video-preview:-1\" \/>\n<link rel=\"canonical\" href=\"https:\/\/rosstylepro.com\/id\/condiciones-de-uso\/\" \/>\n<meta property=\"og:locale\" content=\"id_ID\" \/>\n<meta property=\"og:type\" content=\"article\" \/>\n<meta property=\"og:title\" content=\"Condiciones de uso - RosstylePRO\" \/>\n<meta property=\"og:description\" content=\"1.Condiciones generales Al acceder al sitio web de Rosstylepro usted acepta quedar vinculado por estas condiciones de servicio, todas las leyes y reglamentos aplicables, y acepta que es responsable del cumplimiento de cualquier ley local aplicable. Si usted no est\u00e1 de acuerdo con cualquiera de estos t\u00e9rminos, se le proh\u00edbe el uso o acceso a [&hellip;]\" \/>\n<meta property=\"og:url\" content=\"https:\/\/rosstylepro.com\/id\/condiciones-de-uso\/\" \/>\n<meta property=\"og:site_name\" content=\"RosstylePRO\" \/>\n<meta property=\"article:modified_time\" content=\"2025-01-17T16:25:35+00:00\" \/>\n<meta name=\"twitter:card\" content=\"summary_large_image\" \/>\n<meta name=\"twitter:label1\" content=\"Est. reading time\" \/>\n\t<meta name=\"twitter:data1\" content=\"4 menit\" \/>\n<script type=\"application\/ld+json\" class=\"yoast-schema-graph\">{\"@context\":\"https:\/\/schema.org\",\"@graph\":[{\"@type\":\"WebPage\",\"@id\":\"https:\/\/rosstylepro.com\/condiciones-de-uso\/\",\"url\":\"https:\/\/rosstylepro.com\/condiciones-de-uso\/\",\"name\":\"Condiciones de uso - RosstylePRO\",\"isPartOf\":{\"@id\":\"https:\/\/rosstylepro.com\/en\/#website\"},\"datePublished\":\"2024-05-03T15:02:42+00:00\",\"dateModified\":\"2025-01-17T16:25:35+00:00\",\"breadcrumb\":{\"@id\":\"https:\/\/rosstylepro.com\/condiciones-de-uso\/#breadcrumb\"},\"inLanguage\":\"id\",\"potentialAction\":[{\"@type\":\"ReadAction\",\"target\":[\"https:\/\/rosstylepro.com\/condiciones-de-uso\/\"]}]},{\"@type\":\"BreadcrumbList\",\"@id\":\"https:\/\/rosstylepro.com\/condiciones-de-uso\/#breadcrumb\",\"itemListElement\":[{\"@type\":\"ListItem\",\"position\":1,\"name\":\"Home\",\"item\":\"https:\/\/rosstylepro.com\/\"},{\"@type\":\"ListItem\",\"position\":2,\"name\":\"Condiciones de uso\"}]},{\"@type\":\"WebSite\",\"@id\":\"https:\/\/rosstylepro.com\/en\/#website\",\"url\":\"https:\/\/rosstylepro.com\/en\/\",\"name\":\"RosstylePRO\",\"description\":\"\",\"potentialAction\":[{\"@type\":\"SearchAction\",\"target\":{\"@type\":\"EntryPoint\",\"urlTemplate\":\"https:\/\/rosstylepro.com\/en\/?s={search_term_string}\"},\"query-input\":\"required name=search_term_string\"}],\"inLanguage\":\"id\"}]}<\/script>\n<!-- \/ Yoast SEO plugin. -->","yoast_head_json":{"title":"Condiciones de uso - RosstylePRO","robots":{"index":"index","follow":"follow","max-snippet":"max-snippet:-1","max-image-preview":"max-image-preview:large","max-video-preview":"max-video-preview:-1"},"canonical":"https:\/\/rosstylepro.com\/id\/condiciones-de-uso\/","og_locale":"id_ID","og_type":"article","og_title":"Condiciones de uso - RosstylePRO","og_description":"1.Condiciones generales Al acceder al sitio web de Rosstylepro usted acepta quedar vinculado por estas condiciones de servicio, todas las leyes y reglamentos aplicables, y acepta que es responsable del cumplimiento de cualquier ley local aplicable. Si usted no est\u00e1 de acuerdo con cualquiera de estos t\u00e9rminos, se le proh\u00edbe el uso o acceso a [&hellip;]","og_url":"https:\/\/rosstylepro.com\/id\/condiciones-de-uso\/","og_site_name":"RosstylePRO","article_modified_time":"2025-01-17T16:25:35+00:00","twitter_card":"summary_large_image","twitter_misc":{"Est. reading time":"4 menit"},"schema":{"@context":"https:\/\/schema.org","@graph":[{"@type":"WebPage","@id":"https:\/\/rosstylepro.com\/condiciones-de-uso\/","url":"https:\/\/rosstylepro.com\/condiciones-de-uso\/","name":"Condiciones de uso - RosstylePRO","isPartOf":{"@id":"https:\/\/rosstylepro.com\/en\/#website"},"datePublished":"2024-05-03T15:02:42+00:00","dateModified":"2025-01-17T16:25:35+00:00","breadcrumb":{"@id":"https:\/\/rosstylepro.com\/condiciones-de-uso\/#breadcrumb"},"inLanguage":"id","potentialAction":[{"@type":"ReadAction","target":["https:\/\/rosstylepro.com\/condiciones-de-uso\/"]}]},{"@type":"BreadcrumbList","@id":"https:\/\/rosstylepro.com\/condiciones-de-uso\/#breadcrumb","itemListElement":[{"@type":"ListItem","position":1,"name":"Home","item":"https:\/\/rosstylepro.com\/"},{"@type":"ListItem","position":2,"name":"Condiciones de uso"}]},{"@type":"WebSite","@id":"https:\/\/rosstylepro.com\/en\/#website","url":"https:\/\/rosstylepro.com\/en\/","name":"RosstylePRO","description":"","potentialAction":[{"@type":"SearchAction","target":{"@type":"EntryPoint","urlTemplate":"https:\/\/rosstylepro.com\/en\/?s={search_term_string}"},"query-input":"required name=search_term_string"}],"inLanguage":"id"}]}},"_links":{"self":[{"href":"https:\/\/rosstylepro.com\/id\/wp-json\/wp\/v2\/pages\/117"}],"collection":[{"href":"https:\/\/rosstylepro.com\/id\/wp-json\/wp\/v2\/pages"}],"about":[{"href":"https:\/\/rosstylepro.com\/id\/wp-json\/wp\/v2\/types\/page"}],"author":[{"embeddable":true,"href":"https:\/\/rosstylepro.com\/id\/wp-json\/wp\/v2\/users\/38"}],"replies":[{"embeddable":true,"href":"https:\/\/rosstylepro.com\/id\/wp-json\/wp\/v2\/comments?post=117"}],"version-history":[{"count":1,"href":"https:\/\/rosstylepro.com\/id\/wp-json\/wp\/v2\/pages\/117\/revisions"}],"predecessor-version":[{"id":1560,"href":"https:\/\/rosstylepro.com\/id\/wp-json\/wp\/v2\/pages\/117\/revisions\/1560"}],"wp:attachment":[{"href":"https:\/\/rosstylepro.com\/id\/wp-json\/wp\/v2\/media?parent=117"}],"curies":[{"name":"wp","href":"https:\/\/api.w.org\/{rel}","templated":true}]}}