{"id":69,"date":"2024-05-02T12:20:15","date_gmt":"2024-05-02T15:20:15","guid":{"rendered":"https:\/\/rosstylepro.com\/?page_id=69"},"modified":"2025-01-17T16:25:36","modified_gmt":"2025-01-17T16:25:36","slug":"politica-de-cookies","status":"publish","type":"page","link":"https:\/\/rosstylepro.com\/id\/politica-de-cookies\/","title":{"rendered":"Kebijakan Cookie"},"content":{"rendered":"<p>Rosstylepro menggunakan cookie di situs webnya rosstylepro.com. Dengan menyetujui Kebijakan Cookie kami, Anda menyetujui penggunaan cookie sesuai dengan kebijakan ini. Jika Anda tidak setuju dengan penggunaan cookie, kami sarankan Anda menyesuaikan pengaturan browser Anda atau berhenti menggunakan situs web kami.<\/p>\n\n\n\n<h2 class=\"wp-block-heading\">Apa itu Cookie?<\/h2>\n\n\n\n<p>Cookie merupakan berkas teks kecil yang disimpan situs web di perangkat Anda saat Anda mengunjunginya. Berkas-berkas ini berisi informasi yang dapat diambil oleh situs web untuk berbagai tujuan, seperti mengingat preferensi bahasa Anda, mengoptimalkan pengalaman penelusuran Anda, dan mengumpulkan informasi tentang penggunaan situs.<\/p>\n\n\n\n<h2 class=\"wp-block-heading\">Jenis Cookie yang Digunakan<\/h2>\n\n\n\n<h3 class=\"wp-block-heading\">Cookie yang Diperlukan<\/h3>\n\n\n\n<p>Cookie ini penting agar situs web berfungsi dan tidak dapat dinonaktifkan di sistem kami. Cookie tersebut biasanya hanya ditetapkan sebagai respons terhadap tindakan yang Anda lakukan, yang merupakan permintaan layanan, seperti menetapkan preferensi privasi, masuk, atau mengisi formulir.<\/p>\n\n\n\n<h3 class=\"wp-block-heading\">Kuki Performa<\/h3>\n\n\n\n<p>Cookie ini membantu kami memahami bagaimana pengunjung berinteraksi dengan situs web kami dengan memberikan informasi tentang area yang dikunjungi, waktu yang dihabiskan di situs, dan masalah apa pun yang dihadapi, seperti pesan kesalahan. Ini membantu kami meningkatkan kinerja situs dan menyempurnakan pengalaman pengguna Anda.<\/p>\n\n\n\n<h3 class=\"wp-block-heading\">Cookie Fungsional<\/h3>\n\n\n\n<p>Cookie ini memungkinkan situs web mengingat pilihan yang Anda buat, seperti nama pengguna, bahasa, atau wilayah, dan menyediakan fitur yang ditingkatkan dan lebih personal. Mereka juga dapat digunakan untuk menyediakan layanan yang diminta, seperti menonton video atau memberi komentar di blog.<\/p>\n\n\n\n<h3 class=\"wp-block-heading\">Cookie Periklanan<\/h3>\n\n\n\n<p>Cookie ini digunakan untuk menyediakan iklan yang lebih relevan bagi Anda dan minat Anda. Mereka juga digunakan untuk membatasi berapa kali Anda melihat iklan dan membantu mengukur efektivitas kampanye iklan.<\/p>\n\n\n\n<h2 class=\"wp-block-heading\">Manajemen Cookie<\/h2>\n\n\n\n<p>Saat Anda mengakses situs web kami untuk pertama kalinya, Anda akan diberitahu tentang penggunaan cookie dan memiliki pilihan untuk menyetujui penggunaannya. Anda juga dapat mengontrol dan mengelola cookie di pengaturan browser Anda. Harap perhatikan bahwa menonaktifkan jenis cookie tertentu dapat memengaruhi fungsionalitas situs web dan pengalaman pengguna Anda.<\/p>\n\n\n\n<h2 class=\"wp-block-heading\">Perubahan pada Kebijakan ini<\/h2>\n\n\n\n<p>Kami dapat memperbarui kebijakan kuki ini secara berkala untuk mencerminkan perubahan dalam praktik penggunaan kuki kami. Kami menyarankan agar Anda meninjau kebijakan ini secara berkala untuk tetap mendapat informasi tentang perubahan apa pun.<\/p>\n\n\n\n<p>Dengan terus menggunakan situs web kami setelah perubahan ini, Anda menyetujui penggunaan cookie sesuai dengan kebijakan yang direvisi.<\/p>\n\n\n\n<h2 class=\"wp-block-heading\">Kontak<\/h2>\n\n\n\n<p>Jika Anda memiliki pertanyaan tentang kebijakan cookie kami atau penggunaan cookie di situs web kami, silakan hubungi kami melalui email:\u00a0<a>kontak@rosstylepro.com<\/a>.<\/p>","protected":false},"excerpt":{"rendered":"<p>Rosstylepro menggunakan cookie di situs webnya rosstylepro.com. Dengan menyetujui Kebijakan Cookie kami, Anda menyetujui penggunaan cookie sesuai dengan kebijakan ini. Jika Anda tidak setuju dengan penggunaan cookie, kami sarankan Anda menyesuaikan pengaturan browser Anda atau berhenti menggunakan situs web kami. Apa itu [\u2026]<\/p>","protected":false},"author":38,"featured_media":0,"parent":0,"menu_order":0,"comment_status":"closed","ping_status":"closed","template":"page-nosidebar.php","meta":{"footnotes":""},"yoast_head":"<!-- This site is optimized with the Yoast SEO plugin v23.3 - https:\/\/yoast.com\/wordpress\/plugins\/seo\/ -->\n<title>Pol\u00edtica de Cookies<\/title>\n<meta name=\"description\" content=\"Pol\u00edtica de Cookies, Rosstylepro utiliza cookies en su sitio web rosstylepro.com. Al aceptar nuestra Pol\u00edtica de Cookies, usted acepta el ...\" \/>\n<meta name=\"robots\" content=\"index, follow, max-snippet:-1, max-image-preview:large, max-video-preview:-1\" \/>\n<link rel=\"canonical\" href=\"https:\/\/rosstylepro.com\/id\/politica-de-cookies\/\" \/>\n<meta property=\"og:locale\" content=\"id_ID\" \/>\n<meta property=\"og:type\" content=\"article\" \/>\n<meta property=\"og:title\" content=\"Pol\u00edtica de Cookies\" \/>\n<meta property=\"og:description\" content=\"Pol\u00edtica de Cookies, Rosstylepro utiliza cookies en su sitio web rosstylepro.com. Al aceptar nuestra Pol\u00edtica de Cookies, usted acepta el ...\" \/>\n<meta property=\"og:url\" content=\"https:\/\/rosstylepro.com\/id\/politica-de-cookies\/\" \/>\n<meta property=\"og:site_name\" content=\"RosstylePRO\" \/>\n<meta property=\"article:modified_time\" content=\"2025-01-17T16:25:36+00:00\" \/>\n<meta name=\"twitter:card\" content=\"summary_large_image\" \/>\n<meta name=\"twitter:label1\" content=\"Est. reading time\" \/>\n\t<meta name=\"twitter:data1\" content=\"3 menit\" \/>\n<script type=\"application\/ld+json\" class=\"yoast-schema-graph\">{\"@context\":\"https:\/\/schema.org\",\"@graph\":[{\"@type\":\"WebPage\",\"@id\":\"https:\/\/rosstylepro.com\/politica-de-cookies\/\",\"url\":\"https:\/\/rosstylepro.com\/politica-de-cookies\/\",\"name\":\"Pol\u00edtica de Cookies\",\"isPartOf\":{\"@id\":\"https:\/\/rosstylepro.com\/en\/#website\"},\"datePublished\":\"2024-05-02T15:20:15+00:00\",\"dateModified\":\"2025-01-17T16:25:36+00:00\",\"description\":\"Pol\u00edtica de Cookies, Rosstylepro utiliza cookies en su sitio web rosstylepro.com. Al aceptar nuestra Pol\u00edtica de Cookies, usted acepta el ...\",\"breadcrumb\":{\"@id\":\"https:\/\/rosstylepro.com\/politica-de-cookies\/#breadcrumb\"},\"inLanguage\":\"id\",\"potentialAction\":[{\"@type\":\"ReadAction\",\"target\":[\"https:\/\/rosstylepro.com\/politica-de-cookies\/\"]}]},{\"@type\":\"BreadcrumbList\",\"@id\":\"https:\/\/rosstylepro.com\/politica-de-cookies\/#breadcrumb\",\"itemListElement\":[{\"@type\":\"ListItem\",\"position\":1,\"name\":\"Home\",\"item\":\"https:\/\/rosstylepro.com\/\"},{\"@type\":\"ListItem\",\"position\":2,\"name\":\"Pol\u00edtica de Cookies\"}]},{\"@type\":\"WebSite\",\"@id\":\"https:\/\/rosstylepro.com\/en\/#website\",\"url\":\"https:\/\/rosstylepro.com\/en\/\",\"name\":\"RosstylePRO\",\"description\":\"\",\"potentialAction\":[{\"@type\":\"SearchAction\",\"target\":{\"@type\":\"EntryPoint\",\"urlTemplate\":\"https:\/\/rosstylepro.com\/en\/?s={search_term_string}\"},\"query-input\":\"required name=search_term_string\"}],\"inLanguage\":\"id\"}]}<\/script>\n<!-- \/ Yoast SEO plugin. -->","yoast_head_json":{"title":"Pol\u00edtica de Cookies","description":"Pol\u00edtica de Cookies, Rosstylepro utiliza cookies en su sitio web rosstylepro.com. Al aceptar nuestra Pol\u00edtica de Cookies, usted acepta el ...","robots":{"index":"index","follow":"follow","max-snippet":"max-snippet:-1","max-image-preview":"max-image-preview:large","max-video-preview":"max-video-preview:-1"},"canonical":"https:\/\/rosstylepro.com\/id\/politica-de-cookies\/","og_locale":"id_ID","og_type":"article","og_title":"Pol\u00edtica de Cookies","og_description":"Pol\u00edtica de Cookies, Rosstylepro utiliza cookies en su sitio web rosstylepro.com. Al aceptar nuestra Pol\u00edtica de Cookies, usted acepta el ...","og_url":"https:\/\/rosstylepro.com\/id\/politica-de-cookies\/","og_site_name":"RosstylePRO","article_modified_time":"2025-01-17T16:25:36+00:00","twitter_card":"summary_large_image","twitter_misc":{"Est. reading time":"3 menit"},"schema":{"@context":"https:\/\/schema.org","@graph":[{"@type":"WebPage","@id":"https:\/\/rosstylepro.com\/politica-de-cookies\/","url":"https:\/\/rosstylepro.com\/politica-de-cookies\/","name":"Pol\u00edtica de Cookies","isPartOf":{"@id":"https:\/\/rosstylepro.com\/en\/#website"},"datePublished":"2024-05-02T15:20:15+00:00","dateModified":"2025-01-17T16:25:36+00:00","description":"Pol\u00edtica de Cookies, Rosstylepro utiliza cookies en su sitio web rosstylepro.com. Al aceptar nuestra Pol\u00edtica de Cookies, usted acepta el ...","breadcrumb":{"@id":"https:\/\/rosstylepro.com\/politica-de-cookies\/#breadcrumb"},"inLanguage":"id","potentialAction":[{"@type":"ReadAction","target":["https:\/\/rosstylepro.com\/politica-de-cookies\/"]}]},{"@type":"BreadcrumbList","@id":"https:\/\/rosstylepro.com\/politica-de-cookies\/#breadcrumb","itemListElement":[{"@type":"ListItem","position":1,"name":"Home","item":"https:\/\/rosstylepro.com\/"},{"@type":"ListItem","position":2,"name":"Pol\u00edtica de Cookies"}]},{"@type":"WebSite","@id":"https:\/\/rosstylepro.com\/en\/#website","url":"https:\/\/rosstylepro.com\/en\/","name":"RosstylePRO","description":"","potentialAction":[{"@type":"SearchAction","target":{"@type":"EntryPoint","urlTemplate":"https:\/\/rosstylepro.com\/en\/?s={search_term_string}"},"query-input":"required name=search_term_string"}],"inLanguage":"id"}]}},"_links":{"self":[{"href":"https:\/\/rosstylepro.com\/id\/wp-json\/wp\/v2\/pages\/69"}],"collection":[{"href":"https:\/\/rosstylepro.com\/id\/wp-json\/wp\/v2\/pages"}],"about":[{"href":"https:\/\/rosstylepro.com\/id\/wp-json\/wp\/v2\/types\/page"}],"author":[{"embeddable":true,"href":"https:\/\/rosstylepro.com\/id\/wp-json\/wp\/v2\/users\/38"}],"replies":[{"embeddable":true,"href":"https:\/\/rosstylepro.com\/id\/wp-json\/wp\/v2\/comments?post=69"}],"version-history":[{"count":1,"href":"https:\/\/rosstylepro.com\/id\/wp-json\/wp\/v2\/pages\/69\/revisions"}],"predecessor-version":[{"id":1562,"href":"https:\/\/rosstylepro.com\/id\/wp-json\/wp\/v2\/pages\/69\/revisions\/1562"}],"wp:attachment":[{"href":"https:\/\/rosstylepro.com\/id\/wp-json\/wp\/v2\/media?parent=69"}],"curies":[{"name":"wp","href":"https:\/\/api.w.org\/{rel}","templated":true}]}}