{"id":117,"date":"2024-05-03T12:02:42","date_gmt":"2024-05-03T15:02:42","guid":{"rendered":"https:\/\/rosstylepro.com\/?page_id=117"},"modified":"2025-01-17T16:25:35","modified_gmt":"2025-01-17T16:25:35","slug":"condiciones-de-uso","status":"publish","type":"page","link":"https:\/\/rosstylepro.com\/it\/condiciones-de-uso\/","title":{"rendered":"Termini di utilizzo"},"content":{"rendered":"<h2 class=\"wp-block-heading\">1.Condizioni generali<\/h2>\n\n\n\n<p>Accedendo al sito web di <a href=\"https:\/\/rosstylepro.com\/it\/\">Rosstylepro<\/a> Accetti di essere vincolato dai presenti Termini di servizio, da tutte le leggi e i regolamenti applicabili e accetti di essere responsabile del rispetto di tutte le leggi locali applicabili. Se non accetti uno qualsiasi di questi termini, ti \u00e8 vietato utilizzare o accedere a questo sito. I materiali contenuti in questo sito sono protetti dalle leggi applicabili sul copyright e sui marchi.<\/p>\n\n\n\n<h2 class=\"wp-block-heading\">2.Licenza d&#039;uso<\/h2>\n\n\n\n<p>\u00c8 concesso il permesso di scaricare temporaneamente una copia dei materiali (informazioni o software) sul sito web di\u00a0<a href=\"https:\/\/curioiogo.com\/\"><\/a><a href=\"https:\/\/rosstylepro.com\/it\/\">Rosstylepro<\/a> Solo per uso personale, non commerciale e transitorio. Questa \u00e8 la concessione di una licenza, non un trasferimento di titolo, e con questa licenza non puoi<\/p>\n\n\n\n<ol class=\"wp-block-list\">\n<li>modificare o copiare i materiali;<\/li>\n\n\n\n<li>utilizzare i materiali per scopi commerciali o per esposizione pubblica (commerciale o non commerciale);<\/li>\n\n\n\n<li>tentare di decompilare o decodificare qualsiasi software contenuto nel sito\u00a0<a href=\"https:\/\/rosstylepro.com\/it\/\">Rosstylepro<\/a>;<\/li>\n\n\n\n<li>rimuovere qualsiasi copyright o altra notazione proprietaria dai materiali; O<\/li>\n\n\n\n<li>trasferire i materiali a un&#039;altra persona o &quot;mirrorare&quot; i materiali su qualsiasi altro server.<\/li>\n<\/ol>\n\n\n\n<p>Questa licenza terminer\u00e0 automaticamente in caso di violazione di una qualsiasi di queste restrizioni e potrebbe essere terminata da\u00a0<a href=\"https:\/\/curioiogo.com\/\"><\/a><a href=\"https:\/\/rosstylepro.com\/it\/\">Rosstylepro<\/a> ogni volta. Al termine della visualizzazione di questi materiali o al termine della presente licenza, \u00e8 necessario eliminare qualsiasi materiale scaricato in proprio possesso, sia in formato elettronico che stampato.<\/p>\n\n\n\n<h2 class=\"wp-block-heading\">3. Dichiarazione di non responsabilit\u00e0<\/h2>\n\n\n\n<p>I materiali presenti sul sito\u00a0<a href=\"https:\/\/curioiogo.com\/\"><\/a><a href=\"https:\/\/rosstylepro.com\/it\/\">Rosstylepro<\/a> Vengono forniti &quot;cos\u00ec come sono&quot;.\u00a0<a href=\"https:\/\/curioiogo.com\/\"><\/a>Rosstylepro non fornisce alcuna garanzia, espressa o implicita, e con la presente declina e nega tutte le altre garanzie, incluse, senza limitazioni, garanzie implicite o condizioni di commerciabilit\u00e0, idoneit\u00e0 per uno scopo particolare o non violazione della propriet\u00e0 intellettuale o qualsiasi altra violazione dei diritti.<\/p>\n\n\n\n<p>Oltretutto,\u00a0<a href=\"https:\/\/rosstylepro.com\/it\/\">Rosstylepro<\/a> non garantisce n\u00e9 rilascia alcuna dichiarazione riguardante l&#039;accuratezza, i probabili risultati o l&#039;affidabilit\u00e0 dell&#039;uso dei materiali sul proprio sito Internet o altrimenti relativi a tali materiali o su qualsiasi sito collegato a questo sito.<\/p>\n\n\n\n<h2 class=\"wp-block-heading\">4.Limitazioni<\/h2>\n\n\n\n<p>In nessun caso\u00a0<a href=\"https:\/\/curioiogo.com\/\"><\/a><a href=\"https:\/\/rosstylepro.com\/it\/\">Rosstylepro<\/a> o i suoi fornitori saranno responsabili per eventuali danni (inclusi, senza limitazione, danni per perdita di dati o profitti o dovuti a interruzione dell&#039;attivit\u00e0) derivanti dall&#039;uso o dall&#039;impossibilit\u00e0 di utilizzare i materiali su\u00a0<a href=\"http:\/\/tekamaster.com\/\"><\/a><a href=\"https:\/\/curioiogo.com\/\"><\/a><a href=\"https:\/\/rosstylepre.com\/\"><\/a><a href=\"https:\/\/rosstylepro.com\/it\/\"><\/a><a href=\"https:\/\/rosstylepro.com\/it\/\">Rosstylepro<\/a>, anche se\u00a0<a href=\"https:\/\/rosstylepro.com\/it\/\">Rosstylepro<\/a> o un rappresentante autorizzato di\u00a0<a href=\"https:\/\/rosstylepro.com\/it\/\">Rosstylepro<\/a> \u00e8 stato informato oralmente o per iscritto della possibilit\u00e0 di tali danni. Poich\u00e9 alcune giurisdizioni non consentono limitazioni sulle garanzie implicite o limitazioni di responsabilit\u00e0 per danni consequenziali o incidentali, tali limitazioni potrebbero non applicarsi all&#039;utente.<\/p>\n\n\n\n<h2 class=\"wp-block-heading\">5.Precisione dei materiali<\/h2>\n\n\n\n<p>I materiali che appaiono sul sito web di\u00a0<a href=\"https:\/\/rosstylepro.com\/it\/\">Rosstylepro<\/a> potrebbero includere errori tecnici, tipografici o fotografici.\u00a0<a href=\"https:\/\/rosstylepro.com\/it\/\">Rosstylepro<\/a> non garantisce che nessuno dei materiali presenti sul proprio sito web sia accurato, completo o aggiornato.\u00a0<a href=\"https:\/\/rosstylepro.com\/it\/\">Rosstylepro<\/a> pu\u00f2 apportare modifiche ai materiali contenuti nel proprio sito web in qualsiasi momento e senza preavviso. Tuttavia\u00a0<a href=\"https:\/\/rosstylepro.com\/it\/\">Rosstylepro<\/a> non si impegna ad aggiornare i materiali.<\/p>\n\n\n\n<h2 class=\"wp-block-heading\">6.Collegamenti<\/h2>\n\n\n\n<p><a href=\"https:\/\/rosstylepro.com\/it\/\">Rosstylepro<\/a> non ha esaminato tutti i siti collegati al proprio sito Web e non \u00e8 responsabile del contenuto di tali siti collegati. L&#039;inclusione di qualsiasi collegamento non implica l&#039;approvazione del sito da parte di\u00a0<a href=\"http:\/\/tekamaster.com\/\"><\/a><a href=\"https:\/\/curioiogo.com\/\"><\/a><a href=\"https:\/\/rosstylepre.com\/\"><\/a><a href=\"https:\/\/rosstylepro.com\/it\/\"><\/a><a href=\"https:\/\/rosstylepro.com\/it\/\">Rosstylepro<\/a>. L&#039;utilizzo di qualsiasi sito collegato \u00e8 a rischio e pericolo dell&#039;utente.<\/p>\n\n\n\n<h3 class=\"wp-block-heading\">Modifiche<\/h3>\n\n\n\n<p><a href=\"https:\/\/rosstylepro.com\/it\/\">Rosstylepro<\/a> pu\u00f2 modificare i presenti termini di servizio per il proprio sito Web in qualsiasi momento senza preavviso. Utilizzando questo sito, accetti di essere vincolato dalla versione attuale di questi termini di servizio.<\/p>\n\n\n\n<h3 class=\"wp-block-heading\">Legislazione applicabile<\/h3>\n\n\n\n<p>I presenti termini e condizioni sono regolati e interpretati in conformit\u00e0 con le leggi di\u00a0<a href=\"https:\/\/rosstylepro.com\/it\/\">Rosstylepro<\/a> e ti sottoponi irrevocabilmente alla giurisdizione esclusiva dei tribunali di tale stato o localit\u00e0.<\/p>","protected":false},"excerpt":{"rendered":"<p>1. Termini e condizioni generali Accedendo al sito web di Rosstylepro, accetti di essere vincolato dai presenti Termini di servizio, da tutte le leggi e i regolamenti applicabili e accetti di essere responsabile del rispetto di tutte le leggi locali applicabili. Se non accetti uno qualsiasi di questi termini e condizioni, ti \u00e8 vietato utilizzare o accedere al sito web.<\/p>","protected":false},"author":38,"featured_media":0,"parent":0,"menu_order":0,"comment_status":"closed","ping_status":"closed","template":"page-nosidebar.php","meta":{"footnotes":""},"yoast_head":"<!-- This site is optimized with the Yoast SEO plugin v23.3 - https:\/\/yoast.com\/wordpress\/plugins\/seo\/ -->\n<title>Condiciones de uso - RosstylePRO<\/title>\n<meta name=\"robots\" content=\"index, follow, max-snippet:-1, max-image-preview:large, max-video-preview:-1\" \/>\n<link rel=\"canonical\" href=\"https:\/\/rosstylepro.com\/it\/condiciones-de-uso\/\" \/>\n<meta property=\"og:locale\" content=\"it_IT\" \/>\n<meta property=\"og:type\" content=\"article\" \/>\n<meta property=\"og:title\" content=\"Condiciones de uso - RosstylePRO\" \/>\n<meta property=\"og:description\" content=\"1.Condiciones generales Al acceder al sitio web de Rosstylepro usted acepta quedar vinculado por estas condiciones de servicio, todas las leyes y reglamentos aplicables, y acepta que es responsable del cumplimiento de cualquier ley local aplicable. Si usted no est\u00e1 de acuerdo con cualquiera de estos t\u00e9rminos, se le proh\u00edbe el uso o acceso a [&hellip;]\" \/>\n<meta property=\"og:url\" content=\"https:\/\/rosstylepro.com\/it\/condiciones-de-uso\/\" \/>\n<meta property=\"og:site_name\" content=\"RosstylePRO\" \/>\n<meta property=\"article:modified_time\" content=\"2025-01-17T16:25:35+00:00\" \/>\n<meta name=\"twitter:card\" content=\"summary_large_image\" \/>\n<meta name=\"twitter:label1\" content=\"Est. reading time\" \/>\n\t<meta name=\"twitter:data1\" content=\"4 minuti\" \/>\n<script type=\"application\/ld+json\" class=\"yoast-schema-graph\">{\"@context\":\"https:\/\/schema.org\",\"@graph\":[{\"@type\":\"WebPage\",\"@id\":\"https:\/\/rosstylepro.com\/condiciones-de-uso\/\",\"url\":\"https:\/\/rosstylepro.com\/condiciones-de-uso\/\",\"name\":\"Condiciones de uso - RosstylePRO\",\"isPartOf\":{\"@id\":\"https:\/\/rosstylepro.com\/en\/#website\"},\"datePublished\":\"2024-05-03T15:02:42+00:00\",\"dateModified\":\"2025-01-17T16:25:35+00:00\",\"breadcrumb\":{\"@id\":\"https:\/\/rosstylepro.com\/condiciones-de-uso\/#breadcrumb\"},\"inLanguage\":\"it-IT\",\"potentialAction\":[{\"@type\":\"ReadAction\",\"target\":[\"https:\/\/rosstylepro.com\/condiciones-de-uso\/\"]}]},{\"@type\":\"BreadcrumbList\",\"@id\":\"https:\/\/rosstylepro.com\/condiciones-de-uso\/#breadcrumb\",\"itemListElement\":[{\"@type\":\"ListItem\",\"position\":1,\"name\":\"Home\",\"item\":\"https:\/\/rosstylepro.com\/\"},{\"@type\":\"ListItem\",\"position\":2,\"name\":\"Condiciones de uso\"}]},{\"@type\":\"WebSite\",\"@id\":\"https:\/\/rosstylepro.com\/en\/#website\",\"url\":\"https:\/\/rosstylepro.com\/en\/\",\"name\":\"RosstylePRO\",\"description\":\"\",\"potentialAction\":[{\"@type\":\"SearchAction\",\"target\":{\"@type\":\"EntryPoint\",\"urlTemplate\":\"https:\/\/rosstylepro.com\/en\/?s={search_term_string}\"},\"query-input\":\"required name=search_term_string\"}],\"inLanguage\":\"it-IT\"}]}<\/script>\n<!-- \/ Yoast SEO plugin. -->","yoast_head_json":{"title":"Condiciones de uso - RosstylePRO","robots":{"index":"index","follow":"follow","max-snippet":"max-snippet:-1","max-image-preview":"max-image-preview:large","max-video-preview":"max-video-preview:-1"},"canonical":"https:\/\/rosstylepro.com\/it\/condiciones-de-uso\/","og_locale":"it_IT","og_type":"article","og_title":"Condiciones de uso - RosstylePRO","og_description":"1.Condiciones generales Al acceder al sitio web de Rosstylepro usted acepta quedar vinculado por estas condiciones de servicio, todas las leyes y reglamentos aplicables, y acepta que es responsable del cumplimiento de cualquier ley local aplicable. Si usted no est\u00e1 de acuerdo con cualquiera de estos t\u00e9rminos, se le proh\u00edbe el uso o acceso a [&hellip;]","og_url":"https:\/\/rosstylepro.com\/it\/condiciones-de-uso\/","og_site_name":"RosstylePRO","article_modified_time":"2025-01-17T16:25:35+00:00","twitter_card":"summary_large_image","twitter_misc":{"Est. reading time":"4 minuti"},"schema":{"@context":"https:\/\/schema.org","@graph":[{"@type":"WebPage","@id":"https:\/\/rosstylepro.com\/condiciones-de-uso\/","url":"https:\/\/rosstylepro.com\/condiciones-de-uso\/","name":"Condiciones de uso - RosstylePRO","isPartOf":{"@id":"https:\/\/rosstylepro.com\/en\/#website"},"datePublished":"2024-05-03T15:02:42+00:00","dateModified":"2025-01-17T16:25:35+00:00","breadcrumb":{"@id":"https:\/\/rosstylepro.com\/condiciones-de-uso\/#breadcrumb"},"inLanguage":"it-IT","potentialAction":[{"@type":"ReadAction","target":["https:\/\/rosstylepro.com\/condiciones-de-uso\/"]}]},{"@type":"BreadcrumbList","@id":"https:\/\/rosstylepro.com\/condiciones-de-uso\/#breadcrumb","itemListElement":[{"@type":"ListItem","position":1,"name":"Home","item":"https:\/\/rosstylepro.com\/"},{"@type":"ListItem","position":2,"name":"Condiciones de uso"}]},{"@type":"WebSite","@id":"https:\/\/rosstylepro.com\/en\/#website","url":"https:\/\/rosstylepro.com\/en\/","name":"RosstylePRO","description":"","potentialAction":[{"@type":"SearchAction","target":{"@type":"EntryPoint","urlTemplate":"https:\/\/rosstylepro.com\/en\/?s={search_term_string}"},"query-input":"required name=search_term_string"}],"inLanguage":"it-IT"}]}},"_links":{"self":[{"href":"https:\/\/rosstylepro.com\/it\/wp-json\/wp\/v2\/pages\/117"}],"collection":[{"href":"https:\/\/rosstylepro.com\/it\/wp-json\/wp\/v2\/pages"}],"about":[{"href":"https:\/\/rosstylepro.com\/it\/wp-json\/wp\/v2\/types\/page"}],"author":[{"embeddable":true,"href":"https:\/\/rosstylepro.com\/it\/wp-json\/wp\/v2\/users\/38"}],"replies":[{"embeddable":true,"href":"https:\/\/rosstylepro.com\/it\/wp-json\/wp\/v2\/comments?post=117"}],"version-history":[{"count":1,"href":"https:\/\/rosstylepro.com\/it\/wp-json\/wp\/v2\/pages\/117\/revisions"}],"predecessor-version":[{"id":1560,"href":"https:\/\/rosstylepro.com\/it\/wp-json\/wp\/v2\/pages\/117\/revisions\/1560"}],"wp:attachment":[{"href":"https:\/\/rosstylepro.com\/it\/wp-json\/wp\/v2\/media?parent=117"}],"curies":[{"name":"wp","href":"https:\/\/api.w.org\/{rel}","templated":true}]}}