{"id":66,"date":"2024-05-02T12:17:37","date_gmt":"2024-05-02T15:17:37","guid":{"rendered":"https:\/\/rosstylepro.com\/?page_id=66"},"modified":"2025-01-17T16:25:36","modified_gmt":"2025-01-17T16:25:36","slug":"politica-de-privacidad","status":"publish","type":"page","link":"https:\/\/rosstylepro.com\/it\/politica-de-privacidad\/","title":{"rendered":"politica sulla riservatezza"},"content":{"rendered":"<p>La tua privacy \u00e8 importante per noi. In Rosstylepro \u00e8 nostra politica rispettare la tua privacy in merito a qualsiasi informazione che possiamo raccogliere sul sito Rosstylepro e su altri siti che possediamo e gestiamo.<\/p>\n\n\n\n<p>Richiediamo informazioni personali solo quando ne abbiamo veramente bisogno per fornirti un servizio. Lo facciamo in modo equo e legale, con la tua conoscenza e il tuo consenso. Ti spieghiamo anche perch\u00e9 raccogliamo tali informazioni e come le utilizzeremo.<\/p>\n\n\n\n<p>Conserviamo le informazioni raccolte solo per il tempo necessario a fornire il servizio richiesto. Quando archiviamo i dati, li proteggiamo con modalit\u00e0 commercialmente accettabili per prevenirne la perdita, il furto, l&#039;accesso non autorizzato, la divulgazione, la copia, l&#039;uso o la modifica.<\/p>\n\n\n\n<p>Non condividiamo informazioni di identificazione personale pubblicamente o con terze parti, tranne quando richiesto dalla legge.<\/p>\n\n\n\n<p>Il nostro sito pu\u00f2 contenere collegamenti a siti esterni che non sono gestiti da noi. Tieni presente che non abbiamo alcun controllo sul contenuto e sulle pratiche di questi siti e non possiamo essere responsabili delle rispettive politiche sulla privacy.<\/p>\n\n\n\n<p>Sei libero di rifiutare la nostra richiesta di informazioni personali, anche se tieni presente che potremmo non essere in grado di fornirti alcuni servizi desiderati.<\/p>\n\n\n\n<p>L&#039;uso continuato del nostro sito sar\u00e0 considerato accettazione delle nostre pratiche in materia di privacy e informazioni personali. Se hai domande su come gestiamo i dati degli utenti e le informazioni personali, ti preghiamo di contattarci.<\/p>\n\n\n\n<h2 class=\"wp-block-heading\">Sicurezza del sito Rosstylepro<\/h2>\n\n\n\n<p>Il sito \u00e8 affidabile e sicuro per l&#039;utente come riportato da Site Check. La pagina controlla le informazioni sul sito per identificare potenziali problemi di sicurezza.<\/p>\n\n\n\n<h2 class=\"wp-block-heading\">Politica sui cookie di Rosstylepro<\/h2>\n\n\n\n<p><strong>Cosa sono i cookie?<\/strong><\/p>\n\n\n\n<p>Come \u00e8 comune con quasi tutti i siti Web professionali, questo sito utilizza i cookie, che sono piccoli file scaricati sul tuo computer per migliorare la tua esperienza. Questa pagina descrive quali informazioni raccolgono, come le utilizziamo e perch\u00e9 a volte abbiamo bisogno di memorizzare questi cookie. Ti mostreremo anche come impedire la memorizzazione di questi cookie, sebbene ci\u00f2 possa influire sulla funzionalit\u00e0 del sito.<\/p>\n\n\n\n<p><strong>Come utilizziamo i cookie?<\/strong><\/p>\n\n\n\n<p>Utilizziamo i cookie per diversi motivi, descritti di seguito. Sfortunatamente, nella maggior parte dei casi, non esistono opzioni standard del settore per disabilitare i cookie senza disabilitare completamente le funzionalit\u00e0 e le caratteristiche che aggiungono a questo sito. Si consiglia di lasciare attivati tutti i cookie se non si \u00e8 sicuri se ne avete bisogno o meno, nel caso in cui vengano utilizzati per fornire un servizio che utilizzate.<\/p>\n\n\n\n<p><strong>Disattivazione dei cookie<\/strong><\/p>\n\n\n\n<p>Puoi impedire l&#039;impostazione dei cookie modificando le impostazioni del browser (consulta la guida del browser per sapere come eseguire questa operazione). Tieni presente che la disattivazione dei cookie influir\u00e0 sulla funzionalit\u00e0 di questo e di molti altri siti visitati. La disabilitazione dei cookie generalmente comporter\u00e0 la disabilitazione di alcune funzionalit\u00e0 e caratteristiche di questo sito. Pertanto si consiglia di non disabilitare i cookie.<\/p>\n\n\n\n<p><strong>Cookie che impostiamo<\/strong><\/p>\n\n\n\n<ul>\n<li>Cookie relativi all&#039;account<br><br>Se crei un account con noi, utilizzeremo i cookie per gestire il processo di registrazione e l&#039;amministrazione generale. Questi cookie verranno solitamente cancellati quando ti disconnetti, ma in alcuni casi potrebbero rimanere per ricordare le tue preferenze del sito quando esci.<\/li>\n\n\n\n<li>Cookie relativi al login<br><br>Utilizziamo i cookie quando accedi per ricordare quell&#039;azione. Ci\u00f2 ti evita di dover effettuare il login ogni volta che visiti una nuova pagina. Questi cookie vengono solitamente eliminati quando ti disconnetti per garantire che tu possa accedere a funzionalit\u00e0 e aree riservate solo dopo aver effettuato l&#039;accesso.<\/li>\n\n\n\n<li>Cookie relativi alle newsletter via email<br><br>Questo sito offre servizi di newsletter o iscrizione via email e i cookie potrebbero essere utilizzati per ricordare se sei gi\u00e0 registrato e se dobbiamo visualizzare determinate notifiche valide solo per gli utenti registrati\/non registrati.<\/li>\n\n\n\n<li>Cookie relativi all&#039;elaborazione degli ordini<br><br>Questo sito offre servizi di e-commerce o di pagamento e alcuni cookie sono essenziali per garantire che il tuo ordine venga ricordato tra le pagine in modo che possiamo elaborarlo correttamente.<\/li>\n\n\n\n<li>Cookie relativi ai sondaggi<br><br>Di tanto in tanto, offriamo sondaggi e questionari per fornire informazioni interessanti, strumenti utili o per comprendere la nostra base utenti in modo pi\u00f9 accurato. Questi sondaggi possono utilizzare i cookie per ricordare chi ha partecipato a un sondaggio o per fornire risultati accurati dopo aver cambiato pagina.<\/li>\n\n\n\n<li>Cookie relativi ai moduli<br><br>Quando invii dati tramite un modulo come quelli che si trovano nelle pagine di contatto o nei moduli di commento, i cookie potrebbero essere impostati per ricordare i tuoi dettagli utente per la corrispondenza futura.<\/li>\n\n\n\n<li>Cookie delle preferenze del sito<br><br>Per offrirti un&#039;esperienza ottimale su questo sito, forniamo la funzionalit\u00e0 per impostare le tue preferenze su come funziona questo sito quando lo utilizzi. Per ricordare le tue preferenze, dobbiamo impostare i cookie in modo che queste informazioni possano essere richiamate ogni volta che interagisci con una pagina che \u00e8 influenzata dalle tue preferenze.<\/li>\n<\/ul>\n\n\n\n<h2 class=\"wp-block-heading\">Cookie di terze parti<\/h2>\n\n\n\n<p>In alcuni casi particolari utilizziamo anche cookie forniti da terze parti fidate. La sezione seguente descrive in dettaglio quali cookie di terze parti potresti incontrare attraverso questo sito.<\/p>\n\n\n\n<ul>\n<li>Questo sito utilizza\u00a0<a href=\"https:\/\/analytics.google.com\/analytics\/web\/#\/p419479084\/reports\/intelligenthome\"><em>Google Analytics<\/em><\/a>, che \u00e8 una delle soluzioni di analisi web pi\u00f9 diffuse e affidabili, per aiutarci a capire come utilizzi il sito e come possiamo migliorare la tua esperienza. Questi cookie possono tenere traccia di elementi come il tempo trascorso sul sito e le pagine visitate, in modo da poter continuare a produrre contenuti accattivanti.<\/li>\n<\/ul>\n\n\n\n<p>Per ulteriori informazioni sui cookie di Google Analytics consultare la pagina ufficiale di Google Analytics.<\/p>\n\n\n\n<ul>\n<li>Le analisi di terze parti vengono utilizzate per tracciare e misurare l&#039;utilizzo di questo sito in modo da poter continuare a produrre contenuti accattivanti. Questi cookie possono tenere traccia di cose come il tempo che trascorri sul sito o le pagine visitate, il che ci aiuta a capire come possiamo migliorare il sito per te.<\/li>\n\n\n\n<li>Testiamo periodicamente nuove funzionalit\u00e0 e apportiamo sottili modifiche al modo in cui viene presentato il sito. Quando stiamo ancora testando nuove funzionalit\u00e0, questi cookie possono essere utilizzati per assicurarti di ricevere un&#039;esperienza coerente mentre sei sul sito, mentre capiamo quali ottimizzazioni piacciono di pi\u00f9 ai nostri utenti.<\/li>\n\n\n\n<li>Quando vendiamo prodotti, \u00e8 importante comprendere le statistiche su quanti visitatori del nostro sito effettivamente acquistano, quindi questo \u00e8 il tipo di dati tracciati da questi cookie. Questo \u00e8 importante per te in quanto significa che possiamo fare previsioni aziendali accurate che ci consentono di analizzare i nostri costi pubblicitari e di prodotto per garantire il miglior prezzo possibile.<\/li>\n<\/ul>\n\n\n\n<h2 class=\"wp-block-heading\">Coinvolgimento degli utenti<\/h2>\n\n\n\n<p>L&#039;utente si impegna a fare un uso appropriato dei contenuti e delle informazioni che Rosstyleproof offre sul sito, e a titolo esemplificativo ma non esaustivo:<\/p>\n\n\n\n<ul>\n<li>A) Non partecipare ad attivit\u00e0 illegali o contrarie alla buona fede e all&#039;ordine pubblico;<\/li>\n\n\n\n<li>B) Non diffondere propaganda o contenuti di carattere razzista, xenofobo, scommesse o giochi d&#039;azzardo, pornografia illegale, sostegno al terrorismo o contro i diritti umani;<\/li>\n\n\n\n<li>C) Non causare danni ai sistemi fisici (hardware) e logici (software) di Rosstylepro, dei suoi fornitori o di terzi, n\u00e9 introdurre o diffondere virus informatici o altri sistemi hardware o software che possano causare i danni sopra menzionati.<\/li>\n<\/ul>\n\n\n\n<h2 class=\"wp-block-heading\">Blocco dei cookie:<\/h2>\n\n\n\n<p>L&#039;utente pu\u00f2 bloccare e\/o disattivare i cookie di qualsiasi sito, compreso il nostro, in qualsiasi momento. Per eseguire questa procedura accedi alle impostazioni del tuo browser. Consulta le guide di aiuto per i principali browser di seguito:<\/p>\n\n\n\n<ul>\n<li><a href=\"https:\/\/support.google.com\/accounts\/answer\/61416?hl=en\"><em>Google Chrome<\/em><\/a><\/li>\n\n\n\n<li><a href=\"https:\/\/support.mozilla.org\/en-US\/kb\/enhanced-tracking-protection-firefox-desktop?redirectlocale=en-US&amp;redirectslug=enable-and-disable-cookies-website-preferences\"><em>Firefox<\/em><\/a><\/li>\n\n\n\n<li><a href=\"https:\/\/support.microsoft.com\/pt-br\/windows\/excluir-e-gerenciar-cookies-168dab11-0753-043d-7c16-ede5947fc64d\"><em>Microsoft Bordo<\/em><\/a><\/li>\n\n\n\n<li><a href=\"https:\/\/blogs.opera.com\/news\/2015\/08\/how-to-manage-cookies-in-opera\/\"><em>Opera<\/em><\/a><\/li>\n\n\n\n<li><a href=\"https:\/\/support.apple.com\/pt-br\/guide\/safari\/sfri11471\/mac\"><em>Safari<\/em><\/a><\/li>\n<\/ul>\n\n\n\n<h2 class=\"wp-block-heading\">Maggiori informazioni<\/h2>\n\n\n\n<p>Ci auguriamo che questo chiarisca i tuoi dubbi e, come accennato in precedenza, se c&#039;\u00e8 qualcosa di cui non sei sicuro di aver bisogno o meno, \u00e8 generalmente pi\u00f9 sicuro lasciare i cookie attivati nel caso in cui interagisci con una qualsiasi delle risorse che utilizzi sul nostro sito.<\/p>\n\n\n\n<p>Questa politica \u00e8 in vigore da aprile 2024.<\/p>","protected":false},"excerpt":{"rendered":"<p>La tua privacy \u00e8 importante per noi. Noi di Rosstylepro rispettiamo la tua privacy in merito a qualsiasi informazione che potremmo raccogliere sul sito web di Rosstylepro e su altri siti web di nostra propriet\u00e0 e gestione. Richiediamo informazioni personali solo quando ne abbiamo realmente bisogno per fornirti un servizio. Lo facciamo in modo equo e legale, con il tuo consenso.<\/p>","protected":false},"author":38,"featured_media":0,"parent":0,"menu_order":0,"comment_status":"closed","ping_status":"closed","template":"page-nosidebar.php","meta":{"footnotes":""},"yoast_head":"<!-- This site is optimized with the Yoast SEO plugin v23.3 - https:\/\/yoast.com\/wordpress\/plugins\/seo\/ -->\n<title>Pol\u00edtica de privacidad<\/title>\n<meta name=\"description\" content=\"Pol\u00edtica de privacidad, Tu privacidad es importante para nosotros. En Rosstylepro tenemos la pol\u00edtica de respetar tu privacidad en re...\" \/>\n<meta name=\"robots\" content=\"index, follow, max-snippet:-1, max-image-preview:large, max-video-preview:-1\" \/>\n<link rel=\"canonical\" href=\"https:\/\/rosstylepro.com\/it\/politica-de-privacidad\/\" \/>\n<meta property=\"og:locale\" content=\"it_IT\" \/>\n<meta property=\"og:type\" content=\"article\" \/>\n<meta property=\"og:title\" content=\"Pol\u00edtica de privacidad\" \/>\n<meta property=\"og:description\" content=\"Pol\u00edtica de privacidad, Tu privacidad es importante para nosotros. En Rosstylepro tenemos la pol\u00edtica de respetar tu privacidad en re...\" \/>\n<meta property=\"og:url\" content=\"https:\/\/rosstylepro.com\/it\/politica-de-privacidad\/\" \/>\n<meta property=\"og:site_name\" content=\"RosstylePRO\" \/>\n<meta property=\"article:modified_time\" content=\"2025-01-17T16:25:36+00:00\" \/>\n<meta name=\"twitter:card\" content=\"summary_large_image\" \/>\n<meta name=\"twitter:label1\" content=\"Est. reading time\" \/>\n\t<meta name=\"twitter:data1\" content=\"8 minuti\" \/>\n<script type=\"application\/ld+json\" class=\"yoast-schema-graph\">{\"@context\":\"https:\/\/schema.org\",\"@graph\":[{\"@type\":\"WebPage\",\"@id\":\"https:\/\/rosstylepro.com\/politica-de-privacidad\/\",\"url\":\"https:\/\/rosstylepro.com\/politica-de-privacidad\/\",\"name\":\"Pol\u00edtica de privacidad\",\"isPartOf\":{\"@id\":\"https:\/\/rosstylepro.com\/en\/#website\"},\"datePublished\":\"2024-05-02T15:17:37+00:00\",\"dateModified\":\"2025-01-17T16:25:36+00:00\",\"description\":\"Pol\u00edtica de privacidad, Tu privacidad es importante para nosotros. En Rosstylepro tenemos la pol\u00edtica de respetar tu privacidad en re...\",\"breadcrumb\":{\"@id\":\"https:\/\/rosstylepro.com\/politica-de-privacidad\/#breadcrumb\"},\"inLanguage\":\"it-IT\",\"potentialAction\":[{\"@type\":\"ReadAction\",\"target\":[\"https:\/\/rosstylepro.com\/politica-de-privacidad\/\"]}]},{\"@type\":\"BreadcrumbList\",\"@id\":\"https:\/\/rosstylepro.com\/politica-de-privacidad\/#breadcrumb\",\"itemListElement\":[{\"@type\":\"ListItem\",\"position\":1,\"name\":\"Home\",\"item\":\"https:\/\/rosstylepro.com\/\"},{\"@type\":\"ListItem\",\"position\":2,\"name\":\"Pol\u00edtica de privacidad\"}]},{\"@type\":\"WebSite\",\"@id\":\"https:\/\/rosstylepro.com\/en\/#website\",\"url\":\"https:\/\/rosstylepro.com\/en\/\",\"name\":\"RosstylePRO\",\"description\":\"\",\"potentialAction\":[{\"@type\":\"SearchAction\",\"target\":{\"@type\":\"EntryPoint\",\"urlTemplate\":\"https:\/\/rosstylepro.com\/en\/?s={search_term_string}\"},\"query-input\":\"required name=search_term_string\"}],\"inLanguage\":\"it-IT\"}]}<\/script>\n<!-- \/ Yoast SEO plugin. -->","yoast_head_json":{"title":"Pol\u00edtica de privacidad","description":"Pol\u00edtica de privacidad, Tu privacidad es importante para nosotros. En Rosstylepro tenemos la pol\u00edtica de respetar tu privacidad en re...","robots":{"index":"index","follow":"follow","max-snippet":"max-snippet:-1","max-image-preview":"max-image-preview:large","max-video-preview":"max-video-preview:-1"},"canonical":"https:\/\/rosstylepro.com\/it\/politica-de-privacidad\/","og_locale":"it_IT","og_type":"article","og_title":"Pol\u00edtica de privacidad","og_description":"Pol\u00edtica de privacidad, Tu privacidad es importante para nosotros. En Rosstylepro tenemos la pol\u00edtica de respetar tu privacidad en re...","og_url":"https:\/\/rosstylepro.com\/it\/politica-de-privacidad\/","og_site_name":"RosstylePRO","article_modified_time":"2025-01-17T16:25:36+00:00","twitter_card":"summary_large_image","twitter_misc":{"Est. reading time":"8 minuti"},"schema":{"@context":"https:\/\/schema.org","@graph":[{"@type":"WebPage","@id":"https:\/\/rosstylepro.com\/politica-de-privacidad\/","url":"https:\/\/rosstylepro.com\/politica-de-privacidad\/","name":"Pol\u00edtica de privacidad","isPartOf":{"@id":"https:\/\/rosstylepro.com\/en\/#website"},"datePublished":"2024-05-02T15:17:37+00:00","dateModified":"2025-01-17T16:25:36+00:00","description":"Pol\u00edtica de privacidad, Tu privacidad es importante para nosotros. En Rosstylepro tenemos la pol\u00edtica de respetar tu privacidad en re...","breadcrumb":{"@id":"https:\/\/rosstylepro.com\/politica-de-privacidad\/#breadcrumb"},"inLanguage":"it-IT","potentialAction":[{"@type":"ReadAction","target":["https:\/\/rosstylepro.com\/politica-de-privacidad\/"]}]},{"@type":"BreadcrumbList","@id":"https:\/\/rosstylepro.com\/politica-de-privacidad\/#breadcrumb","itemListElement":[{"@type":"ListItem","position":1,"name":"Home","item":"https:\/\/rosstylepro.com\/"},{"@type":"ListItem","position":2,"name":"Pol\u00edtica de privacidad"}]},{"@type":"WebSite","@id":"https:\/\/rosstylepro.com\/en\/#website","url":"https:\/\/rosstylepro.com\/en\/","name":"RosstylePRO","description":"","potentialAction":[{"@type":"SearchAction","target":{"@type":"EntryPoint","urlTemplate":"https:\/\/rosstylepro.com\/en\/?s={search_term_string}"},"query-input":"required name=search_term_string"}],"inLanguage":"it-IT"}]}},"_links":{"self":[{"href":"https:\/\/rosstylepro.com\/it\/wp-json\/wp\/v2\/pages\/66"}],"collection":[{"href":"https:\/\/rosstylepro.com\/it\/wp-json\/wp\/v2\/pages"}],"about":[{"href":"https:\/\/rosstylepro.com\/it\/wp-json\/wp\/v2\/types\/page"}],"author":[{"embeddable":true,"href":"https:\/\/rosstylepro.com\/it\/wp-json\/wp\/v2\/users\/38"}],"replies":[{"embeddable":true,"href":"https:\/\/rosstylepro.com\/it\/wp-json\/wp\/v2\/comments?post=66"}],"version-history":[{"count":1,"href":"https:\/\/rosstylepro.com\/it\/wp-json\/wp\/v2\/pages\/66\/revisions"}],"predecessor-version":[{"id":1563,"href":"https:\/\/rosstylepro.com\/it\/wp-json\/wp\/v2\/pages\/66\/revisions\/1563"}],"wp:attachment":[{"href":"https:\/\/rosstylepro.com\/it\/wp-json\/wp\/v2\/media?parent=66"}],"curies":[{"name":"wp","href":"https:\/\/api.w.org\/{rel}","templated":true}]}}