{"id":69,"date":"2024-05-02T12:20:15","date_gmt":"2024-05-02T15:20:15","guid":{"rendered":"https:\/\/rosstylepro.com\/?page_id=69"},"modified":"2025-01-17T16:25:36","modified_gmt":"2025-01-17T16:25:36","slug":"politica-de-cookies","status":"publish","type":"page","link":"https:\/\/rosstylepro.com\/it\/politica-de-cookies\/","title":{"rendered":"Politica sui cookie"},"content":{"rendered":"<p>Rosstylepro utilizza i cookie sul proprio sito web rosstylepro.com. Accettando la nostra Politica sui cookie, accetti l&#039;utilizzo dei cookie in conformit\u00e0 con questa politica. Se non acconsenti all&#039;utilizzo dei cookie, ti consigliamo di modificare le impostazioni del tuo browser o di interrompere l&#039;utilizzo del nostro sito web.<\/p>\n\n\n\n<h2 class=\"wp-block-heading\">Cosa sono i cookie?<\/h2>\n\n\n\n<p>I cookie sono piccoli file di testo che un sito web salva sul tuo dispositivo quando lo visiti. Questi file contengono informazioni che possono essere recuperate dal sito web per vari scopi, come ricordare le tue preferenze linguistiche, ottimizzare la tua esperienza di navigazione e raccogliere informazioni sull&#039;utilizzo del sito.<\/p>\n\n\n\n<h2 class=\"wp-block-heading\">Tipi di cookie utilizzati<\/h2>\n\n\n\n<h3 class=\"wp-block-heading\">Cookie necessari<\/h3>\n\n\n\n<p>Questi cookie sono essenziali per il funzionamento del sito web e non possono essere disabilitati nei nostri sistemi. Solitamente vengono impostati solo in risposta ad azioni intraprese dall&#039;utente che equivalgono a una richiesta di servizi, come l&#039;impostazione delle preferenze sulla privacy, l&#039;accesso o la compilazione di moduli.<\/p>\n\n\n\n<h3 class=\"wp-block-heading\">Cookie di prestazione<\/h3>\n\n\n\n<p>Questi cookie ci aiutano a capire come i visitatori interagiscono con il nostro sito web, fornendo informazioni relative alle aree visitate, al tempo trascorso sul sito e ad eventuali problemi riscontrati, come messaggi di errore. Questo ci aiuta a migliorare le prestazioni del sito e a migliorare la tua esperienza utente.<\/p>\n\n\n\n<h3 class=\"wp-block-heading\">Cookie di funzionalit\u00e0<\/h3>\n\n\n\n<p>Questi cookie consentono al sito web di ricordare le scelte che fai, come nome utente, lingua o regione, e forniscono funzionalit\u00e0 migliorate e pi\u00f9 personalizzate. Possono essere utilizzati anche per fornire servizi richiesti, come guardare un video o commentare un blog.<\/p>\n\n\n\n<h3 class=\"wp-block-heading\">Cookie pubblicitari<\/h3>\n\n\n\n<p>Questi cookie vengono utilizzati per fornire annunci pubblicitari pi\u00f9 pertinenti per te e i tuoi interessi. Vengono utilizzati anche per limitare il numero di volte in cui vedi un annuncio e aiutano a misurare l&#039;efficacia delle campagne pubblicitarie.<\/p>\n\n\n\n<h2 class=\"wp-block-heading\">Gestione dei cookie<\/h2>\n\n\n\n<p>Quando accedi al nostro sito web per la prima volta, sarai informato sul nostro utilizzo dei cookie e avrai la possibilit\u00e0 di acconsentire al loro utilizzo. Puoi anche controllare e gestire i cookie nelle impostazioni del tuo browser. Tieni presente che la disabilitazione di alcuni tipi di cookie potrebbe influire sulla funzionalit\u00e0 del sito Web e sulla tua esperienza come utente.<\/p>\n\n\n\n<h2 class=\"wp-block-heading\">Modifiche a questa politica<\/h2>\n\n\n\n<p>Potremmo aggiornare periodicamente la presente politica sui cookie per riflettere le modifiche alle nostre pratiche sui cookie. Ti consigliamo di rivedere regolarmente questa politica per essere a conoscenza di eventuali modifiche.<\/p>\n\n\n\n<p>Continuando a utilizzare il nostro sito Web dopo queste modifiche, accetti l&#039;utilizzo dei cookie in conformit\u00e0 con la politica rivista.<\/p>\n\n\n\n<h2 class=\"wp-block-heading\">Contatto<\/h2>\n\n\n\n<p>Se hai domande sulla nostra politica sui cookie o sull&#039;utilizzo dei cookie sul nostro sito web, ti preghiamo di contattarci via e-mail:\u00a0<a>contact@rosstylepro.com<\/a>.<\/p>","protected":false},"excerpt":{"rendered":"<p>Rosstylepro utilizza i cookie sul suo sito web rosstylepro.com. Accettando la nostra Politica sui cookie, acconsenti all&#039;utilizzo dei cookie in conformit\u00e0 con la presente informativa. Se non acconsenti all&#039;utilizzo dei cookie, ti consigliamo di modificare le impostazioni del tuo browser o di interrompere l&#039;utilizzo del nostro sito web. Cosa sono [\u2026]<\/p>","protected":false},"author":38,"featured_media":0,"parent":0,"menu_order":0,"comment_status":"closed","ping_status":"closed","template":"page-nosidebar.php","meta":{"footnotes":""},"yoast_head":"<!-- This site is optimized with the Yoast SEO plugin v23.3 - https:\/\/yoast.com\/wordpress\/plugins\/seo\/ -->\n<title>Pol\u00edtica de Cookies<\/title>\n<meta name=\"description\" content=\"Pol\u00edtica de Cookies, Rosstylepro utiliza cookies en su sitio web rosstylepro.com. Al aceptar nuestra Pol\u00edtica de Cookies, usted acepta el ...\" \/>\n<meta name=\"robots\" content=\"index, follow, max-snippet:-1, max-image-preview:large, max-video-preview:-1\" \/>\n<link rel=\"canonical\" href=\"https:\/\/rosstylepro.com\/it\/politica-de-cookies\/\" \/>\n<meta property=\"og:locale\" content=\"it_IT\" \/>\n<meta property=\"og:type\" content=\"article\" \/>\n<meta property=\"og:title\" content=\"Pol\u00edtica de Cookies\" \/>\n<meta property=\"og:description\" content=\"Pol\u00edtica de Cookies, Rosstylepro utiliza cookies en su sitio web rosstylepro.com. Al aceptar nuestra Pol\u00edtica de Cookies, usted acepta el ...\" \/>\n<meta property=\"og:url\" content=\"https:\/\/rosstylepro.com\/it\/politica-de-cookies\/\" \/>\n<meta property=\"og:site_name\" content=\"RosstylePRO\" \/>\n<meta property=\"article:modified_time\" content=\"2025-01-17T16:25:36+00:00\" \/>\n<meta name=\"twitter:card\" content=\"summary_large_image\" \/>\n<meta name=\"twitter:label1\" content=\"Est. reading time\" \/>\n\t<meta name=\"twitter:data1\" content=\"3 minuti\" \/>\n<script type=\"application\/ld+json\" class=\"yoast-schema-graph\">{\"@context\":\"https:\/\/schema.org\",\"@graph\":[{\"@type\":\"WebPage\",\"@id\":\"https:\/\/rosstylepro.com\/politica-de-cookies\/\",\"url\":\"https:\/\/rosstylepro.com\/politica-de-cookies\/\",\"name\":\"Pol\u00edtica de Cookies\",\"isPartOf\":{\"@id\":\"https:\/\/rosstylepro.com\/en\/#website\"},\"datePublished\":\"2024-05-02T15:20:15+00:00\",\"dateModified\":\"2025-01-17T16:25:36+00:00\",\"description\":\"Pol\u00edtica de Cookies, Rosstylepro utiliza cookies en su sitio web rosstylepro.com. Al aceptar nuestra Pol\u00edtica de Cookies, usted acepta el ...\",\"breadcrumb\":{\"@id\":\"https:\/\/rosstylepro.com\/politica-de-cookies\/#breadcrumb\"},\"inLanguage\":\"it-IT\",\"potentialAction\":[{\"@type\":\"ReadAction\",\"target\":[\"https:\/\/rosstylepro.com\/politica-de-cookies\/\"]}]},{\"@type\":\"BreadcrumbList\",\"@id\":\"https:\/\/rosstylepro.com\/politica-de-cookies\/#breadcrumb\",\"itemListElement\":[{\"@type\":\"ListItem\",\"position\":1,\"name\":\"Home\",\"item\":\"https:\/\/rosstylepro.com\/\"},{\"@type\":\"ListItem\",\"position\":2,\"name\":\"Pol\u00edtica de Cookies\"}]},{\"@type\":\"WebSite\",\"@id\":\"https:\/\/rosstylepro.com\/en\/#website\",\"url\":\"https:\/\/rosstylepro.com\/en\/\",\"name\":\"RosstylePRO\",\"description\":\"\",\"potentialAction\":[{\"@type\":\"SearchAction\",\"target\":{\"@type\":\"EntryPoint\",\"urlTemplate\":\"https:\/\/rosstylepro.com\/en\/?s={search_term_string}\"},\"query-input\":\"required name=search_term_string\"}],\"inLanguage\":\"it-IT\"}]}<\/script>\n<!-- \/ Yoast SEO plugin. -->","yoast_head_json":{"title":"Pol\u00edtica de Cookies","description":"Pol\u00edtica de Cookies, Rosstylepro utiliza cookies en su sitio web rosstylepro.com. Al aceptar nuestra Pol\u00edtica de Cookies, usted acepta el ...","robots":{"index":"index","follow":"follow","max-snippet":"max-snippet:-1","max-image-preview":"max-image-preview:large","max-video-preview":"max-video-preview:-1"},"canonical":"https:\/\/rosstylepro.com\/it\/politica-de-cookies\/","og_locale":"it_IT","og_type":"article","og_title":"Pol\u00edtica de Cookies","og_description":"Pol\u00edtica de Cookies, Rosstylepro utiliza cookies en su sitio web rosstylepro.com. Al aceptar nuestra Pol\u00edtica de Cookies, usted acepta el ...","og_url":"https:\/\/rosstylepro.com\/it\/politica-de-cookies\/","og_site_name":"RosstylePRO","article_modified_time":"2025-01-17T16:25:36+00:00","twitter_card":"summary_large_image","twitter_misc":{"Est. reading time":"3 minuti"},"schema":{"@context":"https:\/\/schema.org","@graph":[{"@type":"WebPage","@id":"https:\/\/rosstylepro.com\/politica-de-cookies\/","url":"https:\/\/rosstylepro.com\/politica-de-cookies\/","name":"Pol\u00edtica de Cookies","isPartOf":{"@id":"https:\/\/rosstylepro.com\/en\/#website"},"datePublished":"2024-05-02T15:20:15+00:00","dateModified":"2025-01-17T16:25:36+00:00","description":"Pol\u00edtica de Cookies, Rosstylepro utiliza cookies en su sitio web rosstylepro.com. Al aceptar nuestra Pol\u00edtica de Cookies, usted acepta el ...","breadcrumb":{"@id":"https:\/\/rosstylepro.com\/politica-de-cookies\/#breadcrumb"},"inLanguage":"it-IT","potentialAction":[{"@type":"ReadAction","target":["https:\/\/rosstylepro.com\/politica-de-cookies\/"]}]},{"@type":"BreadcrumbList","@id":"https:\/\/rosstylepro.com\/politica-de-cookies\/#breadcrumb","itemListElement":[{"@type":"ListItem","position":1,"name":"Home","item":"https:\/\/rosstylepro.com\/"},{"@type":"ListItem","position":2,"name":"Pol\u00edtica de Cookies"}]},{"@type":"WebSite","@id":"https:\/\/rosstylepro.com\/en\/#website","url":"https:\/\/rosstylepro.com\/en\/","name":"RosstylePRO","description":"","potentialAction":[{"@type":"SearchAction","target":{"@type":"EntryPoint","urlTemplate":"https:\/\/rosstylepro.com\/en\/?s={search_term_string}"},"query-input":"required name=search_term_string"}],"inLanguage":"it-IT"}]}},"_links":{"self":[{"href":"https:\/\/rosstylepro.com\/it\/wp-json\/wp\/v2\/pages\/69"}],"collection":[{"href":"https:\/\/rosstylepro.com\/it\/wp-json\/wp\/v2\/pages"}],"about":[{"href":"https:\/\/rosstylepro.com\/it\/wp-json\/wp\/v2\/types\/page"}],"author":[{"embeddable":true,"href":"https:\/\/rosstylepro.com\/it\/wp-json\/wp\/v2\/users\/38"}],"replies":[{"embeddable":true,"href":"https:\/\/rosstylepro.com\/it\/wp-json\/wp\/v2\/comments?post=69"}],"version-history":[{"count":1,"href":"https:\/\/rosstylepro.com\/it\/wp-json\/wp\/v2\/pages\/69\/revisions"}],"predecessor-version":[{"id":1562,"href":"https:\/\/rosstylepro.com\/it\/wp-json\/wp\/v2\/pages\/69\/revisions\/1562"}],"wp:attachment":[{"href":"https:\/\/rosstylepro.com\/it\/wp-json\/wp\/v2\/media?parent=69"}],"curies":[{"name":"wp","href":"https:\/\/api.w.org\/{rel}","templated":true}]}}