{"id":71,"date":"2024-05-02T12:36:23","date_gmt":"2024-05-02T15:36:23","guid":{"rendered":"https:\/\/rosstylepro.com\/?page_id=71"},"modified":"2025-01-17T16:25:36","modified_gmt":"2025-01-17T16:25:36","slug":"sobre-nosotros","status":"publish","type":"page","link":"https:\/\/rosstylepro.com\/it\/sobre-nosotros\/","title":{"rendered":"Chi siamo"},"content":{"rendered":"<p><br>Benvenuti a Rosstylepro, uno spazio digitale progettato per celebrare la curiosit\u00e0, esplorare l&#039;innovazione e condividere esperienze uniche nel vasto mondo della tecnologia e dell&#039;intrattenimento. Fondata da Kirito e New, insieme a un team di oltre 10 collaboratori dedicati, Rosstylepro nasce dall&#039;esigenza di espressione e dalla passione per la scoperta di nuovi orizzonti all&#039;incrocio tra tecnologia e narrazione immersiva.<\/p>\n\n\n\n<h3 class=\"wp-block-heading\">La nostra storia e il nostro obiettivo<\/h3>\n\n\n\n<p>Tutto \u00e8 iniziato con la semplice idea di fornire una piattaforma in cui la curiosit\u00e0 potesse fiorire. Col tempo, ci siamo resi conto che non si trattava solo di presentare app o tecnologie, ma di raccontare storie coinvolgenti che potessero ispirare i nostri lettori. Cos\u00ec \u00e8 nata la nostra missione: raccontare storie, presentare innovazioni e condividere esperienze significative con una comunit\u00e0 vivace e coinvolta.<\/p>\n\n\n\n<h3 class=\"wp-block-heading\">L&#039;anima di Rosstylepro: la nostra comunit\u00e0<\/h3>\n\n\n\n<p>Sappiamo che Rosstylepro non sarebbe quello che \u00e8 senza la nostra community. Diamo valore a ogni membro e ci impegniamo a creare un ambiente inclusivo e collaborativo in cui tutti possano condividere idee, opinioni e scoperte. L&#039;interazione costante con la nostra community ci aiuta a mantenere la pertinenza e la qualit\u00e0 dei contenuti che offriamo.<\/p>\n\n\n\n<h3 class=\"wp-block-heading\">Alla scoperta di nuovi orizzonti: tecnologia e intrattenimento<\/h3>\n\n\n\n<p>Con la crescita di Rosstylepro, cerchiamo anche di influenzare positivamente i settori della tecnologia e dell&#039;intrattenimento. Siamo costantemente alla ricerca di nuovi modi per presentare contenuti innovativi e stimolanti, nonch\u00e9 per promuovere lo sviluppo di applicazioni e tecnologie che migliorino la vita delle persone.<\/p>\n\n\n\n<h3 class=\"wp-block-heading\">Il nostro impegno per la qualit\u00e0<\/h3>\n\n\n\n<p>Per Rosstylepro la qualit\u00e0 \u00e8 fondamentale. Per garantire l&#039;eccellenza dei nostri contenuti, disponiamo di un team di collaboratori dedicati ed esperti. Effettuiamo ricerche approfondite e presentiamo solo ci\u00f2 che utilizziamo realmente e che riteniamo rilevante e utile per la nostra comunit\u00e0.<\/p>\n\n\n\n<h3 class=\"wp-block-heading\">Cosa trovi su Rosstylepro<\/h3>\n\n\n\n<p>Sul nostro sito offriamo un&#039;ampia gamma di contenuti per tutti gli interessi. Dalle recensioni approfondite delle app alle curiosit\u00e0 sulla tecnologia, il nostro obiettivo \u00e8 quello di offrire un&#039;esperienza completa che vada oltre le semplici informazioni tecniche. Ogni articolo o analisi \u00e8 accompagnato da una narrazione immersiva per rendere l&#039;esperienza di lettura ancora pi\u00f9 coinvolgente.<\/p>\n\n\n\n<h3 class=\"wp-block-heading\">Intrattenimento e conoscenza in un unico posto<\/h3>\n\n\n\n<p>Crediamo che a Rosstylepro intrattenimento e conoscenza possano andare di pari passo. Ecco perch\u00e9, oltre all&#039;analisi tecnica e alle informazioni, offriamo anche contenuti incentrati sull&#039;intrattenimento e sul lato umano della tecnologia. Vogliamo ispirare, informare e intrattenere i nostri lettori in ogni modo possibile.<\/p>\n\n\n\n<h3 class=\"wp-block-heading\">Il futuro di Rosstylepro<\/h3>\n\n\n\n<p>Il futuro di Rosstylepro \u00e8 entusiasmante e pieno di possibilit\u00e0. Siamo sempre alla ricerca di nuovi modi per innovare e offrire un&#039;esperienza ancora migliore alla nostra community. Abbiamo intenzione di ampliare i nostri contenuti, esplorare nuovi argomenti e continuare a essere una fonte affidabile di informazioni e intrattenimento per tutti gli appassionati di tecnologia.<\/p>\n\n\n\n<h3 class=\"wp-block-heading\">Contattaci e unisciti all&#039;avventura<\/h3>\n\n\n\n<p>Apprezziamo molto i commenti, i suggerimenti e le idee della nostra community. Se avete domande, commenti o volete condividere la vostra esperienza con noi, non esitate a contattarci. La tua opinione \u00e8 fondamentale per noi!<\/p>\n\n\n\n<p>Apprezziamo il fatto che tu abbia preso parte all&#039;avventura di Rosstylepro. Insieme esploriamo nuovi orizzonti, celebriamo la curiosit\u00e0 e l&#039;innovazione e continuiamo a ispirarci a vicenda in questo entusiasmante viaggio tecnologico e umano.<\/p>","protected":false},"excerpt":{"rendered":"<p>Benvenuti su Rosstylepro, uno spazio digitale progettato per celebrare la curiosit\u00e0, esplorare l&#039;innovazione e condividere esperienze uniche nel vasto mondo della tecnologia e dell&#039;intrattenimento. Fondato da Kirito e New, insieme a un team di oltre 10 collaboratori dedicati, Rosstylepro nasce dal bisogno di espressione e dalla passione per [\u2026]<\/p>","protected":false},"author":38,"featured_media":0,"parent":0,"menu_order":0,"comment_status":"closed","ping_status":"closed","template":"page-nosidebar.php","meta":{"footnotes":""},"yoast_head":"<!-- This site is optimized with the Yoast SEO plugin v23.3 - https:\/\/yoast.com\/wordpress\/plugins\/seo\/ -->\n<title>Sobre Nosotros - RosstylePRO<\/title>\n<meta name=\"robots\" content=\"index, follow, max-snippet:-1, max-image-preview:large, max-video-preview:-1\" \/>\n<link rel=\"canonical\" href=\"https:\/\/rosstylepro.com\/it\/sobre-nosotros\/\" \/>\n<meta property=\"og:locale\" content=\"it_IT\" \/>\n<meta property=\"og:type\" content=\"article\" \/>\n<meta property=\"og:title\" content=\"Sobre Nosotros - RosstylePRO\" \/>\n<meta property=\"og:description\" content=\"Bienvenidos a Rosstylepro, un espacio digital dise\u00f1ado para celebrar la curiosidad, explorar la innovaci\u00f3n y compartir experiencias \u00fanicas en el vasto mundo de la tecnolog\u00eda y el entretenimiento. Fundado por Kirito y New, junto con un equipo de m\u00e1s de 10 colaboradores dedicados, Rosstylepro surgi\u00f3 de la necesidad de expresi\u00f3n y de la pasi\u00f3n por [&hellip;]\" \/>\n<meta property=\"og:url\" content=\"https:\/\/rosstylepro.com\/it\/sobre-nosotros\/\" \/>\n<meta property=\"og:site_name\" content=\"RosstylePRO\" \/>\n<meta property=\"article:modified_time\" content=\"2025-01-17T16:25:36+00:00\" \/>\n<meta name=\"twitter:card\" content=\"summary_large_image\" \/>\n<meta name=\"twitter:label1\" content=\"Est. reading time\" \/>\n\t<meta name=\"twitter:data1\" content=\"3 minuti\" \/>\n<script type=\"application\/ld+json\" class=\"yoast-schema-graph\">{\"@context\":\"https:\/\/schema.org\",\"@graph\":[{\"@type\":\"WebPage\",\"@id\":\"https:\/\/rosstylepro.com\/sobre-nosotros\/\",\"url\":\"https:\/\/rosstylepro.com\/sobre-nosotros\/\",\"name\":\"Sobre Nosotros - RosstylePRO\",\"isPartOf\":{\"@id\":\"https:\/\/rosstylepro.com\/en\/#website\"},\"datePublished\":\"2024-05-02T15:36:23+00:00\",\"dateModified\":\"2025-01-17T16:25:36+00:00\",\"breadcrumb\":{\"@id\":\"https:\/\/rosstylepro.com\/sobre-nosotros\/#breadcrumb\"},\"inLanguage\":\"it-IT\",\"potentialAction\":[{\"@type\":\"ReadAction\",\"target\":[\"https:\/\/rosstylepro.com\/sobre-nosotros\/\"]}]},{\"@type\":\"BreadcrumbList\",\"@id\":\"https:\/\/rosstylepro.com\/sobre-nosotros\/#breadcrumb\",\"itemListElement\":[{\"@type\":\"ListItem\",\"position\":1,\"name\":\"Home\",\"item\":\"https:\/\/rosstylepro.com\/\"},{\"@type\":\"ListItem\",\"position\":2,\"name\":\"Sobre Nosotros\"}]},{\"@type\":\"WebSite\",\"@id\":\"https:\/\/rosstylepro.com\/en\/#website\",\"url\":\"https:\/\/rosstylepro.com\/en\/\",\"name\":\"RosstylePRO\",\"description\":\"\",\"potentialAction\":[{\"@type\":\"SearchAction\",\"target\":{\"@type\":\"EntryPoint\",\"urlTemplate\":\"https:\/\/rosstylepro.com\/en\/?s={search_term_string}\"},\"query-input\":\"required name=search_term_string\"}],\"inLanguage\":\"it-IT\"}]}<\/script>\n<!-- \/ Yoast SEO plugin. -->","yoast_head_json":{"title":"Sobre Nosotros - RosstylePRO","robots":{"index":"index","follow":"follow","max-snippet":"max-snippet:-1","max-image-preview":"max-image-preview:large","max-video-preview":"max-video-preview:-1"},"canonical":"https:\/\/rosstylepro.com\/it\/sobre-nosotros\/","og_locale":"it_IT","og_type":"article","og_title":"Sobre Nosotros - RosstylePRO","og_description":"Bienvenidos a Rosstylepro, un espacio digital dise\u00f1ado para celebrar la curiosidad, explorar la innovaci\u00f3n y compartir experiencias \u00fanicas en el vasto mundo de la tecnolog\u00eda y el entretenimiento. Fundado por Kirito y New, junto con un equipo de m\u00e1s de 10 colaboradores dedicados, Rosstylepro surgi\u00f3 de la necesidad de expresi\u00f3n y de la pasi\u00f3n por [&hellip;]","og_url":"https:\/\/rosstylepro.com\/it\/sobre-nosotros\/","og_site_name":"RosstylePRO","article_modified_time":"2025-01-17T16:25:36+00:00","twitter_card":"summary_large_image","twitter_misc":{"Est. reading time":"3 minuti"},"schema":{"@context":"https:\/\/schema.org","@graph":[{"@type":"WebPage","@id":"https:\/\/rosstylepro.com\/sobre-nosotros\/","url":"https:\/\/rosstylepro.com\/sobre-nosotros\/","name":"Sobre Nosotros - RosstylePRO","isPartOf":{"@id":"https:\/\/rosstylepro.com\/en\/#website"},"datePublished":"2024-05-02T15:36:23+00:00","dateModified":"2025-01-17T16:25:36+00:00","breadcrumb":{"@id":"https:\/\/rosstylepro.com\/sobre-nosotros\/#breadcrumb"},"inLanguage":"it-IT","potentialAction":[{"@type":"ReadAction","target":["https:\/\/rosstylepro.com\/sobre-nosotros\/"]}]},{"@type":"BreadcrumbList","@id":"https:\/\/rosstylepro.com\/sobre-nosotros\/#breadcrumb","itemListElement":[{"@type":"ListItem","position":1,"name":"Home","item":"https:\/\/rosstylepro.com\/"},{"@type":"ListItem","position":2,"name":"Sobre Nosotros"}]},{"@type":"WebSite","@id":"https:\/\/rosstylepro.com\/en\/#website","url":"https:\/\/rosstylepro.com\/en\/","name":"RosstylePRO","description":"","potentialAction":[{"@type":"SearchAction","target":{"@type":"EntryPoint","urlTemplate":"https:\/\/rosstylepro.com\/en\/?s={search_term_string}"},"query-input":"required name=search_term_string"}],"inLanguage":"it-IT"}]}},"_links":{"self":[{"href":"https:\/\/rosstylepro.com\/it\/wp-json\/wp\/v2\/pages\/71"}],"collection":[{"href":"https:\/\/rosstylepro.com\/it\/wp-json\/wp\/v2\/pages"}],"about":[{"href":"https:\/\/rosstylepro.com\/it\/wp-json\/wp\/v2\/types\/page"}],"author":[{"embeddable":true,"href":"https:\/\/rosstylepro.com\/it\/wp-json\/wp\/v2\/users\/38"}],"replies":[{"embeddable":true,"href":"https:\/\/rosstylepro.com\/it\/wp-json\/wp\/v2\/comments?post=71"}],"version-history":[{"count":1,"href":"https:\/\/rosstylepro.com\/it\/wp-json\/wp\/v2\/pages\/71\/revisions"}],"predecessor-version":[{"id":1564,"href":"https:\/\/rosstylepro.com\/it\/wp-json\/wp\/v2\/pages\/71\/revisions\/1564"}],"wp:attachment":[{"href":"https:\/\/rosstylepro.com\/it\/wp-json\/wp\/v2\/media?parent=71"}],"curies":[{"name":"wp","href":"https:\/\/api.w.org\/{rel}","templated":true}]}}