{"id":66,"date":"2024-05-02T12:17:37","date_gmt":"2024-05-02T15:17:37","guid":{"rendered":"https:\/\/rosstylepro.com\/?page_id=66"},"modified":"2025-01-17T16:25:36","modified_gmt":"2025-01-17T16:25:36","slug":"politica-de-privacidad","status":"publish","type":"page","link":"https:\/\/rosstylepro.com\/ko\/politica-de-privacidad\/","title":{"rendered":"\uac1c\uc778 \uc815\ubcf4 \ubcf4\ud638 \uc815\ucc45"},"content":{"rendered":"<p>\uadc0\ud558\uc758 \uac1c\uc778\uc815\ubcf4\ub294 \uc6b0\ub9ac\uc5d0\uac8c \uc911\uc694\ud569\ub2c8\ub2e4. Rosstylepro\uc5d0\uc11c\ub294 Rosstylepro \uc0ac\uc774\ud2b8 \ubc0f \ub2f9\uc0ac\uac00 \uc18c\uc720\ud558\uace0 \uc6b4\uc601\ud558\ub294 \uae30\ud0c0 \uc0ac\uc774\ud2b8\uc5d0\uc11c \uc218\uc9d1\ud560 \uc218 \uc788\ub294 \ubaa8\ub4e0 \uc815\ubcf4\uc640 \uad00\ub828\ud558\uc5ec \uadc0\ud558\uc758 \uac1c\uc778\uc815\ubcf4\ub97c \uc874\uc911\ud558\ub294 \uac83\uc774 \ub2f9\uc0ac\uc758 \uc815\ucc45\uc785\ub2c8\ub2e4.<\/p>\n\n\n\n<p>\ub2f9\uc0ac\ub294 \uadc0\ud558\uc5d0\uac8c \uc11c\ube44\uc2a4\ub97c \uc81c\uacf5\ud558\uae30 \uc704\ud574 \uaf2d \ud544\uc694\ud55c \uacbd\uc6b0\uc5d0\ub9cc \uac1c\uc778\uc815\ubcf4\ub97c \uc694\uccad\ud569\ub2c8\ub2e4. \uc6b0\ub9ac\ub294 \uadc0\ud558\uc758 \uc9c0\uc2dd\uacfc \ub3d9\uc758\ub97c \ubc14\ud0d5\uc73c\ub85c \uc774\ub97c \uacf5\uc815\ud558\uace0 \ud569\ubc95\uc801\uc73c\ub85c \uc218\ud589\ud569\ub2c8\ub2e4. \ub610\ud55c \ud574\ub2f9 \uc815\ubcf4\ub97c \uc218\uc9d1\ud558\ub294 \uc774\uc720\uc640 \uc0ac\uc6a9 \ubc29\ubc95\ub3c4 \uc54c\ub824\ub4dc\ub9bd\ub2c8\ub2e4.<\/p>\n\n\n\n<p>\ub2f9\uc0ac\ub294 \uc694\uccad\ub41c \uc11c\ube44\uc2a4\ub97c \uc81c\uacf5\ud558\ub294 \ub370 \ud544\uc694\ud55c \uae30\uac04 \ub3d9\uc548\ub9cc \uc218\uc9d1\ub41c \uc815\ubcf4\ub97c \ubcf4\uad00\ud569\ub2c8\ub2e4. \ub2f9\uc0ac\ub294 \ub370\uc774\ud130\ub97c \uc800\uc7a5\ud560 \ub54c \uc190\uc2e4, \ub3c4\ub09c, \ubb34\ub2e8 \uc561\uc138\uc2a4, \uacf5\uac1c, \ubcf5\uc0ac, \uc0ac\uc6a9 \ub610\ub294 \uc218\uc815\uc744 \ubc29\uc9c0\ud558\uae30 \uc704\ud574 \uc0c1\uc5c5\uc801\uc73c\ub85c \ud5c8\uc6a9\ub418\ub294 \ubc29\uc2dd\uc73c\ub85c \ub370\uc774\ud130\ub97c \ubcf4\ud638\ud569\ub2c8\ub2e4.<\/p>\n\n\n\n<p>\ub2f9\uc0ac\ub294 \ubc95\ub960\uc5d0\uc11c \uc694\uad6c\ud558\ub294 \uacbd\uc6b0\ub97c \uc81c\uc678\ud558\uace0 \uac1c\uc778 \uc2dd\ubcc4 \uc815\ubcf4\ub97c \uacf5\uac1c\uc801\uc73c\ub85c \ub610\ub294 \uc81c3\uc790\uc640 \uacf5\uc720\ud558\uc9c0 \uc54a\uc2b5\ub2c8\ub2e4.<\/p>\n\n\n\n<p>\ub2f9\uc0ac \uc0ac\uc774\ud2b8\uc5d0\ub294 \ub2f9\uc0ac\uac00 \uc6b4\uc601\ud558\uc9c0 \uc54a\ub294 \uc678\ubd80 \uc0ac\uc774\ud2b8\uc5d0 \ub300\ud55c \ub9c1\ud06c\uac00 \ud3ec\ud568\ub420 \uc218 \uc788\uc2b5\ub2c8\ub2e4. \ub2f9\uc0ac\ub294 \uc774\ub7ec\ud55c \uc0ac\uc774\ud2b8\uc758 \ucf58\ud150\uce20\uc640 \uad00\ud589\uc744 \ud1b5\uc81c\ud560 \uc218 \uc5c6\uc73c\uba70 \uac01 \uac1c\uc778\uc815\ubcf4 \ubcf4\ud638\uc815\ucc45\uc5d0 \ub300\ud574 \ucc45\uc784\uc744 \uc9c8 \uc218 \uc5c6\ub2e4\ub294 \uc810\uc744 \uc720\uc758\ud558\uc2dc\uae30 \ubc14\ub78d\ub2c8\ub2e4.<\/p>\n\n\n\n<p>\uadc0\ud558\ub294 \ub2f9\uc0ac\uc758 \uac1c\uc778\uc815\ubcf4 \uc694\uccad\uc744 \uc790\uc720\ub86d\uac8c \uac70\ubd80\ud560 \uc218 \uc788\uc2b5\ub2c8\ub2e4. \ub2e8, \ub2f9\uc0ac\uac00 \uadc0\ud558\uc5d0\uac8c \uc6d0\ud558\ub294 \uc77c\ubd80 \uc11c\ube44\uc2a4\ub97c \uc81c\uacf5\ud558\uc9c0 \ubabb\ud560 \uc218\ub3c4 \uc788\ub2e4\ub294 \uc810\uc744 \uc720\uc758\ud558\uc2dc\uae30 \ubc14\ub78d\ub2c8\ub2e4.<\/p>\n\n\n\n<p>\uadc0\ud558\uac00 \ub2f9\uc0ac \uc0ac\uc774\ud2b8\ub97c \uacc4\uc18d \uc0ac\uc6a9\ud558\ub294 \uac83\uc740 \uac1c\uc778 \uc815\ubcf4 \ubcf4\ud638 \ubc0f \uac1c\uc778 \uc815\ubcf4\uc5d0 \uad00\ud55c \ub2f9\uc0ac\uc758 \uad00\ud589\uc744 \uc218\ub77d\ud558\ub294 \uac83\uc73c\ub85c \uac04\uc8fc\ub429\ub2c8\ub2e4. \ub2f9\uc0ac\uac00 \uc0ac\uc6a9\uc790 \ub370\uc774\ud130 \ubc0f \uac1c\uc778\uc815\ubcf4\ub97c \ucc98\ub9ac\ud558\ub294 \ubc29\ubc95\uc5d0 \ub300\ud574 \uad81\uae08\ud55c \uc810\uc774 \uc788\uc73c\uba74 \ub2f9\uc0ac\uc5d0 \ubb38\uc758\ud558\uc138\uc694.<\/p>\n\n\n\n<h2 class=\"wp-block-heading\">Rosstylepro \uc0ac\uc774\ud2b8 \ubcf4\uc548<\/h2>\n\n\n\n<p>\uc0ac\uc774\ud2b8 \ud655\uc778(Site Check)\uc5d0\uc11c \ubcf4\uace0\ud55c \ub300\ub85c \uc774 \uc0ac\uc774\ud2b8\ub294 \uc0ac\uc6a9\uc790\uc5d0\uac8c \uc2e0\ub8b0\ud560 \uc218 \uc788\uace0 \uc548\uc804\ud569\ub2c8\ub2e4. \uc774 \ud398\uc774\uc9c0\uc5d0\uc11c\ub294 \uc0ac\uc774\ud2b8 \uc815\ubcf4\ub97c \ud655\uc778\ud558\uc5ec \uc7a0\uc7ac\uc801\uc778 \ubcf4\uc548 \ubb38\uc81c\ub97c \uc2dd\ubcc4\ud569\ub2c8\ub2e4.<\/p>\n\n\n\n<h2 class=\"wp-block-heading\">Rosstylepro \ucfe0\ud0a4 \uc815\ucc45<\/h2>\n\n\n\n<p><strong>\ucfe0\ud0a4\ub780 \ubb34\uc5c7\uc785\ub2c8\uae4c?<\/strong><\/p>\n\n\n\n<p>\uac70\uc758 \ubaa8\ub4e0 \uc804\ubb38 \uc6f9\uc0ac\uc774\ud2b8\uc5d0\uc11c \ud754\ud788 \ubcfc \uc218 \uc788\ub4ef\uc774 \uc774 \uc0ac\uc774\ud2b8\ub294 \uadc0\ud558\uc758 \uacbd\ud5d8\uc744 \ud5a5\uc0c1\uc2dc\ud0a4\uae30 \uc704\ud574 \uadc0\ud558\uc758 \ucef4\ud4e8\ud130\uc5d0 \ub2e4\uc6b4\ub85c\ub4dc\ub418\ub294 \uc791\uc740 \ud30c\uc77c\uc778 \ucfe0\ud0a4\ub97c \uc0ac\uc6a9\ud569\ub2c8\ub2e4. \uc774 \ud398\uc774\uc9c0\uc5d0\uc11c\ub294 \uadf8\ub4e4\uc774 \uc218\uc9d1\ud558\ub294 \uc815\ubcf4, \ub2f9\uc0ac\uac00 \uc774\ub97c \uc0ac\uc6a9\ud558\ub294 \ubc29\ubc95, \ub54c\ub54c\ub85c \uc774\ub7ec\ud55c \ucfe0\ud0a4\ub97c \uc800\uc7a5\ud574\uc57c \ud558\ub294 \uc774\uc720\ub97c \uc124\uba85\ud569\ub2c8\ub2e4. \ub610\ud55c \uc0ac\uc774\ud2b8\uc758 \uae30\ub2a5\uc5d0 \uc601\ud5a5\uc744 \ubbf8\uce60 \uc218 \uc788\uc9c0\ub9cc \uc774\ub7ec\ud55c \ucfe0\ud0a4\uac00 \uc800\uc7a5\ub418\uc9c0 \uc54a\ub3c4\ub85d \ubc29\uc9c0\ud560 \uc218 \uc788\ub294 \ubc29\ubc95\ub3c4 \uc54c\ub824 \ub4dc\ub9ac\uaca0\uc2b5\ub2c8\ub2e4.<\/p>\n\n\n\n<p><strong>\uc6b0\ub9ac\ub294 \ucfe0\ud0a4\ub97c \uc5b4\ub5bb\uac8c \uc0ac\uc6a9\ud569\ub2c8\uae4c?<\/strong><\/p>\n\n\n\n<p>\ub2f9\uc0ac\ub294 \uc544\ub798\uc5d0 \uc790\uc138\ud788 \uc124\uba85\ub41c \uc5ec\ub7ec \uac00\uc9c0 \uc774\uc720\ub85c \ucfe0\ud0a4\ub97c \uc0ac\uc6a9\ud569\ub2c8\ub2e4. \ubd88\ud589\ud558\uac8c\ub3c4 \ub300\ubd80\ubd84\uc758 \uacbd\uc6b0 \ucfe0\ud0a4\uac00 \uc774 \uc0ac\uc774\ud2b8\uc5d0 \ucd94\uac00\ud558\ub294 \uae30\ub2a5\uc744 \uc644\uc804\ud788 \ube44\ud65c\uc131\ud654\ud558\uc9c0 \uc54a\uace0 \ucfe0\ud0a4\ub97c \ube44\ud65c\uc131\ud654\ud560 \uc218 \uc788\ub294 \uc5c5\uacc4 \ud45c\uc900 \uc635\uc158\uc740 \uc5c6\uc2b5\ub2c8\ub2e4. \uadc0\ud558\uac00 \uc774\uc6a9\ud558\ub294 \uc11c\ube44\uc2a4\ub97c \uc81c\uacf5\ud558\uae30 \uc704\ud574 \ucfe0\ud0a4\uac00 \ud544\uc694\ud55c\uc9c0 \uc5ec\ubd80\uac00 \ud655\uc2e4\ud558\uc9c0 \uc54a\uc740 \uacbd\uc6b0\uc5d0\ub294 \ubaa8\ub4e0 \ucfe0\ud0a4\ub97c \ud65c\uc131\ud654\ud574 \ub450\ub294 \uac83\uc774 \uc88b\uc2b5\ub2c8\ub2e4.<\/p>\n\n\n\n<p><strong>\ucfe0\ud0a4 \ube44\ud65c\uc131\ud654<\/strong><\/p>\n\n\n\n<p>\ube0c\ub77c\uc6b0\uc800 \uc124\uc815\uc744 \uc870\uc815\ud558\uc5ec \ucfe0\ud0a4\uac00 \uc124\uc815\ub418\ub294 \uac83\uc744 \ubc29\uc9c0\ud560 \uc218 \uc788\uc2b5\ub2c8\ub2e4(\uc774\ub97c \uc218\ud589\ud558\ub294 \ubc29\ubc95\uc740 \ube0c\ub77c\uc6b0\uc800 \ub3c4\uc6c0\ub9d0\uc744 \ucc38\uc870\ud558\uc138\uc694). \ucfe0\ud0a4\ub97c \ube44\ud65c\uc131\ud654\ud558\uba74 \uc774 \uc0ac\uc774\ud2b8\uc640 \uadc0\ud558\uac00 \ubc29\ubb38\ud558\ub294 \ub2e4\ub978 \ub9ce\uc740 \uc0ac\uc774\ud2b8\uc758 \uae30\ub2a5\uc5d0 \uc601\ud5a5\uc744 \ubbf8\uce58\uac8c \ub429\ub2c8\ub2e4. \ucfe0\ud0a4\ub97c \ube44\ud65c\uc131\ud654\ud558\uba74 \uc77c\ubc18\uc801\uc73c\ub85c \uc774 \uc0ac\uc774\ud2b8\uc758 \ud2b9\uc815 \uae30\ub2a5\uc774 \ube44\ud65c\uc131\ud654\ub429\ub2c8\ub2e4. \ub530\ub77c\uc11c \ucfe0\ud0a4\ub97c \ube44\ud65c\uc131\ud654\ud558\uc9c0 \uc54a\ub294 \uac83\uc774 \uc88b\uc2b5\ub2c8\ub2e4.<\/p>\n\n\n\n<p><strong>\uc6b0\ub9ac\uac00 \uc124\uc815\ud55c \ucfe0\ud0a4<\/strong><\/p>\n\n\n\n<ul>\n<li>\uacc4\uc815 \uad00\ub828 \ucfe0\ud0a4<br><br>\uadc0\ud558\uac00 \ub2f9\uc0ac\uc5d0 \uacc4\uc815\uc744 \uc0dd\uc131\ud558\uba74 \ub2f9\uc0ac\ub294 \ucfe0\ud0a4\ub97c \uc0ac\uc6a9\ud558\uc5ec \ub4f1\ub85d \ud504\ub85c\uc138\uc2a4 \ubc0f \uc77c\ubc18 \uad00\ub9ac\ub97c \uad00\ub9ac\ud569\ub2c8\ub2e4. \uc774\ub7ec\ud55c \ucfe0\ud0a4\ub294 \uc77c\ubc18\uc801\uc73c\ub85c \uadc0\ud558\uac00 \ub85c\uadf8\uc544\uc6c3\ud560 \ub54c \uc0ad\uc81c\ub418\uc9c0\ub9cc \uc5b4\ub5a4 \uacbd\uc6b0\uc5d0\ub294 \uadc0\ud558\uac00 \ub85c\uadf8\uc544\uc6c3\ud560 \ub54c \uadc0\ud558\uc758 \uc0ac\uc774\ud2b8 \uae30\ubcf8 \uc124\uc815\uc744 \uae30\uc5b5\ud558\uae30 \uc704\ud574 \ub0a8\uc544 \uc788\uc744 \uc218 \uc788\uc2b5\ub2c8\ub2e4.<\/li>\n\n\n\n<li>\ub85c\uadf8\uc778\uacfc \uad00\ub828\ub41c \ucfe0\ud0a4<br><br>\ub2f9\uc0ac\ub294 \uadc0\ud558\uac00 \ub85c\uadf8\uc778\ud560 \ub54c \ud574\ub2f9 \uc791\uc5c5\uc744 \uae30\uc5b5\ud558\uae30 \uc704\ud574 \ucfe0\ud0a4\ub97c \uc0ac\uc6a9\ud569\ub2c8\ub2e4. \uc774\ub807\uac8c \ud558\uba74 \uc0c8 \ud398\uc774\uc9c0\ub97c \ubc29\ubb38\ud560 \ub54c\ub9c8\ub2e4 \ub85c\uadf8\uc778\ud560 \ud544\uc694\uac00 \uc5c6\uc2b5\ub2c8\ub2e4. \uc774\ub7ec\ud55c \ucfe0\ud0a4\ub294 \uc77c\ubc18\uc801\uc73c\ub85c \ub85c\uadf8\uc778 \uc2dc \uc81c\ud55c\ub41c \uae30\ub2a5 \ubc0f \uc601\uc5ed\uc5d0\ub9cc \uc561\uc138\uc2a4\ud560 \uc218 \uc788\ub3c4\ub85d \ub85c\uadf8\uc544\uc6c3\ud560 \ub54c \uc0ad\uc81c\ub429\ub2c8\ub2e4.<\/li>\n\n\n\n<li>\uc774\uba54\uc77c \ub274\uc2a4\ub808\ud130\uc640 \uad00\ub828\ub41c \ucfe0\ud0a4<br><br>\uc774 \uc0ac\uc774\ud2b8\ub294 \ub274\uc2a4\ub808\ud130 \ub610\ub294 \uc774\uba54\uc77c \uad6c\ub3c5 \uc11c\ube44\uc2a4\ub97c \uc81c\uacf5\ud558\uba70 \ucfe0\ud0a4\ub294 \uadc0\ud558\uac00 \uc774\ubbf8 \ub4f1\ub85d\ud588\ub294\uc9c0 \uc5ec\ubd80\uc640 \ub4f1\ub85d\/\ubbf8\ub4f1\ub85d \uc0ac\uc6a9\uc790\uc5d0\uac8c\ub9cc \uc720\ud6a8\ud55c \ud2b9\uc815 \uc54c\ub9bc\uc744 \ud45c\uc2dc\ud574\uc57c \ud558\ub294\uc9c0 \uc5ec\ubd80\ub97c \uae30\uc5b5\ud558\ub294 \ub370 \uc0ac\uc6a9\ub420 \uc218 \uc788\uc2b5\ub2c8\ub2e4.<\/li>\n\n\n\n<li>\uc8fc\ubb38 \ucc98\ub9ac\uc640 \uad00\ub828\ub41c \ucfe0\ud0a4<br><br>\uc774 \uc0ac\uc774\ud2b8\ub294 \uc804\uc790 \uc0c1\uac70\ub798 \ub610\ub294 \uacb0\uc81c \uae30\ub2a5\uc744 \uc81c\uacf5\ud558\uba70 \uc77c\ubd80 \ucfe0\ud0a4\ub294 \uadc0\ud558\uc758 \uc8fc\ubb38\uc774 \ud398\uc774\uc9c0 \uac04\uc5d0 \uae30\uc5b5\ub418\uc5b4 \uc801\uc808\ud558\uac8c \ucc98\ub9ac\ub420 \uc218 \uc788\ub3c4\ub85d \ud558\ub294 \ub370 \ud544\uc218\uc801\uc785\ub2c8\ub2e4.<\/li>\n\n\n\n<li>\uc124\ubb38\uc870\uc0ac \uad00\ub828 \ucfe0\ud0a4<br><br>\ub54c\ub54c\ub85c \ub2f9\uc0ac\ub294 \ud765\ubbf8\ub85c\uc6b4 \uc815\ubcf4, \uc720\uc6a9\ud55c \ub3c4\uad6c\ub97c \uc81c\uacf5\ud558\uac70\ub098 \uc0ac\uc6a9\uc790 \uae30\ubc18\uc744 \ubcf4\ub2e4 \uc815\ud655\ud558\uac8c \uc774\ud574\ud558\uae30 \uc704\ud574 \uc124\ubb38\uc870\uc0ac\uc640 \uc124\ubb38\uc9c0\ub97c \uc81c\uacf5\ud569\ub2c8\ub2e4. \uc774\ub7ec\ud55c \uc124\ubb38\uc870\uc0ac\uc5d0\uc11c\ub294 \uc124\ubb38\uc870\uc0ac\uc5d0 \ucc38\uc5ec\ud55c \uc0ac\ub78c\uc744 \uae30\uc5b5\ud558\uac70\ub098 \ud398\uc774\uc9c0 \ubcc0\uacbd \ud6c4 \uc815\ud655\ud55c \uacb0\uacfc\ub97c \uc81c\uacf5\ud558\uae30 \uc704\ud574 \ucfe0\ud0a4\ub97c \uc0ac\uc6a9\ud560 \uc218 \uc788\uc2b5\ub2c8\ub2e4.<\/li>\n\n\n\n<li>\uc591\uc2dd \uad00\ub828 \ucfe0\ud0a4<br><br>\uadc0\ud558\uac00 \uc5f0\ub77d\ucc98 \ud398\uc774\uc9c0\ub098 \ub313\uae00 \uc591\uc2dd\uc5d0 \uc788\ub294 \uc591\uc2dd\uc744 \ud1b5\ud574 \ub370\uc774\ud130\ub97c \uc81c\ucd9c\ud558\ub294 \uacbd\uc6b0 \ud5a5\ud6c4 \uc11c\uc2e0\uc744 \uc704\ud574 \uadc0\ud558\uc758 \uc0ac\uc6a9\uc790 \uc138\ubd80 \uc815\ubcf4\ub97c \uae30\uc5b5\ud558\ub3c4\ub85d \ucfe0\ud0a4\uac00 \uc124\uc815\ub420 \uc218 \uc788\uc2b5\ub2c8\ub2e4.<\/li>\n\n\n\n<li>\uc0ac\uc774\ud2b8 \uae30\ubcf8 \uc124\uc815 \ucfe0\ud0a4<br><br>\uc774 \uc0ac\uc774\ud2b8\uc5d0\uc11c \ucd5c\uc801\uc758 \uacbd\ud5d8\uc744 \uc81c\uacf5\ud558\uae30 \uc704\ud574 \ub2f9\uc0ac\ub294 \uadc0\ud558\uac00 \uc774 \uc0ac\uc774\ud2b8\ub97c \uc0ac\uc6a9\ud560 \ub54c \uc774 \uc0ac\uc774\ud2b8\uac00 \uc2e4\ud589\ub418\ub294 \ubc29\uc2dd\uc5d0 \ub300\ud55c \uae30\ubcf8 \uc124\uc815\uc744 \uc9c0\uc815\ud558\ub294 \uae30\ub2a5\uc744 \uc81c\uacf5\ud569\ub2c8\ub2e4. \uadc0\ud558\uc758 \uae30\ubcf8 \uc124\uc815\uc744 \uae30\uc5b5\ud558\uae30 \uc704\ud574 \ub2f9\uc0ac\ub294 \uadc0\ud558\uac00 \uadc0\ud558\uc758 \uae30\ubcf8 \uc124\uc815\uc5d0 \uc601\ud5a5\uc744 \ubc1b\ub294 \ud398\uc774\uc9c0\uc640 \uc0c1\ud638 \uc791\uc6a9\ud560 \ub54c\ub9c8\ub2e4 \uc774 \uc815\ubcf4\uac00 \ud638\ucd9c\ub420 \uc218 \uc788\ub3c4\ub85d \ucfe0\ud0a4\ub97c \uc124\uc815\ud574\uc57c \ud569\ub2c8\ub2e4.<\/li>\n<\/ul>\n\n\n\n<h2 class=\"wp-block-heading\">\uc81c3\uc790 \ucfe0\ud0a4<\/h2>\n\n\n\n<p>\uc77c\ubd80 \ud2b9\ubcc4\ud55c \uacbd\uc6b0\uc5d0\ub294 \uc2e0\ub8b0\ud560 \uc218 \uc788\ub294 \uc81c3\uc790\uac00 \uc81c\uacf5\ud558\ub294 \ucfe0\ud0a4\ub3c4 \uc0ac\uc6a9\ud569\ub2c8\ub2e4. \ub2e4\uc74c \uc139\uc158\uc5d0\uc11c\ub294 \uc774 \uc0ac\uc774\ud2b8\ub97c \ud1b5\ud574 \uc811\ud560 \uc218 \uc788\ub294 \uc81c3\uc790 \ucfe0\ud0a4\uc5d0 \ub300\ud574 \uc790\uc138\ud788 \uc124\uba85\ud569\ub2c8\ub2e4.<\/p>\n\n\n\n<ul>\n<li>\uc774 \uc0ac\uc774\ud2b8\ub294\u00a0<a href=\"https:\/\/analytics.google.com\/analytics\/web\/#\/p419479084\/reports\/intelligenthome\"><em>\uad6c\uae00\uc560\ub110\ub9ac\ud2f1\uc2a4<\/em><\/a>\ub294 \uac00\uc7a5 \uad11\ubc94\uc704\ud558\uace0 \uc2e0\ub8b0\ud560 \uc218 \uc788\ub294 \uc6f9 \ubd84\uc11d \uc194\ub8e8\uc158 \uc911 \ud558\ub098\uc785\ub2c8\ub2e4. \uc774\ub294 \uadc0\ud558\uac00 \uc0ac\uc774\ud2b8\ub97c \uc0ac\uc6a9\ud558\ub294 \ubc29\uc2dd\uacfc \uadc0\ud558\uc758 \uacbd\ud5d8\uc744 \uac1c\uc120\ud560 \uc218 \uc788\ub294 \ubc29\ubc95\uc744 \uc774\ud574\ud558\ub294 \ub370 \ub3c4\uc6c0\uc774 \ub429\ub2c8\ub2e4. \uc774\ub7ec\ud55c \ucfe0\ud0a4\ub294 \uadc0\ud558\uac00 \uc0ac\uc774\ud2b8\uc5d0\uc11c \ubcf4\ub0b8 \uc2dc\uac04\uacfc \ubc29\ubb38\ud55c \ud398\uc774\uc9c0 \ub4f1\uc744 \ucd94\uc801\ud560 \uc218 \uc788\uc73c\ubbc0\ub85c \uacc4\uc18d\ud574\uc11c \ub9e4\ub825\uc801\uc778 \ucf58\ud150\uce20\ub97c \uc0dd\uc131\ud560 \uc218 \uc788\uc2b5\ub2c8\ub2e4.<\/li>\n<\/ul>\n\n\n\n<p>Google Analytics \ucfe0\ud0a4\uc5d0 \ub300\ud55c \uc790\uc138\ud55c \ub0b4\uc6a9\uc740 \uacf5\uc2dd Google Analytics \ud398\uc774\uc9c0\ub97c \ucc38\uc870\ud558\uc2ed\uc2dc\uc624.<\/p>\n\n\n\n<ul>\n<li>\uc81c3\uc790 \ubd84\uc11d\uc744 \uc0ac\uc6a9\ud558\uc5ec \uc774 \uc0ac\uc774\ud2b8\uc758 \uc0ac\uc6a9\uc744 \ucd94\uc801\ud558\uace0 \uce21\uc815\ud568\uc73c\ub85c\uc368 \ub2f9\uc0ac\ub294 \uacc4\uc18d\ud574\uc11c \ub9e4\ub825\uc801\uc778 \ucf58\ud150\uce20\ub97c \uc0dd\uc0b0\ud560 \uc218 \uc788\uc2b5\ub2c8\ub2e4. \uc774\ub7ec\ud55c \ucfe0\ud0a4\ub294 \uadc0\ud558\uac00 \uc0ac\uc774\ud2b8\uc5d0\uc11c \ubcf4\ub0b8 \uc2dc\uac04\uc774\ub098 \ubc29\ubb38\ud55c \ud398\uc774\uc9c0 \ub4f1\uc744 \ucd94\uc801\ud560 \uc218 \uc788\uc73c\uba70, \uc774\ub294 \ub2f9\uc0ac\uac00 \uadc0\ud558\ub97c \uc704\ud574 \uc0ac\uc774\ud2b8\ub97c \uac1c\uc120\ud560 \uc218 \uc788\ub294 \ubc29\ubc95\uc744 \uc774\ud574\ud558\ub294 \ub370 \ub3c4\uc6c0\uc774 \ub429\ub2c8\ub2e4.<\/li>\n\n\n\n<li>\uc6b0\ub9ac\ub294 \uc815\uae30\uc801\uc73c\ub85c \uc0c8\ub85c\uc6b4 \uae30\ub2a5\uc744 \ud14c\uc2a4\ud2b8\ud558\uace0 \uc0ac\uc774\ud2b8 \ud45c\uc2dc \ubc29\uc2dd\uc744 \ubbf8\uc138\ud558\uac8c \ubcc0\uacbd\ud569\ub2c8\ub2e4. \uc0c8\ub85c\uc6b4 \uae30\ub2a5\uc744 \uacc4\uc18d \ud14c\uc2a4\ud2b8\ud558\ub294 \ub3d9\uc548 \uc774\ub7ec\ud55c \ucfe0\ud0a4\ub294 \uadc0\ud558\uac00 \uc0ac\uc774\ud2b8\uc5d0 \uc788\ub294 \ub3d9\uc548 \uc77c\uad00\ub41c \uacbd\ud5d8\uc744 \ubc1b\uc744 \uc218 \uc788\ub3c4\ub85d \ubcf4\uc7a5\ud558\ub294 \ub3d9\uc2dc\uc5d0 \uc0ac\uc6a9\uc790\uac00 \uac00\uc7a5 \uc88b\uc544\ud558\ub294 \ucd5c\uc801\ud654\uac00 \ubb34\uc5c7\uc778\uc9c0 \uc774\ud574\ud558\ub294 \ub370 \uc0ac\uc6a9\ub420 \uc218 \uc788\uc2b5\ub2c8\ub2e4.<\/li>\n\n\n\n<li>\uc81c\ud488\uc744 \ud310\ub9e4\ud560 \ub54c \ub2f9\uc0ac \uc0ac\uc774\ud2b8\uc758 \ubc29\ubb38\uc790 \uc911 \uc2e4\uc81c\ub85c \uad6c\ub9e4\ud558\ub294 \ubc29\ubb38\uc790 \uc218\uc5d0 \ub300\ud55c \ud1b5\uacc4\ub97c \uc774\ud574\ud558\ub294 \uac83\uc774 \uc911\uc694\ud558\ubbc0\ub85c \uc774\uac83\uc774 \ucfe0\ud0a4\uac00 \ucd94\uc801\ud558\ub294 \ub370\uc774\ud130 \uc720\ud615\uc785\ub2c8\ub2e4. \uc774\ub294 \ub2f9\uc0ac\uac00 \uc815\ud655\ud55c \ube44\uc988\ub2c8\uc2a4 \uc608\uce21\uc744 \ud1b5\ud574 \uad11\uace0 \ubc0f \uc81c\ud488 \ube44\uc6a9\uc744 \ubd84\uc11d\ud558\uc5ec \uac00\ub2a5\ud55c \ucd5c\uc0c1\uc758 \uac00\uaca9\uc744 \ubcf4\uc7a5\ud560 \uc218 \uc788\ub2e4\ub294 \uc758\ubbf8\uc774\ubbc0\ub85c \uadc0\ud558\uc5d0\uac8c \uc911\uc694\ud569\ub2c8\ub2e4.<\/li>\n<\/ul>\n\n\n\n<h2 class=\"wp-block-heading\">\uc0ac\uc6a9\uc790 \ucc38\uc5ec<\/h2>\n\n\n\n<p>\uc0ac\uc6a9\uc790\ub294 Rosstyleproof\uc774 \uc0ac\uc774\ud2b8\uc5d0\uc11c \uc81c\uacf5\ud558\ub294 \ucf58\ud150\uce20\uc640 \uc815\ubcf4\ub97c \uc608\ub97c \ub4e4\uc5b4(\ub2e8, \uc774\uc5d0 \uad6d\ud55c\ub418\uc9c0\ub294 \uc54a\uc74c) \uc801\uc808\ud558\uac8c \uc0ac\uc6a9\ud558\ub294 \ub370 \ub3d9\uc758\ud569\ub2c8\ub2e4.<\/p>\n\n\n\n<ul>\n<li>A) \ubd88\ubc95 \ud65c\ub3d9\uc774\ub098 \uc120\uc758\uc640 \uacf5\uacf5 \uc9c8\uc11c\uc5d0 \ubc18\ud558\ub294 \ud65c\ub3d9\uc5d0 \ucc38\uc5ec\ud558\uc9c0 \uc54a\uc2b5\ub2c8\ub2e4.<\/li>\n\n\n\n<li>B) \uc778\uc885 \ucc28\ubcc4, \uc678\uad6d\uc778 \ud610\uc624, \ub3c4\ubc15\uc774\ub098 \ub3c4\ubc15, \ubd88\ubc95 \uc74c\ub780\ubb3c, \ud14c\ub7ec \uc639\ud638 \ub610\ub294 \uc778\uad8c \uce68\ud574\uc5d0 \ub300\ud55c \uc120\uc804\uc774\ub098 \ucf58\ud150\uce20\ub97c \uc720\ud3ec\ud558\uc9c0 \uc54a\uc2b5\ub2c8\ub2e4.<\/li>\n\n\n\n<li>C) Rosstylepro, \uadf8 \uacf5\uae09\uc5c5\uccb4 \ub610\ub294 \uc81c3\uc790\uc758 \ubb3c\ub9ac\uc801(\ud558\ub4dc\uc6e8\uc5b4) \ubc0f \ub17c\ub9ac\uc801(\uc18c\ud504\ud2b8\uc6e8\uc5b4) \uc2dc\uc2a4\ud15c\uc5d0 \uc190\uc0c1\uc744 \uc785\ud788\uc9c0 \uc54a\uc73c\uba70 \uc704\uc5d0 \uc5b8\uae09\ub41c \uc190\uc0c1\uc744 \uc77c\uc73c\ud0ac \uc218 \uc788\ub294 \ucef4\ud4e8\ud130 \ubc14\uc774\ub7ec\uc2a4 \ub610\ub294 \uae30\ud0c0 \ud558\ub4dc\uc6e8\uc5b4 \ub610\ub294 \uc18c\ud504\ud2b8\uc6e8\uc5b4 \uc2dc\uc2a4\ud15c\uc744 \ub3c4\uc785\ud558\uac70\ub098 \ud655\uc0b0\uc2dc\ud0a4\uc9c0 \uc54a\uc2b5\ub2c8\ub2e4.<\/li>\n<\/ul>\n\n\n\n<h2 class=\"wp-block-heading\">\ucfe0\ud0a4 \ucc28\ub2e8:<\/h2>\n\n\n\n<p>\uc0ac\uc6a9\uc790\ub294 \uc5b8\uc81c\ub4e0\uc9c0 \ub2f9\uc0ac\ub97c \ud3ec\ud568\ud55c \ubaa8\ub4e0 \uc0ac\uc774\ud2b8\uc758 \ucfe0\ud0a4\ub97c \ucc28\ub2e8 \ubc0f\/\ub610\ub294 \ube44\ud65c\uc131\ud654\ud560 \uc218 \uc788\uc2b5\ub2c8\ub2e4. \uc774 \uc808\ucc28\ub97c \uc218\ud589\ud558\ub824\uba74 \ube0c\ub77c\uc6b0\uc800 \uc124\uc815\uc5d0 \uc561\uc138\uc2a4\ud558\uc138\uc694. \uc544\ub798\uc758 \uc8fc\uc694 \ube0c\ub77c\uc6b0\uc800\uc5d0 \ub300\ud55c \ub3c4\uc6c0\ub9d0 \uac00\uc774\ub4dc\ub97c \ud655\uc778\ud558\uc138\uc694.<\/p>\n\n\n\n<ul>\n<li><a href=\"https:\/\/support.google.com\/accounts\/answer\/61416?hl=en\"><em>\uad6c\uae00 \ud06c\ub86c<\/em><\/a><\/li>\n\n\n\n<li><a href=\"https:\/\/support.mozilla.org\/en-US\/kb\/enhanced-tracking-protection-firefox-desktop?redirectlocale=en-US&amp;redirectslug=enable-and-disable-cookies-website-preferences\"><em>\ud30c\uc774\uc5b4\ud3ed\uc2a4<\/em><\/a><\/li>\n\n\n\n<li><a href=\"https:\/\/support.microsoft.com\/pt-br\/windows\/excluir-e-gerenciar-cookies-168dab11-0753-043d-7c16-ede5947fc64d\"><em>\ub9c8\uc774\ud06c\ub85c\uc18c\ud504\ud2b8 \uc5e3\uc9c0<\/em><\/a><\/li>\n\n\n\n<li><a href=\"https:\/\/blogs.opera.com\/news\/2015\/08\/how-to-manage-cookies-in-opera\/\"><em>\uc624\ud398\ub77c<\/em><\/a><\/li>\n\n\n\n<li><a href=\"https:\/\/support.apple.com\/pt-br\/guide\/safari\/sfri11471\/mac\"><em>\uc6d0\uc815 \uc5ec\ud589<\/em><\/a><\/li>\n<\/ul>\n\n\n\n<h2 class=\"wp-block-heading\">\ucd94\uac00 \uc815\ubcf4<\/h2>\n\n\n\n<p>\uc774\uac83\uc774 \uadc0\ud558\uc758 \uc758\uc2ec\uc744 \uba85\ud655\ud558\uac8c \ud574\uc8fc\uae30\ub97c \ubc14\ub77c\uba70, \uc704\uc5d0\uc11c \uc5b8\uae09\ud55c \uac83\ucc98\ub7fc \uadc0\ud558\uc5d0\uac8c \ud544\uc694\ud55c\uc9c0 \uc544\ub2cc\uc9c0 \ud655\uc2e4\ud558\uc9c0 \uc54a\uc740 \uac83\uc774 \uc788\ub294 \uacbd\uc6b0, \uadc0\ud558\uac00 \ub2f9\uc0ac \uc0ac\uc774\ud2b8\uc5d0\uc11c \uc0ac\uc6a9\ud558\ub294 \ub9ac\uc18c\uc2a4\uc640 \uc0c1\ud638 \uc791\uc6a9\ud560 \uacbd\uc6b0\ub97c \ub300\ube44\ud574 \ucfe0\ud0a4\ub97c \ud65c\uc131\ud654\ub41c \uc0c1\ud0dc\ub85c \ub450\ub294 \uac83\uc774 \uc77c\ubc18\uc801\uc73c\ub85c \ub354 \uc548\uc804\ud569\ub2c8\ub2e4.<\/p>\n\n\n\n<p>\uc774 \uc815\ucc45\uc740 2024\ub144 4\uc6d4\ubd80\ud130 \uc2dc\ud589\ub429\ub2c8\ub2e4.<\/p>","protected":false},"excerpt":{"rendered":"<p>\uadc0\ud558\uc758 \uac1c\uc778\uc815\ubcf4 \ubcf4\ud638\ub294 \uc800\ud76c\uc5d0\uac8c \ub9e4\uc6b0 \uc911\uc694\ud569\ub2c8\ub2e4. Rosstylepro\ub294 Rosstylepro \uc6f9\uc0ac\uc774\ud2b8 \ubc0f \uc800\ud76c\uac00 \uc18c\uc720 \ubc0f \uc6b4\uc601\ud558\ub294 \ub2e4\ub978 \uc6f9\uc0ac\uc774\ud2b8\uc5d0\uc11c \uc218\uc9d1\ud558\ub294 \ubaa8\ub4e0 \uc815\ubcf4\uc640 \uad00\ub828\ud558\uc5ec \uadc0\ud558\uc758 \uac1c\uc778\uc815\ubcf4\ub97c \uc874\uc911\ud569\ub2c8\ub2e4. \uc800\ud76c\ub294 \uadc0\ud558\uc5d0\uac8c \uc11c\ube44\uc2a4\ub97c \uc81c\uacf5\ud558\uae30 \uc704\ud574 \uc9c4\uc815\uc73c\ub85c \ud544\uc694\ud55c \uacbd\uc6b0\uc5d0\ub9cc \uac1c\uc778\uc815\ubcf4\ub97c \uc694\uccad\ud558\uba70, \uadc0\ud558\uc758 \ub3d9\uc758 \ud558\uc5d0 \uacf5\uc815\ud558\uace0 \ud569\ubc95\uc801\uc73c\ub85c \ucc98\ub9ac\ud569\ub2c8\ub2e4.<\/p>","protected":false},"author":38,"featured_media":0,"parent":0,"menu_order":0,"comment_status":"closed","ping_status":"closed","template":"page-nosidebar.php","meta":{"footnotes":""},"yoast_head":"<!-- This site is optimized with the Yoast SEO plugin v23.3 - https:\/\/yoast.com\/wordpress\/plugins\/seo\/ -->\n<title>Pol\u00edtica de privacidad<\/title>\n<meta name=\"description\" content=\"Pol\u00edtica de privacidad, Tu privacidad es importante para nosotros. En Rosstylepro tenemos la pol\u00edtica de respetar tu privacidad en re...\" \/>\n<meta name=\"robots\" content=\"index, follow, max-snippet:-1, max-image-preview:large, max-video-preview:-1\" \/>\n<link rel=\"canonical\" href=\"https:\/\/rosstylepro.com\/ko\/politica-de-privacidad\/\" \/>\n<meta property=\"og:locale\" content=\"ko_KR\" \/>\n<meta property=\"og:type\" content=\"article\" \/>\n<meta property=\"og:title\" content=\"Pol\u00edtica de privacidad\" \/>\n<meta property=\"og:description\" content=\"Pol\u00edtica de privacidad, Tu privacidad es importante para nosotros. En Rosstylepro tenemos la pol\u00edtica de respetar tu privacidad en re...\" \/>\n<meta property=\"og:url\" content=\"https:\/\/rosstylepro.com\/ko\/politica-de-privacidad\/\" \/>\n<meta property=\"og:site_name\" content=\"RosstylePRO\" \/>\n<meta property=\"article:modified_time\" content=\"2025-01-17T16:25:36+00:00\" \/>\n<meta name=\"twitter:card\" content=\"summary_large_image\" \/>\n<meta name=\"twitter:label1\" content=\"Est. reading time\" \/>\n\t<meta name=\"twitter:data1\" content=\"8\ubd84\" \/>\n<script type=\"application\/ld+json\" class=\"yoast-schema-graph\">{\"@context\":\"https:\/\/schema.org\",\"@graph\":[{\"@type\":\"WebPage\",\"@id\":\"https:\/\/rosstylepro.com\/politica-de-privacidad\/\",\"url\":\"https:\/\/rosstylepro.com\/politica-de-privacidad\/\",\"name\":\"Pol\u00edtica de privacidad\",\"isPartOf\":{\"@id\":\"https:\/\/rosstylepro.com\/en\/#website\"},\"datePublished\":\"2024-05-02T15:17:37+00:00\",\"dateModified\":\"2025-01-17T16:25:36+00:00\",\"description\":\"Pol\u00edtica de privacidad, Tu privacidad es importante para nosotros. En Rosstylepro tenemos la pol\u00edtica de respetar tu privacidad en re...\",\"breadcrumb\":{\"@id\":\"https:\/\/rosstylepro.com\/politica-de-privacidad\/#breadcrumb\"},\"inLanguage\":\"ko-KR\",\"potentialAction\":[{\"@type\":\"ReadAction\",\"target\":[\"https:\/\/rosstylepro.com\/politica-de-privacidad\/\"]}]},{\"@type\":\"BreadcrumbList\",\"@id\":\"https:\/\/rosstylepro.com\/politica-de-privacidad\/#breadcrumb\",\"itemListElement\":[{\"@type\":\"ListItem\",\"position\":1,\"name\":\"Home\",\"item\":\"https:\/\/rosstylepro.com\/\"},{\"@type\":\"ListItem\",\"position\":2,\"name\":\"Pol\u00edtica de privacidad\"}]},{\"@type\":\"WebSite\",\"@id\":\"https:\/\/rosstylepro.com\/en\/#website\",\"url\":\"https:\/\/rosstylepro.com\/en\/\",\"name\":\"RosstylePRO\",\"description\":\"\",\"potentialAction\":[{\"@type\":\"SearchAction\",\"target\":{\"@type\":\"EntryPoint\",\"urlTemplate\":\"https:\/\/rosstylepro.com\/en\/?s={search_term_string}\"},\"query-input\":\"required name=search_term_string\"}],\"inLanguage\":\"ko-KR\"}]}<\/script>\n<!-- \/ Yoast SEO plugin. -->","yoast_head_json":{"title":"Pol\u00edtica de privacidad","description":"Pol\u00edtica de privacidad, Tu privacidad es importante para nosotros. En Rosstylepro tenemos la pol\u00edtica de respetar tu privacidad en re...","robots":{"index":"index","follow":"follow","max-snippet":"max-snippet:-1","max-image-preview":"max-image-preview:large","max-video-preview":"max-video-preview:-1"},"canonical":"https:\/\/rosstylepro.com\/ko\/politica-de-privacidad\/","og_locale":"ko_KR","og_type":"article","og_title":"Pol\u00edtica de privacidad","og_description":"Pol\u00edtica de privacidad, Tu privacidad es importante para nosotros. En Rosstylepro tenemos la pol\u00edtica de respetar tu privacidad en re...","og_url":"https:\/\/rosstylepro.com\/ko\/politica-de-privacidad\/","og_site_name":"RosstylePRO","article_modified_time":"2025-01-17T16:25:36+00:00","twitter_card":"summary_large_image","twitter_misc":{"Est. reading time":"8\ubd84"},"schema":{"@context":"https:\/\/schema.org","@graph":[{"@type":"WebPage","@id":"https:\/\/rosstylepro.com\/politica-de-privacidad\/","url":"https:\/\/rosstylepro.com\/politica-de-privacidad\/","name":"Pol\u00edtica de privacidad","isPartOf":{"@id":"https:\/\/rosstylepro.com\/en\/#website"},"datePublished":"2024-05-02T15:17:37+00:00","dateModified":"2025-01-17T16:25:36+00:00","description":"Pol\u00edtica de privacidad, Tu privacidad es importante para nosotros. En Rosstylepro tenemos la pol\u00edtica de respetar tu privacidad en re...","breadcrumb":{"@id":"https:\/\/rosstylepro.com\/politica-de-privacidad\/#breadcrumb"},"inLanguage":"ko-KR","potentialAction":[{"@type":"ReadAction","target":["https:\/\/rosstylepro.com\/politica-de-privacidad\/"]}]},{"@type":"BreadcrumbList","@id":"https:\/\/rosstylepro.com\/politica-de-privacidad\/#breadcrumb","itemListElement":[{"@type":"ListItem","position":1,"name":"Home","item":"https:\/\/rosstylepro.com\/"},{"@type":"ListItem","position":2,"name":"Pol\u00edtica de privacidad"}]},{"@type":"WebSite","@id":"https:\/\/rosstylepro.com\/en\/#website","url":"https:\/\/rosstylepro.com\/en\/","name":"RosstylePRO","description":"","potentialAction":[{"@type":"SearchAction","target":{"@type":"EntryPoint","urlTemplate":"https:\/\/rosstylepro.com\/en\/?s={search_term_string}"},"query-input":"required name=search_term_string"}],"inLanguage":"ko-KR"}]}},"_links":{"self":[{"href":"https:\/\/rosstylepro.com\/ko\/wp-json\/wp\/v2\/pages\/66"}],"collection":[{"href":"https:\/\/rosstylepro.com\/ko\/wp-json\/wp\/v2\/pages"}],"about":[{"href":"https:\/\/rosstylepro.com\/ko\/wp-json\/wp\/v2\/types\/page"}],"author":[{"embeddable":true,"href":"https:\/\/rosstylepro.com\/ko\/wp-json\/wp\/v2\/users\/38"}],"replies":[{"embeddable":true,"href":"https:\/\/rosstylepro.com\/ko\/wp-json\/wp\/v2\/comments?post=66"}],"version-history":[{"count":1,"href":"https:\/\/rosstylepro.com\/ko\/wp-json\/wp\/v2\/pages\/66\/revisions"}],"predecessor-version":[{"id":1563,"href":"https:\/\/rosstylepro.com\/ko\/wp-json\/wp\/v2\/pages\/66\/revisions\/1563"}],"wp:attachment":[{"href":"https:\/\/rosstylepro.com\/ko\/wp-json\/wp\/v2\/media?parent=66"}],"curies":[{"name":"wp","href":"https:\/\/api.w.org\/{rel}","templated":true}]}}