{"id":69,"date":"2024-05-02T12:20:15","date_gmt":"2024-05-02T15:20:15","guid":{"rendered":"https:\/\/rosstylepro.com\/?page_id=69"},"modified":"2025-01-17T16:25:36","modified_gmt":"2025-01-17T16:25:36","slug":"politica-de-cookies","status":"publish","type":"page","link":"https:\/\/rosstylepro.com\/ko\/politica-de-cookies\/","title":{"rendered":"\ucfe0\ud0a4 \uc815\ucc45"},"content":{"rendered":"<p>Rosstylepro\ub294 \uc6f9\uc0ac\uc774\ud2b8 rosstylepro.com\uc5d0\uc11c \ucfe0\ud0a4\ub97c \uc0ac\uc6a9\ud569\ub2c8\ub2e4. \ucfe0\ud0a4 \uc815\ucc45\uc744 \uc218\ub77d\ud568\uc73c\ub85c\uc368 \uadc0\ud558\ub294 \uc774 \uc815\ucc45\uc5d0 \ub530\ub77c \ucfe0\ud0a4\ub97c \uc0ac\uc6a9\ud558\ub294 \ub370 \ub3d9\uc758\ud558\uac8c \ub429\ub2c8\ub2e4. \ucfe0\ud0a4 \uc0ac\uc6a9\uc5d0 \ub3d9\uc758\ud558\uc9c0 \uc54a\ub294 \uacbd\uc6b0 \ube0c\ub77c\uc6b0\uc800 \uc124\uc815\uc744 \uc870\uc815\ud558\uac70\ub098 \ub2f9\uc0ac \uc6f9\uc0ac\uc774\ud2b8 \uc774\uc6a9\uc744 \uc911\ub2e8\ud558\ub294 \uac83\uc774 \uc88b\uc2b5\ub2c8\ub2e4.<\/p>\n\n\n\n<h2 class=\"wp-block-heading\">\ucfe0\ud0a4\ub780 \ubb34\uc5c7\uc785\ub2c8\uae4c?<\/h2>\n\n\n\n<p>\ucfe0\ud0a4\ub294 \uadc0\ud558\uac00 \uc6f9\uc0ac\uc774\ud2b8\ub97c \ubc29\ubb38\ud560 \ub54c \uc6f9\uc0ac\uc774\ud2b8\uac00 \uadc0\ud558\uc758 \uc7a5\uce58\uc5d0 \uc800\uc7a5\ud558\ub294 \uc791\uc740 \ud14d\uc2a4\ud2b8 \ud30c\uc77c\uc785\ub2c8\ub2e4. \uc774\ub7ec\ud55c \ud30c\uc77c\uc5d0\ub294 \uc5b8\uc5b4 \uae30\ubcf8 \uc124\uc815 \uae30\uc5b5, \uac80\uc0c9 \uacbd\ud5d8 \ucd5c\uc801\ud654, \uc0ac\uc774\ud2b8 \uc0ac\uc6a9\uc5d0 \ub300\ud55c \uc815\ubcf4 \uc218\uc9d1 \ub4f1 \ub2e4\uc591\ud55c \ubaa9\uc801\uc73c\ub85c \uc6f9\uc0ac\uc774\ud2b8\uc5d0\uc11c \uac80\uc0c9\ud560 \uc218 \uc788\ub294 \uc815\ubcf4\uac00 \ud3ec\ud568\ub418\uc5b4 \uc788\uc2b5\ub2c8\ub2e4.<\/p>\n\n\n\n<h2 class=\"wp-block-heading\">\uc0ac\uc6a9\ub418\ub294 \ucfe0\ud0a4\uc758 \uc720\ud615<\/h2>\n\n\n\n<h3 class=\"wp-block-heading\">\ud544\uc218 \ucfe0\ud0a4<\/h3>\n\n\n\n<p>\uc774\ub7ec\ud55c \ucfe0\ud0a4\ub294 \uc6f9\uc0ac\uc774\ud2b8\uc758 \uae30\ub2a5\uc5d0 \ud544\uc218\uc801\uc774\uba70 \ub2f9\uc0ac \uc2dc\uc2a4\ud15c\uc5d0\uc11c \ube44\ud65c\uc131\ud654\ud560 \uc218 \uc5c6\uc2b5\ub2c8\ub2e4. \uc774\ub294 \uc77c\ubc18\uc801\uc73c\ub85c \uac1c\uc778\uc815\ubcf4 \uae30\ubcf8 \uc124\uc815, \ub85c\uadf8\uc778 \ub610\ub294 \uc591\uc2dd \uc791\uc131\uacfc \uac19\uc740 \uc11c\ube44\uc2a4 \uc694\uccad\uc5d0 \ud574\ub2f9\ud558\ub294 \uadc0\ud558\uc758 \uc870\uce58\uc5d0 \ub300\ud55c \uc751\ub2f5\uc73c\ub85c\ub9cc \uc124\uc815\ub429\ub2c8\ub2e4.<\/p>\n\n\n\n<h3 class=\"wp-block-heading\">\uc131\ub2a5 \ucfe0\ud0a4<\/h3>\n\n\n\n<p>\uc774\ub7ec\ud55c \ucfe0\ud0a4\ub294 \ubc29\ubb38\uc790\uac00 \ub2f9\uc0ac \uc6f9\uc0ac\uc774\ud2b8\uc640 \uc0c1\ud638 \uc791\uc6a9\ud558\ub294 \ubc29\uc2dd\uc744 \uc774\ud574\ud558\ub294 \ub370 \ub3c4\uc6c0\uc774 \ub418\uba70, \ubc29\ubb38\ud55c \uc601\uc5ed, \uc0ac\uc774\ud2b8\uc5d0\uc11c \ubcf4\ub0b8 \uc2dc\uac04, \ubc1c\uc0dd\ud55c \ubb38\uc81c(\uc608: \uc624\ub958 \uba54\uc2dc\uc9c0)\uc5d0 \ub300\ud55c \uc815\ubcf4\ub97c \uc81c\uacf5\ud569\ub2c8\ub2e4. \uc774\ub294 \uc0ac\uc774\ud2b8 \uc131\ub2a5\uc744 \uac1c\uc120\ud558\uace0 \uc0ac\uc6a9\uc790 \uacbd\ud5d8\uc744 \uac1c\uc120\ud558\ub294 \ub370 \ub3c4\uc6c0\uc774 \ub429\ub2c8\ub2e4.<\/p>\n\n\n\n<h3 class=\"wp-block-heading\">\uae30\ub2a5 \ucfe0\ud0a4<\/h3>\n\n\n\n<p>\uc774\ub7ec\ud55c \ucfe0\ud0a4\ub97c \ud1b5\ud574 \uc6f9\uc0ac\uc774\ud2b8\ub294 \uc0ac\uc6a9\uc790 \uc774\ub984, \uc5b8\uc5b4, \uc9c0\uc5ed \ub4f1 \uadc0\ud558\uac00 \uc120\ud0dd\ud55c \uc0ac\ud56d\uc744 \uae30\uc5b5\ud558\uace0 \ub354\uc6b1 \uac1c\uc120\ub418\uace0 \uac1c\uc778\ud654\ub41c \uae30\ub2a5\uc744 \uc81c\uacf5\ud560 \uc218 \uc788\uc2b5\ub2c8\ub2e4. \ub610\ud55c \ube44\ub514\uc624 \uc2dc\uccad, \ube14\ub85c\uadf8 \ub313\uae00 \uc791\uc131 \ub4f1 \uc694\uccad\ub41c \uc11c\ube44\uc2a4\ub97c \uc81c\uacf5\ud558\ub294 \ub370 \uc0ac\uc6a9\ub420 \uc218\ub3c4 \uc788\uc2b5\ub2c8\ub2e4.<\/p>\n\n\n\n<h3 class=\"wp-block-heading\">\uad11\uace0 \ucfe0\ud0a4<\/h3>\n\n\n\n<p>\uc774 \ucfe0\ud0a4\ub294 \uadc0\ud558\uc640 \uadc0\ud558\uc758 \uad00\uc2ec\uc0ac\uc5d0 \ub354\uc6b1 \uad00\ub828\uc131\uc774 \ub192\uc740 \uad11\uace0\ub97c \uc81c\uacf5\ud558\ub294 \ub370 \uc0ac\uc6a9\ub429\ub2c8\ub2e4. \uc774\ub294 \ub610\ud55c \uadc0\ud558\uac00 \uad11\uace0\ub97c \ubcf4\ub294 \ud69f\uc218\ub97c \uc81c\ud55c\ud558\uace0 \uad11\uace0 \ucea0\ud398\uc778\uc758 \ud6a8\uacfc\ub97c \uce21\uc815\ud558\ub294 \ub370\uc5d0\ub3c4 \uc0ac\uc6a9\ub429\ub2c8\ub2e4.<\/p>\n\n\n\n<h2 class=\"wp-block-heading\">\ucfe0\ud0a4 \uad00\ub9ac<\/h2>\n\n\n\n<p>\uadc0\ud558\uac00 \ub2f9\uc0ac \uc6f9\uc0ac\uc774\ud2b8\uc5d0 \ucc98\uc74c\uc73c\ub85c \uc811\uc18d\ud558\uba74 \ub2f9\uc0ac\uc758 \ucfe0\ud0a4 \uc0ac\uc6a9\uc5d0 \ub300\ud55c \uc815\ubcf4\ub97c \ubc1b\uac8c \ub418\uba70 \ucfe0\ud0a4 \uc0ac\uc6a9\uc5d0 \ub3d9\uc758\ud560 \uc218 \uc788\ub294 \uc635\uc158\uc774 \uc81c\uacf5\ub429\ub2c8\ub2e4. \uadc0\ud558\ub294 \ube0c\ub77c\uc6b0\uc800 \uc124\uc815\uc5d0\uc11c \ucfe0\ud0a4\ub97c \uc81c\uc5b4\ud558\uace0 \uad00\ub9ac\ud560 \uc218\ub3c4 \uc788\uc2b5\ub2c8\ub2e4. \ud2b9\uc815 \uc720\ud615\uc758 \ucfe0\ud0a4\ub97c \ube44\ud65c\uc131\ud654\ud558\uba74 \uc6f9\uc0ac\uc774\ud2b8 \uae30\ub2a5\uacfc \uc0ac\uc6a9\uc790 \uacbd\ud5d8\uc5d0 \uc601\ud5a5\uc744 \ubbf8\uce60 \uc218 \uc788\uc2b5\ub2c8\ub2e4.<\/p>\n\n\n\n<h2 class=\"wp-block-heading\">\ubcf8 \uc815\ucc45\uc758 \ubcc0\uacbd \uc0ac\ud56d<\/h2>\n\n\n\n<p>\ub2f9\uc0ac\ub294 \ucfe0\ud0a4 \uad00\ud589\uc758 \ubcc0\uacbd \uc0ac\ud56d\uc744 \ubc18\uc601\ud558\uae30 \uc704\ud574 \uc218\uc2dc\ub85c \uc774 \ucfe0\ud0a4 \uc815\ucc45\uc744 \uc5c5\ub370\uc774\ud2b8\ud560 \uc218 \uc788\uc2b5\ub2c8\ub2e4. \uc774 \uc815\ucc45\uc744 \uc815\uae30\uc801\uc73c\ub85c \uac80\ud1a0\ud558\uc5ec \ubcc0\uacbd \uc0ac\ud56d\uc744 \ud655\uc778\ud558\ub294 \uac83\uc774 \uc88b\uc2b5\ub2c8\ub2e4.<\/p>\n\n\n\n<p>\uc774\ub7ec\ud55c \ubcc0\uacbd \ud6c4\uc5d0\ub3c4 \ub2f9\uc0ac \uc6f9\uc0ac\uc774\ud2b8\ub97c \uacc4\uc18d \uc0ac\uc6a9\ud558\uba74 \uac1c\uc815\ub41c \uc815\ucc45\uc5d0 \ub530\ub77c \ucfe0\ud0a4\ub97c \uc0ac\uc6a9\ud558\ub294 \ub370 \ub3d9\uc758\ud558\ub294 \uac83\uc785\ub2c8\ub2e4.<\/p>\n\n\n\n<h2 class=\"wp-block-heading\">\uc5f0\ub77d\ud558\ub2e4<\/h2>\n\n\n\n<p>\ub2f9\uc0ac\uc758 \ucfe0\ud0a4 \uc815\ucc45\uc774\ub098 \ub2f9\uc0ac \uc6f9\uc0ac\uc774\ud2b8\uc758 \ucfe0\ud0a4 \uc0ac\uc6a9\uc5d0 \ub300\ud574 \uc9c8\ubb38\uc774 \uc788\ub294 \uacbd\uc6b0 \uc774\uba54\uc77c\uc744 \ud1b5\ud574 \ub2f9\uc0ac\uc5d0 \ubb38\uc758\ud558\uc2ed\uc2dc\uc624.\u00a0<a>contact@rosstylepro.com<\/a>.<\/p>","protected":false},"excerpt":{"rendered":"<p>Rosstylepro\ub294 rosstylepro.com \uc6f9\uc0ac\uc774\ud2b8\uc5d0\uc11c \ucfe0\ud0a4\ub97c \uc0ac\uc6a9\ud569\ub2c8\ub2e4. \ub2f9\uc0ac\uc758 \ucfe0\ud0a4 \uc815\ucc45\uc5d0 \ub3d9\uc758\ud558\uc2dc\uba74 \ubcf8 \uc815\ucc45\uc5d0 \ub530\ub77c \ucfe0\ud0a4 \uc0ac\uc6a9\uc5d0 \ub3d9\uc758\ud558\ub294 \uac83\uc73c\ub85c \uac04\uc8fc\ub429\ub2c8\ub2e4. \ucfe0\ud0a4 \uc0ac\uc6a9\uc5d0 \ub3d9\uc758\ud558\uc9c0 \uc54a\uc73c\uc2dc\uba74 \ube0c\ub77c\uc6b0\uc800 \uc124\uc815\uc744 \ubcc0\uacbd\ud558\uac70\ub098 \uc6f9\uc0ac\uc774\ud2b8 \uc774\uc6a9\uc744 \uc911\ub2e8\ud558\uc2dc\uae30 \ubc14\ub78d\ub2c8\ub2e4. \ucfe0\ud0a4\ub780 \ubb34\uc5c7\uc785\ub2c8\uae4c? [\u2026]<\/p>","protected":false},"author":38,"featured_media":0,"parent":0,"menu_order":0,"comment_status":"closed","ping_status":"closed","template":"page-nosidebar.php","meta":{"footnotes":""},"yoast_head":"<!-- This site is optimized with the Yoast SEO plugin v23.3 - https:\/\/yoast.com\/wordpress\/plugins\/seo\/ -->\n<title>Pol\u00edtica de Cookies<\/title>\n<meta name=\"description\" content=\"Pol\u00edtica de Cookies, Rosstylepro utiliza cookies en su sitio web rosstylepro.com. Al aceptar nuestra Pol\u00edtica de Cookies, usted acepta el ...\" \/>\n<meta name=\"robots\" content=\"index, follow, max-snippet:-1, max-image-preview:large, max-video-preview:-1\" \/>\n<link rel=\"canonical\" href=\"https:\/\/rosstylepro.com\/ko\/politica-de-cookies\/\" \/>\n<meta property=\"og:locale\" content=\"ko_KR\" \/>\n<meta property=\"og:type\" content=\"article\" \/>\n<meta property=\"og:title\" content=\"Pol\u00edtica de Cookies\" \/>\n<meta property=\"og:description\" content=\"Pol\u00edtica de Cookies, Rosstylepro utiliza cookies en su sitio web rosstylepro.com. Al aceptar nuestra Pol\u00edtica de Cookies, usted acepta el ...\" \/>\n<meta property=\"og:url\" content=\"https:\/\/rosstylepro.com\/ko\/politica-de-cookies\/\" \/>\n<meta property=\"og:site_name\" content=\"RosstylePRO\" \/>\n<meta property=\"article:modified_time\" content=\"2025-01-17T16:25:36+00:00\" \/>\n<meta name=\"twitter:card\" content=\"summary_large_image\" \/>\n<meta name=\"twitter:label1\" content=\"Est. reading time\" \/>\n\t<meta name=\"twitter:data1\" content=\"3\ubd84\" \/>\n<script type=\"application\/ld+json\" class=\"yoast-schema-graph\">{\"@context\":\"https:\/\/schema.org\",\"@graph\":[{\"@type\":\"WebPage\",\"@id\":\"https:\/\/rosstylepro.com\/politica-de-cookies\/\",\"url\":\"https:\/\/rosstylepro.com\/politica-de-cookies\/\",\"name\":\"Pol\u00edtica de Cookies\",\"isPartOf\":{\"@id\":\"https:\/\/rosstylepro.com\/en\/#website\"},\"datePublished\":\"2024-05-02T15:20:15+00:00\",\"dateModified\":\"2025-01-17T16:25:36+00:00\",\"description\":\"Pol\u00edtica de Cookies, Rosstylepro utiliza cookies en su sitio web rosstylepro.com. Al aceptar nuestra Pol\u00edtica de Cookies, usted acepta el ...\",\"breadcrumb\":{\"@id\":\"https:\/\/rosstylepro.com\/politica-de-cookies\/#breadcrumb\"},\"inLanguage\":\"ko-KR\",\"potentialAction\":[{\"@type\":\"ReadAction\",\"target\":[\"https:\/\/rosstylepro.com\/politica-de-cookies\/\"]}]},{\"@type\":\"BreadcrumbList\",\"@id\":\"https:\/\/rosstylepro.com\/politica-de-cookies\/#breadcrumb\",\"itemListElement\":[{\"@type\":\"ListItem\",\"position\":1,\"name\":\"Home\",\"item\":\"https:\/\/rosstylepro.com\/\"},{\"@type\":\"ListItem\",\"position\":2,\"name\":\"Pol\u00edtica de Cookies\"}]},{\"@type\":\"WebSite\",\"@id\":\"https:\/\/rosstylepro.com\/en\/#website\",\"url\":\"https:\/\/rosstylepro.com\/en\/\",\"name\":\"RosstylePRO\",\"description\":\"\",\"potentialAction\":[{\"@type\":\"SearchAction\",\"target\":{\"@type\":\"EntryPoint\",\"urlTemplate\":\"https:\/\/rosstylepro.com\/en\/?s={search_term_string}\"},\"query-input\":\"required name=search_term_string\"}],\"inLanguage\":\"ko-KR\"}]}<\/script>\n<!-- \/ Yoast SEO plugin. -->","yoast_head_json":{"title":"Pol\u00edtica de Cookies","description":"Pol\u00edtica de Cookies, Rosstylepro utiliza cookies en su sitio web rosstylepro.com. Al aceptar nuestra Pol\u00edtica de Cookies, usted acepta el ...","robots":{"index":"index","follow":"follow","max-snippet":"max-snippet:-1","max-image-preview":"max-image-preview:large","max-video-preview":"max-video-preview:-1"},"canonical":"https:\/\/rosstylepro.com\/ko\/politica-de-cookies\/","og_locale":"ko_KR","og_type":"article","og_title":"Pol\u00edtica de Cookies","og_description":"Pol\u00edtica de Cookies, Rosstylepro utiliza cookies en su sitio web rosstylepro.com. Al aceptar nuestra Pol\u00edtica de Cookies, usted acepta el ...","og_url":"https:\/\/rosstylepro.com\/ko\/politica-de-cookies\/","og_site_name":"RosstylePRO","article_modified_time":"2025-01-17T16:25:36+00:00","twitter_card":"summary_large_image","twitter_misc":{"Est. reading time":"3\ubd84"},"schema":{"@context":"https:\/\/schema.org","@graph":[{"@type":"WebPage","@id":"https:\/\/rosstylepro.com\/politica-de-cookies\/","url":"https:\/\/rosstylepro.com\/politica-de-cookies\/","name":"Pol\u00edtica de Cookies","isPartOf":{"@id":"https:\/\/rosstylepro.com\/en\/#website"},"datePublished":"2024-05-02T15:20:15+00:00","dateModified":"2025-01-17T16:25:36+00:00","description":"Pol\u00edtica de Cookies, Rosstylepro utiliza cookies en su sitio web rosstylepro.com. Al aceptar nuestra Pol\u00edtica de Cookies, usted acepta el ...","breadcrumb":{"@id":"https:\/\/rosstylepro.com\/politica-de-cookies\/#breadcrumb"},"inLanguage":"ko-KR","potentialAction":[{"@type":"ReadAction","target":["https:\/\/rosstylepro.com\/politica-de-cookies\/"]}]},{"@type":"BreadcrumbList","@id":"https:\/\/rosstylepro.com\/politica-de-cookies\/#breadcrumb","itemListElement":[{"@type":"ListItem","position":1,"name":"Home","item":"https:\/\/rosstylepro.com\/"},{"@type":"ListItem","position":2,"name":"Pol\u00edtica de Cookies"}]},{"@type":"WebSite","@id":"https:\/\/rosstylepro.com\/en\/#website","url":"https:\/\/rosstylepro.com\/en\/","name":"RosstylePRO","description":"","potentialAction":[{"@type":"SearchAction","target":{"@type":"EntryPoint","urlTemplate":"https:\/\/rosstylepro.com\/en\/?s={search_term_string}"},"query-input":"required name=search_term_string"}],"inLanguage":"ko-KR"}]}},"_links":{"self":[{"href":"https:\/\/rosstylepro.com\/ko\/wp-json\/wp\/v2\/pages\/69"}],"collection":[{"href":"https:\/\/rosstylepro.com\/ko\/wp-json\/wp\/v2\/pages"}],"about":[{"href":"https:\/\/rosstylepro.com\/ko\/wp-json\/wp\/v2\/types\/page"}],"author":[{"embeddable":true,"href":"https:\/\/rosstylepro.com\/ko\/wp-json\/wp\/v2\/users\/38"}],"replies":[{"embeddable":true,"href":"https:\/\/rosstylepro.com\/ko\/wp-json\/wp\/v2\/comments?post=69"}],"version-history":[{"count":1,"href":"https:\/\/rosstylepro.com\/ko\/wp-json\/wp\/v2\/pages\/69\/revisions"}],"predecessor-version":[{"id":1562,"href":"https:\/\/rosstylepro.com\/ko\/wp-json\/wp\/v2\/pages\/69\/revisions\/1562"}],"wp:attachment":[{"href":"https:\/\/rosstylepro.com\/ko\/wp-json\/wp\/v2\/media?parent=69"}],"curies":[{"name":"wp","href":"https:\/\/api.w.org\/{rel}","templated":true}]}}