{"id":71,"date":"2024-05-02T12:36:23","date_gmt":"2024-05-02T15:36:23","guid":{"rendered":"https:\/\/rosstylepro.com\/?page_id=71"},"modified":"2025-01-17T16:25:36","modified_gmt":"2025-01-17T16:25:36","slug":"sobre-nosotros","status":"publish","type":"page","link":"https:\/\/rosstylepro.com\/ko\/sobre-nosotros\/","title":{"rendered":"\ud68c\uc0ac \uc18c\uac1c"},"content":{"rendered":"<p><br>\ud638\uae30\uc2ec\uc744 \uae30\ub150\ud558\uace0 \ud601\uc2e0\uc744 \ud0d0\uad6c\ud558\uba70 \uad11\ub300\ud55c \uae30\uc220 \ubc0f \uc5d4\ud130\ud14c\uc778\uba3c\ud2b8 \uc138\uacc4\uc5d0\uc11c \ub3c5\ud2b9\ud55c \uacbd\ud5d8\uc744 \uacf5\uc720\ud558\ub3c4\ub85d \uc124\uacc4\ub41c \ub514\uc9c0\ud138 \uacf5\uac04\uc778 Rosstylepro\uc5d0 \uc624\uc2e0 \uac83\uc744 \ud658\uc601\ud569\ub2c8\ub2e4. Kirito\uc640 New\uac00 10\uba85 \uc774\uc0c1\uc758 \ud5cc\uc2e0\uc801\uc778 \ud611\ub825\uc790\ub85c \uad6c\uc131\ub41c \ud300\uacfc \ud568\uaed8 \uc124\ub9bd\ud55c Rosstylepro\ub294 \uae30\uc220\uacfc \ubab0\uc785\ud615 \ub0b4\ub7ec\ud2f0\ube0c\uc758 \uad50\ucc28\uc810\uc5d0\uc11c \ud45c\ud604\uc758 \ud544\uc694\uc131\uacfc \uc0c8\ub85c\uc6b4 \uc9c0\ud3c9\uc744 \ubc1c\uacac\ud558\ub824\ub294 \uc5f4\uc815\uc5d0\uc11c \ud0c4\uc0dd\ud588\uc2b5\ub2c8\ub2e4.<\/p>\n\n\n\n<h3 class=\"wp-block-heading\">\uc6b0\ub9ac\uc758 \uc5ed\uc0ac\uc640 \ubaa9\ud45c<\/h3>\n\n\n\n<p>\ubaa8\ub4e0 \uac83\uc740 \ud638\uae30\uc2ec\uc774 \uaf43\ud53c\uc6b8 \uc218 \uc788\ub294 \ud50c\ub7ab\ud3fc\uc744 \uc81c\uacf5\ud558\uaca0\ub2e4\ub294 \ub2e8\uc21c\ud55c \uc544\uc774\ub514\uc5b4\uc5d0\uc11c \uc2dc\uc791\ub418\uc5c8\uc2b5\ub2c8\ub2e4. \uc2dc\uac04\uc774 \uc9c0\ub098\uba74\uc11c \uc6b0\ub9ac\ub294 \uc560\ud50c\ub9ac\ucf00\uc774\uc158\uc774\ub098 \uae30\uc220\uc744 \uc81c\uc2dc\ud558\ub294 \uac83\uc774 \uc544\ub2c8\ub77c \ub3c5\uc790\uc5d0\uac8c \uc601\uac10\uc744 \uc8fc\ub294 \ubab0\uc785\ud615 \uc2a4\ud1a0\ub9ac\ub97c \uc804\ub2ec\ud558\ub294 \uac83\uc774 \uc911\uc694\ud558\ub2e4\ub294 \uac83\uc744 \uae68\ub2ec\uc558\uc2b5\ub2c8\ub2e4. \ub530\ub77c\uc11c \uc6b0\ub9ac\uc758 \uc0ac\uba85\uc740 \ud65c\uae30\ucc28\uace0 \ucc38\uc5ec\ub3c4\uac00 \ub192\uc740 \ucee4\ubba4\ub2c8\ud2f0\uc640 \uc774\uc57c\uae30\ub97c \ub098\ub204\uace0, \ud601\uc2e0\uc744 \uc81c\uc2dc\ud558\uace0, \uc758\ubbf8 \uc788\ub294 \uacbd\ud5d8\uc744 \uacf5\uc720\ud558\ub294 \uac83\uc785\ub2c8\ub2e4.<\/p>\n\n\n\n<h3 class=\"wp-block-heading\">Rosstylepro\uc758 \uc601\ud63c: \uc6b0\ub9ac \ucee4\ubba4\ub2c8\ud2f0<\/h3>\n\n\n\n<p>\uc6b0\ub9ac\ub294 \ucee4\ubba4\ub2c8\ud2f0\uac00 \uc5c6\uc5c8\ub2e4\uba74 Rosstylepro\uac00 \uc9c0\uae08\uc758 \ubaa8\uc2b5\uc744 \uac16\ucd94\uc9c0 \ubabb\ud588\uc744 \uac83\uc774\ub77c\ub294 \uc810\uc744 \uc54c\uace0 \uc788\uc2b5\ub2c8\ub2e4. \uc6b0\ub9ac\ub294 \uac01 \uad6c\uc131\uc6d0\uc744 \uc18c\uc911\ud788 \uc5ec\uae30\uba70 \ubaa8\ub4e0 \uc0ac\ub78c\uc774 \uc544\uc774\ub514\uc5b4, \uc758\uacac \ubc0f \ubc1c\uacac\uc744 \uacf5\uc720\ud560 \uc218 \uc788\ub294 \ud3ec\uc6a9\uc801\uc774\uace0 \ud611\ub825\uc801\uc778 \ud658\uacbd\uc744 \uc870\uc131\ud558\uae30 \uc704\ud574 \ub178\ub825\ud569\ub2c8\ub2e4. \ucee4\ubba4\ub2c8\ud2f0\uc640\uc758 \uc9c0\uc18d\uc801\uc778 \uc0c1\ud638 \uc791\uc6a9\uc740 \uc6b0\ub9ac\uac00 \uc81c\uacf5\ud558\ub294 \ucf58\ud150\uce20\uc758 \uad00\ub828\uc131\uacfc \ud488\uc9c8\uc744 \uc720\uc9c0\ud558\ub294 \ub370 \ub3c4\uc6c0\uc774 \ub429\ub2c8\ub2e4.<\/p>\n\n\n\n<h3 class=\"wp-block-heading\">\uc0c8\ub85c\uc6b4 \uc9c0\ud3c9\uc758 \ubc1c\uacac: \uae30\uc220\uacfc \uc5d4\ud130\ud14c\uc778\uba3c\ud2b8<\/h3>\n\n\n\n<p>Rosstylepro\uac00 \uc131\uc7a5\ud568\uc5d0 \ub530\ub77c \uc6b0\ub9ac\ub294 \uae30\uc220 \ubc0f \uc5d4\ud130\ud14c\uc778\uba3c\ud2b8 \uc0b0\uc5c5\uc5d0\ub3c4 \uae0d\uc815\uc801\uc778 \uc601\ud5a5\uc744 \ubbf8\uce58\ub824\uace0 \ub178\ub825\ud558\uace0 \uc788\uc2b5\ub2c8\ub2e4. \uc6b0\ub9ac\ub294 \uc0ac\ub78c\ub4e4\uc758 \uc0b6\uc744 \uac1c\uc120\ud558\ub294 \uc751\uc6a9 \ud504\ub85c\uadf8\ub7a8 \ubc0f \uae30\uc220 \uac1c\ubc1c\uc744 \ucd09\uc9c4\ud558\ub294 \uac83 \uc678\uc5d0\ub3c4 \ud601\uc2e0\uc801\uc774\uace0 \uc601\uac10\uc744 \uc8fc\ub294 \ucf58\ud150\uce20\ub97c \uc81c\uc2dc\ud560 \uc218 \uc788\ub294 \uc0c8\ub85c\uc6b4 \ubc29\ubc95\uc744 \ub04a\uc784\uc5c6\uc774 \ucc3e\uace0 \uc788\uc2b5\ub2c8\ub2e4.<\/p>\n\n\n\n<h3 class=\"wp-block-heading\">\ud488\uc9c8\uc5d0 \ub300\ud55c \uc6b0\ub9ac\uc758 \uc57d\uc18d<\/h3>\n\n\n\n<p>Rosstylepro\uc5d0\uc11c\ub294 \ud488\uc9c8\uc774 \uae30\ubcf8\uc785\ub2c8\ub2e4. \ucf58\ud150\uce20\uc758 \uc6b0\uc218\uc131\uc744 \ubcf4\uc7a5\ud558\uae30 \uc704\ud574 \uc6b0\ub9ac\ub294 \ud5cc\uc2e0\uc801\uc774\uace0 \uacbd\ud5d8\uc774 \ud48d\ubd80\ud55c \ud611\ub825\uc790\ub85c \uad6c\uc131\ub41c \ud300\uc744 \ubcf4\uc720\ud558\uace0 \uc788\uc2b5\ub2c8\ub2e4. \uc6b0\ub9ac\ub294 \ucca0\uc800\ud55c \uc870\uc0ac\ub97c \uc218\ud589\ud558\uc5ec \uc2e4\uc81c\ub85c \uc0ac\uc6a9\ud558\uace0 \ucee4\ubba4\ub2c8\ud2f0\uc5d0 \uad00\ub828\uc131\uc774 \uc788\uace0 \uc720\uc6a9\ud558\ub2e4\uace0 \ubbff\ub294 \uac83\ub9cc\uc744 \uc18c\uac1c\ud569\ub2c8\ub2e4.<\/p>\n\n\n\n<h3 class=\"wp-block-heading\">Rosstylepro\uc5d0\uc11c \ucc3e\uc744 \uc218 \uc788\ub294 \uac83<\/h3>\n\n\n\n<p>\uc6b0\ub9ac \uc0ac\uc774\ud2b8\uc5d0\uc11c\ub294 \ubaa8\ub4e0 \uad00\uc2ec\uc0ac\uc5d0 \ub9de\ub294 \uad11\ubc94\uc704\ud55c \ucf58\ud150\uce20\ub97c \uc81c\uacf5\ud569\ub2c8\ub2e4. \uc2ec\uce35\uc801\uc778 \uc571 \ub9ac\ubdf0\ubd80\ud130 \uae30\uc220 \uad00\ub828 \uc18c\uc2dd\uae4c\uc9c0, \uc6b0\ub9ac\ub294 \ub2e8\uc21c\ud55c \uae30\uc220 \uc815\ubcf4\ub97c \ub118\uc5b4\uc11c\ub294 \ud3ec\uad04\uc801\uc778 \uacbd\ud5d8\uc744 \uc81c\uacf5\ud558\ub294 \uac83\uc744 \ubaa9\ud45c\ub85c \ud569\ub2c8\ub2e4. \uac01 \uae30\uc0ac \ub610\ub294 \ubd84\uc11d\uc5d0\ub294 \ubab0\uc785\ud615 \ub0b4\ub7ec\ud2f0\ube0c\uac00 \uc218\ubc18\ub418\uc5b4 \ub3c5\uc11c \uacbd\ud5d8\uc744 \ub354\uc6b1 \ub9e4\ub825\uc801\uc73c\ub85c \ub9cc\ub4ed\ub2c8\ub2e4.<\/p>\n\n\n\n<h3 class=\"wp-block-heading\">\uc5d4\ud130\ud14c\uc778\uba3c\ud2b8\uc640 \uc9c0\uc2dd\uc774 \ud55c \uacf3\uc5d0\uc11c<\/h3>\n\n\n\n<p>\uc6b0\ub9ac\ub294 Rosstylepro\uc5d0\uc11c \uc5d4\ud130\ud14c\uc778\uba3c\ud2b8\uc640 \uc9c0\uc2dd\uc774 \ud568\uaed8 \ud560 \uc218 \uc788\ub2e4\uace0 \ubbff\uc2b5\ub2c8\ub2e4. \ub530\ub77c\uc11c \ubd84\uc11d \ubc0f \uae30\uc220 \uc815\ubcf4 \uc678\uc5d0\ub3c4 \uc5d4\ud130\ud14c\uc778\uba3c\ud2b8 \ubc0f \uae30\uc220\uc758 \uc778\uac04\uc801 \uce21\uba74\uc5d0 \ucd08\uc810\uc744 \ub9de\ucd98 \ucf58\ud150\uce20\ub3c4 \uc81c\uacf5\ud569\ub2c8\ub2e4. \uc6b0\ub9ac\ub294 \uac00\ub2a5\ud55c \ubaa8\ub4e0 \ubc29\ubc95\uc73c\ub85c \ub3c5\uc790\ub4e4\uc5d0\uac8c \uc601\uac10\uc744 \uc8fc\uace0, \uc815\ubcf4\ub97c \uc81c\uacf5\ud558\uace0, \uc990\uac70\uc6c0\uc744 \uc8fc\uace0 \uc2f6\uc2b5\ub2c8\ub2e4.<\/p>\n\n\n\n<h3 class=\"wp-block-heading\">\ub85c\uc2a4\uc2a4\ud0c0\uc77c\ud504\ub85c\uc758 \ubbf8\ub798<\/h3>\n\n\n\n<p>Rosstylepro\uc758 \ubbf8\ub798\ub294 \ud765\ubbf8\ub86d\uace0 \uac00\ub2a5\uc131\uc73c\ub85c \uac00\ub4dd \ucc28 \uc788\uc2b5\ub2c8\ub2e4. \uc6b0\ub9ac\ub294 \ud56d\uc0c1 \ud601\uc2e0\ud558\uace0 \ucee4\ubba4\ub2c8\ud2f0\uc5d0 \ub354 \ub098\uc740 \uacbd\ud5d8\uc744 \uc81c\uacf5\ud560 \uc218 \uc788\ub294 \uc0c8\ub85c\uc6b4 \ubc29\ubc95\uc744 \ucc3e\uace0 \uc788\uc2b5\ub2c8\ub2e4. \uc6b0\ub9ac\ub294 \ucf58\ud150\uce20\ub97c \ud655\uc7a5\ud558\uace0, \uc0c8\ub85c\uc6b4 \uc8fc\uc81c\ub97c \ud0d0\uad6c\ud558\uba70, \uae30\uc220\uc5d0 \uc5f4\uc815\uc744 \uac16\uace0 \uc788\ub294 \ubaa8\ub4e0 \uc0ac\ub78c\uc5d0\uac8c \uacc4\uc18d\ud574\uc11c \uc2e0\ub8b0\ud560 \uc218 \uc788\ub294 \uc815\ubcf4 \ubc0f \uc5d4\ud130\ud14c\uc778\uba3c\ud2b8 \uc18c\uc2a4\uac00 \ub420 \uacc4\ud68d\uc785\ub2c8\ub2e4.<\/p>\n\n\n\n<h3 class=\"wp-block-heading\">\uc800\ud76c\uc5d0\uac8c \uc5f0\ub77d\ud558\uace0 \ubaa8\ud5d8\uc5d0 \ucc38\uc5ec\ud558\uc138\uc694<\/h3>\n\n\n\n<p>\uc6b0\ub9ac\ub294 \ucee4\ubba4\ub2c8\ud2f0\uc758 \uc758\uacac, \uc81c\uc548, \uc544\uc774\ub514\uc5b4\ub97c \ub9e4\uc6b0 \uc18c\uc911\ud558\uac8c \uc0dd\uac01\ud569\ub2c8\ub2e4. \uc9c8\ubb38\uc774\ub098 \uc758\uacac\uc774 \uc788\uac70\ub098 \uacbd\ud5d8\uc744 \uacf5\uc720\ud558\uace0 \uc2f6\ub2e4\uba74 \uc8fc\uc800\ud558\uc9c0 \ub9d0\uace0 \uc5f0\ub77d\ud574 \uc8fc\uc138\uc694. \uadc0\ud558\uc758 \uc758\uacac\uc740 \uc6b0\ub9ac\uc5d0\uac8c \ub9e4\uc6b0 \uc911\uc694\ud569\ub2c8\ub2e4!<\/p>\n\n\n\n<p>Rosstylepro \ubaa8\ud5d8\uc5d0 \ucc38\uc5ec\ud574 \uc8fc\uc154\uc11c \uac10\uc0ac\ud569\ub2c8\ub2e4. \uc6b0\ub9ac\ub294 \ud568\uaed8 \uc0c8\ub85c\uc6b4 \uc9c0\ud3c9\uc744 \ud0d0\uad6c\ud558\uace0, \ud638\uae30\uc2ec\uacfc \ud601\uc2e0\uc744 \uae30\ub9ac\uba70, \uc774 \ud765\ubbf8\uc9c4\uc9c4\ud55c \uae30\uc220\uacfc \uc778\uac04\uc758 \uc5ec\uc815\uc5d0\uc11c \uacc4\uc18d\ud574\uc11c \uc11c\ub85c\uc5d0\uac8c \uc601\uac10\uc744 \uc90d\ub2c8\ub2e4.<\/p>","protected":false},"excerpt":{"rendered":"<p>\ud638\uae30\uc2ec\uc744 \ubd81\ub3cb\uc6b0\uace0, \ud601\uc2e0\uc744 \ud0d0\uad6c\ud558\uba70, \uad11\ud65c\ud55c \uae30\uc220\uacfc \uc5d4\ud130\ud14c\uc778\uba3c\ud2b8 \uc138\uacc4\uc5d0\uc11c \ud2b9\ubcc4\ud55c \uacbd\ud5d8\uc744 \uacf5\uc720\ud558\uae30 \uc704\ud574 \uc124\uacc4\ub41c \ub514\uc9c0\ud138 \uacf5\uac04, Rosstylepro\uc5d0 \uc624\uc2e0 \uac83\uc744 \ud658\uc601\ud569\ub2c8\ub2e4. \ud0a4\ub9ac\ud1a0\uc640 \ub274, \uadf8\ub9ac\uace0 10\uba85 \uc774\uc0c1\uc758 \ud5cc\uc2e0\uc801\uc778 \ud611\uc5c5\ud300\uc774 \uc124\ub9bd\ud55c Rosstylepro\ub294 \ud45c\ud604\uc5d0 \ub300\ud55c \uc695\uad6c\uc640 [\u2026]\uc5d0 \ub300\ud55c \uc5f4\uc815\uc744 \ubc14\ud0d5\uc73c\ub85c \ud0c4\uc0dd\ud588\uc2b5\ub2c8\ub2e4.<\/p>","protected":false},"author":38,"featured_media":0,"parent":0,"menu_order":0,"comment_status":"closed","ping_status":"closed","template":"page-nosidebar.php","meta":{"footnotes":""},"yoast_head":"<!-- This site is optimized with the Yoast SEO plugin v23.3 - https:\/\/yoast.com\/wordpress\/plugins\/seo\/ -->\n<title>Sobre Nosotros - RosstylePRO<\/title>\n<meta name=\"robots\" content=\"index, follow, max-snippet:-1, max-image-preview:large, max-video-preview:-1\" \/>\n<link rel=\"canonical\" href=\"https:\/\/rosstylepro.com\/ko\/sobre-nosotros\/\" \/>\n<meta property=\"og:locale\" content=\"ko_KR\" \/>\n<meta property=\"og:type\" content=\"article\" \/>\n<meta property=\"og:title\" content=\"Sobre Nosotros - RosstylePRO\" \/>\n<meta property=\"og:description\" content=\"Bienvenidos a Rosstylepro, un espacio digital dise\u00f1ado para celebrar la curiosidad, explorar la innovaci\u00f3n y compartir experiencias \u00fanicas en el vasto mundo de la tecnolog\u00eda y el entretenimiento. Fundado por Kirito y New, junto con un equipo de m\u00e1s de 10 colaboradores dedicados, Rosstylepro surgi\u00f3 de la necesidad de expresi\u00f3n y de la pasi\u00f3n por [&hellip;]\" \/>\n<meta property=\"og:url\" content=\"https:\/\/rosstylepro.com\/ko\/sobre-nosotros\/\" \/>\n<meta property=\"og:site_name\" content=\"RosstylePRO\" \/>\n<meta property=\"article:modified_time\" content=\"2025-01-17T16:25:36+00:00\" \/>\n<meta name=\"twitter:card\" content=\"summary_large_image\" \/>\n<meta name=\"twitter:label1\" content=\"Est. reading time\" \/>\n\t<meta name=\"twitter:data1\" content=\"3\ubd84\" \/>\n<script type=\"application\/ld+json\" class=\"yoast-schema-graph\">{\"@context\":\"https:\/\/schema.org\",\"@graph\":[{\"@type\":\"WebPage\",\"@id\":\"https:\/\/rosstylepro.com\/sobre-nosotros\/\",\"url\":\"https:\/\/rosstylepro.com\/sobre-nosotros\/\",\"name\":\"Sobre Nosotros - RosstylePRO\",\"isPartOf\":{\"@id\":\"https:\/\/rosstylepro.com\/en\/#website\"},\"datePublished\":\"2024-05-02T15:36:23+00:00\",\"dateModified\":\"2025-01-17T16:25:36+00:00\",\"breadcrumb\":{\"@id\":\"https:\/\/rosstylepro.com\/sobre-nosotros\/#breadcrumb\"},\"inLanguage\":\"ko-KR\",\"potentialAction\":[{\"@type\":\"ReadAction\",\"target\":[\"https:\/\/rosstylepro.com\/sobre-nosotros\/\"]}]},{\"@type\":\"BreadcrumbList\",\"@id\":\"https:\/\/rosstylepro.com\/sobre-nosotros\/#breadcrumb\",\"itemListElement\":[{\"@type\":\"ListItem\",\"position\":1,\"name\":\"Home\",\"item\":\"https:\/\/rosstylepro.com\/\"},{\"@type\":\"ListItem\",\"position\":2,\"name\":\"Sobre Nosotros\"}]},{\"@type\":\"WebSite\",\"@id\":\"https:\/\/rosstylepro.com\/en\/#website\",\"url\":\"https:\/\/rosstylepro.com\/en\/\",\"name\":\"RosstylePRO\",\"description\":\"\",\"potentialAction\":[{\"@type\":\"SearchAction\",\"target\":{\"@type\":\"EntryPoint\",\"urlTemplate\":\"https:\/\/rosstylepro.com\/en\/?s={search_term_string}\"},\"query-input\":\"required name=search_term_string\"}],\"inLanguage\":\"ko-KR\"}]}<\/script>\n<!-- \/ Yoast SEO plugin. -->","yoast_head_json":{"title":"Sobre Nosotros - RosstylePRO","robots":{"index":"index","follow":"follow","max-snippet":"max-snippet:-1","max-image-preview":"max-image-preview:large","max-video-preview":"max-video-preview:-1"},"canonical":"https:\/\/rosstylepro.com\/ko\/sobre-nosotros\/","og_locale":"ko_KR","og_type":"article","og_title":"Sobre Nosotros - RosstylePRO","og_description":"Bienvenidos a Rosstylepro, un espacio digital dise\u00f1ado para celebrar la curiosidad, explorar la innovaci\u00f3n y compartir experiencias \u00fanicas en el vasto mundo de la tecnolog\u00eda y el entretenimiento. Fundado por Kirito y New, junto con un equipo de m\u00e1s de 10 colaboradores dedicados, Rosstylepro surgi\u00f3 de la necesidad de expresi\u00f3n y de la pasi\u00f3n por [&hellip;]","og_url":"https:\/\/rosstylepro.com\/ko\/sobre-nosotros\/","og_site_name":"RosstylePRO","article_modified_time":"2025-01-17T16:25:36+00:00","twitter_card":"summary_large_image","twitter_misc":{"Est. reading time":"3\ubd84"},"schema":{"@context":"https:\/\/schema.org","@graph":[{"@type":"WebPage","@id":"https:\/\/rosstylepro.com\/sobre-nosotros\/","url":"https:\/\/rosstylepro.com\/sobre-nosotros\/","name":"Sobre Nosotros - RosstylePRO","isPartOf":{"@id":"https:\/\/rosstylepro.com\/en\/#website"},"datePublished":"2024-05-02T15:36:23+00:00","dateModified":"2025-01-17T16:25:36+00:00","breadcrumb":{"@id":"https:\/\/rosstylepro.com\/sobre-nosotros\/#breadcrumb"},"inLanguage":"ko-KR","potentialAction":[{"@type":"ReadAction","target":["https:\/\/rosstylepro.com\/sobre-nosotros\/"]}]},{"@type":"BreadcrumbList","@id":"https:\/\/rosstylepro.com\/sobre-nosotros\/#breadcrumb","itemListElement":[{"@type":"ListItem","position":1,"name":"Home","item":"https:\/\/rosstylepro.com\/"},{"@type":"ListItem","position":2,"name":"Sobre Nosotros"}]},{"@type":"WebSite","@id":"https:\/\/rosstylepro.com\/en\/#website","url":"https:\/\/rosstylepro.com\/en\/","name":"RosstylePRO","description":"","potentialAction":[{"@type":"SearchAction","target":{"@type":"EntryPoint","urlTemplate":"https:\/\/rosstylepro.com\/en\/?s={search_term_string}"},"query-input":"required name=search_term_string"}],"inLanguage":"ko-KR"}]}},"_links":{"self":[{"href":"https:\/\/rosstylepro.com\/ko\/wp-json\/wp\/v2\/pages\/71"}],"collection":[{"href":"https:\/\/rosstylepro.com\/ko\/wp-json\/wp\/v2\/pages"}],"about":[{"href":"https:\/\/rosstylepro.com\/ko\/wp-json\/wp\/v2\/types\/page"}],"author":[{"embeddable":true,"href":"https:\/\/rosstylepro.com\/ko\/wp-json\/wp\/v2\/users\/38"}],"replies":[{"embeddable":true,"href":"https:\/\/rosstylepro.com\/ko\/wp-json\/wp\/v2\/comments?post=71"}],"version-history":[{"count":1,"href":"https:\/\/rosstylepro.com\/ko\/wp-json\/wp\/v2\/pages\/71\/revisions"}],"predecessor-version":[{"id":1564,"href":"https:\/\/rosstylepro.com\/ko\/wp-json\/wp\/v2\/pages\/71\/revisions\/1564"}],"wp:attachment":[{"href":"https:\/\/rosstylepro.com\/ko\/wp-json\/wp\/v2\/media?parent=71"}],"curies":[{"name":"wp","href":"https:\/\/api.w.org\/{rel}","templated":true}]}}