{"id":117,"date":"2024-05-03T12:02:42","date_gmt":"2024-05-03T15:02:42","guid":{"rendered":"https:\/\/rosstylepro.com\/?page_id=117"},"modified":"2025-01-17T16:25:35","modified_gmt":"2025-01-17T16:25:35","slug":"condiciones-de-uso","status":"publish","type":"page","link":"https:\/\/rosstylepro.com\/nl\/condiciones-de-uso\/","title":{"rendered":"Gebruiksvoorwaarden"},"content":{"rendered":"<h2 class=\"wp-block-heading\">1. Algemene voorwaarden<\/h2>\n\n\n\n<p>Door de website van <a href=\"https:\/\/rosstylepro.com\/nl\/\">Rosstylepro<\/a> U gaat ermee akkoord gebonden te zijn aan deze Servicevoorwaarden, alle toepasselijke wet- en regelgeving en u bent verantwoordelijk voor de naleving van alle toepasselijke lokale wetten. Als u niet akkoord gaat met een van deze voorwaarden, is het u verboden deze site te gebruiken of te bezoeken. De materialen op deze site zijn beschermd door de toepasselijke auteursrecht- en handelsmerkwetten.<\/p>\n\n\n\n<h2 class=\"wp-block-heading\">2. Gebruikslicentie<\/h2>\n\n\n\n<p>Er wordt toestemming verleend om tijdelijk \u00e9\u00e9n exemplaar van de materialen (informatie of software) te downloaden op\u00a0<a href=\"https:\/\/curioiogo.com\/\"><\/a><a href=\"https:\/\/rosstylepro.com\/nl\/\">Rosstylepro<\/a> uitsluitend voor persoonlijk, niet-commercieel en tijdelijk gebruik. Dit is de verlening van een licentie, geen overdracht van eigendom, en onder deze licentie mag u niet<\/p>\n\n\n\n<ol class=\"wp-block-list\">\n<li>de materialen wijzigen of kopi\u00ebren;<\/li>\n\n\n\n<li>de materialen gebruiken voor commerci\u00eble doeleinden of voor openbare vertoning (commercieel of niet-commercieel);<\/li>\n\n\n\n<li>proberen om software op de site te decompileren of reverse engineeren\u00a0<a href=\"https:\/\/rosstylepro.com\/nl\/\">Rosstylepro<\/a>;<\/li>\n\n\n\n<li>alle auteursrechtelijke of andere eigendomsvermeldingen van de materialen verwijderen; of<\/li>\n\n\n\n<li>de materialen overdragen aan een andere persoon of de materialen &#039;spiegelen&#039; op een andere server.<\/li>\n<\/ol>\n\n\n\n<p>Deze licentie wordt automatisch be\u00ebindigd als u een van deze beperkingen overtreedt en kan worden be\u00ebindigd door\u00a0<a href=\"https:\/\/curioiogo.com\/\"><\/a><a href=\"https:\/\/rosstylepro.com\/nl\/\">Rosstylepro<\/a> wanneer dan ook. Wanneer u stopt met het bekijken van deze materialen of wanneer deze licentie afloopt, moet u alle gedownloade materialen die in uw bezit zijn, verwijderen, ongeacht of deze in elektronische of gedrukte vorm zijn.<\/p>\n\n\n\n<h2 class=\"wp-block-heading\">3. Vrijwaring<\/h2>\n\n\n\n<p>De materialen op de website van\u00a0<a href=\"https:\/\/curioiogo.com\/\"><\/a><a href=\"https:\/\/rosstylepro.com\/nl\/\">Rosstylepro<\/a> worden geleverd \u201czoals ze zijn\u201d.\u00a0<a href=\"https:\/\/curioiogo.com\/\"><\/a>Rosstylepro geeft geen garanties, expliciet of impliciet, en wijst hierbij alle andere garanties af, waaronder, maar niet beperkt tot, impliciete garanties of voorwaarden van verhandelbaarheid, geschiktheid voor een bepaald doel of niet-inbreuk op intellectuele eigendomsrechten of andere schending van rechten.<\/p>\n\n\n\n<p>Daarnaast,\u00a0<a href=\"https:\/\/rosstylepro.com\/nl\/\">Rosstylepro<\/a> garandeert niet en doet geen uitspraken over de nauwkeurigheid, de verwachte resultaten of de betrouwbaarheid van het gebruik van de materialen op haar internetwebsite of anderszins met betrekking tot dergelijke materialen of op sites die aan deze site zijn gelinkt.<\/p>\n\n\n\n<h2 class=\"wp-block-heading\">4. Beperkingen<\/h2>\n\n\n\n<p>In geen geval\u00a0<a href=\"https:\/\/curioiogo.com\/\"><\/a><a href=\"https:\/\/rosstylepro.com\/nl\/\">Rosstylepro<\/a> of haar leveranciers aansprakelijk zijn voor enige schade (inclusief, maar niet beperkt tot, schade door verlies van gegevens of winst, of als gevolg van bedrijfsonderbreking) die voortvloeit uit het gebruik of het onvermogen om de materialen op\u00a0<a href=\"http:\/\/tekamaster.com\/\"><\/a><a href=\"https:\/\/curioiogo.com\/\"><\/a><a href=\"https:\/\/rosstylepre.com\/\"><\/a><a href=\"https:\/\/rosstylepro.com\/nl\/\"><\/a><a href=\"https:\/\/rosstylepro.com\/nl\/\">Rosstylepro<\/a>, zelfs als\u00a0<a href=\"https:\/\/rosstylepro.com\/nl\/\">Rosstylepro<\/a> of een gemachtigde vertegenwoordiger van\u00a0<a href=\"https:\/\/rosstylepro.com\/nl\/\">Rosstylepro<\/a> mondeling of schriftelijk op de hoogte is gesteld van de mogelijkheid van dergelijke schade. Omdat in sommige rechtsgebieden beperkingen op impliciete garanties of beperkingen van de aansprakelijkheid voor gevolgschade of incidentele schade niet zijn toegestaan, zijn deze beperkingen mogelijk niet op u van toepassing.<\/p>\n\n\n\n<h2 class=\"wp-block-heading\">5. Nauwkeurigheid van materialen<\/h2>\n\n\n\n<p>De materialen die op de website van\u00a0<a href=\"https:\/\/rosstylepro.com\/nl\/\">Rosstylepro<\/a> kunnen technische, typografische of fotografische fouten bevatten.\u00a0<a href=\"https:\/\/rosstylepro.com\/nl\/\">Rosstylepro<\/a> garandeert niet dat de materialen op haar website juist, volledig of actueel zijn.\u00a0<a href=\"https:\/\/rosstylepro.com\/nl\/\">Rosstylepro<\/a> kan op elk moment en zonder voorafgaande kennisgeving wijzigingen aanbrengen in het materiaal op haar website. Echter\u00a0<a href=\"https:\/\/rosstylepro.com\/nl\/\">Rosstylepro<\/a> verbindt zich er niet toe de materialen te actualiseren.<\/p>\n\n\n\n<h2 class=\"wp-block-heading\">6. Koppelingen<\/h2>\n\n\n\n<p><a href=\"https:\/\/rosstylepro.com\/nl\/\">Rosstylepro<\/a> heeft niet alle sites die aan haar website zijn gelinkt, beoordeeld en is niet verantwoordelijk voor de inhoud van dergelijke gelinkte sites. Het opnemen van een link impliceert niet dat de site door ons wordt onderschreven.\u00a0<a href=\"http:\/\/tekamaster.com\/\"><\/a><a href=\"https:\/\/curioiogo.com\/\"><\/a><a href=\"https:\/\/rosstylepre.com\/\"><\/a><a href=\"https:\/\/rosstylepro.com\/nl\/\"><\/a><a href=\"https:\/\/rosstylepro.com\/nl\/\">Rosstylepro<\/a>. Het gebruik van een gelinkte site is geheel op eigen risico van de gebruiker.<\/p>\n\n\n\n<h3 class=\"wp-block-heading\">Wijzigingen<\/h3>\n\n\n\n<p><a href=\"https:\/\/rosstylepro.com\/nl\/\">Rosstylepro<\/a> kan deze servicevoorwaarden voor haar website op elk moment en zonder voorafgaande kennisgeving wijzigen. Door deze site te gebruiken, gaat u ermee akkoord gebonden te zijn aan de huidige versie van deze Servicevoorwaarden.<\/p>\n\n\n\n<h3 class=\"wp-block-heading\">Toepasselijke wetgeving<\/h3>\n\n\n\n<p>Deze algemene voorwaarden worden beheerst door en ge\u00efnterpreteerd in overeenstemming met de wetten van\u00a0<a href=\"https:\/\/rosstylepro.com\/nl\/\">Rosstylepro<\/a> en u onderwerpt zich onherroepelijk aan de exclusieve jurisdictie van de rechtbanken in die staat of plaats.<\/p>","protected":false},"excerpt":{"rendered":"<p>1. Algemene voorwaarden Door de website van Rosstylepro te bezoeken, gaat u ermee akkoord gebonden te zijn aan deze Servicevoorwaarden, alle toepasselijke wet- en regelgeving, en stemt u ermee in dat u verantwoordelijk bent voor de naleving van alle toepasselijke lokale wetgeving. Indien u niet akkoord gaat met een van deze voorwaarden, is het u verboden de website te gebruiken of te bezoeken.<\/p>","protected":false},"author":38,"featured_media":0,"parent":0,"menu_order":0,"comment_status":"closed","ping_status":"closed","template":"page-nosidebar.php","meta":{"footnotes":""},"yoast_head":"<!-- This site is optimized with the Yoast SEO plugin v23.3 - https:\/\/yoast.com\/wordpress\/plugins\/seo\/ -->\n<title>Condiciones de uso - RosstylePRO<\/title>\n<meta name=\"robots\" content=\"index, follow, max-snippet:-1, max-image-preview:large, max-video-preview:-1\" \/>\n<link rel=\"canonical\" href=\"https:\/\/rosstylepro.com\/nl\/condiciones-de-uso\/\" \/>\n<meta property=\"og:locale\" content=\"nl_NL\" \/>\n<meta property=\"og:type\" content=\"article\" \/>\n<meta property=\"og:title\" content=\"Condiciones de uso - RosstylePRO\" \/>\n<meta property=\"og:description\" content=\"1.Condiciones generales Al acceder al sitio web de Rosstylepro usted acepta quedar vinculado por estas condiciones de servicio, todas las leyes y reglamentos aplicables, y acepta que es responsable del cumplimiento de cualquier ley local aplicable. Si usted no est\u00e1 de acuerdo con cualquiera de estos t\u00e9rminos, se le proh\u00edbe el uso o acceso a [&hellip;]\" \/>\n<meta property=\"og:url\" content=\"https:\/\/rosstylepro.com\/nl\/condiciones-de-uso\/\" \/>\n<meta property=\"og:site_name\" content=\"RosstylePRO\" \/>\n<meta property=\"article:modified_time\" content=\"2025-01-17T16:25:35+00:00\" \/>\n<meta name=\"twitter:card\" content=\"summary_large_image\" \/>\n<meta name=\"twitter:label1\" content=\"Est. reading time\" \/>\n\t<meta name=\"twitter:data1\" content=\"4 minuten\" \/>\n<script type=\"application\/ld+json\" class=\"yoast-schema-graph\">{\"@context\":\"https:\/\/schema.org\",\"@graph\":[{\"@type\":\"WebPage\",\"@id\":\"https:\/\/rosstylepro.com\/condiciones-de-uso\/\",\"url\":\"https:\/\/rosstylepro.com\/condiciones-de-uso\/\",\"name\":\"Condiciones de uso - RosstylePRO\",\"isPartOf\":{\"@id\":\"https:\/\/rosstylepro.com\/en\/#website\"},\"datePublished\":\"2024-05-03T15:02:42+00:00\",\"dateModified\":\"2025-01-17T16:25:35+00:00\",\"breadcrumb\":{\"@id\":\"https:\/\/rosstylepro.com\/condiciones-de-uso\/#breadcrumb\"},\"inLanguage\":\"nl-NL\",\"potentialAction\":[{\"@type\":\"ReadAction\",\"target\":[\"https:\/\/rosstylepro.com\/condiciones-de-uso\/\"]}]},{\"@type\":\"BreadcrumbList\",\"@id\":\"https:\/\/rosstylepro.com\/condiciones-de-uso\/#breadcrumb\",\"itemListElement\":[{\"@type\":\"ListItem\",\"position\":1,\"name\":\"Home\",\"item\":\"https:\/\/rosstylepro.com\/\"},{\"@type\":\"ListItem\",\"position\":2,\"name\":\"Condiciones de uso\"}]},{\"@type\":\"WebSite\",\"@id\":\"https:\/\/rosstylepro.com\/en\/#website\",\"url\":\"https:\/\/rosstylepro.com\/en\/\",\"name\":\"RosstylePRO\",\"description\":\"\",\"potentialAction\":[{\"@type\":\"SearchAction\",\"target\":{\"@type\":\"EntryPoint\",\"urlTemplate\":\"https:\/\/rosstylepro.com\/en\/?s={search_term_string}\"},\"query-input\":\"required name=search_term_string\"}],\"inLanguage\":\"nl-NL\"}]}<\/script>\n<!-- \/ Yoast SEO plugin. -->","yoast_head_json":{"title":"Condiciones de uso - RosstylePRO","robots":{"index":"index","follow":"follow","max-snippet":"max-snippet:-1","max-image-preview":"max-image-preview:large","max-video-preview":"max-video-preview:-1"},"canonical":"https:\/\/rosstylepro.com\/nl\/condiciones-de-uso\/","og_locale":"nl_NL","og_type":"article","og_title":"Condiciones de uso - RosstylePRO","og_description":"1.Condiciones generales Al acceder al sitio web de Rosstylepro usted acepta quedar vinculado por estas condiciones de servicio, todas las leyes y reglamentos aplicables, y acepta que es responsable del cumplimiento de cualquier ley local aplicable. Si usted no est\u00e1 de acuerdo con cualquiera de estos t\u00e9rminos, se le proh\u00edbe el uso o acceso a [&hellip;]","og_url":"https:\/\/rosstylepro.com\/nl\/condiciones-de-uso\/","og_site_name":"RosstylePRO","article_modified_time":"2025-01-17T16:25:35+00:00","twitter_card":"summary_large_image","twitter_misc":{"Est. reading time":"4 minuten"},"schema":{"@context":"https:\/\/schema.org","@graph":[{"@type":"WebPage","@id":"https:\/\/rosstylepro.com\/condiciones-de-uso\/","url":"https:\/\/rosstylepro.com\/condiciones-de-uso\/","name":"Condiciones de uso - RosstylePRO","isPartOf":{"@id":"https:\/\/rosstylepro.com\/en\/#website"},"datePublished":"2024-05-03T15:02:42+00:00","dateModified":"2025-01-17T16:25:35+00:00","breadcrumb":{"@id":"https:\/\/rosstylepro.com\/condiciones-de-uso\/#breadcrumb"},"inLanguage":"nl-NL","potentialAction":[{"@type":"ReadAction","target":["https:\/\/rosstylepro.com\/condiciones-de-uso\/"]}]},{"@type":"BreadcrumbList","@id":"https:\/\/rosstylepro.com\/condiciones-de-uso\/#breadcrumb","itemListElement":[{"@type":"ListItem","position":1,"name":"Home","item":"https:\/\/rosstylepro.com\/"},{"@type":"ListItem","position":2,"name":"Condiciones de uso"}]},{"@type":"WebSite","@id":"https:\/\/rosstylepro.com\/en\/#website","url":"https:\/\/rosstylepro.com\/en\/","name":"RosstylePRO","description":"","potentialAction":[{"@type":"SearchAction","target":{"@type":"EntryPoint","urlTemplate":"https:\/\/rosstylepro.com\/en\/?s={search_term_string}"},"query-input":"required name=search_term_string"}],"inLanguage":"nl-NL"}]}},"_links":{"self":[{"href":"https:\/\/rosstylepro.com\/nl\/wp-json\/wp\/v2\/pages\/117"}],"collection":[{"href":"https:\/\/rosstylepro.com\/nl\/wp-json\/wp\/v2\/pages"}],"about":[{"href":"https:\/\/rosstylepro.com\/nl\/wp-json\/wp\/v2\/types\/page"}],"author":[{"embeddable":true,"href":"https:\/\/rosstylepro.com\/nl\/wp-json\/wp\/v2\/users\/38"}],"replies":[{"embeddable":true,"href":"https:\/\/rosstylepro.com\/nl\/wp-json\/wp\/v2\/comments?post=117"}],"version-history":[{"count":1,"href":"https:\/\/rosstylepro.com\/nl\/wp-json\/wp\/v2\/pages\/117\/revisions"}],"predecessor-version":[{"id":1560,"href":"https:\/\/rosstylepro.com\/nl\/wp-json\/wp\/v2\/pages\/117\/revisions\/1560"}],"wp:attachment":[{"href":"https:\/\/rosstylepro.com\/nl\/wp-json\/wp\/v2\/media?parent=117"}],"curies":[{"name":"wp","href":"https:\/\/api.w.org\/{rel}","templated":true}]}}