{"id":66,"date":"2024-05-02T12:17:37","date_gmt":"2024-05-02T15:17:37","guid":{"rendered":"https:\/\/rosstylepro.com\/?page_id=66"},"modified":"2025-01-17T16:25:36","modified_gmt":"2025-01-17T16:25:36","slug":"politica-de-privacidad","status":"publish","type":"page","link":"https:\/\/rosstylepro.com\/nl\/politica-de-privacidad\/","title":{"rendered":"Privacybeleid"},"content":{"rendered":"<p>Uw privacy is belangrijk voor ons. Bij Rosstylepro hanteren we een beleid dat erop gericht is uw privacy te respecteren met betrekking tot alle informatie die we verzamelen op de site van Rosstylepro en andere sites die wij bezitten en beheren.<\/p>\n\n\n\n<p>Wij vragen u alleen om persoonlijke gegevens als wij deze echt nodig hebben om u een dienst te verlenen. Wij doen dit op een eerlijke en legale manier, met uw medeweten en toestemming. Wij informeren u ook waarom wij deze gegevens verzamelen en hoe wij deze gebruiken.<\/p>\n\n\n\n<p>Wij bewaren de verzamelde gegevens alleen zolang als nodig is om de gevraagde dienst te verlenen. Wanneer wij gegevens opslaan, beschermen wij deze binnen de commercieel aanvaardbare grenzen om verlies, diefstal, ongeautoriseerde toegang, openbaarmaking, kopi\u00ebren, gebruik of wijziging te voorkomen.<\/p>\n\n\n\n<p>Wij delen geen persoonlijk identificeerbare informatie openbaar of met derden, tenzij dit wettelijk verplicht is.<\/p>\n\n\n\n<p>Onze site kan links bevatten naar externe sites die niet door ons worden beheerd. Houd er rekening mee dat wij geen controle hebben over de inhoud en de praktijken van deze sites en dat wij niet verantwoordelijk kunnen worden gehouden voor hun privacybeleid.<\/p>\n\n\n\n<p>U kunt ons verzoek om persoonlijke gegevens afwijzen, maar houd er wel rekening mee dat wij u dan mogelijk niet alle gewenste diensten kunnen leveren.<\/p>\n\n\n\n<p>Als u onze site blijft gebruiken, wordt dit beschouwd als uw acceptatie van onze praktijken met betrekking tot privacy en persoonlijke informatie. Als u vragen hebt over de manier waarop wij omgaan met gebruikersgegevens en persoonlijke informatie, neem dan contact met ons op.<\/p>\n\n\n\n<h2 class=\"wp-block-heading\">Rosstylepro Sitebeveiliging<\/h2>\n\n\n\n<p>Volgens Site Check is de site betrouwbaar en veilig voor de gebruiker. De pagina controleert site-informatie om mogelijke beveiligingsproblemen te identificeren.<\/p>\n\n\n\n<h2 class=\"wp-block-heading\">Rosstylepro Cookiebeleid<\/h2>\n\n\n\n<p><strong>Wat zijn cookies?<\/strong><\/p>\n\n\n\n<p>Zoals bijna alle professionele websites maakt deze site gebruik van cookies. Dit zijn kleine bestanden die op uw computer worden gedownload om uw ervaring te verbeteren. Op deze pagina leggen we uit welke informatie ze verzamelen, hoe we deze gebruiken en waarom we deze cookies soms moeten opslaan. Wij laten u ook zien hoe u kunt voorkomen dat deze cookies worden opgeslagen. Dit kan echter wel gevolgen hebben voor de functionaliteit van de site.<\/p>\n\n\n\n<p><strong>Hoe gebruiken wij cookies?<\/strong><\/p>\n\n\n\n<p>Wij gebruiken cookies om verschillende redenen, die hieronder worden beschreven. Helaas zijn er in de meeste gevallen geen standaardopties voor het uitschakelen van cookies zonder de functionaliteit en functies die ze aan deze site toevoegen, volledig uit te schakelen. Wij raden u aan om alle cookies ingeschakeld te laten als u niet zeker weet of u ze nodig hebt of niet, voor het geval dat ze worden gebruikt om een dienst te verlenen die u gebruikt.<\/p>\n\n\n\n<p><strong>Cookies deactiveren<\/strong><\/p>\n\n\n\n<p>U kunt voorkomen dat cookies worden geplaatst door de instellingen van uw browser aan te passen (zie de helpfunctie van uw browser voor instructies). Houd er rekening mee dat het uitschakelen van cookies gevolgen heeft voor de functionaliteit van deze en vele andere sites die u bezoekt. Als u cookies uitschakelt, worden doorgaans bepaalde functionaliteiten en functies van deze site uitgeschakeld. Daarom wordt aanbevolen om cookies niet uit te schakelen.<\/p>\n\n\n\n<p><strong>Cookies die wij plaatsen<\/strong><\/p>\n\n\n\n<ul>\n<li>Accountgerelateerde cookies<br><br>Als u een account bij ons aanmaakt, gebruiken wij cookies om het registratieproces en de algemene administratie te beheren. Deze cookies worden normaal gesproken verwijderd wanneer u uitlogt, maar in sommige gevallen kunnen ze blijven staan om uw sitevoorkeuren te onthouden wanneer u uitlogt.<\/li>\n\n\n\n<li>Cookies met betrekking tot inloggen<br><br>Wanneer u inlogt, gebruiken we cookies om uw actie te onthouden. Hiermee voorkomt u dat u telkens opnieuw moet inloggen als u een nieuwe pagina bezoekt. Deze cookies worden doorgaans verwijderd wanneer u uitlogt, zodat u alleen toegang hebt tot beperkte functies en gebieden wanneer u bent ingelogd.<\/li>\n\n\n\n<li>Cookies gerelateerd aan e-mailnieuwsbrieven<br><br>Deze site biedt nieuwsbrieven of e-mailabonnementen aan. Cookies kunnen worden gebruikt om te onthouden of u al bent geregistreerd en of bepaalde meldingen alleen aan geregistreerde\/niet-geregistreerde gebruikers moeten worden getoond.<\/li>\n\n\n\n<li>Cookies met betrekking tot orderverwerking<br><br>Deze site biedt e-commerce- en betalingsmogelijkheden. Sommige cookies zijn essentieel om ervoor te zorgen dat uw bestelling tussen pagina&#039;s wordt onthouden, zodat wij deze correct kunnen verwerken.<\/li>\n\n\n\n<li>Cookies met betrekking tot enqu\u00eates<br><br>Regelmatig bieden wij enqu\u00eates en vragenlijsten aan om interessante informatie en nuttige hulpmiddelen te verstrekken of om onze gebruikersgroep beter te begrijpen. Deze enqu\u00eates kunnen cookies gebruiken om te onthouden wie er aan een enqu\u00eate heeft deelgenomen of om nauwkeurige resultaten te kunnen leveren nadat u van pagina bent gewisseld.<\/li>\n\n\n\n<li>Formuliergerelateerde cookies<br><br>Wanneer u gegevens verstuurt via een formulier, bijvoorbeeld op de contactpagina&#039;s of in het opmerkingenformulier, kunnen er cookies worden geplaatst om uw gebruikersgegevens te onthouden voor toekomstige correspondentie.<\/li>\n\n\n\n<li>Sitevoorkeurcookies<br><br>Om u een optimale ervaring op deze site te bieden, bieden wij u de mogelijkheid om uw voorkeuren in te stellen voor hoe deze site functioneert wanneer u deze gebruikt. Om uw voorkeuren te kunnen onthouden, moeten we cookies plaatsen. Deze informatie kan dan worden opgeroepen wanneer u een pagina bezoekt die door uw voorkeuren wordt be\u00efnvloed.<\/li>\n<\/ul>\n\n\n\n<h2 class=\"wp-block-heading\">Cookies van derden<\/h2>\n\n\n\n<p>In sommige speciale gevallen gebruiken wij ook cookies van vertrouwde derde partijen. In het volgende gedeelte wordt beschreven welke cookies van derden u via deze site kunt tegenkomen.<\/p>\n\n\n\n<ul>\n<li>Deze site maakt gebruik van\u00a0<a href=\"https:\/\/analytics.google.com\/analytics\/web\/#\/p419479084\/reports\/intelligenthome\"><em>Google Analytics<\/em><\/a>, een van de meest wijdverspreide en vertrouwde webanalyseoplossingen, om ons te helpen begrijpen hoe u de site gebruikt en hoe we uw ervaring kunnen verbeteren. Deze cookies kunnen bijvoorbeeld bijhouden hoe lang u op de site blijft en welke pagina&#039;s u bezoekt. Zo kunnen we interessante content blijven produceren.<\/li>\n<\/ul>\n\n\n\n<p>Voor meer informatie over Google Analytics-cookies kunt u terecht op de offici\u00eble pagina van Google Analytics.<\/p>\n\n\n\n<ul>\n<li>Er wordt gebruikgemaakt van analyses van derden om het gebruik van deze site te volgen en te meten, zodat we interessante content kunnen blijven produceren. Deze cookies kunnen bijvoorbeeld bijhouden hoe lang u op de site blijft of welke pagina&#039;s u bezoekt. Zo kunnen wij beter begrijpen hoe we de site voor u kunnen verbeteren.<\/li>\n\n\n\n<li>Regelmatig testen we nieuwe functies en brengen we subtiele wijzigingen aan in de manier waarop de site wordt gepresenteerd. Wanneer we nog nieuwe functies testen, kunnen deze cookies worden gebruikt om ervoor te zorgen dat u een consistente ervaring hebt op de site. Tegelijkertijd willen we inzicht krijgen in welke optimalisaties onze gebruikers het meest waarderen.<\/li>\n\n\n\n<li>Bij de verkoop van producten is het voor ons belangrijk om inzicht te hebben in de statistieken over hoeveel bezoekers van onze site daadwerkelijk een aankoop doen. Dit is het type gegevens dat deze cookies bijhouden. Dit is belangrijk voor u, omdat we hiermee nauwkeurige bedrijfsvoorspellingen kunnen doen. Op basis hiervan kunnen we onze advertentie- en productkosten analyseren en zo de best mogelijke prijs garanderen.<\/li>\n<\/ul>\n\n\n\n<h2 class=\"wp-block-heading\">Gebruikersbetrokkenheid<\/h2>\n\n\n\n<p>De gebruiker stemt ermee in om op gepaste wijze gebruik te maken van de inhoud en informatie die Rosstyleproof op de site aanbiedt, met inbegrip van, maar niet beperkt tot:<\/p>\n\n\n\n<ul>\n<li>A) Niet deelnemen aan illegale activiteiten of activiteiten die in strijd zijn met de goede trouw en de openbare orde;<\/li>\n\n\n\n<li>B) Verspreid geen propaganda of inhoud met een racistisch, xenofoob, gok- of wedthema, illegale pornografie, verdediging van terrorisme of die in strijd is met de mensenrechten;<\/li>\n\n\n\n<li>C) Geen schade toe te brengen aan de fysieke (hardware) en logische (software) systemen van Rosstylepro, haar toeleveranciers of derden, noch computervirussen of andere hardware- of softwaresystemen te introduceren of te verspreiden die de hiervoor genoemde schade kunnen veroorzaken.<\/li>\n<\/ul>\n\n\n\n<h2 class=\"wp-block-heading\">Cookies blokkeren:<\/h2>\n\n\n\n<p>De gebruiker kan cookies van elke site, inclusief de onze, op elk gewenst moment blokkeren en\/of uitschakelen. Om deze procedure uit te voeren, gaat u naar de instellingen van uw browser. Zie hieronder voor helpgidsen voor de belangrijkste browsers:<\/p>\n\n\n\n<ul>\n<li><a href=\"https:\/\/support.google.com\/accounts\/answer\/61416?hl=en\"><em>Google Chrome<\/em><\/a><\/li>\n\n\n\n<li><a href=\"https:\/\/support.mozilla.org\/en-US\/kb\/enhanced-tracking-protection-firefox-desktop?redirectlocale=en-US&amp;redirectslug=enable-and-disable-cookies-website-preferences\"><em>Firefox<\/em><\/a><\/li>\n\n\n\n<li><a href=\"https:\/\/support.microsoft.com\/pt-br\/windows\/excluir-e-gerenciar-cookies-168dab11-0753-043d-7c16-ede5947fc64d\"><em>Microsoft Edge<\/em><\/a><\/li>\n\n\n\n<li><a href=\"https:\/\/blogs.opera.com\/news\/2015\/08\/how-to-manage-cookies-in-opera\/\"><em>Opera<\/em><\/a><\/li>\n\n\n\n<li><a href=\"https:\/\/support.apple.com\/pt-br\/guide\/safari\/sfri11471\/mac\"><em>Safari<\/em><\/a><\/li>\n<\/ul>\n\n\n\n<h2 class=\"wp-block-heading\">Meer informatie<\/h2>\n\n\n\n<p>Hopelijk zijn uw twijfels hiermee weggenomen. Zoals eerder vermeld: als u niet zeker weet of u iets nodig hebt, is het doorgaans veiliger om cookies ingeschakeld te laten voor het geval u een van de functies op onze site gebruikt.<\/p>\n\n\n\n<p>Dit beleid is van kracht vanaf april 2024.<\/p>","protected":false},"excerpt":{"rendered":"<p>Uw privacy is belangrijk voor ons. Bij Rosstylepro respecteren we uw privacy met betrekking tot alle informatie die we verzamelen op de website van Rosstylepro en andere websites die we beheren en beheren. We vragen alleen om persoonsgegevens wanneer we deze echt nodig hebben om u een dienst te verlenen. We doen dit op eerlijke en wettelijke wijze, met uw toestemming.<\/p>","protected":false},"author":38,"featured_media":0,"parent":0,"menu_order":0,"comment_status":"closed","ping_status":"closed","template":"page-nosidebar.php","meta":{"footnotes":""},"yoast_head":"<!-- This site is optimized with the Yoast SEO plugin v23.3 - https:\/\/yoast.com\/wordpress\/plugins\/seo\/ -->\n<title>Pol\u00edtica de privacidad<\/title>\n<meta name=\"description\" content=\"Pol\u00edtica de privacidad, Tu privacidad es importante para nosotros. En Rosstylepro tenemos la pol\u00edtica de respetar tu privacidad en re...\" \/>\n<meta name=\"robots\" content=\"index, follow, max-snippet:-1, max-image-preview:large, max-video-preview:-1\" \/>\n<link rel=\"canonical\" href=\"https:\/\/rosstylepro.com\/nl\/politica-de-privacidad\/\" \/>\n<meta property=\"og:locale\" content=\"nl_NL\" \/>\n<meta property=\"og:type\" content=\"article\" \/>\n<meta property=\"og:title\" content=\"Pol\u00edtica de privacidad\" \/>\n<meta property=\"og:description\" content=\"Pol\u00edtica de privacidad, Tu privacidad es importante para nosotros. En Rosstylepro tenemos la pol\u00edtica de respetar tu privacidad en re...\" \/>\n<meta property=\"og:url\" content=\"https:\/\/rosstylepro.com\/nl\/politica-de-privacidad\/\" \/>\n<meta property=\"og:site_name\" content=\"RosstylePRO\" \/>\n<meta property=\"article:modified_time\" content=\"2025-01-17T16:25:36+00:00\" \/>\n<meta name=\"twitter:card\" content=\"summary_large_image\" \/>\n<meta name=\"twitter:label1\" content=\"Est. reading time\" \/>\n\t<meta name=\"twitter:data1\" content=\"8 minuten\" \/>\n<script type=\"application\/ld+json\" class=\"yoast-schema-graph\">{\"@context\":\"https:\/\/schema.org\",\"@graph\":[{\"@type\":\"WebPage\",\"@id\":\"https:\/\/rosstylepro.com\/politica-de-privacidad\/\",\"url\":\"https:\/\/rosstylepro.com\/politica-de-privacidad\/\",\"name\":\"Pol\u00edtica de privacidad\",\"isPartOf\":{\"@id\":\"https:\/\/rosstylepro.com\/en\/#website\"},\"datePublished\":\"2024-05-02T15:17:37+00:00\",\"dateModified\":\"2025-01-17T16:25:36+00:00\",\"description\":\"Pol\u00edtica de privacidad, Tu privacidad es importante para nosotros. En Rosstylepro tenemos la pol\u00edtica de respetar tu privacidad en re...\",\"breadcrumb\":{\"@id\":\"https:\/\/rosstylepro.com\/politica-de-privacidad\/#breadcrumb\"},\"inLanguage\":\"nl-NL\",\"potentialAction\":[{\"@type\":\"ReadAction\",\"target\":[\"https:\/\/rosstylepro.com\/politica-de-privacidad\/\"]}]},{\"@type\":\"BreadcrumbList\",\"@id\":\"https:\/\/rosstylepro.com\/politica-de-privacidad\/#breadcrumb\",\"itemListElement\":[{\"@type\":\"ListItem\",\"position\":1,\"name\":\"Home\",\"item\":\"https:\/\/rosstylepro.com\/\"},{\"@type\":\"ListItem\",\"position\":2,\"name\":\"Pol\u00edtica de privacidad\"}]},{\"@type\":\"WebSite\",\"@id\":\"https:\/\/rosstylepro.com\/en\/#website\",\"url\":\"https:\/\/rosstylepro.com\/en\/\",\"name\":\"RosstylePRO\",\"description\":\"\",\"potentialAction\":[{\"@type\":\"SearchAction\",\"target\":{\"@type\":\"EntryPoint\",\"urlTemplate\":\"https:\/\/rosstylepro.com\/en\/?s={search_term_string}\"},\"query-input\":\"required name=search_term_string\"}],\"inLanguage\":\"nl-NL\"}]}<\/script>\n<!-- \/ Yoast SEO plugin. -->","yoast_head_json":{"title":"Pol\u00edtica de privacidad","description":"Pol\u00edtica de privacidad, Tu privacidad es importante para nosotros. En Rosstylepro tenemos la pol\u00edtica de respetar tu privacidad en re...","robots":{"index":"index","follow":"follow","max-snippet":"max-snippet:-1","max-image-preview":"max-image-preview:large","max-video-preview":"max-video-preview:-1"},"canonical":"https:\/\/rosstylepro.com\/nl\/politica-de-privacidad\/","og_locale":"nl_NL","og_type":"article","og_title":"Pol\u00edtica de privacidad","og_description":"Pol\u00edtica de privacidad, Tu privacidad es importante para nosotros. En Rosstylepro tenemos la pol\u00edtica de respetar tu privacidad en re...","og_url":"https:\/\/rosstylepro.com\/nl\/politica-de-privacidad\/","og_site_name":"RosstylePRO","article_modified_time":"2025-01-17T16:25:36+00:00","twitter_card":"summary_large_image","twitter_misc":{"Est. reading time":"8 minuten"},"schema":{"@context":"https:\/\/schema.org","@graph":[{"@type":"WebPage","@id":"https:\/\/rosstylepro.com\/politica-de-privacidad\/","url":"https:\/\/rosstylepro.com\/politica-de-privacidad\/","name":"Pol\u00edtica de privacidad","isPartOf":{"@id":"https:\/\/rosstylepro.com\/en\/#website"},"datePublished":"2024-05-02T15:17:37+00:00","dateModified":"2025-01-17T16:25:36+00:00","description":"Pol\u00edtica de privacidad, Tu privacidad es importante para nosotros. En Rosstylepro tenemos la pol\u00edtica de respetar tu privacidad en re...","breadcrumb":{"@id":"https:\/\/rosstylepro.com\/politica-de-privacidad\/#breadcrumb"},"inLanguage":"nl-NL","potentialAction":[{"@type":"ReadAction","target":["https:\/\/rosstylepro.com\/politica-de-privacidad\/"]}]},{"@type":"BreadcrumbList","@id":"https:\/\/rosstylepro.com\/politica-de-privacidad\/#breadcrumb","itemListElement":[{"@type":"ListItem","position":1,"name":"Home","item":"https:\/\/rosstylepro.com\/"},{"@type":"ListItem","position":2,"name":"Pol\u00edtica de privacidad"}]},{"@type":"WebSite","@id":"https:\/\/rosstylepro.com\/en\/#website","url":"https:\/\/rosstylepro.com\/en\/","name":"RosstylePRO","description":"","potentialAction":[{"@type":"SearchAction","target":{"@type":"EntryPoint","urlTemplate":"https:\/\/rosstylepro.com\/en\/?s={search_term_string}"},"query-input":"required name=search_term_string"}],"inLanguage":"nl-NL"}]}},"_links":{"self":[{"href":"https:\/\/rosstylepro.com\/nl\/wp-json\/wp\/v2\/pages\/66"}],"collection":[{"href":"https:\/\/rosstylepro.com\/nl\/wp-json\/wp\/v2\/pages"}],"about":[{"href":"https:\/\/rosstylepro.com\/nl\/wp-json\/wp\/v2\/types\/page"}],"author":[{"embeddable":true,"href":"https:\/\/rosstylepro.com\/nl\/wp-json\/wp\/v2\/users\/38"}],"replies":[{"embeddable":true,"href":"https:\/\/rosstylepro.com\/nl\/wp-json\/wp\/v2\/comments?post=66"}],"version-history":[{"count":1,"href":"https:\/\/rosstylepro.com\/nl\/wp-json\/wp\/v2\/pages\/66\/revisions"}],"predecessor-version":[{"id":1563,"href":"https:\/\/rosstylepro.com\/nl\/wp-json\/wp\/v2\/pages\/66\/revisions\/1563"}],"wp:attachment":[{"href":"https:\/\/rosstylepro.com\/nl\/wp-json\/wp\/v2\/media?parent=66"}],"curies":[{"name":"wp","href":"https:\/\/api.w.org\/{rel}","templated":true}]}}