{"id":117,"date":"2024-05-03T12:02:42","date_gmt":"2024-05-03T15:02:42","guid":{"rendered":"https:\/\/rosstylepro.com\/?page_id=117"},"modified":"2025-01-17T16:25:35","modified_gmt":"2025-01-17T16:25:35","slug":"condiciones-de-uso","status":"publish","type":"page","link":"https:\/\/rosstylepro.com\/pl\/condiciones-de-uso\/","title":{"rendered":"Warunki u\u017cytkowania"},"content":{"rendered":"<h2 class=\"wp-block-heading\">1. Warunki og\u00f3lne<\/h2>\n\n\n\n<p>Uzyskuj\u0105c dost\u0119p do witryny internetowej <a href=\"https:\/\/rosstylepro.com\/pl\/\">Rosstylepro<\/a> Zgadzasz si\u0119 przestrzega\u0107 niniejszych Warunk\u00f3w korzystania z us\u0142ugi, wszystkich obowi\u0105zuj\u0105cych przepis\u00f3w i regulacji oraz przyjmujesz na siebie odpowiedzialno\u015b\u0107 za przestrzeganie wszelkich obowi\u0105zuj\u0105cych przepis\u00f3w lokalnych. Je\u015bli nie zgadzasz si\u0119 z kt\u00f3rymkolwiek z tych warunk\u00f3w, nie mo\u017cesz korzysta\u0107 z tej witryny ani uzyskiwa\u0107 do niej dost\u0119pu. Materia\u0142y zawarte na tej stronie s\u0105 chronione obowi\u0105zuj\u0105cymi prawami autorskimi i znakami towarowymi.<\/p>\n\n\n\n<h2 class=\"wp-block-heading\">2. Licencja u\u017cytkowania<\/h2>\n\n\n\n<p>Udziela si\u0119 zgody na tymczasowe pobranie jednej kopii materia\u0142\u00f3w (informacji lub oprogramowania) znajduj\u0105cych si\u0119 na stronie internetowej\u00a0<a href=\"https:\/\/curioiogo.com\/\"><\/a><a href=\"https:\/\/rosstylepro.com\/pl\/\">Rosstylepro<\/a> wy\u0142\u0105cznie do u\u017cytku osobistego, niekomercyjnego, przej\u015bciowego. Niniejsza umowa udziela licencji, a nie przenosi tytu\u0142u w\u0142asno\u015bci, a na mocy tej licencji nie mo\u017cesz:<\/p>\n\n\n\n<ol class=\"wp-block-list\">\n<li>modyfikowa\u0107 lub kopiowa\u0107 materia\u0142y;<\/li>\n\n\n\n<li>wykorzystywa\u0107 materia\u0142y do cel\u00f3w komercyjnych lub do publicznego wy\u015bwietlania (komercyjnego lub niekomercyjnego);<\/li>\n\n\n\n<li>podejmowa\u0107 pr\u00f3b dekompilowania lub dokonywania in\u017cynierii wstecznej jakiegokolwiek oprogramowania zawartego w Witrynie\u00a0<a href=\"https:\/\/rosstylepro.com\/pl\/\">Rosstylepro<\/a>;<\/li>\n\n\n\n<li>usun\u0105\u0107 z materia\u0142\u00f3w wszelkie informacje o prawach autorskich lub inne informacje o w\u0142asno\u015bci; albo<\/li>\n\n\n\n<li>przekazywa\u0107 materia\u0142\u00f3w innej osobie lub \u201eprzenosi\u0107\u201d ich na inny serwer.<\/li>\n<\/ol>\n\n\n\n<p>Niniejsza licencja ulega automatycznemu rozwi\u0105zaniu w przypadku naruszenia kt\u00f3regokolwiek z tych ogranicze\u0144 i mo\u017ce zosta\u0107 rozwi\u0105zana w drodze\u00a0<a href=\"https:\/\/curioiogo.com\/\"><\/a><a href=\"https:\/\/rosstylepro.com\/pl\/\">Rosstylepro<\/a> zawsze, gdy. W przypadku zaprzestania przegl\u0105dania materia\u0142\u00f3w lub wyga\u015bni\u0119cia licencji nale\u017cy usun\u0105\u0107 wszystkie pobrane materia\u0142y b\u0119d\u0105ce w posiadaniu u\u017cytkownika, niezale\u017cnie od tego, czy s\u0105 w formie elektronicznej, czy drukowanej.<\/p>\n\n\n\n<h2 class=\"wp-block-heading\">3. Zastrze\u017cenie<\/h2>\n\n\n\n<p>Materia\u0142y na stronie internetowej\u00a0<a href=\"https:\/\/curioiogo.com\/\"><\/a><a href=\"https:\/\/rosstylepro.com\/pl\/\">Rosstylepro<\/a> s\u0105 dostarczane \u201etak jak s\u0105\u201d.\u00a0<a href=\"https:\/\/curioiogo.com\/\"><\/a>Rosstylepro nie udziela \u017cadnych gwarancji, wyra\u017anych ani dorozumianych, i niniejszym zrzeka si\u0119 i neguje wszelkie inne gwarancje, w tym mi\u0119dzy innymi gwarancje dorozumiane lub warunki przydatno\u015bci handlowej, przydatno\u015bci do okre\u015blonego celu lub nienaruszania praw w\u0142asno\u015bci intelektualnej lub innego naruszenia praw.<\/p>\n\n\n\n<p>Opr\u00f3cz,\u00a0<a href=\"https:\/\/rosstylepro.com\/pl\/\">Rosstylepro<\/a> nie udziela gwarancji i nie sk\u0142ada \u017cadnych o\u015bwiadcze\u0144 dotycz\u0105cych dok\u0142adno\u015bci, prawdopodobnych wynik\u00f3w lub niezawodno\u015bci korzystania z materia\u0142\u00f3w zamieszczonych na swojej stronie internetowej lub w inny spos\u00f3b powi\u0105zanych z takimi materia\u0142ami b\u0105d\u017a z witrynami po\u0142\u0105czonymi z t\u0105 witryn\u0105.<\/p>\n\n\n\n<h2 class=\"wp-block-heading\">4. Ograniczenia<\/h2>\n\n\n\n<p>W \u017cadnym wypadku\u00a0<a href=\"https:\/\/curioiogo.com\/\"><\/a><a href=\"https:\/\/rosstylepro.com\/pl\/\">Rosstylepro<\/a> lub jej dostawcy nie ponosz\u0105 odpowiedzialno\u015bci za wszelkie szkody (w tym, bez ogranicze\u0144, szkody z tytu\u0142u utraty danych lub zysk\u00f3w b\u0105d\u017a szkody spowodowane przerw\u0105 w dzia\u0142alno\u015bci) wynikaj\u0105ce z korzystania lub niemo\u017cno\u015bci korzystania z materia\u0142\u00f3w znajduj\u0105cych si\u0119 na stronie\u00a0<a href=\"http:\/\/tekamaster.com\/\"><\/a><a href=\"https:\/\/curioiogo.com\/\"><\/a><a href=\"https:\/\/rosstylepre.com\/\"><\/a><a href=\"https:\/\/rosstylepro.com\/pl\/\"><\/a><a href=\"https:\/\/rosstylepro.com\/pl\/\">Rosstylepro<\/a>, nawet je\u015bli\u00a0<a href=\"https:\/\/rosstylepro.com\/pl\/\">Rosstylepro<\/a> lub upowa\u017cniony przedstawiciel\u00a0<a href=\"https:\/\/rosstylepro.com\/pl\/\">Rosstylepro<\/a> zosta\u0142a powiadomiona ustnie lub pisemnie o mo\u017cliwo\u015bci zaistnienia takich szk\u00f3d. Poniewa\u017c w niekt\u00f3rych jurysdykcjach nie s\u0105 dozwolone ograniczenia gwarancji dorozumianych lub ograniczenia odpowiedzialno\u015bci za szkody nast\u0119pcze lub przypadkowe, ograniczenia te mog\u0105 Ci\u0119 nie dotyczy\u0107.<\/p>\n\n\n\n<h2 class=\"wp-block-heading\">5. Dok\u0142adno\u015b\u0107 materia\u0142\u00f3w<\/h2>\n\n\n\n<p>Materia\u0142y zamieszczone na stronie internetowej\u00a0<a href=\"https:\/\/rosstylepro.com\/pl\/\">Rosstylepro<\/a> mog\u0105 zawiera\u0107 b\u0142\u0119dy techniczne, typograficzne lub fotograficzne.\u00a0<a href=\"https:\/\/rosstylepro.com\/pl\/\">Rosstylepro<\/a> nie gwarantuje, \u017ce materia\u0142y zamieszczone na stronie internetowej s\u0105 dok\u0142adne, kompletne lub aktualne.\u00a0<a href=\"https:\/\/rosstylepro.com\/pl\/\">Rosstylepro<\/a> mo\u017ce dokonywa\u0107 zmian w materia\u0142ach zawartych na swojej stronie internetowej w dowolnym momencie i bez uprzedzenia. Jednak\u017ce\u00a0<a href=\"https:\/\/rosstylepro.com\/pl\/\">Rosstylepro<\/a> nie zobowi\u0105zuje si\u0119 do aktualizowania materia\u0142\u00f3w.<\/p>\n\n\n\n<h2 class=\"wp-block-heading\">6. Linki<\/h2>\n\n\n\n<p><a href=\"https:\/\/rosstylepro.com\/pl\/\">Rosstylepro<\/a> nie dokona\u0142 przegl\u0105du wszystkich witryn po\u0142\u0105czonych linkami ze swoj\u0105 witryn\u0105 i nie ponosi odpowiedzialno\u015bci za zawarto\u015b\u0107 \u017cadnej z tych witryn. Zamieszczenie jakiegokolwiek linku nie oznacza poparcia dla witryny przez\u00a0<a href=\"http:\/\/tekamaster.com\/\"><\/a><a href=\"https:\/\/curioiogo.com\/\"><\/a><a href=\"https:\/\/rosstylepre.com\/\"><\/a><a href=\"https:\/\/rosstylepro.com\/pl\/\"><\/a><a href=\"https:\/\/rosstylepro.com\/pl\/\">Rosstylepro<\/a>. Korzystanie z podlinkowanych witryn odbywa si\u0119 na w\u0142asne ryzyko u\u017cytkownika.<\/p>\n\n\n\n<h3 class=\"wp-block-heading\">Modyfikacje<\/h3>\n\n\n\n<p><a href=\"https:\/\/rosstylepro.com\/pl\/\">Rosstylepro<\/a> mo\u017ce w ka\u017cdej chwili zmieni\u0107 warunki korzystania ze swojej witryny internetowej i nie musi tego robi\u0107 wcze\u015bniej. Korzystaj\u0105c z tej witryny, zgadzasz si\u0119 na przestrzeganie aktualnej wersji niniejszych Warunk\u00f3w korzystania z us\u0142ugi.<\/p>\n\n\n\n<h3 class=\"wp-block-heading\">Obowi\u0105zuj\u0105ce przepisy<\/h3>\n\n\n\n<p>Niniejsze warunki podlegaj\u0105 przepisom prawa i b\u0119d\u0105 interpretowane zgodnie z nimi.\u00a0<a href=\"https:\/\/rosstylepro.com\/pl\/\">Rosstylepro<\/a> i nieodwo\u0142alnie poddajesz si\u0119 wy\u0142\u0105cznej jurysdykcji s\u0105d\u00f3w tego pa\u0144stwa lub miejscowo\u015bci.<\/p>","protected":false},"excerpt":{"rendered":"<p>1. Og\u00f3lne warunki i postanowienia Uzyskuj\u0105c dost\u0119p do witryny Rosstylepro, zgadzasz si\u0119 by\u0107 zwi\u0105zanym niniejszymi Warunkami korzystania z us\u0142ugi, wszystkimi obowi\u0105zuj\u0105cymi przepisami i regulacjami oraz zgadzasz si\u0119, \u017ce jeste\u015b odpowiedzialny za przestrzeganie wszelkich obowi\u0105zuj\u0105cych lokalnych przepis\u00f3w. Je\u015bli nie zgadzasz si\u0119 z \u017cadnym z tych warunk\u00f3w i postanowie\u0144, zabrania si\u0119 korzystania z witryny lub uzyskiwania do niej dost\u0119pu.<\/p>","protected":false},"author":38,"featured_media":0,"parent":0,"menu_order":0,"comment_status":"closed","ping_status":"closed","template":"page-nosidebar.php","meta":{"footnotes":""},"yoast_head":"<!-- This site is optimized with the Yoast SEO plugin v23.3 - https:\/\/yoast.com\/wordpress\/plugins\/seo\/ -->\n<title>Condiciones de uso - RosstylePRO<\/title>\n<meta name=\"robots\" content=\"index, follow, max-snippet:-1, max-image-preview:large, max-video-preview:-1\" \/>\n<link rel=\"canonical\" href=\"https:\/\/rosstylepro.com\/pl\/condiciones-de-uso\/\" \/>\n<meta property=\"og:locale\" content=\"pl_PL\" \/>\n<meta property=\"og:type\" content=\"article\" \/>\n<meta property=\"og:title\" content=\"Condiciones de uso - RosstylePRO\" \/>\n<meta property=\"og:description\" content=\"1.Condiciones generales Al acceder al sitio web de Rosstylepro usted acepta quedar vinculado por estas condiciones de servicio, todas las leyes y reglamentos aplicables, y acepta que es responsable del cumplimiento de cualquier ley local aplicable. Si usted no est\u00e1 de acuerdo con cualquiera de estos t\u00e9rminos, se le proh\u00edbe el uso o acceso a [&hellip;]\" \/>\n<meta property=\"og:url\" content=\"https:\/\/rosstylepro.com\/pl\/condiciones-de-uso\/\" \/>\n<meta property=\"og:site_name\" content=\"RosstylePRO\" \/>\n<meta property=\"article:modified_time\" content=\"2025-01-17T16:25:35+00:00\" \/>\n<meta name=\"twitter:card\" content=\"summary_large_image\" \/>\n<meta name=\"twitter:label1\" content=\"Est. reading time\" \/>\n\t<meta name=\"twitter:data1\" content=\"4 minuty\" \/>\n<script type=\"application\/ld+json\" class=\"yoast-schema-graph\">{\"@context\":\"https:\/\/schema.org\",\"@graph\":[{\"@type\":\"WebPage\",\"@id\":\"https:\/\/rosstylepro.com\/condiciones-de-uso\/\",\"url\":\"https:\/\/rosstylepro.com\/condiciones-de-uso\/\",\"name\":\"Condiciones de uso - RosstylePRO\",\"isPartOf\":{\"@id\":\"https:\/\/rosstylepro.com\/en\/#website\"},\"datePublished\":\"2024-05-03T15:02:42+00:00\",\"dateModified\":\"2025-01-17T16:25:35+00:00\",\"breadcrumb\":{\"@id\":\"https:\/\/rosstylepro.com\/condiciones-de-uso\/#breadcrumb\"},\"inLanguage\":\"pl-PL\",\"potentialAction\":[{\"@type\":\"ReadAction\",\"target\":[\"https:\/\/rosstylepro.com\/condiciones-de-uso\/\"]}]},{\"@type\":\"BreadcrumbList\",\"@id\":\"https:\/\/rosstylepro.com\/condiciones-de-uso\/#breadcrumb\",\"itemListElement\":[{\"@type\":\"ListItem\",\"position\":1,\"name\":\"Home\",\"item\":\"https:\/\/rosstylepro.com\/\"},{\"@type\":\"ListItem\",\"position\":2,\"name\":\"Condiciones de uso\"}]},{\"@type\":\"WebSite\",\"@id\":\"https:\/\/rosstylepro.com\/en\/#website\",\"url\":\"https:\/\/rosstylepro.com\/en\/\",\"name\":\"RosstylePRO\",\"description\":\"\",\"potentialAction\":[{\"@type\":\"SearchAction\",\"target\":{\"@type\":\"EntryPoint\",\"urlTemplate\":\"https:\/\/rosstylepro.com\/en\/?s={search_term_string}\"},\"query-input\":\"required name=search_term_string\"}],\"inLanguage\":\"pl-PL\"}]}<\/script>\n<!-- \/ Yoast SEO plugin. -->","yoast_head_json":{"title":"Condiciones de uso - RosstylePRO","robots":{"index":"index","follow":"follow","max-snippet":"max-snippet:-1","max-image-preview":"max-image-preview:large","max-video-preview":"max-video-preview:-1"},"canonical":"https:\/\/rosstylepro.com\/pl\/condiciones-de-uso\/","og_locale":"pl_PL","og_type":"article","og_title":"Condiciones de uso - RosstylePRO","og_description":"1.Condiciones generales Al acceder al sitio web de Rosstylepro usted acepta quedar vinculado por estas condiciones de servicio, todas las leyes y reglamentos aplicables, y acepta que es responsable del cumplimiento de cualquier ley local aplicable. Si usted no est\u00e1 de acuerdo con cualquiera de estos t\u00e9rminos, se le proh\u00edbe el uso o acceso a [&hellip;]","og_url":"https:\/\/rosstylepro.com\/pl\/condiciones-de-uso\/","og_site_name":"RosstylePRO","article_modified_time":"2025-01-17T16:25:35+00:00","twitter_card":"summary_large_image","twitter_misc":{"Est. reading time":"4 minuty"},"schema":{"@context":"https:\/\/schema.org","@graph":[{"@type":"WebPage","@id":"https:\/\/rosstylepro.com\/condiciones-de-uso\/","url":"https:\/\/rosstylepro.com\/condiciones-de-uso\/","name":"Condiciones de uso - RosstylePRO","isPartOf":{"@id":"https:\/\/rosstylepro.com\/en\/#website"},"datePublished":"2024-05-03T15:02:42+00:00","dateModified":"2025-01-17T16:25:35+00:00","breadcrumb":{"@id":"https:\/\/rosstylepro.com\/condiciones-de-uso\/#breadcrumb"},"inLanguage":"pl-PL","potentialAction":[{"@type":"ReadAction","target":["https:\/\/rosstylepro.com\/condiciones-de-uso\/"]}]},{"@type":"BreadcrumbList","@id":"https:\/\/rosstylepro.com\/condiciones-de-uso\/#breadcrumb","itemListElement":[{"@type":"ListItem","position":1,"name":"Home","item":"https:\/\/rosstylepro.com\/"},{"@type":"ListItem","position":2,"name":"Condiciones de uso"}]},{"@type":"WebSite","@id":"https:\/\/rosstylepro.com\/en\/#website","url":"https:\/\/rosstylepro.com\/en\/","name":"RosstylePRO","description":"","potentialAction":[{"@type":"SearchAction","target":{"@type":"EntryPoint","urlTemplate":"https:\/\/rosstylepro.com\/en\/?s={search_term_string}"},"query-input":"required name=search_term_string"}],"inLanguage":"pl-PL"}]}},"_links":{"self":[{"href":"https:\/\/rosstylepro.com\/pl\/wp-json\/wp\/v2\/pages\/117"}],"collection":[{"href":"https:\/\/rosstylepro.com\/pl\/wp-json\/wp\/v2\/pages"}],"about":[{"href":"https:\/\/rosstylepro.com\/pl\/wp-json\/wp\/v2\/types\/page"}],"author":[{"embeddable":true,"href":"https:\/\/rosstylepro.com\/pl\/wp-json\/wp\/v2\/users\/38"}],"replies":[{"embeddable":true,"href":"https:\/\/rosstylepro.com\/pl\/wp-json\/wp\/v2\/comments?post=117"}],"version-history":[{"count":1,"href":"https:\/\/rosstylepro.com\/pl\/wp-json\/wp\/v2\/pages\/117\/revisions"}],"predecessor-version":[{"id":1560,"href":"https:\/\/rosstylepro.com\/pl\/wp-json\/wp\/v2\/pages\/117\/revisions\/1560"}],"wp:attachment":[{"href":"https:\/\/rosstylepro.com\/pl\/wp-json\/wp\/v2\/media?parent=117"}],"curies":[{"name":"wp","href":"https:\/\/api.w.org\/{rel}","templated":true}]}}