{"id":66,"date":"2024-05-02T12:17:37","date_gmt":"2024-05-02T15:17:37","guid":{"rendered":"https:\/\/rosstylepro.com\/?page_id=66"},"modified":"2025-01-17T16:25:36","modified_gmt":"2025-01-17T16:25:36","slug":"politica-de-privacidad","status":"publish","type":"page","link":"https:\/\/rosstylepro.com\/pl\/politica-de-privacidad\/","title":{"rendered":"Polityka prywatno\u015bci"},"content":{"rendered":"<p>Twoja prywatno\u015b\u0107 jest dla nas wa\u017cna. W Rosstylepro kierujemy si\u0119 zasad\u0105 poszanowania Twojej prywatno\u015bci w odniesieniu do wszelkich informacji, kt\u00f3re mo\u017cemy gromadzi\u0107 na stronie Rosstylepro oraz na innych stronach, kt\u00f3re posiadamy i obs\u0142ugujemy.<\/p>\n\n\n\n<p>Prosimy o podanie danych osobowych tylko wtedy, gdy jest to niezb\u0119dne do \u015bwiadczenia Ci us\u0142ugi. Robimy to uczciwie i legalnie, za Twoj\u0105 wiedz\u0105 i zgod\u0105. Informujemy r\u00f3wnie\u017c, dlaczego zbieramy te dane i w jaki spos\u00f3b je wykorzystamy.<\/p>\n\n\n\n<p>Zebrane dane przechowujemy wy\u0142\u0105cznie tak d\u0142ugo, jak jest to konieczne do \u015bwiadczenia \u017c\u0105danej us\u0142ugi. Podczas przechowywania danych chronimy je w spos\u00f3b komercyjnie akceptowalny, aby zapobiec ich utracie, kradzie\u017cy, nieautoryzowanemu dost\u0119powi, ujawnieniu, kopiowaniu, wykorzystaniu lub modyfikacji.<\/p>\n\n\n\n<p>Nie udost\u0119pniamy informacji umo\u017cliwiaj\u0105cych identyfikacj\u0119 u\u017cytkownika publicznie ani osobom trzecim, chyba \u017ce wymaga tego prawo.<\/p>\n\n\n\n<p>Nasza witryna mo\u017ce zawiera\u0107 linki do stron zewn\u0119trznych, kt\u00f3re nie s\u0105 przez nas obs\u0142ugiwane. Nale\u017cy pami\u0119ta\u0107, \u017ce nie mamy kontroli nad tre\u015bci\u0105 ani praktykami stosowanymi na tych stronach i nie mo\u017cemy ponosi\u0107 odpowiedzialno\u015bci za ich polityk\u0119 prywatno\u015bci.<\/p>\n\n\n\n<p>Masz prawo odrzuci\u0107 nasz\u0105 pro\u015bb\u0119 o podanie danych osobowych, pami\u0119taj jednak, \u017ce w\u00f3wczas nie b\u0119dziemy mogli dostarczy\u0107 Ci niekt\u00f3rych us\u0142ug, kt\u00f3rych oczekujesz.<\/p>\n\n\n\n<p>Dalsze korzystanie z naszej witryny oznacza akceptacj\u0119 naszych zasad dotycz\u0105cych prywatno\u015bci i danych osobowych. Je\u015bli masz jakiekolwiek pytania dotycz\u0105ce sposobu przetwarzania danych u\u017cytkownik\u00f3w i informacji osobowych, skontaktuj si\u0119 z nami.<\/p>\n\n\n\n<h2 class=\"wp-block-heading\">Bezpiecze\u0144stwo witryny Rosstylepro<\/h2>\n\n\n\n<p>Wed\u0142ug Site Check strona jest wiarygodna i bezpieczna dla u\u017cytkownik\u00f3w. Strona sprawdza informacje o witrynie w celu zidentyfikowania potencjalnych zagro\u017ce\u0144 bezpiecze\u0144stwa.<\/p>\n\n\n\n<h2 class=\"wp-block-heading\">Polityka plik\u00f3w cookie Rosstylepro<\/h2>\n\n\n\n<p><strong>Czym s\u0105 pliki cookie?<\/strong><\/p>\n\n\n\n<p>Podobnie jak ma to miejsce w przypadku wi\u0119kszo\u015bci profesjonalnych witryn internetowych, ta witryna wykorzystuje pliki cookie, czyli niewielkie pliki pobierane na Tw\u00f3j komputer w celu zwi\u0119kszenia wygody korzystania z niej. Na tej stronie opisano, jakie informacje s\u0105 gromadzone, w jaki spos\u00f3b je wykorzystujemy i dlaczego czasami musimy przechowywa\u0107 te pliki cookie. Poka\u017cemy Ci r\u00f3wnie\u017c, jak mo\u017cesz zapobiec zapisywaniu plik\u00f3w cookie, chocia\u017c mo\u017ce to mie\u0107 wp\u0142yw na funkcjonalno\u015b\u0107 witryny.<\/p>\n\n\n\n<p><strong>Jak u\u017cywamy plik\u00f3w cookie?<\/strong><\/p>\n\n\n\n<p>U\u017cywamy plik\u00f3w cookie z kilku powod\u00f3w, kt\u00f3re szczeg\u00f3\u0142owo opisujemy poni\u017cej. Niestety, w wi\u0119kszo\u015bci przypadk\u00f3w nie ma standardowych opcji wy\u0142\u0105czania plik\u00f3w cookie bez ca\u0142kowitego wy\u0142\u0105czenia funkcjonalno\u015bci i funkcji, jakie dodaj\u0105 one do tej witryny. Zalecamy pozostawienie wszystkich plik\u00f3w cookie w\u0142\u0105czonych, je\u015bli nie masz pewno\u015bci, czy ich potrzebujesz, czy nie, na wypadek gdyby by\u0142y wykorzystywane do \u015bwiadczenia us\u0142ugi, z kt\u00f3rej korzystasz.<\/p>\n\n\n\n<p><strong>Dezaktywacja plik\u00f3w cookie<\/strong><\/p>\n\n\n\n<p>Mo\u017cesz zapobiec ustawianiu plik\u00f3w cookie, zmieniaj\u0105c ustawienia swojej przegl\u0105darki (wi\u0119cej informacji na ten temat znajdziesz w pomocy swojej przegl\u0105darki). Nale\u017cy pami\u0119ta\u0107, \u017ce wy\u0142\u0105czenie obs\u0142ugi plik\u00f3w cookie wp\u0142ynie na funkcjonalno\u015b\u0107 tej i wielu innych odwiedzanych przez Ciebie witryn. Wy\u0142\u0105czenie plik\u00f3w cookie zazwyczaj spowoduje wy\u0142\u0105czenie niekt\u00f3rych funkcji i cech tej witryny. W zwi\u0105zku z tym zaleca si\u0119 niewy\u0142\u0105czanie obs\u0142ugi plik\u00f3w cookie.<\/p>\n\n\n\n<p><strong>Pliki cookie, kt\u00f3re ustawiamy<\/strong><\/p>\n\n\n\n<ul>\n<li>Pliki cookie zwi\u0105zane z kontem<br><br>Je\u015bli za\u0142o\u017cysz u nas konto, b\u0119dziemy u\u017cywa\u0107 plik\u00f3w cookie w celu zarz\u0105dzania procesem rejestracji i og\u00f3lnym administrowaniem. Te pliki cookie zazwyczaj zostan\u0105 usuni\u0119te po wylogowaniu, ale w niekt\u00f3rych przypadkach mog\u0105 pozosta\u0107, aby zapami\u0119ta\u0107 Twoje preferencje dotycz\u0105ce witryny po wylogowaniu.<\/li>\n\n\n\n<li>Pliki cookie zwi\u0105zane z logowaniem<br><br>U\u017cywamy plik\u00f3w cookie, aby zapami\u0119ta\u0107 Twoj\u0105 czynno\u015b\u0107 podczas logowania. Dzi\u0119ki temu nie musisz si\u0119 logowa\u0107 za ka\u017cdym razem, gdy odwiedzasz now\u0105 stron\u0119. Te pliki cookie s\u0105 zazwyczaj usuwane po wylogowaniu, aby mie\u0107 pewno\u015b\u0107, \u017ce dost\u0119p do zastrze\u017conych funkcji i obszar\u00f3w b\u0119dzie mo\u017cliwy wy\u0142\u0105cznie po zalogowaniu.<\/li>\n\n\n\n<li>Pliki cookie zwi\u0105zane z biuletynami e-mail<br><br>Ta strona oferuje us\u0142ugi subskrypcji newslettera lub wiadomo\u015bci e-mail, a pliki cookie mog\u0105 by\u0107 u\u017cywane do zapami\u0119tywania, czy jeste\u015b ju\u017c zarejestrowany, a tak\u017ce do okre\u015blania, czy okre\u015blone powiadomienia maj\u0105 by\u0107 wy\u015bwietlane wy\u0142\u0105cznie zarejestrowanym\/niezarejestrowanym u\u017cytkownikom.<\/li>\n\n\n\n<li>Pliki cookie zwi\u0105zane z przetwarzaniem zam\u00f3wie\u0144<br><br>Ta strona oferuje funkcje handlu elektronicznego i p\u0142atno\u015bci, a niekt\u00f3re pliki cookie s\u0105 niezb\u0119dne do tego, aby Twoje zam\u00f3wienie zosta\u0142o zapami\u0119tane na kolejnych stronach, dzi\u0119ki czemu mo\u017cemy je prawid\u0142owo przetworzy\u0107.<\/li>\n\n\n\n<li>Pliki cookie zwi\u0105zane z ankietami<br><br>Okresowo oferujemy ankiety i kwestionariusze, kt\u00f3re maj\u0105 na celu dostarczenie interesuj\u0105cych informacji, przydatnych narz\u0119dzi lub lepsze zrozumienie naszej bazy u\u017cytkownik\u00f3w. Ankiety te mog\u0105 wykorzystywa\u0107 pliki cookie w celu zapami\u0119tania, kto wzi\u0105\u0142 udzia\u0142 w ankiecie, lub w celu zapewnienia dok\u0142adnych wynik\u00f3w po zmianie stron.<\/li>\n\n\n\n<li>Pliki cookie zwi\u0105zane z formularzem<br><br>Gdy przesy\u0142asz dane za pomoc\u0105 formularza, takiego jak te, kt\u00f3re znajduj\u0105 si\u0119 na stronach kontaktowych lub formularzach komentarzy, mog\u0105 zosta\u0107 ustawione pliki cookie, kt\u00f3re zapami\u0119taj\u0105 Twoje dane u\u017cytkownika na potrzeby przysz\u0142ej korespondencji.<\/li>\n\n\n\n<li>Pliki cookie preferencji witryny<br><br>Aby zapewni\u0107 Ci optymalne korzystanie z naszej witryny, udost\u0119pniamy funkcjonalno\u015b\u0107 umo\u017cliwiaj\u0105c\u0105 ustawienie Twoich preferencji dotycz\u0105cych sposobu dzia\u0142ania witryny podczas korzystania z niej. Aby zapami\u0119ta\u0107 Twoje preferencje, musimy ustawi\u0107 pliki cookie, dzi\u0119ki kt\u00f3rym informacja ta b\u0119dzie mog\u0142a zosta\u0107 wywo\u0142ana za ka\u017cdym razem, gdy wejdziesz w interakcj\u0119 ze stron\u0105, kt\u00f3rej dotycz\u0105 Twoje preferencje.<\/li>\n<\/ul>\n\n\n\n<h2 class=\"wp-block-heading\">Pliki cookie stron trzecich<\/h2>\n\n\n\n<p>W niekt\u00f3rych szczeg\u00f3lnych przypadkach wykorzystujemy r\u00f3wnie\u017c pliki cookie dostarczane przez zaufane strony trzecie. W poni\u017cszej sekcji znajdziesz szczeg\u00f3\u0142owe informacje na temat plik\u00f3w cookie stron trzecich, z kt\u00f3rymi mo\u017cesz si\u0119 spotka\u0107, korzystaj\u0105c z tej witryny.<\/p>\n\n\n\n<ul>\n<li>Ta strona u\u017cywa\u00a0<a href=\"https:\/\/analytics.google.com\/analytics\/web\/#\/p419479084\/reports\/intelligenthome\"><em>Analiza Google<\/em><\/a>, kt\u00f3re jest jednym z najpopularniejszych i najbardziej zaufanych rozwi\u0105za\u0144 do analizy ruchu w sieci, pomaga nam zrozumie\u0107, w jaki spos\u00f3b korzystasz z naszej witryny i jak mo\u017cemy ulepszy\u0107 Twoje do\u015bwiadczenia. Pliki cookie mog\u0105 \u015bledzi\u0107 takie informacje, jak czas sp\u0119dzony na stronie i odwiedzane strony, dzi\u0119ki czemu mo\u017cemy nadal tworzy\u0107 anga\u017cuj\u0105ce tre\u015bci.<\/li>\n<\/ul>\n\n\n\n<p>Wi\u0119cej informacji na temat plik\u00f3w cookie Google Analytics znajdziesz na oficjalnej stronie Google Analytics.<\/p>\n\n\n\n<ul>\n<li>Do \u015bledzenia i pomiaru wykorzystania tej witryny wykorzystywane s\u0105 narz\u0119dzia analityczne stron trzecich, dzi\u0119ki kt\u00f3rym mo\u017cemy nadal tworzy\u0107 anga\u017cuj\u0105ce tre\u015bci. Pliki cookie mog\u0105 \u015bledzi\u0107 takie informacje, jak czas sp\u0119dzony na stronie lub odwiedzane strony, co pomaga nam zrozumie\u0107, w jaki spos\u00f3b mo\u017cemy ulepszy\u0107 stron\u0119 dla Ciebie.<\/li>\n\n\n\n<li>Okresowo testujemy nowe funkcje i wprowadzamy drobne zmiany w sposobie prezentacji witryny. Gdy nadal testujemy nowe funkcje, pliki cookie mog\u0105 by\u0107 u\u017cywane w celu zapewnienia u\u017cytkownikom sp\u00f3jnego dzia\u0142ania witryny, a jednocze\u015bnie pozwalaj\u0105 nam zrozumie\u0107, kt\u00f3re optymalizacje najbardziej podobaj\u0105 si\u0119 naszym u\u017cytkownikom.<\/li>\n\n\n\n<li>Sprzedaj\u0105c produkty, wa\u017cne jest dla nas zrozumienie statystyk dotycz\u0105cych liczby os\u00f3b odwiedzaj\u0105cych nasz\u0105 witryn\u0119, kt\u00f3re faktycznie dokonuj\u0105 zakup\u00f3w, dlatego te pliki cookie \u015bledz\u0105 w\u0142a\u015bnie ten typ danych. Jest to dla Ciebie wa\u017cne, poniewa\u017c oznacza to, \u017ce mo\u017cemy dok\u0142adnie prognozowa\u0107 wyniki biznesowe, co z kolei pozwala nam analizowa\u0107 koszty reklamy i produkt\u00f3w, aby zapewni\u0107 najlepsz\u0105 mo\u017cliw\u0105 cen\u0119.<\/li>\n<\/ul>\n\n\n\n<h2 class=\"wp-block-heading\">Zaanga\u017cowanie u\u017cytkownika<\/h2>\n\n\n\n<p>U\u017cytkownik wyra\u017ca zgod\u0119 na w\u0142a\u015bciwe wykorzystanie tre\u015bci i informacji udost\u0119pnianych przez Rosstyleproof na stronie, w tym, mi\u0119dzy innymi:<\/p>\n\n\n\n<ul>\n<li>A) nie bra\u0107 udzia\u0142u w dzia\u0142aniach niezgodnych z prawem lub dobr\u0105 wiar\u0105 i porz\u0105dkiem publicznym;<\/li>\n\n\n\n<li>B) Nie rozpowszechniaj propagandy ani tre\u015bci o charakterze rasistowskim, ksenofobicznym, hazardowym lub zak\u0142ad\u00f3w, nielegalnej pornografii, apologii terroryzmu lub tre\u015bci sprzecznych z prawami cz\u0142owieka;<\/li>\n\n\n\n<li>C) Nie powodowa\u0107 uszkodze\u0144 system\u00f3w fizycznych (sprz\u0119towych) i logicznych (programowych) Rosstylepro, jego dostawc\u00f3w lub os\u00f3b trzecich, ani nie wprowadza\u0107 lub rozprzestrzenia\u0107 wirus\u00f3w komputerowych lub innego sprz\u0119tu lub system\u00f3w programowych, kt\u00f3re mog\u0105 spowodowa\u0107 ww. szkody.<\/li>\n<\/ul>\n\n\n\n<h2 class=\"wp-block-heading\">Blokowanie plik\u00f3w cookie:<\/h2>\n\n\n\n<p>U\u017cytkownik mo\u017ce w ka\u017cdej chwili zablokowa\u0107 i\/lub wy\u0142\u0105czy\u0107 obs\u0142ug\u0119 plik\u00f3w cookie z dowolnej witryny, w tym z naszej witryny. Aby wykona\u0107 t\u0119 procedur\u0119, przejd\u017a do ustawie\u0144 swojej przegl\u0105darki. Poni\u017cej znajduj\u0105 si\u0119 przewodniki pomocy dotycz\u0105ce najpopularniejszych przegl\u0105darek:<\/p>\n\n\n\n<ul>\n<li><a href=\"https:\/\/support.google.com\/accounts\/answer\/61416?hl=en\"><em>Google Chrome<\/em><\/a><\/li>\n\n\n\n<li><a href=\"https:\/\/support.mozilla.org\/en-US\/kb\/enhanced-tracking-protection-firefox-desktop?redirectlocale=en-US&amp;redirectslug=enable-and-disable-cookies-website-preferences\"><em>Firefox<\/em><\/a><\/li>\n\n\n\n<li><a href=\"https:\/\/support.microsoft.com\/pt-br\/windows\/excluir-e-gerenciar-cookies-168dab11-0753-043d-7c16-ede5947fc64d\"><em>Microsoft Edge<\/em><\/a><\/li>\n\n\n\n<li><a href=\"https:\/\/blogs.opera.com\/news\/2015\/08\/how-to-manage-cookies-in-opera\/\"><em>Opera<\/em><\/a><\/li>\n\n\n\n<li><a href=\"https:\/\/support.apple.com\/pt-br\/guide\/safari\/sfri11471\/mac\"><em>Safari<\/em><\/a><\/li>\n<\/ul>\n\n\n\n<h2 class=\"wp-block-heading\">Wi\u0119cej informacji<\/h2>\n\n\n\n<p>Mamy nadziej\u0119, \u017ce to rozwieje Twoje w\u0105tpliwo\u015bci. Jak ju\u017c wcze\u015bniej wspomniano, je\u015bli nie jeste\u015b pewien, czy czego\u015b potrzebujesz, zazwyczaj bezpieczniej jest pozostawi\u0107 obs\u0142ug\u0119 plik\u00f3w cookie w\u0142\u0105czon\u0105, na wypadek gdyby\u015b chcia\u0142 skorzysta\u0107 z kt\u00f3rej\u015b z funkcji naszej witryny.<\/p>\n\n\n\n<p>Niniejsza polityka obowi\u0105zuje od kwietnia 2024 r.<\/p>","protected":false},"excerpt":{"rendered":"<p>Twoja prywatno\u015b\u0107 jest dla nas wa\u017cna. W Rosstylepro szanujemy Twoj\u0105 prywatno\u015b\u0107 w odniesieniu do wszelkich informacji, kt\u00f3re mo\u017cemy zbiera\u0107 na stronie internetowej Rosstylepro i innych stronach internetowych, kt\u00f3re posiadamy i obs\u0142ugujemy. \u017b\u0105damy danych osobowych tylko wtedy, gdy naprawd\u0119 ich potrzebujemy, aby \u015bwiadczy\u0107 Ci us\u0142ug\u0119. Robimy to uczciwie i zgodnie z prawem, za Twoj\u0105 zgod\u0105.<\/p>","protected":false},"author":38,"featured_media":0,"parent":0,"menu_order":0,"comment_status":"closed","ping_status":"closed","template":"page-nosidebar.php","meta":{"footnotes":""},"yoast_head":"<!-- This site is optimized with the Yoast SEO plugin v23.3 - https:\/\/yoast.com\/wordpress\/plugins\/seo\/ -->\n<title>Pol\u00edtica de privacidad<\/title>\n<meta name=\"description\" content=\"Pol\u00edtica de privacidad, Tu privacidad es importante para nosotros. En Rosstylepro tenemos la pol\u00edtica de respetar tu privacidad en re...\" \/>\n<meta name=\"robots\" content=\"index, follow, max-snippet:-1, max-image-preview:large, max-video-preview:-1\" \/>\n<link rel=\"canonical\" href=\"https:\/\/rosstylepro.com\/pl\/politica-de-privacidad\/\" \/>\n<meta property=\"og:locale\" content=\"pl_PL\" \/>\n<meta property=\"og:type\" content=\"article\" \/>\n<meta property=\"og:title\" content=\"Pol\u00edtica de privacidad\" \/>\n<meta property=\"og:description\" content=\"Pol\u00edtica de privacidad, Tu privacidad es importante para nosotros. En Rosstylepro tenemos la pol\u00edtica de respetar tu privacidad en re...\" \/>\n<meta property=\"og:url\" content=\"https:\/\/rosstylepro.com\/pl\/politica-de-privacidad\/\" \/>\n<meta property=\"og:site_name\" content=\"RosstylePRO\" \/>\n<meta property=\"article:modified_time\" content=\"2025-01-17T16:25:36+00:00\" \/>\n<meta name=\"twitter:card\" content=\"summary_large_image\" \/>\n<meta name=\"twitter:label1\" content=\"Est. reading time\" \/>\n\t<meta name=\"twitter:data1\" content=\"8 minut\" \/>\n<script type=\"application\/ld+json\" class=\"yoast-schema-graph\">{\"@context\":\"https:\/\/schema.org\",\"@graph\":[{\"@type\":\"WebPage\",\"@id\":\"https:\/\/rosstylepro.com\/politica-de-privacidad\/\",\"url\":\"https:\/\/rosstylepro.com\/politica-de-privacidad\/\",\"name\":\"Pol\u00edtica de privacidad\",\"isPartOf\":{\"@id\":\"https:\/\/rosstylepro.com\/en\/#website\"},\"datePublished\":\"2024-05-02T15:17:37+00:00\",\"dateModified\":\"2025-01-17T16:25:36+00:00\",\"description\":\"Pol\u00edtica de privacidad, Tu privacidad es importante para nosotros. En Rosstylepro tenemos la pol\u00edtica de respetar tu privacidad en re...\",\"breadcrumb\":{\"@id\":\"https:\/\/rosstylepro.com\/politica-de-privacidad\/#breadcrumb\"},\"inLanguage\":\"pl-PL\",\"potentialAction\":[{\"@type\":\"ReadAction\",\"target\":[\"https:\/\/rosstylepro.com\/politica-de-privacidad\/\"]}]},{\"@type\":\"BreadcrumbList\",\"@id\":\"https:\/\/rosstylepro.com\/politica-de-privacidad\/#breadcrumb\",\"itemListElement\":[{\"@type\":\"ListItem\",\"position\":1,\"name\":\"Home\",\"item\":\"https:\/\/rosstylepro.com\/\"},{\"@type\":\"ListItem\",\"position\":2,\"name\":\"Pol\u00edtica de privacidad\"}]},{\"@type\":\"WebSite\",\"@id\":\"https:\/\/rosstylepro.com\/en\/#website\",\"url\":\"https:\/\/rosstylepro.com\/en\/\",\"name\":\"RosstylePRO\",\"description\":\"\",\"potentialAction\":[{\"@type\":\"SearchAction\",\"target\":{\"@type\":\"EntryPoint\",\"urlTemplate\":\"https:\/\/rosstylepro.com\/en\/?s={search_term_string}\"},\"query-input\":\"required name=search_term_string\"}],\"inLanguage\":\"pl-PL\"}]}<\/script>\n<!-- \/ Yoast SEO plugin. -->","yoast_head_json":{"title":"Pol\u00edtica de privacidad","description":"Pol\u00edtica de privacidad, Tu privacidad es importante para nosotros. En Rosstylepro tenemos la pol\u00edtica de respetar tu privacidad en re...","robots":{"index":"index","follow":"follow","max-snippet":"max-snippet:-1","max-image-preview":"max-image-preview:large","max-video-preview":"max-video-preview:-1"},"canonical":"https:\/\/rosstylepro.com\/pl\/politica-de-privacidad\/","og_locale":"pl_PL","og_type":"article","og_title":"Pol\u00edtica de privacidad","og_description":"Pol\u00edtica de privacidad, Tu privacidad es importante para nosotros. En Rosstylepro tenemos la pol\u00edtica de respetar tu privacidad en re...","og_url":"https:\/\/rosstylepro.com\/pl\/politica-de-privacidad\/","og_site_name":"RosstylePRO","article_modified_time":"2025-01-17T16:25:36+00:00","twitter_card":"summary_large_image","twitter_misc":{"Est. reading time":"8 minut"},"schema":{"@context":"https:\/\/schema.org","@graph":[{"@type":"WebPage","@id":"https:\/\/rosstylepro.com\/politica-de-privacidad\/","url":"https:\/\/rosstylepro.com\/politica-de-privacidad\/","name":"Pol\u00edtica de privacidad","isPartOf":{"@id":"https:\/\/rosstylepro.com\/en\/#website"},"datePublished":"2024-05-02T15:17:37+00:00","dateModified":"2025-01-17T16:25:36+00:00","description":"Pol\u00edtica de privacidad, Tu privacidad es importante para nosotros. En Rosstylepro tenemos la pol\u00edtica de respetar tu privacidad en re...","breadcrumb":{"@id":"https:\/\/rosstylepro.com\/politica-de-privacidad\/#breadcrumb"},"inLanguage":"pl-PL","potentialAction":[{"@type":"ReadAction","target":["https:\/\/rosstylepro.com\/politica-de-privacidad\/"]}]},{"@type":"BreadcrumbList","@id":"https:\/\/rosstylepro.com\/politica-de-privacidad\/#breadcrumb","itemListElement":[{"@type":"ListItem","position":1,"name":"Home","item":"https:\/\/rosstylepro.com\/"},{"@type":"ListItem","position":2,"name":"Pol\u00edtica de privacidad"}]},{"@type":"WebSite","@id":"https:\/\/rosstylepro.com\/en\/#website","url":"https:\/\/rosstylepro.com\/en\/","name":"RosstylePRO","description":"","potentialAction":[{"@type":"SearchAction","target":{"@type":"EntryPoint","urlTemplate":"https:\/\/rosstylepro.com\/en\/?s={search_term_string}"},"query-input":"required name=search_term_string"}],"inLanguage":"pl-PL"}]}},"_links":{"self":[{"href":"https:\/\/rosstylepro.com\/pl\/wp-json\/wp\/v2\/pages\/66"}],"collection":[{"href":"https:\/\/rosstylepro.com\/pl\/wp-json\/wp\/v2\/pages"}],"about":[{"href":"https:\/\/rosstylepro.com\/pl\/wp-json\/wp\/v2\/types\/page"}],"author":[{"embeddable":true,"href":"https:\/\/rosstylepro.com\/pl\/wp-json\/wp\/v2\/users\/38"}],"replies":[{"embeddable":true,"href":"https:\/\/rosstylepro.com\/pl\/wp-json\/wp\/v2\/comments?post=66"}],"version-history":[{"count":1,"href":"https:\/\/rosstylepro.com\/pl\/wp-json\/wp\/v2\/pages\/66\/revisions"}],"predecessor-version":[{"id":1563,"href":"https:\/\/rosstylepro.com\/pl\/wp-json\/wp\/v2\/pages\/66\/revisions\/1563"}],"wp:attachment":[{"href":"https:\/\/rosstylepro.com\/pl\/wp-json\/wp\/v2\/media?parent=66"}],"curies":[{"name":"wp","href":"https:\/\/api.w.org\/{rel}","templated":true}]}}