{"id":69,"date":"2024-05-02T12:20:15","date_gmt":"2024-05-02T15:20:15","guid":{"rendered":"https:\/\/rosstylepro.com\/?page_id=69"},"modified":"2025-01-17T16:25:36","modified_gmt":"2025-01-17T16:25:36","slug":"politica-de-cookies","status":"publish","type":"page","link":"https:\/\/rosstylepro.com\/pl\/politica-de-cookies\/","title":{"rendered":"Polityka plik\u00f3w cookies"},"content":{"rendered":"<p>Rosstylepro u\u017cywa plik\u00f3w cookie na swojej stronie internetowej rosstylepro.com. Akceptuj\u0105c nasz\u0105 Polityk\u0119 plik\u00f3w cookie, wyra\u017casz zgod\u0119 na u\u017cywanie plik\u00f3w cookie zgodnie z t\u0105 polityk\u0105. Je\u017celi nie zgadzasz si\u0119 na u\u017cywanie plik\u00f3w cookies, zalecamy dostosowanie ustawie\u0144 Twojej przegl\u0105darki lub zaprzestanie korzystania z naszej strony internetowej.<\/p>\n\n\n\n<h2 class=\"wp-block-heading\">Czym s\u0105 pliki cookie?<\/h2>\n\n\n\n<p>Pliki cookie to ma\u0142e pliki tekstowe, kt\u00f3re witryna internetowa zapisuje na Twoim urz\u0105dzeniu podczas jej odwiedzania. Pliki te zawieraj\u0105 informacje, kt\u00f3re witryna mo\u017ce pobra\u0107 w r\u00f3\u017cnych celach, na przyk\u0142ad w celu zapami\u0119tania preferencji j\u0119zykowych, optymalizacji przegl\u0105dania witryny i gromadzenia informacji o korzystaniu z witryny.<\/p>\n\n\n\n<h2 class=\"wp-block-heading\">Rodzaje u\u017cywanych plik\u00f3w cookie<\/h2>\n\n\n\n<h3 class=\"wp-block-heading\">Niezb\u0119dne pliki cookie<\/h3>\n\n\n\n<p>Te pliki cookie s\u0105 niezb\u0119dne do funkcjonowania witryny i nie mo\u017cna ich wy\u0142\u0105czy\u0107 w naszych systemach. Zazwyczaj s\u0105 one ustawiane wy\u0142\u0105cznie w odpowiedzi na podj\u0119te przez Ciebie dzia\u0142ania, kt\u00f3re s\u0105 r\u00f3wnoznaczne z \u017c\u0105daniem us\u0142ug, np. ustawieniem preferencji prywatno\u015bci, zalogowaniem si\u0119 lub wype\u0142nieniem formularzy.<\/p>\n\n\n\n<h3 class=\"wp-block-heading\">Pliki cookie wydajno\u015bci<\/h3>\n\n\n\n<p>Te pliki cookie pomagaj\u0105 nam zrozumie\u0107, w jaki spos\u00f3b odwiedzaj\u0105cy korzystaj\u0105 z naszej witryny internetowej, dostarczaj\u0105c informacji o odwiedzanych obszarach, czasie sp\u0119dzonym na stronie oraz wszelkich napotkanych problemach, takich jak komunikaty o b\u0142\u0119dach. Pomaga nam to udoskonali\u0107 dzia\u0142anie witryny i zwi\u0119kszy\u0107 komfort u\u017cytkowania.<\/p>\n\n\n\n<h3 class=\"wp-block-heading\">Pliki cookie funkcjonalne<\/h3>\n\n\n\n<p>Pliki cookie pozwalaj\u0105 witrynie internetowej zapami\u0119ta\u0107 wybrane przez Ciebie ustawienia, takie jak nazwa u\u017cytkownika, j\u0119zyk lub region, dzi\u0119ki czemu mog\u0105 one oferowa\u0107 ulepszone, bardziej spersonalizowane funkcje. Mog\u0105 by\u0107 r\u00f3wnie\u017c wykorzystywane do \u015bwiadczenia \u017c\u0105danych us\u0142ug, takich jak ogl\u0105danie film\u00f3w lub komentowanie wpis\u00f3w na blogu.<\/p>\n\n\n\n<h3 class=\"wp-block-heading\">Pliki cookie reklamowe<\/h3>\n\n\n\n<p>Pliki cookie s\u0142u\u017c\u0105 do wy\u015bwietlania reklam lepiej dostosowanych do Ciebie i Twoich zainteresowa\u0144. S\u0142u\u017c\u0105 one r\u00f3wnie\u017c do ograniczania liczby wy\u015bwietle\u0144 danej reklamy oraz pomagaj\u0105 mierzy\u0107 skuteczno\u015b\u0107 kampanii reklamowych.<\/p>\n\n\n\n<h2 class=\"wp-block-heading\">Zarz\u0105dzanie plikami cookie<\/h2>\n\n\n\n<p>Podczas pierwszej wizyty na naszej stronie internetowej zostaniesz poinformowany o stosowaniu plik\u00f3w cookies i b\u0119dziesz mie\u0107 mo\u017cliwo\u015b\u0107 wyra\u017cenia zgody na ich wykorzystywanie. Pliki cookie mo\u017cesz kontrolowa\u0107 i zarz\u0105dza\u0107 nimi r\u00f3wnie\u017c w ustawieniach swojej przegl\u0105darki. Nale\u017cy pami\u0119ta\u0107, \u017ce wy\u0142\u0105czenie niekt\u00f3rych rodzaj\u00f3w plik\u00f3w cookie mo\u017ce mie\u0107 wp\u0142yw na funkcjonalno\u015b\u0107 witryny i komfort jej u\u017cytkowania.<\/p>\n\n\n\n<h2 class=\"wp-block-heading\">Zmiany w niniejszej Polityce<\/h2>\n\n\n\n<p>Mo\u017cemy okresowo aktualizowa\u0107 niniejsz\u0105 polityk\u0119 plik\u00f3w cookie, aby odzwierciedli\u0107 zmiany w naszych praktykach korzystania z plik\u00f3w cookie. Zalecamy regularne przegl\u0105danie niniejszej polityki, aby by\u0107 na bie\u017c\u0105co ze zmianami.<\/p>\n\n\n\n<p>Kontynuuj\u0105c korzystanie z naszej witryny po wprowadzeniu tych zmian, wyra\u017casz zgod\u0119 na u\u017cywanie plik\u00f3w cookie zgodnie ze zmienion\u0105 polityk\u0105.<\/p>\n\n\n\n<h2 class=\"wp-block-heading\">Kontakt<\/h2>\n\n\n\n<p>Je\u015bli masz jakiekolwiek pytania dotycz\u0105ce naszej polityki plik\u00f3w cookie lub korzystania z plik\u00f3w cookie na naszej stronie internetowej, skontaktuj si\u0119 z nami za po\u015brednictwem poczty elektronicznej:\u00a0<a>kontakt@rosstylepro.com<\/a>.<\/p>","protected":false},"excerpt":{"rendered":"<p>Rosstylepro u\u017cywa plik\u00f3w cookie na swojej stronie internetowej rosstylepro.com. Akceptuj\u0105c nasz\u0105 Polityk\u0119 plik\u00f3w cookie, wyra\u017casz zgod\u0119 na u\u017cywanie plik\u00f3w cookie zgodnie z t\u0105 polityk\u0105. Je\u015bli nie zgadzasz si\u0119 na u\u017cywanie plik\u00f3w cookie, zalecamy dostosowanie ustawie\u0144 przegl\u0105darki lub zaprzestanie korzystania z naszej strony internetowej. Czym s\u0105 [\u2026]<\/p>","protected":false},"author":38,"featured_media":0,"parent":0,"menu_order":0,"comment_status":"closed","ping_status":"closed","template":"page-nosidebar.php","meta":{"footnotes":""},"yoast_head":"<!-- This site is optimized with the Yoast SEO plugin v23.3 - https:\/\/yoast.com\/wordpress\/plugins\/seo\/ -->\n<title>Pol\u00edtica de Cookies<\/title>\n<meta name=\"description\" content=\"Pol\u00edtica de Cookies, Rosstylepro utiliza cookies en su sitio web rosstylepro.com. Al aceptar nuestra Pol\u00edtica de Cookies, usted acepta el ...\" \/>\n<meta name=\"robots\" content=\"index, follow, max-snippet:-1, max-image-preview:large, max-video-preview:-1\" \/>\n<link rel=\"canonical\" href=\"https:\/\/rosstylepro.com\/pl\/politica-de-cookies\/\" \/>\n<meta property=\"og:locale\" content=\"pl_PL\" \/>\n<meta property=\"og:type\" content=\"article\" \/>\n<meta property=\"og:title\" content=\"Pol\u00edtica de Cookies\" \/>\n<meta property=\"og:description\" content=\"Pol\u00edtica de Cookies, Rosstylepro utiliza cookies en su sitio web rosstylepro.com. Al aceptar nuestra Pol\u00edtica de Cookies, usted acepta el ...\" \/>\n<meta property=\"og:url\" content=\"https:\/\/rosstylepro.com\/pl\/politica-de-cookies\/\" \/>\n<meta property=\"og:site_name\" content=\"RosstylePRO\" \/>\n<meta property=\"article:modified_time\" content=\"2025-01-17T16:25:36+00:00\" \/>\n<meta name=\"twitter:card\" content=\"summary_large_image\" \/>\n<meta name=\"twitter:label1\" content=\"Est. reading time\" \/>\n\t<meta name=\"twitter:data1\" content=\"3 minuty\" \/>\n<script type=\"application\/ld+json\" class=\"yoast-schema-graph\">{\"@context\":\"https:\/\/schema.org\",\"@graph\":[{\"@type\":\"WebPage\",\"@id\":\"https:\/\/rosstylepro.com\/politica-de-cookies\/\",\"url\":\"https:\/\/rosstylepro.com\/politica-de-cookies\/\",\"name\":\"Pol\u00edtica de Cookies\",\"isPartOf\":{\"@id\":\"https:\/\/rosstylepro.com\/en\/#website\"},\"datePublished\":\"2024-05-02T15:20:15+00:00\",\"dateModified\":\"2025-01-17T16:25:36+00:00\",\"description\":\"Pol\u00edtica de Cookies, Rosstylepro utiliza cookies en su sitio web rosstylepro.com. Al aceptar nuestra Pol\u00edtica de Cookies, usted acepta el ...\",\"breadcrumb\":{\"@id\":\"https:\/\/rosstylepro.com\/politica-de-cookies\/#breadcrumb\"},\"inLanguage\":\"pl-PL\",\"potentialAction\":[{\"@type\":\"ReadAction\",\"target\":[\"https:\/\/rosstylepro.com\/politica-de-cookies\/\"]}]},{\"@type\":\"BreadcrumbList\",\"@id\":\"https:\/\/rosstylepro.com\/politica-de-cookies\/#breadcrumb\",\"itemListElement\":[{\"@type\":\"ListItem\",\"position\":1,\"name\":\"Home\",\"item\":\"https:\/\/rosstylepro.com\/\"},{\"@type\":\"ListItem\",\"position\":2,\"name\":\"Pol\u00edtica de Cookies\"}]},{\"@type\":\"WebSite\",\"@id\":\"https:\/\/rosstylepro.com\/en\/#website\",\"url\":\"https:\/\/rosstylepro.com\/en\/\",\"name\":\"RosstylePRO\",\"description\":\"\",\"potentialAction\":[{\"@type\":\"SearchAction\",\"target\":{\"@type\":\"EntryPoint\",\"urlTemplate\":\"https:\/\/rosstylepro.com\/en\/?s={search_term_string}\"},\"query-input\":\"required name=search_term_string\"}],\"inLanguage\":\"pl-PL\"}]}<\/script>\n<!-- \/ Yoast SEO plugin. -->","yoast_head_json":{"title":"Pol\u00edtica de Cookies","description":"Pol\u00edtica de Cookies, Rosstylepro utiliza cookies en su sitio web rosstylepro.com. Al aceptar nuestra Pol\u00edtica de Cookies, usted acepta el ...","robots":{"index":"index","follow":"follow","max-snippet":"max-snippet:-1","max-image-preview":"max-image-preview:large","max-video-preview":"max-video-preview:-1"},"canonical":"https:\/\/rosstylepro.com\/pl\/politica-de-cookies\/","og_locale":"pl_PL","og_type":"article","og_title":"Pol\u00edtica de Cookies","og_description":"Pol\u00edtica de Cookies, Rosstylepro utiliza cookies en su sitio web rosstylepro.com. Al aceptar nuestra Pol\u00edtica de Cookies, usted acepta el ...","og_url":"https:\/\/rosstylepro.com\/pl\/politica-de-cookies\/","og_site_name":"RosstylePRO","article_modified_time":"2025-01-17T16:25:36+00:00","twitter_card":"summary_large_image","twitter_misc":{"Est. reading time":"3 minuty"},"schema":{"@context":"https:\/\/schema.org","@graph":[{"@type":"WebPage","@id":"https:\/\/rosstylepro.com\/politica-de-cookies\/","url":"https:\/\/rosstylepro.com\/politica-de-cookies\/","name":"Pol\u00edtica de Cookies","isPartOf":{"@id":"https:\/\/rosstylepro.com\/en\/#website"},"datePublished":"2024-05-02T15:20:15+00:00","dateModified":"2025-01-17T16:25:36+00:00","description":"Pol\u00edtica de Cookies, Rosstylepro utiliza cookies en su sitio web rosstylepro.com. Al aceptar nuestra Pol\u00edtica de Cookies, usted acepta el ...","breadcrumb":{"@id":"https:\/\/rosstylepro.com\/politica-de-cookies\/#breadcrumb"},"inLanguage":"pl-PL","potentialAction":[{"@type":"ReadAction","target":["https:\/\/rosstylepro.com\/politica-de-cookies\/"]}]},{"@type":"BreadcrumbList","@id":"https:\/\/rosstylepro.com\/politica-de-cookies\/#breadcrumb","itemListElement":[{"@type":"ListItem","position":1,"name":"Home","item":"https:\/\/rosstylepro.com\/"},{"@type":"ListItem","position":2,"name":"Pol\u00edtica de Cookies"}]},{"@type":"WebSite","@id":"https:\/\/rosstylepro.com\/en\/#website","url":"https:\/\/rosstylepro.com\/en\/","name":"RosstylePRO","description":"","potentialAction":[{"@type":"SearchAction","target":{"@type":"EntryPoint","urlTemplate":"https:\/\/rosstylepro.com\/en\/?s={search_term_string}"},"query-input":"required name=search_term_string"}],"inLanguage":"pl-PL"}]}},"_links":{"self":[{"href":"https:\/\/rosstylepro.com\/pl\/wp-json\/wp\/v2\/pages\/69"}],"collection":[{"href":"https:\/\/rosstylepro.com\/pl\/wp-json\/wp\/v2\/pages"}],"about":[{"href":"https:\/\/rosstylepro.com\/pl\/wp-json\/wp\/v2\/types\/page"}],"author":[{"embeddable":true,"href":"https:\/\/rosstylepro.com\/pl\/wp-json\/wp\/v2\/users\/38"}],"replies":[{"embeddable":true,"href":"https:\/\/rosstylepro.com\/pl\/wp-json\/wp\/v2\/comments?post=69"}],"version-history":[{"count":1,"href":"https:\/\/rosstylepro.com\/pl\/wp-json\/wp\/v2\/pages\/69\/revisions"}],"predecessor-version":[{"id":1562,"href":"https:\/\/rosstylepro.com\/pl\/wp-json\/wp\/v2\/pages\/69\/revisions\/1562"}],"wp:attachment":[{"href":"https:\/\/rosstylepro.com\/pl\/wp-json\/wp\/v2\/media?parent=69"}],"curies":[{"name":"wp","href":"https:\/\/api.w.org\/{rel}","templated":true}]}}