{"id":71,"date":"2024-05-02T12:36:23","date_gmt":"2024-05-02T15:36:23","guid":{"rendered":"https:\/\/rosstylepro.com\/?page_id=71"},"modified":"2025-01-17T16:25:36","modified_gmt":"2025-01-17T16:25:36","slug":"sobre-nosotros","status":"publish","type":"page","link":"https:\/\/rosstylepro.com\/pl\/sobre-nosotros\/","title":{"rendered":"O nas"},"content":{"rendered":"<p><br>Witamy w Rosstylepro, cyfrowej przestrzeni stworzonej z my\u015bl\u0105 o rozbudzaniu ciekawo\u015bci, odkrywaniu innowacji i dzieleniu si\u0119 wyj\u0105tkowymi do\u015bwiadczeniami w rozleg\u0142ym \u015bwiecie technologii i rozrywki. Firma Rosstylepro zosta\u0142a za\u0142o\u017cona przez Kirito i Newa, przy udziale ponad 10 oddanych wsp\u00f3\u0142pracownik\u00f3w. Powsta\u0142a z potrzeby ekspresji i pasji do odkrywania nowych horyzont\u00f3w na styku technologii i wci\u0105gaj\u0105cego opowiadania historii.<\/p>\n\n\n\n<h3 class=\"wp-block-heading\">Nasza historia i cel<\/h3>\n\n\n\n<p>Wszystko zacz\u0119\u0142o si\u0119 od prostego pomys\u0142u stworzenia platformy, na kt\u00f3rej ciekawo\u015b\u0107 mog\u0142aby rozkwitn\u0105\u0107. Z czasem zdali\u015bmy sobie spraw\u0119, \u017ce nie chodzi tylko o prezentowanie aplikacji i technologii, ale o opowiadanie wci\u0105gaj\u0105cych historii, kt\u00f3re b\u0119d\u0105 inspirowa\u0107 naszych czytelnik\u00f3w. St\u0105d wzi\u0119\u0142a si\u0119 nasza misja: opowiada\u0107 historie, prezentowa\u0107 innowacje i dzieli\u0107 si\u0119 warto\u015bciowymi do\u015bwiadczeniami z pe\u0142n\u0105 \u017cycia i zaanga\u017cowan\u0105 spo\u0142eczno\u015bci\u0105.<\/p>\n\n\n\n<h3 class=\"wp-block-heading\">Dusza Rosstylepro: Nasza spo\u0142eczno\u015b\u0107<\/h3>\n\n\n\n<p>Zdajemy sobie spraw\u0119, \u017ce Rosstylepro nie by\u0142oby tym, czym jest, bez naszej spo\u0142eczno\u015bci. Cenimy ka\u017cdego cz\u0142onka i d\u0105\u017cymy do stworzenia inkluzywnego i sprzyjaj\u0105cego wsp\u00f3\u0142pracy \u015brodowiska, w kt\u00f3rym ka\u017cdy mo\u017ce dzieli\u0107 si\u0119 pomys\u0142ami, opiniami i odkryciami. Sta\u0142a interakcja z nasz\u0105 spo\u0142eczno\u015bci\u0105 pozwala nam dba\u0107 o aktualno\u015b\u0107 i jako\u015b\u0107 oferowanych przez nas tre\u015bci.<\/p>\n\n\n\n<h3 class=\"wp-block-heading\">Odkrywanie nowych horyzont\u00f3w: technologia i rozrywka<\/h3>\n\n\n\n<p>Wraz z rozwojem Rosstylepro staramy si\u0119 r\u00f3wnie\u017c wywiera\u0107 pozytywny wp\u0142yw na bran\u017c\u0119 technologiczn\u0105 i rozrywkow\u0105. Ci\u0105gle poszukujemy nowych sposob\u00f3w prezentowania innowacyjnych i inspiruj\u0105cych tre\u015bci, a tak\u017ce wspieramy rozw\u00f3j aplikacji i technologii, kt\u00f3re poprawiaj\u0105 jako\u015b\u0107 \u017cycia ludzi.<\/p>\n\n\n\n<h3 class=\"wp-block-heading\">Nasze zaanga\u017cowanie w jako\u015b\u0107<\/h3>\n\n\n\n<p>W Rosstylepro najwa\u017cniejsza jest jako\u015b\u0107. Aby zapewni\u0107 najwy\u017csz\u0105 jako\u015b\u0107 naszych tre\u015bci, zatrudniamy zesp\u00f3\u0142 oddanych i do\u015bwiadczonych wsp\u00f3\u0142pracownik\u00f3w. Przeprowadzamy szeroko zakrojone badania i prezentujemy tylko te tre\u015bci, z kt\u00f3rych faktycznie korzystamy i kt\u00f3re uwa\u017camy za istotne i przydatne dla naszej spo\u0142eczno\u015bci.<\/p>\n\n\n\n<h3 class=\"wp-block-heading\">Co znajdziesz w Rosstylepro<\/h3>\n\n\n\n<p>Na naszej stronie oferujemy szerok\u0105 gam\u0119 tre\u015bci dla os\u00f3b o r\u00f3\u017cnych zainteresowaniach. Naszym celem jest zapewnienie kompleksowego do\u015bwiadczenia wykraczaj\u0105cego poza proste informacje techniczne \u2013 od szczeg\u00f3\u0142owych recenzji aplikacji po ciekawostki techniczne. Ka\u017cdemu artyku\u0142owi lub analizie towarzyszy wci\u0105gaj\u0105ca narracja, dzi\u0119ki kt\u00f3rej lektura staje si\u0119 jeszcze bardziej wci\u0105gaj\u0105ca.<\/p>\n\n\n\n<h3 class=\"wp-block-heading\">Rozrywka i wiedza w jednym miejscu<\/h3>\n\n\n\n<p>W Rosstylepro wierzymy, \u017ce rozrywka i wiedza mog\u0105 i\u015b\u0107 ze sob\u0105 w parze. Dlatego opr\u00f3cz analiz i informacji technicznych oferujemy r\u00f3wnie\u017c tre\u015bci skupiaj\u0105ce si\u0119 na rozrywce i ludzkiej stronie technologii. Chcemy inspirowa\u0107, informowa\u0107 i bawi\u0107 naszych czytelnik\u00f3w na wszelkie mo\u017cliwe sposoby.<\/p>\n\n\n\n<h3 class=\"wp-block-heading\">Przysz\u0142o\u015b\u0107 Rosstylepro<\/h3>\n\n\n\n<p>Przysz\u0142o\u015b\u0107 Rosstylepro jest ekscytuj\u0105ca i pe\u0142na mo\u017cliwo\u015bci. Zawsze szukamy nowych sposob\u00f3w na innowacj\u0119 i zapewnienie jeszcze lepszych do\u015bwiadcze\u0144 naszej spo\u0142eczno\u015bci. Planujemy poszerza\u0107 zakres naszych tre\u015bci, porusza\u0107 nowe tematy i pozosta\u0107 zaufanym \u017ar\u00f3d\u0142em informacji i rozrywki dla wszystkich entuzjast\u00f3w technologii.<\/p>\n\n\n\n<h3 class=\"wp-block-heading\">Skontaktuj si\u0119 z nami i do\u0142\u0105cz do przygody<\/h3>\n\n\n\n<p>Bardzo cenimy sobie komentarze, sugestie i pomys\u0142y od naszej spo\u0142eczno\u015bci. Je\u015bli masz jakiekolwiek pytania, uwagi lub chcesz podzieli\u0107 si\u0119 z nami swoimi do\u015bwiadczeniami, nie wahaj si\u0119 z nami skontaktowa\u0107. Twoja opinia jest dla nas najwa\u017cniejsza!<\/p>\n\n\n\n<p>Dzi\u0119kujemy za udzia\u0142 w przygodzie Rosstylepro. Razem odkrywamy nowe horyzonty, \u015bwi\u0119tujemy ciekawo\u015b\u0107 i innowacyjno\u015b\u0107 oraz nieustannie inspirujemy si\u0119 nawzajem w tej ekscytuj\u0105cej podr\u00f3\u017cy, \u0142\u0105cz\u0105cej technologie i ludzi.<\/p>","protected":false},"excerpt":{"rendered":"<p>Witamy w Rosstylepro, cyfrowej przestrzeni zaprojektowanej, aby celebrowa\u0107 ciekawo\u015b\u0107, odkrywa\u0107 innowacje i dzieli\u0107 si\u0119 wyj\u0105tkowymi do\u015bwiadczeniami w rozleg\u0142ym \u015bwiecie technologii i rozrywki. Za\u0142o\u017cone przez Kirito i New, wraz z zespo\u0142em ponad 10 oddanych wsp\u00f3\u0142pracownik\u00f3w, Rosstylepro narodzi\u0142o si\u0119 z potrzeby ekspresji i pasji do [\u2026]<\/p>","protected":false},"author":38,"featured_media":0,"parent":0,"menu_order":0,"comment_status":"closed","ping_status":"closed","template":"page-nosidebar.php","meta":{"footnotes":""},"yoast_head":"<!-- This site is optimized with the Yoast SEO plugin v23.3 - https:\/\/yoast.com\/wordpress\/plugins\/seo\/ -->\n<title>Sobre Nosotros - RosstylePRO<\/title>\n<meta name=\"robots\" content=\"index, follow, max-snippet:-1, max-image-preview:large, max-video-preview:-1\" \/>\n<link rel=\"canonical\" href=\"https:\/\/rosstylepro.com\/pl\/sobre-nosotros\/\" \/>\n<meta property=\"og:locale\" content=\"pl_PL\" \/>\n<meta property=\"og:type\" content=\"article\" \/>\n<meta property=\"og:title\" content=\"Sobre Nosotros - RosstylePRO\" \/>\n<meta property=\"og:description\" content=\"Bienvenidos a Rosstylepro, un espacio digital dise\u00f1ado para celebrar la curiosidad, explorar la innovaci\u00f3n y compartir experiencias \u00fanicas en el vasto mundo de la tecnolog\u00eda y el entretenimiento. Fundado por Kirito y New, junto con un equipo de m\u00e1s de 10 colaboradores dedicados, Rosstylepro surgi\u00f3 de la necesidad de expresi\u00f3n y de la pasi\u00f3n por [&hellip;]\" \/>\n<meta property=\"og:url\" content=\"https:\/\/rosstylepro.com\/pl\/sobre-nosotros\/\" \/>\n<meta property=\"og:site_name\" content=\"RosstylePRO\" \/>\n<meta property=\"article:modified_time\" content=\"2025-01-17T16:25:36+00:00\" \/>\n<meta name=\"twitter:card\" content=\"summary_large_image\" \/>\n<meta name=\"twitter:label1\" content=\"Est. reading time\" \/>\n\t<meta name=\"twitter:data1\" content=\"3 minuty\" \/>\n<script type=\"application\/ld+json\" class=\"yoast-schema-graph\">{\"@context\":\"https:\/\/schema.org\",\"@graph\":[{\"@type\":\"WebPage\",\"@id\":\"https:\/\/rosstylepro.com\/sobre-nosotros\/\",\"url\":\"https:\/\/rosstylepro.com\/sobre-nosotros\/\",\"name\":\"Sobre Nosotros - RosstylePRO\",\"isPartOf\":{\"@id\":\"https:\/\/rosstylepro.com\/en\/#website\"},\"datePublished\":\"2024-05-02T15:36:23+00:00\",\"dateModified\":\"2025-01-17T16:25:36+00:00\",\"breadcrumb\":{\"@id\":\"https:\/\/rosstylepro.com\/sobre-nosotros\/#breadcrumb\"},\"inLanguage\":\"pl-PL\",\"potentialAction\":[{\"@type\":\"ReadAction\",\"target\":[\"https:\/\/rosstylepro.com\/sobre-nosotros\/\"]}]},{\"@type\":\"BreadcrumbList\",\"@id\":\"https:\/\/rosstylepro.com\/sobre-nosotros\/#breadcrumb\",\"itemListElement\":[{\"@type\":\"ListItem\",\"position\":1,\"name\":\"Home\",\"item\":\"https:\/\/rosstylepro.com\/\"},{\"@type\":\"ListItem\",\"position\":2,\"name\":\"Sobre Nosotros\"}]},{\"@type\":\"WebSite\",\"@id\":\"https:\/\/rosstylepro.com\/en\/#website\",\"url\":\"https:\/\/rosstylepro.com\/en\/\",\"name\":\"RosstylePRO\",\"description\":\"\",\"potentialAction\":[{\"@type\":\"SearchAction\",\"target\":{\"@type\":\"EntryPoint\",\"urlTemplate\":\"https:\/\/rosstylepro.com\/en\/?s={search_term_string}\"},\"query-input\":\"required name=search_term_string\"}],\"inLanguage\":\"pl-PL\"}]}<\/script>\n<!-- \/ Yoast SEO plugin. -->","yoast_head_json":{"title":"Sobre Nosotros - RosstylePRO","robots":{"index":"index","follow":"follow","max-snippet":"max-snippet:-1","max-image-preview":"max-image-preview:large","max-video-preview":"max-video-preview:-1"},"canonical":"https:\/\/rosstylepro.com\/pl\/sobre-nosotros\/","og_locale":"pl_PL","og_type":"article","og_title":"Sobre Nosotros - RosstylePRO","og_description":"Bienvenidos a Rosstylepro, un espacio digital dise\u00f1ado para celebrar la curiosidad, explorar la innovaci\u00f3n y compartir experiencias \u00fanicas en el vasto mundo de la tecnolog\u00eda y el entretenimiento. Fundado por Kirito y New, junto con un equipo de m\u00e1s de 10 colaboradores dedicados, Rosstylepro surgi\u00f3 de la necesidad de expresi\u00f3n y de la pasi\u00f3n por [&hellip;]","og_url":"https:\/\/rosstylepro.com\/pl\/sobre-nosotros\/","og_site_name":"RosstylePRO","article_modified_time":"2025-01-17T16:25:36+00:00","twitter_card":"summary_large_image","twitter_misc":{"Est. reading time":"3 minuty"},"schema":{"@context":"https:\/\/schema.org","@graph":[{"@type":"WebPage","@id":"https:\/\/rosstylepro.com\/sobre-nosotros\/","url":"https:\/\/rosstylepro.com\/sobre-nosotros\/","name":"Sobre Nosotros - RosstylePRO","isPartOf":{"@id":"https:\/\/rosstylepro.com\/en\/#website"},"datePublished":"2024-05-02T15:36:23+00:00","dateModified":"2025-01-17T16:25:36+00:00","breadcrumb":{"@id":"https:\/\/rosstylepro.com\/sobre-nosotros\/#breadcrumb"},"inLanguage":"pl-PL","potentialAction":[{"@type":"ReadAction","target":["https:\/\/rosstylepro.com\/sobre-nosotros\/"]}]},{"@type":"BreadcrumbList","@id":"https:\/\/rosstylepro.com\/sobre-nosotros\/#breadcrumb","itemListElement":[{"@type":"ListItem","position":1,"name":"Home","item":"https:\/\/rosstylepro.com\/"},{"@type":"ListItem","position":2,"name":"Sobre Nosotros"}]},{"@type":"WebSite","@id":"https:\/\/rosstylepro.com\/en\/#website","url":"https:\/\/rosstylepro.com\/en\/","name":"RosstylePRO","description":"","potentialAction":[{"@type":"SearchAction","target":{"@type":"EntryPoint","urlTemplate":"https:\/\/rosstylepro.com\/en\/?s={search_term_string}"},"query-input":"required name=search_term_string"}],"inLanguage":"pl-PL"}]}},"_links":{"self":[{"href":"https:\/\/rosstylepro.com\/pl\/wp-json\/wp\/v2\/pages\/71"}],"collection":[{"href":"https:\/\/rosstylepro.com\/pl\/wp-json\/wp\/v2\/pages"}],"about":[{"href":"https:\/\/rosstylepro.com\/pl\/wp-json\/wp\/v2\/types\/page"}],"author":[{"embeddable":true,"href":"https:\/\/rosstylepro.com\/pl\/wp-json\/wp\/v2\/users\/38"}],"replies":[{"embeddable":true,"href":"https:\/\/rosstylepro.com\/pl\/wp-json\/wp\/v2\/comments?post=71"}],"version-history":[{"count":1,"href":"https:\/\/rosstylepro.com\/pl\/wp-json\/wp\/v2\/pages\/71\/revisions"}],"predecessor-version":[{"id":1564,"href":"https:\/\/rosstylepro.com\/pl\/wp-json\/wp\/v2\/pages\/71\/revisions\/1564"}],"wp:attachment":[{"href":"https:\/\/rosstylepro.com\/pl\/wp-json\/wp\/v2\/media?parent=71"}],"curies":[{"name":"wp","href":"https:\/\/api.w.org\/{rel}","templated":true}]}}