{"id":117,"date":"2024-05-03T12:02:42","date_gmt":"2024-05-03T15:02:42","guid":{"rendered":"https:\/\/rosstylepro.com\/?page_id=117"},"modified":"2025-01-17T16:25:35","modified_gmt":"2025-01-17T16:25:35","slug":"condiciones-de-uso","status":"publish","type":"page","link":"https:\/\/rosstylepro.com\/pt\/condiciones-de-uso\/","title":{"rendered":"Termos de uso"},"content":{"rendered":"<h2 class=\"wp-block-heading\">1.Condi\u00e7\u00f5es gerais<\/h2>\n\n\n\n<p>Ao acessar o site da <a href=\"https:\/\/rosstylepro.com\/pt\/\">Rosstylepro<\/a> Voc\u00ea concorda em obedecer a estes Termos de Servi\u00e7o, a todas as leis e regulamentos aplic\u00e1veis e concorda que \u00e9 respons\u00e1vel pelo cumprimento de quaisquer leis locais aplic\u00e1veis. Se voc\u00ea n\u00e3o concordar com algum destes termos, voc\u00ea est\u00e1 proibido de usar ou acessar este site. Os materiais contidos neste site s\u00e3o protegidos pelas leis aplic\u00e1veis de direitos autorais e marcas registradas.<\/p>\n\n\n\n<h2 class=\"wp-block-heading\">2.Licen\u00e7a de uso<\/h2>\n\n\n\n<p>\u00c9 concedida permiss\u00e3o para baixar temporariamente uma c\u00f3pia dos materiais (informa\u00e7\u00f5es ou software) no site da\u00a0<a href=\"https:\/\/curioiogo.com\/\"><\/a><a href=\"https:\/\/rosstylepro.com\/pt\/\">Rosstylepro<\/a> Apenas para uso pessoal, n\u00e3o comercial e transit\u00f3rio. Esta \u00e9 a concess\u00e3o de uma licen\u00e7a, n\u00e3o uma transfer\u00eancia de t\u00edtulo, e sob esta licen\u00e7a voc\u00ea n\u00e3o pode<\/p>\n\n\n\n<ol class=\"wp-block-list\">\n<li>modificar ou copiar os materiais;<\/li>\n\n\n\n<li>utilizar os materiais para fins comerciais ou para exibi\u00e7\u00e3o p\u00fablica (comercial ou n\u00e3o comercial);<\/li>\n\n\n\n<li>tentar descompilar ou fazer engenharia reversa de qualquer software contido no site\u00a0<a href=\"https:\/\/rosstylepro.com\/pt\/\">Rosstylepro<\/a>;<\/li>\n\n\n\n<li>remover quaisquer direitos autorais ou outras nota\u00e7\u00f5es de propriedade dos materiais; qualquer<\/li>\n\n\n\n<li>transferir os materiais para outra pessoa ou \u201cespelhar\u201d os materiais em qualquer outro servidor.<\/li>\n<\/ol>\n\n\n\n<p>Esta licen\u00e7a ser\u00e1 automaticamente rescindida se voc\u00ea violar qualquer uma dessas restri\u00e7\u00f5es e poder\u00e1 ser rescindida por\u00a0<a href=\"https:\/\/curioiogo.com\/\"><\/a><a href=\"https:\/\/rosstylepro.com\/pt\/\">Rosstylepro<\/a> em qualquer momento. Ao encerrar a visualiza\u00e7\u00e3o desses materiais ou ao t\u00e9rmino desta licen\u00e7a, voc\u00ea dever\u00e1 excluir quaisquer materiais baixados em sua posse, seja em formato eletr\u00f4nico ou impresso.<\/p>\n\n\n\n<h2 class=\"wp-block-heading\">3.Isen\u00e7\u00e3o de responsabilidade<\/h2>\n\n\n\n<p>Os materiais do site\u00a0<a href=\"https:\/\/curioiogo.com\/\"><\/a><a href=\"https:\/\/rosstylepro.com\/pt\/\">Rosstylepro<\/a> Eles s\u00e3o fornecidos \u201ccomo est\u00e3o\u201d.\u00a0<a href=\"https:\/\/curioiogo.com\/\"><\/a>Rosstylepro n\u00e3o oferece garantias, expressas ou impl\u00edcitas, e por este meio isenta e nega todas as outras garantias, incluindo, sem limita\u00e7\u00e3o, garantias impl\u00edcitas ou condi\u00e7\u00f5es de comercializa\u00e7\u00e3o, adequa\u00e7\u00e3o a uma finalidade espec\u00edfica ou n\u00e3o viola\u00e7\u00e3o de propriedade intelectual ou qualquer outra viola\u00e7\u00e3o de direitos.<\/p>\n\n\n\n<p>Al\u00e9m do mais,\u00a0<a href=\"https:\/\/rosstylepro.com\/pt\/\">Rosstylepro<\/a> n\u00e3o garante nem faz qualquer representa\u00e7\u00e3o relativa \u00e0 precis\u00e3o, aos resultados prov\u00e1veis ou \u00e0 confiabilidade do uso dos materiais em seu site na Internet ou de outra forma relacionados a esses materiais ou em quaisquer sites vinculados a este site.<\/p>\n\n\n\n<h2 class=\"wp-block-heading\">4. Limita\u00e7\u00f5es<\/h2>\n\n\n\n<p>Em nenhum caso\u00a0<a href=\"https:\/\/curioiogo.com\/\"><\/a><a href=\"https:\/\/rosstylepro.com\/pt\/\">Rosstylepro<\/a> ou seus fornecedores ser\u00e3o respons\u00e1veis por quaisquer danos (incluindo, sem limita\u00e7\u00e3o, danos por perda de dados ou lucro, ou devido \u00e0 interrup\u00e7\u00e3o dos neg\u00f3cios) decorrentes do uso ou da incapacidade de usar os materiais em\u00a0<a href=\"http:\/\/tekamaster.com\/\"><\/a><a href=\"https:\/\/curioiogo.com\/\"><\/a><a href=\"https:\/\/rosstylepre.com\/\"><\/a><a href=\"https:\/\/rosstylepro.com\/pt\/\"><\/a><a href=\"https:\/\/rosstylepro.com\/pt\/\">Rosstylepro<\/a>, ainda que\u00a0<a href=\"https:\/\/rosstylepro.com\/pt\/\">Rosstylepro<\/a> ou um representante autorizado da\u00a0<a href=\"https:\/\/rosstylepro.com\/pt\/\">Rosstylepro<\/a> foi notificado oralmente ou por escrito da possibilidade de tais danos. Como algumas jurisdi\u00e7\u00f5es n\u00e3o permitem limita\u00e7\u00f5es nas garantias impl\u00edcitas ou limita\u00e7\u00f5es de responsabilidade por danos consequenciais ou incidentais, estas limita\u00e7\u00f5es podem n\u00e3o se aplicar a voc\u00ea.<\/p>\n\n\n\n<h2 class=\"wp-block-heading\">5.Precis\u00e3o dos materiais<\/h2>\n\n\n\n<p>Os materiais que aparecem no site da\u00a0<a href=\"https:\/\/rosstylepro.com\/pt\/\">Rosstylepro<\/a> podem incluir erros t\u00e9cnicos, tipogr\u00e1ficos ou fotogr\u00e1ficos.\u00a0<a href=\"https:\/\/rosstylepro.com\/pt\/\">Rosstylepro<\/a> n\u00e3o garante que qualquer material em seu site seja preciso, completo ou atual.\u00a0<a href=\"https:\/\/rosstylepro.com\/pt\/\">Rosstylepro<\/a> pode fazer altera\u00e7\u00f5es nos materiais contidos em seu site a qualquer momento, sem aviso pr\u00e9vio. No entanto\u00a0<a href=\"https:\/\/rosstylepro.com\/pt\/\">Rosstylepro<\/a> n\u00e3o se compromete a atualizar os materiais.<\/p>\n\n\n\n<h2 class=\"wp-block-heading\">6.Links<\/h2>\n\n\n\n<p><a href=\"https:\/\/rosstylepro.com\/pt\/\">Rosstylepro<\/a> n\u00e3o revisou todos os sites vinculados ao seu site e n\u00e3o \u00e9 respons\u00e1vel pelo conte\u00fado de nenhum site vinculado. A inclus\u00e3o de qualquer link n\u00e3o implica endosso do site por\u00a0<a href=\"http:\/\/tekamaster.com\/\"><\/a><a href=\"https:\/\/curioiogo.com\/\"><\/a><a href=\"https:\/\/rosstylepre.com\/\"><\/a><a href=\"https:\/\/rosstylepro.com\/pt\/\"><\/a><a href=\"https:\/\/rosstylepro.com\/pt\/\">Rosstylepro<\/a>. O uso de qualquer site vinculado \u00e9 por conta e risco do usu\u00e1rio.<\/p>\n\n\n\n<h3 class=\"wp-block-heading\">Modifica\u00e7\u00f5es<\/h3>\n\n\n\n<p><a href=\"https:\/\/rosstylepro.com\/pt\/\">Rosstylepro<\/a> pode revisar estes termos de servi\u00e7o de seu site a qualquer momento, sem aviso pr\u00e9vio. Ao usar este site, voc\u00ea concorda em ficar vinculado \u00e0 vers\u00e3o atual destes termos de servi\u00e7o.<\/p>\n\n\n\n<h3 class=\"wp-block-heading\">Legisla\u00e7\u00e3o aplic\u00e1vel<\/h3>\n\n\n\n<p>Estes termos e condi\u00e7\u00f5es s\u00e3o regidos e interpretados de acordo com as leis de\u00a0<a href=\"https:\/\/rosstylepro.com\/pt\/\">Rosstylepro<\/a> e voc\u00ea se submete irrevogavelmente \u00e0 jurisdi\u00e7\u00e3o exclusiva dos tribunais de tal estado ou localidade.<\/p>","protected":false},"excerpt":{"rendered":"<p>1. Termos e Condi\u00e7\u00f5es Gerais Ao acessar o site da Rosstylepro, voc\u00ea concorda em obedecer a estes Termos de Servi\u00e7o, a todas as leis e regulamentos aplic\u00e1veis e concorda que \u00e9 respons\u00e1vel pelo cumprimento de todas as leis locais aplic\u00e1veis. Caso n\u00e3o concorde com qualquer um destes termos e condi\u00e7\u00f5es, voc\u00ea est\u00e1 proibido de usar ou acessar o site.<\/p>","protected":false},"author":38,"featured_media":0,"parent":0,"menu_order":0,"comment_status":"closed","ping_status":"closed","template":"page-nosidebar.php","meta":{"footnotes":""},"yoast_head":"<!-- This site is optimized with the Yoast SEO plugin v23.3 - https:\/\/yoast.com\/wordpress\/plugins\/seo\/ -->\n<title>Condiciones de uso - RosstylePRO<\/title>\n<meta name=\"robots\" content=\"index, follow, max-snippet:-1, max-image-preview:large, max-video-preview:-1\" \/>\n<link rel=\"canonical\" href=\"https:\/\/rosstylepro.com\/pt\/condiciones-de-uso\/\" \/>\n<meta property=\"og:locale\" content=\"pt_BR\" \/>\n<meta property=\"og:type\" content=\"article\" \/>\n<meta property=\"og:title\" content=\"Condiciones de uso - RosstylePRO\" \/>\n<meta property=\"og:description\" content=\"1.Condiciones generales Al acceder al sitio web de Rosstylepro usted acepta quedar vinculado por estas condiciones de servicio, todas las leyes y reglamentos aplicables, y acepta que es responsable del cumplimiento de cualquier ley local aplicable. Si usted no est\u00e1 de acuerdo con cualquiera de estos t\u00e9rminos, se le proh\u00edbe el uso o acceso a [&hellip;]\" \/>\n<meta property=\"og:url\" content=\"https:\/\/rosstylepro.com\/pt\/condiciones-de-uso\/\" \/>\n<meta property=\"og:site_name\" content=\"RosstylePRO\" \/>\n<meta property=\"article:modified_time\" content=\"2025-01-17T16:25:35+00:00\" \/>\n<meta name=\"twitter:card\" content=\"summary_large_image\" \/>\n<meta name=\"twitter:label1\" content=\"Est. reading time\" \/>\n\t<meta name=\"twitter:data1\" content=\"4 minutos\" \/>\n<script type=\"application\/ld+json\" class=\"yoast-schema-graph\">{\"@context\":\"https:\/\/schema.org\",\"@graph\":[{\"@type\":\"WebPage\",\"@id\":\"https:\/\/rosstylepro.com\/condiciones-de-uso\/\",\"url\":\"https:\/\/rosstylepro.com\/condiciones-de-uso\/\",\"name\":\"Condiciones de uso - RosstylePRO\",\"isPartOf\":{\"@id\":\"https:\/\/rosstylepro.com\/en\/#website\"},\"datePublished\":\"2024-05-03T15:02:42+00:00\",\"dateModified\":\"2025-01-17T16:25:35+00:00\",\"breadcrumb\":{\"@id\":\"https:\/\/rosstylepro.com\/condiciones-de-uso\/#breadcrumb\"},\"inLanguage\":\"pt-BR\",\"potentialAction\":[{\"@type\":\"ReadAction\",\"target\":[\"https:\/\/rosstylepro.com\/condiciones-de-uso\/\"]}]},{\"@type\":\"BreadcrumbList\",\"@id\":\"https:\/\/rosstylepro.com\/condiciones-de-uso\/#breadcrumb\",\"itemListElement\":[{\"@type\":\"ListItem\",\"position\":1,\"name\":\"Home\",\"item\":\"https:\/\/rosstylepro.com\/\"},{\"@type\":\"ListItem\",\"position\":2,\"name\":\"Condiciones de uso\"}]},{\"@type\":\"WebSite\",\"@id\":\"https:\/\/rosstylepro.com\/en\/#website\",\"url\":\"https:\/\/rosstylepro.com\/en\/\",\"name\":\"RosstylePRO\",\"description\":\"\",\"potentialAction\":[{\"@type\":\"SearchAction\",\"target\":{\"@type\":\"EntryPoint\",\"urlTemplate\":\"https:\/\/rosstylepro.com\/en\/?s={search_term_string}\"},\"query-input\":\"required name=search_term_string\"}],\"inLanguage\":\"pt-BR\"}]}<\/script>\n<!-- \/ Yoast SEO plugin. -->","yoast_head_json":{"title":"Condiciones de uso - RosstylePRO","robots":{"index":"index","follow":"follow","max-snippet":"max-snippet:-1","max-image-preview":"max-image-preview:large","max-video-preview":"max-video-preview:-1"},"canonical":"https:\/\/rosstylepro.com\/pt\/condiciones-de-uso\/","og_locale":"pt_BR","og_type":"article","og_title":"Condiciones de uso - RosstylePRO","og_description":"1.Condiciones generales Al acceder al sitio web de Rosstylepro usted acepta quedar vinculado por estas condiciones de servicio, todas las leyes y reglamentos aplicables, y acepta que es responsable del cumplimiento de cualquier ley local aplicable. Si usted no est\u00e1 de acuerdo con cualquiera de estos t\u00e9rminos, se le proh\u00edbe el uso o acceso a [&hellip;]","og_url":"https:\/\/rosstylepro.com\/pt\/condiciones-de-uso\/","og_site_name":"RosstylePRO","article_modified_time":"2025-01-17T16:25:35+00:00","twitter_card":"summary_large_image","twitter_misc":{"Est. reading time":"4 minutos"},"schema":{"@context":"https:\/\/schema.org","@graph":[{"@type":"WebPage","@id":"https:\/\/rosstylepro.com\/condiciones-de-uso\/","url":"https:\/\/rosstylepro.com\/condiciones-de-uso\/","name":"Condiciones de uso - RosstylePRO","isPartOf":{"@id":"https:\/\/rosstylepro.com\/en\/#website"},"datePublished":"2024-05-03T15:02:42+00:00","dateModified":"2025-01-17T16:25:35+00:00","breadcrumb":{"@id":"https:\/\/rosstylepro.com\/condiciones-de-uso\/#breadcrumb"},"inLanguage":"pt-BR","potentialAction":[{"@type":"ReadAction","target":["https:\/\/rosstylepro.com\/condiciones-de-uso\/"]}]},{"@type":"BreadcrumbList","@id":"https:\/\/rosstylepro.com\/condiciones-de-uso\/#breadcrumb","itemListElement":[{"@type":"ListItem","position":1,"name":"Home","item":"https:\/\/rosstylepro.com\/"},{"@type":"ListItem","position":2,"name":"Condiciones de uso"}]},{"@type":"WebSite","@id":"https:\/\/rosstylepro.com\/en\/#website","url":"https:\/\/rosstylepro.com\/en\/","name":"RosstylePRO","description":"","potentialAction":[{"@type":"SearchAction","target":{"@type":"EntryPoint","urlTemplate":"https:\/\/rosstylepro.com\/en\/?s={search_term_string}"},"query-input":"required name=search_term_string"}],"inLanguage":"pt-BR"}]}},"_links":{"self":[{"href":"https:\/\/rosstylepro.com\/pt\/wp-json\/wp\/v2\/pages\/117"}],"collection":[{"href":"https:\/\/rosstylepro.com\/pt\/wp-json\/wp\/v2\/pages"}],"about":[{"href":"https:\/\/rosstylepro.com\/pt\/wp-json\/wp\/v2\/types\/page"}],"author":[{"embeddable":true,"href":"https:\/\/rosstylepro.com\/pt\/wp-json\/wp\/v2\/users\/38"}],"replies":[{"embeddable":true,"href":"https:\/\/rosstylepro.com\/pt\/wp-json\/wp\/v2\/comments?post=117"}],"version-history":[{"count":1,"href":"https:\/\/rosstylepro.com\/pt\/wp-json\/wp\/v2\/pages\/117\/revisions"}],"predecessor-version":[{"id":1560,"href":"https:\/\/rosstylepro.com\/pt\/wp-json\/wp\/v2\/pages\/117\/revisions\/1560"}],"wp:attachment":[{"href":"https:\/\/rosstylepro.com\/pt\/wp-json\/wp\/v2\/media?parent=117"}],"curies":[{"name":"wp","href":"https:\/\/api.w.org\/{rel}","templated":true}]}}