{"id":66,"date":"2024-05-02T12:17:37","date_gmt":"2024-05-02T15:17:37","guid":{"rendered":"https:\/\/rosstylepro.com\/?page_id=66"},"modified":"2025-01-17T16:25:36","modified_gmt":"2025-01-17T16:25:36","slug":"politica-de-privacidad","status":"publish","type":"page","link":"https:\/\/rosstylepro.com\/pt\/politica-de-privacidad\/","title":{"rendered":"pol\u00edtica de Privacidade"},"content":{"rendered":"<p>Sua privacidade \u00e9 importante para n\u00f3s. Na Rosstylepro \u00e9 nossa pol\u00edtica respeitar a sua privacidade em rela\u00e7\u00e3o a qualquer informa\u00e7\u00e3o que possamos coletar no site Rosstylepro e outros sites que possu\u00edmos e operamos.<\/p>\n\n\n\n<p>Solicitamos informa\u00e7\u00f5es pessoais apenas quando realmente precisamos delas para lhe fornecer um servi\u00e7o. Fazemos isso de forma justa e legal, com o seu conhecimento e consentimento. Tamb\u00e9m informamos por que coletamos essas informa\u00e7\u00f5es e como as usaremos.<\/p>\n\n\n\n<p>Apenas retemos as informa\u00e7\u00f5es coletadas enquanto for necess\u00e1rio para fornecer o servi\u00e7o solicitado. Quando armazenamos dados, protegemo-los de formas comercialmente aceit\u00e1veis para evitar perda, roubo, acesso n\u00e3o autorizado, divulga\u00e7\u00e3o, c\u00f3pia, utiliza\u00e7\u00e3o ou modifica\u00e7\u00e3o.<\/p>\n\n\n\n<p>N\u00e3o compartilhamos informa\u00e7\u00f5es de identifica\u00e7\u00e3o pessoal publicamente ou com terceiros, exceto quando exigido por lei.<\/p>\n\n\n\n<p>Nosso site pode conter links para sites externos que n\u00e3o s\u00e3o operados por n\u00f3s. Esteja ciente de que n\u00e3o temos controle sobre o conte\u00fado e as pr\u00e1ticas desses sites e n\u00e3o podemos ser respons\u00e1veis por suas respectivas pol\u00edticas de privacidade.<\/p>\n\n\n\n<p>Voc\u00ea \u00e9 livre para recusar nossa solicita\u00e7\u00e3o de informa\u00e7\u00f5es pessoais, embora observe que talvez n\u00e3o possamos fornecer alguns servi\u00e7os desejados.<\/p>\n\n\n\n<p>O uso continuado do nosso site ser\u00e1 considerado aceita\u00e7\u00e3o de nossas pr\u00e1ticas em rela\u00e7\u00e3o \u00e0 privacidade e informa\u00e7\u00f5es pessoais. Se voc\u00ea tiver alguma d\u00favida sobre como tratamos os dados do usu\u00e1rio e informa\u00e7\u00f5es pessoais, entre em contato conosco.<\/p>\n\n\n\n<h2 class=\"wp-block-heading\">Seguran\u00e7a do site Rosstylepro<\/h2>\n\n\n\n<p>O site \u00e9 confi\u00e1vel e seguro para o usu\u00e1rio, conforme relatado pelo Site Check. A p\u00e1gina verifica as informa\u00e7\u00f5es do site para identificar poss\u00edveis problemas de seguran\u00e7a.<\/p>\n\n\n\n<h2 class=\"wp-block-heading\">Pol\u00edtica de Cookies Rosstylepro<\/h2>\n\n\n\n<p><strong>O que s\u00e3o biscoitos?<\/strong><\/p>\n\n\n\n<p>Como \u00e9 comum em quase todos os websites profissionais, este site utiliza cookies, que s\u00e3o pequenos ficheiros descarregados para o seu computador para melhorar a sua experi\u00eancia. Esta p\u00e1gina descreve quais informa\u00e7\u00f5es eles coletam, como as usamos e por que \u00e0s vezes precisamos armazenar esses cookies. Tamb\u00e9m lhe mostraremos como pode evitar o armazenamento destes cookies, embora isso possa afetar a funcionalidade do site.<\/p>\n\n\n\n<p><strong>Como usamos cookies?<\/strong><\/p>\n\n\n\n<p>Utilizamos cookies por diversos motivos, detalhados abaixo. Infelizmente, na maioria dos casos, n\u00e3o existem op\u00e7\u00f5es padr\u00e3o da ind\u00fastria para desativar cookies sem desativar completamente a funcionalidade e os recursos que eles adicionam a este site. Recomenda-se deixar todos os cookies ativados se voc\u00ea n\u00e3o tiver certeza se precisa deles ou n\u00e3o, caso sejam utilizados para fornecer um servi\u00e7o que voc\u00ea utiliza.<\/p>\n\n\n\n<p><strong>Desativa\u00e7\u00e3o de cookies<\/strong><\/p>\n\n\n\n<p>Voc\u00ea pode impedir a configura\u00e7\u00e3o de cookies ajustando as configura\u00e7\u00f5es do seu navegador (consulte a ajuda do seu navegador para saber como fazer isso). Observe que a desativa\u00e7\u00e3o de cookies afetar\u00e1 a funcionalidade deste e de muitos outros sites que voc\u00ea visita. A desativa\u00e7\u00e3o de cookies geralmente resultar\u00e1 na desativa\u00e7\u00e3o de determinadas funcionalidades e recursos deste site. Portanto, \u00e9 recomendado n\u00e3o desativar os cookies.<\/p>\n\n\n\n<p><strong>Cookies que definimos<\/strong><\/p>\n\n\n\n<ul>\n<li>Cookies relacionados \u00e0 conta<br><br>Se voc\u00ea criar uma conta conosco, usaremos cookies para gerenciar o processo de registro e administra\u00e7\u00e3o geral. Esses cookies geralmente ser\u00e3o exclu\u00eddos quando voc\u00ea sair, mas em alguns casos eles poder\u00e3o permanecer para lembrar as prefer\u00eancias do seu site quando voc\u00ea sair.<\/li>\n\n\n\n<li>Cookies relacionados ao login<br><br>Usamos cookies quando voc\u00ea faz login para lembrar dessa a\u00e7\u00e3o. Isso evita que voc\u00ea tenha que fazer login sempre que visitar uma nova p\u00e1gina. Esses cookies geralmente s\u00e3o exclu\u00eddos quando voc\u00ea sai para garantir que voc\u00ea s\u00f3 possa acessar recursos e \u00e1reas restritas quando estiver conectado.<\/li>\n\n\n\n<li>Cookies relacionados a boletins informativos por e-mail<br><br>Este site oferece servi\u00e7os de assinatura de newsletter ou e-mail e cookies podem ser usados para lembrar se voc\u00ea j\u00e1 est\u00e1 registrado e se devemos exibir determinadas notifica\u00e7\u00f5es v\u00e1lidas apenas para usu\u00e1rios registrados\/n\u00e3o registrados.<\/li>\n\n\n\n<li>Cookies relacionados ao processamento de pedidos<br><br>Este site oferece facilidades de com\u00e9rcio eletr\u00f4nico ou pagamento e alguns cookies s\u00e3o essenciais para garantir que seu pedido seja lembrado entre as p\u00e1ginas para que possamos process\u00e1-lo adequadamente.<\/li>\n\n\n\n<li>Cookies relacionados a pesquisas<br><br>De tempos em tempos, oferecemos pesquisas e question\u00e1rios para fornecer informa\u00e7\u00f5es interessantes, ferramentas \u00fateis ou para entender nossa base de usu\u00e1rios com mais precis\u00e3o. Essas pesquisas podem usar cookies para lembrar quem participou de uma pesquisa ou para fornecer resultados precisos ap\u00f3s mudar de p\u00e1gina.<\/li>\n\n\n\n<li>Cookies relacionados a formul\u00e1rios<br><br>Quando voc\u00ea envia dados por meio de um formul\u00e1rio como os encontrados nas p\u00e1ginas de contato ou nos formul\u00e1rios de coment\u00e1rios, os cookies podem ser configurados para lembrar os detalhes do seu usu\u00e1rio para correspond\u00eancia futura.<\/li>\n\n\n\n<li>Cookies de prefer\u00eancias do site<br><br>Para lhe proporcionar uma experi\u00eancia ideal neste site, fornecemos a funcionalidade para definir suas prefer\u00eancias sobre como este site funciona quando voc\u00ea o utiliza. Para lembrar as suas prefer\u00eancias, precisamos definir cookies para que esta informa\u00e7\u00e3o possa ser chamada cada vez que voc\u00ea interage com uma p\u00e1gina que \u00e9 afetada pelas suas prefer\u00eancias.<\/li>\n<\/ul>\n\n\n\n<h2 class=\"wp-block-heading\">Cookies de terceiros<\/h2>\n\n\n\n<p>Em alguns casos especiais, tamb\u00e9m utilizamos cookies fornecidos por terceiros confi\u00e1veis. A se\u00e7\u00e3o a seguir detalha quais cookies de terceiros voc\u00ea pode encontrar neste site.<\/p>\n\n\n\n<ul>\n<li>Este site usa\u00a0<a href=\"https:\/\/analytics.google.com\/analytics\/web\/#\/p419479084\/reports\/intelligenthome\"><em>Google Analytics<\/em><\/a>, que \u00e9 uma das solu\u00e7\u00f5es de an\u00e1lise da web mais difundidas e confi\u00e1veis, para nos ajudar a entender como voc\u00ea usa o site e como podemos melhorar sua experi\u00eancia. Esses cookies podem rastrear coisas como quanto tempo voc\u00ea passa no site e as p\u00e1ginas visitadas, para que possamos continuar a produzir conte\u00fado envolvente.<\/li>\n<\/ul>\n\n\n\n<p>Para mais informa\u00e7\u00f5es sobre os cookies do Google Analytics, consulte a p\u00e1gina oficial do Google Analytics.<\/p>\n\n\n\n<ul>\n<li>An\u00e1lises de terceiros s\u00e3o usadas para rastrear e medir o uso deste site para que possamos continuar a produzir conte\u00fado envolvente. Esses cookies podem rastrear coisas como o tempo que voc\u00ea passa no site ou as p\u00e1ginas visitadas, o que nos ajuda a entender como podemos melhorar o site para voc\u00ea.<\/li>\n\n\n\n<li>Periodicamente testamos novos recursos e fazemos altera\u00e7\u00f5es sutis na forma como o site \u00e9 apresentado. Quando ainda estamos testando novos recursos, esses cookies podem ser usados para garantir que voc\u00ea receba uma experi\u00eancia consistente enquanto estiver no site, enquanto entendemos quais otimiza\u00e7\u00f5es nossos usu\u00e1rios mais gostam.<\/li>\n\n\n\n<li>Ao vender produtos, \u00e9 importante que compreendamos as estat\u00edsticas sobre quantos visitantes do nosso site realmente compram, portanto este \u00e9 o tipo de dados que estes cookies rastreiam. Isto \u00e9 importante para voc\u00ea, pois significa que podemos fazer previs\u00f5es de neg\u00f3cios precisas, permitindo-nos analisar nossos custos de publicidade e produtos para garantir o melhor pre\u00e7o poss\u00edvel.<\/li>\n<\/ul>\n\n\n\n<h2 class=\"wp-block-heading\">Envolvimento do usu\u00e1rio<\/h2>\n\n\n\n<p>O usu\u00e1rio concorda em fazer uso adequado do conte\u00fado e da informa\u00e7\u00e3o que Rosstyleproof oferece no site, e a t\u00edtulo de exemplo, mas n\u00e3o limitativo:<\/p>\n\n\n\n<ul>\n<li>A) N\u00e3o participar em atividades ilegais ou contr\u00e1rias \u00e0 boa-f\u00e9 e \u00e0 ordem p\u00fablica;<\/li>\n\n\n\n<li>B) N\u00e3o difundir propaganda ou conte\u00fados de car\u00e1cter racista, xen\u00f3fobo, apostas ou jogos de azar, pornografia ilegal, defesa do terrorismo ou contra os direitos humanos;<\/li>\n\n\n\n<li>C) N\u00e3o causar danos aos sistemas f\u00edsicos (hardware) e l\u00f3gicos (software) da Rosstylepro, dos seus fornecedores ou de terceiros, nem introduzir ou difundir v\u00edrus inform\u00e1ticos ou outros sistemas de hardware ou software que possam causar os danos acima mencionados.<\/li>\n<\/ul>\n\n\n\n<h2 class=\"wp-block-heading\">Bloqueio de cookies:<\/h2>\n\n\n\n<p>O usu\u00e1rio pode bloquear e\/ou desativar cookies de qualquer site, inclusive o nosso, a qualquer momento. Para realizar este procedimento, acesse as configura\u00e7\u00f5es do seu navegador. Confira abaixo os guias de ajuda dos principais navegadores:<\/p>\n\n\n\n<ul>\n<li><a href=\"https:\/\/support.google.com\/accounts\/answer\/61416?hl=en\"><em>Google Chrome<\/em><\/a><\/li>\n\n\n\n<li><a href=\"https:\/\/support.mozilla.org\/en-US\/kb\/enhanced-tracking-protection-firefox-desktop?redirectlocale=en-US&amp;redirectslug=enable-and-disable-cookies-website-preferences\"><em>Firefox<\/em><\/a><\/li>\n\n\n\n<li><a href=\"https:\/\/support.microsoft.com\/pt-br\/windows\/excluir-e-gerenciar-cookies-168dab11-0753-043d-7c16-ede5947fc64d\"><em>Microsoft borda<\/em><\/a><\/li>\n\n\n\n<li><a href=\"https:\/\/blogs.opera.com\/news\/2015\/08\/how-to-manage-cookies-in-opera\/\"><em>\u00d3pera<\/em><\/a><\/li>\n\n\n\n<li><a href=\"https:\/\/support.apple.com\/pt-br\/guide\/safari\/sfri11471\/mac\"><em>Saf\u00e1ri<\/em><\/a><\/li>\n<\/ul>\n\n\n\n<h2 class=\"wp-block-heading\">Mais informa\u00e7\u00f5es<\/h2>\n\n\n\n<p>Esperamos que isso esclare\u00e7a suas d\u00favidas e, como mencionado acima, se houver algo que voc\u00ea n\u00e3o tenha certeza se precisa ou n\u00e3o, geralmente \u00e9 mais seguro deixar os cookies ativados caso voc\u00ea interaja com algum dos recursos que utiliza em nosso site.<\/p>\n\n\n\n<p>Esta pol\u00edtica entra em vigor a partir de abr\/2024.<\/p>","protected":false},"excerpt":{"rendered":"<p>Sua privacidade \u00e9 importante para n\u00f3s. Na Rosstylepro, respeitamos sua privacidade em rela\u00e7\u00e3o a qualquer informa\u00e7\u00e3o que possamos coletar no site da Rosstylepro e em outros sites que possu\u00edmos e operamos. Solicitamos informa\u00e7\u00f5es pessoais apenas quando realmente precisamos delas para lhe fornecer um servi\u00e7o. Fazemos isso de forma justa e legal, com o seu consentimento.<\/p>","protected":false},"author":38,"featured_media":0,"parent":0,"menu_order":0,"comment_status":"closed","ping_status":"closed","template":"page-nosidebar.php","meta":{"footnotes":""},"yoast_head":"<!-- This site is optimized with the Yoast SEO plugin v23.3 - https:\/\/yoast.com\/wordpress\/plugins\/seo\/ -->\n<title>Pol\u00edtica de privacidad<\/title>\n<meta name=\"description\" content=\"Pol\u00edtica de privacidad, Tu privacidad es importante para nosotros. En Rosstylepro tenemos la pol\u00edtica de respetar tu privacidad en re...\" \/>\n<meta name=\"robots\" content=\"index, follow, max-snippet:-1, max-image-preview:large, max-video-preview:-1\" \/>\n<link rel=\"canonical\" href=\"https:\/\/rosstylepro.com\/pt\/politica-de-privacidad\/\" \/>\n<meta property=\"og:locale\" content=\"pt_BR\" \/>\n<meta property=\"og:type\" content=\"article\" \/>\n<meta property=\"og:title\" content=\"Pol\u00edtica de privacidad\" \/>\n<meta property=\"og:description\" content=\"Pol\u00edtica de privacidad, Tu privacidad es importante para nosotros. En Rosstylepro tenemos la pol\u00edtica de respetar tu privacidad en re...\" \/>\n<meta property=\"og:url\" content=\"https:\/\/rosstylepro.com\/pt\/politica-de-privacidad\/\" \/>\n<meta property=\"og:site_name\" content=\"RosstylePRO\" \/>\n<meta property=\"article:modified_time\" content=\"2025-01-17T16:25:36+00:00\" \/>\n<meta name=\"twitter:card\" content=\"summary_large_image\" \/>\n<meta name=\"twitter:label1\" content=\"Est. reading time\" \/>\n\t<meta name=\"twitter:data1\" content=\"8 minutos\" \/>\n<script type=\"application\/ld+json\" class=\"yoast-schema-graph\">{\"@context\":\"https:\/\/schema.org\",\"@graph\":[{\"@type\":\"WebPage\",\"@id\":\"https:\/\/rosstylepro.com\/politica-de-privacidad\/\",\"url\":\"https:\/\/rosstylepro.com\/politica-de-privacidad\/\",\"name\":\"Pol\u00edtica de privacidad\",\"isPartOf\":{\"@id\":\"https:\/\/rosstylepro.com\/en\/#website\"},\"datePublished\":\"2024-05-02T15:17:37+00:00\",\"dateModified\":\"2025-01-17T16:25:36+00:00\",\"description\":\"Pol\u00edtica de privacidad, Tu privacidad es importante para nosotros. En Rosstylepro tenemos la pol\u00edtica de respetar tu privacidad en re...\",\"breadcrumb\":{\"@id\":\"https:\/\/rosstylepro.com\/politica-de-privacidad\/#breadcrumb\"},\"inLanguage\":\"pt-BR\",\"potentialAction\":[{\"@type\":\"ReadAction\",\"target\":[\"https:\/\/rosstylepro.com\/politica-de-privacidad\/\"]}]},{\"@type\":\"BreadcrumbList\",\"@id\":\"https:\/\/rosstylepro.com\/politica-de-privacidad\/#breadcrumb\",\"itemListElement\":[{\"@type\":\"ListItem\",\"position\":1,\"name\":\"Home\",\"item\":\"https:\/\/rosstylepro.com\/\"},{\"@type\":\"ListItem\",\"position\":2,\"name\":\"Pol\u00edtica de privacidad\"}]},{\"@type\":\"WebSite\",\"@id\":\"https:\/\/rosstylepro.com\/en\/#website\",\"url\":\"https:\/\/rosstylepro.com\/en\/\",\"name\":\"RosstylePRO\",\"description\":\"\",\"potentialAction\":[{\"@type\":\"SearchAction\",\"target\":{\"@type\":\"EntryPoint\",\"urlTemplate\":\"https:\/\/rosstylepro.com\/en\/?s={search_term_string}\"},\"query-input\":\"required name=search_term_string\"}],\"inLanguage\":\"pt-BR\"}]}<\/script>\n<!-- \/ Yoast SEO plugin. -->","yoast_head_json":{"title":"Pol\u00edtica de privacidad","description":"Pol\u00edtica de privacidad, Tu privacidad es importante para nosotros. En Rosstylepro tenemos la pol\u00edtica de respetar tu privacidad en re...","robots":{"index":"index","follow":"follow","max-snippet":"max-snippet:-1","max-image-preview":"max-image-preview:large","max-video-preview":"max-video-preview:-1"},"canonical":"https:\/\/rosstylepro.com\/pt\/politica-de-privacidad\/","og_locale":"pt_BR","og_type":"article","og_title":"Pol\u00edtica de privacidad","og_description":"Pol\u00edtica de privacidad, Tu privacidad es importante para nosotros. En Rosstylepro tenemos la pol\u00edtica de respetar tu privacidad en re...","og_url":"https:\/\/rosstylepro.com\/pt\/politica-de-privacidad\/","og_site_name":"RosstylePRO","article_modified_time":"2025-01-17T16:25:36+00:00","twitter_card":"summary_large_image","twitter_misc":{"Est. reading time":"8 minutos"},"schema":{"@context":"https:\/\/schema.org","@graph":[{"@type":"WebPage","@id":"https:\/\/rosstylepro.com\/politica-de-privacidad\/","url":"https:\/\/rosstylepro.com\/politica-de-privacidad\/","name":"Pol\u00edtica de privacidad","isPartOf":{"@id":"https:\/\/rosstylepro.com\/en\/#website"},"datePublished":"2024-05-02T15:17:37+00:00","dateModified":"2025-01-17T16:25:36+00:00","description":"Pol\u00edtica de privacidad, Tu privacidad es importante para nosotros. En Rosstylepro tenemos la pol\u00edtica de respetar tu privacidad en re...","breadcrumb":{"@id":"https:\/\/rosstylepro.com\/politica-de-privacidad\/#breadcrumb"},"inLanguage":"pt-BR","potentialAction":[{"@type":"ReadAction","target":["https:\/\/rosstylepro.com\/politica-de-privacidad\/"]}]},{"@type":"BreadcrumbList","@id":"https:\/\/rosstylepro.com\/politica-de-privacidad\/#breadcrumb","itemListElement":[{"@type":"ListItem","position":1,"name":"Home","item":"https:\/\/rosstylepro.com\/"},{"@type":"ListItem","position":2,"name":"Pol\u00edtica de privacidad"}]},{"@type":"WebSite","@id":"https:\/\/rosstylepro.com\/en\/#website","url":"https:\/\/rosstylepro.com\/en\/","name":"RosstylePRO","description":"","potentialAction":[{"@type":"SearchAction","target":{"@type":"EntryPoint","urlTemplate":"https:\/\/rosstylepro.com\/en\/?s={search_term_string}"},"query-input":"required name=search_term_string"}],"inLanguage":"pt-BR"}]}},"_links":{"self":[{"href":"https:\/\/rosstylepro.com\/pt\/wp-json\/wp\/v2\/pages\/66"}],"collection":[{"href":"https:\/\/rosstylepro.com\/pt\/wp-json\/wp\/v2\/pages"}],"about":[{"href":"https:\/\/rosstylepro.com\/pt\/wp-json\/wp\/v2\/types\/page"}],"author":[{"embeddable":true,"href":"https:\/\/rosstylepro.com\/pt\/wp-json\/wp\/v2\/users\/38"}],"replies":[{"embeddable":true,"href":"https:\/\/rosstylepro.com\/pt\/wp-json\/wp\/v2\/comments?post=66"}],"version-history":[{"count":1,"href":"https:\/\/rosstylepro.com\/pt\/wp-json\/wp\/v2\/pages\/66\/revisions"}],"predecessor-version":[{"id":1563,"href":"https:\/\/rosstylepro.com\/pt\/wp-json\/wp\/v2\/pages\/66\/revisions\/1563"}],"wp:attachment":[{"href":"https:\/\/rosstylepro.com\/pt\/wp-json\/wp\/v2\/media?parent=66"}],"curies":[{"name":"wp","href":"https:\/\/api.w.org\/{rel}","templated":true}]}}