{"id":69,"date":"2024-05-02T12:20:15","date_gmt":"2024-05-02T15:20:15","guid":{"rendered":"https:\/\/rosstylepro.com\/?page_id=69"},"modified":"2025-01-17T16:25:36","modified_gmt":"2025-01-17T16:25:36","slug":"politica-de-cookies","status":"publish","type":"page","link":"https:\/\/rosstylepro.com\/pt\/politica-de-cookies\/","title":{"rendered":"Pol\u00edtica de Cookies"},"content":{"rendered":"<p>Rosstylepro usa cookies em seu site rosstylepro.com. Ao aceitar a nossa Pol\u00edtica de Cookies, voc\u00ea concorda com o uso de cookies de acordo com esta pol\u00edtica. Caso n\u00e3o concorde com a utiliza\u00e7\u00e3o de cookies, recomendamos que ajuste as configura\u00e7\u00f5es do seu navegador ou pare de utilizar o nosso site.<\/p>\n\n\n\n<h2 class=\"wp-block-heading\">O que s\u00e3o biscoitos?<\/h2>\n\n\n\n<p>Cookies s\u00e3o pequenos arquivos de texto que um site salva no seu dispositivo quando voc\u00ea o visita. Esses arquivos cont\u00eam informa\u00e7\u00f5es que podem ser recuperadas pelo site para diversos fins, como lembrar suas prefer\u00eancias de idioma, otimizar sua experi\u00eancia de navega\u00e7\u00e3o e coletar informa\u00e7\u00f5es sobre o uso do site.<\/p>\n\n\n\n<h2 class=\"wp-block-heading\">Tipos de cookies usados<\/h2>\n\n\n\n<h3 class=\"wp-block-heading\">Cookies necess\u00e1rios<\/h3>\n\n\n\n<p>Estes cookies s\u00e3o essenciais para o funcionamento do site e n\u00e3o podem ser desativados nos nossos sistemas. Normalmente, eles s\u00e3o definidos apenas em resposta a a\u00e7\u00f5es realizadas por voc\u00ea que equivalem a uma solicita\u00e7\u00e3o de servi\u00e7os, como definir suas prefer\u00eancias de privacidade, fazer login ou preencher formul\u00e1rios.<\/p>\n\n\n\n<h3 class=\"wp-block-heading\">Cookies de desempenho<\/h3>\n\n\n\n<p>Estes cookies ajudam-nos a compreender como os visitantes interagem com o nosso site, fornecendo informa\u00e7\u00f5es sobre as \u00e1reas visitadas, o tempo de perman\u00eancia no site e quaisquer problemas encontrados, como mensagens de erro. Isso nos ajuda a melhorar o desempenho do site e a melhorar a experi\u00eancia do usu\u00e1rio.<\/p>\n\n\n\n<h3 class=\"wp-block-heading\">Cookies de funcionalidade<\/h3>\n\n\n\n<p>Esses cookies permitem que o site se lembre das escolhas que voc\u00ea fez, como nome de usu\u00e1rio, idioma ou regi\u00e3o, e forne\u00e7a recursos aprimorados e mais personalizados. Eles tamb\u00e9m podem ser usados para fornecer servi\u00e7os solicitados, como assistir a um v\u00eddeo ou comentar em um blog.<\/p>\n\n\n\n<h3 class=\"wp-block-heading\">Cookies de publicidade<\/h3>\n\n\n\n<p>Esses cookies s\u00e3o usados para fornecer an\u00fancios mais relevantes para voc\u00ea e seus interesses. Eles tamb\u00e9m s\u00e3o usados para limitar o n\u00famero de vezes que voc\u00ea v\u00ea um an\u00fancio e ajudam a medir a efic\u00e1cia das campanhas publicit\u00e1rias.<\/p>\n\n\n\n<h2 class=\"wp-block-heading\">Gest\u00e3o de Cookies<\/h2>\n\n\n\n<p>Ao aceder ao nosso website pela primeira vez, ser\u00e1 informado sobre a nossa utiliza\u00e7\u00e3o de cookies e ter\u00e1 a op\u00e7\u00e3o de consentir a sua utiliza\u00e7\u00e3o. Voc\u00ea tamb\u00e9m pode controlar e gerenciar cookies nas configura\u00e7\u00f5es do seu navegador. Tenha em aten\u00e7\u00e3o que a desativa\u00e7\u00e3o de certos tipos de cookies pode afetar a funcionalidade do site e a sua experi\u00eancia de utiliza\u00e7\u00e3o.<\/p>\n\n\n\n<h2 class=\"wp-block-heading\">Altera\u00e7\u00f5es nesta Pol\u00edtica<\/h2>\n\n\n\n<p>Poderemos atualizar esta pol\u00edtica de cookies de tempos em tempos para refletir altera\u00e7\u00f5es em nossas pr\u00e1ticas de cookies. Recomendamos que voc\u00ea revise esta pol\u00edtica regularmente para estar ciente de quaisquer altera\u00e7\u00f5es.<\/p>\n\n\n\n<p>Ao continuar a utilizar o nosso site ap\u00f3s estas altera\u00e7\u00f5es, voc\u00ea concorda com o uso de cookies de acordo com a pol\u00edtica revisada.<\/p>\n\n\n\n<h2 class=\"wp-block-heading\">Contato<\/h2>\n\n\n\n<p>Se tiver d\u00favidas sobre a nossa pol\u00edtica de cookies ou sobre a utiliza\u00e7\u00e3o de cookies no nosso site, entre em contacto connosco atrav\u00e9s do email:\u00a0<a>contact@rosstylepro.com<\/a>.<\/p>","protected":false},"excerpt":{"rendered":"<p>A Rosstylepro utiliza cookies em seu site rosstylepro.com. Ao aceitar nossa Pol\u00edtica de Cookies, voc\u00ea concorda com o uso de cookies de acordo com esta pol\u00edtica. Caso n\u00e3o concorde com o uso de cookies, recomendamos que voc\u00ea ajuste as configura\u00e7\u00f5es do seu navegador ou interrompa o uso do nosso site. O que s\u00e3o [\u2026]<\/p>","protected":false},"author":38,"featured_media":0,"parent":0,"menu_order":0,"comment_status":"closed","ping_status":"closed","template":"page-nosidebar.php","meta":{"footnotes":""},"yoast_head":"<!-- This site is optimized with the Yoast SEO plugin v23.3 - https:\/\/yoast.com\/wordpress\/plugins\/seo\/ -->\n<title>Pol\u00edtica de Cookies<\/title>\n<meta name=\"description\" content=\"Pol\u00edtica de Cookies, Rosstylepro utiliza cookies en su sitio web rosstylepro.com. Al aceptar nuestra Pol\u00edtica de Cookies, usted acepta el ...\" \/>\n<meta name=\"robots\" content=\"index, follow, max-snippet:-1, max-image-preview:large, max-video-preview:-1\" \/>\n<link rel=\"canonical\" href=\"https:\/\/rosstylepro.com\/pt\/politica-de-cookies\/\" \/>\n<meta property=\"og:locale\" content=\"pt_BR\" \/>\n<meta property=\"og:type\" content=\"article\" \/>\n<meta property=\"og:title\" content=\"Pol\u00edtica de Cookies\" \/>\n<meta property=\"og:description\" content=\"Pol\u00edtica de Cookies, Rosstylepro utiliza cookies en su sitio web rosstylepro.com. Al aceptar nuestra Pol\u00edtica de Cookies, usted acepta el ...\" \/>\n<meta property=\"og:url\" content=\"https:\/\/rosstylepro.com\/pt\/politica-de-cookies\/\" \/>\n<meta property=\"og:site_name\" content=\"RosstylePRO\" \/>\n<meta property=\"article:modified_time\" content=\"2025-01-17T16:25:36+00:00\" \/>\n<meta name=\"twitter:card\" content=\"summary_large_image\" \/>\n<meta name=\"twitter:label1\" content=\"Est. reading time\" \/>\n\t<meta name=\"twitter:data1\" content=\"3 minutos\" \/>\n<script type=\"application\/ld+json\" class=\"yoast-schema-graph\">{\"@context\":\"https:\/\/schema.org\",\"@graph\":[{\"@type\":\"WebPage\",\"@id\":\"https:\/\/rosstylepro.com\/politica-de-cookies\/\",\"url\":\"https:\/\/rosstylepro.com\/politica-de-cookies\/\",\"name\":\"Pol\u00edtica de Cookies\",\"isPartOf\":{\"@id\":\"https:\/\/rosstylepro.com\/en\/#website\"},\"datePublished\":\"2024-05-02T15:20:15+00:00\",\"dateModified\":\"2025-01-17T16:25:36+00:00\",\"description\":\"Pol\u00edtica de Cookies, Rosstylepro utiliza cookies en su sitio web rosstylepro.com. Al aceptar nuestra Pol\u00edtica de Cookies, usted acepta el ...\",\"breadcrumb\":{\"@id\":\"https:\/\/rosstylepro.com\/politica-de-cookies\/#breadcrumb\"},\"inLanguage\":\"pt-BR\",\"potentialAction\":[{\"@type\":\"ReadAction\",\"target\":[\"https:\/\/rosstylepro.com\/politica-de-cookies\/\"]}]},{\"@type\":\"BreadcrumbList\",\"@id\":\"https:\/\/rosstylepro.com\/politica-de-cookies\/#breadcrumb\",\"itemListElement\":[{\"@type\":\"ListItem\",\"position\":1,\"name\":\"Home\",\"item\":\"https:\/\/rosstylepro.com\/\"},{\"@type\":\"ListItem\",\"position\":2,\"name\":\"Pol\u00edtica de Cookies\"}]},{\"@type\":\"WebSite\",\"@id\":\"https:\/\/rosstylepro.com\/en\/#website\",\"url\":\"https:\/\/rosstylepro.com\/en\/\",\"name\":\"RosstylePRO\",\"description\":\"\",\"potentialAction\":[{\"@type\":\"SearchAction\",\"target\":{\"@type\":\"EntryPoint\",\"urlTemplate\":\"https:\/\/rosstylepro.com\/en\/?s={search_term_string}\"},\"query-input\":\"required name=search_term_string\"}],\"inLanguage\":\"pt-BR\"}]}<\/script>\n<!-- \/ Yoast SEO plugin. -->","yoast_head_json":{"title":"Pol\u00edtica de Cookies","description":"Pol\u00edtica de Cookies, Rosstylepro utiliza cookies en su sitio web rosstylepro.com. Al aceptar nuestra Pol\u00edtica de Cookies, usted acepta el ...","robots":{"index":"index","follow":"follow","max-snippet":"max-snippet:-1","max-image-preview":"max-image-preview:large","max-video-preview":"max-video-preview:-1"},"canonical":"https:\/\/rosstylepro.com\/pt\/politica-de-cookies\/","og_locale":"pt_BR","og_type":"article","og_title":"Pol\u00edtica de Cookies","og_description":"Pol\u00edtica de Cookies, Rosstylepro utiliza cookies en su sitio web rosstylepro.com. Al aceptar nuestra Pol\u00edtica de Cookies, usted acepta el ...","og_url":"https:\/\/rosstylepro.com\/pt\/politica-de-cookies\/","og_site_name":"RosstylePRO","article_modified_time":"2025-01-17T16:25:36+00:00","twitter_card":"summary_large_image","twitter_misc":{"Est. reading time":"3 minutos"},"schema":{"@context":"https:\/\/schema.org","@graph":[{"@type":"WebPage","@id":"https:\/\/rosstylepro.com\/politica-de-cookies\/","url":"https:\/\/rosstylepro.com\/politica-de-cookies\/","name":"Pol\u00edtica de Cookies","isPartOf":{"@id":"https:\/\/rosstylepro.com\/en\/#website"},"datePublished":"2024-05-02T15:20:15+00:00","dateModified":"2025-01-17T16:25:36+00:00","description":"Pol\u00edtica de Cookies, Rosstylepro utiliza cookies en su sitio web rosstylepro.com. Al aceptar nuestra Pol\u00edtica de Cookies, usted acepta el ...","breadcrumb":{"@id":"https:\/\/rosstylepro.com\/politica-de-cookies\/#breadcrumb"},"inLanguage":"pt-BR","potentialAction":[{"@type":"ReadAction","target":["https:\/\/rosstylepro.com\/politica-de-cookies\/"]}]},{"@type":"BreadcrumbList","@id":"https:\/\/rosstylepro.com\/politica-de-cookies\/#breadcrumb","itemListElement":[{"@type":"ListItem","position":1,"name":"Home","item":"https:\/\/rosstylepro.com\/"},{"@type":"ListItem","position":2,"name":"Pol\u00edtica de Cookies"}]},{"@type":"WebSite","@id":"https:\/\/rosstylepro.com\/en\/#website","url":"https:\/\/rosstylepro.com\/en\/","name":"RosstylePRO","description":"","potentialAction":[{"@type":"SearchAction","target":{"@type":"EntryPoint","urlTemplate":"https:\/\/rosstylepro.com\/en\/?s={search_term_string}"},"query-input":"required name=search_term_string"}],"inLanguage":"pt-BR"}]}},"_links":{"self":[{"href":"https:\/\/rosstylepro.com\/pt\/wp-json\/wp\/v2\/pages\/69"}],"collection":[{"href":"https:\/\/rosstylepro.com\/pt\/wp-json\/wp\/v2\/pages"}],"about":[{"href":"https:\/\/rosstylepro.com\/pt\/wp-json\/wp\/v2\/types\/page"}],"author":[{"embeddable":true,"href":"https:\/\/rosstylepro.com\/pt\/wp-json\/wp\/v2\/users\/38"}],"replies":[{"embeddable":true,"href":"https:\/\/rosstylepro.com\/pt\/wp-json\/wp\/v2\/comments?post=69"}],"version-history":[{"count":1,"href":"https:\/\/rosstylepro.com\/pt\/wp-json\/wp\/v2\/pages\/69\/revisions"}],"predecessor-version":[{"id":1562,"href":"https:\/\/rosstylepro.com\/pt\/wp-json\/wp\/v2\/pages\/69\/revisions\/1562"}],"wp:attachment":[{"href":"https:\/\/rosstylepro.com\/pt\/wp-json\/wp\/v2\/media?parent=69"}],"curies":[{"name":"wp","href":"https:\/\/api.w.org\/{rel}","templated":true}]}}