{"id":71,"date":"2024-05-02T12:36:23","date_gmt":"2024-05-02T15:36:23","guid":{"rendered":"https:\/\/rosstylepro.com\/?page_id=71"},"modified":"2025-01-17T16:25:36","modified_gmt":"2025-01-17T16:25:36","slug":"sobre-nosotros","status":"publish","type":"page","link":"https:\/\/rosstylepro.com\/pt\/sobre-nosotros\/","title":{"rendered":"Sobre n\u00f3s"},"content":{"rendered":"<p><br>Bem-vindo ao Rosstylepro, um espa\u00e7o digital concebido para celebrar a curiosidade, explorar a inova\u00e7\u00e3o e partilhar experi\u00eancias \u00fanicas no vasto mundo da tecnologia e do entretenimento. Fundada por Kirito e New, juntamente com uma equipa de mais de 10 colaboradores dedicados, a Rosstylepro surgiu da necessidade de express\u00e3o e da paix\u00e3o por descobrir novos horizontes na intersec\u00e7\u00e3o entre tecnologia e narrativas imersivas.<\/p>\n\n\n\n<h3 class=\"wp-block-heading\">Nossa Hist\u00f3ria e Objetivo<\/h3>\n\n\n\n<p>Tudo come\u00e7ou com a simples ideia de fornecer uma plataforma onde a curiosidade pudesse florescer. Com o tempo, percebemos que n\u00e3o se tratava apenas de apresentar aplica\u00e7\u00f5es ou tecnologias, mas de contar hist\u00f3rias envolventes que inspirassem nossos leitores. Assim, nossa miss\u00e3o foi formada: contar hist\u00f3rias, apresentar inova\u00e7\u00f5es e compartilhar experi\u00eancias significativas com uma comunidade vibrante e engajada.<\/p>\n\n\n\n<h3 class=\"wp-block-heading\">A alma de Rosstylepro: nossa comunidade<\/h3>\n\n\n\n<p>Reconhecemos que Rosstylepro n\u00e3o seria o que \u00e9 sem a nossa comunidade. Valorizamos cada integrante e buscamos criar um ambiente inclusivo e colaborativo, onde todos possam compartilhar ideias, opini\u00f5es e descobertas. A intera\u00e7\u00e3o constante com a nossa comunidade nos ajuda a manter a relev\u00e2ncia e a qualidade do conte\u00fado que oferecemos.<\/p>\n\n\n\n<h3 class=\"wp-block-heading\">Descobrindo Novos Horizontes: Tecnologia e Entretenimento<\/h3>\n\n\n\n<p>\u00c0 medida que a Rosstylepro cresce, tamb\u00e9m procuramos influenciar positivamente a ind\u00fastria da tecnologia e do entretenimento. Estamos constantemente em busca de novas formas de apresentar conte\u00fados inovadores e inspiradores, al\u00e9m de promover o desenvolvimento de aplicativos e tecnologias que melhorem a vida das pessoas.<\/p>\n\n\n\n<h3 class=\"wp-block-heading\">Nosso compromisso com a qualidade<\/h3>\n\n\n\n<p>A qualidade \u00e9 fundamental na Rosstylepro. Para garantir a excel\u00eancia em nosso conte\u00fado, contamos com uma equipe de colaboradores dedicados e experientes. Realizamos pesquisas completas e apresentamos apenas o que realmente usamos e acreditamos ser relevante e \u00fatil para nossa comunidade.<\/p>\n\n\n\n<h3 class=\"wp-block-heading\">O que voc\u00ea encontra na Rosstylepro<\/h3>\n\n\n\n<p>Em nosso site, oferecemos uma ampla gama de conte\u00fados para todos os interesses. Desde an\u00e1lises aprofundadas de aplicativos at\u00e9 informa\u00e7\u00f5es t\u00e9cnicas, nosso objetivo \u00e9 fornecer uma experi\u00eancia abrangente que vai al\u00e9m de simples informa\u00e7\u00f5es t\u00e9cnicas. Cada artigo ou an\u00e1lise \u00e9 acompanhado por uma narrativa envolvente para tornar a experi\u00eancia de leitura ainda mais cativante.<\/p>\n\n\n\n<h3 class=\"wp-block-heading\">Entretenimento e conhecimento em um s\u00f3 lugar<\/h3>\n\n\n\n<p>Acreditamos que entretenimento e conhecimento podem andar de m\u00e3os dadas na Rosstylepro. Por isso, al\u00e9m de an\u00e1lises e informa\u00e7\u00f5es t\u00e9cnicas, oferecemos tamb\u00e9m conte\u00fados voltados ao entretenimento e ao lado humano da tecnologia. Queremos inspirar, informar e entreter nossos leitores de todas as maneiras poss\u00edveis.<\/p>\n\n\n\n<h3 class=\"wp-block-heading\">O futuro da Rosstylepro<\/h3>\n\n\n\n<p>O futuro da Rosstylepro \u00e9 emocionante e cheio de possibilidades. Estamos sempre em busca de novas formas de inovar e oferecer uma experi\u00eancia ainda melhor para nossa comunidade. Planejamos expandir nosso conte\u00fado, explorar novos temas e continuar sendo uma fonte confi\u00e1vel de informa\u00e7\u00e3o e entretenimento para todos os apaixonados por tecnologia.<\/p>\n\n\n\n<h3 class=\"wp-block-heading\">Contacte-nos e junte-se \u00e0 aventura<\/h3>\n\n\n\n<p>Valorizamos muito os coment\u00e1rios, sugest\u00f5es e ideias da nossa comunidade. Se voc\u00ea tiver alguma d\u00favida, coment\u00e1rio ou quiser compartilhar sua experi\u00eancia conosco, n\u00e3o hesite em entrar em contato. A sua opini\u00e3o \u00e9 crucial para n\u00f3s!<\/p>\n\n\n\n<p>Agradecemos por voc\u00ea fazer parte da aventura Rosstylepro. Juntos, exploramos novos horizontes, celebramos a curiosidade e a inova\u00e7\u00e3o e continuamos a inspirar-nos uns aos outros nesta emocionante jornada tecnol\u00f3gica e humana.<\/p>","protected":false},"excerpt":{"rendered":"<p>Bem-vindo ao Rosstylepro, um espa\u00e7o digital criado para celebrar a curiosidade, explorar a inova\u00e7\u00e3o e compartilhar experi\u00eancias \u00fanicas no vasto mundo da tecnologia e do entretenimento. Fundado por Kirito e New, juntamente com uma equipe de mais de 10 colaboradores dedicados, o Rosstylepro nasceu da necessidade de express\u00e3o e da paix\u00e3o por [\u2026]<\/p>","protected":false},"author":38,"featured_media":0,"parent":0,"menu_order":0,"comment_status":"closed","ping_status":"closed","template":"page-nosidebar.php","meta":{"footnotes":""},"yoast_head":"<!-- This site is optimized with the Yoast SEO plugin v23.3 - https:\/\/yoast.com\/wordpress\/plugins\/seo\/ -->\n<title>Sobre Nosotros - RosstylePRO<\/title>\n<meta name=\"robots\" content=\"index, follow, max-snippet:-1, max-image-preview:large, max-video-preview:-1\" \/>\n<link rel=\"canonical\" href=\"https:\/\/rosstylepro.com\/pt\/sobre-nosotros\/\" \/>\n<meta property=\"og:locale\" content=\"pt_BR\" \/>\n<meta property=\"og:type\" content=\"article\" \/>\n<meta property=\"og:title\" content=\"Sobre Nosotros - RosstylePRO\" \/>\n<meta property=\"og:description\" content=\"Bienvenidos a Rosstylepro, un espacio digital dise\u00f1ado para celebrar la curiosidad, explorar la innovaci\u00f3n y compartir experiencias \u00fanicas en el vasto mundo de la tecnolog\u00eda y el entretenimiento. Fundado por Kirito y New, junto con un equipo de m\u00e1s de 10 colaboradores dedicados, Rosstylepro surgi\u00f3 de la necesidad de expresi\u00f3n y de la pasi\u00f3n por [&hellip;]\" \/>\n<meta property=\"og:url\" content=\"https:\/\/rosstylepro.com\/pt\/sobre-nosotros\/\" \/>\n<meta property=\"og:site_name\" content=\"RosstylePRO\" \/>\n<meta property=\"article:modified_time\" content=\"2025-01-17T16:25:36+00:00\" \/>\n<meta name=\"twitter:card\" content=\"summary_large_image\" \/>\n<meta name=\"twitter:label1\" content=\"Est. reading time\" \/>\n\t<meta name=\"twitter:data1\" content=\"3 minutos\" \/>\n<script type=\"application\/ld+json\" class=\"yoast-schema-graph\">{\"@context\":\"https:\/\/schema.org\",\"@graph\":[{\"@type\":\"WebPage\",\"@id\":\"https:\/\/rosstylepro.com\/sobre-nosotros\/\",\"url\":\"https:\/\/rosstylepro.com\/sobre-nosotros\/\",\"name\":\"Sobre Nosotros - RosstylePRO\",\"isPartOf\":{\"@id\":\"https:\/\/rosstylepro.com\/en\/#website\"},\"datePublished\":\"2024-05-02T15:36:23+00:00\",\"dateModified\":\"2025-01-17T16:25:36+00:00\",\"breadcrumb\":{\"@id\":\"https:\/\/rosstylepro.com\/sobre-nosotros\/#breadcrumb\"},\"inLanguage\":\"pt-BR\",\"potentialAction\":[{\"@type\":\"ReadAction\",\"target\":[\"https:\/\/rosstylepro.com\/sobre-nosotros\/\"]}]},{\"@type\":\"BreadcrumbList\",\"@id\":\"https:\/\/rosstylepro.com\/sobre-nosotros\/#breadcrumb\",\"itemListElement\":[{\"@type\":\"ListItem\",\"position\":1,\"name\":\"Home\",\"item\":\"https:\/\/rosstylepro.com\/\"},{\"@type\":\"ListItem\",\"position\":2,\"name\":\"Sobre Nosotros\"}]},{\"@type\":\"WebSite\",\"@id\":\"https:\/\/rosstylepro.com\/en\/#website\",\"url\":\"https:\/\/rosstylepro.com\/en\/\",\"name\":\"RosstylePRO\",\"description\":\"\",\"potentialAction\":[{\"@type\":\"SearchAction\",\"target\":{\"@type\":\"EntryPoint\",\"urlTemplate\":\"https:\/\/rosstylepro.com\/en\/?s={search_term_string}\"},\"query-input\":\"required name=search_term_string\"}],\"inLanguage\":\"pt-BR\"}]}<\/script>\n<!-- \/ Yoast SEO plugin. -->","yoast_head_json":{"title":"Sobre Nosotros - RosstylePRO","robots":{"index":"index","follow":"follow","max-snippet":"max-snippet:-1","max-image-preview":"max-image-preview:large","max-video-preview":"max-video-preview:-1"},"canonical":"https:\/\/rosstylepro.com\/pt\/sobre-nosotros\/","og_locale":"pt_BR","og_type":"article","og_title":"Sobre Nosotros - RosstylePRO","og_description":"Bienvenidos a Rosstylepro, un espacio digital dise\u00f1ado para celebrar la curiosidad, explorar la innovaci\u00f3n y compartir experiencias \u00fanicas en el vasto mundo de la tecnolog\u00eda y el entretenimiento. Fundado por Kirito y New, junto con un equipo de m\u00e1s de 10 colaboradores dedicados, Rosstylepro surgi\u00f3 de la necesidad de expresi\u00f3n y de la pasi\u00f3n por [&hellip;]","og_url":"https:\/\/rosstylepro.com\/pt\/sobre-nosotros\/","og_site_name":"RosstylePRO","article_modified_time":"2025-01-17T16:25:36+00:00","twitter_card":"summary_large_image","twitter_misc":{"Est. reading time":"3 minutos"},"schema":{"@context":"https:\/\/schema.org","@graph":[{"@type":"WebPage","@id":"https:\/\/rosstylepro.com\/sobre-nosotros\/","url":"https:\/\/rosstylepro.com\/sobre-nosotros\/","name":"Sobre Nosotros - RosstylePRO","isPartOf":{"@id":"https:\/\/rosstylepro.com\/en\/#website"},"datePublished":"2024-05-02T15:36:23+00:00","dateModified":"2025-01-17T16:25:36+00:00","breadcrumb":{"@id":"https:\/\/rosstylepro.com\/sobre-nosotros\/#breadcrumb"},"inLanguage":"pt-BR","potentialAction":[{"@type":"ReadAction","target":["https:\/\/rosstylepro.com\/sobre-nosotros\/"]}]},{"@type":"BreadcrumbList","@id":"https:\/\/rosstylepro.com\/sobre-nosotros\/#breadcrumb","itemListElement":[{"@type":"ListItem","position":1,"name":"Home","item":"https:\/\/rosstylepro.com\/"},{"@type":"ListItem","position":2,"name":"Sobre Nosotros"}]},{"@type":"WebSite","@id":"https:\/\/rosstylepro.com\/en\/#website","url":"https:\/\/rosstylepro.com\/en\/","name":"RosstylePRO","description":"","potentialAction":[{"@type":"SearchAction","target":{"@type":"EntryPoint","urlTemplate":"https:\/\/rosstylepro.com\/en\/?s={search_term_string}"},"query-input":"required name=search_term_string"}],"inLanguage":"pt-BR"}]}},"_links":{"self":[{"href":"https:\/\/rosstylepro.com\/pt\/wp-json\/wp\/v2\/pages\/71"}],"collection":[{"href":"https:\/\/rosstylepro.com\/pt\/wp-json\/wp\/v2\/pages"}],"about":[{"href":"https:\/\/rosstylepro.com\/pt\/wp-json\/wp\/v2\/types\/page"}],"author":[{"embeddable":true,"href":"https:\/\/rosstylepro.com\/pt\/wp-json\/wp\/v2\/users\/38"}],"replies":[{"embeddable":true,"href":"https:\/\/rosstylepro.com\/pt\/wp-json\/wp\/v2\/comments?post=71"}],"version-history":[{"count":1,"href":"https:\/\/rosstylepro.com\/pt\/wp-json\/wp\/v2\/pages\/71\/revisions"}],"predecessor-version":[{"id":1564,"href":"https:\/\/rosstylepro.com\/pt\/wp-json\/wp\/v2\/pages\/71\/revisions\/1564"}],"wp:attachment":[{"href":"https:\/\/rosstylepro.com\/pt\/wp-json\/wp\/v2\/media?parent=71"}],"curies":[{"name":"wp","href":"https:\/\/api.w.org\/{rel}","templated":true}]}}