{"id":117,"date":"2024-05-03T12:02:42","date_gmt":"2024-05-03T15:02:42","guid":{"rendered":"https:\/\/rosstylepro.com\/?page_id=117"},"modified":"2025-01-17T16:25:35","modified_gmt":"2025-01-17T16:25:35","slug":"condiciones-de-uso","status":"publish","type":"page","link":"https:\/\/rosstylepro.com\/ro\/condiciones-de-uso\/","title":{"rendered":"Termeni de utilizare"},"content":{"rendered":"<h2 class=\"wp-block-heading\">1. Condi\u021bii generale<\/h2>\n\n\n\n<p>Prin accesarea site-ului web al <a href=\"https:\/\/rosstylepro.com\/ro\/\">Rosstylepro<\/a> Sunte\u021bi de acord s\u0103 respecta\u021bi ace\u0219ti Termeni \u0219i condi\u021bii, toate legile \u0219i reglement\u0103rile aplicabile \u0219i sunte\u021bi de acord c\u0103 sunte\u021bi responsabil pentru respectarea oric\u0103ror legi locale aplicabile. Dac\u0103 nu sunte\u021bi de acord cu oricare dintre ace\u0219ti termeni, v\u0103 este interzis\u0103 utilizarea sau accesarea acestui site. Materialele con\u021binute pe acest site sunt protejate de legile aplicabile privind drepturile de autor \u0219i m\u0103rcile comerciale.<\/p>\n\n\n\n<h2 class=\"wp-block-heading\">2. Licen\u021b\u0103 de utilizare<\/h2>\n\n\n\n<p>Se acord\u0103 permisiunea de a desc\u0103rca temporar o copie a materialelor (informa\u021bii sau software) de pe site-ul web al\u00a0<a href=\"https:\/\/curioiogo.com\/\"><\/a><a href=\"https:\/\/rosstylepro.com\/ro\/\">Rosstylepro<\/a> Doar pentru uz personal, necomercial \u0219i tranzitoriu. Aceasta este acordarea unei licen\u021be, nu un transfer de titlu, iar \u00een baza acestei licen\u021be nu ave\u021bi dreptul<\/p>\n\n\n\n<ol class=\"wp-block-list\">\n<li>a modifica sau copia materialele;<\/li>\n\n\n\n<li>a utiliza materialele \u00een scopuri comerciale sau pentru afi\u0219are public\u0103 (comercial\u0103 sau necomercial\u0103);<\/li>\n\n\n\n<li>\u00eencercarea de a decompila sau de a inversa ingineria oric\u0103rui software con\u021binut pe Site\u00a0<a href=\"https:\/\/rosstylepro.com\/ro\/\">Rosstylepro<\/a>;<\/li>\n\n\n\n<li>a elimina orice men\u021biuni privind drepturile de autor sau alte men\u021biuni privind proprietatea din materiale; sau<\/li>\n\n\n\n<li>transfera materialele c\u0103tre o alt\u0103 persoan\u0103 sau \u201eoglindi\u201d materialele pe orice alt server.<\/li>\n<\/ol>\n\n\n\n<p>Aceast\u0103 licen\u021b\u0103 va \u00eenceta automat dac\u0103 \u00eenc\u0103lca\u021bi oricare dintre aceste restric\u021bii \u0219i poate fi reziliat\u0103 de c\u0103tre\u00a0<a href=\"https:\/\/curioiogo.com\/\"><\/a><a href=\"https:\/\/rosstylepro.com\/ro\/\">Rosstylepro<\/a> oric\u00e2nd. C\u00e2nd \u00eenceta\u021bi s\u0103 vizualiza\u021bi aceste materiale sau c\u00e2nd aceast\u0103 licen\u021b\u0103 expir\u0103, trebuie s\u0103 \u0219terge\u021bi toate materialele desc\u0103rcate pe care le de\u021bine\u021bi, fie \u00een format electronic, fie tip\u0103rit.<\/p>\n\n\n\n<h2 class=\"wp-block-heading\">3. Declinarea responsabilit\u0103\u021bii<\/h2>\n\n\n\n<p>Materialele de pe site-ul web al\u00a0<a href=\"https:\/\/curioiogo.com\/\"><\/a><a href=\"https:\/\/rosstylepro.com\/ro\/\">Rosstylepro<\/a> sunt furnizate \u201eca atare\u201d.\u00a0<a href=\"https:\/\/curioiogo.com\/\"><\/a>Rosstylepro nu ofer\u0103 nicio garan\u021bie, expres\u0103 sau implicit\u0103, \u0219i prin prezenta declin\u0103 \u0219i neag\u0103 toate celelalte garan\u021bii, inclusiv, f\u0103r\u0103 limitare, garan\u021biile implicite sau condi\u021biile de vandabilitate, adecvare pentru un anumit scop sau ne\u00eenc\u0103lcare a propriet\u0103\u021bii intelectuale sau alte \u00eenc\u0103lc\u0103ri ale drepturilor.<\/p>\n\n\n\n<p>\u00cen plus,\u00a0<a href=\"https:\/\/rosstylepro.com\/ro\/\">Rosstylepro<\/a> nu garanteaz\u0103 \u0219i nu face nicio declara\u021bie cu privire la exactitatea, rezultatele probabile sau fiabilitatea utiliz\u0103rii materialelor de pe site-ul s\u0103u web sau \u00een leg\u0103tur\u0103 cu astfel de materiale sau de pe orice site-uri legate de acest site.<\/p>\n\n\n\n<h2 class=\"wp-block-heading\">4. Limit\u0103ri<\/h2>\n\n\n\n<p>\u00cen niciun caz\u00a0<a href=\"https:\/\/curioiogo.com\/\"><\/a><a href=\"https:\/\/rosstylepro.com\/ro\/\">Rosstylepro<\/a> sau furnizorii s\u0103i vor fi r\u0103spunz\u0103tori pentru orice daune (inclusiv, f\u0103r\u0103 limitare, daune pentru pierderea de date sau profit sau din cauza \u00eentreruperii activit\u0103\u021bii) care decurg din utilizarea sau incapacitatea de a utiliza materialele de pe\u00a0<a href=\"http:\/\/tekamaster.com\/\"><\/a><a href=\"https:\/\/curioiogo.com\/\"><\/a><a href=\"https:\/\/rosstylepre.com\/\"><\/a><a href=\"https:\/\/rosstylepro.com\/ro\/\"><\/a><a href=\"https:\/\/rosstylepro.com\/ro\/\">Rosstylepro<\/a>, chiar dac\u0103\u00a0<a href=\"https:\/\/rosstylepro.com\/ro\/\">Rosstylepro<\/a> sau un reprezentant autorizat al\u00a0<a href=\"https:\/\/rosstylepro.com\/ro\/\">Rosstylepro<\/a> a fost notificat verbal sau \u00een scris cu privire la posibilitatea unor astfel de daune. Deoarece unele jurisdic\u021bii nu permit limit\u0103ri ale garan\u021biilor implicite sau limit\u0103ri ale r\u0103spunderii pentru daune indirecte sau incidentale, este posibil ca aceste limit\u0103ri s\u0103 nu vi se aplice.<\/p>\n\n\n\n<h2 class=\"wp-block-heading\">5. Precizia materialelor<\/h2>\n\n\n\n<p>Materialele care apar pe site-ul web al\u00a0<a href=\"https:\/\/rosstylepro.com\/ro\/\">Rosstylepro<\/a> poate include erori tehnice, tipografice sau fotografice.\u00a0<a href=\"https:\/\/rosstylepro.com\/ro\/\">Rosstylepro<\/a> nu garanteaz\u0103 c\u0103 materialele de pe site-ul s\u0103u web sunt corecte, complete sau actuale.\u00a0<a href=\"https:\/\/rosstylepro.com\/ro\/\">Rosstylepro<\/a> poate modifica materialele con\u021binute pe site-ul s\u0103u web \u00een orice moment, f\u0103r\u0103 notificare prealabil\u0103. Cu toate acestea,\u00a0<a href=\"https:\/\/rosstylepro.com\/ro\/\">Rosstylepro<\/a> nu \u00ee\u0219i asum\u0103 niciun angajament de a actualiza materialele.<\/p>\n\n\n\n<h2 class=\"wp-block-heading\">6. Linkuri<\/h2>\n\n\n\n<p><a href=\"https:\/\/rosstylepro.com\/ro\/\">Rosstylepro<\/a> nu a verificat toate site-urile la care se face trimitere c\u0103tre site-ul s\u0103u web \u0219i nu este responsabil pentru con\u021binutul acestor site-uri. Includerea oric\u0103rui link nu implic\u0103 aprobarea site-ului de c\u0103tre\u00a0<a href=\"http:\/\/tekamaster.com\/\"><\/a><a href=\"https:\/\/curioiogo.com\/\"><\/a><a href=\"https:\/\/rosstylepre.com\/\"><\/a><a href=\"https:\/\/rosstylepro.com\/ro\/\"><\/a><a href=\"https:\/\/rosstylepro.com\/ro\/\">Rosstylepro<\/a>Utilizarea oric\u0103rui site linkat se face pe propriul risc al utilizatorului.<\/p>\n\n\n\n<h3 class=\"wp-block-heading\">Modific\u0103ri<\/h3>\n\n\n\n<p><a href=\"https:\/\/rosstylepro.com\/ro\/\">Rosstylepro<\/a> \u00ee\u0219i rezerv\u0103 dreptul de a revizui ace\u0219ti termeni \u0219i condi\u021bii pentru site-ul s\u0103u web \u00een orice moment, f\u0103r\u0103 notificare prealabil\u0103. Prin utilizarea acestui site, sunte\u021bi de acord s\u0103 respecta\u021bi versiunea actual\u0103 a acestor termeni \u0219i condi\u021bii.<\/p>\n\n\n\n<h3 class=\"wp-block-heading\">Legisla\u021bia aplicabil\u0103<\/h3>\n\n\n\n<p>Ace\u0219ti termeni \u0219i condi\u021bii sunt guverna\u021bi \u0219i interpreta\u021bi \u00een conformitate cu legile din\u00a0<a href=\"https:\/\/rosstylepro.com\/ro\/\">Rosstylepro<\/a> \u0219i v\u0103 supune\u021bi \u00een mod irevocabil jurisdic\u021biei exclusive a instan\u021belor din statul sau localitatea respectiv\u0103.<\/p>","protected":false},"excerpt":{"rendered":"<p>1. Termeni \u0219i condi\u021bii generale Prin accesarea site-ului web Rosstylepro, sunte\u021bi de acord s\u0103 respecta\u021bi ace\u0219ti Termeni \u0219i condi\u021bii, toate legile \u0219i reglement\u0103rile aplicabile \u0219i sunte\u021bi de acord c\u0103 sunte\u021bi responsabil pentru respectarea oric\u0103ror legi locale aplicabile. Dac\u0103 nu sunte\u021bi de acord cu oricare dintre ace\u0219ti termeni \u0219i condi\u021bii, vi se interzice utilizarea sau accesarea site-ului web.<\/p>","protected":false},"author":38,"featured_media":0,"parent":0,"menu_order":0,"comment_status":"closed","ping_status":"closed","template":"page-nosidebar.php","meta":{"footnotes":""},"yoast_head":"<!-- This site is optimized with the Yoast SEO plugin v23.3 - https:\/\/yoast.com\/wordpress\/plugins\/seo\/ -->\n<title>Condiciones de uso - RosstylePRO<\/title>\n<meta name=\"robots\" content=\"index, follow, max-snippet:-1, max-image-preview:large, max-video-preview:-1\" \/>\n<link rel=\"canonical\" href=\"https:\/\/rosstylepro.com\/ro\/condiciones-de-uso\/\" \/>\n<meta property=\"og:locale\" content=\"ro_RO\" \/>\n<meta property=\"og:type\" content=\"article\" \/>\n<meta property=\"og:title\" content=\"Condiciones de uso - RosstylePRO\" \/>\n<meta property=\"og:description\" content=\"1.Condiciones generales Al acceder al sitio web de Rosstylepro usted acepta quedar vinculado por estas condiciones de servicio, todas las leyes y reglamentos aplicables, y acepta que es responsable del cumplimiento de cualquier ley local aplicable. Si usted no est\u00e1 de acuerdo con cualquiera de estos t\u00e9rminos, se le proh\u00edbe el uso o acceso a [&hellip;]\" \/>\n<meta property=\"og:url\" content=\"https:\/\/rosstylepro.com\/ro\/condiciones-de-uso\/\" \/>\n<meta property=\"og:site_name\" content=\"RosstylePRO\" \/>\n<meta property=\"article:modified_time\" content=\"2025-01-17T16:25:35+00:00\" \/>\n<meta name=\"twitter:card\" content=\"summary_large_image\" \/>\n<meta name=\"twitter:label1\" content=\"Est. reading time\" \/>\n\t<meta name=\"twitter:data1\" content=\"4 minute\" \/>\n<script type=\"application\/ld+json\" class=\"yoast-schema-graph\">{\"@context\":\"https:\/\/schema.org\",\"@graph\":[{\"@type\":\"WebPage\",\"@id\":\"https:\/\/rosstylepro.com\/condiciones-de-uso\/\",\"url\":\"https:\/\/rosstylepro.com\/condiciones-de-uso\/\",\"name\":\"Condiciones de uso - RosstylePRO\",\"isPartOf\":{\"@id\":\"https:\/\/rosstylepro.com\/en\/#website\"},\"datePublished\":\"2024-05-03T15:02:42+00:00\",\"dateModified\":\"2025-01-17T16:25:35+00:00\",\"breadcrumb\":{\"@id\":\"https:\/\/rosstylepro.com\/condiciones-de-uso\/#breadcrumb\"},\"inLanguage\":\"ro-RO\",\"potentialAction\":[{\"@type\":\"ReadAction\",\"target\":[\"https:\/\/rosstylepro.com\/condiciones-de-uso\/\"]}]},{\"@type\":\"BreadcrumbList\",\"@id\":\"https:\/\/rosstylepro.com\/condiciones-de-uso\/#breadcrumb\",\"itemListElement\":[{\"@type\":\"ListItem\",\"position\":1,\"name\":\"Home\",\"item\":\"https:\/\/rosstylepro.com\/\"},{\"@type\":\"ListItem\",\"position\":2,\"name\":\"Condiciones de uso\"}]},{\"@type\":\"WebSite\",\"@id\":\"https:\/\/rosstylepro.com\/en\/#website\",\"url\":\"https:\/\/rosstylepro.com\/en\/\",\"name\":\"RosstylePRO\",\"description\":\"\",\"potentialAction\":[{\"@type\":\"SearchAction\",\"target\":{\"@type\":\"EntryPoint\",\"urlTemplate\":\"https:\/\/rosstylepro.com\/en\/?s={search_term_string}\"},\"query-input\":\"required name=search_term_string\"}],\"inLanguage\":\"ro-RO\"}]}<\/script>\n<!-- \/ Yoast SEO plugin. -->","yoast_head_json":{"title":"Condiciones de uso - RosstylePRO","robots":{"index":"index","follow":"follow","max-snippet":"max-snippet:-1","max-image-preview":"max-image-preview:large","max-video-preview":"max-video-preview:-1"},"canonical":"https:\/\/rosstylepro.com\/ro\/condiciones-de-uso\/","og_locale":"ro_RO","og_type":"article","og_title":"Condiciones de uso - RosstylePRO","og_description":"1.Condiciones generales Al acceder al sitio web de Rosstylepro usted acepta quedar vinculado por estas condiciones de servicio, todas las leyes y reglamentos aplicables, y acepta que es responsable del cumplimiento de cualquier ley local aplicable. Si usted no est\u00e1 de acuerdo con cualquiera de estos t\u00e9rminos, se le proh\u00edbe el uso o acceso a [&hellip;]","og_url":"https:\/\/rosstylepro.com\/ro\/condiciones-de-uso\/","og_site_name":"RosstylePRO","article_modified_time":"2025-01-17T16:25:35+00:00","twitter_card":"summary_large_image","twitter_misc":{"Est. reading time":"4 minute"},"schema":{"@context":"https:\/\/schema.org","@graph":[{"@type":"WebPage","@id":"https:\/\/rosstylepro.com\/condiciones-de-uso\/","url":"https:\/\/rosstylepro.com\/condiciones-de-uso\/","name":"Condiciones de uso - RosstylePRO","isPartOf":{"@id":"https:\/\/rosstylepro.com\/en\/#website"},"datePublished":"2024-05-03T15:02:42+00:00","dateModified":"2025-01-17T16:25:35+00:00","breadcrumb":{"@id":"https:\/\/rosstylepro.com\/condiciones-de-uso\/#breadcrumb"},"inLanguage":"ro-RO","potentialAction":[{"@type":"ReadAction","target":["https:\/\/rosstylepro.com\/condiciones-de-uso\/"]}]},{"@type":"BreadcrumbList","@id":"https:\/\/rosstylepro.com\/condiciones-de-uso\/#breadcrumb","itemListElement":[{"@type":"ListItem","position":1,"name":"Home","item":"https:\/\/rosstylepro.com\/"},{"@type":"ListItem","position":2,"name":"Condiciones de uso"}]},{"@type":"WebSite","@id":"https:\/\/rosstylepro.com\/en\/#website","url":"https:\/\/rosstylepro.com\/en\/","name":"RosstylePRO","description":"","potentialAction":[{"@type":"SearchAction","target":{"@type":"EntryPoint","urlTemplate":"https:\/\/rosstylepro.com\/en\/?s={search_term_string}"},"query-input":"required name=search_term_string"}],"inLanguage":"ro-RO"}]}},"_links":{"self":[{"href":"https:\/\/rosstylepro.com\/ro\/wp-json\/wp\/v2\/pages\/117"}],"collection":[{"href":"https:\/\/rosstylepro.com\/ro\/wp-json\/wp\/v2\/pages"}],"about":[{"href":"https:\/\/rosstylepro.com\/ro\/wp-json\/wp\/v2\/types\/page"}],"author":[{"embeddable":true,"href":"https:\/\/rosstylepro.com\/ro\/wp-json\/wp\/v2\/users\/38"}],"replies":[{"embeddable":true,"href":"https:\/\/rosstylepro.com\/ro\/wp-json\/wp\/v2\/comments?post=117"}],"version-history":[{"count":1,"href":"https:\/\/rosstylepro.com\/ro\/wp-json\/wp\/v2\/pages\/117\/revisions"}],"predecessor-version":[{"id":1560,"href":"https:\/\/rosstylepro.com\/ro\/wp-json\/wp\/v2\/pages\/117\/revisions\/1560"}],"wp:attachment":[{"href":"https:\/\/rosstylepro.com\/ro\/wp-json\/wp\/v2\/media?parent=117"}],"curies":[{"name":"wp","href":"https:\/\/api.w.org\/{rel}","templated":true}]}}