{"id":69,"date":"2024-05-02T12:20:15","date_gmt":"2024-05-02T15:20:15","guid":{"rendered":"https:\/\/rosstylepro.com\/?page_id=69"},"modified":"2025-01-17T16:25:36","modified_gmt":"2025-01-17T16:25:36","slug":"politica-de-cookies","status":"publish","type":"page","link":"https:\/\/rosstylepro.com\/ro\/politica-de-cookies\/","title":{"rendered":"Politica de cookie-uri"},"content":{"rendered":"<p>Rosstylepro folose\u0219te cookie-uri pe site-ul s\u0103u web rosstylepro.com. Accept\u00e2nd politica noastr\u0103 privind cookie-urile, sunte\u021bi de acord cu utilizarea cookie-urilor \u00een conformitate cu aceast\u0103 politic\u0103. Dac\u0103 nu sunte\u021bi de acord cu utilizarea cookie-urilor, v\u0103 recomand\u0103m s\u0103 ajusta\u021bi set\u0103rile browserului sau s\u0103 \u00eenceta\u021bi s\u0103 utiliza\u021bi site-ul nostru.<\/p>\n\n\n\n<h2 class=\"wp-block-heading\">Ce sunt cookie-urile?<\/h2>\n\n\n\n<p>Cookie-urile sunt fi\u0219iere text mici pe care un site le salveaz\u0103 pe dispozitivul dvs. atunci c\u00e2nd \u00eel vizita\u021bi. Aceste fi\u0219iere con\u021bin informa\u021bii care pot fi preluate de site-ul web \u00een diverse scopuri, cum ar fi amintirea preferin\u021belor de limb\u0103, optimizarea experien\u021bei de navigare \u0219i colectarea de informa\u021bii despre utilizarea site-ului.<\/p>\n\n\n\n<h2 class=\"wp-block-heading\">Tipuri de cookie-uri utilizate<\/h2>\n\n\n\n<h3 class=\"wp-block-heading\">Cookie-uri necesare<\/h3>\n\n\n\n<p>Aceste cookie-uri sunt esen\u021biale pentru func\u021bionarea site-ului web \u0219i nu pot fi dezactivate \u00een sistemele noastre. De obicei, acestea sunt setate doar ca r\u0103spuns la ac\u021biunile efectuate de dvs. care reprezint\u0103 o solicitare de servicii, cum ar fi setarea preferin\u021belor dvs. de confiden\u021bialitate, autentificarea sau completarea formularelor.<\/p>\n\n\n\n<h3 class=\"wp-block-heading\">Cookie-uri de performan\u021b\u0103<\/h3>\n\n\n\n<p>Aceste cookie-uri ne ajut\u0103 s\u0103 \u00een\u021belegem modul \u00een care vizitatorii interac\u021bioneaz\u0103 cu site-ul nostru, oferind informa\u021bii despre zonele vizitate, timpul petrecut pe site \u0219i orice probleme \u00eent\u00e2lnite, cum ar fi mesajele de eroare. Acest lucru ne ajut\u0103 s\u0103 \u00eembun\u0103t\u0103\u021bim performan\u021ba site-ului \u0219i s\u0103 v\u0103 \u00eembun\u0103t\u0103\u021bim experien\u021ba utilizatorului.<\/p>\n\n\n\n<h3 class=\"wp-block-heading\">Cookie-uri func\u021bionale<\/h3>\n\n\n\n<p>Aceste module cookie permit site-ului web s\u0103-\u0219i aminteasc\u0103 alegerile pe care le face\u021bi, cum ar fi numele dvs. de utilizator, limba sau regiunea \u00een care v\u0103 afla\u021bi \u0219i ofer\u0103 caracteristici \u00eembun\u0103t\u0103\u021bite \u0219i mai personale. Ele pot fi, de asemenea, utilizate pentru a furniza servicii solicitate, cum ar fi vizionarea unui videoclip sau comentarea unui blog.<\/p>\n\n\n\n<h3 class=\"wp-block-heading\">Cookie-uri de publicitate<\/h3>\n\n\n\n<p>Aceste cookie-uri sunt folosite pentru a oferi reclame mai relevante pentru tine \u0219i interesele tale. Ele sunt, de asemenea, folosite pentru a limita num\u0103rul de ori c\u00e2nd vede\u021bi un anun\u021b \u0219i pentru a ajuta la m\u0103surarea eficien\u021bei campaniilor publicitare.<\/p>\n\n\n\n<h2 class=\"wp-block-heading\">Gestionarea cookie-urilor<\/h2>\n\n\n\n<p>C\u00e2nd accesa\u021bi site-ul nostru pentru prima dat\u0103, ve\u021bi fi informat despre utilizarea cookie-urilor \u0219i ve\u021bi avea op\u021biunea de a v\u0103 da acordul pentru utilizarea acestora. De asemenea, pute\u021bi controla \u0219i gestiona cookie-urile \u00een set\u0103rile browserului dvs. V\u0103 rug\u0103m s\u0103 re\u021bine\u021bi c\u0103 dezactivarea anumitor tipuri de cookie-uri poate afecta func\u021bionalitatea site-ului web \u0219i experien\u021ba dvs. de utilizator.<\/p>\n\n\n\n<h2 class=\"wp-block-heading\">Modific\u0103ri ale acestei politici<\/h2>\n\n\n\n<p>Este posibil s\u0103 actualiz\u0103m aceast\u0103 politic\u0103 privind cookie-urile din c\u00e2nd \u00een c\u00e2nd pentru a reflecta schimb\u0103rile \u00een practicile noastre privind cookie-urile. V\u0103 \u00eencuraj\u0103m s\u0103 revizui\u021bi aceast\u0103 politic\u0103 \u00een mod regulat pentru a fi la curent cu orice modific\u0103ri.<\/p>\n\n\n\n<p>Continu\u00e2nd s\u0103 utiliza\u021bi site-ul nostru dup\u0103 aceste modific\u0103ri, sunte\u021bi de acord cu utilizarea cookie-urilor \u00een conformitate cu politica revizuit\u0103.<\/p>\n\n\n\n<h2 class=\"wp-block-heading\">Contact<\/h2>\n\n\n\n<p>Dac\u0103 ave\u021bi \u00eentreb\u0103ri despre politica noastr\u0103 privind cookie-urile sau despre utilizarea cookie-urilor pe site-ul nostru web, v\u0103 rug\u0103m s\u0103 ne contacta\u021bi prin e-mail:\u00a0<a>contact@rosstylepro.com<\/a>.<\/p>","protected":false},"excerpt":{"rendered":"<p>Rosstylepro utilizeaz\u0103 cookie-uri pe site-ul s\u0103u web rosstylepro.com. Prin acceptarea Politicii noastre privind cookie-urile, v\u0103 exprima\u021bi consim\u021b\u0103m\u00e2ntul cu privire la utilizarea cookie-urilor \u00een conformitate cu aceast\u0103 politic\u0103. Dac\u0103 nu sunte\u021bi de acord cu utilizarea cookie-urilor, v\u0103 recomand\u0103m s\u0103 ajusta\u021bi set\u0103rile browserului dvs. sau s\u0103 \u00eenceta\u021bi s\u0103 utiliza\u021bi site-ul nostru web. Ce sunt [\u2026]<\/p>","protected":false},"author":38,"featured_media":0,"parent":0,"menu_order":0,"comment_status":"closed","ping_status":"closed","template":"page-nosidebar.php","meta":{"footnotes":""},"yoast_head":"<!-- This site is optimized with the Yoast SEO plugin v23.3 - https:\/\/yoast.com\/wordpress\/plugins\/seo\/ -->\n<title>Pol\u00edtica de Cookies<\/title>\n<meta name=\"description\" content=\"Pol\u00edtica de Cookies, Rosstylepro utiliza cookies en su sitio web rosstylepro.com. Al aceptar nuestra Pol\u00edtica de Cookies, usted acepta el ...\" \/>\n<meta name=\"robots\" content=\"index, follow, max-snippet:-1, max-image-preview:large, max-video-preview:-1\" \/>\n<link rel=\"canonical\" href=\"https:\/\/rosstylepro.com\/ro\/politica-de-cookies\/\" \/>\n<meta property=\"og:locale\" content=\"ro_RO\" \/>\n<meta property=\"og:type\" content=\"article\" \/>\n<meta property=\"og:title\" content=\"Pol\u00edtica de Cookies\" \/>\n<meta property=\"og:description\" content=\"Pol\u00edtica de Cookies, Rosstylepro utiliza cookies en su sitio web rosstylepro.com. Al aceptar nuestra Pol\u00edtica de Cookies, usted acepta el ...\" \/>\n<meta property=\"og:url\" content=\"https:\/\/rosstylepro.com\/ro\/politica-de-cookies\/\" \/>\n<meta property=\"og:site_name\" content=\"RosstylePRO\" \/>\n<meta property=\"article:modified_time\" content=\"2025-01-17T16:25:36+00:00\" \/>\n<meta name=\"twitter:card\" content=\"summary_large_image\" \/>\n<meta name=\"twitter:label1\" content=\"Est. reading time\" \/>\n\t<meta name=\"twitter:data1\" content=\"3 minute\" \/>\n<script type=\"application\/ld+json\" class=\"yoast-schema-graph\">{\"@context\":\"https:\/\/schema.org\",\"@graph\":[{\"@type\":\"WebPage\",\"@id\":\"https:\/\/rosstylepro.com\/politica-de-cookies\/\",\"url\":\"https:\/\/rosstylepro.com\/politica-de-cookies\/\",\"name\":\"Pol\u00edtica de Cookies\",\"isPartOf\":{\"@id\":\"https:\/\/rosstylepro.com\/en\/#website\"},\"datePublished\":\"2024-05-02T15:20:15+00:00\",\"dateModified\":\"2025-01-17T16:25:36+00:00\",\"description\":\"Pol\u00edtica de Cookies, Rosstylepro utiliza cookies en su sitio web rosstylepro.com. Al aceptar nuestra Pol\u00edtica de Cookies, usted acepta el ...\",\"breadcrumb\":{\"@id\":\"https:\/\/rosstylepro.com\/politica-de-cookies\/#breadcrumb\"},\"inLanguage\":\"ro-RO\",\"potentialAction\":[{\"@type\":\"ReadAction\",\"target\":[\"https:\/\/rosstylepro.com\/politica-de-cookies\/\"]}]},{\"@type\":\"BreadcrumbList\",\"@id\":\"https:\/\/rosstylepro.com\/politica-de-cookies\/#breadcrumb\",\"itemListElement\":[{\"@type\":\"ListItem\",\"position\":1,\"name\":\"Home\",\"item\":\"https:\/\/rosstylepro.com\/\"},{\"@type\":\"ListItem\",\"position\":2,\"name\":\"Pol\u00edtica de Cookies\"}]},{\"@type\":\"WebSite\",\"@id\":\"https:\/\/rosstylepro.com\/en\/#website\",\"url\":\"https:\/\/rosstylepro.com\/en\/\",\"name\":\"RosstylePRO\",\"description\":\"\",\"potentialAction\":[{\"@type\":\"SearchAction\",\"target\":{\"@type\":\"EntryPoint\",\"urlTemplate\":\"https:\/\/rosstylepro.com\/en\/?s={search_term_string}\"},\"query-input\":\"required name=search_term_string\"}],\"inLanguage\":\"ro-RO\"}]}<\/script>\n<!-- \/ Yoast SEO plugin. -->","yoast_head_json":{"title":"Pol\u00edtica de Cookies","description":"Pol\u00edtica de Cookies, Rosstylepro utiliza cookies en su sitio web rosstylepro.com. Al aceptar nuestra Pol\u00edtica de Cookies, usted acepta el ...","robots":{"index":"index","follow":"follow","max-snippet":"max-snippet:-1","max-image-preview":"max-image-preview:large","max-video-preview":"max-video-preview:-1"},"canonical":"https:\/\/rosstylepro.com\/ro\/politica-de-cookies\/","og_locale":"ro_RO","og_type":"article","og_title":"Pol\u00edtica de Cookies","og_description":"Pol\u00edtica de Cookies, Rosstylepro utiliza cookies en su sitio web rosstylepro.com. Al aceptar nuestra Pol\u00edtica de Cookies, usted acepta el ...","og_url":"https:\/\/rosstylepro.com\/ro\/politica-de-cookies\/","og_site_name":"RosstylePRO","article_modified_time":"2025-01-17T16:25:36+00:00","twitter_card":"summary_large_image","twitter_misc":{"Est. reading time":"3 minute"},"schema":{"@context":"https:\/\/schema.org","@graph":[{"@type":"WebPage","@id":"https:\/\/rosstylepro.com\/politica-de-cookies\/","url":"https:\/\/rosstylepro.com\/politica-de-cookies\/","name":"Pol\u00edtica de Cookies","isPartOf":{"@id":"https:\/\/rosstylepro.com\/en\/#website"},"datePublished":"2024-05-02T15:20:15+00:00","dateModified":"2025-01-17T16:25:36+00:00","description":"Pol\u00edtica de Cookies, Rosstylepro utiliza cookies en su sitio web rosstylepro.com. Al aceptar nuestra Pol\u00edtica de Cookies, usted acepta el ...","breadcrumb":{"@id":"https:\/\/rosstylepro.com\/politica-de-cookies\/#breadcrumb"},"inLanguage":"ro-RO","potentialAction":[{"@type":"ReadAction","target":["https:\/\/rosstylepro.com\/politica-de-cookies\/"]}]},{"@type":"BreadcrumbList","@id":"https:\/\/rosstylepro.com\/politica-de-cookies\/#breadcrumb","itemListElement":[{"@type":"ListItem","position":1,"name":"Home","item":"https:\/\/rosstylepro.com\/"},{"@type":"ListItem","position":2,"name":"Pol\u00edtica de Cookies"}]},{"@type":"WebSite","@id":"https:\/\/rosstylepro.com\/en\/#website","url":"https:\/\/rosstylepro.com\/en\/","name":"RosstylePRO","description":"","potentialAction":[{"@type":"SearchAction","target":{"@type":"EntryPoint","urlTemplate":"https:\/\/rosstylepro.com\/en\/?s={search_term_string}"},"query-input":"required name=search_term_string"}],"inLanguage":"ro-RO"}]}},"_links":{"self":[{"href":"https:\/\/rosstylepro.com\/ro\/wp-json\/wp\/v2\/pages\/69"}],"collection":[{"href":"https:\/\/rosstylepro.com\/ro\/wp-json\/wp\/v2\/pages"}],"about":[{"href":"https:\/\/rosstylepro.com\/ro\/wp-json\/wp\/v2\/types\/page"}],"author":[{"embeddable":true,"href":"https:\/\/rosstylepro.com\/ro\/wp-json\/wp\/v2\/users\/38"}],"replies":[{"embeddable":true,"href":"https:\/\/rosstylepro.com\/ro\/wp-json\/wp\/v2\/comments?post=69"}],"version-history":[{"count":1,"href":"https:\/\/rosstylepro.com\/ro\/wp-json\/wp\/v2\/pages\/69\/revisions"}],"predecessor-version":[{"id":1562,"href":"https:\/\/rosstylepro.com\/ro\/wp-json\/wp\/v2\/pages\/69\/revisions\/1562"}],"wp:attachment":[{"href":"https:\/\/rosstylepro.com\/ro\/wp-json\/wp\/v2\/media?parent=69"}],"curies":[{"name":"wp","href":"https:\/\/api.w.org\/{rel}","templated":true}]}}