{"id":71,"date":"2024-05-02T12:36:23","date_gmt":"2024-05-02T15:36:23","guid":{"rendered":"https:\/\/rosstylepro.com\/?page_id=71"},"modified":"2025-01-17T16:25:36","modified_gmt":"2025-01-17T16:25:36","slug":"sobre-nosotros","status":"publish","type":"page","link":"https:\/\/rosstylepro.com\/ro\/sobre-nosotros\/","title":{"rendered":"Despre noi"},"content":{"rendered":"<p><br>Bun venit la Rosstylepro, un spa\u021biu digital conceput pentru a celebra curiozitatea, a explora inova\u021bia \u0219i a \u00eemp\u0103rt\u0103\u0219i experien\u021be unice \u00een lumea vast\u0103 a tehnologiei \u0219i a divertismentului. Fondat\u0103 de Kirito \u0219i New, \u00eempreun\u0103 cu o echip\u0103 de peste 10 colaboratori dedica\u021bi, Rosstylepro s-a n\u0103scut dintr-o nevoie de exprimare \u0219i din pasiunea de a descoperi noi orizonturi la intersec\u021bia dintre tehnologie \u0219i povestirea imersiv\u0103.<\/p>\n\n\n\n<h3 class=\"wp-block-heading\">Istoria \u0219i obiectivul nostru<\/h3>\n\n\n\n<p>Totul a \u00eenceput cu ideea simpl\u0103 de a oferi o platform\u0103 unde curiozitatea s\u0103 poat\u0103 \u00eenflori. De-a lungul timpului, ne-am dat seama c\u0103 nu era vorba doar de prezentarea aplica\u021biilor sau tehnologiilor, ci de a spune pove\u0219ti captivante care s\u0103 ne inspire cititorii. Astfel, s-a format misiunea noastr\u0103: s\u0103 spunem pove\u0219ti, s\u0103 prezent\u0103m inova\u021bii \u0219i s\u0103 \u00eemp\u0103rt\u0103\u0219im experien\u021be semnificative cu o comunitate vibrant\u0103 \u0219i implicat\u0103.<\/p>\n\n\n\n<h3 class=\"wp-block-heading\">Sufletul lui Rossstylepro: Comunitatea noastr\u0103<\/h3>\n\n\n\n<p>Recunoa\u0219tem c\u0103 Rosstylepro nu ar fi ceea ce este f\u0103r\u0103 comunitatea noastr\u0103. Apreciem fiecare membru \u0219i ne str\u0103duim s\u0103 cre\u0103m un mediu incluziv \u0219i colaborativ \u00een care toat\u0103 lumea s\u0103 poat\u0103 \u00eemp\u0103rt\u0103\u0219i idei, opinii \u0219i descoperiri. Interac\u021biunea constant\u0103 cu comunitatea noastr\u0103 ne ajut\u0103 s\u0103 men\u021binem relevan\u021ba \u0219i calitatea con\u021binutului pe care \u00eel oferim.<\/p>\n\n\n\n<h3 class=\"wp-block-heading\">Descoperirea unor noi orizonturi: tehnologie \u0219i divertisment<\/h3>\n\n\n\n<p>Pe m\u0103sur\u0103 ce Rosstylepro cre\u0219te, c\u0103ut\u0103m, de asemenea, s\u0103 influen\u021b\u0103m pozitiv industria tehnologiei \u0219i a divertismentului. C\u0103ut\u0103m constant noi modalit\u0103\u021bi de a prezenta con\u021binut inovator \u0219i inspirator, precum \u0219i de a promova dezvoltarea de aplica\u021bii \u0219i tehnologii care \u00eembun\u0103t\u0103\u021besc via\u021ba oamenilor.<\/p>\n\n\n\n<h3 class=\"wp-block-heading\">Angajamentul nostru fa\u021b\u0103 de calitate<\/h3>\n\n\n\n<p>Calitatea este primordial\u0103 la Rosstylepro. Pentru a asigura excelen\u021ba \u00een con\u021binutul nostru, avem o echip\u0103 de colaboratori dedica\u021bi \u0219i cu experien\u021b\u0103. Facem cercet\u0103ri ample \u0219i prezent\u0103m doar ceea ce folosim de fapt \u0219i credem c\u0103 este relevant \u0219i util comunit\u0103\u021bii noastre.<\/p>\n\n\n\n<h3 class=\"wp-block-heading\">Ce g\u0103si\u021bi la Rossstylepro<\/h3>\n\n\n\n<p>Pe site-ul nostru, oferim o gam\u0103 larg\u0103 de con\u021binut pentru toate interesele. De la recenzii aprofundate ale aplica\u021biilor p\u00e2n\u0103 la trivialit\u0103\u021bi tehnologice, scopul nostru este s\u0103 oferim o experien\u021b\u0103 cuprinz\u0103toare care s\u0103 dep\u0103\u0219easc\u0103 simplele informa\u021bii tehnice. Fiecare articol sau analiz\u0103 este \u00eenso\u021bit\u0103 de o nara\u021biune captivant\u0103 pentru a face experien\u021ba de lectur\u0103 \u0219i mai captivant\u0103.<\/p>\n\n\n\n<h3 class=\"wp-block-heading\">Divertisment \u0219i cuno\u0219tin\u021be \u00eentr-un singur loc<\/h3>\n\n\n\n<p>Credem c\u0103 divertismentul \u0219i cuno\u0219tin\u021bele pot merge m\u00e2n\u0103 \u00een m\u00e2n\u0103 la Rosstylepro. De aceea, pe l\u00e2ng\u0103 analize tehnice \u0219i informa\u021bii, oferim \u0219i con\u021binut axat pe divertisment \u0219i latura uman\u0103 a tehnologiei. Dorim s\u0103 inspir\u0103m, s\u0103 inform\u0103m \u0219i s\u0103 distram cititorii no\u0219tri \u00een toate modurile posibile.<\/p>\n\n\n\n<h3 class=\"wp-block-heading\">Viitorul lui Rossstylepro<\/h3>\n\n\n\n<p>Viitorul Rosstylepro este interesant \u0219i plin de posibilit\u0103\u021bi. C\u0103ut\u0103m mereu noi modalit\u0103\u021bi de a inova \u0219i de a oferi o experien\u021b\u0103 \u0219i mai bun\u0103 pentru comunitatea noastr\u0103. Inten\u021bion\u0103m s\u0103 ne extindem con\u021binutul, s\u0103 explor\u0103m noi subiecte \u0219i s\u0103 r\u0103m\u00e2nem o surs\u0103 de \u00eencredere de informa\u021bii \u0219i divertisment pentru to\u021bi pasiona\u021bii de tehnologie.<\/p>\n\n\n\n<h3 class=\"wp-block-heading\">Contacteaz\u0103-ne \u0219i al\u0103tur\u0103-te aventurii<\/h3>\n\n\n\n<p>Apreciem foarte mult comentariile, sugestiile \u0219i ideile din partea comunit\u0103\u021bii noastre. Dac\u0103 ave\u021bi \u00eentreb\u0103ri, comentarii sau dori\u021bi s\u0103 ne \u00eemp\u0103rt\u0103\u0219i\u021bi experien\u021ba dvs., nu ezita\u021bi s\u0103 ne contacta\u021bi. P\u0103rerea ta este crucial\u0103 pentru noi!<\/p>\n\n\n\n<p>Apreciem c\u0103 faci parte din aventura Rosstylepro. \u00cempreun\u0103, explor\u0103m noi orizonturi, s\u0103rb\u0103torim curiozitatea \u0219i inova\u021bia \u0219i continu\u0103m s\u0103 ne inspir\u0103m reciproc \u00een aceast\u0103 c\u0103l\u0103torie tehnologic\u0103 \u0219i uman\u0103 interesant\u0103.<\/p>","protected":false},"excerpt":{"rendered":"<p>Bun venit la Rosstylepro, un spa\u021biu digital conceput pentru a celebra curiozitatea, a explora inova\u021bia \u0219i a \u00eemp\u0103rt\u0103\u0219i experien\u021be unice \u00een vasta lume a tehnologiei \u0219i divertismentului. Fondat\u0103 de Kirito \u0219i New, \u00eempreun\u0103 cu o echip\u0103 de peste 10 colaboratori dedica\u021bi, Rosstylepro a ap\u0103rut dintr-o nevoie de exprimare \u0219i o pasiune pentru [\u2026]<\/p>","protected":false},"author":38,"featured_media":0,"parent":0,"menu_order":0,"comment_status":"closed","ping_status":"closed","template":"page-nosidebar.php","meta":{"footnotes":""},"yoast_head":"<!-- This site is optimized with the Yoast SEO plugin v23.3 - https:\/\/yoast.com\/wordpress\/plugins\/seo\/ -->\n<title>Sobre Nosotros - RosstylePRO<\/title>\n<meta name=\"robots\" content=\"index, follow, max-snippet:-1, max-image-preview:large, max-video-preview:-1\" \/>\n<link rel=\"canonical\" href=\"https:\/\/rosstylepro.com\/ro\/sobre-nosotros\/\" \/>\n<meta property=\"og:locale\" content=\"ro_RO\" \/>\n<meta property=\"og:type\" content=\"article\" \/>\n<meta property=\"og:title\" content=\"Sobre Nosotros - RosstylePRO\" \/>\n<meta property=\"og:description\" content=\"Bienvenidos a Rosstylepro, un espacio digital dise\u00f1ado para celebrar la curiosidad, explorar la innovaci\u00f3n y compartir experiencias \u00fanicas en el vasto mundo de la tecnolog\u00eda y el entretenimiento. Fundado por Kirito y New, junto con un equipo de m\u00e1s de 10 colaboradores dedicados, Rosstylepro surgi\u00f3 de la necesidad de expresi\u00f3n y de la pasi\u00f3n por [&hellip;]\" \/>\n<meta property=\"og:url\" content=\"https:\/\/rosstylepro.com\/ro\/sobre-nosotros\/\" \/>\n<meta property=\"og:site_name\" content=\"RosstylePRO\" \/>\n<meta property=\"article:modified_time\" content=\"2025-01-17T16:25:36+00:00\" \/>\n<meta name=\"twitter:card\" content=\"summary_large_image\" \/>\n<meta name=\"twitter:label1\" content=\"Est. reading time\" \/>\n\t<meta name=\"twitter:data1\" content=\"3 minute\" \/>\n<script type=\"application\/ld+json\" class=\"yoast-schema-graph\">{\"@context\":\"https:\/\/schema.org\",\"@graph\":[{\"@type\":\"WebPage\",\"@id\":\"https:\/\/rosstylepro.com\/sobre-nosotros\/\",\"url\":\"https:\/\/rosstylepro.com\/sobre-nosotros\/\",\"name\":\"Sobre Nosotros - RosstylePRO\",\"isPartOf\":{\"@id\":\"https:\/\/rosstylepro.com\/en\/#website\"},\"datePublished\":\"2024-05-02T15:36:23+00:00\",\"dateModified\":\"2025-01-17T16:25:36+00:00\",\"breadcrumb\":{\"@id\":\"https:\/\/rosstylepro.com\/sobre-nosotros\/#breadcrumb\"},\"inLanguage\":\"ro-RO\",\"potentialAction\":[{\"@type\":\"ReadAction\",\"target\":[\"https:\/\/rosstylepro.com\/sobre-nosotros\/\"]}]},{\"@type\":\"BreadcrumbList\",\"@id\":\"https:\/\/rosstylepro.com\/sobre-nosotros\/#breadcrumb\",\"itemListElement\":[{\"@type\":\"ListItem\",\"position\":1,\"name\":\"Home\",\"item\":\"https:\/\/rosstylepro.com\/\"},{\"@type\":\"ListItem\",\"position\":2,\"name\":\"Sobre Nosotros\"}]},{\"@type\":\"WebSite\",\"@id\":\"https:\/\/rosstylepro.com\/en\/#website\",\"url\":\"https:\/\/rosstylepro.com\/en\/\",\"name\":\"RosstylePRO\",\"description\":\"\",\"potentialAction\":[{\"@type\":\"SearchAction\",\"target\":{\"@type\":\"EntryPoint\",\"urlTemplate\":\"https:\/\/rosstylepro.com\/en\/?s={search_term_string}\"},\"query-input\":\"required name=search_term_string\"}],\"inLanguage\":\"ro-RO\"}]}<\/script>\n<!-- \/ Yoast SEO plugin. -->","yoast_head_json":{"title":"Sobre Nosotros - RosstylePRO","robots":{"index":"index","follow":"follow","max-snippet":"max-snippet:-1","max-image-preview":"max-image-preview:large","max-video-preview":"max-video-preview:-1"},"canonical":"https:\/\/rosstylepro.com\/ro\/sobre-nosotros\/","og_locale":"ro_RO","og_type":"article","og_title":"Sobre Nosotros - RosstylePRO","og_description":"Bienvenidos a Rosstylepro, un espacio digital dise\u00f1ado para celebrar la curiosidad, explorar la innovaci\u00f3n y compartir experiencias \u00fanicas en el vasto mundo de la tecnolog\u00eda y el entretenimiento. Fundado por Kirito y New, junto con un equipo de m\u00e1s de 10 colaboradores dedicados, Rosstylepro surgi\u00f3 de la necesidad de expresi\u00f3n y de la pasi\u00f3n por [&hellip;]","og_url":"https:\/\/rosstylepro.com\/ro\/sobre-nosotros\/","og_site_name":"RosstylePRO","article_modified_time":"2025-01-17T16:25:36+00:00","twitter_card":"summary_large_image","twitter_misc":{"Est. reading time":"3 minute"},"schema":{"@context":"https:\/\/schema.org","@graph":[{"@type":"WebPage","@id":"https:\/\/rosstylepro.com\/sobre-nosotros\/","url":"https:\/\/rosstylepro.com\/sobre-nosotros\/","name":"Sobre Nosotros - RosstylePRO","isPartOf":{"@id":"https:\/\/rosstylepro.com\/en\/#website"},"datePublished":"2024-05-02T15:36:23+00:00","dateModified":"2025-01-17T16:25:36+00:00","breadcrumb":{"@id":"https:\/\/rosstylepro.com\/sobre-nosotros\/#breadcrumb"},"inLanguage":"ro-RO","potentialAction":[{"@type":"ReadAction","target":["https:\/\/rosstylepro.com\/sobre-nosotros\/"]}]},{"@type":"BreadcrumbList","@id":"https:\/\/rosstylepro.com\/sobre-nosotros\/#breadcrumb","itemListElement":[{"@type":"ListItem","position":1,"name":"Home","item":"https:\/\/rosstylepro.com\/"},{"@type":"ListItem","position":2,"name":"Sobre Nosotros"}]},{"@type":"WebSite","@id":"https:\/\/rosstylepro.com\/en\/#website","url":"https:\/\/rosstylepro.com\/en\/","name":"RosstylePRO","description":"","potentialAction":[{"@type":"SearchAction","target":{"@type":"EntryPoint","urlTemplate":"https:\/\/rosstylepro.com\/en\/?s={search_term_string}"},"query-input":"required name=search_term_string"}],"inLanguage":"ro-RO"}]}},"_links":{"self":[{"href":"https:\/\/rosstylepro.com\/ro\/wp-json\/wp\/v2\/pages\/71"}],"collection":[{"href":"https:\/\/rosstylepro.com\/ro\/wp-json\/wp\/v2\/pages"}],"about":[{"href":"https:\/\/rosstylepro.com\/ro\/wp-json\/wp\/v2\/types\/page"}],"author":[{"embeddable":true,"href":"https:\/\/rosstylepro.com\/ro\/wp-json\/wp\/v2\/users\/38"}],"replies":[{"embeddable":true,"href":"https:\/\/rosstylepro.com\/ro\/wp-json\/wp\/v2\/comments?post=71"}],"version-history":[{"count":1,"href":"https:\/\/rosstylepro.com\/ro\/wp-json\/wp\/v2\/pages\/71\/revisions"}],"predecessor-version":[{"id":1564,"href":"https:\/\/rosstylepro.com\/ro\/wp-json\/wp\/v2\/pages\/71\/revisions\/1564"}],"wp:attachment":[{"href":"https:\/\/rosstylepro.com\/ro\/wp-json\/wp\/v2\/media?parent=71"}],"curies":[{"name":"wp","href":"https:\/\/api.w.org\/{rel}","templated":true}]}}