{"id":71,"date":"2024-05-02T12:36:23","date_gmt":"2024-05-02T15:36:23","guid":{"rendered":"https:\/\/rosstylepro.com\/?page_id=71"},"modified":"2025-01-17T16:25:36","modified_gmt":"2025-01-17T16:25:36","slug":"sobre-nosotros","status":"publish","type":"page","link":"https:\/\/rosstylepro.com\/ru\/sobre-nosotros\/","title":{"rendered":"\u041e \u043d\u0430\u0441"},"content":{"rendered":"<p><br>\u0414\u043e\u0431\u0440\u043e \u043f\u043e\u0436\u0430\u043b\u043e\u0432\u0430\u0442\u044c \u0432 Rosstylepro \u2014 \u0446\u0438\u0444\u0440\u043e\u0432\u043e\u0435 \u043f\u0440\u043e\u0441\u0442\u0440\u0430\u043d\u0441\u0442\u0432\u043e, \u0441\u043e\u0437\u0434\u0430\u043d\u043d\u043e\u0435 \u0434\u043b\u044f \u043f\u0440\u043e\u044f\u0432\u043b\u0435\u043d\u0438\u044f \u043b\u044e\u0431\u043e\u0437\u043d\u0430\u0442\u0435\u043b\u044c\u043d\u043e\u0441\u0442\u0438, \u0438\u0437\u0443\u0447\u0435\u043d\u0438\u044f \u0438\u043d\u043d\u043e\u0432\u0430\u0446\u0438\u0439 \u0438 \u043e\u0431\u043c\u0435\u043d\u0430 \u0443\u043d\u0438\u043a\u0430\u043b\u044c\u043d\u044b\u043c \u043e\u043f\u044b\u0442\u043e\u043c \u0432 \u043e\u0433\u0440\u043e\u043c\u043d\u043e\u043c \u043c\u0438\u0440\u0435 \u0442\u0435\u0445\u043d\u043e\u043b\u043e\u0433\u0438\u0439 \u0438 \u0440\u0430\u0437\u0432\u043b\u0435\u0447\u0435\u043d\u0438\u0439. \u041a\u043e\u043c\u043f\u0430\u043d\u0438\u044f Rosstylepro, \u043e\u0441\u043d\u043e\u0432\u0430\u043d\u043d\u0430\u044f \u041a\u0438\u0440\u0438\u0442\u043e \u0438 \u041d\u044c\u044e, \u0430 \u0442\u0430\u043a\u0436\u0435 \u043a\u043e\u043c\u0430\u043d\u0434\u043e\u0439 \u0438\u0437 \u0431\u043e\u043b\u0435\u0435 \u0447\u0435\u043c 10 \u043f\u0440\u0435\u0434\u0430\u043d\u043d\u044b\u0445 \u0441\u0432\u043e\u0435\u043c\u0443 \u0434\u0435\u043b\u0443 \u0441\u043e\u0442\u0440\u0443\u0434\u043d\u0438\u043a\u043e\u0432, \u0440\u043e\u0434\u0438\u043b\u0430\u0441\u044c \u0438\u0437 \u043f\u043e\u0442\u0440\u0435\u0431\u043d\u043e\u0441\u0442\u0438 \u0432 \u0441\u0430\u043c\u043e\u0432\u044b\u0440\u0430\u0436\u0435\u043d\u0438\u0438 \u0438 \u0441\u0442\u0440\u0430\u0441\u0442\u0438 \u043a \u043e\u0442\u043a\u0440\u044b\u0442\u0438\u044e \u043d\u043e\u0432\u044b\u0445 \u0433\u043e\u0440\u0438\u0437\u043e\u043d\u0442\u043e\u0432 \u043d\u0430 \u0441\u0442\u044b\u043a\u0435 \u0442\u0435\u0445\u043d\u043e\u043b\u043e\u0433\u0438\u0439 \u0438 \u0437\u0430\u0445\u0432\u0430\u0442\u044b\u0432\u0430\u044e\u0449\u0435\u0433\u043e \u043f\u043e\u0432\u0435\u0441\u0442\u0432\u043e\u0432\u0430\u043d\u0438\u044f.<\/p>\n\n\n\n<h3 class=\"wp-block-heading\">\u041d\u0430\u0448\u0430 \u0438\u0441\u0442\u043e\u0440\u0438\u044f \u0438 \u0446\u0435\u043b\u044c<\/h3>\n\n\n\n<p>\u0412\u0441\u0435 \u043d\u0430\u0447\u0430\u043b\u043e\u0441\u044c \u0441 \u043f\u0440\u043e\u0441\u0442\u043e\u0439 \u0438\u0434\u0435\u0438 \u2014 \u0441\u043e\u0437\u0434\u0430\u0442\u044c \u043f\u043b\u043e\u0449\u0430\u0434\u043a\u0443, \u0433\u0434\u0435 \u043c\u043e\u0433\u043b\u043e \u0431\u044b \u043f\u0440\u043e\u0446\u0432\u0435\u0442\u0430\u0442\u044c \u043b\u044e\u0431\u043e\u043f\u044b\u0442\u0441\u0442\u0432\u043e. \u0421\u043e \u0432\u0440\u0435\u043c\u0435\u043d\u0435\u043c \u043c\u044b \u043f\u043e\u043d\u044f\u043b\u0438, \u0447\u0442\u043e \u0440\u0435\u0447\u044c \u0438\u0434\u0435\u0442 \u043d\u0435 \u0442\u043e\u043b\u044c\u043a\u043e \u043e \u0434\u0435\u043c\u043e\u043d\u0441\u0442\u0440\u0430\u0446\u0438\u0438 \u043f\u0440\u0438\u043b\u043e\u0436\u0435\u043d\u0438\u0439 \u0438\u043b\u0438 \u0442\u0435\u0445\u043d\u043e\u043b\u043e\u0433\u0438\u0439, \u043d\u043e \u0438 \u043e \u0440\u0430\u0441\u0441\u043a\u0430\u0437\u0435 \u0437\u0430\u0445\u0432\u0430\u0442\u044b\u0432\u0430\u044e\u0449\u0438\u0445 \u0438\u0441\u0442\u043e\u0440\u0438\u0439, \u043a\u043e\u0442\u043e\u0440\u044b\u0435 \u0432\u0434\u043e\u0445\u043d\u043e\u0432\u044f\u0442 \u043d\u0430\u0448\u0438\u0445 \u0447\u0438\u0442\u0430\u0442\u0435\u043b\u0435\u0439. \u0422\u0430\u043a\u0438\u043c \u043e\u0431\u0440\u0430\u0437\u043e\u043c, \u0431\u044b\u043b\u0430 \u0441\u0444\u043e\u0440\u043c\u0438\u0440\u043e\u0432\u0430\u043d\u0430 \u043d\u0430\u0448\u0430 \u043c\u0438\u0441\u0441\u0438\u044f: \u0440\u0430\u0441\u0441\u043a\u0430\u0437\u044b\u0432\u0430\u0442\u044c \u0438\u0441\u0442\u043e\u0440\u0438\u0438, \u0434\u0435\u043c\u043e\u043d\u0441\u0442\u0440\u0438\u0440\u043e\u0432\u0430\u0442\u044c \u0438\u043d\u043d\u043e\u0432\u0430\u0446\u0438\u0438 \u0438 \u0434\u0435\u043b\u0438\u0442\u044c\u0441\u044f \u0437\u043d\u0430\u0447\u0438\u043c\u044b\u043c \u043e\u043f\u044b\u0442\u043e\u043c \u0441 \u0430\u043a\u0442\u0438\u0432\u043d\u044b\u043c \u0438 \u0437\u0430\u0438\u043d\u0442\u0435\u0440\u0435\u0441\u043e\u0432\u0430\u043d\u043d\u044b\u043c \u0441\u043e\u043e\u0431\u0449\u0435\u0441\u0442\u0432\u043e\u043c.<\/p>\n\n\n\n<h3 class=\"wp-block-heading\">\u0414\u0443\u0448\u0430 Rosstylepro: \u041d\u0430\u0448\u0435 \u0441\u043e\u043e\u0431\u0449\u0435\u0441\u0442\u0432\u043e<\/h3>\n\n\n\n<p>\u041c\u044b \u043f\u043e\u043d\u0438\u043c\u0430\u0435\u043c, \u0447\u0442\u043e Rosstylepro \u043d\u0435 \u0431\u044b\u043b \u0431\u044b \u0442\u0435\u043c, \u0447\u0435\u043c \u043e\u043d \u044f\u0432\u043b\u044f\u0435\u0442\u0441\u044f, \u0431\u0435\u0437 \u043d\u0430\u0448\u0435\u0433\u043e \u0441\u043e\u043e\u0431\u0449\u0435\u0441\u0442\u0432\u0430. \u041c\u044b \u0446\u0435\u043d\u0438\u043c \u043a\u0430\u0436\u0434\u043e\u0433\u043e \u0443\u0447\u0430\u0441\u0442\u043d\u0438\u043a\u0430 \u0438 \u0441\u0442\u0440\u0435\u043c\u0438\u043c\u0441\u044f \u0441\u043e\u0437\u0434\u0430\u0442\u044c \u0438\u043d\u043a\u043b\u044e\u0437\u0438\u0432\u043d\u0443\u044e \u0438 \u0441\u043e\u0432\u043c\u0435\u0441\u0442\u043d\u0443\u044e \u0441\u0440\u0435\u0434\u0443, \u0433\u0434\u0435 \u043a\u0430\u0436\u0434\u044b\u0439 \u043c\u043e\u0436\u0435\u0442 \u0434\u0435\u043b\u0438\u0442\u044c\u0441\u044f \u0438\u0434\u0435\u044f\u043c\u0438, \u043c\u043d\u0435\u043d\u0438\u044f\u043c\u0438 \u0438 \u043e\u0442\u043a\u0440\u044b\u0442\u0438\u044f\u043c\u0438. \u041f\u043e\u0441\u0442\u043e\u044f\u043d\u043d\u043e\u0435 \u0432\u0437\u0430\u0438\u043c\u043e\u0434\u0435\u0439\u0441\u0442\u0432\u0438\u0435 \u0441 \u043d\u0430\u0448\u0438\u043c \u0441\u043e\u043e\u0431\u0449\u0435\u0441\u0442\u0432\u043e\u043c \u043f\u043e\u043c\u043e\u0433\u0430\u0435\u0442 \u043d\u0430\u043c \u043f\u043e\u0434\u0434\u0435\u0440\u0436\u0438\u0432\u0430\u0442\u044c \u0430\u043a\u0442\u0443\u0430\u043b\u044c\u043d\u043e\u0441\u0442\u044c \u0438 \u043a\u0430\u0447\u0435\u0441\u0442\u0432\u043e \u043f\u0440\u0435\u0434\u043b\u0430\u0433\u0430\u0435\u043c\u043e\u0433\u043e \u043d\u0430\u043c\u0438 \u043a\u043e\u043d\u0442\u0435\u043d\u0442\u0430.<\/p>\n\n\n\n<h3 class=\"wp-block-heading\">\u041e\u0442\u043a\u0440\u044b\u0432\u0430\u044f \u043d\u043e\u0432\u044b\u0435 \u0433\u043e\u0440\u0438\u0437\u043e\u043d\u0442\u044b: \u0442\u0435\u0445\u043d\u043e\u043b\u043e\u0433\u0438\u0438 \u0438 \u0440\u0430\u0437\u0432\u043b\u0435\u0447\u0435\u043d\u0438\u044f<\/h3>\n\n\n\n<p>\u041f\u043e \u043c\u0435\u0440\u0435 \u0440\u043e\u0441\u0442\u0430 Rosstylepro \u043c\u044b \u0442\u0430\u043a\u0436\u0435 \u0441\u0442\u0440\u0435\u043c\u0438\u043c\u0441\u044f \u043e\u043a\u0430\u0437\u044b\u0432\u0430\u0442\u044c \u043f\u043e\u043b\u043e\u0436\u0438\u0442\u0435\u043b\u044c\u043d\u043e\u0435 \u0432\u043b\u0438\u044f\u043d\u0438\u0435 \u043d\u0430 \u0438\u043d\u0434\u0443\u0441\u0442\u0440\u0438\u044e \u0442\u0435\u0445\u043d\u043e\u043b\u043e\u0433\u0438\u0439 \u0438 \u0440\u0430\u0437\u0432\u043b\u0435\u0447\u0435\u043d\u0438\u0439. \u041c\u044b \u043f\u043e\u0441\u0442\u043e\u044f\u043d\u043d\u043e \u0438\u0449\u0435\u043c \u043d\u043e\u0432\u044b\u0435 \u0441\u043f\u043e\u0441\u043e\u0431\u044b \u043f\u0440\u0435\u0434\u0441\u0442\u0430\u0432\u043b\u0435\u043d\u0438\u044f \u0438\u043d\u043d\u043e\u0432\u0430\u0446\u0438\u043e\u043d\u043d\u043e\u0433\u043e \u0438 \u0432\u0434\u043e\u0445\u043d\u043e\u0432\u043b\u044f\u044e\u0449\u0435\u0433\u043e \u043a\u043e\u043d\u0442\u0435\u043d\u0442\u0430, \u0430 \u0442\u0430\u043a\u0436\u0435 \u0441\u043f\u043e\u0441\u043e\u0431\u0441\u0442\u0432\u0443\u0435\u043c \u0440\u0430\u0437\u0440\u0430\u0431\u043e\u0442\u043a\u0435 \u043f\u0440\u0438\u043b\u043e\u0436\u0435\u043d\u0438\u0439 \u0438 \u0442\u0435\u0445\u043d\u043e\u043b\u043e\u0433\u0438\u0439, \u043a\u043e\u0442\u043e\u0440\u044b\u0435 \u0443\u043b\u0443\u0447\u0448\u0430\u044e\u0442 \u0436\u0438\u0437\u043d\u044c \u043b\u044e\u0434\u0435\u0439.<\/p>\n\n\n\n<h3 class=\"wp-block-heading\">\u041d\u0430\u0448\u0430 \u043f\u0440\u0438\u0432\u0435\u0440\u0436\u0435\u043d\u043d\u043e\u0441\u0442\u044c \u043a\u0430\u0447\u0435\u0441\u0442\u0432\u0443<\/h3>\n\n\n\n<p>\u0412 Rosstylepro \u043a\u0430\u0447\u0435\u0441\u0442\u0432\u043e \u0438\u043c\u0435\u0435\u0442 \u043f\u0435\u0440\u0432\u043e\u0441\u0442\u0435\u043f\u0435\u043d\u043d\u043e\u0435 \u0437\u043d\u0430\u0447\u0435\u043d\u0438\u0435. \u0414\u043b\u044f \u043e\u0431\u0435\u0441\u043f\u0435\u0447\u0435\u043d\u0438\u044f \u043f\u0440\u0435\u0432\u043e\u0441\u0445\u043e\u0434\u043d\u043e\u0433\u043e \u043a\u0430\u0447\u0435\u0441\u0442\u0432\u0430 \u043d\u0430\u0448\u0435\u0433\u043e \u043a\u043e\u043d\u0442\u0435\u043d\u0442\u0430 \u0443 \u043d\u0430\u0441 \u0435\u0441\u0442\u044c \u043a\u043e\u043c\u0430\u043d\u0434\u0430 \u043f\u0440\u0435\u0434\u0430\u043d\u043d\u044b\u0445 \u0441\u0432\u043e\u0435\u043c\u0443 \u0434\u0435\u043b\u0443 \u0438 \u043e\u043f\u044b\u0442\u043d\u044b\u0445 \u0430\u0432\u0442\u043e\u0440\u043e\u0432. \u041c\u044b \u043f\u0440\u043e\u0432\u043e\u0434\u0438\u043c \u043e\u0431\u0448\u0438\u0440\u043d\u044b\u0435 \u0438\u0441\u0441\u043b\u0435\u0434\u043e\u0432\u0430\u043d\u0438\u044f \u0438 \u043f\u0443\u0431\u043b\u0438\u043a\u0443\u0435\u043c \u0442\u043e\u043b\u044c\u043a\u043e \u0442\u043e, \u0447\u0442\u043e \u0434\u0435\u0439\u0441\u0442\u0432\u0438\u0442\u0435\u043b\u044c\u043d\u043e \u0438\u0441\u043f\u043e\u043b\u044c\u0437\u0443\u0435\u043c \u0438 \u0441\u0447\u0438\u0442\u0430\u0435\u043c \u0430\u043a\u0442\u0443\u0430\u043b\u044c\u043d\u044b\u043c \u0438 \u043f\u043e\u043b\u0435\u0437\u043d\u044b\u043c \u0434\u043b\u044f \u043d\u0430\u0448\u0435\u0433\u043e \u0441\u043e\u043e\u0431\u0449\u0435\u0441\u0442\u0432\u0430.<\/p>\n\n\n\n<h3 class=\"wp-block-heading\">\u0427\u0442\u043e \u0432\u044b \u043d\u0430\u0439\u0434\u0435\u0442\u0435 \u0432 Rosstylepro<\/h3>\n\n\n\n<p>\u041d\u0430 \u043d\u0430\u0448\u0435\u043c \u0441\u0430\u0439\u0442\u0435 \u043c\u044b \u043f\u0440\u0435\u0434\u043b\u0430\u0433\u0430\u0435\u043c \u0448\u0438\u0440\u043e\u043a\u0438\u0439 \u0441\u043f\u0435\u043a\u0442\u0440 \u043a\u043e\u043d\u0442\u0435\u043d\u0442\u0430 \u043d\u0430 \u043b\u044e\u0431\u043e\u0439 \u0432\u043a\u0443\u0441. \u041e\u0442 \u043f\u043e\u0434\u0440\u043e\u0431\u043d\u044b\u0445 \u043e\u0431\u0437\u043e\u0440\u043e\u0432 \u043f\u0440\u0438\u043b\u043e\u0436\u0435\u043d\u0438\u0439 \u0434\u043e \u0442\u0435\u0445\u043d\u0438\u0447\u0435\u0441\u043a\u0438\u0445 \u043f\u043e\u0434\u0440\u043e\u0431\u043d\u043e\u0441\u0442\u0435\u0439 \u2014 \u043d\u0430\u0448\u0430 \u0446\u0435\u043b\u044c \u2014 \u043f\u0440\u0435\u0434\u043e\u0441\u0442\u0430\u0432\u0438\u0442\u044c \u043a\u043e\u043c\u043f\u043b\u0435\u043a\u0441\u043d\u044b\u0439 \u043e\u043f\u044b\u0442, \u0432\u044b\u0445\u043e\u0434\u044f\u0449\u0438\u0439 \u0437\u0430 \u0440\u0430\u043c\u043a\u0438 \u043f\u0440\u043e\u0441\u0442\u043e\u0439 \u0442\u0435\u0445\u043d\u0438\u0447\u0435\u0441\u043a\u043e\u0439 \u0438\u043d\u0444\u043e\u0440\u043c\u0430\u0446\u0438\u0438. \u041a\u0430\u0436\u0434\u0430\u044f \u0441\u0442\u0430\u0442\u044c\u044f \u0438\u043b\u0438 \u0430\u043d\u0430\u043b\u0438\u0437 \u0441\u043e\u043f\u0440\u043e\u0432\u043e\u0436\u0434\u0430\u0435\u0442\u0441\u044f \u0437\u0430\u0445\u0432\u0430\u0442\u044b\u0432\u0430\u044e\u0449\u0438\u043c \u043f\u043e\u0432\u0435\u0441\u0442\u0432\u043e\u0432\u0430\u043d\u0438\u0435\u043c, \u0447\u0442\u043e \u0434\u0435\u043b\u0430\u0435\u0442 \u043f\u0440\u043e\u0446\u0435\u0441\u0441 \u0447\u0442\u0435\u043d\u0438\u044f \u0435\u0449\u0435 \u0431\u043e\u043b\u0435\u0435 \u0437\u0430\u0445\u0432\u0430\u0442\u044b\u0432\u0430\u044e\u0449\u0438\u043c.<\/p>\n\n\n\n<h3 class=\"wp-block-heading\">\u0420\u0430\u0437\u0432\u043b\u0435\u0447\u0435\u043d\u0438\u044f \u0438 \u0437\u043d\u0430\u043d\u0438\u044f \u0432 \u043e\u0434\u043d\u043e\u043c \u043c\u0435\u0441\u0442\u0435<\/h3>\n\n\n\n<p>\u041c\u044b \u0441\u0447\u0438\u0442\u0430\u0435\u043c, \u0447\u0442\u043e \u0432 Rosstylepro \u0440\u0430\u0437\u0432\u043b\u0435\u0447\u0435\u043d\u0438\u044f \u0438 \u0437\u043d\u0430\u043d\u0438\u044f \u043c\u043e\u0433\u0443\u0442 \u0438\u0434\u0442\u0438 \u0440\u0443\u043a\u0430 \u043e\u0431 \u0440\u0443\u043a\u0443. \u0412\u043e\u0442 \u043f\u043e\u0447\u0435\u043c\u0443, \u043f\u043e\u043c\u0438\u043c\u043e \u0442\u0435\u0445\u043d\u0438\u0447\u0435\u0441\u043a\u043e\u0433\u043e \u0430\u043d\u0430\u043b\u0438\u0437\u0430 \u0438 \u0438\u043d\u0444\u043e\u0440\u043c\u0430\u0446\u0438\u0438, \u043c\u044b \u0442\u0430\u043a\u0436\u0435 \u043f\u0440\u0435\u0434\u043b\u0430\u0433\u0430\u0435\u043c \u043a\u043e\u043d\u0442\u0435\u043d\u0442, \u043e\u0440\u0438\u0435\u043d\u0442\u0438\u0440\u043e\u0432\u0430\u043d\u043d\u044b\u0439 \u043d\u0430 \u0440\u0430\u0437\u0432\u043b\u0435\u0447\u0435\u043d\u0438\u044f \u0438 \u0447\u0435\u043b\u043e\u0432\u0435\u0447\u0435\u0441\u043a\u0443\u044e \u0441\u0442\u043e\u0440\u043e\u043d\u0443 \u0442\u0435\u0445\u043d\u043e\u043b\u043e\u0433\u0438\u0439. \u041c\u044b \u0445\u043e\u0442\u0438\u043c \u0432\u0434\u043e\u0445\u043d\u043e\u0432\u043b\u044f\u0442\u044c, \u0438\u043d\u0444\u043e\u0440\u043c\u0438\u0440\u043e\u0432\u0430\u0442\u044c \u0438 \u0440\u0430\u0437\u0432\u043b\u0435\u043a\u0430\u0442\u044c \u043d\u0430\u0448\u0438\u0445 \u0447\u0438\u0442\u0430\u0442\u0435\u043b\u0435\u0439 \u0432\u0441\u0435\u043c\u0438 \u0432\u043e\u0437\u043c\u043e\u0436\u043d\u044b\u043c\u0438 \u0441\u043f\u043e\u0441\u043e\u0431\u0430\u043c\u0438.<\/p>\n\n\n\n<h3 class=\"wp-block-heading\">\u0411\u0443\u0434\u0443\u0449\u0435\u0435 \u0420\u043e\u0441\u0441\u0442\u0430\u0439\u043b\u043f\u0440\u043e<\/h3>\n\n\n\n<p>\u0411\u0443\u0434\u0443\u0449\u0435\u0435 Rosstylepro \u0437\u0430\u0445\u0432\u0430\u0442\u044b\u0432\u0430\u044e\u0449\u0435\u0435 \u0438 \u043f\u043e\u043b\u043d\u043e\u0435 \u0432\u043e\u0437\u043c\u043e\u0436\u043d\u043e\u0441\u0442\u0435\u0439. \u041c\u044b \u0432\u0441\u0435\u0433\u0434\u0430 \u0438\u0449\u0435\u043c \u043d\u043e\u0432\u044b\u0435 \u0441\u043f\u043e\u0441\u043e\u0431\u044b \u0432\u043d\u0435\u0434\u0440\u0435\u043d\u0438\u044f \u0438\u043d\u043d\u043e\u0432\u0430\u0446\u0438\u0439 \u0438 \u043f\u0440\u0435\u0434\u043e\u0441\u0442\u0430\u0432\u043b\u0435\u043d\u0438\u044f \u0435\u0449\u0435 \u043b\u0443\u0447\u0448\u0435\u0433\u043e \u043e\u043f\u044b\u0442\u0430 \u0434\u043b\u044f \u043d\u0430\u0448\u0435\u0433\u043e \u0441\u043e\u043e\u0431\u0449\u0435\u0441\u0442\u0432\u0430. \u041c\u044b \u043f\u043b\u0430\u043d\u0438\u0440\u0443\u0435\u043c \u0440\u0430\u0441\u0448\u0438\u0440\u044f\u0442\u044c \u043d\u0430\u0448 \u043a\u043e\u043d\u0442\u0435\u043d\u0442, \u0438\u0441\u0441\u043b\u0435\u0434\u043e\u0432\u0430\u0442\u044c \u043d\u043e\u0432\u044b\u0435 \u0442\u0435\u043c\u044b \u0438 \u043e\u0441\u0442\u0430\u0432\u0430\u0442\u044c\u0441\u044f \u043d\u0430\u0434\u0435\u0436\u043d\u044b\u043c \u0438\u0441\u0442\u043e\u0447\u043d\u0438\u043a\u043e\u043c \u0438\u043d\u0444\u043e\u0440\u043c\u0430\u0446\u0438\u0438 \u0438 \u0440\u0430\u0437\u0432\u043b\u0435\u0447\u0435\u043d\u0438\u0439 \u0434\u043b\u044f \u0432\u0441\u0435\u0445 \u043b\u044e\u0431\u0438\u0442\u0435\u043b\u0435\u0439 \u0442\u0435\u0445\u043d\u043e\u043b\u043e\u0433\u0438\u0439.<\/p>\n\n\n\n<h3 class=\"wp-block-heading\">\u0421\u0432\u044f\u0436\u0438\u0442\u0435\u0441\u044c \u0441 \u043d\u0430\u043c\u0438 \u0438 \u043f\u0440\u0438\u0441\u043e\u0435\u0434\u0438\u043d\u044f\u0439\u0442\u0435\u0441\u044c \u043a \u043f\u0440\u0438\u043a\u043b\u044e\u0447\u0435\u043d\u0438\u044e<\/h3>\n\n\n\n<p>\u041c\u044b \u0432\u044b\u0441\u043e\u043a\u043e \u0446\u0435\u043d\u0438\u043c \u043a\u043e\u043c\u043c\u0435\u043d\u0442\u0430\u0440\u0438\u0438, \u043f\u0440\u0435\u0434\u043b\u043e\u0436\u0435\u043d\u0438\u044f \u0438 \u0438\u0434\u0435\u0438 \u043d\u0430\u0448\u0435\u0433\u043e \u0441\u043e\u043e\u0431\u0449\u0435\u0441\u0442\u0432\u0430. \u0415\u0441\u043b\u0438 \u0443 \u0432\u0430\u0441 \u0435\u0441\u0442\u044c \u0432\u043e\u043f\u0440\u043e\u0441\u044b, \u043a\u043e\u043c\u043c\u0435\u043d\u0442\u0430\u0440\u0438\u0438 \u0438\u043b\u0438 \u0432\u044b \u0445\u043e\u0442\u0438\u0442\u0435 \u043f\u043e\u0434\u0435\u043b\u0438\u0442\u044c\u0441\u044f \u0441 \u043d\u0430\u043c\u0438 \u0441\u0432\u043e\u0438\u043c \u043e\u043f\u044b\u0442\u043e\u043c, \u043d\u0435 \u0441\u0442\u0435\u0441\u043d\u044f\u0439\u0442\u0435\u0441\u044c \u043e\u0431\u0440\u0430\u0449\u0430\u0442\u044c\u0441\u044f \u043a \u043d\u0430\u043c. \u0412\u0430\u0448\u0435 \u043c\u043d\u0435\u043d\u0438\u0435 \u043e\u0447\u0435\u043d\u044c \u0432\u0430\u0436\u043d\u043e \u0434\u043b\u044f \u043d\u0430\u0441!<\/p>\n\n\n\n<p>\u041c\u044b \u0446\u0435\u043d\u0438\u043c \u0432\u0430\u0448\u0435 \u0443\u0447\u0430\u0441\u0442\u0438\u0435 \u0432 \u043f\u0440\u043e\u0435\u043a\u0442\u0435 Rosstylepro. \u0412\u043c\u0435\u0441\u0442\u0435 \u043c\u044b \u0438\u0441\u0441\u043b\u0435\u0434\u0443\u0435\u043c \u043d\u043e\u0432\u044b\u0435 \u0433\u043e\u0440\u0438\u0437\u043e\u043d\u0442\u044b, \u043f\u0440\u0430\u0437\u0434\u043d\u0443\u0435\u043c \u043b\u044e\u0431\u043e\u043f\u044b\u0442\u0441\u0442\u0432\u043e \u0438 \u0438\u043d\u043d\u043e\u0432\u0430\u0446\u0438\u0438 \u0438 \u043f\u0440\u043e\u0434\u043e\u043b\u0436\u0430\u0435\u043c \u0432\u0434\u043e\u0445\u043d\u043e\u0432\u043b\u044f\u0442\u044c \u0434\u0440\u0443\u0433 \u0434\u0440\u0443\u0433\u0430 \u0432 \u044d\u0442\u043e\u043c \u0437\u0430\u0445\u0432\u0430\u0442\u044b\u0432\u0430\u044e\u0449\u0435\u043c \u0442\u0435\u0445\u043d\u043e\u043b\u043e\u0433\u0438\u0447\u0435\u0441\u043a\u043e\u043c \u0438 \u0447\u0435\u043b\u043e\u0432\u0435\u0447\u0435\u0441\u043a\u043e\u043c \u043f\u0443\u0442\u0435\u0448\u0435\u0441\u0442\u0432\u0438\u0438.<\/p>","protected":false},"excerpt":{"rendered":"<p>\u0414\u043e\u0431\u0440\u043e \u043f\u043e\u0436\u0430\u043b\u043e\u0432\u0430\u0442\u044c \u0432 Rosstylepro \u2014 \u0446\u0438\u0444\u0440\u043e\u0432\u043e\u0435 \u043f\u0440\u043e\u0441\u0442\u0440\u0430\u043d\u0441\u0442\u0432\u043e, \u0441\u043e\u0437\u0434\u0430\u043d\u043d\u043e\u0435 \u0434\u043b\u044f \u0440\u0430\u0437\u0432\u0438\u0442\u0438\u044f \u043b\u044e\u0431\u043e\u0437\u043d\u0430\u0442\u0435\u043b\u044c\u043d\u043e\u0441\u0442\u0438, \u0438\u0441\u0441\u043b\u0435\u0434\u043e\u0432\u0430\u043d\u0438\u044f \u0438\u043d\u043d\u043e\u0432\u0430\u0446\u0438\u0439 \u0438 \u043e\u0431\u043c\u0435\u043d\u0430 \u0443\u043d\u0438\u043a\u0430\u043b\u044c\u043d\u044b\u043c \u043e\u043f\u044b\u0442\u043e\u043c \u0432 \u043e\u0433\u0440\u043e\u043c\u043d\u043e\u043c \u043c\u0438\u0440\u0435 \u0442\u0435\u0445\u043d\u043e\u043b\u043e\u0433\u0438\u0439 \u0438 \u0440\u0430\u0437\u0432\u043b\u0435\u0447\u0435\u043d\u0438\u0439. Rosstylepro, \u043e\u0441\u043d\u043e\u0432\u0430\u043d\u043d\u044b\u0439 \u041a\u0438\u0440\u0438\u0442\u043e \u0438 \u041d\u044c\u044e, \u0430 \u0442\u0430\u043a\u0436\u0435 \u043a\u043e\u043c\u0430\u043d\u0434\u043e\u0439 \u0438\u0437 \u0431\u043e\u043b\u0435\u0435 \u0447\u0435\u043c 10 \u043f\u0440\u0435\u0434\u0430\u043d\u043d\u044b\u0445 \u0441\u0432\u043e\u0435\u043c\u0443 \u0434\u0435\u043b\u0443 \u043b\u044e\u0434\u0435\u0439, \u0432\u043e\u0437\u043d\u0438\u043a \u0438\u0437 \u043f\u043e\u0442\u0440\u0435\u0431\u043d\u043e\u0441\u0442\u0438 \u0432 \u0441\u0430\u043c\u043e\u0432\u044b\u0440\u0430\u0436\u0435\u043d\u0438\u0438 \u0438 \u0441\u0442\u0440\u0430\u0441\u0442\u0438 \u043a [\u2026]<\/p>","protected":false},"author":38,"featured_media":0,"parent":0,"menu_order":0,"comment_status":"closed","ping_status":"closed","template":"page-nosidebar.php","meta":{"footnotes":""},"yoast_head":"<!-- This site is optimized with the Yoast SEO plugin v23.3 - https:\/\/yoast.com\/wordpress\/plugins\/seo\/ -->\n<title>Sobre Nosotros - RosstylePRO<\/title>\n<meta name=\"robots\" content=\"index, follow, max-snippet:-1, max-image-preview:large, max-video-preview:-1\" \/>\n<link rel=\"canonical\" href=\"https:\/\/rosstylepro.com\/ru\/sobre-nosotros\/\" \/>\n<meta property=\"og:locale\" content=\"ru_RU\" \/>\n<meta property=\"og:type\" content=\"article\" \/>\n<meta property=\"og:title\" content=\"Sobre Nosotros - RosstylePRO\" \/>\n<meta property=\"og:description\" content=\"Bienvenidos a Rosstylepro, un espacio digital dise\u00f1ado para celebrar la curiosidad, explorar la innovaci\u00f3n y compartir experiencias \u00fanicas en el vasto mundo de la tecnolog\u00eda y el entretenimiento. Fundado por Kirito y New, junto con un equipo de m\u00e1s de 10 colaboradores dedicados, Rosstylepro surgi\u00f3 de la necesidad de expresi\u00f3n y de la pasi\u00f3n por [&hellip;]\" \/>\n<meta property=\"og:url\" content=\"https:\/\/rosstylepro.com\/ru\/sobre-nosotros\/\" \/>\n<meta property=\"og:site_name\" content=\"RosstylePRO\" \/>\n<meta property=\"article:modified_time\" content=\"2025-01-17T16:25:36+00:00\" \/>\n<meta name=\"twitter:card\" content=\"summary_large_image\" \/>\n<meta name=\"twitter:label1\" content=\"Est. reading time\" \/>\n\t<meta name=\"twitter:data1\" content=\"3 \u043c\u0438\u043d\u0443\u0442\u044b\" \/>\n<script type=\"application\/ld+json\" class=\"yoast-schema-graph\">{\"@context\":\"https:\/\/schema.org\",\"@graph\":[{\"@type\":\"WebPage\",\"@id\":\"https:\/\/rosstylepro.com\/sobre-nosotros\/\",\"url\":\"https:\/\/rosstylepro.com\/sobre-nosotros\/\",\"name\":\"Sobre Nosotros - RosstylePRO\",\"isPartOf\":{\"@id\":\"https:\/\/rosstylepro.com\/en\/#website\"},\"datePublished\":\"2024-05-02T15:36:23+00:00\",\"dateModified\":\"2025-01-17T16:25:36+00:00\",\"breadcrumb\":{\"@id\":\"https:\/\/rosstylepro.com\/sobre-nosotros\/#breadcrumb\"},\"inLanguage\":\"ru-RU\",\"potentialAction\":[{\"@type\":\"ReadAction\",\"target\":[\"https:\/\/rosstylepro.com\/sobre-nosotros\/\"]}]},{\"@type\":\"BreadcrumbList\",\"@id\":\"https:\/\/rosstylepro.com\/sobre-nosotros\/#breadcrumb\",\"itemListElement\":[{\"@type\":\"ListItem\",\"position\":1,\"name\":\"Home\",\"item\":\"https:\/\/rosstylepro.com\/\"},{\"@type\":\"ListItem\",\"position\":2,\"name\":\"Sobre Nosotros\"}]},{\"@type\":\"WebSite\",\"@id\":\"https:\/\/rosstylepro.com\/en\/#website\",\"url\":\"https:\/\/rosstylepro.com\/en\/\",\"name\":\"RosstylePRO\",\"description\":\"\",\"potentialAction\":[{\"@type\":\"SearchAction\",\"target\":{\"@type\":\"EntryPoint\",\"urlTemplate\":\"https:\/\/rosstylepro.com\/en\/?s={search_term_string}\"},\"query-input\":\"required name=search_term_string\"}],\"inLanguage\":\"ru-RU\"}]}<\/script>\n<!-- \/ Yoast SEO plugin. -->","yoast_head_json":{"title":"Sobre Nosotros - RosstylePRO","robots":{"index":"index","follow":"follow","max-snippet":"max-snippet:-1","max-image-preview":"max-image-preview:large","max-video-preview":"max-video-preview:-1"},"canonical":"https:\/\/rosstylepro.com\/ru\/sobre-nosotros\/","og_locale":"ru_RU","og_type":"article","og_title":"Sobre Nosotros - RosstylePRO","og_description":"Bienvenidos a Rosstylepro, un espacio digital dise\u00f1ado para celebrar la curiosidad, explorar la innovaci\u00f3n y compartir experiencias \u00fanicas en el vasto mundo de la tecnolog\u00eda y el entretenimiento. Fundado por Kirito y New, junto con un equipo de m\u00e1s de 10 colaboradores dedicados, Rosstylepro surgi\u00f3 de la necesidad de expresi\u00f3n y de la pasi\u00f3n por [&hellip;]","og_url":"https:\/\/rosstylepro.com\/ru\/sobre-nosotros\/","og_site_name":"RosstylePRO","article_modified_time":"2025-01-17T16:25:36+00:00","twitter_card":"summary_large_image","twitter_misc":{"Est. reading time":"3 \u043c\u0438\u043d\u0443\u0442\u044b"},"schema":{"@context":"https:\/\/schema.org","@graph":[{"@type":"WebPage","@id":"https:\/\/rosstylepro.com\/sobre-nosotros\/","url":"https:\/\/rosstylepro.com\/sobre-nosotros\/","name":"Sobre Nosotros - RosstylePRO","isPartOf":{"@id":"https:\/\/rosstylepro.com\/en\/#website"},"datePublished":"2024-05-02T15:36:23+00:00","dateModified":"2025-01-17T16:25:36+00:00","breadcrumb":{"@id":"https:\/\/rosstylepro.com\/sobre-nosotros\/#breadcrumb"},"inLanguage":"ru-RU","potentialAction":[{"@type":"ReadAction","target":["https:\/\/rosstylepro.com\/sobre-nosotros\/"]}]},{"@type":"BreadcrumbList","@id":"https:\/\/rosstylepro.com\/sobre-nosotros\/#breadcrumb","itemListElement":[{"@type":"ListItem","position":1,"name":"Home","item":"https:\/\/rosstylepro.com\/"},{"@type":"ListItem","position":2,"name":"Sobre Nosotros"}]},{"@type":"WebSite","@id":"https:\/\/rosstylepro.com\/en\/#website","url":"https:\/\/rosstylepro.com\/en\/","name":"RosstylePRO","description":"","potentialAction":[{"@type":"SearchAction","target":{"@type":"EntryPoint","urlTemplate":"https:\/\/rosstylepro.com\/en\/?s={search_term_string}"},"query-input":"required name=search_term_string"}],"inLanguage":"ru-RU"}]}},"_links":{"self":[{"href":"https:\/\/rosstylepro.com\/ru\/wp-json\/wp\/v2\/pages\/71"}],"collection":[{"href":"https:\/\/rosstylepro.com\/ru\/wp-json\/wp\/v2\/pages"}],"about":[{"href":"https:\/\/rosstylepro.com\/ru\/wp-json\/wp\/v2\/types\/page"}],"author":[{"embeddable":true,"href":"https:\/\/rosstylepro.com\/ru\/wp-json\/wp\/v2\/users\/38"}],"replies":[{"embeddable":true,"href":"https:\/\/rosstylepro.com\/ru\/wp-json\/wp\/v2\/comments?post=71"}],"version-history":[{"count":1,"href":"https:\/\/rosstylepro.com\/ru\/wp-json\/wp\/v2\/pages\/71\/revisions"}],"predecessor-version":[{"id":1564,"href":"https:\/\/rosstylepro.com\/ru\/wp-json\/wp\/v2\/pages\/71\/revisions\/1564"}],"wp:attachment":[{"href":"https:\/\/rosstylepro.com\/ru\/wp-json\/wp\/v2\/media?parent=71"}],"curies":[{"name":"wp","href":"https:\/\/api.w.org\/{rel}","templated":true}]}}