{"id":117,"date":"2024-05-03T12:02:42","date_gmt":"2024-05-03T15:02:42","guid":{"rendered":"https:\/\/rosstylepro.com\/?page_id=117"},"modified":"2025-01-17T16:25:35","modified_gmt":"2025-01-17T16:25:35","slug":"condiciones-de-uso","status":"publish","type":"page","link":"https:\/\/rosstylepro.com\/sk\/condiciones-de-uso\/","title":{"rendered":"Podmienky pou\u017e\u00edvania"},"content":{"rendered":"<h2 class=\"wp-block-heading\">1. V\u0161eobecn\u00e9 podmienky<\/h2>\n\n\n\n<p>Pr\u00edstupom na webov\u00fa str\u00e1nku <a href=\"https:\/\/rosstylepro.com\/sk\/\">Rosstylepro<\/a> S\u00fahlas\u00edte s t\u00fdm, \u017ee budete viazan\u00ed t\u00fdmito Podmienkami slu\u017eby, v\u0161etk\u00fdmi platn\u00fdmi z\u00e1konmi a predpismi a s\u00fahlas\u00edte s t\u00fdm, \u017ee ste zodpovedn\u00ed za dodr\u017eiavanie v\u0161etk\u00fdch platn\u00fdch miestnych z\u00e1konov. Ak nes\u00fahlas\u00edte s niektorou z t\u00fdchto podmienok, je v\u00e1m zak\u00e1zan\u00e9 pou\u017e\u00edva\u0165 t\u00fato str\u00e1nku alebo k nej pristupova\u0165. Materi\u00e1ly uveden\u00e9 na tejto str\u00e1nke s\u00fa chr\u00e1nen\u00e9 platn\u00fdmi autorsk\u00fdmi pr\u00e1vami a z\u00e1konmi o ochrann\u00fdch zn\u00e1mkach.<\/p>\n\n\n\n<h2 class=\"wp-block-heading\">2. Licencia na pou\u017e\u00edvanie<\/h2>\n\n\n\n<p>Je udelen\u00e9 povolenie na do\u010dasn\u00e9 stiahnutie jednej k\u00f3pie materi\u00e1lov (inform\u00e1ci\u00ed alebo softv\u00e9ru) z webovej str\u00e1nky\u00a0<a href=\"https:\/\/curioiogo.com\/\"><\/a><a href=\"https:\/\/rosstylepro.com\/sk\/\">Rosstylepro<\/a> len na osobn\u00e9, nekomer\u010dn\u00e9 a prechodn\u00e9 pou\u017eitie. Ide o udelenie licencie, nie o prevod vlastn\u00edctva, a na z\u00e1klade tejto licencie nesmiete<\/p>\n\n\n\n<ol class=\"wp-block-list\">\n<li>upravova\u0165 alebo kop\u00edrova\u0165 materi\u00e1ly;<\/li>\n\n\n\n<li>pou\u017e\u00edva\u0165 materi\u00e1ly na komer\u010dn\u00e9 \u00fa\u010dely alebo na verejn\u00e9 vystavenie (komer\u010dn\u00e9 alebo nekomer\u010dn\u00e9);<\/li>\n\n\n\n<li>pok\u00fa\u0161a\u0165 sa dekompilova\u0165 alebo sp\u00e4tne analyzova\u0165 ak\u00fdko\u013evek softv\u00e9r nach\u00e1dzaj\u00faci sa na Str\u00e1nke\u00a0<a href=\"https:\/\/rosstylepro.com\/sk\/\">Rosstylepro<\/a>;<\/li>\n\n\n\n<li>odstr\u00e1ni\u0165 z materi\u00e1lov ak\u00e9ko\u013evek ozna\u010denia autorsk\u00fdch pr\u00e1v alebo in\u00e9 vlastn\u00edcke pr\u00e1va; bu\u010f<\/li>\n\n\n\n<li>prenies\u0165 materi\u00e1ly na in\u00fa osobu alebo \u201ezrkadli\u0165\u201c materi\u00e1ly na akomko\u013evek inom serveri.<\/li>\n<\/ol>\n\n\n\n<p>T\u00e1to licencia automaticky zanikne, ak poru\u0161\u00edte ktor\u00e9ko\u013evek z t\u00fdchto obmedzen\u00ed a m\u00f4\u017ee by\u0165 ukon\u010den\u00e1\u00a0<a href=\"https:\/\/curioiogo.com\/\"><\/a><a href=\"https:\/\/rosstylepro.com\/sk\/\">Rosstylepro<\/a> kedyko\u013evek. Ke\u010f prestanete prezera\u0165 tieto materi\u00e1ly alebo ke\u010f t\u00e1to licencia skon\u010d\u00ed, mus\u00edte vymaza\u0165 v\u0161etky stiahnut\u00e9 materi\u00e1ly, ktor\u00e9 vlastn\u00edte, \u010di u\u017e v elektronickej alebo tla\u010denej forme.<\/p>\n\n\n\n<h2 class=\"wp-block-heading\">3. Vyhl\u00e1senie o odmietnut\u00ed zodpovednosti<\/h2>\n\n\n\n<p>Materi\u00e1ly na webovej str\u00e1nke\u00a0<a href=\"https:\/\/curioiogo.com\/\"><\/a><a href=\"https:\/\/rosstylepro.com\/sk\/\">Rosstylepro<\/a> s\u00fa poskytovan\u00e9 \u201etak, ako s\u00fa\u201c.\u00a0<a href=\"https:\/\/curioiogo.com\/\"><\/a>Spolo\u010dnos\u0165 Rosstylepro neposkytuje \u017eiadne z\u00e1ruky, v\u00fdslovn\u00e9 ani implicitn\u00e9, a t\u00fdmto sa zrieka a neguje v\u0161etky ostatn\u00e9 z\u00e1ruky vr\u00e1tane, okrem in\u00e9ho, implicitn\u00fdch z\u00e1ruk alebo podmienok predajnosti, vhodnosti na konkr\u00e9tny \u00fa\u010del alebo neporu\u0161enia du\u0161evn\u00e9ho vlastn\u00edctva alebo in\u00e9ho poru\u0161enia pr\u00e1v.<\/p>\n\n\n\n<p>Okrem toho,\u00a0<a href=\"https:\/\/rosstylepro.com\/sk\/\">Rosstylepro<\/a> nezaru\u010duje ani neposkytuje \u017eiadne vyhl\u00e1senia t\u00fdkaj\u00face sa presnosti, pravdepodobn\u00fdch v\u00fdsledkov alebo spo\u013eahlivosti pou\u017eitia materi\u00e1lov na svojej internetovej webovej str\u00e1nke alebo inak s\u00favisiacich s tak\u00fdmito materi\u00e1lmi alebo na ak\u00fdchko\u013evek str\u00e1nkach prepojen\u00fdch s touto str\u00e1nkou.<\/p>\n\n\n\n<h2 class=\"wp-block-heading\">4. Obmedzenia<\/h2>\n\n\n\n<p>V \u017eiadnom pr\u00edpade\u00a0<a href=\"https:\/\/curioiogo.com\/\"><\/a><a href=\"https:\/\/rosstylepro.com\/sk\/\">Rosstylepro<\/a> alebo jej dod\u00e1vatelia zodpovedaj\u00fa za ak\u00e9ko\u013evek \u0161kody (vr\u00e1tane, okrem in\u00e9ho, \u0161k\u00f4d sp\u00f4soben\u00fdch stratou \u00fadajov alebo zisku alebo \u0161k\u00f4d sp\u00f4soben\u00fdch preru\u0161en\u00edm podnikania) vypl\u00fdvaj\u00face z pou\u017e\u00edvania alebo neschopnosti pou\u017e\u00edva\u0165 materi\u00e1ly uveden\u00e9 na\u00a0<a href=\"http:\/\/tekamaster.com\/\"><\/a><a href=\"https:\/\/curioiogo.com\/\"><\/a><a href=\"https:\/\/rosstylepre.com\/\"><\/a><a href=\"https:\/\/rosstylepro.com\/sk\/\"><\/a><a href=\"https:\/\/rosstylepro.com\/sk\/\">Rosstylepro<\/a>, aj ke\u010f\u00a0<a href=\"https:\/\/rosstylepro.com\/sk\/\">Rosstylepro<\/a> alebo opr\u00e1vnen\u00fd z\u00e1stupca\u00a0<a href=\"https:\/\/rosstylepro.com\/sk\/\">Rosstylepro<\/a> bol \u00fastne alebo p\u00edsomne upozornen\u00fd na mo\u017enos\u0165 vzniku tak\u00fdchto \u0161k\u00f4d. Ke\u010f\u017ee niektor\u00e9 jurisdikcie nepovo\u013euj\u00fa obmedzenia implicitn\u00fdch z\u00e1ruk ani obmedzenia zodpovednosti za n\u00e1sledn\u00e9 alebo n\u00e1hodn\u00e9 \u0161kody, tieto obmedzenia sa na v\u00e1s nemusia vz\u0165ahova\u0165.<\/p>\n\n\n\n<h2 class=\"wp-block-heading\">5. Presnos\u0165 materi\u00e1lov<\/h2>\n\n\n\n<p>Materi\u00e1ly, ktor\u00e9 sa objavuj\u00fa na webovej str\u00e1nke\u00a0<a href=\"https:\/\/rosstylepro.com\/sk\/\">Rosstylepro<\/a> m\u00f4\u017eu obsahova\u0165 technick\u00e9, typografick\u00e9 alebo fotografick\u00e9 chyby.\u00a0<a href=\"https:\/\/rosstylepro.com\/sk\/\">Rosstylepro<\/a> nezaru\u010duje, \u017ee ktor\u00fdko\u013evek z materi\u00e1lov na jej webovej str\u00e1nke je presn\u00fd, \u00fapln\u00fd alebo aktu\u00e1lny.\u00a0<a href=\"https:\/\/rosstylepro.com\/sk\/\">Rosstylepro<\/a> m\u00f4\u017ee kedyko\u013evek bez predch\u00e1dzaj\u00faceho upozornenia vykona\u0165 zmeny v materi\u00e1loch uveden\u00fdch na svojej webovej str\u00e1nke. Av\u0161ak\u00a0<a href=\"https:\/\/rosstylepro.com\/sk\/\">Rosstylepro<\/a> sa nezav\u00e4zuje k aktualiz\u00e1cii materi\u00e1lov.<\/p>\n\n\n\n<h2 class=\"wp-block-heading\">6. Odkazy<\/h2>\n\n\n\n<p><a href=\"https:\/\/rosstylepro.com\/sk\/\">Rosstylepro<\/a> nepresk\u00famala v\u0161etky str\u00e1nky prepojen\u00e9 s jej webovou str\u00e1nkou a nezodpoved\u00e1 za obsah \u017eiadnych tak\u00fdchto prepojen\u00fdch str\u00e1nok. Zahrnutie ak\u00e9hoko\u013evek odkazu neznamen\u00e1 schv\u00e1lenie str\u00e1nky zo strany\u00a0<a href=\"http:\/\/tekamaster.com\/\"><\/a><a href=\"https:\/\/curioiogo.com\/\"><\/a><a href=\"https:\/\/rosstylepre.com\/\"><\/a><a href=\"https:\/\/rosstylepro.com\/sk\/\"><\/a><a href=\"https:\/\/rosstylepro.com\/sk\/\">Rosstylepro<\/a>. Pou\u017e\u00edvanie akejko\u013evek prepojenej str\u00e1nky je na vlastn\u00e9 riziko pou\u017e\u00edvate\u013ea.<\/p>\n\n\n\n<h3 class=\"wp-block-heading\">\u00dapravy<\/h3>\n\n\n\n<p><a href=\"https:\/\/rosstylepro.com\/sk\/\">Rosstylepro<\/a> m\u00f4\u017ee kedyko\u013evek bez predch\u00e1dzaj\u00faceho upozornenia zmeni\u0165 tieto podmienky pou\u017e\u00edvania svojej webovej str\u00e1nky. Pou\u017e\u00edvan\u00edm tejto str\u00e1nky s\u00fahlas\u00edte s t\u00fdm, \u017ee budete viazan\u00ed aktu\u00e1lnou verziou t\u00fdchto Podmienok slu\u017eby.<\/p>\n\n\n\n<h3 class=\"wp-block-heading\">Platn\u00e9 pr\u00e1vne predpisy<\/h3>\n\n\n\n<p>Tieto zmluvn\u00e9 podmienky sa riadia a vykladaj\u00fa v s\u00falade so z\u00e1konmi \u0161t\u00e1tu\u00a0<a href=\"https:\/\/rosstylepro.com\/sk\/\">Rosstylepro<\/a> a neodvolate\u013ene sa podria\u010fujete v\u00fdlu\u010dnej jurisdikcii s\u00fadov dan\u00e9ho \u0161t\u00e1tu alebo lokality.<\/p>","protected":false},"excerpt":{"rendered":"<p>1. V\u0161eobecn\u00e9 zmluvn\u00e9 podmienky Pr\u00edstupom na webov\u00fa str\u00e1nku Rosstylepro s\u00fahlas\u00edte s t\u00fdm, \u017ee budete viazan\u00ed t\u00fdmito Podmienkami slu\u017eby, v\u0161etk\u00fdmi platn\u00fdmi z\u00e1konmi a predpismi a s\u00fahlas\u00edte s t\u00fdm, \u017ee ste zodpovedn\u00ed za dodr\u017eiavanie v\u0161etk\u00fdch platn\u00fdch miestnych z\u00e1konov. Ak nes\u00fahlas\u00edte s niektorou z t\u00fdchto zmluvn\u00fdch podmienok, je v\u00e1m zak\u00e1zan\u00e9 pou\u017e\u00edva\u0165 webov\u00fa str\u00e1nku alebo k nej pristupova\u0165.<\/p>","protected":false},"author":38,"featured_media":0,"parent":0,"menu_order":0,"comment_status":"closed","ping_status":"closed","template":"page-nosidebar.php","meta":{"footnotes":""},"yoast_head":"<!-- This site is optimized with the Yoast SEO plugin v23.3 - https:\/\/yoast.com\/wordpress\/plugins\/seo\/ -->\n<title>Condiciones de uso - RosstylePRO<\/title>\n<meta name=\"robots\" content=\"index, follow, max-snippet:-1, max-image-preview:large, max-video-preview:-1\" \/>\n<link rel=\"canonical\" href=\"https:\/\/rosstylepro.com\/sk\/condiciones-de-uso\/\" \/>\n<meta property=\"og:locale\" content=\"sk_SK\" \/>\n<meta property=\"og:type\" content=\"article\" \/>\n<meta property=\"og:title\" content=\"Condiciones de uso - RosstylePRO\" \/>\n<meta property=\"og:description\" content=\"1.Condiciones generales Al acceder al sitio web de Rosstylepro usted acepta quedar vinculado por estas condiciones de servicio, todas las leyes y reglamentos aplicables, y acepta que es responsable del cumplimiento de cualquier ley local aplicable. Si usted no est\u00e1 de acuerdo con cualquiera de estos t\u00e9rminos, se le proh\u00edbe el uso o acceso a [&hellip;]\" \/>\n<meta property=\"og:url\" content=\"https:\/\/rosstylepro.com\/sk\/condiciones-de-uso\/\" \/>\n<meta property=\"og:site_name\" content=\"RosstylePRO\" \/>\n<meta property=\"article:modified_time\" content=\"2025-01-17T16:25:35+00:00\" \/>\n<meta name=\"twitter:card\" content=\"summary_large_image\" \/>\n<meta name=\"twitter:label1\" content=\"Est. reading time\" \/>\n\t<meta name=\"twitter:data1\" content=\"4 min\u00faty\" \/>\n<script type=\"application\/ld+json\" class=\"yoast-schema-graph\">{\"@context\":\"https:\/\/schema.org\",\"@graph\":[{\"@type\":\"WebPage\",\"@id\":\"https:\/\/rosstylepro.com\/condiciones-de-uso\/\",\"url\":\"https:\/\/rosstylepro.com\/condiciones-de-uso\/\",\"name\":\"Condiciones de uso - RosstylePRO\",\"isPartOf\":{\"@id\":\"https:\/\/rosstylepro.com\/en\/#website\"},\"datePublished\":\"2024-05-03T15:02:42+00:00\",\"dateModified\":\"2025-01-17T16:25:35+00:00\",\"breadcrumb\":{\"@id\":\"https:\/\/rosstylepro.com\/condiciones-de-uso\/#breadcrumb\"},\"inLanguage\":\"sk-SK\",\"potentialAction\":[{\"@type\":\"ReadAction\",\"target\":[\"https:\/\/rosstylepro.com\/condiciones-de-uso\/\"]}]},{\"@type\":\"BreadcrumbList\",\"@id\":\"https:\/\/rosstylepro.com\/condiciones-de-uso\/#breadcrumb\",\"itemListElement\":[{\"@type\":\"ListItem\",\"position\":1,\"name\":\"Home\",\"item\":\"https:\/\/rosstylepro.com\/\"},{\"@type\":\"ListItem\",\"position\":2,\"name\":\"Condiciones de uso\"}]},{\"@type\":\"WebSite\",\"@id\":\"https:\/\/rosstylepro.com\/en\/#website\",\"url\":\"https:\/\/rosstylepro.com\/en\/\",\"name\":\"RosstylePRO\",\"description\":\"\",\"potentialAction\":[{\"@type\":\"SearchAction\",\"target\":{\"@type\":\"EntryPoint\",\"urlTemplate\":\"https:\/\/rosstylepro.com\/en\/?s={search_term_string}\"},\"query-input\":\"required name=search_term_string\"}],\"inLanguage\":\"sk-SK\"}]}<\/script>\n<!-- \/ Yoast SEO plugin. -->","yoast_head_json":{"title":"Condiciones de uso - RosstylePRO","robots":{"index":"index","follow":"follow","max-snippet":"max-snippet:-1","max-image-preview":"max-image-preview:large","max-video-preview":"max-video-preview:-1"},"canonical":"https:\/\/rosstylepro.com\/sk\/condiciones-de-uso\/","og_locale":"sk_SK","og_type":"article","og_title":"Condiciones de uso - RosstylePRO","og_description":"1.Condiciones generales Al acceder al sitio web de Rosstylepro usted acepta quedar vinculado por estas condiciones de servicio, todas las leyes y reglamentos aplicables, y acepta que es responsable del cumplimiento de cualquier ley local aplicable. Si usted no est\u00e1 de acuerdo con cualquiera de estos t\u00e9rminos, se le proh\u00edbe el uso o acceso a [&hellip;]","og_url":"https:\/\/rosstylepro.com\/sk\/condiciones-de-uso\/","og_site_name":"RosstylePRO","article_modified_time":"2025-01-17T16:25:35+00:00","twitter_card":"summary_large_image","twitter_misc":{"Est. reading time":"4 min\u00faty"},"schema":{"@context":"https:\/\/schema.org","@graph":[{"@type":"WebPage","@id":"https:\/\/rosstylepro.com\/condiciones-de-uso\/","url":"https:\/\/rosstylepro.com\/condiciones-de-uso\/","name":"Condiciones de uso - RosstylePRO","isPartOf":{"@id":"https:\/\/rosstylepro.com\/en\/#website"},"datePublished":"2024-05-03T15:02:42+00:00","dateModified":"2025-01-17T16:25:35+00:00","breadcrumb":{"@id":"https:\/\/rosstylepro.com\/condiciones-de-uso\/#breadcrumb"},"inLanguage":"sk-SK","potentialAction":[{"@type":"ReadAction","target":["https:\/\/rosstylepro.com\/condiciones-de-uso\/"]}]},{"@type":"BreadcrumbList","@id":"https:\/\/rosstylepro.com\/condiciones-de-uso\/#breadcrumb","itemListElement":[{"@type":"ListItem","position":1,"name":"Home","item":"https:\/\/rosstylepro.com\/"},{"@type":"ListItem","position":2,"name":"Condiciones de uso"}]},{"@type":"WebSite","@id":"https:\/\/rosstylepro.com\/en\/#website","url":"https:\/\/rosstylepro.com\/en\/","name":"RosstylePRO","description":"","potentialAction":[{"@type":"SearchAction","target":{"@type":"EntryPoint","urlTemplate":"https:\/\/rosstylepro.com\/en\/?s={search_term_string}"},"query-input":"required name=search_term_string"}],"inLanguage":"sk-SK"}]}},"_links":{"self":[{"href":"https:\/\/rosstylepro.com\/sk\/wp-json\/wp\/v2\/pages\/117"}],"collection":[{"href":"https:\/\/rosstylepro.com\/sk\/wp-json\/wp\/v2\/pages"}],"about":[{"href":"https:\/\/rosstylepro.com\/sk\/wp-json\/wp\/v2\/types\/page"}],"author":[{"embeddable":true,"href":"https:\/\/rosstylepro.com\/sk\/wp-json\/wp\/v2\/users\/38"}],"replies":[{"embeddable":true,"href":"https:\/\/rosstylepro.com\/sk\/wp-json\/wp\/v2\/comments?post=117"}],"version-history":[{"count":1,"href":"https:\/\/rosstylepro.com\/sk\/wp-json\/wp\/v2\/pages\/117\/revisions"}],"predecessor-version":[{"id":1560,"href":"https:\/\/rosstylepro.com\/sk\/wp-json\/wp\/v2\/pages\/117\/revisions\/1560"}],"wp:attachment":[{"href":"https:\/\/rosstylepro.com\/sk\/wp-json\/wp\/v2\/media?parent=117"}],"curies":[{"name":"wp","href":"https:\/\/api.w.org\/{rel}","templated":true}]}}