{"id":66,"date":"2024-05-02T12:17:37","date_gmt":"2024-05-02T15:17:37","guid":{"rendered":"https:\/\/rosstylepro.com\/?page_id=66"},"modified":"2025-01-17T16:25:36","modified_gmt":"2025-01-17T16:25:36","slug":"politica-de-privacidad","status":"publish","type":"page","link":"https:\/\/rosstylepro.com\/sk\/politica-de-privacidad\/","title":{"rendered":"Z\u00e1sady ochrany osobn\u00fdch \u00fadajov"},"content":{"rendered":"<p>Va\u0161e s\u00fakromie je pre n\u00e1s d\u00f4le\u017eit\u00e9. V spolo\u010dnosti Rosstylepro m\u00e1me politiku re\u0161pektovania v\u00e1\u0161ho s\u00fakromia v s\u00favislosti s ak\u00fdmiko\u013evek inform\u00e1ciami, ktor\u00e9 m\u00f4\u017eeme zhroma\u017edi\u0165 na str\u00e1nke Rosstylepro a na in\u00fdch str\u00e1nkach, ktor\u00e9 vlastn\u00edme a prev\u00e1dzkujeme.<\/p>\n\n\n\n<p>Osobn\u00e9 \u00fadaje \u017eiadame len vtedy, ke\u010f ich skuto\u010dne potrebujeme na to, aby sme v\u00e1m mohli poskytn\u00fa\u0165 slu\u017ebu. Rob\u00edme to spravodlivo a z\u00e1konne, s va\u0161\u00edm vedom\u00edm a s\u00fahlasom. Tie\u017e v\u00e1s informujeme, pre\u010do tieto inform\u00e1cie zhroma\u017e\u010fujeme a ako ich pou\u017eijeme.<\/p>\n\n\n\n<p>Zhroma\u017eden\u00e9 inform\u00e1cie uchov\u00e1vame len tak dlho, ako je potrebn\u00e9 na poskytnutie po\u017eadovanej slu\u017eby. Ke\u010f \u00fadaje uchov\u00e1vame, chr\u00e1nime ich komer\u010dne prijate\u013en\u00fdmi prostriedkami, aby sme zabr\u00e1nili strate, kr\u00e1de\u017ei, neopr\u00e1vnen\u00e9mu pr\u00edstupu, zverejneniu, kop\u00edrovaniu, pou\u017eitiu alebo \u00faprave.<\/p>\n\n\n\n<p>Osobne identifikovate\u013en\u00e9 inform\u00e1cie nezdie\u013eame verejne ani s tret\u00edmi stranami okrem pr\u00edpadov, ke\u010f to vy\u017eaduje z\u00e1kon.<\/p>\n\n\n\n<p>Na\u0161a str\u00e1nka m\u00f4\u017ee obsahova\u0165 odkazy na extern\u00e9 str\u00e1nky, ktor\u00e9 neprev\u00e1dzkujeme. Upozor\u0148ujeme, \u017ee nem\u00e1me \u017eiadnu kontrolu nad obsahom a postupmi t\u00fdchto str\u00e1nok a nem\u00f4\u017eeme nies\u0165 zodpovednos\u0165 za ich z\u00e1sady ochrany osobn\u00fdch \u00fadajov.<\/p>\n\n\n\n<p>M\u00f4\u017eete odmietnu\u0165 na\u0161u \u017eiados\u0165 o osobn\u00e9 \u00fadaje, aj ke\u010f si uvedomte, \u017ee niektor\u00e9 po\u017eadovan\u00e9 slu\u017eby v\u00e1m mo\u017eno nebudeme m\u00f4c\u0165 poskytn\u00fa\u0165.<\/p>\n\n\n\n<p>Va\u0161e \u010fal\u0161ie pou\u017e\u00edvanie na\u0161ej str\u00e1nky bude pova\u017eovan\u00e9 za prijatie na\u0161ich prakt\u00edk t\u00fdkaj\u00facich sa s\u00fakromia a osobn\u00fdch \u00fadajov. Ak m\u00e1te ak\u00e9ko\u013evek ot\u00e1zky o tom, ako naklad\u00e1me s pou\u017e\u00edvate\u013esk\u00fdmi \u00fadajmi a osobn\u00fdmi \u00fadajmi, kontaktujte n\u00e1s.<\/p>\n\n\n\n<h2 class=\"wp-block-heading\">Zabezpe\u010denie str\u00e1nok Rosstylepro<\/h2>\n\n\n\n<p>Str\u00e1nka je pre pou\u017e\u00edvate\u013ea spo\u013eahliv\u00e1 a bezpe\u010dn\u00e1, ako uv\u00e1dza Site Check. Str\u00e1nka kontroluje inform\u00e1cie o lokalite, aby identifikovala potenci\u00e1lne probl\u00e9my so zabezpe\u010den\u00edm.<\/p>\n\n\n\n<h2 class=\"wp-block-heading\">Z\u00e1sady pou\u017e\u00edvania s\u00faborov cookie spolo\u010dnosti Rosstylepro<\/h2>\n\n\n\n<p><strong>\u010co s\u00fa cookies?<\/strong><\/p>\n\n\n\n<p>Ako je be\u017en\u00e9 u takmer v\u0161etk\u00fdch profesion\u00e1lnych webov\u00fdch str\u00e1nok, t\u00e1to str\u00e1nka pou\u017e\u00edva cookies, \u010do s\u00fa mal\u00e9 s\u00fabory stiahnut\u00e9 do v\u00e1\u0161ho po\u010d\u00edta\u010da, aby sa zlep\u0161ila va\u0161a sk\u00fasenos\u0165. T\u00e1to str\u00e1nka popisuje, ak\u00e9 inform\u00e1cie zhroma\u017e\u010fuj\u00fa, ako ich pou\u017e\u00edvame a pre\u010do niekedy potrebujeme uklada\u0165 tieto s\u00fabory cookie. Uk\u00e1\u017eeme v\u00e1m tie\u017e, ako m\u00f4\u017eete zabr\u00e1ni\u0165 ukladaniu t\u00fdchto s\u00faborov cookie, hoci to m\u00f4\u017ee ovplyvni\u0165 funk\u010dnos\u0165 str\u00e1nky.<\/p>\n\n\n\n<p><strong>Ako pou\u017e\u00edvame s\u00fabory cookie?<\/strong><\/p>\n\n\n\n<p>S\u00fabory cookie pou\u017e\u00edvame z nieko\u013ek\u00fdch d\u00f4vodov, ktor\u00e9 s\u00fa podrobne uveden\u00e9 ni\u017e\u0161ie. Bohu\u017eia\u013e, vo v\u00e4\u010d\u0161ine pr\u00edpadov neexistuj\u00fa \u017eiadne \u0161tandardn\u00e9 mo\u017enosti na zak\u00e1zanie s\u00faborov cookie bez \u00fapln\u00e9ho vypnutia funkci\u00ed a funkci\u00ed, ktor\u00e9 prid\u00e1vaj\u00fa na t\u00fato str\u00e1nku. Odpor\u00fa\u010da sa ponecha\u0165 v\u0161etky s\u00fabory cookie povolen\u00e9, ak si nie ste ist\u00ed, \u010di ich potrebujete alebo nie, v pr\u00edpade, \u017ee sa pou\u017e\u00edvaj\u00fa na poskytovanie slu\u017eby, ktor\u00fa pou\u017e\u00edvate.<\/p>\n\n\n\n<p><strong>Deaktiv\u00e1cia cookies<\/strong><\/p>\n\n\n\n<p>Nastavovaniu s\u00faborov cookie m\u00f4\u017eete zabr\u00e1ni\u0165 \u00fapravou nastaven\u00ed prehliada\u010da (pozrite si pomocn\u00edka v\u00e1\u0161ho prehliada\u010da, ako to urobi\u0165). Upozor\u0148ujeme, \u017ee zak\u00e1zanie s\u00faborov cookie ovplyvn\u00ed funk\u010dnos\u0165 tejto a mnoh\u00fdch \u010fal\u0161\u00edch str\u00e1nok, ktor\u00e9 nav\u0161t\u00edvite. Zak\u00e1zanie s\u00faborov cookie vo v\u0161eobecnosti povedie k zak\u00e1zaniu ur\u010dit\u00fdch funkci\u00ed a vlastnost\u00ed tejto str\u00e1nky. Preto sa odpor\u00fa\u010da nezakazova\u0165 cookies.<\/p>\n\n\n\n<p><strong>S\u00fabory cookie, ktor\u00e9 sme nastavili<\/strong><\/p>\n\n\n\n<ul>\n<li>S\u00fabory cookie s\u00favisiace s \u00fa\u010dtom<br><br>Ak si u n\u00e1s vytvor\u00edte \u00fa\u010det, budeme na spr\u00e1vu registra\u010dn\u00e9ho procesu a v\u0161eobecnej administr\u00e1cie pou\u017e\u00edva\u0165 s\u00fabory cookie. Tieto s\u00fabory cookie sa zvy\u010dajne vyma\u017e\u00fa, ke\u010f sa odhl\u00e1site, ale v niektor\u00fdch pr\u00edpadoch m\u00f4\u017eu zosta\u0165, aby si po odhl\u00e1sen\u00ed zapam\u00e4tali va\u0161e preferencie str\u00e1nok.<\/li>\n\n\n\n<li>Cookies s\u00favisiace s prihl\u00e1sen\u00edm<br><br>Ke\u010f sa prihl\u00e1site, pou\u017e\u00edvame s\u00fabory cookie, aby sme si t\u00fato akciu zapam\u00e4tali. T\u00fdm sa zabr\u00e1ni tomu, aby ste sa museli prihlasova\u0165 zaka\u017ed\u00fdm, ke\u010f nav\u0161t\u00edvite nov\u00fa str\u00e1nku. Tieto s\u00fabory cookie sa zvy\u010dajne vyma\u017e\u00fa, ke\u010f sa odhl\u00e1site, aby ste sa uistili, \u017ee po prihl\u00e1sen\u00ed budete ma\u0165 pr\u00edstup iba k obmedzen\u00fdm funkci\u00e1m a oblastiam.<\/li>\n\n\n\n<li>S\u00fabory cookie s\u00favisiace s e-mailov\u00fdmi spravodajcami<br><br>T\u00e1to str\u00e1nka pon\u00faka slu\u017eby odberu noviniek alebo e-mailov a s\u00fabory cookie m\u00f4\u017eu by\u0165 pou\u017eit\u00e9 na zapam\u00e4tanie, \u010di ste u\u017e zaregistrovan\u00fd a \u010di sa maj\u00fa zobrazova\u0165 ur\u010dit\u00e9 upozornenia iba registrovan\u00fdm\/neregistrovan\u00fdm pou\u017e\u00edvate\u013eom.<\/li>\n\n\n\n<li>Cookies s\u00favisiace so spracovan\u00edm objedn\u00e1vky<br><br>T\u00e1to str\u00e1nka pon\u00faka mo\u017enosti elektronick\u00e9ho obchodu alebo platby a niektor\u00e9 s\u00fabory cookie s\u00fa nevyhnutn\u00e9 na to, aby sa zabezpe\u010dilo zapam\u00e4tanie va\u0161ej objedn\u00e1vky medzi str\u00e1nkami, aby sme ju mohli spr\u00e1vne spracova\u0165.<\/li>\n\n\n\n<li>Cookies s\u00favisiace s prieskumom<br><br>Pravidelne pon\u00fakame prieskumy a dotazn\u00edky, aby sme v\u00e1m poskytli zauj\u00edmav\u00e9 inform\u00e1cie, u\u017eito\u010dn\u00e9 n\u00e1stroje alebo lep\u0161ie porozumeli na\u0161ej pou\u017e\u00edvate\u013eskej z\u00e1kladni. Tieto prieskumy m\u00f4\u017eu pou\u017e\u00edva\u0165 s\u00fabory cookie na zapam\u00e4tanie si toho, kto sa prieskumu z\u00fa\u010dastnil, alebo na poskytnutie presn\u00fdch v\u00fdsledkov po zmene str\u00e1nok.<\/li>\n\n\n\n<li>S\u00fabory cookie s\u00favisiace s formul\u00e1rom<br><br>Ke\u010f odosielate \u00fadaje prostredn\u00edctvom formul\u00e1ra, ako s\u00fa tie, ktor\u00e9 n\u00e1jdete na kontaktn\u00fdch str\u00e1nkach alebo formul\u00e1roch s koment\u00e1rmi, s\u00fabory cookie m\u00f4\u017eu by\u0165 nastaven\u00e9 tak, aby si zapam\u00e4tali va\u0161e pou\u017e\u00edvate\u013esk\u00e9 \u00fadaje pre bud\u00facu kore\u0161pondenciu.<\/li>\n\n\n\n<li>S\u00fabory cookie preferenci\u00ed str\u00e1nok<br><br>Aby sme v\u00e1m na tejto str\u00e1nke poskytli optim\u00e1lny z\u00e1\u017eitok, poskytujeme funkciu na nastavenie va\u0161ich preferenci\u00ed fungovania tejto str\u00e1nky, ke\u010f ju pou\u017e\u00edvate. Aby sme si zapam\u00e4tali va\u0161e preferencie, mus\u00edme nastavi\u0165 s\u00fabory cookie, aby bolo mo\u017en\u00e9 tieto inform\u00e1cie vyvola\u0165 pri ka\u017edej interakcii so str\u00e1nkou, ktor\u00e1 je ovplyvnen\u00e1 va\u0161imi preferenciami.<\/li>\n<\/ul>\n\n\n\n<h2 class=\"wp-block-heading\">S\u00fabory cookie tret\u00edch str\u00e1n<\/h2>\n\n\n\n<p>V niektor\u00fdch \u0161peci\u00e1lnych pr\u00edpadoch pou\u017e\u00edvame aj s\u00fabory cookie poskytovan\u00e9 d\u00f4veryhodn\u00fdmi tret\u00edmi stranami. Nasleduj\u00faca \u010das\u0165 podrobne uv\u00e1dza, s ak\u00fdmi s\u00fabormi cookie tret\u00edch str\u00e1n sa m\u00f4\u017eete stretn\u00fa\u0165 prostredn\u00edctvom tejto str\u00e1nky.<\/p>\n\n\n\n<ul>\n<li>T\u00e1to str\u00e1nka pou\u017e\u00edva\u00a0<a href=\"https:\/\/analytics.google.com\/analytics\/web\/#\/p419479084\/reports\/intelligenthome\"><em>Google Analytics<\/em><\/a>, ktor\u00e1 je jedn\u00fdm z najroz\u0161\u00edrenej\u0161\u00edch a najd\u00f4veryhodnej\u0161\u00edch rie\u0161en\u00ed webovej anal\u00fdzy, aby n\u00e1m pomohla pochopi\u0165, ako pou\u017e\u00edvate str\u00e1nku a ako m\u00f4\u017eeme zlep\u0161i\u0165 va\u0161u sk\u00fasenos\u0165. Tieto s\u00fabory cookie m\u00f4\u017eu sledova\u0165 napr\u00edklad to, ako dlho str\u00e1vite na str\u00e1nke a str\u00e1nky, ktor\u00e9 nav\u0161t\u00edvite, aby sme mohli na\u010falej vytv\u00e1ra\u0165 p\u00fatav\u00fd obsah.<\/li>\n<\/ul>\n\n\n\n<p>Viac inform\u00e1ci\u00ed o s\u00faboroch cookie Google Analytics n\u00e1jdete na ofici\u00e1lnej str\u00e1nke Google Analytics.<\/p>\n\n\n\n<ul>\n<li>Anal\u00fdzy tret\u00edch str\u00e1n sa pou\u017e\u00edvaj\u00fa na sledovanie a meranie pou\u017e\u00edvania tejto str\u00e1nky, aby sme mohli pokra\u010dova\u0165 vo vytv\u00e1ran\u00ed p\u00fatav\u00e9ho obsahu. Tieto s\u00fabory cookie m\u00f4\u017eu sledova\u0165 veci, ako napr\u00edklad \u010das str\u00e1ven\u00fd na str\u00e1nke alebo nav\u0161t\u00edven\u00fdch str\u00e1nkach, \u010do n\u00e1m pom\u00e1ha pochopi\u0165, ako pre v\u00e1s m\u00f4\u017eeme str\u00e1nku vylep\u0161i\u0165.<\/li>\n\n\n\n<li>Pravidelne testujeme nov\u00e9 funkcie a vykon\u00e1vame jemn\u00e9 zmeny v sp\u00f4sobe prezent\u00e1cie str\u00e1nky. Ke\u010f st\u00e1le testujeme nov\u00e9 funkcie, tieto s\u00fabory cookie sa m\u00f4\u017eu pou\u017e\u00edva\u0165 na zabezpe\u010denie konzistentn\u00e9ho z\u00e1\u017eitku na str\u00e1nke, pri\u010dom vieme, ktor\u00e9 optimaliz\u00e1cie sa na\u0161im pou\u017e\u00edvate\u013eom p\u00e1\u010dia najviac.<\/li>\n\n\n\n<li>Pri predaji produktov je pre n\u00e1s d\u00f4le\u017eit\u00e9 porozumie\u0165 \u0161tatistik\u00e1m o tom, ko\u013eko n\u00e1v\u0161tevn\u00edkov na\u0161ej str\u00e1nky skuto\u010dne nakupuje, preto tieto s\u00fabory cookie sleduj\u00fa tento typ \u00fadajov. Je to pre v\u00e1s d\u00f4le\u017eit\u00e9, preto\u017ee to znamen\u00e1, \u017ee m\u00f4\u017eeme presne robi\u0165 obchodn\u00e9 predpovede, ktor\u00e9 n\u00e1m umo\u017e\u0148uj\u00fa analyzova\u0165 na\u0161e n\u00e1klady na reklamu a produkty, aby sme zaistili najlep\u0161iu mo\u017en\u00fa cenu.<\/li>\n<\/ul>\n\n\n\n<h2 class=\"wp-block-heading\">Zapojenie pou\u017e\u00edvate\u013eov<\/h2>\n\n\n\n<p>Pou\u017e\u00edvate\u013e s\u00fahlas\u00ed s primeran\u00fdm pou\u017e\u00edvan\u00edm obsahu a inform\u00e1ci\u00ed, ktor\u00e9 Rosstyleproof poskytuje na str\u00e1nke, vr\u00e1tane, ale nie v\u00fdlu\u010dne:<\/p>\n\n\n\n<ul>\n<li>A) nez\u00fa\u010dast\u0148ova\u0165 sa na nez\u00e1konn\u00fdch \u010dinnostiach alebo \u010dinnostiach, ktor\u00e9 s\u00fa v rozpore s dobrou vierou a verejn\u00fdm poriadkom;<\/li>\n\n\n\n<li>B) Ne\u0161\u00edrte propagandu alebo obsah rasistickej, xenof\u00f3bnej, hazardnej alebo st\u00e1vkovej povahy, nez\u00e1konn\u00fa pornografiu, ospravedlnenie za terorizmus alebo proti \u013eudsk\u00fdm pr\u00e1vam;<\/li>\n\n\n\n<li>C) Nesp\u00f4sobova\u0165 \u0161kody na fyzick\u00fdch (hardv\u00e9rov\u00fdch) a logick\u00fdch (softv\u00e9rov\u00fdch) syst\u00e9moch spolo\u010dnosti Rosstylepro, jej dod\u00e1vate\u013eov alebo tret\u00edch str\u00e1n, ani zav\u00e1dza\u0165 alebo roz\u0161irova\u0165 po\u010d\u00edta\u010dov\u00e9 v\u00edrusy alebo in\u00e9 hardv\u00e9rov\u00e9 alebo softv\u00e9rov\u00e9 syst\u00e9my, ktor\u00e9 m\u00f4\u017eu sp\u00f4sobi\u0165 vy\u0161\u0161ie uveden\u00e9 \u0161kody.<\/li>\n<\/ul>\n\n\n\n<h2 class=\"wp-block-heading\">Blokovanie cookies:<\/h2>\n\n\n\n<p>S\u00fabory cookie m\u00f4\u017eete kedyko\u013evek zablokova\u0165 a\/alebo zak\u00e1za\u0165 z ktorejko\u013evek str\u00e1nky, vr\u00e1tane na\u0161ej. Ak chcete vykona\u0165 tento postup, prejdite do nastaven\u00ed prehliada\u010da. Ni\u017e\u0161ie n\u00e1jdete pomocn\u00e9 pr\u00edru\u010dky pre hlavn\u00e9 prehliada\u010de:<\/p>\n\n\n\n<ul>\n<li><a href=\"https:\/\/support.google.com\/accounts\/answer\/61416?hl=en\"><em>Google Chrome<\/em><\/a><\/li>\n\n\n\n<li><a href=\"https:\/\/support.mozilla.org\/en-US\/kb\/enhanced-tracking-protection-firefox-desktop?redirectlocale=en-US&amp;redirectslug=enable-and-disable-cookies-website-preferences\"><em>Firefox<\/em><\/a><\/li>\n\n\n\n<li><a href=\"https:\/\/support.microsoft.com\/pt-br\/windows\/excluir-e-gerenciar-cookies-168dab11-0753-043d-7c16-ede5947fc64d\"><em>Microsoft Edge<\/em><\/a><\/li>\n\n\n\n<li><a href=\"https:\/\/blogs.opera.com\/news\/2015\/08\/how-to-manage-cookies-in-opera\/\"><em>Opera<\/em><\/a><\/li>\n\n\n\n<li><a href=\"https:\/\/support.apple.com\/pt-br\/guide\/safari\/sfri11471\/mac\"><em>Safari<\/em><\/a><\/li>\n<\/ul>\n\n\n\n<h2 class=\"wp-block-heading\">Viac inform\u00e1ci\u00ed<\/h2>\n\n\n\n<p>D\u00fafajme, \u017ee to rozpt\u00fdli va\u0161e pochybnosti a ako u\u017e bolo spomenut\u00e9, ak si nie ste ist\u00fd, \u010di potrebujete alebo nie, zvy\u010dajne je bezpe\u010dnej\u0161ie ponecha\u0165 s\u00fabory cookie povolen\u00e9 pre pr\u00edpad, \u017ee by ste interagovali s niektorou z funkci\u00ed, ktor\u00e9 pou\u017e\u00edvate na na\u0161ej str\u00e1nke.<\/p>\n\n\n\n<p>Tieto pravidl\u00e1 s\u00fa \u00fa\u010dinn\u00e9 od apr\u00edla 2024.<\/p>","protected":false},"excerpt":{"rendered":"<p>Va\u0161e s\u00fakromie je pre n\u00e1s d\u00f4le\u017eit\u00e9. V spolo\u010dnosti Rosstylepro m\u00e1me politiku re\u0161pektovania v\u00e1\u0161ho s\u00fakromia v s\u00favislosti s ak\u00fdmiko\u013evek inform\u00e1ciami, ktor\u00e9 m\u00f4\u017eeme zhroma\u017edi\u0165 na str\u00e1nke Rosstylepro a na in\u00fdch str\u00e1nkach, ktor\u00e9 vlastn\u00edme a prev\u00e1dzkujeme. Osobn\u00e9 \u00fadaje \u017eiadame len vtedy, ke\u010f ich skuto\u010dne potrebujeme na to, aby sme v\u00e1m mohli poskytn\u00fa\u0165 slu\u017ebu. Rob\u00edme to spravodlivo a leg\u00e1lne, s va\u0161imi [\u2026]<\/p>","protected":false},"author":38,"featured_media":0,"parent":0,"menu_order":0,"comment_status":"closed","ping_status":"closed","template":"page-nosidebar.php","meta":{"footnotes":""},"yoast_head":"<!-- This site is optimized with the Yoast SEO plugin v23.3 - https:\/\/yoast.com\/wordpress\/plugins\/seo\/ -->\n<title>Pol\u00edtica de privacidad<\/title>\n<meta name=\"description\" content=\"Pol\u00edtica de privacidad, Tu privacidad es importante para nosotros. En Rosstylepro tenemos la pol\u00edtica de respetar tu privacidad en re...\" \/>\n<meta name=\"robots\" content=\"index, follow, max-snippet:-1, max-image-preview:large, max-video-preview:-1\" \/>\n<link rel=\"canonical\" href=\"https:\/\/rosstylepro.com\/sk\/politica-de-privacidad\/\" \/>\n<meta property=\"og:locale\" content=\"sk_SK\" \/>\n<meta property=\"og:type\" content=\"article\" \/>\n<meta property=\"og:title\" content=\"Pol\u00edtica de privacidad\" \/>\n<meta property=\"og:description\" content=\"Pol\u00edtica de privacidad, Tu privacidad es importante para nosotros. En Rosstylepro tenemos la pol\u00edtica de respetar tu privacidad en re...\" \/>\n<meta property=\"og:url\" content=\"https:\/\/rosstylepro.com\/sk\/politica-de-privacidad\/\" \/>\n<meta property=\"og:site_name\" content=\"RosstylePRO\" \/>\n<meta property=\"article:modified_time\" content=\"2025-01-17T16:25:36+00:00\" \/>\n<meta name=\"twitter:card\" content=\"summary_large_image\" \/>\n<meta name=\"twitter:label1\" content=\"Est. reading time\" \/>\n\t<meta name=\"twitter:data1\" content=\"8 min\u00fat\" \/>\n<script type=\"application\/ld+json\" class=\"yoast-schema-graph\">{\"@context\":\"https:\/\/schema.org\",\"@graph\":[{\"@type\":\"WebPage\",\"@id\":\"https:\/\/rosstylepro.com\/politica-de-privacidad\/\",\"url\":\"https:\/\/rosstylepro.com\/politica-de-privacidad\/\",\"name\":\"Pol\u00edtica de privacidad\",\"isPartOf\":{\"@id\":\"https:\/\/rosstylepro.com\/en\/#website\"},\"datePublished\":\"2024-05-02T15:17:37+00:00\",\"dateModified\":\"2025-01-17T16:25:36+00:00\",\"description\":\"Pol\u00edtica de privacidad, Tu privacidad es importante para nosotros. En Rosstylepro tenemos la pol\u00edtica de respetar tu privacidad en re...\",\"breadcrumb\":{\"@id\":\"https:\/\/rosstylepro.com\/politica-de-privacidad\/#breadcrumb\"},\"inLanguage\":\"sk-SK\",\"potentialAction\":[{\"@type\":\"ReadAction\",\"target\":[\"https:\/\/rosstylepro.com\/politica-de-privacidad\/\"]}]},{\"@type\":\"BreadcrumbList\",\"@id\":\"https:\/\/rosstylepro.com\/politica-de-privacidad\/#breadcrumb\",\"itemListElement\":[{\"@type\":\"ListItem\",\"position\":1,\"name\":\"Home\",\"item\":\"https:\/\/rosstylepro.com\/\"},{\"@type\":\"ListItem\",\"position\":2,\"name\":\"Pol\u00edtica de privacidad\"}]},{\"@type\":\"WebSite\",\"@id\":\"https:\/\/rosstylepro.com\/en\/#website\",\"url\":\"https:\/\/rosstylepro.com\/en\/\",\"name\":\"RosstylePRO\",\"description\":\"\",\"potentialAction\":[{\"@type\":\"SearchAction\",\"target\":{\"@type\":\"EntryPoint\",\"urlTemplate\":\"https:\/\/rosstylepro.com\/en\/?s={search_term_string}\"},\"query-input\":\"required name=search_term_string\"}],\"inLanguage\":\"sk-SK\"}]}<\/script>\n<!-- \/ Yoast SEO plugin. -->","yoast_head_json":{"title":"Pol\u00edtica de privacidad","description":"Pol\u00edtica de privacidad, Tu privacidad es importante para nosotros. En Rosstylepro tenemos la pol\u00edtica de respetar tu privacidad en re...","robots":{"index":"index","follow":"follow","max-snippet":"max-snippet:-1","max-image-preview":"max-image-preview:large","max-video-preview":"max-video-preview:-1"},"canonical":"https:\/\/rosstylepro.com\/sk\/politica-de-privacidad\/","og_locale":"sk_SK","og_type":"article","og_title":"Pol\u00edtica de privacidad","og_description":"Pol\u00edtica de privacidad, Tu privacidad es importante para nosotros. En Rosstylepro tenemos la pol\u00edtica de respetar tu privacidad en re...","og_url":"https:\/\/rosstylepro.com\/sk\/politica-de-privacidad\/","og_site_name":"RosstylePRO","article_modified_time":"2025-01-17T16:25:36+00:00","twitter_card":"summary_large_image","twitter_misc":{"Est. reading time":"8 min\u00fat"},"schema":{"@context":"https:\/\/schema.org","@graph":[{"@type":"WebPage","@id":"https:\/\/rosstylepro.com\/politica-de-privacidad\/","url":"https:\/\/rosstylepro.com\/politica-de-privacidad\/","name":"Pol\u00edtica de privacidad","isPartOf":{"@id":"https:\/\/rosstylepro.com\/en\/#website"},"datePublished":"2024-05-02T15:17:37+00:00","dateModified":"2025-01-17T16:25:36+00:00","description":"Pol\u00edtica de privacidad, Tu privacidad es importante para nosotros. En Rosstylepro tenemos la pol\u00edtica de respetar tu privacidad en re...","breadcrumb":{"@id":"https:\/\/rosstylepro.com\/politica-de-privacidad\/#breadcrumb"},"inLanguage":"sk-SK","potentialAction":[{"@type":"ReadAction","target":["https:\/\/rosstylepro.com\/politica-de-privacidad\/"]}]},{"@type":"BreadcrumbList","@id":"https:\/\/rosstylepro.com\/politica-de-privacidad\/#breadcrumb","itemListElement":[{"@type":"ListItem","position":1,"name":"Home","item":"https:\/\/rosstylepro.com\/"},{"@type":"ListItem","position":2,"name":"Pol\u00edtica de privacidad"}]},{"@type":"WebSite","@id":"https:\/\/rosstylepro.com\/en\/#website","url":"https:\/\/rosstylepro.com\/en\/","name":"RosstylePRO","description":"","potentialAction":[{"@type":"SearchAction","target":{"@type":"EntryPoint","urlTemplate":"https:\/\/rosstylepro.com\/en\/?s={search_term_string}"},"query-input":"required name=search_term_string"}],"inLanguage":"sk-SK"}]}},"_links":{"self":[{"href":"https:\/\/rosstylepro.com\/sk\/wp-json\/wp\/v2\/pages\/66"}],"collection":[{"href":"https:\/\/rosstylepro.com\/sk\/wp-json\/wp\/v2\/pages"}],"about":[{"href":"https:\/\/rosstylepro.com\/sk\/wp-json\/wp\/v2\/types\/page"}],"author":[{"embeddable":true,"href":"https:\/\/rosstylepro.com\/sk\/wp-json\/wp\/v2\/users\/38"}],"replies":[{"embeddable":true,"href":"https:\/\/rosstylepro.com\/sk\/wp-json\/wp\/v2\/comments?post=66"}],"version-history":[{"count":1,"href":"https:\/\/rosstylepro.com\/sk\/wp-json\/wp\/v2\/pages\/66\/revisions"}],"predecessor-version":[{"id":1563,"href":"https:\/\/rosstylepro.com\/sk\/wp-json\/wp\/v2\/pages\/66\/revisions\/1563"}],"wp:attachment":[{"href":"https:\/\/rosstylepro.com\/sk\/wp-json\/wp\/v2\/media?parent=66"}],"curies":[{"name":"wp","href":"https:\/\/api.w.org\/{rel}","templated":true}]}}