{"id":69,"date":"2024-05-02T12:20:15","date_gmt":"2024-05-02T15:20:15","guid":{"rendered":"https:\/\/rosstylepro.com\/?page_id=69"},"modified":"2025-01-17T16:25:36","modified_gmt":"2025-01-17T16:25:36","slug":"politica-de-cookies","status":"publish","type":"page","link":"https:\/\/rosstylepro.com\/sk\/politica-de-cookies\/","title":{"rendered":"Z\u00e1sady pou\u017e\u00edvania s\u00faborov cookie"},"content":{"rendered":"<p>Rosstylepro pou\u017e\u00edva na svojej webovej str\u00e1nke rosstylepro.com s\u00fabory cookie. Prijat\u00edm na\u0161ich Z\u00e1sad pou\u017e\u00edvania s\u00faborov cookie s\u00fahlas\u00edte s pou\u017e\u00edvan\u00edm s\u00faborov cookie v s\u00falade s t\u00fdmito z\u00e1sadami. Ak nes\u00fahlas\u00edte s pou\u017e\u00edvan\u00edm cookies, odpor\u00fa\u010dame v\u00e1m upravi\u0165 nastavenia prehliada\u010da alebo presta\u0165 pou\u017e\u00edva\u0165 na\u0161u str\u00e1nku.<\/p>\n\n\n\n<h2 class=\"wp-block-heading\">\u010co s\u00fa cookies?<\/h2>\n\n\n\n<p>Cookies s\u00fa mal\u00e9 textov\u00e9 s\u00fabory, ktor\u00e9 webov\u00e1 lokalita uklad\u00e1 do v\u00e1\u0161ho zariadenia, ke\u010f ju nav\u0161t\u00edvite. Tieto s\u00fabory obsahuj\u00fa inform\u00e1cie, ktor\u00e9 m\u00f4\u017ee webov\u00e1 lokalita z\u00edska\u0165 na r\u00f4zne \u00fa\u010dely, ako je napr\u00edklad zapam\u00e4tanie si jazykov\u00fdch preferenci\u00ed, optimaliz\u00e1cia v\u00e1\u0161ho prehliadania a zhroma\u017e\u010fovanie inform\u00e1ci\u00ed o pou\u017e\u00edvan\u00ed lokality.<\/p>\n\n\n\n<h2 class=\"wp-block-heading\">Typy pou\u017e\u00edvan\u00fdch cookies<\/h2>\n\n\n\n<h3 class=\"wp-block-heading\">Nevyhnutn\u00e9 s\u00fabory cookie<\/h3>\n\n\n\n<p>Tieto s\u00fabory cookie s\u00fa nevyhnutn\u00e9 pre fungovanie webovej str\u00e1nky a nemo\u017eno ich v na\u0161ich syst\u00e9moch deaktivova\u0165. Zvy\u010dajne sa nastavuj\u00fa iba v reakcii na vami vykonan\u00e9 akcie, ktor\u00e9 predstavuj\u00fa po\u017eiadavku na slu\u017eby, ako je nastavenie va\u0161ich preferenci\u00ed ochrany osobn\u00fdch \u00fadajov, prihl\u00e1senie alebo vyplnenie formul\u00e1rov.<\/p>\n\n\n\n<h3 class=\"wp-block-heading\">V\u00fdkonnostn\u00e9 cookies<\/h3>\n\n\n\n<p>Tieto s\u00fabory cookie n\u00e1m pom\u00e1haj\u00fa pochopi\u0165, ako n\u00e1v\u0161tevn\u00edci interaguj\u00fa s na\u0161ou webovou str\u00e1nkou t\u00fdm, \u017ee poskytuj\u00fa inform\u00e1cie o nav\u0161t\u00edven\u00fdch oblastiach, \u010dase str\u00e1venom na str\u00e1nke a ak\u00fdchko\u013evek probl\u00e9moch, ktor\u00e9 sa vyskytli, ako s\u00fa napr\u00edklad chybov\u00e9 hl\u00e1senia. Pom\u00f4\u017ee n\u00e1m to zlep\u0161i\u0165 v\u00fdkonnos\u0165 str\u00e1nky a zlep\u0161i\u0165 va\u0161u pou\u017e\u00edvate\u013esk\u00fa sk\u00fasenos\u0165.<\/p>\n\n\n\n<h3 class=\"wp-block-heading\">Funk\u010dn\u00e9 cookies<\/h3>\n\n\n\n<p>Tieto s\u00fabory cookie umo\u017e\u0148uj\u00fa webovej str\u00e1nke zapam\u00e4ta\u0165 si va\u0161e vo\u013eby, ako je va\u0161e pou\u017e\u00edvate\u013esk\u00e9 meno, jazyk alebo regi\u00f3n, a poskytuj\u00fa vylep\u0161en\u00e9 a prisp\u00f4sobenej\u0161ie funkcie. M\u00f4\u017eu by\u0165 tie\u017e pou\u017eit\u00e9 na poskytovanie po\u017eadovan\u00fdch slu\u017eieb, ako je sledovanie videa alebo komentovanie na blogu.<\/p>\n\n\n\n<h3 class=\"wp-block-heading\">Reklamn\u00e9 s\u00fabory cookie<\/h3>\n\n\n\n<p>Tieto s\u00fabory cookie sa pou\u017e\u00edvaj\u00fa na poskytovanie rekl\u00e1m relevantnej\u0161\u00edch pre v\u00e1s a va\u0161e z\u00e1ujmy. Pou\u017e\u00edvaj\u00fa sa tie\u017e na obmedzenie po\u010dtu zobrazen\u00ed reklamy a pom\u00e1haj\u00fa mera\u0165 efektivitu reklamn\u00fdch kampan\u00ed.<\/p>\n\n\n\n<h2 class=\"wp-block-heading\">Spr\u00e1va s\u00faborov cookie<\/h2>\n\n\n\n<p>Ke\u010f prv\u00fdkr\u00e1t vst\u00fapite na na\u0161u webov\u00fa str\u00e1nku, budete informovan\u00ed o pou\u017e\u00edvan\u00ed cookies a m\u00e1te mo\u017enos\u0165 s\u00fahlasi\u0165 s ich pou\u017e\u00edvan\u00edm. S\u00fabory cookie m\u00f4\u017eete ovl\u00e1da\u0165 a spravova\u0165 aj v nastaveniach prehliada\u010da. Upozor\u0148ujeme, \u017ee zak\u00e1zanie ur\u010dit\u00fdch typov s\u00faborov cookie m\u00f4\u017ee ovplyvni\u0165 funk\u010dnos\u0165 webovej str\u00e1nky a va\u0161u pou\u017e\u00edvate\u013esk\u00fa sk\u00fasenos\u0165.<\/p>\n\n\n\n<h2 class=\"wp-block-heading\">Zmeny t\u00fdchto z\u00e1sad<\/h2>\n\n\n\n<p>Tieto z\u00e1sady pou\u017e\u00edvania s\u00faborov cookie m\u00f4\u017eeme pravidelne aktualizova\u0165, aby odr\u00e1\u017eali zmeny v na\u0161ich postupoch pou\u017e\u00edvania s\u00faborov cookie. Odpor\u00fa\u010dame v\u00e1m pravidelne kontrolova\u0165 tieto z\u00e1sady, aby ste boli informovan\u00ed o ak\u00fdchko\u013evek zmen\u00e1ch.<\/p>\n\n\n\n<p>Pokra\u010dovan\u00edm v pou\u017e\u00edvan\u00ed na\u0161ej webovej str\u00e1nky po t\u00fdchto zmen\u00e1ch s\u00fahlas\u00edte s pou\u017e\u00edvan\u00edm cookies v s\u00falade s revidovan\u00fdmi z\u00e1sadami.<\/p>\n\n\n\n<h2 class=\"wp-block-heading\">Kontaktova\u0165<\/h2>\n\n\n\n<p>Ak m\u00e1te ak\u00e9ko\u013evek ot\u00e1zky t\u00fdkaj\u00face sa na\u0161ich z\u00e1sad pou\u017e\u00edvania s\u00faborov cookie alebo pou\u017e\u00edvania s\u00faborov cookie na na\u0161ej webovej str\u00e1nke, kontaktujte n\u00e1s prostredn\u00edctvom e-mailu:\u00a0<a>contacto@rosstylepro.com<\/a>.<\/p>","protected":false},"excerpt":{"rendered":"<p>Spolo\u010dnos\u0165 Rosstylepro pou\u017e\u00edva na svojej webovej str\u00e1nke rosstylepro.com s\u00fabory cookie. Prijat\u00edm na\u0161ich Z\u00e1sad pou\u017e\u00edvania s\u00faborov cookie s\u00fahlas\u00edte s pou\u017e\u00edvan\u00edm s\u00faborov cookie v s\u00falade s t\u00fdmito z\u00e1sadami. Ak s pou\u017e\u00edvan\u00edm s\u00faborov cookie nes\u00fahlas\u00edte, odpor\u00fa\u010dame v\u00e1m upravi\u0165 nastavenia prehliada\u010da alebo presta\u0165 pou\u017e\u00edva\u0165 na\u0161u webov\u00fa str\u00e1nku. \u010co s\u00fa [\u2026]<\/p>","protected":false},"author":38,"featured_media":0,"parent":0,"menu_order":0,"comment_status":"closed","ping_status":"closed","template":"page-nosidebar.php","meta":{"footnotes":""},"yoast_head":"<!-- This site is optimized with the Yoast SEO plugin v23.3 - https:\/\/yoast.com\/wordpress\/plugins\/seo\/ -->\n<title>Pol\u00edtica de Cookies<\/title>\n<meta name=\"description\" content=\"Pol\u00edtica de Cookies, Rosstylepro utiliza cookies en su sitio web rosstylepro.com. Al aceptar nuestra Pol\u00edtica de Cookies, usted acepta el ...\" \/>\n<meta name=\"robots\" content=\"index, follow, max-snippet:-1, max-image-preview:large, max-video-preview:-1\" \/>\n<link rel=\"canonical\" href=\"https:\/\/rosstylepro.com\/sk\/politica-de-cookies\/\" \/>\n<meta property=\"og:locale\" content=\"sk_SK\" \/>\n<meta property=\"og:type\" content=\"article\" \/>\n<meta property=\"og:title\" content=\"Pol\u00edtica de Cookies\" \/>\n<meta property=\"og:description\" content=\"Pol\u00edtica de Cookies, Rosstylepro utiliza cookies en su sitio web rosstylepro.com. Al aceptar nuestra Pol\u00edtica de Cookies, usted acepta el ...\" \/>\n<meta property=\"og:url\" content=\"https:\/\/rosstylepro.com\/sk\/politica-de-cookies\/\" \/>\n<meta property=\"og:site_name\" content=\"RosstylePRO\" \/>\n<meta property=\"article:modified_time\" content=\"2025-01-17T16:25:36+00:00\" \/>\n<meta name=\"twitter:card\" content=\"summary_large_image\" \/>\n<meta name=\"twitter:label1\" content=\"Est. reading time\" \/>\n\t<meta name=\"twitter:data1\" content=\"3 min\u00faty\" \/>\n<script type=\"application\/ld+json\" class=\"yoast-schema-graph\">{\"@context\":\"https:\/\/schema.org\",\"@graph\":[{\"@type\":\"WebPage\",\"@id\":\"https:\/\/rosstylepro.com\/politica-de-cookies\/\",\"url\":\"https:\/\/rosstylepro.com\/politica-de-cookies\/\",\"name\":\"Pol\u00edtica de Cookies\",\"isPartOf\":{\"@id\":\"https:\/\/rosstylepro.com\/en\/#website\"},\"datePublished\":\"2024-05-02T15:20:15+00:00\",\"dateModified\":\"2025-01-17T16:25:36+00:00\",\"description\":\"Pol\u00edtica de Cookies, Rosstylepro utiliza cookies en su sitio web rosstylepro.com. Al aceptar nuestra Pol\u00edtica de Cookies, usted acepta el ...\",\"breadcrumb\":{\"@id\":\"https:\/\/rosstylepro.com\/politica-de-cookies\/#breadcrumb\"},\"inLanguage\":\"sk-SK\",\"potentialAction\":[{\"@type\":\"ReadAction\",\"target\":[\"https:\/\/rosstylepro.com\/politica-de-cookies\/\"]}]},{\"@type\":\"BreadcrumbList\",\"@id\":\"https:\/\/rosstylepro.com\/politica-de-cookies\/#breadcrumb\",\"itemListElement\":[{\"@type\":\"ListItem\",\"position\":1,\"name\":\"Home\",\"item\":\"https:\/\/rosstylepro.com\/\"},{\"@type\":\"ListItem\",\"position\":2,\"name\":\"Pol\u00edtica de Cookies\"}]},{\"@type\":\"WebSite\",\"@id\":\"https:\/\/rosstylepro.com\/en\/#website\",\"url\":\"https:\/\/rosstylepro.com\/en\/\",\"name\":\"RosstylePRO\",\"description\":\"\",\"potentialAction\":[{\"@type\":\"SearchAction\",\"target\":{\"@type\":\"EntryPoint\",\"urlTemplate\":\"https:\/\/rosstylepro.com\/en\/?s={search_term_string}\"},\"query-input\":\"required name=search_term_string\"}],\"inLanguage\":\"sk-SK\"}]}<\/script>\n<!-- \/ Yoast SEO plugin. -->","yoast_head_json":{"title":"Pol\u00edtica de Cookies","description":"Pol\u00edtica de Cookies, Rosstylepro utiliza cookies en su sitio web rosstylepro.com. Al aceptar nuestra Pol\u00edtica de Cookies, usted acepta el ...","robots":{"index":"index","follow":"follow","max-snippet":"max-snippet:-1","max-image-preview":"max-image-preview:large","max-video-preview":"max-video-preview:-1"},"canonical":"https:\/\/rosstylepro.com\/sk\/politica-de-cookies\/","og_locale":"sk_SK","og_type":"article","og_title":"Pol\u00edtica de Cookies","og_description":"Pol\u00edtica de Cookies, Rosstylepro utiliza cookies en su sitio web rosstylepro.com. Al aceptar nuestra Pol\u00edtica de Cookies, usted acepta el ...","og_url":"https:\/\/rosstylepro.com\/sk\/politica-de-cookies\/","og_site_name":"RosstylePRO","article_modified_time":"2025-01-17T16:25:36+00:00","twitter_card":"summary_large_image","twitter_misc":{"Est. reading time":"3 min\u00faty"},"schema":{"@context":"https:\/\/schema.org","@graph":[{"@type":"WebPage","@id":"https:\/\/rosstylepro.com\/politica-de-cookies\/","url":"https:\/\/rosstylepro.com\/politica-de-cookies\/","name":"Pol\u00edtica de Cookies","isPartOf":{"@id":"https:\/\/rosstylepro.com\/en\/#website"},"datePublished":"2024-05-02T15:20:15+00:00","dateModified":"2025-01-17T16:25:36+00:00","description":"Pol\u00edtica de Cookies, Rosstylepro utiliza cookies en su sitio web rosstylepro.com. Al aceptar nuestra Pol\u00edtica de Cookies, usted acepta el ...","breadcrumb":{"@id":"https:\/\/rosstylepro.com\/politica-de-cookies\/#breadcrumb"},"inLanguage":"sk-SK","potentialAction":[{"@type":"ReadAction","target":["https:\/\/rosstylepro.com\/politica-de-cookies\/"]}]},{"@type":"BreadcrumbList","@id":"https:\/\/rosstylepro.com\/politica-de-cookies\/#breadcrumb","itemListElement":[{"@type":"ListItem","position":1,"name":"Home","item":"https:\/\/rosstylepro.com\/"},{"@type":"ListItem","position":2,"name":"Pol\u00edtica de Cookies"}]},{"@type":"WebSite","@id":"https:\/\/rosstylepro.com\/en\/#website","url":"https:\/\/rosstylepro.com\/en\/","name":"RosstylePRO","description":"","potentialAction":[{"@type":"SearchAction","target":{"@type":"EntryPoint","urlTemplate":"https:\/\/rosstylepro.com\/en\/?s={search_term_string}"},"query-input":"required name=search_term_string"}],"inLanguage":"sk-SK"}]}},"_links":{"self":[{"href":"https:\/\/rosstylepro.com\/sk\/wp-json\/wp\/v2\/pages\/69"}],"collection":[{"href":"https:\/\/rosstylepro.com\/sk\/wp-json\/wp\/v2\/pages"}],"about":[{"href":"https:\/\/rosstylepro.com\/sk\/wp-json\/wp\/v2\/types\/page"}],"author":[{"embeddable":true,"href":"https:\/\/rosstylepro.com\/sk\/wp-json\/wp\/v2\/users\/38"}],"replies":[{"embeddable":true,"href":"https:\/\/rosstylepro.com\/sk\/wp-json\/wp\/v2\/comments?post=69"}],"version-history":[{"count":1,"href":"https:\/\/rosstylepro.com\/sk\/wp-json\/wp\/v2\/pages\/69\/revisions"}],"predecessor-version":[{"id":1562,"href":"https:\/\/rosstylepro.com\/sk\/wp-json\/wp\/v2\/pages\/69\/revisions\/1562"}],"wp:attachment":[{"href":"https:\/\/rosstylepro.com\/sk\/wp-json\/wp\/v2\/media?parent=69"}],"curies":[{"name":"wp","href":"https:\/\/api.w.org\/{rel}","templated":true}]}}